{"id":9965,"date":"2024-07-03T10:43:14","date_gmt":"2024-07-03T08:43:14","guid":{"rendered":"https:\/\/zsp1chojna.pl\/?page_id=9965"},"modified":"2025-10-21T10:06:05","modified_gmt":"2025-10-21T08:06:05","slug":"turnusy-doksztalcania-zawodowego-mlodocianych-pracownikow","status":"publish","type":"page","link":"https:\/\/zsp1chojna.pl\/?page_id=9965","title":{"rendered":"Turnusy dokszta\u0142cania zawodowego m\u0142odocianych pracownik\u00f3w"},"content":{"rendered":"\n<p class=\"has-text-align-justify\">Uczniowie Bran\u017cowej Szko\u0142y I stopnia b\u0119d\u0105cy m\u0142odocianymi pracownikami realizuj\u0105 teoretyczn\u0105 nauk\u0119 zawodu na turnusach dokszta\u0142cania zawodowego. Turnusy odbywaj\u0105 si\u0119 raz w roku, przez cztery tygodnie, w dni robocze, w innych szko\u0142ach prowadz\u0105cych turnusy. <\/p>\n\n\n\n<p class=\"has-text-align-justify\">Harmonogram turnus\u00f3w dla wszystkich zawod\u00f3w na rok szkolny&nbsp; znajduje si\u0119 na stronie www szko\u0142y, w zak\u0142adce praktyczna nauka zawodu oraz u wychowawcy klasy. W&nbsp;harmonogramie mo\u017cna sprawdzi\u0107 kiedy i w kt\u00f3rym Centrum Kszta\u0142cenia Zawodowego odbywa si\u0119 &nbsp;dokszta\u0142canie teoretyczne dla danego zawodu.<\/p>\n\n\n\n<p class=\"has-text-align-justify\">Turnus dokszta\u0142cania teoretycznego zawodowego jest obowi\u0105zkowy i ma wp\u0142yw na promocj\u0119 do nast\u0119pnej klasy. Na turnusie realizowanych jest od 4. do 5. przedmiot\u00f3w. Po uko\u0144czeniu turnusu ucze\u0144 otrzymuje za\u015bwiadczenie w dw\u00f3ch egzemplarzach, z kt\u00f3rych jeden jest dla wychowawcy, a drugi dla pracodawcy. Oceny z przedmiot\u00f3w otrzymane na &nbsp;turnusie s\u0105 brane pod uwag\u0119 w klasyfikacji \u015br\u00f3drocznej\/rocznej i s\u0105 &nbsp;wpisywane na \u015bwiadectwie. W trakcie kszta\u0142cenia na turnusie istnieje mo\u017cliwo\u015b\u0107 skorzystania z zakwaterowania w internacie funkcjonuj\u0105cym przy szkole, w kt\u00f3rej realizowany b\u0119dzie turnus. <\/p>\n\n\n\n<p class=\"has-text-align-justify\">Dwa tygodnie przed rozpocz\u0119ciem turnusu dokszta\u0142cania zawodowego, ucze\u0144 otrzyma skierowanie na turnus oraz do internatu. Szczeg\u00f3\u0142y dotycz\u0105ce kszta\u0142cenia teoretycznego na turnusie oraz pobytu w internacie b\u0119d\u0105 przekazywane uczniom przez kierownika szkolenia praktycznego na bie\u017c\u0105co i &nbsp;przed ka\u017cdym turnusem.<\/p>\n\n\n<style>.kt-accordion-id9965_4f1473-0c .kt-accordion-panel-inner{border-top:0px solid transparent;border-right:1px solid transparent;border-bottom:1px solid transparent;border-left:1px solid transparent;background:rgba(171,184,195,0.2);padding-top:var(--global-kb-spacing-sm, 1.5rem);padding-right:var(--global-kb-spacing-sm, 1.5rem);padding-bottom:var(--global-kb-spacing-sm, 1.5rem);padding-left:var(--global-kb-spacing-sm, 1.5rem);}.kt-accordion-id9965_4f1473-0c .wp-block-kadence-pane .kt-accordion-header-wrap .kt-blocks-accordion-header{border-top:1px solid #eeeeee;border-right:1px solid #eeeeee;border-bottom:1px solid #eeeeee;border-left:2px solid #0693e3;border-top-left-radius:0px;border-top-right-radius:0px;border-bottom-right-radius:0px;border-bottom-left-radius:0px;background:rgba(171,184,195,0.22);color:#003b63;padding-top:14px;padding-right:16px;padding-bottom:14px;padding-left:16px;}.kt-accordion-wrap.kt-accordion-id9965_4f1473-0c > .kt-accordion-inner-wrap > .kt-accordion-pane > .kt-accordion-header-wrap{margin-top:10px;}.single-content .wp-block-kadence-pane>h2:first-child,\n\t\t\t.single-content .wp-block-kadence-pane>h3:first-child,\n\t\t\t.single-content .wp-block-kadence-pane>h4:first-child,\n\t\t\t.single-content .wp-block-kadence-pane>h5:first-child,\n\t\t\t.single-content .wp-block-kadence-pane>h6:first-child{margin-top:10px;}.kt-accordion-id9965_4f1473-0c:not( .kt-accodion-icon-style-basiccircle ):not( .kt-accodion-icon-style-xclosecircle ):not( .kt-accodion-icon-style-arrowcircle ) .kt-blocks-accordion-icon-trigger:after, .kt-accordion-id9965_4f1473-0c:not( .kt-accodion-icon-style-basiccircle ):not( .kt-accodion-icon-style-xclosecircle ):not( .kt-accodion-icon-style-arrowcircle ) .kt-blocks-accordion-icon-trigger:before{background:#003b63;}.kt-accordion-id9965_4f1473-0c .kt-accordion-panel-inner a:hover{color:#660033;}.kt-accordion-id9965_4f1473-0c:not( .kt-accodion-icon-style-basic ):not( .kt-accodion-icon-style-xclose ):not( .kt-accodion-icon-style-arrow ) .kt-blocks-accordion-icon-trigger{background:#003b63;}.kt-accordion-id9965_4f1473-0c:not( .kt-accodion-icon-style-basic ):not( .kt-accodion-icon-style-xclose ):not( .kt-accodion-icon-style-arrow ) .kt-blocks-accordion-icon-trigger:after, .kt-accordion-id9965_4f1473-0c:not( .kt-accodion-icon-style-basic ):not( .kt-accodion-icon-style-xclose ):not( .kt-accodion-icon-style-arrow ) .kt-blocks-accordion-icon-trigger:before{background:rgba(171,184,195,0.22);}.kt-accordion-id9965_4f1473-0c .kt-accordion-header-wrap .kt-blocks-accordion-header:hover, body:not(.hide-focus-outline) .kt-accordion-id9965_4f1473-0c .kt-accordion-header-wrap .kt-blocks-accordion-header:focus{color:#003b63;background:#ffffff;border-top-color:#abb8c3;border-top-style:solid;border-right-color:#abb8c3;border-right-style:solid;border-bottom-color:#abb8c3;border-bottom-style:solid;border-left-color:#abb8c3;border-left-style:solid;}.kt-accordion-id9965_4f1473-0c:not( .kt-accodion-icon-style-basiccircle ):not( .kt-accodion-icon-style-xclosecircle ):not( .kt-accodion-icon-style-arrowcircle ) .kt-blocks-accordion-header:hover .kt-blocks-accordion-icon-trigger:after, .kt-accordion-id9965_4f1473-0c:not( .kt-accodion-icon-style-basiccircle ):not( .kt-accodion-icon-style-xclosecircle ):not( .kt-accodion-icon-style-arrowcircle ) .kt-blocks-accordion-header:hover .kt-blocks-accordion-icon-trigger:before, body:not(.hide-focus-outline) .kt-accordion-id9965_4f1473-0c:not( .kt-accodion-icon-style-basiccircle ):not( .kt-accodion-icon-style-xclosecircle ):not( .kt-accodion-icon-style-arrowcircle ) .kt-blocks-accordion-header:focus .kt-blocks-accordion-icon-trigger:after, body:not(.hide-focus-outline) .kt-accordion-id9965_4f1473-0c:not( .kt-accodion-icon-style-basiccircle ):not( .kt-accodion-icon-style-xclosecircle ):not( .kt-accodion-icon-style-arrowcircle ) .kt-blocks-accordion-header:focus .kt-blocks-accordion-icon-trigger:before{background:#003b63;}.kt-accordion-id9965_4f1473-0c:not( .kt-accodion-icon-style-basic ):not( .kt-accodion-icon-style-xclose ):not( .kt-accodion-icon-style-arrow ) .kt-blocks-accordion-header:hover .kt-blocks-accordion-icon-trigger, body:not(.hide-focus-outline) .kt-accordion-id9965_4f1473-0c:not( .kt-accodion-icon-style-basic ):not( .kt-accodion-icon-style-xclose ):not( .kt-accodion-icon-style-arrow ) .kt-blocks-accordion-header:focus .kt-blocks-accordion-icon-trigger{background:#003b63;}.kt-accordion-id9965_4f1473-0c:not( .kt-accodion-icon-style-basic ):not( .kt-accodion-icon-style-xclose ):not( .kt-accodion-icon-style-arrow ) .kt-blocks-accordion-header:hover .kt-blocks-accordion-icon-trigger:after, .kt-accordion-id9965_4f1473-0c:not( .kt-accodion-icon-style-basic ):not( .kt-accodion-icon-style-xclose ):not( .kt-accodion-icon-style-arrow ) .kt-blocks-accordion-header:hover .kt-blocks-accordion-icon-trigger:before, body:not(.hide-focus-outline) .kt-accordion-id9965_4f1473-0c:not( .kt-accodion-icon-style-basic ):not( .kt-accodion-icon-style-xclose ):not( .kt-accodion-icon-style-arrow ) .kt-blocks-accordion-header:focus .kt-blocks-accordion-icon-trigger:after, body:not(.hide-focus-outline) .kt-accordion-id9965_4f1473-0c:not( .kt-accodion-icon-style-basic ):not( .kt-accodion-icon-style-xclose ):not( .kt-accodion-icon-style-arrow ) .kt-blocks-accordion-header:focus .kt-blocks-accordion-icon-trigger:before{background:#ffffff;}.kt-accordion-id9965_4f1473-0c .kt-accordion-header-wrap .kt-blocks-accordion-header.kt-accordion-panel-active{color:#003b63;background:#ffffff;border-top-color:#eeeeee;border-top-style:solid;border-right-color:#eeeeee;border-right-style:solid;border-bottom-color:#eeeeee;border-bottom-style:solid;border-left:4px solid #0e9cd1;}.kt-accordion-id9965_4f1473-0c:not( .kt-accodion-icon-style-basiccircle ):not( .kt-accodion-icon-style-xclosecircle ):not( .kt-accodion-icon-style-arrowcircle ) .kt-blocks-accordion-header.kt-accordion-panel-active .kt-blocks-accordion-icon-trigger:after, .kt-accordion-id9965_4f1473-0c:not( .kt-accodion-icon-style-basiccircle ):not( .kt-accodion-icon-style-xclosecircle ):not( .kt-accodion-icon-style-arrowcircle ) .kt-blocks-accordion-header.kt-accordion-panel-active .kt-blocks-accordion-icon-trigger:before{background:#003b63;}.kt-accordion-id9965_4f1473-0c:not( .kt-accodion-icon-style-basic ):not( .kt-accodion-icon-style-xclose ):not( .kt-accodion-icon-style-arrow ) .kt-blocks-accordion-header.kt-accordion-panel-active .kt-blocks-accordion-icon-trigger{background:#003b63;}.kt-accordion-id9965_4f1473-0c:not( .kt-accodion-icon-style-basic ):not( .kt-accodion-icon-style-xclose ):not( .kt-accodion-icon-style-arrow ) .kt-blocks-accordion-header.kt-accordion-panel-active .kt-blocks-accordion-icon-trigger:after, .kt-accordion-id9965_4f1473-0c:not( .kt-accodion-icon-style-basic ):not( .kt-accodion-icon-style-xclose ):not( .kt-accodion-icon-style-arrow ) .kt-blocks-accordion-header.kt-accordion-panel-active .kt-blocks-accordion-icon-trigger:before{background:#ffffff;}@media all and (max-width: 1024px){.kt-accordion-id9965_4f1473-0c .kt-accordion-panel-inner{border-top:0px solid transparent;border-right:1px solid transparent;border-bottom:1px solid transparent;border-left:1px solid transparent;}}@media all and (max-width: 1024px){.kt-accordion-id9965_4f1473-0c .wp-block-kadence-pane .kt-accordion-header-wrap .kt-blocks-accordion-header{border-top:1px solid #eeeeee;border-right:1px solid #eeeeee;border-bottom:1px solid #eeeeee;border-left:2px solid #0693e3;}}@media all and (max-width: 1024px){.kt-accordion-id9965_4f1473-0c .kt-accordion-header-wrap .kt-blocks-accordion-header:hover, body:not(.hide-focus-outline) .kt-accordion-id9965_4f1473-0c .kt-accordion-header-wrap .kt-blocks-accordion-header:focus{border-top-color:#abb8c3;border-top-style:solid;border-right-color:#abb8c3;border-right-style:solid;border-bottom-color:#abb8c3;border-bottom-style:solid;border-left-color:#abb8c3;border-left-style:solid;}}@media all and (max-width: 1024px){.kt-accordion-id9965_4f1473-0c .kt-accordion-header-wrap .kt-blocks-accordion-header.kt-accordion-panel-active{border-top-color:#eeeeee;border-top-style:solid;border-right-color:#eeeeee;border-right-style:solid;border-bottom-color:#eeeeee;border-bottom-style:solid;border-left:4px solid #0e9cd1;}}@media all and (max-width: 767px){.kt-accordion-id9965_4f1473-0c .kt-accordion-panel-inner{border-top:0px solid transparent;border-right:1px solid transparent;border-bottom:1px solid transparent;border-left:1px solid transparent;}.kt-accordion-id9965_4f1473-0c .wp-block-kadence-pane .kt-accordion-header-wrap .kt-blocks-accordion-header{border-top:1px solid #eeeeee;border-right:1px solid #eeeeee;border-bottom:1px solid #eeeeee;border-left:2px solid #0693e3;}.kt-accordion-id9965_4f1473-0c .kt-accordion-header-wrap .kt-blocks-accordion-header:hover, body:not(.hide-focus-outline) .kt-accordion-id9965_4f1473-0c .kt-accordion-header-wrap .kt-blocks-accordion-header:focus{border-top-color:#abb8c3;border-top-style:solid;border-right-color:#abb8c3;border-right-style:solid;border-bottom-color:#abb8c3;border-bottom-style:solid;border-left-color:#abb8c3;border-left-style:solid;}.kt-accordion-id9965_4f1473-0c .kt-accordion-header-wrap .kt-blocks-accordion-header.kt-accordion-panel-active{border-top-color:#eeeeee;border-top-style:solid;border-right-color:#eeeeee;border-right-style:solid;border-bottom-color:#eeeeee;border-bottom-style:solid;border-left:4px solid #0e9cd1;}}<\/style>\n<div class=\"wp-block-kadence-accordion alignnone\"><div class=\"kt-accordion-wrap kt-accordion-id9965_4f1473-0c kt-accordion-has-3-panes kt-active-pane-0 kt-accordion-block kt-pane-header-alignment-left kt-accodion-icon-style-arrow kt-accodion-icon-side-left\" style=\"max-width:none\"><div class=\"kt-accordion-inner-wrap\" data-allow-multiple-open=\"false\" data-start-open=\"none\">\n<div class=\"wp-block-kadence-pane kt-accordion-pane kt-accordion-pane-2 kt-pane9965_199d71-2e\"><div class=\"kt-accordion-header-wrap\"><button class=\"kt-blocks-accordion-header kt-acccordion-button-label-show\"><span class=\"kt-blocks-accordion-title-wrap\"><span class=\"kt-blocks-accordion-title\"><strong>Harmonogram turnus\u00f3w dokszta\u0142cania zawodowego teoretycznego i op\u0142aty w roku szkolnym 2025\/2026<\/strong><\/span><\/span><span class=\"kt-blocks-accordion-icon-trigger\"><\/span><\/button><\/div><div class=\"kt-accordion-panel kt-accordion-panel-hidden\"><div class=\"kt-accordion-panel-inner\"><style>.wp-block-kadence-iconlist.kt-svg-icon-list-items9965_ffd32e-0b ul.kt-svg-icon-list:not(.this-prevents-issues):not(.this-stops-third-party-issues):not(.tijsloc){margin-top:0px;margin-right:0px;margin-bottom:var(--global-kb-spacing-sm, 1.5rem);margin-left:0px;}.wp-block-kadence-iconlist.kt-svg-icon-list-items9965_ffd32e-0b ul.kt-svg-icon-list{grid-row-gap:5px;}.wp-block-kadence-iconlist.kt-svg-icon-list-items9965_ffd32e-0b ul.kt-svg-icon-list .kt-svg-icon-list-item-wrap .kt-svg-icon-list-single{margin-right:10px;}.kt-svg-icon-list-items9965_ffd32e-0b ul.kt-svg-icon-list .kt-svg-icon-list-item-wrap, .kt-svg-icon-list-items9965_ffd32e-0b ul.kt-svg-icon-list .kt-svg-icon-list-item-wrap a{line-height:20px;}.kt-svg-icon-list-items9965_ffd32e-0b ul.kt-svg-icon-list .kt-svg-icon-list-level-0 .kt-svg-icon-list-single svg{font-size:20px;}.wp-block-kadence-iconlist.kt-svg-icon-list-items9965_ffd32e-0b .wp-block-kadence-listitem a{text-decoration:none;}.wp-block-kadence-iconlist.kt-svg-icon-list-items9965_ffd32e-0b .wp-block-kadence-listitem a:hover{text-decoration:underline;}@media all and (max-width: 1024px){.wp-block-kadence-iconlist.kt-svg-icon-list-items9965_ffd32e-0b ul.kt-svg-icon-list{grid-row-gap:5px;}}@media all and (max-width: 767px){.wp-block-kadence-iconlist.kt-svg-icon-list-items9965_ffd32e-0b ul.kt-svg-icon-list{grid-row-gap:5px;}}<\/style>\n<div class=\"wp-block-kadence-iconlist kt-svg-icon-list-items kt-svg-icon-list-items9965_ffd32e-0b kt-svg-icon-list-columns-1 alignnone\"><ul class=\"kt-svg-icon-list\"><style>.kt-svg-icon-list-item-9965_1f6a37-1b .kt-svg-icon-list-single{font-size:6px !important;color:#003b63 !important;}<\/style>\n<li class=\"wp-block-kadence-listitem kt-svg-icon-list-item-wrap kt-svg-icon-list-item-9965_1f6a37-1b\"><span class=\"kb-svg-icon-wrap kb-svg-icon-fas_circle kt-svg-icon-list-single\"><svg viewBox=\"0 0 512 512\"  fill=\"currentColor\" xmlns=\"http:\/\/www.w3.org\/2000\/svg\" ><path d=\"M256 8C119 8 8 119 8 256s111 248 248 248 248-111 248-248S393 8 256 8z\"\/><\/svg><\/span><span class=\"kt-svg-icon-list-text\">Turnusy I stopnia [wi\u0119cej]<\/span><\/li>\n\n\n<style>.kt-svg-icon-list-item-9965_935f37-bf .kt-svg-icon-list-single{font-size:6px !important;color:#003b63 !important;}<\/style>\n<li class=\"wp-block-kadence-listitem kt-svg-icon-list-item-wrap kt-svg-icon-list-item-9965_935f37-bf\"><span class=\"kb-svg-icon-wrap kb-svg-icon-fas_circle kt-svg-icon-list-single\"><svg viewBox=\"0 0 512 512\"  fill=\"currentColor\" xmlns=\"http:\/\/www.w3.org\/2000\/svg\" ><path d=\"M256 8C119 8 8 119 8 256s111 248 248 248 248-111 248-248S393 8 256 8z\"\/><\/svg><\/span><span class=\"kt-svg-icon-list-text\"><a href=\"https:\/\/zsp1chojna.pl\/wp-content\/uploads\/2025\/10\/Terminarz-turnusow-doksztalcania-zawodowego-II-i-III-stopnia-mlodocianych-pracownikow-w-roku-szkolnym-2025-5.pdf\">Turnusy II i III stopnia [wi\u0119cej]<\/a><\/span><\/li>\n<\/ul><\/div>\n<\/div><\/div><\/div>\n<\/div><\/div><\/div>\n\n\n\n<p><\/p>\n","protected":false},"excerpt":{"rendered":"<p>Uczniowie Bran\u017cowej Szko\u0142y I stopnia b\u0119d\u0105cy m\u0142odocianymi pracownikami realizuj\u0105 teoretyczn\u0105 nauk\u0119 zawodu na turnusach dokszta\u0142cania zawodowego. Turnusy odbywaj\u0105 si\u0119 raz w roku, przez cztery tygodnie, w dni robocze, w innych [&hellip;]<\/p>\n","protected":false},"author":1,"featured_media":0,"parent":0,"menu_order":0,"comment_status":"closed","ping_status":"closed","template":"","meta":{"footnotes":""},"class_list":["post-9965","page","type-page","status-publish","hentry"],"yoast_head":"<!-- This site is optimized with the Yoast SEO plugin v20.13 - https:\/\/yoast.com\/wordpress\/plugins\/seo\/ -->\n<title>Turnusy dokszta\u0142cania zawodowego m\u0142odocianych pracownik\u00f3w - ZSP w Chojnie<\/title>\n<meta name=\"robots\" content=\"index, follow, max-snippet:-1, max-image-preview:large, max-video-preview:-1\" \/>\n<link rel=\"canonical\" href=\"https:\/\/zsp1chojna.pl\/?page_id=9965\" \/>\n<meta property=\"og:locale\" content=\"pl_PL\" \/>\n<meta property=\"og:type\" content=\"article\" \/>\n<meta property=\"og:title\" content=\"Turnusy dokszta\u0142cania zawodowego m\u0142odocianych pracownik\u00f3w - ZSP w Chojnie\" \/>\n<meta property=\"og:description\" content=\"Uczniowie Bran\u017cowej Szko\u0142y I stopnia b\u0119d\u0105cy m\u0142odocianymi pracownikami realizuj\u0105 teoretyczn\u0105 nauk\u0119 zawodu na turnusach dokszta\u0142cania zawodowego. Turnusy odbywaj\u0105 si\u0119 raz w roku, przez cztery tygodnie, w dni robocze, w innych [&hellip;]\" \/>\n<meta property=\"og:url\" content=\"https:\/\/zsp1chojna.pl\/?page_id=9965\" \/>\n<meta property=\"og:site_name\" content=\"ZSP w Chojnie\" \/>\n<meta property=\"article:modified_time\" content=\"2025-10-21T08:06:05+00:00\" \/>\n<meta name=\"twitter:card\" content=\"summary_large_image\" \/>\n<meta name=\"twitter:label1\" content=\"Szacowany czas czytania\" \/>\n\t<meta name=\"twitter:data1\" content=\"2 minuty\" \/>\n<script type=\"application\/ld+json\" class=\"yoast-schema-graph\">{\"@context\":\"https:\/\/schema.org\",\"@graph\":[{\"@type\":\"WebPage\",\"@id\":\"https:\/\/zsp1chojna.pl\/?page_id=9965\",\"url\":\"https:\/\/zsp1chojna.pl\/?page_id=9965\",\"name\":\"Turnusy dokszta\u0142cania zawodowego m\u0142odocianych pracownik\u00f3w - ZSP w Chojnie\",\"isPartOf\":{\"@id\":\"https:\/\/zsp1chojna.pl\/#website\"},\"datePublished\":\"2024-07-03T08:43:14+00:00\",\"dateModified\":\"2025-10-21T08:06:05+00:00\",\"breadcrumb\":{\"@id\":\"https:\/\/zsp1chojna.pl\/?page_id=9965#breadcrumb\"},\"inLanguage\":\"pl-PL\",\"potentialAction\":[{\"@type\":\"ReadAction\",\"target\":[\"https:\/\/zsp1chojna.pl\/?page_id=9965\"]}]},{\"@type\":\"BreadcrumbList\",\"@id\":\"https:\/\/zsp1chojna.pl\/?page_id=9965#breadcrumb\",\"itemListElement\":[{\"@type\":\"ListItem\",\"position\":1,\"name\":\"Home\",\"item\":\"https:\/\/zsp1chojna.pl\/\"},{\"@type\":\"ListItem\",\"position\":2,\"name\":\"Turnusy dokszta\u0142cania zawodowego m\u0142odocianych pracownik\u00f3w\"}]},{\"@type\":\"WebSite\",\"@id\":\"https:\/\/zsp1chojna.pl\/#website\",\"url\":\"https:\/\/zsp1chojna.pl\/\",\"name\":\"ZSP w Chojnie\",\"description\":\"\",\"publisher\":{\"@id\":\"https:\/\/zsp1chojna.pl\/#organization\"},\"potentialAction\":[{\"@type\":\"SearchAction\",\"target\":{\"@type\":\"EntryPoint\",\"urlTemplate\":\"https:\/\/zsp1chojna.pl\/?s={search_term_string}\"},\"query-input\":\"required name=search_term_string\"}],\"inLanguage\":\"pl-PL\"},{\"@type\":\"Organization\",\"@id\":\"https:\/\/zsp1chojna.pl\/#organization\",\"name\":\"ZSP w Chojnie\",\"url\":\"https:\/\/zsp1chojna.pl\/\",\"logo\":{\"@type\":\"ImageObject\",\"inLanguage\":\"pl-PL\",\"@id\":\"https:\/\/zsp1chojna.pl\/#\/schema\/logo\/image\/\",\"url\":\"https:\/\/zsp1chojna.pl\/wp-content\/uploads\/2023\/08\/cropped-cropped-cropped-Logo-biale-napis-na-3-wiersze_504-1.png\",\"contentUrl\":\"https:\/\/zsp1chojna.pl\/wp-content\/uploads\/2023\/08\/cropped-cropped-cropped-Logo-biale-napis-na-3-wiersze_504-1.png\",\"width\":504,\"height\":167,\"caption\":\"ZSP w Chojnie\"},\"image\":{\"@id\":\"https:\/\/zsp1chojna.pl\/#\/schema\/logo\/image\/\"}}]}<\/script>\n<!-- \/ Yoast SEO plugin. -->","yoast_head_json":{"title":"Turnusy dokszta\u0142cania zawodowego m\u0142odocianych pracownik\u00f3w - ZSP w Chojnie","robots":{"index":"index","follow":"follow","max-snippet":"max-snippet:-1","max-image-preview":"max-image-preview:large","max-video-preview":"max-video-preview:-1"},"canonical":"https:\/\/zsp1chojna.pl\/?page_id=9965","og_locale":"pl_PL","og_type":"article","og_title":"Turnusy dokszta\u0142cania zawodowego m\u0142odocianych pracownik\u00f3w - ZSP w Chojnie","og_description":"Uczniowie Bran\u017cowej Szko\u0142y I stopnia b\u0119d\u0105cy m\u0142odocianymi pracownikami realizuj\u0105 teoretyczn\u0105 nauk\u0119 zawodu na turnusach dokszta\u0142cania zawodowego. Turnusy odbywaj\u0105 si\u0119 raz w roku, przez cztery tygodnie, w dni robocze, w innych [&hellip;]","og_url":"https:\/\/zsp1chojna.pl\/?page_id=9965","og_site_name":"ZSP w Chojnie","article_modified_time":"2025-10-21T08:06:05+00:00","twitter_card":"summary_large_image","twitter_misc":{"Szacowany czas czytania":"2 minuty"},"schema":{"@context":"https:\/\/schema.org","@graph":[{"@type":"WebPage","@id":"https:\/\/zsp1chojna.pl\/?page_id=9965","url":"https:\/\/zsp1chojna.pl\/?page_id=9965","name":"Turnusy dokszta\u0142cania zawodowego m\u0142odocianych pracownik\u00f3w - ZSP w Chojnie","isPartOf":{"@id":"https:\/\/zsp1chojna.pl\/#website"},"datePublished":"2024-07-03T08:43:14+00:00","dateModified":"2025-10-21T08:06:05+00:00","breadcrumb":{"@id":"https:\/\/zsp1chojna.pl\/?page_id=9965#breadcrumb"},"inLanguage":"pl-PL","potentialAction":[{"@type":"ReadAction","target":["https:\/\/zsp1chojna.pl\/?page_id=9965"]}]},{"@type":"BreadcrumbList","@id":"https:\/\/zsp1chojna.pl\/?page_id=9965#breadcrumb","itemListElement":[{"@type":"ListItem","position":1,"name":"Home","item":"https:\/\/zsp1chojna.pl\/"},{"@type":"ListItem","position":2,"name":"Turnusy dokszta\u0142cania zawodowego m\u0142odocianych pracownik\u00f3w"}]},{"@type":"WebSite","@id":"https:\/\/zsp1chojna.pl\/#website","url":"https:\/\/zsp1chojna.pl\/","name":"ZSP w Chojnie","description":"","publisher":{"@id":"https:\/\/zsp1chojna.pl\/#organization"},"potentialAction":[{"@type":"SearchAction","target":{"@type":"EntryPoint","urlTemplate":"https:\/\/zsp1chojna.pl\/?s={search_term_string}"},"query-input":"required name=search_term_string"}],"inLanguage":"pl-PL"},{"@type":"Organization","@id":"https:\/\/zsp1chojna.pl\/#organization","name":"ZSP w Chojnie","url":"https:\/\/zsp1chojna.pl\/","logo":{"@type":"ImageObject","inLanguage":"pl-PL","@id":"https:\/\/zsp1chojna.pl\/#\/schema\/logo\/image\/","url":"https:\/\/zsp1chojna.pl\/wp-content\/uploads\/2023\/08\/cropped-cropped-cropped-Logo-biale-napis-na-3-wiersze_504-1.png","contentUrl":"https:\/\/zsp1chojna.pl\/wp-content\/uploads\/2023\/08\/cropped-cropped-cropped-Logo-biale-napis-na-3-wiersze_504-1.png","width":504,"height":167,"caption":"ZSP w Chojnie"},"image":{"@id":"https:\/\/zsp1chojna.pl\/#\/schema\/logo\/image\/"}}]}},"_links":{"self":[{"href":"https:\/\/zsp1chojna.pl\/index.php?rest_route=\/wp\/v2\/pages\/9965","targetHints":{"allow":["GET"]}}],"collection":[{"href":"https:\/\/zsp1chojna.pl\/index.php?rest_route=\/wp\/v2\/pages"}],"about":[{"href":"https:\/\/zsp1chojna.pl\/index.php?rest_route=\/wp\/v2\/types\/page"}],"author":[{"embeddable":true,"href":"https:\/\/zsp1chojna.pl\/index.php?rest_route=\/wp\/v2\/users\/1"}],"replies":[{"embeddable":true,"href":"https:\/\/zsp1chojna.pl\/index.php?rest_route=%2Fwp%2Fv2%2Fcomments&post=9965"}],"version-history":[{"count":21,"href":"https:\/\/zsp1chojna.pl\/index.php?rest_route=\/wp\/v2\/pages\/9965\/revisions"}],"predecessor-version":[{"id":14632,"href":"https:\/\/zsp1chojna.pl\/index.php?rest_route=\/wp\/v2\/pages\/9965\/revisions\/14632"}],"wp:attachment":[{"href":"https:\/\/zsp1chojna.pl\/index.php?rest_route=%2Fwp%2Fv2%2Fmedia&parent=9965"}],"curies":[{"name":"wp","href":"https:\/\/api.w.org\/{rel}","templated":true}]}}