{"id":9208,"date":"2023-10-19T10:11:00","date_gmt":"2023-10-19T08:11:00","guid":{"rendered":"https:\/\/zsp1chojna.pl\/?page_id=9208"},"modified":"2024-04-03T10:12:42","modified_gmt":"2024-04-03T08:12:42","slug":"nowi-uczestnicy-szkolnej-grupy-wopr","status":"publish","type":"page","link":"https:\/\/zsp1chojna.pl\/?page_id=9208","title":{"rendered":"Nowi uczestnicy Szkolnej Grupy WOPR"},"content":{"rendered":"\n<p class=\"has-text-align-justify\">19 pa\u017adziernika 2023 r., odby\u0142a si\u0119 spotkanie integracyjne z nowymi cz\u0142onkami Szkolnej Grupy WOPR. M\u0142odzie\u017c zosta\u0142a zapoznana z planem pracy grupy, obowi\u0105zkami, ale&nbsp; r\u00f3wnie\u017c profitami p\u0142yn\u0105cymi z aktywnego uczestnictwa w grupie WOPR. Ka\u017cdy uczestnik m\u00f3g\u0142 przymierzy\u0107 str\u00f3j ratowniczy oraz czapeczk\u0119. Powsta\u0142o pami\u0105tkowe zdj\u0119cie grupowe. Starsi cz\u0142onkowie grupy, zaproponowali utworzenie filmu o szkodliwo\u015bci spo\u017cywania napoj\u00f3w energetycznych. Film ma podj\u0105\u0107 istotny problem nadu\u017cywania tego typu napoj\u00f3w, przez m\u0142odzie\u017c naszej szko\u0142y.<\/p>\n\n\n\n<p class=\"has-text-align-right\">&nbsp;&nbsp;&nbsp;&nbsp;&nbsp;&nbsp;&nbsp;&nbsp;&nbsp;&nbsp;&nbsp;&nbsp;&nbsp;&nbsp;&nbsp;&nbsp;&nbsp;&nbsp;&nbsp;&nbsp;&nbsp;&nbsp;&nbsp;&nbsp;&nbsp;&nbsp;&nbsp;&nbsp;&nbsp;&nbsp;&nbsp;&nbsp;&nbsp;&nbsp;&nbsp;&nbsp;&nbsp;&nbsp;&nbsp;&nbsp;&nbsp;&nbsp;&nbsp;&nbsp;&nbsp;&nbsp;&nbsp;&nbsp;&nbsp;&nbsp;&nbsp;&nbsp;&nbsp;&nbsp;&nbsp;&nbsp;&nbsp;&nbsp;&nbsp;&nbsp;&nbsp;&nbsp;&nbsp;&nbsp;&nbsp;&nbsp;&nbsp;&nbsp;&nbsp;&nbsp;&nbsp;&nbsp;&nbsp;&nbsp;&nbsp;&nbsp;&nbsp;&nbsp;&nbsp;&nbsp;&nbsp;&nbsp;&nbsp;&nbsp;&nbsp;&nbsp;&nbsp;&nbsp;&nbsp;&nbsp;&nbsp;&nbsp;&nbsp; mgr \u0141ukasz Makowski<\/p>\n","protected":false},"excerpt":{"rendered":"<p>19 pa\u017adziernika 2023 r., odby\u0142a si\u0119 spotkanie integracyjne z nowymi cz\u0142onkami Szkolnej Grupy WOPR. M\u0142odzie\u017c zosta\u0142a zapoznana z planem pracy grupy, obowi\u0105zkami, ale&nbsp; r\u00f3wnie\u017c profitami p\u0142yn\u0105cymi z aktywnego uczestnictwa w [&hellip;]<\/p>\n","protected":false},"author":1,"featured_media":0,"parent":0,"menu_order":0,"comment_status":"closed","ping_status":"closed","template":"","meta":{"footnotes":""},"class_list":["post-9208","page","type-page","status-publish","hentry"],"yoast_head":"<!-- This site is optimized with the Yoast SEO plugin v20.13 - https:\/\/yoast.com\/wordpress\/plugins\/seo\/ -->\n<title>Nowi uczestnicy Szkolnej Grupy WOPR - ZSP w Chojnie<\/title>\n<meta name=\"robots\" content=\"index, follow, max-snippet:-1, max-image-preview:large, max-video-preview:-1\" \/>\n<link rel=\"canonical\" href=\"https:\/\/zsp1chojna.pl\/?page_id=9208\" \/>\n<meta property=\"og:locale\" content=\"pl_PL\" \/>\n<meta property=\"og:type\" content=\"article\" \/>\n<meta property=\"og:title\" content=\"Nowi uczestnicy Szkolnej Grupy WOPR - ZSP w Chojnie\" \/>\n<meta property=\"og:description\" content=\"19 pa\u017adziernika 2023 r., odby\u0142a si\u0119 spotkanie integracyjne z nowymi cz\u0142onkami Szkolnej Grupy WOPR. M\u0142odzie\u017c zosta\u0142a zapoznana z planem pracy grupy, obowi\u0105zkami, ale&nbsp; r\u00f3wnie\u017c profitami p\u0142yn\u0105cymi z aktywnego uczestnictwa w [&hellip;]\" \/>\n<meta property=\"og:url\" content=\"https:\/\/zsp1chojna.pl\/?page_id=9208\" \/>\n<meta property=\"og:site_name\" content=\"ZSP w Chojnie\" \/>\n<meta property=\"article:modified_time\" content=\"2024-04-03T08:12:42+00:00\" \/>\n<meta name=\"twitter:card\" content=\"summary_large_image\" \/>\n<meta name=\"twitter:label1\" content=\"Szacowany czas czytania\" \/>\n\t<meta name=\"twitter:data1\" content=\"1 minuta\" \/>\n<script type=\"application\/ld+json\" class=\"yoast-schema-graph\">{\"@context\":\"https:\/\/schema.org\",\"@graph\":[{\"@type\":\"WebPage\",\"@id\":\"https:\/\/zsp1chojna.pl\/?page_id=9208\",\"url\":\"https:\/\/zsp1chojna.pl\/?page_id=9208\",\"name\":\"Nowi uczestnicy Szkolnej Grupy WOPR - ZSP w Chojnie\",\"isPartOf\":{\"@id\":\"https:\/\/zsp1chojna.pl\/#website\"},\"datePublished\":\"2023-10-19T08:11:00+00:00\",\"dateModified\":\"2024-04-03T08:12:42+00:00\",\"breadcrumb\":{\"@id\":\"https:\/\/zsp1chojna.pl\/?page_id=9208#breadcrumb\"},\"inLanguage\":\"pl-PL\",\"potentialAction\":[{\"@type\":\"ReadAction\",\"target\":[\"https:\/\/zsp1chojna.pl\/?page_id=9208\"]}]},{\"@type\":\"BreadcrumbList\",\"@id\":\"https:\/\/zsp1chojna.pl\/?page_id=9208#breadcrumb\",\"itemListElement\":[{\"@type\":\"ListItem\",\"position\":1,\"name\":\"Home\",\"item\":\"https:\/\/zsp1chojna.pl\/\"},{\"@type\":\"ListItem\",\"position\":2,\"name\":\"Nowi uczestnicy Szkolnej Grupy WOPR\"}]},{\"@type\":\"WebSite\",\"@id\":\"https:\/\/zsp1chojna.pl\/#website\",\"url\":\"https:\/\/zsp1chojna.pl\/\",\"name\":\"ZSP w Chojnie\",\"description\":\"\",\"publisher\":{\"@id\":\"https:\/\/zsp1chojna.pl\/#organization\"},\"potentialAction\":[{\"@type\":\"SearchAction\",\"target\":{\"@type\":\"EntryPoint\",\"urlTemplate\":\"https:\/\/zsp1chojna.pl\/?s={search_term_string}\"},\"query-input\":\"required name=search_term_string\"}],\"inLanguage\":\"pl-PL\"},{\"@type\":\"Organization\",\"@id\":\"https:\/\/zsp1chojna.pl\/#organization\",\"name\":\"ZSP w Chojnie\",\"url\":\"https:\/\/zsp1chojna.pl\/\",\"logo\":{\"@type\":\"ImageObject\",\"inLanguage\":\"pl-PL\",\"@id\":\"https:\/\/zsp1chojna.pl\/#\/schema\/logo\/image\/\",\"url\":\"https:\/\/zsp1chojna.pl\/wp-content\/uploads\/2023\/08\/cropped-cropped-cropped-Logo-biale-napis-na-3-wiersze_504-1.png\",\"contentUrl\":\"https:\/\/zsp1chojna.pl\/wp-content\/uploads\/2023\/08\/cropped-cropped-cropped-Logo-biale-napis-na-3-wiersze_504-1.png\",\"width\":504,\"height\":167,\"caption\":\"ZSP w Chojnie\"},\"image\":{\"@id\":\"https:\/\/zsp1chojna.pl\/#\/schema\/logo\/image\/\"}}]}<\/script>\n<!-- \/ Yoast SEO plugin. -->","yoast_head_json":{"title":"Nowi uczestnicy Szkolnej Grupy WOPR - ZSP w Chojnie","robots":{"index":"index","follow":"follow","max-snippet":"max-snippet:-1","max-image-preview":"max-image-preview:large","max-video-preview":"max-video-preview:-1"},"canonical":"https:\/\/zsp1chojna.pl\/?page_id=9208","og_locale":"pl_PL","og_type":"article","og_title":"Nowi uczestnicy Szkolnej Grupy WOPR - ZSP w Chojnie","og_description":"19 pa\u017adziernika 2023 r., odby\u0142a si\u0119 spotkanie integracyjne z nowymi cz\u0142onkami Szkolnej Grupy WOPR. M\u0142odzie\u017c zosta\u0142a zapoznana z planem pracy grupy, obowi\u0105zkami, ale&nbsp; r\u00f3wnie\u017c profitami p\u0142yn\u0105cymi z aktywnego uczestnictwa w [&hellip;]","og_url":"https:\/\/zsp1chojna.pl\/?page_id=9208","og_site_name":"ZSP w Chojnie","article_modified_time":"2024-04-03T08:12:42+00:00","twitter_card":"summary_large_image","twitter_misc":{"Szacowany czas czytania":"1 minuta"},"schema":{"@context":"https:\/\/schema.org","@graph":[{"@type":"WebPage","@id":"https:\/\/zsp1chojna.pl\/?page_id=9208","url":"https:\/\/zsp1chojna.pl\/?page_id=9208","name":"Nowi uczestnicy Szkolnej Grupy WOPR - ZSP w Chojnie","isPartOf":{"@id":"https:\/\/zsp1chojna.pl\/#website"},"datePublished":"2023-10-19T08:11:00+00:00","dateModified":"2024-04-03T08:12:42+00:00","breadcrumb":{"@id":"https:\/\/zsp1chojna.pl\/?page_id=9208#breadcrumb"},"inLanguage":"pl-PL","potentialAction":[{"@type":"ReadAction","target":["https:\/\/zsp1chojna.pl\/?page_id=9208"]}]},{"@type":"BreadcrumbList","@id":"https:\/\/zsp1chojna.pl\/?page_id=9208#breadcrumb","itemListElement":[{"@type":"ListItem","position":1,"name":"Home","item":"https:\/\/zsp1chojna.pl\/"},{"@type":"ListItem","position":2,"name":"Nowi uczestnicy Szkolnej Grupy WOPR"}]},{"@type":"WebSite","@id":"https:\/\/zsp1chojna.pl\/#website","url":"https:\/\/zsp1chojna.pl\/","name":"ZSP w Chojnie","description":"","publisher":{"@id":"https:\/\/zsp1chojna.pl\/#organization"},"potentialAction":[{"@type":"SearchAction","target":{"@type":"EntryPoint","urlTemplate":"https:\/\/zsp1chojna.pl\/?s={search_term_string}"},"query-input":"required name=search_term_string"}],"inLanguage":"pl-PL"},{"@type":"Organization","@id":"https:\/\/zsp1chojna.pl\/#organization","name":"ZSP w Chojnie","url":"https:\/\/zsp1chojna.pl\/","logo":{"@type":"ImageObject","inLanguage":"pl-PL","@id":"https:\/\/zsp1chojna.pl\/#\/schema\/logo\/image\/","url":"https:\/\/zsp1chojna.pl\/wp-content\/uploads\/2023\/08\/cropped-cropped-cropped-Logo-biale-napis-na-3-wiersze_504-1.png","contentUrl":"https:\/\/zsp1chojna.pl\/wp-content\/uploads\/2023\/08\/cropped-cropped-cropped-Logo-biale-napis-na-3-wiersze_504-1.png","width":504,"height":167,"caption":"ZSP w Chojnie"},"image":{"@id":"https:\/\/zsp1chojna.pl\/#\/schema\/logo\/image\/"}}]}},"_links":{"self":[{"href":"https:\/\/zsp1chojna.pl\/index.php?rest_route=\/wp\/v2\/pages\/9208","targetHints":{"allow":["GET"]}}],"collection":[{"href":"https:\/\/zsp1chojna.pl\/index.php?rest_route=\/wp\/v2\/pages"}],"about":[{"href":"https:\/\/zsp1chojna.pl\/index.php?rest_route=\/wp\/v2\/types\/page"}],"author":[{"embeddable":true,"href":"https:\/\/zsp1chojna.pl\/index.php?rest_route=\/wp\/v2\/users\/1"}],"replies":[{"embeddable":true,"href":"https:\/\/zsp1chojna.pl\/index.php?rest_route=%2Fwp%2Fv2%2Fcomments&post=9208"}],"version-history":[{"count":1,"href":"https:\/\/zsp1chojna.pl\/index.php?rest_route=\/wp\/v2\/pages\/9208\/revisions"}],"predecessor-version":[{"id":9209,"href":"https:\/\/zsp1chojna.pl\/index.php?rest_route=\/wp\/v2\/pages\/9208\/revisions\/9209"}],"wp:attachment":[{"href":"https:\/\/zsp1chojna.pl\/index.php?rest_route=%2Fwp%2Fv2%2Fmedia&parent=9208"}],"curies":[{"name":"wp","href":"https:\/\/api.w.org\/{rel}","templated":true}]}}