{"id":8584,"date":"2024-02-12T19:33:36","date_gmt":"2024-02-12T18:33:36","guid":{"rendered":"https:\/\/zsp1chojna.pl\/?page_id=8584"},"modified":"2024-02-12T20:00:43","modified_gmt":"2024-02-12T19:00:43","slug":"podsumowanie-dzialan-programu-innowacyjna-szkola-google","status":"publish","type":"page","link":"https:\/\/zsp1chojna.pl\/?page_id=8584","title":{"rendered":"Podsumowanie dzia\u0142a\u0144 programu \u201eInnowacyjna Szko\u0142a Google\u201d"},"content":{"rendered":"\n<p class=\"has-text-align-justify\">1 wrze\u015bnia 2023 r., ZSP w Chojnie, przyst\u0105pi\u0142 do Programu \u201eInnowacyjna Szko\u0142a Google\u201d. Program ma charakter og\u00f3lnokrajowy, jest w pe\u0142ni bezp\u0142atny i dotyczy wsparcia szk\u00f3\u0142 w procesie transformacji cyfrowej, w tym podniesieniu poziomu kompetencji cyfrowych kadry nauczycielskiej. G\u0142\u00f3wnym za\u0142o\u017ceniem jest zapewnienie dost\u0119pu do&nbsp;platformy \u201eGoogle Workspace for Education\u201d, przeszkolenie kadry dydaktycznej, zespo\u0142u IT oraz kadry zarz\u0105dzaj\u0105cej, w obszarze wykorzystania nowych technologii w szkole oraz przygotowanie do certyfikacji Google dla edukator\u00f3w.<\/p>\n\n\n\n<p>Zrealizowane dzia\u0142ania:<br>&#8211; udzia\u0142 kadry zarz\u0105dzaj\u0105cej, nauczycieli i administrator\u00f3w w: \u201eSzkoleniach dla Nauczycieli \u2013 Edukator Google Poziom 1\u201d i zdobycie Certyfikatu uko\u0144czenia szkolenia \u201eInnowacyjna Szko\u0142a Google \u2013 \u015bwiat technologii cyfrowych Google w edukacji \u2013 Certyfikowany Edukator Poziom 1\u201d (12 godzin), <br>&#8211; udzia\u0142 administratora w szkoleniu i uzyskanie Certyfikatu uko\u0144czenia szkolenia \u201eInnowacyjna Szko\u0142a Google \u2013 \u015bwiat technologii cyfrowych Google w edukacji \u2013 Administrator Google Workspace\u201d (6 godzin),<br>&#8211; udzia\u0142 administratora w szkoleniu i uzyskanie Certyfikatu \u201eInnowacyjna Szko\u0142a Google \u2013 \u015bwiat technologii cyfrowych Google w edukacji \u2013 Zarz\u0105dzanie urz\u0105dzeniami mobilnymi\u201d (4&nbsp;godziny),<br>&#8211; udzia\u0142 administratora w szkoleniu i uzyskanie Certyfikatu \u201eInnowacyjna Szko\u0142a Google \u2013 \u015bwiat technologii cyfrowych Google w edukacji \u2013 Konfiguracja poczty, migracja danych\u201d (4&nbsp;godziny),<br>&#8211; za\u0142o\u017cenie i konfiguracja platformy Google Workspace for Education w ZSP w Chojnie,<br>&#8211; za\u0142o\u017cenie kont na platformie Google Workspace for Education dla uczni\u00f3w i nauczycieli ZSP w Chojnie.<\/p>\n\n\n\n<p class=\"has-text-align-justify\">Czym jest platforma Google Workspace for Education?<br><em>\u201eGoogle Workspace dla Edukacji (wersja podstawowa) jest kompleksowym pakietem narz\u0119dzi obejmuj\u0105cych poczt\u0119 elektroniczn\u0105, komunikatory tekstowe, g\u0142osowe i wideo, wsp\u00f3\u0142dzielone kalendarze firmowe z mo\u017cliwo\u015bci\u0105 rezerwacji zasob\u00f3w, zarz\u0105dzanie dokumentami i wiele innych element\u00f3w potrzebnych w nowoczesnej plac\u00f3wce edukacyjnej. Platforma jest bezp\u0142atna i przyznana zakwalifikowanej plac\u00f3wce edukacyjnej, nie jest ograniczana pod wzgl\u0119dem czasu trwania, ilo\u015bci u\u017cytkownik\u00f3w. Dysponuje wystarczaj\u0105c\u0105 ilo\u015bci\u0105 przestrzeni na dane w chmurze.\u00a0 Jest to \u015brodowisko bezpieczne, gdzie dane s\u0105 w\u0142asno\u015bci\u0105 plac\u00f3wki, nie podlegaj\u0105 \u017cadnej analizie ani profilowaniu pod k\u0105tem reklamowym, a sama us\u0142uga jest obj\u0119ta umow\u0105 zawart\u0105 z Google obejmuj\u0105c\u0105 r\u00f3wnie\u017c wsparcie techniczne i SLA\u201d. <\/em>  \u0179r\u00f3d\u0142o: <a href=\"https:\/\/www.innowacyjnaszkola.pl\/google-workspace-dla-edukacji\">https:\/\/www.innowacyjnaszkola.pl\/google-workspace-dla-edukacji<\/a><\/p>\n\n\n\n<p><\/p>\n\n\n<div class=\"wp-block-image\">\n<figure class=\"aligncenter size-large\"><img loading=\"lazy\" decoding=\"async\" width=\"1024\" height=\"173\" data-attachment-id=\"8585\" data-permalink=\"https:\/\/zsp1chojna.pl\/?attachment_id=8585\" data-orig-file=\"https:\/\/zsp1chojna.pl\/wp-content\/uploads\/2024\/02\/image001-1.png\" data-orig-size=\"1259,213\" data-comments-opened=\"1\" data-image-meta=\"{&quot;aperture&quot;:&quot;0&quot;,&quot;credit&quot;:&quot;&quot;,&quot;camera&quot;:&quot;&quot;,&quot;caption&quot;:&quot;&quot;,&quot;created_timestamp&quot;:&quot;0&quot;,&quot;copyright&quot;:&quot;&quot;,&quot;focal_length&quot;:&quot;0&quot;,&quot;iso&quot;:&quot;0&quot;,&quot;shutter_speed&quot;:&quot;0&quot;,&quot;title&quot;:&quot;&quot;,&quot;orientation&quot;:&quot;0&quot;}\" data-image-title=\"image001-1\" data-image-description=\"\" data-image-caption=\"\" data-medium-file=\"https:\/\/zsp1chojna.pl\/wp-content\/uploads\/2024\/02\/image001-1-300x51.png\" data-large-file=\"https:\/\/zsp1chojna.pl\/wp-content\/uploads\/2024\/02\/image001-1-1024x173.png\" src=\"https:\/\/zsp1chojna.pl\/wp-content\/uploads\/2024\/02\/image001-1-1024x173.png\" alt=\"\" class=\"wp-image-8585\" srcset=\"https:\/\/zsp1chojna.pl\/wp-content\/uploads\/2024\/02\/image001-1-1024x173.png 1024w, https:\/\/zsp1chojna.pl\/wp-content\/uploads\/2024\/02\/image001-1-300x51.png 300w, https:\/\/zsp1chojna.pl\/wp-content\/uploads\/2024\/02\/image001-1-768x130.png 768w, https:\/\/zsp1chojna.pl\/wp-content\/uploads\/2024\/02\/image001-1-947x160.png 947w, https:\/\/zsp1chojna.pl\/wp-content\/uploads\/2024\/02\/image001-1-624x106.png 624w, https:\/\/zsp1chojna.pl\/wp-content\/uploads\/2024\/02\/image001-1.png 1259w\" sizes=\"auto, (max-width: 1024px) 100vw, 1024px\" \/><\/figure>\n<\/div>\n\n\n<p class=\"has-text-align-justify\">GoCloud, jako strategiczny partner Google dla Edukacji, zapewnia ZSP w Chojnie ca\u0142kowicie bezp\u0142atne wsparcie techniczne oferowanych us\u0142ug. GoCloud jest liderem na&nbsp;polskim rynku, specjalizuj\u0105cym si\u0119 w rozwi\u0105zaniach Software as a Service (SaaS) lub &#8220;cloud computing&#8221; dla przedsi\u0119biorstw.<\/p>\n\n\n\n<p>Program \u201eInnowacyjna Szko\u0142a Google\u201d, b\u0119dzie realizowa\u0142 swoje dzia\u0142ania w&nbsp;kolejnym p\u00f3\u0142roczu.<\/p>\n\n\n\n<p class=\"has-text-align-right\">mgr Kamila G\u00f3ra<\/p>\n","protected":false},"excerpt":{"rendered":"<p>1 wrze\u015bnia 2023 r., ZSP w Chojnie, przyst\u0105pi\u0142 do Programu \u201eInnowacyjna Szko\u0142a Google\u201d. Program ma charakter og\u00f3lnokrajowy, jest w pe\u0142ni bezp\u0142atny i dotyczy wsparcia szk\u00f3\u0142 w procesie transformacji cyfrowej, w [&hellip;]<\/p>\n","protected":false},"author":1,"featured_media":0,"parent":0,"menu_order":0,"comment_status":"closed","ping_status":"closed","template":"","meta":{"footnotes":""},"class_list":["post-8584","page","type-page","status-publish","hentry"],"yoast_head":"<!-- This site is optimized with the Yoast SEO plugin v20.13 - https:\/\/yoast.com\/wordpress\/plugins\/seo\/ -->\n<title>Podsumowanie dzia\u0142a\u0144 programu \u201eInnowacyjna Szko\u0142a Google\u201d - ZSP w Chojnie<\/title>\n<meta name=\"robots\" content=\"index, follow, max-snippet:-1, max-image-preview:large, max-video-preview:-1\" \/>\n<link rel=\"canonical\" href=\"https:\/\/zsp1chojna.pl\/?page_id=8584\" \/>\n<meta property=\"og:locale\" content=\"pl_PL\" \/>\n<meta property=\"og:type\" content=\"article\" \/>\n<meta property=\"og:title\" content=\"Podsumowanie dzia\u0142a\u0144 programu \u201eInnowacyjna Szko\u0142a Google\u201d - ZSP w Chojnie\" \/>\n<meta property=\"og:description\" content=\"1 wrze\u015bnia 2023 r., ZSP w Chojnie, przyst\u0105pi\u0142 do Programu \u201eInnowacyjna Szko\u0142a Google\u201d. Program ma charakter og\u00f3lnokrajowy, jest w pe\u0142ni bezp\u0142atny i dotyczy wsparcia szk\u00f3\u0142 w procesie transformacji cyfrowej, w [&hellip;]\" \/>\n<meta property=\"og:url\" content=\"https:\/\/zsp1chojna.pl\/?page_id=8584\" \/>\n<meta property=\"og:site_name\" content=\"ZSP w Chojnie\" \/>\n<meta property=\"article:modified_time\" content=\"2024-02-12T19:00:43+00:00\" \/>\n<meta property=\"og:image\" content=\"https:\/\/zsp1chojna.pl\/wp-content\/uploads\/2024\/02\/image001-1-1024x173.png\" \/>\n<meta name=\"twitter:card\" content=\"summary_large_image\" \/>\n<meta name=\"twitter:label1\" content=\"Szacowany czas czytania\" \/>\n\t<meta name=\"twitter:data1\" content=\"3 minuty\" \/>\n<script type=\"application\/ld+json\" class=\"yoast-schema-graph\">{\"@context\":\"https:\/\/schema.org\",\"@graph\":[{\"@type\":\"WebPage\",\"@id\":\"https:\/\/zsp1chojna.pl\/?page_id=8584\",\"url\":\"https:\/\/zsp1chojna.pl\/?page_id=8584\",\"name\":\"Podsumowanie dzia\u0142a\u0144 programu \u201eInnowacyjna Szko\u0142a Google\u201d - ZSP w Chojnie\",\"isPartOf\":{\"@id\":\"https:\/\/zsp1chojna.pl\/#website\"},\"datePublished\":\"2024-02-12T18:33:36+00:00\",\"dateModified\":\"2024-02-12T19:00:43+00:00\",\"breadcrumb\":{\"@id\":\"https:\/\/zsp1chojna.pl\/?page_id=8584#breadcrumb\"},\"inLanguage\":\"pl-PL\",\"potentialAction\":[{\"@type\":\"ReadAction\",\"target\":[\"https:\/\/zsp1chojna.pl\/?page_id=8584\"]}]},{\"@type\":\"BreadcrumbList\",\"@id\":\"https:\/\/zsp1chojna.pl\/?page_id=8584#breadcrumb\",\"itemListElement\":[{\"@type\":\"ListItem\",\"position\":1,\"name\":\"Home\",\"item\":\"https:\/\/zsp1chojna.pl\/\"},{\"@type\":\"ListItem\",\"position\":2,\"name\":\"Podsumowanie dzia\u0142a\u0144 programu \u201eInnowacyjna Szko\u0142a Google\u201d\"}]},{\"@type\":\"WebSite\",\"@id\":\"https:\/\/zsp1chojna.pl\/#website\",\"url\":\"https:\/\/zsp1chojna.pl\/\",\"name\":\"ZSP w Chojnie\",\"description\":\"\",\"publisher\":{\"@id\":\"https:\/\/zsp1chojna.pl\/#organization\"},\"potentialAction\":[{\"@type\":\"SearchAction\",\"target\":{\"@type\":\"EntryPoint\",\"urlTemplate\":\"https:\/\/zsp1chojna.pl\/?s={search_term_string}\"},\"query-input\":\"required name=search_term_string\"}],\"inLanguage\":\"pl-PL\"},{\"@type\":\"Organization\",\"@id\":\"https:\/\/zsp1chojna.pl\/#organization\",\"name\":\"ZSP w Chojnie\",\"url\":\"https:\/\/zsp1chojna.pl\/\",\"logo\":{\"@type\":\"ImageObject\",\"inLanguage\":\"pl-PL\",\"@id\":\"https:\/\/zsp1chojna.pl\/#\/schema\/logo\/image\/\",\"url\":\"https:\/\/zsp1chojna.pl\/wp-content\/uploads\/2023\/08\/cropped-cropped-cropped-Logo-biale-napis-na-3-wiersze_504-1.png\",\"contentUrl\":\"https:\/\/zsp1chojna.pl\/wp-content\/uploads\/2023\/08\/cropped-cropped-cropped-Logo-biale-napis-na-3-wiersze_504-1.png\",\"width\":504,\"height\":167,\"caption\":\"ZSP w Chojnie\"},\"image\":{\"@id\":\"https:\/\/zsp1chojna.pl\/#\/schema\/logo\/image\/\"}}]}<\/script>\n<!-- \/ Yoast SEO plugin. -->","yoast_head_json":{"title":"Podsumowanie dzia\u0142a\u0144 programu \u201eInnowacyjna Szko\u0142a Google\u201d - ZSP w Chojnie","robots":{"index":"index","follow":"follow","max-snippet":"max-snippet:-1","max-image-preview":"max-image-preview:large","max-video-preview":"max-video-preview:-1"},"canonical":"https:\/\/zsp1chojna.pl\/?page_id=8584","og_locale":"pl_PL","og_type":"article","og_title":"Podsumowanie dzia\u0142a\u0144 programu \u201eInnowacyjna Szko\u0142a Google\u201d - ZSP w Chojnie","og_description":"1 wrze\u015bnia 2023 r., ZSP w Chojnie, przyst\u0105pi\u0142 do Programu \u201eInnowacyjna Szko\u0142a Google\u201d. Program ma charakter og\u00f3lnokrajowy, jest w pe\u0142ni bezp\u0142atny i dotyczy wsparcia szk\u00f3\u0142 w procesie transformacji cyfrowej, w [&hellip;]","og_url":"https:\/\/zsp1chojna.pl\/?page_id=8584","og_site_name":"ZSP w Chojnie","article_modified_time":"2024-02-12T19:00:43+00:00","og_image":[{"url":"https:\/\/zsp1chojna.pl\/wp-content\/uploads\/2024\/02\/image001-1-1024x173.png"}],"twitter_card":"summary_large_image","twitter_misc":{"Szacowany czas czytania":"3 minuty"},"schema":{"@context":"https:\/\/schema.org","@graph":[{"@type":"WebPage","@id":"https:\/\/zsp1chojna.pl\/?page_id=8584","url":"https:\/\/zsp1chojna.pl\/?page_id=8584","name":"Podsumowanie dzia\u0142a\u0144 programu \u201eInnowacyjna Szko\u0142a Google\u201d - ZSP w Chojnie","isPartOf":{"@id":"https:\/\/zsp1chojna.pl\/#website"},"datePublished":"2024-02-12T18:33:36+00:00","dateModified":"2024-02-12T19:00:43+00:00","breadcrumb":{"@id":"https:\/\/zsp1chojna.pl\/?page_id=8584#breadcrumb"},"inLanguage":"pl-PL","potentialAction":[{"@type":"ReadAction","target":["https:\/\/zsp1chojna.pl\/?page_id=8584"]}]},{"@type":"BreadcrumbList","@id":"https:\/\/zsp1chojna.pl\/?page_id=8584#breadcrumb","itemListElement":[{"@type":"ListItem","position":1,"name":"Home","item":"https:\/\/zsp1chojna.pl\/"},{"@type":"ListItem","position":2,"name":"Podsumowanie dzia\u0142a\u0144 programu \u201eInnowacyjna Szko\u0142a Google\u201d"}]},{"@type":"WebSite","@id":"https:\/\/zsp1chojna.pl\/#website","url":"https:\/\/zsp1chojna.pl\/","name":"ZSP w Chojnie","description":"","publisher":{"@id":"https:\/\/zsp1chojna.pl\/#organization"},"potentialAction":[{"@type":"SearchAction","target":{"@type":"EntryPoint","urlTemplate":"https:\/\/zsp1chojna.pl\/?s={search_term_string}"},"query-input":"required name=search_term_string"}],"inLanguage":"pl-PL"},{"@type":"Organization","@id":"https:\/\/zsp1chojna.pl\/#organization","name":"ZSP w Chojnie","url":"https:\/\/zsp1chojna.pl\/","logo":{"@type":"ImageObject","inLanguage":"pl-PL","@id":"https:\/\/zsp1chojna.pl\/#\/schema\/logo\/image\/","url":"https:\/\/zsp1chojna.pl\/wp-content\/uploads\/2023\/08\/cropped-cropped-cropped-Logo-biale-napis-na-3-wiersze_504-1.png","contentUrl":"https:\/\/zsp1chojna.pl\/wp-content\/uploads\/2023\/08\/cropped-cropped-cropped-Logo-biale-napis-na-3-wiersze_504-1.png","width":504,"height":167,"caption":"ZSP w Chojnie"},"image":{"@id":"https:\/\/zsp1chojna.pl\/#\/schema\/logo\/image\/"}}]}},"_links":{"self":[{"href":"https:\/\/zsp1chojna.pl\/index.php?rest_route=\/wp\/v2\/pages\/8584","targetHints":{"allow":["GET"]}}],"collection":[{"href":"https:\/\/zsp1chojna.pl\/index.php?rest_route=\/wp\/v2\/pages"}],"about":[{"href":"https:\/\/zsp1chojna.pl\/index.php?rest_route=\/wp\/v2\/types\/page"}],"author":[{"embeddable":true,"href":"https:\/\/zsp1chojna.pl\/index.php?rest_route=\/wp\/v2\/users\/1"}],"replies":[{"embeddable":true,"href":"https:\/\/zsp1chojna.pl\/index.php?rest_route=%2Fwp%2Fv2%2Fcomments&post=8584"}],"version-history":[{"count":10,"href":"https:\/\/zsp1chojna.pl\/index.php?rest_route=\/wp\/v2\/pages\/8584\/revisions"}],"predecessor-version":[{"id":8597,"href":"https:\/\/zsp1chojna.pl\/index.php?rest_route=\/wp\/v2\/pages\/8584\/revisions\/8597"}],"wp:attachment":[{"href":"https:\/\/zsp1chojna.pl\/index.php?rest_route=%2Fwp%2Fv2%2Fmedia&parent=8584"}],"curies":[{"name":"wp","href":"https:\/\/api.w.org\/{rel}","templated":true}]}}