{"id":7940,"date":"2023-12-29T11:39:16","date_gmt":"2023-12-29T10:39:16","guid":{"rendered":"https:\/\/zsp1chojna.pl\/?page_id=7940"},"modified":"2024-01-17T13:44:09","modified_gmt":"2024-01-17T12:44:09","slug":"opis-programu-opw","status":"publish","type":"page","link":"https:\/\/zsp1chojna.pl\/?page_id=7940","title":{"rendered":"Opis programu OPW"},"content":{"rendered":"\n<p class=\"has-text-align-justify\">Od wrze\u015bnia 2022 r., w Zespole Szk\u00f3\u0142 Ponadpodstawowych w Chojnie funkcjonuj\u0105 dwa\u00a0 Oddzia\u0142y Przygotowania Wojskowego, 1c LO i 2c LO. Mo\u017cliwo\u015b\u0107 tak\u0105 daje nowelizacja ustawy Prawo o\u015bwiatowe oraz ustawa o finansowaniu zada\u0144 o\u015bwiatowych, na podstawie kt\u00f3rych powstaj\u0105 oddzia\u0142y przygotowania wojskowego (OPW) w publicznych i niepublicznych szko\u0142ach ponadpodstawowych. W oddzia\u0142ach realizowane jest szkolenie z zakresu przygotowania wojskowego, w formie obowi\u0105zkowych zaj\u0119\u0107 edukacyjnych, a jego program okre\u015bla rozporz\u0105dzenie Ministra Obrony Narodowej z dnia 21 maja 2020 r. w sprawie szkolenia \u00a0w oddziale przygotowania wojskowego. Program realizowany jest przez szko\u0142\u0119 w cz\u0119\u015bci teoretycznej oraz w cz\u0119\u015bci praktycznej przez patronack\u0105 jednostk\u0119 wojskow\u0105, kt\u00f3r\u0105 jest 5 Pu\u0142k In\u017cynieryjny w Szczecinie Podjuchach. Szkolenie w oddziale ko\u0144czy\u0107 si\u0119 b\u0119dzie 50-godzinnym obozem szkoleniowym, przeprowadzonym na pocz\u0105tku ostatniego roku nauki. Mo\u017cliwo\u015b\u0107 tworzenia w szko\u0142ach OPW jest rozwi\u0105zaniem systemowym, upowszechniaj\u0105cym edukacj\u0119 w zakresie obronno\u015bci. Rezultatami, kt\u00f3re Ministerstwo Obrony Narodowej chce osi\u0105gn\u0105\u0107, jest zasilenie ochotnikami rezerw osobowych Si\u0142 Zbrojnych i Wojsk Obrony Terytorialnej. W dalszej perspektywie czasowej celem jest zwi\u0119kszenie liczebno\u015bci Si\u0142 Zbrojnych, a tak\u017ce wzmocnienie edukacji obronnej w spo\u0142ecze\u0144stwie. Minimalna liczba godzin zaj\u0119\u0107 realizowanych w ramach programu szkolenia w liceum og\u00f3lnokszta\u0142c\u0105cym i w technikum wynosi 230 godzin, w tym 53 godziny zaj\u0119\u0107 teoretycznych i 177 godzin zaj\u0119\u0107 praktycznych.<\/p>\n\n\n\n<p class=\"has-text-align-justify\">Szko\u0142y ponadpodstawowe od roku 2020 maj\u0105 mo\u017cliwo\u015b\u0107 wyst\u0105pienia do Ministra Obrony Narodowej z wnioskiem o udzielenie zezwolenia na utworzenie oddzia\u0142\u00f3w przygotowania wojskowego. Aby w pe\u0142ni realizowa\u0107 program szkolenia w Oddziale Przygotowania Wojskowego w ZSP w Chojnie, Ministerstwo Obrony Narodowej udzieli\u0142o Powiatowi Gryfi\u0144skiemu dotacji celowych, umo\u017cliwiaj\u0105cych zakup przez szko\u0142\u0119 pakiet\u00f3w ubiorczych uczni\u00f3w OPW, jak r\u00f3wnie\u017c wyposa\u017cenia specjalistycznego. Przyczynia si\u0119 to do znacznego uatrakcyjnienia kszta\u0142cenia w oddzia\u0142ach przygotowania wojskowego, co przek\u0142ada si\u0119 na liczb\u0119 ch\u0119tnych w procesie rekrutacji.<\/p>\n\n\n\n<div class=\"wp-block-columns is-layout-flex wp-container-core-columns-is-layout-9d6595d7 wp-block-columns-is-layout-flex\">\n<div class=\"wp-block-column is-layout-flow wp-block-column-is-layout-flow\">\n<figure class=\"wp-block-image size-large\"><img loading=\"lazy\" decoding=\"async\" width=\"1024\" height=\"683\" data-attachment-id=\"8451\" data-permalink=\"https:\/\/zsp1chojna.pl\/?attachment_id=8451\" data-orig-file=\"https:\/\/zsp1chojna.pl\/wp-content\/uploads\/2024\/01\/Tablica-ubior-uczniow-OPW-2024-scaled.jpg\" data-orig-size=\"2560,1707\" data-comments-opened=\"1\" data-image-meta=\"{&quot;aperture&quot;:&quot;0&quot;,&quot;credit&quot;:&quot;Komp&quot;,&quot;camera&quot;:&quot;&quot;,&quot;caption&quot;:&quot;&quot;,&quot;created_timestamp&quot;:&quot;1705348927&quot;,&quot;copyright&quot;:&quot;&quot;,&quot;focal_length&quot;:&quot;0&quot;,&quot;iso&quot;:&quot;0&quot;,&quot;shutter_speed&quot;:&quot;0&quot;,&quot;title&quot;:&quot;&quot;,&quot;orientation&quot;:&quot;0&quot;}\" data-image-title=\"Tablica &amp;#8211; ubi\u00f3r uczni\u00f3w OPW 2024\" data-image-description=\"\" data-image-caption=\"\" data-medium-file=\"https:\/\/zsp1chojna.pl\/wp-content\/uploads\/2024\/01\/Tablica-ubior-uczniow-OPW-2024-300x200.jpg\" data-large-file=\"https:\/\/zsp1chojna.pl\/wp-content\/uploads\/2024\/01\/Tablica-ubior-uczniow-OPW-2024-1024x683.jpg\" src=\"https:\/\/zsp1chojna.pl\/wp-content\/uploads\/2024\/01\/Tablica-ubior-uczniow-OPW-2024-1024x683.jpg\" alt=\"\" class=\"wp-image-8451\" srcset=\"https:\/\/zsp1chojna.pl\/wp-content\/uploads\/2024\/01\/Tablica-ubior-uczniow-OPW-2024-1024x683.jpg 1024w, https:\/\/zsp1chojna.pl\/wp-content\/uploads\/2024\/01\/Tablica-ubior-uczniow-OPW-2024-300x200.jpg 300w, https:\/\/zsp1chojna.pl\/wp-content\/uploads\/2024\/01\/Tablica-ubior-uczniow-OPW-2024-768x512.jpg 768w, https:\/\/zsp1chojna.pl\/wp-content\/uploads\/2024\/01\/Tablica-ubior-uczniow-OPW-2024-1536x1024.jpg 1536w, https:\/\/zsp1chojna.pl\/wp-content\/uploads\/2024\/01\/Tablica-ubior-uczniow-OPW-2024-2048x1365.jpg 2048w, https:\/\/zsp1chojna.pl\/wp-content\/uploads\/2024\/01\/Tablica-ubior-uczniow-OPW-2024-947x631.jpg 947w, https:\/\/zsp1chojna.pl\/wp-content\/uploads\/2024\/01\/Tablica-ubior-uczniow-OPW-2024-624x416.jpg 624w, https:\/\/zsp1chojna.pl\/wp-content\/uploads\/2024\/01\/Tablica-ubior-uczniow-OPW-2024-84x56.jpg 84w\" sizes=\"auto, (max-width: 1024px) 100vw, 1024px\" \/><\/figure>\n<\/div>\n\n\n\n<div class=\"wp-block-column is-layout-flow wp-block-column-is-layout-flow\">\n<figure class=\"wp-block-image size-large\"><img loading=\"lazy\" decoding=\"async\" width=\"1024\" height=\"683\" data-attachment-id=\"1633\" data-permalink=\"https:\/\/zsp1chojna.pl\/?attachment_id=1633\" data-orig-file=\"https:\/\/zsp1chojna.pl\/wp-content\/uploads\/2023\/08\/Tablica_OPW-2022-2023_1920.jpg\" data-orig-size=\"1920,1280\" data-comments-opened=\"1\" data-image-meta=\"{&quot;aperture&quot;:&quot;0&quot;,&quot;credit&quot;:&quot;Komp&quot;,&quot;camera&quot;:&quot;&quot;,&quot;caption&quot;:&quot;&quot;,&quot;created_timestamp&quot;:&quot;1674422513&quot;,&quot;copyright&quot;:&quot;&quot;,&quot;focal_length&quot;:&quot;0&quot;,&quot;iso&quot;:&quot;0&quot;,&quot;shutter_speed&quot;:&quot;0&quot;,&quot;title&quot;:&quot;&quot;,&quot;orientation&quot;:&quot;0&quot;}\" data-image-title=\"Tablica_OPW-2022-2023_1920\" data-image-description=\"\" data-image-caption=\"\" data-medium-file=\"https:\/\/zsp1chojna.pl\/wp-content\/uploads\/2023\/08\/Tablica_OPW-2022-2023_1920-300x200.jpg\" data-large-file=\"https:\/\/zsp1chojna.pl\/wp-content\/uploads\/2023\/08\/Tablica_OPW-2022-2023_1920-1024x683.jpg\" src=\"https:\/\/zsp1chojna.pl\/wp-content\/uploads\/2023\/08\/Tablica_OPW-2022-2023_1920-1024x683.jpg\" alt=\"\" class=\"wp-image-1633\" srcset=\"https:\/\/zsp1chojna.pl\/wp-content\/uploads\/2023\/08\/Tablica_OPW-2022-2023_1920-1024x683.jpg 1024w, https:\/\/zsp1chojna.pl\/wp-content\/uploads\/2023\/08\/Tablica_OPW-2022-2023_1920-300x200.jpg 300w, https:\/\/zsp1chojna.pl\/wp-content\/uploads\/2023\/08\/Tablica_OPW-2022-2023_1920-768x512.jpg 768w, https:\/\/zsp1chojna.pl\/wp-content\/uploads\/2023\/08\/Tablica_OPW-2022-2023_1920-1536x1024.jpg 1536w, https:\/\/zsp1chojna.pl\/wp-content\/uploads\/2023\/08\/Tablica_OPW-2022-2023_1920-947x631.jpg 947w, https:\/\/zsp1chojna.pl\/wp-content\/uploads\/2023\/08\/Tablica_OPW-2022-2023_1920-624x416.jpg 624w, https:\/\/zsp1chojna.pl\/wp-content\/uploads\/2023\/08\/Tablica_OPW-2022-2023_1920-84x56.jpg 84w, https:\/\/zsp1chojna.pl\/wp-content\/uploads\/2023\/08\/Tablica_OPW-2022-2023_1920.jpg 1920w\" sizes=\"auto, (max-width: 1024px) 100vw, 1024px\" \/><\/figure>\n<\/div>\n<\/div>\n","protected":false},"excerpt":{"rendered":"<p>Od wrze\u015bnia 2022 r., w Zespole Szk\u00f3\u0142 Ponadpodstawowych w Chojnie funkcjonuj\u0105 dwa\u00a0 Oddzia\u0142y Przygotowania Wojskowego, 1c LO i 2c LO. Mo\u017cliwo\u015b\u0107 tak\u0105 daje nowelizacja ustawy Prawo o\u015bwiatowe oraz ustawa o [&hellip;]<\/p>\n","protected":false},"author":1,"featured_media":0,"parent":0,"menu_order":0,"comment_status":"closed","ping_status":"closed","template":"","meta":{"footnotes":""},"class_list":["post-7940","page","type-page","status-publish","hentry"],"yoast_head":"<!-- This site is optimized with the Yoast SEO plugin v20.13 - https:\/\/yoast.com\/wordpress\/plugins\/seo\/ -->\n<title>Opis programu OPW - ZSP w Chojnie<\/title>\n<meta name=\"robots\" content=\"index, follow, max-snippet:-1, max-image-preview:large, max-video-preview:-1\" \/>\n<link rel=\"canonical\" href=\"https:\/\/zsp1chojna.pl\/?page_id=7940\" \/>\n<meta property=\"og:locale\" content=\"pl_PL\" \/>\n<meta property=\"og:type\" content=\"article\" \/>\n<meta property=\"og:title\" content=\"Opis programu OPW - ZSP w Chojnie\" \/>\n<meta property=\"og:description\" content=\"Od wrze\u015bnia 2022 r., w Zespole Szk\u00f3\u0142 Ponadpodstawowych w Chojnie funkcjonuj\u0105 dwa\u00a0 Oddzia\u0142y Przygotowania Wojskowego, 1c LO i 2c LO. Mo\u017cliwo\u015b\u0107 tak\u0105 daje nowelizacja ustawy Prawo o\u015bwiatowe oraz ustawa o [&hellip;]\" \/>\n<meta property=\"og:url\" content=\"https:\/\/zsp1chojna.pl\/?page_id=7940\" \/>\n<meta property=\"og:site_name\" content=\"ZSP w Chojnie\" \/>\n<meta property=\"article:modified_time\" content=\"2024-01-17T12:44:09+00:00\" \/>\n<meta property=\"og:image\" content=\"https:\/\/zsp1chojna.pl\/wp-content\/uploads\/2024\/01\/Tablica-ubior-uczniow-OPW-2024-1024x683.jpg\" \/>\n<meta name=\"twitter:card\" content=\"summary_large_image\" \/>\n<meta name=\"twitter:label1\" content=\"Szacowany czas czytania\" \/>\n\t<meta name=\"twitter:data1\" content=\"3 minuty\" \/>\n<script type=\"application\/ld+json\" class=\"yoast-schema-graph\">{\"@context\":\"https:\/\/schema.org\",\"@graph\":[{\"@type\":\"WebPage\",\"@id\":\"https:\/\/zsp1chojna.pl\/?page_id=7940\",\"url\":\"https:\/\/zsp1chojna.pl\/?page_id=7940\",\"name\":\"Opis programu OPW - ZSP w Chojnie\",\"isPartOf\":{\"@id\":\"https:\/\/zsp1chojna.pl\/#website\"},\"datePublished\":\"2023-12-29T10:39:16+00:00\",\"dateModified\":\"2024-01-17T12:44:09+00:00\",\"breadcrumb\":{\"@id\":\"https:\/\/zsp1chojna.pl\/?page_id=7940#breadcrumb\"},\"inLanguage\":\"pl-PL\",\"potentialAction\":[{\"@type\":\"ReadAction\",\"target\":[\"https:\/\/zsp1chojna.pl\/?page_id=7940\"]}]},{\"@type\":\"BreadcrumbList\",\"@id\":\"https:\/\/zsp1chojna.pl\/?page_id=7940#breadcrumb\",\"itemListElement\":[{\"@type\":\"ListItem\",\"position\":1,\"name\":\"Home\",\"item\":\"https:\/\/zsp1chojna.pl\/\"},{\"@type\":\"ListItem\",\"position\":2,\"name\":\"Opis programu OPW\"}]},{\"@type\":\"WebSite\",\"@id\":\"https:\/\/zsp1chojna.pl\/#website\",\"url\":\"https:\/\/zsp1chojna.pl\/\",\"name\":\"ZSP w Chojnie\",\"description\":\"\",\"publisher\":{\"@id\":\"https:\/\/zsp1chojna.pl\/#organization\"},\"potentialAction\":[{\"@type\":\"SearchAction\",\"target\":{\"@type\":\"EntryPoint\",\"urlTemplate\":\"https:\/\/zsp1chojna.pl\/?s={search_term_string}\"},\"query-input\":\"required name=search_term_string\"}],\"inLanguage\":\"pl-PL\"},{\"@type\":\"Organization\",\"@id\":\"https:\/\/zsp1chojna.pl\/#organization\",\"name\":\"ZSP w Chojnie\",\"url\":\"https:\/\/zsp1chojna.pl\/\",\"logo\":{\"@type\":\"ImageObject\",\"inLanguage\":\"pl-PL\",\"@id\":\"https:\/\/zsp1chojna.pl\/#\/schema\/logo\/image\/\",\"url\":\"https:\/\/zsp1chojna.pl\/wp-content\/uploads\/2023\/08\/cropped-cropped-cropped-Logo-biale-napis-na-3-wiersze_504-1.png\",\"contentUrl\":\"https:\/\/zsp1chojna.pl\/wp-content\/uploads\/2023\/08\/cropped-cropped-cropped-Logo-biale-napis-na-3-wiersze_504-1.png\",\"width\":504,\"height\":167,\"caption\":\"ZSP w Chojnie\"},\"image\":{\"@id\":\"https:\/\/zsp1chojna.pl\/#\/schema\/logo\/image\/\"}}]}<\/script>\n<!-- \/ Yoast SEO plugin. -->","yoast_head_json":{"title":"Opis programu OPW - ZSP w Chojnie","robots":{"index":"index","follow":"follow","max-snippet":"max-snippet:-1","max-image-preview":"max-image-preview:large","max-video-preview":"max-video-preview:-1"},"canonical":"https:\/\/zsp1chojna.pl\/?page_id=7940","og_locale":"pl_PL","og_type":"article","og_title":"Opis programu OPW - ZSP w Chojnie","og_description":"Od wrze\u015bnia 2022 r., w Zespole Szk\u00f3\u0142 Ponadpodstawowych w Chojnie funkcjonuj\u0105 dwa\u00a0 Oddzia\u0142y Przygotowania Wojskowego, 1c LO i 2c LO. Mo\u017cliwo\u015b\u0107 tak\u0105 daje nowelizacja ustawy Prawo o\u015bwiatowe oraz ustawa o [&hellip;]","og_url":"https:\/\/zsp1chojna.pl\/?page_id=7940","og_site_name":"ZSP w Chojnie","article_modified_time":"2024-01-17T12:44:09+00:00","og_image":[{"url":"https:\/\/zsp1chojna.pl\/wp-content\/uploads\/2024\/01\/Tablica-ubior-uczniow-OPW-2024-1024x683.jpg"}],"twitter_card":"summary_large_image","twitter_misc":{"Szacowany czas czytania":"3 minuty"},"schema":{"@context":"https:\/\/schema.org","@graph":[{"@type":"WebPage","@id":"https:\/\/zsp1chojna.pl\/?page_id=7940","url":"https:\/\/zsp1chojna.pl\/?page_id=7940","name":"Opis programu OPW - ZSP w Chojnie","isPartOf":{"@id":"https:\/\/zsp1chojna.pl\/#website"},"datePublished":"2023-12-29T10:39:16+00:00","dateModified":"2024-01-17T12:44:09+00:00","breadcrumb":{"@id":"https:\/\/zsp1chojna.pl\/?page_id=7940#breadcrumb"},"inLanguage":"pl-PL","potentialAction":[{"@type":"ReadAction","target":["https:\/\/zsp1chojna.pl\/?page_id=7940"]}]},{"@type":"BreadcrumbList","@id":"https:\/\/zsp1chojna.pl\/?page_id=7940#breadcrumb","itemListElement":[{"@type":"ListItem","position":1,"name":"Home","item":"https:\/\/zsp1chojna.pl\/"},{"@type":"ListItem","position":2,"name":"Opis programu OPW"}]},{"@type":"WebSite","@id":"https:\/\/zsp1chojna.pl\/#website","url":"https:\/\/zsp1chojna.pl\/","name":"ZSP w Chojnie","description":"","publisher":{"@id":"https:\/\/zsp1chojna.pl\/#organization"},"potentialAction":[{"@type":"SearchAction","target":{"@type":"EntryPoint","urlTemplate":"https:\/\/zsp1chojna.pl\/?s={search_term_string}"},"query-input":"required name=search_term_string"}],"inLanguage":"pl-PL"},{"@type":"Organization","@id":"https:\/\/zsp1chojna.pl\/#organization","name":"ZSP w Chojnie","url":"https:\/\/zsp1chojna.pl\/","logo":{"@type":"ImageObject","inLanguage":"pl-PL","@id":"https:\/\/zsp1chojna.pl\/#\/schema\/logo\/image\/","url":"https:\/\/zsp1chojna.pl\/wp-content\/uploads\/2023\/08\/cropped-cropped-cropped-Logo-biale-napis-na-3-wiersze_504-1.png","contentUrl":"https:\/\/zsp1chojna.pl\/wp-content\/uploads\/2023\/08\/cropped-cropped-cropped-Logo-biale-napis-na-3-wiersze_504-1.png","width":504,"height":167,"caption":"ZSP w Chojnie"},"image":{"@id":"https:\/\/zsp1chojna.pl\/#\/schema\/logo\/image\/"}}]}},"_links":{"self":[{"href":"https:\/\/zsp1chojna.pl\/index.php?rest_route=\/wp\/v2\/pages\/7940","targetHints":{"allow":["GET"]}}],"collection":[{"href":"https:\/\/zsp1chojna.pl\/index.php?rest_route=\/wp\/v2\/pages"}],"about":[{"href":"https:\/\/zsp1chojna.pl\/index.php?rest_route=\/wp\/v2\/types\/page"}],"author":[{"embeddable":true,"href":"https:\/\/zsp1chojna.pl\/index.php?rest_route=\/wp\/v2\/users\/1"}],"replies":[{"embeddable":true,"href":"https:\/\/zsp1chojna.pl\/index.php?rest_route=%2Fwp%2Fv2%2Fcomments&post=7940"}],"version-history":[{"count":6,"href":"https:\/\/zsp1chojna.pl\/index.php?rest_route=\/wp\/v2\/pages\/7940\/revisions"}],"predecessor-version":[{"id":8452,"href":"https:\/\/zsp1chojna.pl\/index.php?rest_route=\/wp\/v2\/pages\/7940\/revisions\/8452"}],"wp:attachment":[{"href":"https:\/\/zsp1chojna.pl\/index.php?rest_route=%2Fwp%2Fv2%2Fmedia&parent=7940"}],"curies":[{"name":"wp","href":"https:\/\/api.w.org\/{rel}","templated":true}]}}