{"id":7615,"date":"2023-12-11T10:46:52","date_gmt":"2023-12-11T09:46:52","guid":{"rendered":"https:\/\/zsp1chojna.pl\/?page_id=7615"},"modified":"2023-12-11T10:49:36","modified_gmt":"2023-12-11T09:49:36","slug":"narodowy-program-rozwoju-czytelnictwa-2023-w-zespole-szkol-ponadpodstawowych-w-chojnie-2","status":"publish","type":"page","link":"https:\/\/zsp1chojna.pl\/?page_id=7615","title":{"rendered":"Narodowy Program Rozwoju Czytelnictwa 2023 w\u00a0Zespole Szk\u00f3\u0142 Ponadpodstawowych w\u00a0Chojnie"},"content":{"rendered":"<div class=\"wp-block-image\">\n<figure class=\"aligncenter size-large is-resized\"><img loading=\"lazy\" decoding=\"async\" width=\"1024\" height=\"155\" data-attachment-id=\"7607\" data-permalink=\"https:\/\/zsp1chojna.pl\/?attachment_id=7607\" data-orig-file=\"https:\/\/zsp1chojna.pl\/wp-content\/uploads\/2023\/12\/Narodowy-Program-Rozwoju-Czytelnictwa2023.png\" data-orig-size=\"1386,210\" data-comments-opened=\"1\" data-image-meta=\"{&quot;aperture&quot;:&quot;0&quot;,&quot;credit&quot;:&quot;&quot;,&quot;camera&quot;:&quot;&quot;,&quot;caption&quot;:&quot;&quot;,&quot;created_timestamp&quot;:&quot;0&quot;,&quot;copyright&quot;:&quot;&quot;,&quot;focal_length&quot;:&quot;0&quot;,&quot;iso&quot;:&quot;0&quot;,&quot;shutter_speed&quot;:&quot;0&quot;,&quot;title&quot;:&quot;&quot;,&quot;orientation&quot;:&quot;0&quot;}\" data-image-title=\"Narodowy-Program-Rozwoju-Czytelnictwa2023\" data-image-description=\"\" data-image-caption=\"\" data-medium-file=\"https:\/\/zsp1chojna.pl\/wp-content\/uploads\/2023\/12\/Narodowy-Program-Rozwoju-Czytelnictwa2023-300x45.png\" data-large-file=\"https:\/\/zsp1chojna.pl\/wp-content\/uploads\/2023\/12\/Narodowy-Program-Rozwoju-Czytelnictwa2023-1024x155.png\" src=\"https:\/\/zsp1chojna.pl\/wp-content\/uploads\/2023\/12\/Narodowy-Program-Rozwoju-Czytelnictwa2023-1024x155.png\" alt=\"Narodowy-Program-Rozwoju-Czytelnictwa2023.png\" class=\"wp-image-7607\" style=\"width:747px;height:auto\" srcset=\"https:\/\/zsp1chojna.pl\/wp-content\/uploads\/2023\/12\/Narodowy-Program-Rozwoju-Czytelnictwa2023-1024x155.png 1024w, https:\/\/zsp1chojna.pl\/wp-content\/uploads\/2023\/12\/Narodowy-Program-Rozwoju-Czytelnictwa2023-300x45.png 300w, https:\/\/zsp1chojna.pl\/wp-content\/uploads\/2023\/12\/Narodowy-Program-Rozwoju-Czytelnictwa2023-768x116.png 768w, https:\/\/zsp1chojna.pl\/wp-content\/uploads\/2023\/12\/Narodowy-Program-Rozwoju-Czytelnictwa2023-947x143.png 947w, https:\/\/zsp1chojna.pl\/wp-content\/uploads\/2023\/12\/Narodowy-Program-Rozwoju-Czytelnictwa2023-624x95.png 624w, https:\/\/zsp1chojna.pl\/wp-content\/uploads\/2023\/12\/Narodowy-Program-Rozwoju-Czytelnictwa2023.png 1386w\" sizes=\"auto, (max-width: 1024px) 100vw, 1024px\" \/><\/figure>\n<\/div>\n\n\n<p><strong>Plan dzia\u0142a\u0144<\/strong>:<\/p>\n\n\n\n<ol class=\"wp-block-list\" start=\"1\">\n<li>Diagnoza zainteresowa\u0144 czytelniczych uczni\u00f3w.<\/li>\n\n\n\n<li>Projekt edukacyjny pt.: \u201eWymie\u0144 ksi\u0105\u017ck\u0119\u201d, oparty na praktyce \u201ebookcrossingu\u201d.<\/li>\n\n\n\n<li>Konkurs pt.:<em> \u201eExlibris biblioteki szkolnej&#8221;.<\/em> Zwyci\u0119ski znak zostanie umieszczony w&nbsp;zakupionych ksi\u0105\u017ckach.<\/li>\n\n\n\n<li>Konkurs<em> <\/em>fotograficzny <em>\u201eZasmakuj w bibliotece \u2013 ksi\u0105\u017ckowe przek\u0105ski, czy danie g\u0142\u00f3wne ?\u201d. <\/em>Najciekawsze zdj\u0119cia upi\u0119ksz\u0105 wystr\u00f3j korytarzy.<\/li>\n\n\n\n<li>Konkurs oraz wystawa na najciekawszy plakat promuj\u0105cy czytelnictwo.<\/li>\n\n\n\n<li>\u201eSztafeta Literacka\u201d \u2013 czytamy utwory wybranego autora.<\/li>\n\n\n\n<li>Akcja czytelnicza \u201eNarodowe Czytanie 2023\u201d \u2013 \u201eNad Niemnem\u201d Elizy Orzeszkowej.<\/li>\n\n\n\n<li>Akcja \u201eCzytanie drzewom\u201d, po\u0142\u0105czona z \u201e Drzewem cytat\u00f3w\u201d.<\/li>\n\n\n\n<li>Produkty intelektualne programu: szkolna gazeta WI\u00d3RY, po\u015bwi\u0119cona dzia\u0142aniom szko\u0142y w ramach programu NPRC.<\/li>\n\n\n\n<li>Gablota po\u015bwi\u0119cona patronom roku 2023.<\/li>\n\n\n\n<li>Akcja \u201e Ciastko z cytatem na dobry dzie\u0144&#8221; oraz przeprowadzenie zaj\u0119\u0107 savoir vivre, dla uczni\u00f3w klas pierwszych.<\/li>\n\n\n\n<li>Spotkanie autorskie z Arturem Boratczukiem, absolwentem ZSP w Chojnie.<\/li>\n\n\n\n<li>&nbsp;Przedsi\u0119wzi\u0119cie pt.: \u201eAleksander Fredro na scenie szkolnej\u201d.<\/li>\n\n\n\n<li>Literackie czwartki z przedszkolakami. Czytanie bajek przedszkolakom z Bajkowego Przedszkola w Chojnie.<\/li>\n\n\n\n<li>Upowszechnianie i promocja programu.<\/li>\n<\/ol>\n","protected":false},"excerpt":{"rendered":"<p>Plan dzia\u0142a\u0144:<\/p>\n","protected":false},"author":1,"featured_media":0,"parent":0,"menu_order":0,"comment_status":"closed","ping_status":"closed","template":"","meta":{"footnotes":""},"class_list":["post-7615","page","type-page","status-publish","hentry"],"yoast_head":"<!-- This site is optimized with the Yoast SEO plugin v20.13 - https:\/\/yoast.com\/wordpress\/plugins\/seo\/ -->\n<title>Narodowy Program Rozwoju Czytelnictwa 2023 w\u00a0Zespole Szk\u00f3\u0142 Ponadpodstawowych w\u00a0Chojnie - ZSP w Chojnie<\/title>\n<meta name=\"robots\" content=\"index, follow, max-snippet:-1, max-image-preview:large, max-video-preview:-1\" \/>\n<link rel=\"canonical\" href=\"https:\/\/zsp1chojna.pl\/?page_id=7615\" \/>\n<meta property=\"og:locale\" content=\"pl_PL\" \/>\n<meta property=\"og:type\" content=\"article\" \/>\n<meta property=\"og:title\" content=\"Narodowy Program Rozwoju Czytelnictwa 2023 w\u00a0Zespole Szk\u00f3\u0142 Ponadpodstawowych w\u00a0Chojnie - ZSP w Chojnie\" \/>\n<meta property=\"og:description\" content=\"Plan dzia\u0142a\u0144:\" \/>\n<meta property=\"og:url\" content=\"https:\/\/zsp1chojna.pl\/?page_id=7615\" \/>\n<meta property=\"og:site_name\" content=\"ZSP w Chojnie\" \/>\n<meta property=\"article:modified_time\" content=\"2023-12-11T09:49:36+00:00\" \/>\n<meta property=\"og:image\" content=\"https:\/\/zsp1chojna.pl\/wp-content\/uploads\/2023\/12\/Narodowy-Program-Rozwoju-Czytelnictwa2023-1024x155.png\" \/>\n<meta name=\"twitter:card\" content=\"summary_large_image\" \/>\n<meta name=\"twitter:label1\" content=\"Szacowany czas czytania\" \/>\n\t<meta name=\"twitter:data1\" content=\"2 minuty\" \/>\n<script type=\"application\/ld+json\" class=\"yoast-schema-graph\">{\"@context\":\"https:\/\/schema.org\",\"@graph\":[{\"@type\":\"WebPage\",\"@id\":\"https:\/\/zsp1chojna.pl\/?page_id=7615\",\"url\":\"https:\/\/zsp1chojna.pl\/?page_id=7615\",\"name\":\"Narodowy Program Rozwoju Czytelnictwa 2023 w\u00a0Zespole Szk\u00f3\u0142 Ponadpodstawowych w\u00a0Chojnie - ZSP w Chojnie\",\"isPartOf\":{\"@id\":\"https:\/\/zsp1chojna.pl\/#website\"},\"datePublished\":\"2023-12-11T09:46:52+00:00\",\"dateModified\":\"2023-12-11T09:49:36+00:00\",\"breadcrumb\":{\"@id\":\"https:\/\/zsp1chojna.pl\/?page_id=7615#breadcrumb\"},\"inLanguage\":\"pl-PL\",\"potentialAction\":[{\"@type\":\"ReadAction\",\"target\":[\"https:\/\/zsp1chojna.pl\/?page_id=7615\"]}]},{\"@type\":\"BreadcrumbList\",\"@id\":\"https:\/\/zsp1chojna.pl\/?page_id=7615#breadcrumb\",\"itemListElement\":[{\"@type\":\"ListItem\",\"position\":1,\"name\":\"Home\",\"item\":\"https:\/\/zsp1chojna.pl\/\"},{\"@type\":\"ListItem\",\"position\":2,\"name\":\"Narodowy Program Rozwoju Czytelnictwa 2023 w\u00a0Zespole Szk\u00f3\u0142 Ponadpodstawowych w\u00a0Chojnie\"}]},{\"@type\":\"WebSite\",\"@id\":\"https:\/\/zsp1chojna.pl\/#website\",\"url\":\"https:\/\/zsp1chojna.pl\/\",\"name\":\"ZSP w Chojnie\",\"description\":\"\",\"publisher\":{\"@id\":\"https:\/\/zsp1chojna.pl\/#organization\"},\"potentialAction\":[{\"@type\":\"SearchAction\",\"target\":{\"@type\":\"EntryPoint\",\"urlTemplate\":\"https:\/\/zsp1chojna.pl\/?s={search_term_string}\"},\"query-input\":\"required name=search_term_string\"}],\"inLanguage\":\"pl-PL\"},{\"@type\":\"Organization\",\"@id\":\"https:\/\/zsp1chojna.pl\/#organization\",\"name\":\"ZSP w Chojnie\",\"url\":\"https:\/\/zsp1chojna.pl\/\",\"logo\":{\"@type\":\"ImageObject\",\"inLanguage\":\"pl-PL\",\"@id\":\"https:\/\/zsp1chojna.pl\/#\/schema\/logo\/image\/\",\"url\":\"https:\/\/zsp1chojna.pl\/wp-content\/uploads\/2023\/08\/cropped-cropped-cropped-Logo-biale-napis-na-3-wiersze_504-1.png\",\"contentUrl\":\"https:\/\/zsp1chojna.pl\/wp-content\/uploads\/2023\/08\/cropped-cropped-cropped-Logo-biale-napis-na-3-wiersze_504-1.png\",\"width\":504,\"height\":167,\"caption\":\"ZSP w Chojnie\"},\"image\":{\"@id\":\"https:\/\/zsp1chojna.pl\/#\/schema\/logo\/image\/\"}}]}<\/script>\n<!-- \/ Yoast SEO plugin. -->","yoast_head_json":{"title":"Narodowy Program Rozwoju Czytelnictwa 2023 w\u00a0Zespole Szk\u00f3\u0142 Ponadpodstawowych w\u00a0Chojnie - ZSP w Chojnie","robots":{"index":"index","follow":"follow","max-snippet":"max-snippet:-1","max-image-preview":"max-image-preview:large","max-video-preview":"max-video-preview:-1"},"canonical":"https:\/\/zsp1chojna.pl\/?page_id=7615","og_locale":"pl_PL","og_type":"article","og_title":"Narodowy Program Rozwoju Czytelnictwa 2023 w\u00a0Zespole Szk\u00f3\u0142 Ponadpodstawowych w\u00a0Chojnie - ZSP w Chojnie","og_description":"Plan dzia\u0142a\u0144:","og_url":"https:\/\/zsp1chojna.pl\/?page_id=7615","og_site_name":"ZSP w Chojnie","article_modified_time":"2023-12-11T09:49:36+00:00","og_image":[{"url":"https:\/\/zsp1chojna.pl\/wp-content\/uploads\/2023\/12\/Narodowy-Program-Rozwoju-Czytelnictwa2023-1024x155.png"}],"twitter_card":"summary_large_image","twitter_misc":{"Szacowany czas czytania":"2 minuty"},"schema":{"@context":"https:\/\/schema.org","@graph":[{"@type":"WebPage","@id":"https:\/\/zsp1chojna.pl\/?page_id=7615","url":"https:\/\/zsp1chojna.pl\/?page_id=7615","name":"Narodowy Program Rozwoju Czytelnictwa 2023 w\u00a0Zespole Szk\u00f3\u0142 Ponadpodstawowych w\u00a0Chojnie - ZSP w Chojnie","isPartOf":{"@id":"https:\/\/zsp1chojna.pl\/#website"},"datePublished":"2023-12-11T09:46:52+00:00","dateModified":"2023-12-11T09:49:36+00:00","breadcrumb":{"@id":"https:\/\/zsp1chojna.pl\/?page_id=7615#breadcrumb"},"inLanguage":"pl-PL","potentialAction":[{"@type":"ReadAction","target":["https:\/\/zsp1chojna.pl\/?page_id=7615"]}]},{"@type":"BreadcrumbList","@id":"https:\/\/zsp1chojna.pl\/?page_id=7615#breadcrumb","itemListElement":[{"@type":"ListItem","position":1,"name":"Home","item":"https:\/\/zsp1chojna.pl\/"},{"@type":"ListItem","position":2,"name":"Narodowy Program Rozwoju Czytelnictwa 2023 w\u00a0Zespole Szk\u00f3\u0142 Ponadpodstawowych w\u00a0Chojnie"}]},{"@type":"WebSite","@id":"https:\/\/zsp1chojna.pl\/#website","url":"https:\/\/zsp1chojna.pl\/","name":"ZSP w Chojnie","description":"","publisher":{"@id":"https:\/\/zsp1chojna.pl\/#organization"},"potentialAction":[{"@type":"SearchAction","target":{"@type":"EntryPoint","urlTemplate":"https:\/\/zsp1chojna.pl\/?s={search_term_string}"},"query-input":"required name=search_term_string"}],"inLanguage":"pl-PL"},{"@type":"Organization","@id":"https:\/\/zsp1chojna.pl\/#organization","name":"ZSP w Chojnie","url":"https:\/\/zsp1chojna.pl\/","logo":{"@type":"ImageObject","inLanguage":"pl-PL","@id":"https:\/\/zsp1chojna.pl\/#\/schema\/logo\/image\/","url":"https:\/\/zsp1chojna.pl\/wp-content\/uploads\/2023\/08\/cropped-cropped-cropped-Logo-biale-napis-na-3-wiersze_504-1.png","contentUrl":"https:\/\/zsp1chojna.pl\/wp-content\/uploads\/2023\/08\/cropped-cropped-cropped-Logo-biale-napis-na-3-wiersze_504-1.png","width":504,"height":167,"caption":"ZSP w Chojnie"},"image":{"@id":"https:\/\/zsp1chojna.pl\/#\/schema\/logo\/image\/"}}]}},"_links":{"self":[{"href":"https:\/\/zsp1chojna.pl\/index.php?rest_route=\/wp\/v2\/pages\/7615","targetHints":{"allow":["GET"]}}],"collection":[{"href":"https:\/\/zsp1chojna.pl\/index.php?rest_route=\/wp\/v2\/pages"}],"about":[{"href":"https:\/\/zsp1chojna.pl\/index.php?rest_route=\/wp\/v2\/types\/page"}],"author":[{"embeddable":true,"href":"https:\/\/zsp1chojna.pl\/index.php?rest_route=\/wp\/v2\/users\/1"}],"replies":[{"embeddable":true,"href":"https:\/\/zsp1chojna.pl\/index.php?rest_route=%2Fwp%2Fv2%2Fcomments&post=7615"}],"version-history":[{"count":5,"href":"https:\/\/zsp1chojna.pl\/index.php?rest_route=\/wp\/v2\/pages\/7615\/revisions"}],"predecessor-version":[{"id":7623,"href":"https:\/\/zsp1chojna.pl\/index.php?rest_route=\/wp\/v2\/pages\/7615\/revisions\/7623"}],"wp:attachment":[{"href":"https:\/\/zsp1chojna.pl\/index.php?rest_route=%2Fwp%2Fv2%2Fmedia&parent=7615"}],"curies":[{"name":"wp","href":"https:\/\/api.w.org\/{rel}","templated":true}]}}