{"id":6112,"date":"2023-09-30T08:53:00","date_gmt":"2023-09-30T06:53:00","guid":{"rendered":"https:\/\/zsp1chojna.pl\/?page_id=6112"},"modified":"2023-10-06T09:44:19","modified_gmt":"2023-10-06T07:44:19","slug":"uczniowie-opw-realizowali-zajecia-praktyczne-w-5-pulku-inzynieryjnym-w-szczecinie","status":"publish","type":"page","link":"https:\/\/zsp1chojna.pl\/?page_id=6112","title":{"rendered":"Uczniowie OPW\u00a0realizowali zaj\u0119cia praktyczne\u00a0w 5 Pu\u0142ku In\u017cynieryjnym w Szczecinie.\u00a0"},"content":{"rendered":"\n<p class=\"has-text-align-justify\">27 wrze\u015bnia 2023 r. kadeci kl. 1c LO oraz kl. 2c LO Oddzia\u0142u Przygotowania Wojskowego Zespo\u0142u Szk\u00f3\u0142 Ponadpodstawowych w Chojnie, po raz pierwszy w tym roku szkolnym, realizowali zaj\u0119cia praktyczne w 5 Pu\u0142ku In\u017cynieryjnym w Szczecinie.<\/p>\n\n\n\n<div class=\"wp-block-columns is-layout-flex wp-container-core-columns-is-layout-9d6595d7 wp-block-columns-is-layout-flex\">\n<div class=\"wp-block-column is-layout-flow wp-block-column-is-layout-flow\"><div class=\"wp-block-image\">\n<figure class=\"alignright size-full\"><img loading=\"lazy\" decoding=\"async\" width=\"550\" height=\"347\" data-attachment-id=\"6113\" data-permalink=\"https:\/\/zsp1chojna.pl\/?attachment_id=6113\" data-orig-file=\"https:\/\/zsp1chojna.pl\/wp-content\/uploads\/2023\/10\/zajecia5pulk-1.jpg\" data-orig-size=\"550,347\" data-comments-opened=\"1\" data-image-meta=\"{&quot;aperture&quot;:&quot;0&quot;,&quot;credit&quot;:&quot;&quot;,&quot;camera&quot;:&quot;&quot;,&quot;caption&quot;:&quot;&quot;,&quot;created_timestamp&quot;:&quot;0&quot;,&quot;copyright&quot;:&quot;&quot;,&quot;focal_length&quot;:&quot;0&quot;,&quot;iso&quot;:&quot;0&quot;,&quot;shutter_speed&quot;:&quot;0&quot;,&quot;title&quot;:&quot;&quot;,&quot;orientation&quot;:&quot;0&quot;}\" data-image-title=\"zajecia5pulk-1\" data-image-description=\"\" data-image-caption=\"\" data-medium-file=\"https:\/\/zsp1chojna.pl\/wp-content\/uploads\/2023\/10\/zajecia5pulk-1-300x189.jpg\" data-large-file=\"https:\/\/zsp1chojna.pl\/wp-content\/uploads\/2023\/10\/zajecia5pulk-1.jpg\" src=\"https:\/\/zsp1chojna.pl\/wp-content\/uploads\/2023\/10\/zajecia5pulk-1.jpg\" alt=\"\" class=\"wp-image-6113\" srcset=\"https:\/\/zsp1chojna.pl\/wp-content\/uploads\/2023\/10\/zajecia5pulk-1.jpg 550w, https:\/\/zsp1chojna.pl\/wp-content\/uploads\/2023\/10\/zajecia5pulk-1-300x189.jpg 300w\" sizes=\"auto, (max-width: 550px) 100vw, 550px\" \/><\/figure>\n<\/div><\/div>\n\n\n\n<div class=\"wp-block-column is-layout-flow wp-block-column-is-layout-flow\"><div class=\"wp-block-image\">\n<figure class=\"alignleft size-full\"><img loading=\"lazy\" decoding=\"async\" width=\"550\" height=\"347\" data-attachment-id=\"6114\" data-permalink=\"https:\/\/zsp1chojna.pl\/?attachment_id=6114\" data-orig-file=\"https:\/\/zsp1chojna.pl\/wp-content\/uploads\/2023\/10\/zajecia5pulk-2.jpg\" data-orig-size=\"550,347\" data-comments-opened=\"1\" data-image-meta=\"{&quot;aperture&quot;:&quot;0&quot;,&quot;credit&quot;:&quot;&quot;,&quot;camera&quot;:&quot;&quot;,&quot;caption&quot;:&quot;&quot;,&quot;created_timestamp&quot;:&quot;0&quot;,&quot;copyright&quot;:&quot;&quot;,&quot;focal_length&quot;:&quot;0&quot;,&quot;iso&quot;:&quot;0&quot;,&quot;shutter_speed&quot;:&quot;0&quot;,&quot;title&quot;:&quot;&quot;,&quot;orientation&quot;:&quot;0&quot;}\" data-image-title=\"zajecia5pulk-2\" data-image-description=\"\" data-image-caption=\"\" data-medium-file=\"https:\/\/zsp1chojna.pl\/wp-content\/uploads\/2023\/10\/zajecia5pulk-2-300x189.jpg\" data-large-file=\"https:\/\/zsp1chojna.pl\/wp-content\/uploads\/2023\/10\/zajecia5pulk-2.jpg\" src=\"https:\/\/zsp1chojna.pl\/wp-content\/uploads\/2023\/10\/zajecia5pulk-2.jpg\" alt=\"\" class=\"wp-image-6114\" srcset=\"https:\/\/zsp1chojna.pl\/wp-content\/uploads\/2023\/10\/zajecia5pulk-2.jpg 550w, https:\/\/zsp1chojna.pl\/wp-content\/uploads\/2023\/10\/zajecia5pulk-2-300x189.jpg 300w\" sizes=\"auto, (max-width: 550px) 100vw, 550px\" \/><\/figure>\n<\/div><\/div>\n<\/div>\n","protected":false},"excerpt":{"rendered":"<p>27 wrze\u015bnia 2023 r. kadeci kl. 1c LO oraz kl. 2c LO Oddzia\u0142u Przygotowania Wojskowego Zespo\u0142u Szk\u00f3\u0142 Ponadpodstawowych w Chojnie, po raz pierwszy w tym roku szkolnym, realizowali zaj\u0119cia praktyczne [&hellip;]<\/p>\n","protected":false},"author":1,"featured_media":0,"parent":0,"menu_order":0,"comment_status":"closed","ping_status":"closed","template":"","meta":{"footnotes":""},"class_list":["post-6112","page","type-page","status-publish","hentry"],"yoast_head":"<!-- This site is optimized with the Yoast SEO plugin v20.13 - https:\/\/yoast.com\/wordpress\/plugins\/seo\/ -->\n<title>Uczniowie OPW\u00a0realizowali zaj\u0119cia praktyczne\u00a0w 5 Pu\u0142ku In\u017cynieryjnym w Szczecinie.\u00a0 - ZSP w Chojnie<\/title>\n<meta name=\"robots\" content=\"index, follow, max-snippet:-1, max-image-preview:large, max-video-preview:-1\" \/>\n<link rel=\"canonical\" href=\"https:\/\/zsp1chojna.pl\/?page_id=6112\" \/>\n<meta property=\"og:locale\" content=\"pl_PL\" \/>\n<meta property=\"og:type\" content=\"article\" \/>\n<meta property=\"og:title\" content=\"Uczniowie OPW\u00a0realizowali zaj\u0119cia praktyczne\u00a0w 5 Pu\u0142ku In\u017cynieryjnym w Szczecinie.\u00a0 - ZSP w Chojnie\" \/>\n<meta property=\"og:description\" content=\"27 wrze\u015bnia 2023 r. kadeci kl. 1c LO oraz kl. 2c LO Oddzia\u0142u Przygotowania Wojskowego Zespo\u0142u Szk\u00f3\u0142 Ponadpodstawowych w Chojnie, po raz pierwszy w tym roku szkolnym, realizowali zaj\u0119cia praktyczne [&hellip;]\" \/>\n<meta property=\"og:url\" content=\"https:\/\/zsp1chojna.pl\/?page_id=6112\" \/>\n<meta property=\"og:site_name\" content=\"ZSP w Chojnie\" \/>\n<meta property=\"article:modified_time\" content=\"2023-10-06T07:44:19+00:00\" \/>\n<meta property=\"og:image\" content=\"https:\/\/zsp1chojna.pl\/wp-content\/uploads\/2023\/10\/zajecia5pulk-1.jpg\" \/>\n<meta name=\"twitter:card\" content=\"summary_large_image\" \/>\n<meta name=\"twitter:label1\" content=\"Szacowany czas czytania\" \/>\n\t<meta name=\"twitter:data1\" content=\"1 minuta\" \/>\n<script type=\"application\/ld+json\" class=\"yoast-schema-graph\">{\"@context\":\"https:\/\/schema.org\",\"@graph\":[{\"@type\":\"WebPage\",\"@id\":\"https:\/\/zsp1chojna.pl\/?page_id=6112\",\"url\":\"https:\/\/zsp1chojna.pl\/?page_id=6112\",\"name\":\"Uczniowie OPW\u00a0realizowali zaj\u0119cia praktyczne\u00a0w 5 Pu\u0142ku In\u017cynieryjnym w Szczecinie.\u00a0 - ZSP w Chojnie\",\"isPartOf\":{\"@id\":\"https:\/\/zsp1chojna.pl\/#website\"},\"datePublished\":\"2023-09-30T06:53:00+00:00\",\"dateModified\":\"2023-10-06T07:44:19+00:00\",\"breadcrumb\":{\"@id\":\"https:\/\/zsp1chojna.pl\/?page_id=6112#breadcrumb\"},\"inLanguage\":\"pl-PL\",\"potentialAction\":[{\"@type\":\"ReadAction\",\"target\":[\"https:\/\/zsp1chojna.pl\/?page_id=6112\"]}]},{\"@type\":\"BreadcrumbList\",\"@id\":\"https:\/\/zsp1chojna.pl\/?page_id=6112#breadcrumb\",\"itemListElement\":[{\"@type\":\"ListItem\",\"position\":1,\"name\":\"Home\",\"item\":\"https:\/\/zsp1chojna.pl\/\"},{\"@type\":\"ListItem\",\"position\":2,\"name\":\"Uczniowie OPW\u00a0realizowali zaj\u0119cia praktyczne\u00a0w 5 Pu\u0142ku In\u017cynieryjnym w&nbsp;Szczecinie.\u00a0\"}]},{\"@type\":\"WebSite\",\"@id\":\"https:\/\/zsp1chojna.pl\/#website\",\"url\":\"https:\/\/zsp1chojna.pl\/\",\"name\":\"ZSP w Chojnie\",\"description\":\"\",\"publisher\":{\"@id\":\"https:\/\/zsp1chojna.pl\/#organization\"},\"potentialAction\":[{\"@type\":\"SearchAction\",\"target\":{\"@type\":\"EntryPoint\",\"urlTemplate\":\"https:\/\/zsp1chojna.pl\/?s={search_term_string}\"},\"query-input\":\"required name=search_term_string\"}],\"inLanguage\":\"pl-PL\"},{\"@type\":\"Organization\",\"@id\":\"https:\/\/zsp1chojna.pl\/#organization\",\"name\":\"ZSP w Chojnie\",\"url\":\"https:\/\/zsp1chojna.pl\/\",\"logo\":{\"@type\":\"ImageObject\",\"inLanguage\":\"pl-PL\",\"@id\":\"https:\/\/zsp1chojna.pl\/#\/schema\/logo\/image\/\",\"url\":\"https:\/\/zsp1chojna.pl\/wp-content\/uploads\/2023\/08\/cropped-cropped-cropped-Logo-biale-napis-na-3-wiersze_504-1.png\",\"contentUrl\":\"https:\/\/zsp1chojna.pl\/wp-content\/uploads\/2023\/08\/cropped-cropped-cropped-Logo-biale-napis-na-3-wiersze_504-1.png\",\"width\":504,\"height\":167,\"caption\":\"ZSP w Chojnie\"},\"image\":{\"@id\":\"https:\/\/zsp1chojna.pl\/#\/schema\/logo\/image\/\"}}]}<\/script>\n<!-- \/ Yoast SEO plugin. -->","yoast_head_json":{"title":"Uczniowie OPW\u00a0realizowali zaj\u0119cia praktyczne\u00a0w 5 Pu\u0142ku In\u017cynieryjnym w Szczecinie.\u00a0 - ZSP w Chojnie","robots":{"index":"index","follow":"follow","max-snippet":"max-snippet:-1","max-image-preview":"max-image-preview:large","max-video-preview":"max-video-preview:-1"},"canonical":"https:\/\/zsp1chojna.pl\/?page_id=6112","og_locale":"pl_PL","og_type":"article","og_title":"Uczniowie OPW\u00a0realizowali zaj\u0119cia praktyczne\u00a0w 5 Pu\u0142ku In\u017cynieryjnym w Szczecinie.\u00a0 - ZSP w Chojnie","og_description":"27 wrze\u015bnia 2023 r. kadeci kl. 1c LO oraz kl. 2c LO Oddzia\u0142u Przygotowania Wojskowego Zespo\u0142u Szk\u00f3\u0142 Ponadpodstawowych w Chojnie, po raz pierwszy w tym roku szkolnym, realizowali zaj\u0119cia praktyczne [&hellip;]","og_url":"https:\/\/zsp1chojna.pl\/?page_id=6112","og_site_name":"ZSP w Chojnie","article_modified_time":"2023-10-06T07:44:19+00:00","og_image":[{"url":"https:\/\/zsp1chojna.pl\/wp-content\/uploads\/2023\/10\/zajecia5pulk-1.jpg"}],"twitter_card":"summary_large_image","twitter_misc":{"Szacowany czas czytania":"1 minuta"},"schema":{"@context":"https:\/\/schema.org","@graph":[{"@type":"WebPage","@id":"https:\/\/zsp1chojna.pl\/?page_id=6112","url":"https:\/\/zsp1chojna.pl\/?page_id=6112","name":"Uczniowie OPW\u00a0realizowali zaj\u0119cia praktyczne\u00a0w 5 Pu\u0142ku In\u017cynieryjnym w Szczecinie.\u00a0 - ZSP w Chojnie","isPartOf":{"@id":"https:\/\/zsp1chojna.pl\/#website"},"datePublished":"2023-09-30T06:53:00+00:00","dateModified":"2023-10-06T07:44:19+00:00","breadcrumb":{"@id":"https:\/\/zsp1chojna.pl\/?page_id=6112#breadcrumb"},"inLanguage":"pl-PL","potentialAction":[{"@type":"ReadAction","target":["https:\/\/zsp1chojna.pl\/?page_id=6112"]}]},{"@type":"BreadcrumbList","@id":"https:\/\/zsp1chojna.pl\/?page_id=6112#breadcrumb","itemListElement":[{"@type":"ListItem","position":1,"name":"Home","item":"https:\/\/zsp1chojna.pl\/"},{"@type":"ListItem","position":2,"name":"Uczniowie OPW\u00a0realizowali zaj\u0119cia praktyczne\u00a0w 5 Pu\u0142ku In\u017cynieryjnym w&nbsp;Szczecinie.\u00a0"}]},{"@type":"WebSite","@id":"https:\/\/zsp1chojna.pl\/#website","url":"https:\/\/zsp1chojna.pl\/","name":"ZSP w Chojnie","description":"","publisher":{"@id":"https:\/\/zsp1chojna.pl\/#organization"},"potentialAction":[{"@type":"SearchAction","target":{"@type":"EntryPoint","urlTemplate":"https:\/\/zsp1chojna.pl\/?s={search_term_string}"},"query-input":"required name=search_term_string"}],"inLanguage":"pl-PL"},{"@type":"Organization","@id":"https:\/\/zsp1chojna.pl\/#organization","name":"ZSP w Chojnie","url":"https:\/\/zsp1chojna.pl\/","logo":{"@type":"ImageObject","inLanguage":"pl-PL","@id":"https:\/\/zsp1chojna.pl\/#\/schema\/logo\/image\/","url":"https:\/\/zsp1chojna.pl\/wp-content\/uploads\/2023\/08\/cropped-cropped-cropped-Logo-biale-napis-na-3-wiersze_504-1.png","contentUrl":"https:\/\/zsp1chojna.pl\/wp-content\/uploads\/2023\/08\/cropped-cropped-cropped-Logo-biale-napis-na-3-wiersze_504-1.png","width":504,"height":167,"caption":"ZSP w Chojnie"},"image":{"@id":"https:\/\/zsp1chojna.pl\/#\/schema\/logo\/image\/"}}]}},"_links":{"self":[{"href":"https:\/\/zsp1chojna.pl\/index.php?rest_route=\/wp\/v2\/pages\/6112","targetHints":{"allow":["GET"]}}],"collection":[{"href":"https:\/\/zsp1chojna.pl\/index.php?rest_route=\/wp\/v2\/pages"}],"about":[{"href":"https:\/\/zsp1chojna.pl\/index.php?rest_route=\/wp\/v2\/types\/page"}],"author":[{"embeddable":true,"href":"https:\/\/zsp1chojna.pl\/index.php?rest_route=\/wp\/v2\/users\/1"}],"replies":[{"embeddable":true,"href":"https:\/\/zsp1chojna.pl\/index.php?rest_route=%2Fwp%2Fv2%2Fcomments&post=6112"}],"version-history":[{"count":1,"href":"https:\/\/zsp1chojna.pl\/index.php?rest_route=\/wp\/v2\/pages\/6112\/revisions"}],"predecessor-version":[{"id":6115,"href":"https:\/\/zsp1chojna.pl\/index.php?rest_route=\/wp\/v2\/pages\/6112\/revisions\/6115"}],"wp:attachment":[{"href":"https:\/\/zsp1chojna.pl\/index.php?rest_route=%2Fwp%2Fv2%2Fmedia&parent=6112"}],"curies":[{"name":"wp","href":"https:\/\/api.w.org\/{rel}","templated":true}]}}