{"id":5911,"date":"2023-10-01T14:34:47","date_gmt":"2023-10-01T12:34:47","guid":{"rendered":"https:\/\/zsp1chojna.pl\/?page_id=5911"},"modified":"2023-10-01T14:37:15","modified_gmt":"2023-10-01T12:37:15","slug":"absolwenci-technikum-hodowlanego-1985","status":"publish","type":"page","link":"https:\/\/zsp1chojna.pl\/?page_id=5911","title":{"rendered":"Absolwenci Technikum Hodowlanego 1985"},"content":{"rendered":"\n<p>Artymionek Zbigniew<br>Biskupski Ryszard<br>Boukowska Jolanta<br>Fiutek Jaros\u0142aw<br>Fr\u0105czak Alina<br>Kaberow Ma\u0142gorzata<br>Kmie\u0107 Marianna<br>Kmie\u0107 Regina<br>Kolczy\u0144ska El\u017cbieta<br>Kr\u0119\u017cel Anna<br>Lass Anna<br>Mazur Beata<br>Mr\u00f3z Anetta<br>Napi\u00f3rkowski Krzysztof<br>Ostrowska Jolanta<br>Plotkowka Dorota<br>Pohrecka Ma\u0142gorzata<br>Sierzpowska Wioletta<br>Sokulska Celina<br>Walawender Ireneusz<br>Wodarczyk Leszek<\/p>\n","protected":false},"excerpt":{"rendered":"<p>Artymionek ZbigniewBiskupski RyszardBoukowska JolantaFiutek Jaros\u0142awFr\u0105czak AlinaKaberow Ma\u0142gorzataKmie\u0107 MariannaKmie\u0107 ReginaKolczy\u0144ska El\u017cbietaKr\u0119\u017cel AnnaLass AnnaMazur BeataMr\u00f3z AnettaNapi\u00f3rkowski KrzysztofOstrowska JolantaPlotkowka DorotaPohrecka Ma\u0142gorzataSierzpowska WiolettaSokulska CelinaWalawender IreneuszWodarczyk Leszek<\/p>\n","protected":false},"author":1,"featured_media":0,"parent":0,"menu_order":0,"comment_status":"closed","ping_status":"closed","template":"","meta":{"footnotes":""},"class_list":["post-5911","page","type-page","status-publish","hentry"],"yoast_head":"<!-- This site is optimized with the Yoast SEO plugin v20.13 - https:\/\/yoast.com\/wordpress\/plugins\/seo\/ -->\n<title>Absolwenci Technikum Hodowlanego 1985 - ZSP w Chojnie<\/title>\n<meta name=\"robots\" content=\"index, follow, max-snippet:-1, max-image-preview:large, max-video-preview:-1\" \/>\n<link rel=\"canonical\" href=\"https:\/\/zsp1chojna.pl\/?page_id=5911\" \/>\n<meta property=\"og:locale\" content=\"pl_PL\" \/>\n<meta property=\"og:type\" content=\"article\" \/>\n<meta property=\"og:title\" content=\"Absolwenci Technikum Hodowlanego 1985 - ZSP w Chojnie\" \/>\n<meta property=\"og:description\" content=\"Artymionek ZbigniewBiskupski RyszardBoukowska JolantaFiutek Jaros\u0142awFr\u0105czak AlinaKaberow Ma\u0142gorzataKmie\u0107 MariannaKmie\u0107 ReginaKolczy\u0144ska El\u017cbietaKr\u0119\u017cel AnnaLass AnnaMazur BeataMr\u00f3z AnettaNapi\u00f3rkowski KrzysztofOstrowska JolantaPlotkowka DorotaPohrecka Ma\u0142gorzataSierzpowska WiolettaSokulska CelinaWalawender IreneuszWodarczyk Leszek\" \/>\n<meta property=\"og:url\" content=\"https:\/\/zsp1chojna.pl\/?page_id=5911\" \/>\n<meta property=\"og:site_name\" content=\"ZSP w Chojnie\" \/>\n<meta property=\"article:modified_time\" content=\"2023-10-01T12:37:15+00:00\" \/>\n<meta name=\"twitter:card\" content=\"summary_large_image\" \/>\n<meta name=\"twitter:label1\" content=\"Szacowany czas czytania\" \/>\n\t<meta name=\"twitter:data1\" content=\"1 minuta\" \/>\n<script type=\"application\/ld+json\" class=\"yoast-schema-graph\">{\"@context\":\"https:\/\/schema.org\",\"@graph\":[{\"@type\":\"WebPage\",\"@id\":\"https:\/\/zsp1chojna.pl\/?page_id=5911\",\"url\":\"https:\/\/zsp1chojna.pl\/?page_id=5911\",\"name\":\"Absolwenci Technikum Hodowlanego 1985 - ZSP w Chojnie\",\"isPartOf\":{\"@id\":\"https:\/\/zsp1chojna.pl\/#website\"},\"datePublished\":\"2023-10-01T12:34:47+00:00\",\"dateModified\":\"2023-10-01T12:37:15+00:00\",\"breadcrumb\":{\"@id\":\"https:\/\/zsp1chojna.pl\/?page_id=5911#breadcrumb\"},\"inLanguage\":\"pl-PL\",\"potentialAction\":[{\"@type\":\"ReadAction\",\"target\":[\"https:\/\/zsp1chojna.pl\/?page_id=5911\"]}]},{\"@type\":\"BreadcrumbList\",\"@id\":\"https:\/\/zsp1chojna.pl\/?page_id=5911#breadcrumb\",\"itemListElement\":[{\"@type\":\"ListItem\",\"position\":1,\"name\":\"Home\",\"item\":\"https:\/\/zsp1chojna.pl\/\"},{\"@type\":\"ListItem\",\"position\":2,\"name\":\"Absolwenci Technikum Hodowlanego 1985\"}]},{\"@type\":\"WebSite\",\"@id\":\"https:\/\/zsp1chojna.pl\/#website\",\"url\":\"https:\/\/zsp1chojna.pl\/\",\"name\":\"ZSP w Chojnie\",\"description\":\"\",\"publisher\":{\"@id\":\"https:\/\/zsp1chojna.pl\/#organization\"},\"potentialAction\":[{\"@type\":\"SearchAction\",\"target\":{\"@type\":\"EntryPoint\",\"urlTemplate\":\"https:\/\/zsp1chojna.pl\/?s={search_term_string}\"},\"query-input\":\"required name=search_term_string\"}],\"inLanguage\":\"pl-PL\"},{\"@type\":\"Organization\",\"@id\":\"https:\/\/zsp1chojna.pl\/#organization\",\"name\":\"ZSP w Chojnie\",\"url\":\"https:\/\/zsp1chojna.pl\/\",\"logo\":{\"@type\":\"ImageObject\",\"inLanguage\":\"pl-PL\",\"@id\":\"https:\/\/zsp1chojna.pl\/#\/schema\/logo\/image\/\",\"url\":\"https:\/\/zsp1chojna.pl\/wp-content\/uploads\/2023\/08\/cropped-cropped-cropped-Logo-biale-napis-na-3-wiersze_504-1.png\",\"contentUrl\":\"https:\/\/zsp1chojna.pl\/wp-content\/uploads\/2023\/08\/cropped-cropped-cropped-Logo-biale-napis-na-3-wiersze_504-1.png\",\"width\":504,\"height\":167,\"caption\":\"ZSP w Chojnie\"},\"image\":{\"@id\":\"https:\/\/zsp1chojna.pl\/#\/schema\/logo\/image\/\"}}]}<\/script>\n<!-- \/ Yoast SEO plugin. -->","yoast_head_json":{"title":"Absolwenci Technikum Hodowlanego 1985 - ZSP w Chojnie","robots":{"index":"index","follow":"follow","max-snippet":"max-snippet:-1","max-image-preview":"max-image-preview:large","max-video-preview":"max-video-preview:-1"},"canonical":"https:\/\/zsp1chojna.pl\/?page_id=5911","og_locale":"pl_PL","og_type":"article","og_title":"Absolwenci Technikum Hodowlanego 1985 - ZSP w Chojnie","og_description":"Artymionek ZbigniewBiskupski RyszardBoukowska JolantaFiutek Jaros\u0142awFr\u0105czak AlinaKaberow Ma\u0142gorzataKmie\u0107 MariannaKmie\u0107 ReginaKolczy\u0144ska El\u017cbietaKr\u0119\u017cel AnnaLass AnnaMazur BeataMr\u00f3z AnettaNapi\u00f3rkowski KrzysztofOstrowska JolantaPlotkowka DorotaPohrecka Ma\u0142gorzataSierzpowska WiolettaSokulska CelinaWalawender IreneuszWodarczyk Leszek","og_url":"https:\/\/zsp1chojna.pl\/?page_id=5911","og_site_name":"ZSP w Chojnie","article_modified_time":"2023-10-01T12:37:15+00:00","twitter_card":"summary_large_image","twitter_misc":{"Szacowany czas czytania":"1 minuta"},"schema":{"@context":"https:\/\/schema.org","@graph":[{"@type":"WebPage","@id":"https:\/\/zsp1chojna.pl\/?page_id=5911","url":"https:\/\/zsp1chojna.pl\/?page_id=5911","name":"Absolwenci Technikum Hodowlanego 1985 - ZSP w Chojnie","isPartOf":{"@id":"https:\/\/zsp1chojna.pl\/#website"},"datePublished":"2023-10-01T12:34:47+00:00","dateModified":"2023-10-01T12:37:15+00:00","breadcrumb":{"@id":"https:\/\/zsp1chojna.pl\/?page_id=5911#breadcrumb"},"inLanguage":"pl-PL","potentialAction":[{"@type":"ReadAction","target":["https:\/\/zsp1chojna.pl\/?page_id=5911"]}]},{"@type":"BreadcrumbList","@id":"https:\/\/zsp1chojna.pl\/?page_id=5911#breadcrumb","itemListElement":[{"@type":"ListItem","position":1,"name":"Home","item":"https:\/\/zsp1chojna.pl\/"},{"@type":"ListItem","position":2,"name":"Absolwenci Technikum Hodowlanego 1985"}]},{"@type":"WebSite","@id":"https:\/\/zsp1chojna.pl\/#website","url":"https:\/\/zsp1chojna.pl\/","name":"ZSP w Chojnie","description":"","publisher":{"@id":"https:\/\/zsp1chojna.pl\/#organization"},"potentialAction":[{"@type":"SearchAction","target":{"@type":"EntryPoint","urlTemplate":"https:\/\/zsp1chojna.pl\/?s={search_term_string}"},"query-input":"required name=search_term_string"}],"inLanguage":"pl-PL"},{"@type":"Organization","@id":"https:\/\/zsp1chojna.pl\/#organization","name":"ZSP w Chojnie","url":"https:\/\/zsp1chojna.pl\/","logo":{"@type":"ImageObject","inLanguage":"pl-PL","@id":"https:\/\/zsp1chojna.pl\/#\/schema\/logo\/image\/","url":"https:\/\/zsp1chojna.pl\/wp-content\/uploads\/2023\/08\/cropped-cropped-cropped-Logo-biale-napis-na-3-wiersze_504-1.png","contentUrl":"https:\/\/zsp1chojna.pl\/wp-content\/uploads\/2023\/08\/cropped-cropped-cropped-Logo-biale-napis-na-3-wiersze_504-1.png","width":504,"height":167,"caption":"ZSP w Chojnie"},"image":{"@id":"https:\/\/zsp1chojna.pl\/#\/schema\/logo\/image\/"}}]}},"_links":{"self":[{"href":"https:\/\/zsp1chojna.pl\/index.php?rest_route=\/wp\/v2\/pages\/5911","targetHints":{"allow":["GET"]}}],"collection":[{"href":"https:\/\/zsp1chojna.pl\/index.php?rest_route=\/wp\/v2\/pages"}],"about":[{"href":"https:\/\/zsp1chojna.pl\/index.php?rest_route=\/wp\/v2\/types\/page"}],"author":[{"embeddable":true,"href":"https:\/\/zsp1chojna.pl\/index.php?rest_route=\/wp\/v2\/users\/1"}],"replies":[{"embeddable":true,"href":"https:\/\/zsp1chojna.pl\/index.php?rest_route=%2Fwp%2Fv2%2Fcomments&post=5911"}],"version-history":[{"count":2,"href":"https:\/\/zsp1chojna.pl\/index.php?rest_route=\/wp\/v2\/pages\/5911\/revisions"}],"predecessor-version":[{"id":5914,"href":"https:\/\/zsp1chojna.pl\/index.php?rest_route=\/wp\/v2\/pages\/5911\/revisions\/5914"}],"wp:attachment":[{"href":"https:\/\/zsp1chojna.pl\/index.php?rest_route=%2Fwp%2Fv2%2Fmedia&parent=5911"}],"curies":[{"name":"wp","href":"https:\/\/api.w.org\/{rel}","templated":true}]}}