{"id":5677,"date":"2023-09-24T15:26:13","date_gmt":"2023-09-24T13:26:13","guid":{"rendered":"https:\/\/zsp1chojna.pl\/?page_id=5677"},"modified":"2023-09-24T15:26:15","modified_gmt":"2023-09-24T13:26:15","slug":"spotkanie-w-ramach-programu-mlodziez-w-dzialaniu","status":"publish","type":"page","link":"https:\/\/zsp1chojna.pl\/?page_id=5677","title":{"rendered":"Spotkanie w ramach programu \u201eM\u0142odzie\u017c w dzia\u0142aniu\u201d"},"content":{"rendered":"\n<p class=\"has-text-align-justify\">W dniach od 1. do 8. sierpnia Liceum Og\u00f3lnokszta\u0142c\u0105ce im. Bohater\u00f3w Spod Siekierek w Zespole Szk\u00f3\u0142 Ponadgimnazjalnych Nr 1 w Chojnie wzi\u0119\u0142o udzia\u0142 w projekcie po\u015bwi\u0119conym globalnemu ociepleniu, zrzeszaj\u0105cym m\u0142odych europejczyk\u00f3w. Spotkanie odby\u0142o si\u0119 w ramach programu \u201eM\u0142odzie\u017c w dzia\u0142aniu\u201d i by\u0142o finansowane ze \u015brodk\u00f3w Unii Europejskiej. Partnerzy projektu pochodz\u0105 z miast nale\u017c\u0105cych do stowarzyszenia \u201eDouzelage\u201d. Do szwedzkiego miasta Oxelosund wybra\u0142o si\u0119 czworo uczni\u00f3w naszej szko\u0142y wraz z opiekunem Pani\u0105 Gabriel\u0105 Kafar.<\/p>\n\n\n<div class=\"wp-block-image\">\n<figure class=\"aligncenter size-full\"><img loading=\"lazy\" decoding=\"async\" width=\"450\" height=\"338\" data-attachment-id=\"5678\" data-permalink=\"https:\/\/zsp1chojna.pl\/?attachment_id=5678\" data-orig-file=\"https:\/\/zsp1chojna.pl\/wp-content\/uploads\/2023\/09\/Szwecja5.jpg\" data-orig-size=\"450,338\" data-comments-opened=\"1\" data-image-meta=\"{&quot;aperture&quot;:&quot;0&quot;,&quot;credit&quot;:&quot;&quot;,&quot;camera&quot;:&quot;&quot;,&quot;caption&quot;:&quot;&quot;,&quot;created_timestamp&quot;:&quot;0&quot;,&quot;copyright&quot;:&quot;&quot;,&quot;focal_length&quot;:&quot;0&quot;,&quot;iso&quot;:&quot;0&quot;,&quot;shutter_speed&quot;:&quot;0&quot;,&quot;title&quot;:&quot;&quot;,&quot;orientation&quot;:&quot;1&quot;}\" data-image-title=\"Szwecja5\" data-image-description=\"\" data-image-caption=\"\" data-medium-file=\"https:\/\/zsp1chojna.pl\/wp-content\/uploads\/2023\/09\/Szwecja5-300x225.jpg\" data-large-file=\"https:\/\/zsp1chojna.pl\/wp-content\/uploads\/2023\/09\/Szwecja5.jpg\" src=\"https:\/\/zsp1chojna.pl\/wp-content\/uploads\/2023\/09\/Szwecja5.jpg\" alt=\"\" class=\"wp-image-5678\" srcset=\"https:\/\/zsp1chojna.pl\/wp-content\/uploads\/2023\/09\/Szwecja5.jpg 450w, https:\/\/zsp1chojna.pl\/wp-content\/uploads\/2023\/09\/Szwecja5-300x225.jpg 300w\" sizes=\"auto, (max-width: 450px) 100vw, 450px\" \/><\/figure>\n<\/div>\n\n\n<p class=\"has-text-align-justify\">Przygod\u0119 rozpocz\u0119li\u015bmy wylotem z Berlina. Gdy dotarli\u015bmy na miejsce, ch\u0142odniejszy klimat od razu da\u0142 o sobie zna\u0107. Cho\u0107 s\u0142o\u0144ce i temperatura nas nie rozpieszcza\u0142y, atmosfera spotkania umila\u0142a nam prac\u0119 nad projektem.<br>Podczas pierwszego dnia spotkania organizatorzy zaproponowali nam zabawy integracyjne, kt\u00f3re mia\u0142y na celu prze\u0142amanie pierwszych lod\u00f3w i bariery j\u0119zykowej.<br>Nast\u0119pnego dnia wraz z innymi uczestnikami obejrzeli\u015bmy film &#8220;An Inconvenient Truth&#8221; Ala Gore&#8217;a , kt\u00f3ry u\u015bwiadomi\u0142 nam, \u017ce globalne ocieplenie jest powa\u017cnym problemem, a jego skutki mog\u0105 by\u0107 katastrofalne. Zacz\u0119li\u015bmy wi\u0119c ci\u0119\u017ck\u0105 i wytrwa\u0142\u0105 prac\u0119 w grupach, pr\u00f3buj\u0105c zapobiec temu czarnemu scenariuszowi i \u0107wiczyli\u015bmy umiej\u0119tno\u015b\u0107 pos\u0142ugiwania si\u0119 j\u0119zykiem angielskim w praktyce.<br>W niedziel\u0119 udali\u015bmy si\u0119 na karnawa\u0142 do miejscowo\u015bci Nykoping, gdzie podziwiali\u015bmy wspania\u0142e pokazy ta\u0144ca etnicznego jak samba czy taniec bolo\u0144ski.<br>Kolejnego dnia zwiedzali\u015bmy mokrad\u0142a oraz bunkry zbudowane w okresie wojny zimowej. Na wszystkie te przyjemno\u015bci mogli\u015bmy sobie pozwoli\u0107 dopiero po kilkugodzinnej pracy nad projektem.<\/p>\n\n\n<div class=\"wp-block-image\">\n<figure class=\"aligncenter size-full\"><img loading=\"lazy\" decoding=\"async\" width=\"450\" height=\"301\" data-attachment-id=\"5679\" data-permalink=\"https:\/\/zsp1chojna.pl\/?attachment_id=5679\" data-orig-file=\"https:\/\/zsp1chojna.pl\/wp-content\/uploads\/2023\/09\/Szwecja4.jpg\" data-orig-size=\"450,301\" data-comments-opened=\"1\" data-image-meta=\"{&quot;aperture&quot;:&quot;0&quot;,&quot;credit&quot;:&quot;&quot;,&quot;camera&quot;:&quot;&quot;,&quot;caption&quot;:&quot;&quot;,&quot;created_timestamp&quot;:&quot;0&quot;,&quot;copyright&quot;:&quot;&quot;,&quot;focal_length&quot;:&quot;0&quot;,&quot;iso&quot;:&quot;0&quot;,&quot;shutter_speed&quot;:&quot;0&quot;,&quot;title&quot;:&quot;&quot;,&quot;orientation&quot;:&quot;1&quot;}\" data-image-title=\"Szwecja4\" data-image-description=\"\" data-image-caption=\"\" data-medium-file=\"https:\/\/zsp1chojna.pl\/wp-content\/uploads\/2023\/09\/Szwecja4-300x201.jpg\" data-large-file=\"https:\/\/zsp1chojna.pl\/wp-content\/uploads\/2023\/09\/Szwecja4.jpg\" src=\"https:\/\/zsp1chojna.pl\/wp-content\/uploads\/2023\/09\/Szwecja4.jpg\" alt=\"\" class=\"wp-image-5679\" srcset=\"https:\/\/zsp1chojna.pl\/wp-content\/uploads\/2023\/09\/Szwecja4.jpg 450w, https:\/\/zsp1chojna.pl\/wp-content\/uploads\/2023\/09\/Szwecja4-300x201.jpg 300w, https:\/\/zsp1chojna.pl\/wp-content\/uploads\/2023\/09\/Szwecja4-84x56.jpg 84w\" sizes=\"auto, (max-width: 450px) 100vw, 450px\" \/><\/figure>\n<\/div>\n\n\n<p class=\"has-text-align-justify\">Wtorek rozpocz\u0105\u0142 si\u0119 bardzo sympatycznie, poniewa\u017c bawili\u015bmy si\u0119 w centrum Boda Borg &#8211; w miejscu, gdzie trzeba ruszy\u0107 szarymi kom\u00f3rkami, aby rozwi\u0105za\u0107 bardzo trudne, lecz przynosz\u0105ce satysfakcj\u0119 zagadki. Wieczorem ulokowali\u015bmy si\u0119 na polu namiotowym, jednak potworna ulewa i silny wiatr spowodowa\u0142y, \u017ce wi\u0119kszo\u015b\u0107 os\u00f3b powr\u00f3ci\u0142a do hotelu, a w lesie pozostali tylko najwytrwalsi.<br>W \u015brod\u0119 bardzo intensywnie pracowali\u015bmy nad projektem. Nagrod\u0105 by\u0142y kajaki, na kt\u00f3re nie wszyscy si\u0119 odwa\u017cyli. Ci jednak, kt\u00f3rzy wykazali si\u0119 odwag\u0105, zyskali niezwyk\u0142e wspomnienia i wiele mi\u0142ych wra\u017ce\u0144.<br>Czwartek by\u0142 dniem, na kt\u00f3ry wszyscy czekali z niecierpliwo\u015bci\u0105 \u2013 wycieczka do Sztokholmu. Zwiedzili\u015bmy Muzeum Waz\u00f3w, w kt\u00f3rym spoczywa siedemnastowieczny wrak statku. Opr\u00f3cz okr\u0119tu mogli\u015bmy znale\u017a\u0107 tam wiele ciekawych informacji, nawet w j\u0119zyku polskim. W Muzeum Natury obejrzeli\u015bmy tr\u00f3jwymiarowy film o morskich potworach. Zaraz po obiedzie zaprowadzono nas na prom, kt\u00f3rym dotarli\u015bmy na Stare Miasto, kt\u00f3re zadziwi\u0142o nas swoim urokiem i wyj\u0105tkow\u0105 architektur\u0105.<br>Ostatnim dniem sp\u0119dzonym w Oxelosund by\u0142 pi\u0105tek, kiedy to definitywnie zako\u0144czyli\u015bmy nasz projekt oraz doszli\u015bmy do wsp\u00f3lnych wniosk\u00f3w. Wszystkim nam szkoda by\u0142o wyje\u017cd\u017ca\u0107, ale odczuwali\u015bmy t\u0119sknot\u0119 za domem. Wieczorem zostali\u015bmy odwiezieni na lotnisko, czekaj\u0105c na kolejne etapy podr\u00f3\u017cy. Po ci\u0119\u017ckim i pracowitym tygodniu marzyli\u015bmy o g\u0142\u0119bokim \u015bnie.<\/p>\n","protected":false},"excerpt":{"rendered":"<p>W dniach od 1. do 8. sierpnia Liceum Og\u00f3lnokszta\u0142c\u0105ce im. Bohater\u00f3w Spod Siekierek w Zespole Szk\u00f3\u0142 Ponadgimnazjalnych Nr 1 w Chojnie wzi\u0119\u0142o udzia\u0142 w projekcie po\u015bwi\u0119conym globalnemu ociepleniu, zrzeszaj\u0105cym m\u0142odych [&hellip;]<\/p>\n","protected":false},"author":1,"featured_media":0,"parent":0,"menu_order":0,"comment_status":"closed","ping_status":"closed","template":"","meta":{"footnotes":""},"class_list":["post-5677","page","type-page","status-publish","hentry"],"yoast_head":"<!-- This site is optimized with the Yoast SEO plugin v20.13 - https:\/\/yoast.com\/wordpress\/plugins\/seo\/ -->\n<title>Spotkanie w ramach programu \u201eM\u0142odzie\u017c w dzia\u0142aniu\u201d - ZSP w Chojnie<\/title>\n<meta name=\"robots\" content=\"index, follow, max-snippet:-1, max-image-preview:large, max-video-preview:-1\" \/>\n<link rel=\"canonical\" href=\"https:\/\/zsp1chojna.pl\/?page_id=5677\" \/>\n<meta property=\"og:locale\" content=\"pl_PL\" \/>\n<meta property=\"og:type\" content=\"article\" \/>\n<meta property=\"og:title\" content=\"Spotkanie w ramach programu \u201eM\u0142odzie\u017c w dzia\u0142aniu\u201d - ZSP w Chojnie\" \/>\n<meta property=\"og:description\" content=\"W dniach od 1. do 8. sierpnia Liceum Og\u00f3lnokszta\u0142c\u0105ce im. Bohater\u00f3w Spod Siekierek w Zespole Szk\u00f3\u0142 Ponadgimnazjalnych Nr 1 w Chojnie wzi\u0119\u0142o udzia\u0142 w projekcie po\u015bwi\u0119conym globalnemu ociepleniu, zrzeszaj\u0105cym m\u0142odych [&hellip;]\" \/>\n<meta property=\"og:url\" content=\"https:\/\/zsp1chojna.pl\/?page_id=5677\" \/>\n<meta property=\"og:site_name\" content=\"ZSP w Chojnie\" \/>\n<meta property=\"article:modified_time\" content=\"2023-09-24T13:26:15+00:00\" \/>\n<meta property=\"og:image\" content=\"https:\/\/zsp1chojna.pl\/wp-content\/uploads\/2023\/09\/Szwecja5.jpg\" \/>\n<meta name=\"twitter:card\" content=\"summary_large_image\" \/>\n<meta name=\"twitter:label1\" content=\"Szacowany czas czytania\" \/>\n\t<meta name=\"twitter:data1\" content=\"3 minuty\" \/>\n<script type=\"application\/ld+json\" class=\"yoast-schema-graph\">{\"@context\":\"https:\/\/schema.org\",\"@graph\":[{\"@type\":\"WebPage\",\"@id\":\"https:\/\/zsp1chojna.pl\/?page_id=5677\",\"url\":\"https:\/\/zsp1chojna.pl\/?page_id=5677\",\"name\":\"Spotkanie w ramach programu \u201eM\u0142odzie\u017c w dzia\u0142aniu\u201d - ZSP w Chojnie\",\"isPartOf\":{\"@id\":\"https:\/\/zsp1chojna.pl\/#website\"},\"datePublished\":\"2023-09-24T13:26:13+00:00\",\"dateModified\":\"2023-09-24T13:26:15+00:00\",\"breadcrumb\":{\"@id\":\"https:\/\/zsp1chojna.pl\/?page_id=5677#breadcrumb\"},\"inLanguage\":\"pl-PL\",\"potentialAction\":[{\"@type\":\"ReadAction\",\"target\":[\"https:\/\/zsp1chojna.pl\/?page_id=5677\"]}]},{\"@type\":\"BreadcrumbList\",\"@id\":\"https:\/\/zsp1chojna.pl\/?page_id=5677#breadcrumb\",\"itemListElement\":[{\"@type\":\"ListItem\",\"position\":1,\"name\":\"Home\",\"item\":\"https:\/\/zsp1chojna.pl\/\"},{\"@type\":\"ListItem\",\"position\":2,\"name\":\"Spotkanie w&nbsp;ramach programu \u201eM\u0142odzie\u017c w&nbsp;dzia\u0142aniu\u201d\"}]},{\"@type\":\"WebSite\",\"@id\":\"https:\/\/zsp1chojna.pl\/#website\",\"url\":\"https:\/\/zsp1chojna.pl\/\",\"name\":\"ZSP w Chojnie\",\"description\":\"\",\"publisher\":{\"@id\":\"https:\/\/zsp1chojna.pl\/#organization\"},\"potentialAction\":[{\"@type\":\"SearchAction\",\"target\":{\"@type\":\"EntryPoint\",\"urlTemplate\":\"https:\/\/zsp1chojna.pl\/?s={search_term_string}\"},\"query-input\":\"required name=search_term_string\"}],\"inLanguage\":\"pl-PL\"},{\"@type\":\"Organization\",\"@id\":\"https:\/\/zsp1chojna.pl\/#organization\",\"name\":\"ZSP w Chojnie\",\"url\":\"https:\/\/zsp1chojna.pl\/\",\"logo\":{\"@type\":\"ImageObject\",\"inLanguage\":\"pl-PL\",\"@id\":\"https:\/\/zsp1chojna.pl\/#\/schema\/logo\/image\/\",\"url\":\"https:\/\/zsp1chojna.pl\/wp-content\/uploads\/2023\/08\/cropped-cropped-cropped-Logo-biale-napis-na-3-wiersze_504-1.png\",\"contentUrl\":\"https:\/\/zsp1chojna.pl\/wp-content\/uploads\/2023\/08\/cropped-cropped-cropped-Logo-biale-napis-na-3-wiersze_504-1.png\",\"width\":504,\"height\":167,\"caption\":\"ZSP w Chojnie\"},\"image\":{\"@id\":\"https:\/\/zsp1chojna.pl\/#\/schema\/logo\/image\/\"}}]}<\/script>\n<!-- \/ Yoast SEO plugin. -->","yoast_head_json":{"title":"Spotkanie w ramach programu \u201eM\u0142odzie\u017c w dzia\u0142aniu\u201d - ZSP w Chojnie","robots":{"index":"index","follow":"follow","max-snippet":"max-snippet:-1","max-image-preview":"max-image-preview:large","max-video-preview":"max-video-preview:-1"},"canonical":"https:\/\/zsp1chojna.pl\/?page_id=5677","og_locale":"pl_PL","og_type":"article","og_title":"Spotkanie w ramach programu \u201eM\u0142odzie\u017c w dzia\u0142aniu\u201d - ZSP w Chojnie","og_description":"W dniach od 1. do 8. sierpnia Liceum Og\u00f3lnokszta\u0142c\u0105ce im. Bohater\u00f3w Spod Siekierek w Zespole Szk\u00f3\u0142 Ponadgimnazjalnych Nr 1 w Chojnie wzi\u0119\u0142o udzia\u0142 w projekcie po\u015bwi\u0119conym globalnemu ociepleniu, zrzeszaj\u0105cym m\u0142odych [&hellip;]","og_url":"https:\/\/zsp1chojna.pl\/?page_id=5677","og_site_name":"ZSP w Chojnie","article_modified_time":"2023-09-24T13:26:15+00:00","og_image":[{"url":"https:\/\/zsp1chojna.pl\/wp-content\/uploads\/2023\/09\/Szwecja5.jpg"}],"twitter_card":"summary_large_image","twitter_misc":{"Szacowany czas czytania":"3 minuty"},"schema":{"@context":"https:\/\/schema.org","@graph":[{"@type":"WebPage","@id":"https:\/\/zsp1chojna.pl\/?page_id=5677","url":"https:\/\/zsp1chojna.pl\/?page_id=5677","name":"Spotkanie w ramach programu \u201eM\u0142odzie\u017c w dzia\u0142aniu\u201d - ZSP w Chojnie","isPartOf":{"@id":"https:\/\/zsp1chojna.pl\/#website"},"datePublished":"2023-09-24T13:26:13+00:00","dateModified":"2023-09-24T13:26:15+00:00","breadcrumb":{"@id":"https:\/\/zsp1chojna.pl\/?page_id=5677#breadcrumb"},"inLanguage":"pl-PL","potentialAction":[{"@type":"ReadAction","target":["https:\/\/zsp1chojna.pl\/?page_id=5677"]}]},{"@type":"BreadcrumbList","@id":"https:\/\/zsp1chojna.pl\/?page_id=5677#breadcrumb","itemListElement":[{"@type":"ListItem","position":1,"name":"Home","item":"https:\/\/zsp1chojna.pl\/"},{"@type":"ListItem","position":2,"name":"Spotkanie w&nbsp;ramach programu \u201eM\u0142odzie\u017c w&nbsp;dzia\u0142aniu\u201d"}]},{"@type":"WebSite","@id":"https:\/\/zsp1chojna.pl\/#website","url":"https:\/\/zsp1chojna.pl\/","name":"ZSP w Chojnie","description":"","publisher":{"@id":"https:\/\/zsp1chojna.pl\/#organization"},"potentialAction":[{"@type":"SearchAction","target":{"@type":"EntryPoint","urlTemplate":"https:\/\/zsp1chojna.pl\/?s={search_term_string}"},"query-input":"required name=search_term_string"}],"inLanguage":"pl-PL"},{"@type":"Organization","@id":"https:\/\/zsp1chojna.pl\/#organization","name":"ZSP w Chojnie","url":"https:\/\/zsp1chojna.pl\/","logo":{"@type":"ImageObject","inLanguage":"pl-PL","@id":"https:\/\/zsp1chojna.pl\/#\/schema\/logo\/image\/","url":"https:\/\/zsp1chojna.pl\/wp-content\/uploads\/2023\/08\/cropped-cropped-cropped-Logo-biale-napis-na-3-wiersze_504-1.png","contentUrl":"https:\/\/zsp1chojna.pl\/wp-content\/uploads\/2023\/08\/cropped-cropped-cropped-Logo-biale-napis-na-3-wiersze_504-1.png","width":504,"height":167,"caption":"ZSP w Chojnie"},"image":{"@id":"https:\/\/zsp1chojna.pl\/#\/schema\/logo\/image\/"}}]}},"_links":{"self":[{"href":"https:\/\/zsp1chojna.pl\/index.php?rest_route=\/wp\/v2\/pages\/5677","targetHints":{"allow":["GET"]}}],"collection":[{"href":"https:\/\/zsp1chojna.pl\/index.php?rest_route=\/wp\/v2\/pages"}],"about":[{"href":"https:\/\/zsp1chojna.pl\/index.php?rest_route=\/wp\/v2\/types\/page"}],"author":[{"embeddable":true,"href":"https:\/\/zsp1chojna.pl\/index.php?rest_route=\/wp\/v2\/users\/1"}],"replies":[{"embeddable":true,"href":"https:\/\/zsp1chojna.pl\/index.php?rest_route=%2Fwp%2Fv2%2Fcomments&post=5677"}],"version-history":[{"count":1,"href":"https:\/\/zsp1chojna.pl\/index.php?rest_route=\/wp\/v2\/pages\/5677\/revisions"}],"predecessor-version":[{"id":5680,"href":"https:\/\/zsp1chojna.pl\/index.php?rest_route=\/wp\/v2\/pages\/5677\/revisions\/5680"}],"wp:attachment":[{"href":"https:\/\/zsp1chojna.pl\/index.php?rest_route=%2Fwp%2Fv2%2Fmedia&parent=5677"}],"curies":[{"name":"wp","href":"https:\/\/api.w.org\/{rel}","templated":true}]}}