{"id":5669,"date":"2023-09-24T15:22:01","date_gmt":"2023-09-24T13:22:01","guid":{"rendered":"https:\/\/zsp1chojna.pl\/?page_id=5669"},"modified":"2023-09-24T15:22:04","modified_gmt":"2023-09-24T13:22:04","slug":"wizyta-w-zaprzyjaznionym-sherborne","status":"publish","type":"page","link":"https:\/\/zsp1chojna.pl\/?page_id=5669","title":{"rendered":"Wizyta w zaprzyja\u017anionym Sherborne"},"content":{"rendered":"\n<p class=\"has-text-align-justify\">W dniach 14-18 lipca trzech uczni\u00f3w naszej szko\u0142y \u2013 Jakub Le\u015bniak, Konrad Rydzewski i Maksymilian Stryczek odwiedzi\u0142o miejscowo\u015b\u0107 Sherborne w Anglii. Zostali zaproszeni tam przez zaprzyja\u017anion\u0105 szko\u0142\u0119 Gryphoon School. Dw\u00f3ch z nich \u2013 Konrad i Kuba- pojecha\u0142o w nagrod\u0119 za zaj\u0119cie pierwszego miejsca w konkursie na esej w j\u0119zyku angielskim na temat \u201eChojna &#8211; a place to be ?\u201d Maksymilian zosta\u0142 zaproszony w roli muzyka. Zaproszeni zostali tak\u017ce cz\u0142onkowie zarz\u0105du stowarzyszenia Douzelage w Chojnie.<\/p>\n\n\n<div class=\"wp-block-image\">\n<figure class=\"aligncenter size-full\"><img loading=\"lazy\" decoding=\"async\" width=\"444\" height=\"333\" data-attachment-id=\"5670\" data-permalink=\"https:\/\/zsp1chojna.pl\/?attachment_id=5670\" data-orig-file=\"https:\/\/zsp1chojna.pl\/wp-content\/uploads\/2023\/09\/image001.jpg\" data-orig-size=\"444,333\" data-comments-opened=\"1\" data-image-meta=\"{&quot;aperture&quot;:&quot;0&quot;,&quot;credit&quot;:&quot;&quot;,&quot;camera&quot;:&quot;&quot;,&quot;caption&quot;:&quot;&quot;,&quot;created_timestamp&quot;:&quot;0&quot;,&quot;copyright&quot;:&quot;&quot;,&quot;focal_length&quot;:&quot;0&quot;,&quot;iso&quot;:&quot;0&quot;,&quot;shutter_speed&quot;:&quot;0&quot;,&quot;title&quot;:&quot;&quot;,&quot;orientation&quot;:&quot;0&quot;}\" data-image-title=\"image001\" data-image-description=\"\" data-image-caption=\"\" data-medium-file=\"https:\/\/zsp1chojna.pl\/wp-content\/uploads\/2023\/09\/image001-300x225.jpg\" data-large-file=\"https:\/\/zsp1chojna.pl\/wp-content\/uploads\/2023\/09\/image001.jpg\" src=\"https:\/\/zsp1chojna.pl\/wp-content\/uploads\/2023\/09\/image001.jpg\" alt=\"\" class=\"wp-image-5670\" srcset=\"https:\/\/zsp1chojna.pl\/wp-content\/uploads\/2023\/09\/image001.jpg 444w, https:\/\/zsp1chojna.pl\/wp-content\/uploads\/2023\/09\/image001-300x225.jpg 300w\" sizes=\"auto, (max-width: 444px) 100vw, 444px\" \/><\/figure>\n<\/div>\n\n\n<p class=\"has-text-align-justify\">Wszyscy uczestnicy wyjazdu mieszkali u rodzin. Dzi\u0119ki temu mogli pozna\u0107 codzienne \u017cycie Anglik\u00f3w \u2013 np. jedzenie, zwyczaje. Termin wycieczki wybrano na po\u0142ow\u0119 lipca poniewa\u017c w tym czasie odby\u0142 si\u0119 w tamtejszej szkole koncert, w kt\u00f3rym wzi\u0105\u0142 udzia\u0142 nasz kolega. Licznie zgromadzona publiczno\u015b\u0107 by\u0142a wr\u0119cz oczarowana wykonaniem jednego z utwor\u00f3w Chopina przez Maksa. Zw\u0142aszcza \u017ce\u0144ska cz\u0119\u015b\u0107 publiczno\u015bci nagrodzi\u0142a go wielkimi brawami.<\/p>\n\n\n<div class=\"wp-block-image\">\n<figure class=\"aligncenter size-full\"><img loading=\"lazy\" decoding=\"async\" width=\"468\" height=\"300\" data-attachment-id=\"5671\" data-permalink=\"https:\/\/zsp1chojna.pl\/?attachment_id=5671\" data-orig-file=\"https:\/\/zsp1chojna.pl\/wp-content\/uploads\/2023\/09\/image002-1.jpg\" data-orig-size=\"468,300\" data-comments-opened=\"1\" data-image-meta=\"{&quot;aperture&quot;:&quot;0&quot;,&quot;credit&quot;:&quot;&quot;,&quot;camera&quot;:&quot;&quot;,&quot;caption&quot;:&quot;&quot;,&quot;created_timestamp&quot;:&quot;0&quot;,&quot;copyright&quot;:&quot;&quot;,&quot;focal_length&quot;:&quot;0&quot;,&quot;iso&quot;:&quot;0&quot;,&quot;shutter_speed&quot;:&quot;0&quot;,&quot;title&quot;:&quot;&quot;,&quot;orientation&quot;:&quot;0&quot;}\" data-image-title=\"image002-1\" data-image-description=\"\" data-image-caption=\"\" data-medium-file=\"https:\/\/zsp1chojna.pl\/wp-content\/uploads\/2023\/09\/image002-1-300x192.jpg\" data-large-file=\"https:\/\/zsp1chojna.pl\/wp-content\/uploads\/2023\/09\/image002-1.jpg\" src=\"https:\/\/zsp1chojna.pl\/wp-content\/uploads\/2023\/09\/image002-1.jpg\" alt=\"\" class=\"wp-image-5671\" srcset=\"https:\/\/zsp1chojna.pl\/wp-content\/uploads\/2023\/09\/image002-1.jpg 468w, https:\/\/zsp1chojna.pl\/wp-content\/uploads\/2023\/09\/image002-1-300x192.jpg 300w\" sizes=\"auto, (max-width: 468px) 100vw, 468px\" \/><\/figure>\n<\/div>\n\n\n<p class=\"has-text-align-justify\">Nasi uczniowie w trakcie swego pobytu odwiedzili szko\u0142\u0119 Gryphoon, &nbsp;zwiedzili Sherborne oraz jego okolice, m.in. ogrody Stourhead a tak\u017ce spr\u00f3bowali swych si\u0142 w grze \u201eskittles\u201d, czyli w kr\u0119glach. Pogoda dopisa\u0142a dlatego wszyscy uczestnicy byli bardzo zadowoleni z tego wyjazdu.<br><\/p>\n\n\n\n<p class=\"has-text-align-right\">Konrad Rydzewski<\/p>\n","protected":false},"excerpt":{"rendered":"<p>W dniach 14-18 lipca trzech uczni\u00f3w naszej szko\u0142y \u2013 Jakub Le\u015bniak, Konrad Rydzewski i Maksymilian Stryczek odwiedzi\u0142o miejscowo\u015b\u0107 Sherborne w Anglii. Zostali zaproszeni tam przez zaprzyja\u017anion\u0105 szko\u0142\u0119 Gryphoon School. Dw\u00f3ch [&hellip;]<\/p>\n","protected":false},"author":1,"featured_media":0,"parent":0,"menu_order":0,"comment_status":"closed","ping_status":"closed","template":"","meta":{"footnotes":""},"class_list":["post-5669","page","type-page","status-publish","hentry"],"yoast_head":"<!-- This site is optimized with the Yoast SEO plugin v20.13 - https:\/\/yoast.com\/wordpress\/plugins\/seo\/ -->\n<title>Wizyta w zaprzyja\u017anionym Sherborne - ZSP w Chojnie<\/title>\n<meta name=\"robots\" content=\"index, follow, max-snippet:-1, max-image-preview:large, max-video-preview:-1\" \/>\n<link rel=\"canonical\" href=\"https:\/\/zsp1chojna.pl\/?page_id=5669\" \/>\n<meta property=\"og:locale\" content=\"pl_PL\" \/>\n<meta property=\"og:type\" content=\"article\" \/>\n<meta property=\"og:title\" content=\"Wizyta w zaprzyja\u017anionym Sherborne - ZSP w Chojnie\" \/>\n<meta property=\"og:description\" content=\"W dniach 14-18 lipca trzech uczni\u00f3w naszej szko\u0142y \u2013 Jakub Le\u015bniak, Konrad Rydzewski i Maksymilian Stryczek odwiedzi\u0142o miejscowo\u015b\u0107 Sherborne w Anglii. Zostali zaproszeni tam przez zaprzyja\u017anion\u0105 szko\u0142\u0119 Gryphoon School. Dw\u00f3ch [&hellip;]\" \/>\n<meta property=\"og:url\" content=\"https:\/\/zsp1chojna.pl\/?page_id=5669\" \/>\n<meta property=\"og:site_name\" content=\"ZSP w Chojnie\" \/>\n<meta property=\"article:modified_time\" content=\"2023-09-24T13:22:04+00:00\" \/>\n<meta property=\"og:image\" content=\"https:\/\/zsp1chojna.pl\/wp-content\/uploads\/2023\/09\/image001.jpg\" \/>\n<meta name=\"twitter:card\" content=\"summary_large_image\" \/>\n<meta name=\"twitter:label1\" content=\"Szacowany czas czytania\" \/>\n\t<meta name=\"twitter:data1\" content=\"2 minuty\" \/>\n<script type=\"application\/ld+json\" class=\"yoast-schema-graph\">{\"@context\":\"https:\/\/schema.org\",\"@graph\":[{\"@type\":\"WebPage\",\"@id\":\"https:\/\/zsp1chojna.pl\/?page_id=5669\",\"url\":\"https:\/\/zsp1chojna.pl\/?page_id=5669\",\"name\":\"Wizyta w zaprzyja\u017anionym Sherborne - ZSP w Chojnie\",\"isPartOf\":{\"@id\":\"https:\/\/zsp1chojna.pl\/#website\"},\"datePublished\":\"2023-09-24T13:22:01+00:00\",\"dateModified\":\"2023-09-24T13:22:04+00:00\",\"breadcrumb\":{\"@id\":\"https:\/\/zsp1chojna.pl\/?page_id=5669#breadcrumb\"},\"inLanguage\":\"pl-PL\",\"potentialAction\":[{\"@type\":\"ReadAction\",\"target\":[\"https:\/\/zsp1chojna.pl\/?page_id=5669\"]}]},{\"@type\":\"BreadcrumbList\",\"@id\":\"https:\/\/zsp1chojna.pl\/?page_id=5669#breadcrumb\",\"itemListElement\":[{\"@type\":\"ListItem\",\"position\":1,\"name\":\"Home\",\"item\":\"https:\/\/zsp1chojna.pl\/\"},{\"@type\":\"ListItem\",\"position\":2,\"name\":\"Wizyta w&nbsp;zaprzyja\u017anionym Sherborne\"}]},{\"@type\":\"WebSite\",\"@id\":\"https:\/\/zsp1chojna.pl\/#website\",\"url\":\"https:\/\/zsp1chojna.pl\/\",\"name\":\"ZSP w Chojnie\",\"description\":\"\",\"publisher\":{\"@id\":\"https:\/\/zsp1chojna.pl\/#organization\"},\"potentialAction\":[{\"@type\":\"SearchAction\",\"target\":{\"@type\":\"EntryPoint\",\"urlTemplate\":\"https:\/\/zsp1chojna.pl\/?s={search_term_string}\"},\"query-input\":\"required name=search_term_string\"}],\"inLanguage\":\"pl-PL\"},{\"@type\":\"Organization\",\"@id\":\"https:\/\/zsp1chojna.pl\/#organization\",\"name\":\"ZSP w Chojnie\",\"url\":\"https:\/\/zsp1chojna.pl\/\",\"logo\":{\"@type\":\"ImageObject\",\"inLanguage\":\"pl-PL\",\"@id\":\"https:\/\/zsp1chojna.pl\/#\/schema\/logo\/image\/\",\"url\":\"https:\/\/zsp1chojna.pl\/wp-content\/uploads\/2023\/08\/cropped-cropped-cropped-Logo-biale-napis-na-3-wiersze_504-1.png\",\"contentUrl\":\"https:\/\/zsp1chojna.pl\/wp-content\/uploads\/2023\/08\/cropped-cropped-cropped-Logo-biale-napis-na-3-wiersze_504-1.png\",\"width\":504,\"height\":167,\"caption\":\"ZSP w Chojnie\"},\"image\":{\"@id\":\"https:\/\/zsp1chojna.pl\/#\/schema\/logo\/image\/\"}}]}<\/script>\n<!-- \/ Yoast SEO plugin. -->","yoast_head_json":{"title":"Wizyta w zaprzyja\u017anionym Sherborne - ZSP w Chojnie","robots":{"index":"index","follow":"follow","max-snippet":"max-snippet:-1","max-image-preview":"max-image-preview:large","max-video-preview":"max-video-preview:-1"},"canonical":"https:\/\/zsp1chojna.pl\/?page_id=5669","og_locale":"pl_PL","og_type":"article","og_title":"Wizyta w zaprzyja\u017anionym Sherborne - ZSP w Chojnie","og_description":"W dniach 14-18 lipca trzech uczni\u00f3w naszej szko\u0142y \u2013 Jakub Le\u015bniak, Konrad Rydzewski i Maksymilian Stryczek odwiedzi\u0142o miejscowo\u015b\u0107 Sherborne w Anglii. Zostali zaproszeni tam przez zaprzyja\u017anion\u0105 szko\u0142\u0119 Gryphoon School. Dw\u00f3ch [&hellip;]","og_url":"https:\/\/zsp1chojna.pl\/?page_id=5669","og_site_name":"ZSP w Chojnie","article_modified_time":"2023-09-24T13:22:04+00:00","og_image":[{"url":"https:\/\/zsp1chojna.pl\/wp-content\/uploads\/2023\/09\/image001.jpg"}],"twitter_card":"summary_large_image","twitter_misc":{"Szacowany czas czytania":"2 minuty"},"schema":{"@context":"https:\/\/schema.org","@graph":[{"@type":"WebPage","@id":"https:\/\/zsp1chojna.pl\/?page_id=5669","url":"https:\/\/zsp1chojna.pl\/?page_id=5669","name":"Wizyta w zaprzyja\u017anionym Sherborne - ZSP w Chojnie","isPartOf":{"@id":"https:\/\/zsp1chojna.pl\/#website"},"datePublished":"2023-09-24T13:22:01+00:00","dateModified":"2023-09-24T13:22:04+00:00","breadcrumb":{"@id":"https:\/\/zsp1chojna.pl\/?page_id=5669#breadcrumb"},"inLanguage":"pl-PL","potentialAction":[{"@type":"ReadAction","target":["https:\/\/zsp1chojna.pl\/?page_id=5669"]}]},{"@type":"BreadcrumbList","@id":"https:\/\/zsp1chojna.pl\/?page_id=5669#breadcrumb","itemListElement":[{"@type":"ListItem","position":1,"name":"Home","item":"https:\/\/zsp1chojna.pl\/"},{"@type":"ListItem","position":2,"name":"Wizyta w&nbsp;zaprzyja\u017anionym Sherborne"}]},{"@type":"WebSite","@id":"https:\/\/zsp1chojna.pl\/#website","url":"https:\/\/zsp1chojna.pl\/","name":"ZSP w Chojnie","description":"","publisher":{"@id":"https:\/\/zsp1chojna.pl\/#organization"},"potentialAction":[{"@type":"SearchAction","target":{"@type":"EntryPoint","urlTemplate":"https:\/\/zsp1chojna.pl\/?s={search_term_string}"},"query-input":"required name=search_term_string"}],"inLanguage":"pl-PL"},{"@type":"Organization","@id":"https:\/\/zsp1chojna.pl\/#organization","name":"ZSP w Chojnie","url":"https:\/\/zsp1chojna.pl\/","logo":{"@type":"ImageObject","inLanguage":"pl-PL","@id":"https:\/\/zsp1chojna.pl\/#\/schema\/logo\/image\/","url":"https:\/\/zsp1chojna.pl\/wp-content\/uploads\/2023\/08\/cropped-cropped-cropped-Logo-biale-napis-na-3-wiersze_504-1.png","contentUrl":"https:\/\/zsp1chojna.pl\/wp-content\/uploads\/2023\/08\/cropped-cropped-cropped-Logo-biale-napis-na-3-wiersze_504-1.png","width":504,"height":167,"caption":"ZSP w Chojnie"},"image":{"@id":"https:\/\/zsp1chojna.pl\/#\/schema\/logo\/image\/"}}]}},"_links":{"self":[{"href":"https:\/\/zsp1chojna.pl\/index.php?rest_route=\/wp\/v2\/pages\/5669","targetHints":{"allow":["GET"]}}],"collection":[{"href":"https:\/\/zsp1chojna.pl\/index.php?rest_route=\/wp\/v2\/pages"}],"about":[{"href":"https:\/\/zsp1chojna.pl\/index.php?rest_route=\/wp\/v2\/types\/page"}],"author":[{"embeddable":true,"href":"https:\/\/zsp1chojna.pl\/index.php?rest_route=\/wp\/v2\/users\/1"}],"replies":[{"embeddable":true,"href":"https:\/\/zsp1chojna.pl\/index.php?rest_route=%2Fwp%2Fv2%2Fcomments&post=5669"}],"version-history":[{"count":1,"href":"https:\/\/zsp1chojna.pl\/index.php?rest_route=\/wp\/v2\/pages\/5669\/revisions"}],"predecessor-version":[{"id":5672,"href":"https:\/\/zsp1chojna.pl\/index.php?rest_route=\/wp\/v2\/pages\/5669\/revisions\/5672"}],"wp:attachment":[{"href":"https:\/\/zsp1chojna.pl\/index.php?rest_route=%2Fwp%2Fv2%2Fmedia&parent=5669"}],"curies":[{"name":"wp","href":"https:\/\/api.w.org\/{rel}","templated":true}]}}