{"id":5359,"date":"2023-09-22T09:15:49","date_gmt":"2023-09-22T07:15:49","guid":{"rendered":"https:\/\/zsp1chojna.pl\/?page_id=5359"},"modified":"2024-11-06T09:06:17","modified_gmt":"2024-11-06T08:06:17","slug":"1965-lo","status":"publish","type":"page","link":"https:\/\/zsp1chojna.pl\/?page_id=5359","title":{"rendered":"Rok 1965"},"content":{"rendered":"<style>.kadence-column5359_389865-e4 > .kt-inside-inner-col,.kadence-column5359_389865-e4 > .kt-inside-inner-col:before{border-top-left-radius:0px;border-top-right-radius:0px;border-bottom-right-radius:0px;border-bottom-left-radius:0px;}.kadence-column5359_389865-e4 > .kt-inside-inner-col:before{opacity:0.3;}.kadence-column5359_389865-e4{position:relative;}<\/style>\n<div class=\"wp-block-kadence-column kadence-column5359_389865-e4\"><div class=\"kt-inside-inner-col\">\n<div class=\"wp-block-columns is-layout-flex wp-container-core-columns-is-layout-9d6595d7 wp-block-columns-is-layout-flex\">\n<div class=\"wp-block-column is-layout-flow wp-block-column-is-layout-flow\">\n<p>Andreatto Krystyna<br>Balik Barbara<br>Bernacka Maria<br>Bolewski Romuald<br>Bujek Agnieszka<br>Chodyniecki Czes\u0142aw<br>Czerniawska Helena<br>Czerniawski Tadeusz<br>Dacewicz Edward<br>Depa Edward<br>Dmytryk J\u00f3zef<br>Downar Janina<br>Fischbach Kazimierz<br>Frontczak Mariusz<br>Ga\u0142ka Wies\u0142awa<br>Garbowicz Zbigniew<br>Gilarek Jadwiga<br>Gola\u0144ska Irena<br>Gurazda Halina<br>Gut Anna<br>Hippmann Zbigniew<br>Hrynkiewicz Ryszard<br>I\u0142ka Wanda<br>Iwaszkiewicz Jan<br>Jacenik Lidia<br>J\u0119drzejczak Ewa<br>Kaczmar Eugenia<br>Ko\u0142\u0142\u0105taj Czes\u0142aw<br>Krakowiak Krystyna<br>Kruszewska Zofia<br>Kulmaga Janina<br>Kwa\u015bniak Stanis\u0142awa<br>Lizak Ryszard<br>Linko J\u00f3zef<br>\u0141owkis Irena<br>Maciuk Tomasz<\/p>\n<\/div>\n\n\n\n<div class=\"wp-block-column is-layout-flow wp-block-column-is-layout-flow\">\n<p>Madaj Halina<br>Madera Antoni<br>Madera Stanis\u0142aw<br>Mali\u0144ska Janina<br>Marcinkowska Helena<br>Marciniak El\u017cbieta<br>Mazurowska Henryka<br>Michniewicz Ryszard<br>Misiun Lilianna<br>Mizgier Krystyna<br>Mozolewski Ryszard<br>Nawrolski Ryszard<br>Owsik Mieczys\u0142aw<br>Ostrowski Adolf<br>Pacho\u0142ek Stanis\u0142awa<br>Pawlukowski Hipolit<br>P\u0142achta Stefan<br>Popik Dionizy<br>Potapi\u0144ska Irena<br>Raczkowska Teresa<br>Radziszewska Irena<br>Rawecki Czes\u0142aw<br>Siatecki Alfred<br>Sondej Marian<br>Steciuk Ryszard<br>Stelmach Krystyna<br>Stochnij Zbigniew<br>Stybu\u0142kowska Teresa<br>Sumis\u0142awski Czes\u0142aw<br>Syku\u0142a Zofia<br>Sza\u0142kiewicz Henryk<br>Szeremeta Jadwiga<br>Szyszka Andrzej<br>Trojak Janina<br>Tytyn Edward<br>Wojciechowska El\u017cbieta<br>Wojtalewicz Alicja<\/p>\n<\/div>\n<\/div>\n<\/div><\/div>\n","protected":false},"excerpt":{"rendered":"<p>Andreatto KrystynaBalik BarbaraBernacka MariaBolewski RomualdBujek AgnieszkaChodyniecki Czes\u0142awCzerniawska HelenaCzerniawski TadeuszDacewicz EdwardDepa EdwardDmytryk J\u00f3zefDownar JaninaFischbach KazimierzFrontczak MariuszGa\u0142ka Wies\u0142awaGarbowicz ZbigniewGilarek JadwigaGola\u0144ska IrenaGurazda HalinaGut AnnaHippmann ZbigniewHrynkiewicz RyszardI\u0142ka WandaIwaszkiewicz JanJacenik LidiaJ\u0119drzejczak EwaKaczmar EugeniaKo\u0142\u0142\u0105taj Czes\u0142awKrakowiak KrystynaKruszewska [&hellip;]<\/p>\n","protected":false},"author":1,"featured_media":0,"parent":0,"menu_order":0,"comment_status":"closed","ping_status":"closed","template":"","meta":{"footnotes":""},"class_list":["post-5359","page","type-page","status-publish","hentry"],"yoast_head":"<!-- This site is optimized with the Yoast SEO plugin v20.13 - https:\/\/yoast.com\/wordpress\/plugins\/seo\/ -->\n<title>Rok 1965 - ZSP w Chojnie<\/title>\n<meta name=\"robots\" content=\"index, follow, max-snippet:-1, max-image-preview:large, max-video-preview:-1\" \/>\n<link rel=\"canonical\" href=\"https:\/\/zsp1chojna.pl\/?page_id=5359\" \/>\n<meta property=\"og:locale\" content=\"pl_PL\" \/>\n<meta property=\"og:type\" content=\"article\" \/>\n<meta property=\"og:title\" content=\"Rok 1965 - ZSP w Chojnie\" \/>\n<meta property=\"og:description\" content=\"Andreatto KrystynaBalik BarbaraBernacka MariaBolewski RomualdBujek AgnieszkaChodyniecki Czes\u0142awCzerniawska HelenaCzerniawski TadeuszDacewicz EdwardDepa EdwardDmytryk J\u00f3zefDownar JaninaFischbach KazimierzFrontczak MariuszGa\u0142ka Wies\u0142awaGarbowicz ZbigniewGilarek JadwigaGola\u0144ska IrenaGurazda HalinaGut AnnaHippmann ZbigniewHrynkiewicz RyszardI\u0142ka WandaIwaszkiewicz JanJacenik LidiaJ\u0119drzejczak EwaKaczmar EugeniaKo\u0142\u0142\u0105taj Czes\u0142awKrakowiak KrystynaKruszewska [&hellip;]\" \/>\n<meta property=\"og:url\" content=\"https:\/\/zsp1chojna.pl\/?page_id=5359\" \/>\n<meta property=\"og:site_name\" content=\"ZSP w Chojnie\" \/>\n<meta property=\"article:modified_time\" content=\"2024-11-06T08:06:17+00:00\" \/>\n<meta name=\"twitter:card\" content=\"summary_large_image\" \/>\n<meta name=\"twitter:label1\" content=\"Szacowany czas czytania\" \/>\n\t<meta name=\"twitter:data1\" content=\"1 minuta\" \/>\n<script type=\"application\/ld+json\" class=\"yoast-schema-graph\">{\"@context\":\"https:\/\/schema.org\",\"@graph\":[{\"@type\":\"WebPage\",\"@id\":\"https:\/\/zsp1chojna.pl\/?page_id=5359\",\"url\":\"https:\/\/zsp1chojna.pl\/?page_id=5359\",\"name\":\"Rok 1965 - ZSP w Chojnie\",\"isPartOf\":{\"@id\":\"https:\/\/zsp1chojna.pl\/#website\"},\"datePublished\":\"2023-09-22T07:15:49+00:00\",\"dateModified\":\"2024-11-06T08:06:17+00:00\",\"breadcrumb\":{\"@id\":\"https:\/\/zsp1chojna.pl\/?page_id=5359#breadcrumb\"},\"inLanguage\":\"pl-PL\",\"potentialAction\":[{\"@type\":\"ReadAction\",\"target\":[\"https:\/\/zsp1chojna.pl\/?page_id=5359\"]}]},{\"@type\":\"BreadcrumbList\",\"@id\":\"https:\/\/zsp1chojna.pl\/?page_id=5359#breadcrumb\",\"itemListElement\":[{\"@type\":\"ListItem\",\"position\":1,\"name\":\"Home\",\"item\":\"https:\/\/zsp1chojna.pl\/\"},{\"@type\":\"ListItem\",\"position\":2,\"name\":\"Rok 1965\"}]},{\"@type\":\"WebSite\",\"@id\":\"https:\/\/zsp1chojna.pl\/#website\",\"url\":\"https:\/\/zsp1chojna.pl\/\",\"name\":\"ZSP w Chojnie\",\"description\":\"\",\"publisher\":{\"@id\":\"https:\/\/zsp1chojna.pl\/#organization\"},\"potentialAction\":[{\"@type\":\"SearchAction\",\"target\":{\"@type\":\"EntryPoint\",\"urlTemplate\":\"https:\/\/zsp1chojna.pl\/?s={search_term_string}\"},\"query-input\":\"required name=search_term_string\"}],\"inLanguage\":\"pl-PL\"},{\"@type\":\"Organization\",\"@id\":\"https:\/\/zsp1chojna.pl\/#organization\",\"name\":\"ZSP w Chojnie\",\"url\":\"https:\/\/zsp1chojna.pl\/\",\"logo\":{\"@type\":\"ImageObject\",\"inLanguage\":\"pl-PL\",\"@id\":\"https:\/\/zsp1chojna.pl\/#\/schema\/logo\/image\/\",\"url\":\"https:\/\/zsp1chojna.pl\/wp-content\/uploads\/2023\/08\/cropped-cropped-cropped-Logo-biale-napis-na-3-wiersze_504-1.png\",\"contentUrl\":\"https:\/\/zsp1chojna.pl\/wp-content\/uploads\/2023\/08\/cropped-cropped-cropped-Logo-biale-napis-na-3-wiersze_504-1.png\",\"width\":504,\"height\":167,\"caption\":\"ZSP w Chojnie\"},\"image\":{\"@id\":\"https:\/\/zsp1chojna.pl\/#\/schema\/logo\/image\/\"}}]}<\/script>\n<!-- \/ Yoast SEO plugin. -->","yoast_head_json":{"title":"Rok 1965 - ZSP w Chojnie","robots":{"index":"index","follow":"follow","max-snippet":"max-snippet:-1","max-image-preview":"max-image-preview:large","max-video-preview":"max-video-preview:-1"},"canonical":"https:\/\/zsp1chojna.pl\/?page_id=5359","og_locale":"pl_PL","og_type":"article","og_title":"Rok 1965 - ZSP w Chojnie","og_description":"Andreatto KrystynaBalik BarbaraBernacka MariaBolewski RomualdBujek AgnieszkaChodyniecki Czes\u0142awCzerniawska HelenaCzerniawski TadeuszDacewicz EdwardDepa EdwardDmytryk J\u00f3zefDownar JaninaFischbach KazimierzFrontczak MariuszGa\u0142ka Wies\u0142awaGarbowicz ZbigniewGilarek JadwigaGola\u0144ska IrenaGurazda HalinaGut AnnaHippmann ZbigniewHrynkiewicz RyszardI\u0142ka WandaIwaszkiewicz JanJacenik LidiaJ\u0119drzejczak EwaKaczmar EugeniaKo\u0142\u0142\u0105taj Czes\u0142awKrakowiak KrystynaKruszewska [&hellip;]","og_url":"https:\/\/zsp1chojna.pl\/?page_id=5359","og_site_name":"ZSP w Chojnie","article_modified_time":"2024-11-06T08:06:17+00:00","twitter_card":"summary_large_image","twitter_misc":{"Szacowany czas czytania":"1 minuta"},"schema":{"@context":"https:\/\/schema.org","@graph":[{"@type":"WebPage","@id":"https:\/\/zsp1chojna.pl\/?page_id=5359","url":"https:\/\/zsp1chojna.pl\/?page_id=5359","name":"Rok 1965 - ZSP w Chojnie","isPartOf":{"@id":"https:\/\/zsp1chojna.pl\/#website"},"datePublished":"2023-09-22T07:15:49+00:00","dateModified":"2024-11-06T08:06:17+00:00","breadcrumb":{"@id":"https:\/\/zsp1chojna.pl\/?page_id=5359#breadcrumb"},"inLanguage":"pl-PL","potentialAction":[{"@type":"ReadAction","target":["https:\/\/zsp1chojna.pl\/?page_id=5359"]}]},{"@type":"BreadcrumbList","@id":"https:\/\/zsp1chojna.pl\/?page_id=5359#breadcrumb","itemListElement":[{"@type":"ListItem","position":1,"name":"Home","item":"https:\/\/zsp1chojna.pl\/"},{"@type":"ListItem","position":2,"name":"Rok 1965"}]},{"@type":"WebSite","@id":"https:\/\/zsp1chojna.pl\/#website","url":"https:\/\/zsp1chojna.pl\/","name":"ZSP w Chojnie","description":"","publisher":{"@id":"https:\/\/zsp1chojna.pl\/#organization"},"potentialAction":[{"@type":"SearchAction","target":{"@type":"EntryPoint","urlTemplate":"https:\/\/zsp1chojna.pl\/?s={search_term_string}"},"query-input":"required name=search_term_string"}],"inLanguage":"pl-PL"},{"@type":"Organization","@id":"https:\/\/zsp1chojna.pl\/#organization","name":"ZSP w Chojnie","url":"https:\/\/zsp1chojna.pl\/","logo":{"@type":"ImageObject","inLanguage":"pl-PL","@id":"https:\/\/zsp1chojna.pl\/#\/schema\/logo\/image\/","url":"https:\/\/zsp1chojna.pl\/wp-content\/uploads\/2023\/08\/cropped-cropped-cropped-Logo-biale-napis-na-3-wiersze_504-1.png","contentUrl":"https:\/\/zsp1chojna.pl\/wp-content\/uploads\/2023\/08\/cropped-cropped-cropped-Logo-biale-napis-na-3-wiersze_504-1.png","width":504,"height":167,"caption":"ZSP w Chojnie"},"image":{"@id":"https:\/\/zsp1chojna.pl\/#\/schema\/logo\/image\/"}}]}},"_links":{"self":[{"href":"https:\/\/zsp1chojna.pl\/index.php?rest_route=\/wp\/v2\/pages\/5359","targetHints":{"allow":["GET"]}}],"collection":[{"href":"https:\/\/zsp1chojna.pl\/index.php?rest_route=\/wp\/v2\/pages"}],"about":[{"href":"https:\/\/zsp1chojna.pl\/index.php?rest_route=\/wp\/v2\/types\/page"}],"author":[{"embeddable":true,"href":"https:\/\/zsp1chojna.pl\/index.php?rest_route=\/wp\/v2\/users\/1"}],"replies":[{"embeddable":true,"href":"https:\/\/zsp1chojna.pl\/index.php?rest_route=%2Fwp%2Fv2%2Fcomments&post=5359"}],"version-history":[{"count":2,"href":"https:\/\/zsp1chojna.pl\/index.php?rest_route=\/wp\/v2\/pages\/5359\/revisions"}],"predecessor-version":[{"id":11413,"href":"https:\/\/zsp1chojna.pl\/index.php?rest_route=\/wp\/v2\/pages\/5359\/revisions\/11413"}],"wp:attachment":[{"href":"https:\/\/zsp1chojna.pl\/index.php?rest_route=%2Fwp%2Fv2%2Fmedia&parent=5359"}],"curies":[{"name":"wp","href":"https:\/\/api.w.org\/{rel}","templated":true}]}}