{"id":5351,"date":"2023-09-22T07:56:00","date_gmt":"2023-09-22T05:56:00","guid":{"rendered":"https:\/\/zsp1chojna.pl\/?page_id=5351"},"modified":"2024-11-06T09:05:24","modified_gmt":"2024-11-06T08:05:24","slug":"1963-lo","status":"publish","type":"page","link":"https:\/\/zsp1chojna.pl\/?page_id=5351","title":{"rendered":"Rok 1963"},"content":{"rendered":"\n<p>Ampu\u0142a Jadwiga<br>Chro\u0142 Ludwik<br>Drewniak Stefania<br>Dydzian Helena<br>Gaca Zofia<br>Grygier Joachim<br>Jacznik Maria<br>Kacprzak Jan<br>Kamaj Wanda<br>Karczewska Genowefa<br>Karpowicz Lech<br>Konopka Wanda<br>Mazur Zofia<br>M\u0142ynarczyk Bogdan<br>Nawowiejski Zbys\u0142aw<br>Nepelska Danuta<br>Obarewicz Teresa<br>O\u0142owska Irena<br>Orpel Kazimiera<br>S\u0142ugocki Roman<br>Stasik Jan<br>Stroymowski Janusz<br>\u015al\u0119zak Zofia<br>W\u0119grzyniak Stefan<br>Wojta\u015b Stanis\u0142awa<\/p>\n","protected":false},"excerpt":{"rendered":"<p>Ampu\u0142a JadwigaChro\u0142 LudwikDrewniak StefaniaDydzian HelenaGaca ZofiaGrygier JoachimJacznik MariaKacprzak JanKamaj WandaKarczewska GenowefaKarpowicz LechKonopka WandaMazur ZofiaM\u0142ynarczyk BogdanNawowiejski Zbys\u0142awNepelska DanutaObarewicz TeresaO\u0142owska IrenaOrpel KazimieraS\u0142ugocki RomanStasik JanStroymowski Janusz\u015al\u0119zak ZofiaW\u0119grzyniak StefanWojta\u015b Stanis\u0142awa<\/p>\n","protected":false},"author":1,"featured_media":0,"parent":0,"menu_order":0,"comment_status":"closed","ping_status":"closed","template":"","meta":{"footnotes":""},"class_list":["post-5351","page","type-page","status-publish","hentry"],"yoast_head":"<!-- This site is optimized with the Yoast SEO plugin v20.13 - https:\/\/yoast.com\/wordpress\/plugins\/seo\/ -->\n<title>Rok 1963 - ZSP w Chojnie<\/title>\n<meta name=\"robots\" content=\"index, follow, max-snippet:-1, max-image-preview:large, max-video-preview:-1\" \/>\n<link rel=\"canonical\" href=\"https:\/\/zsp1chojna.pl\/?page_id=5351\" \/>\n<meta property=\"og:locale\" content=\"pl_PL\" \/>\n<meta property=\"og:type\" content=\"article\" \/>\n<meta property=\"og:title\" content=\"Rok 1963 - ZSP w Chojnie\" \/>\n<meta property=\"og:description\" content=\"Ampu\u0142a JadwigaChro\u0142 LudwikDrewniak StefaniaDydzian HelenaGaca ZofiaGrygier JoachimJacznik MariaKacprzak JanKamaj WandaKarczewska GenowefaKarpowicz LechKonopka WandaMazur ZofiaM\u0142ynarczyk BogdanNawowiejski Zbys\u0142awNepelska DanutaObarewicz TeresaO\u0142owska IrenaOrpel KazimieraS\u0142ugocki RomanStasik JanStroymowski Janusz\u015al\u0119zak ZofiaW\u0119grzyniak StefanWojta\u015b Stanis\u0142awa\" \/>\n<meta property=\"og:url\" content=\"https:\/\/zsp1chojna.pl\/?page_id=5351\" \/>\n<meta property=\"og:site_name\" content=\"ZSP w Chojnie\" \/>\n<meta property=\"article:modified_time\" content=\"2024-11-06T08:05:24+00:00\" \/>\n<meta name=\"twitter:card\" content=\"summary_large_image\" \/>\n<meta name=\"twitter:label1\" content=\"Szacowany czas czytania\" \/>\n\t<meta name=\"twitter:data1\" content=\"1 minuta\" \/>\n<script type=\"application\/ld+json\" class=\"yoast-schema-graph\">{\"@context\":\"https:\/\/schema.org\",\"@graph\":[{\"@type\":\"WebPage\",\"@id\":\"https:\/\/zsp1chojna.pl\/?page_id=5351\",\"url\":\"https:\/\/zsp1chojna.pl\/?page_id=5351\",\"name\":\"Rok 1963 - ZSP w Chojnie\",\"isPartOf\":{\"@id\":\"https:\/\/zsp1chojna.pl\/#website\"},\"datePublished\":\"2023-09-22T05:56:00+00:00\",\"dateModified\":\"2024-11-06T08:05:24+00:00\",\"breadcrumb\":{\"@id\":\"https:\/\/zsp1chojna.pl\/?page_id=5351#breadcrumb\"},\"inLanguage\":\"pl-PL\",\"potentialAction\":[{\"@type\":\"ReadAction\",\"target\":[\"https:\/\/zsp1chojna.pl\/?page_id=5351\"]}]},{\"@type\":\"BreadcrumbList\",\"@id\":\"https:\/\/zsp1chojna.pl\/?page_id=5351#breadcrumb\",\"itemListElement\":[{\"@type\":\"ListItem\",\"position\":1,\"name\":\"Home\",\"item\":\"https:\/\/zsp1chojna.pl\/\"},{\"@type\":\"ListItem\",\"position\":2,\"name\":\"Rok 1963\"}]},{\"@type\":\"WebSite\",\"@id\":\"https:\/\/zsp1chojna.pl\/#website\",\"url\":\"https:\/\/zsp1chojna.pl\/\",\"name\":\"ZSP w Chojnie\",\"description\":\"\",\"publisher\":{\"@id\":\"https:\/\/zsp1chojna.pl\/#organization\"},\"potentialAction\":[{\"@type\":\"SearchAction\",\"target\":{\"@type\":\"EntryPoint\",\"urlTemplate\":\"https:\/\/zsp1chojna.pl\/?s={search_term_string}\"},\"query-input\":\"required name=search_term_string\"}],\"inLanguage\":\"pl-PL\"},{\"@type\":\"Organization\",\"@id\":\"https:\/\/zsp1chojna.pl\/#organization\",\"name\":\"ZSP w Chojnie\",\"url\":\"https:\/\/zsp1chojna.pl\/\",\"logo\":{\"@type\":\"ImageObject\",\"inLanguage\":\"pl-PL\",\"@id\":\"https:\/\/zsp1chojna.pl\/#\/schema\/logo\/image\/\",\"url\":\"https:\/\/zsp1chojna.pl\/wp-content\/uploads\/2023\/08\/cropped-cropped-cropped-Logo-biale-napis-na-3-wiersze_504-1.png\",\"contentUrl\":\"https:\/\/zsp1chojna.pl\/wp-content\/uploads\/2023\/08\/cropped-cropped-cropped-Logo-biale-napis-na-3-wiersze_504-1.png\",\"width\":504,\"height\":167,\"caption\":\"ZSP w Chojnie\"},\"image\":{\"@id\":\"https:\/\/zsp1chojna.pl\/#\/schema\/logo\/image\/\"}}]}<\/script>\n<!-- \/ Yoast SEO plugin. -->","yoast_head_json":{"title":"Rok 1963 - ZSP w Chojnie","robots":{"index":"index","follow":"follow","max-snippet":"max-snippet:-1","max-image-preview":"max-image-preview:large","max-video-preview":"max-video-preview:-1"},"canonical":"https:\/\/zsp1chojna.pl\/?page_id=5351","og_locale":"pl_PL","og_type":"article","og_title":"Rok 1963 - ZSP w Chojnie","og_description":"Ampu\u0142a JadwigaChro\u0142 LudwikDrewniak StefaniaDydzian HelenaGaca ZofiaGrygier JoachimJacznik MariaKacprzak JanKamaj WandaKarczewska GenowefaKarpowicz LechKonopka WandaMazur ZofiaM\u0142ynarczyk BogdanNawowiejski Zbys\u0142awNepelska DanutaObarewicz TeresaO\u0142owska IrenaOrpel KazimieraS\u0142ugocki RomanStasik JanStroymowski Janusz\u015al\u0119zak ZofiaW\u0119grzyniak StefanWojta\u015b Stanis\u0142awa","og_url":"https:\/\/zsp1chojna.pl\/?page_id=5351","og_site_name":"ZSP w Chojnie","article_modified_time":"2024-11-06T08:05:24+00:00","twitter_card":"summary_large_image","twitter_misc":{"Szacowany czas czytania":"1 minuta"},"schema":{"@context":"https:\/\/schema.org","@graph":[{"@type":"WebPage","@id":"https:\/\/zsp1chojna.pl\/?page_id=5351","url":"https:\/\/zsp1chojna.pl\/?page_id=5351","name":"Rok 1963 - ZSP w Chojnie","isPartOf":{"@id":"https:\/\/zsp1chojna.pl\/#website"},"datePublished":"2023-09-22T05:56:00+00:00","dateModified":"2024-11-06T08:05:24+00:00","breadcrumb":{"@id":"https:\/\/zsp1chojna.pl\/?page_id=5351#breadcrumb"},"inLanguage":"pl-PL","potentialAction":[{"@type":"ReadAction","target":["https:\/\/zsp1chojna.pl\/?page_id=5351"]}]},{"@type":"BreadcrumbList","@id":"https:\/\/zsp1chojna.pl\/?page_id=5351#breadcrumb","itemListElement":[{"@type":"ListItem","position":1,"name":"Home","item":"https:\/\/zsp1chojna.pl\/"},{"@type":"ListItem","position":2,"name":"Rok 1963"}]},{"@type":"WebSite","@id":"https:\/\/zsp1chojna.pl\/#website","url":"https:\/\/zsp1chojna.pl\/","name":"ZSP w Chojnie","description":"","publisher":{"@id":"https:\/\/zsp1chojna.pl\/#organization"},"potentialAction":[{"@type":"SearchAction","target":{"@type":"EntryPoint","urlTemplate":"https:\/\/zsp1chojna.pl\/?s={search_term_string}"},"query-input":"required name=search_term_string"}],"inLanguage":"pl-PL"},{"@type":"Organization","@id":"https:\/\/zsp1chojna.pl\/#organization","name":"ZSP w Chojnie","url":"https:\/\/zsp1chojna.pl\/","logo":{"@type":"ImageObject","inLanguage":"pl-PL","@id":"https:\/\/zsp1chojna.pl\/#\/schema\/logo\/image\/","url":"https:\/\/zsp1chojna.pl\/wp-content\/uploads\/2023\/08\/cropped-cropped-cropped-Logo-biale-napis-na-3-wiersze_504-1.png","contentUrl":"https:\/\/zsp1chojna.pl\/wp-content\/uploads\/2023\/08\/cropped-cropped-cropped-Logo-biale-napis-na-3-wiersze_504-1.png","width":504,"height":167,"caption":"ZSP w Chojnie"},"image":{"@id":"https:\/\/zsp1chojna.pl\/#\/schema\/logo\/image\/"}}]}},"_links":{"self":[{"href":"https:\/\/zsp1chojna.pl\/index.php?rest_route=\/wp\/v2\/pages\/5351","targetHints":{"allow":["GET"]}}],"collection":[{"href":"https:\/\/zsp1chojna.pl\/index.php?rest_route=\/wp\/v2\/pages"}],"about":[{"href":"https:\/\/zsp1chojna.pl\/index.php?rest_route=\/wp\/v2\/types\/page"}],"author":[{"embeddable":true,"href":"https:\/\/zsp1chojna.pl\/index.php?rest_route=\/wp\/v2\/users\/1"}],"replies":[{"embeddable":true,"href":"https:\/\/zsp1chojna.pl\/index.php?rest_route=%2Fwp%2Fv2%2Fcomments&post=5351"}],"version-history":[{"count":3,"href":"https:\/\/zsp1chojna.pl\/index.php?rest_route=\/wp\/v2\/pages\/5351\/revisions"}],"predecessor-version":[{"id":11411,"href":"https:\/\/zsp1chojna.pl\/index.php?rest_route=\/wp\/v2\/pages\/5351\/revisions\/11411"}],"wp:attachment":[{"href":"https:\/\/zsp1chojna.pl\/index.php?rest_route=%2Fwp%2Fv2%2Fmedia&parent=5351"}],"curies":[{"name":"wp","href":"https:\/\/api.w.org\/{rel}","templated":true}]}}