{"id":4835,"date":"2023-09-11T09:45:59","date_gmt":"2023-09-11T07:45:59","guid":{"rendered":"https:\/\/zsp1chojna.pl\/?page_id=4835"},"modified":"2023-09-11T09:48:51","modified_gmt":"2023-09-11T07:48:51","slug":"zespol-ds-realizacji-projektu-roznice-motorem-zmian-comenius-regioroznice-motorem-zmian","status":"publish","type":"page","link":"https:\/\/zsp1chojna.pl\/?page_id=4835","title":{"rendered":"Zesp\u00f3\u0142 ds.\u00a0realizacji projektu \u201eR\u00f3\u017cnice motorem zmian\u201d \u2013 Comenius Regio\u201eR\u00f3\u017cnice motorem zmian\u201d"},"content":{"rendered":"<div class=\"wp-block-image\">\n<figure class=\"aligncenter size-full\"><img loading=\"lazy\" decoding=\"async\" width=\"550\" height=\"395\" data-attachment-id=\"4836\" data-permalink=\"https:\/\/zsp1chojna.pl\/?attachment_id=4836\" data-orig-file=\"https:\/\/zsp1chojna.pl\/wp-content\/uploads\/2023\/09\/zespol_regio.jpg\" data-orig-size=\"550,395\" data-comments-opened=\"1\" data-image-meta=\"{&quot;aperture&quot;:&quot;0&quot;,&quot;credit&quot;:&quot;&quot;,&quot;camera&quot;:&quot;&quot;,&quot;caption&quot;:&quot;&quot;,&quot;created_timestamp&quot;:&quot;0&quot;,&quot;copyright&quot;:&quot;&quot;,&quot;focal_length&quot;:&quot;0&quot;,&quot;iso&quot;:&quot;0&quot;,&quot;shutter_speed&quot;:&quot;0&quot;,&quot;title&quot;:&quot;&quot;,&quot;orientation&quot;:&quot;1&quot;}\" data-image-title=\"zespol_regio\" data-image-description=\"\" data-image-caption=\"\" data-medium-file=\"https:\/\/zsp1chojna.pl\/wp-content\/uploads\/2023\/09\/zespol_regio-300x215.jpg\" data-large-file=\"https:\/\/zsp1chojna.pl\/wp-content\/uploads\/2023\/09\/zespol_regio.jpg\" src=\"https:\/\/zsp1chojna.pl\/wp-content\/uploads\/2023\/09\/zespol_regio.jpg\" alt=\"\" class=\"wp-image-4836\" srcset=\"https:\/\/zsp1chojna.pl\/wp-content\/uploads\/2023\/09\/zespol_regio.jpg 550w, https:\/\/zsp1chojna.pl\/wp-content\/uploads\/2023\/09\/zespol_regio-300x215.jpg 300w\" sizes=\"auto, (max-width: 550px) 100vw, 550px\" \/><\/figure>\n<\/div>\n\n\n<p><strong>SK\u0141AD ZESPO\u0141U<\/strong><\/p>\n\n\n\n<p><strong>Janusz Cezary Salamo\u0144czyk \u2013 przewodnicz\u0105cy<\/strong><\/p>\n\n\n\n<p>Agata Motyl<br>Anna D\u0142u\u017cak<br>Anna Dubik \u2013 Galicka<br>Barbara No\u017cewnik<br>Barbara Oleksy<br>Danuta Perz<br>Edyta Daszkiewicz<br>Iwona \u0141ozi\u0144ska<br>Sylwia \u0141ozi\u0144ska<br>Justyna Sumara<br>Kamila G\u00f3ra<br>Leszek Lejman<br>Ma\u0142gorzata <br>Liman\u00f3wka<br>Marek \u0141\u0105giewczyk<br>Rafa\u0142 Czubik  <\/p>\n","protected":false},"excerpt":{"rendered":"<p>SK\u0141AD ZESPO\u0141U Janusz Cezary Salamo\u0144czyk \u2013 przewodnicz\u0105cy Agata MotylAnna D\u0142u\u017cakAnna Dubik \u2013 GalickaBarbara No\u017cewnikBarbara OleksyDanuta PerzEdyta DaszkiewiczIwona \u0141ozi\u0144skaSylwia \u0141ozi\u0144skaJustyna SumaraKamila G\u00f3raLeszek LejmanMa\u0142gorzata Liman\u00f3wkaMarek \u0141\u0105giewczykRafa\u0142 Czubik<\/p>\n","protected":false},"author":1,"featured_media":0,"parent":0,"menu_order":0,"comment_status":"closed","ping_status":"closed","template":"","meta":{"footnotes":""},"class_list":["post-4835","page","type-page","status-publish","hentry"],"yoast_head":"<!-- This site is optimized with the Yoast SEO plugin v20.13 - https:\/\/yoast.com\/wordpress\/plugins\/seo\/ -->\n<title>Zesp\u00f3\u0142 ds.\u00a0realizacji projektu \u201eR\u00f3\u017cnice motorem zmian\u201d \u2013 Comenius Regio\u201eR\u00f3\u017cnice motorem zmian\u201d - ZSP w Chojnie<\/title>\n<meta name=\"robots\" content=\"index, follow, max-snippet:-1, max-image-preview:large, max-video-preview:-1\" \/>\n<link rel=\"canonical\" href=\"https:\/\/zsp1chojna.pl\/?page_id=4835\" \/>\n<meta property=\"og:locale\" content=\"pl_PL\" \/>\n<meta property=\"og:type\" content=\"article\" \/>\n<meta property=\"og:title\" content=\"Zesp\u00f3\u0142 ds.\u00a0realizacji projektu \u201eR\u00f3\u017cnice motorem zmian\u201d \u2013 Comenius Regio\u201eR\u00f3\u017cnice motorem zmian\u201d - ZSP w Chojnie\" \/>\n<meta property=\"og:description\" content=\"SK\u0141AD ZESPO\u0141U Janusz Cezary Salamo\u0144czyk \u2013 przewodnicz\u0105cy Agata MotylAnna D\u0142u\u017cakAnna Dubik \u2013 GalickaBarbara No\u017cewnikBarbara OleksyDanuta PerzEdyta DaszkiewiczIwona \u0141ozi\u0144skaSylwia \u0141ozi\u0144skaJustyna SumaraKamila G\u00f3raLeszek LejmanMa\u0142gorzata Liman\u00f3wkaMarek \u0141\u0105giewczykRafa\u0142 Czubik\" \/>\n<meta property=\"og:url\" content=\"https:\/\/zsp1chojna.pl\/?page_id=4835\" \/>\n<meta property=\"og:site_name\" content=\"ZSP w Chojnie\" \/>\n<meta property=\"article:modified_time\" content=\"2023-09-11T07:48:51+00:00\" \/>\n<meta property=\"og:image\" content=\"https:\/\/zsp1chojna.pl\/wp-content\/uploads\/2023\/09\/zespol_regio.jpg\" \/>\n<meta name=\"twitter:card\" content=\"summary_large_image\" \/>\n<meta name=\"twitter:label1\" content=\"Szacowany czas czytania\" \/>\n\t<meta name=\"twitter:data1\" content=\"1 minuta\" \/>\n<script type=\"application\/ld+json\" class=\"yoast-schema-graph\">{\"@context\":\"https:\/\/schema.org\",\"@graph\":[{\"@type\":\"WebPage\",\"@id\":\"https:\/\/zsp1chojna.pl\/?page_id=4835\",\"url\":\"https:\/\/zsp1chojna.pl\/?page_id=4835\",\"name\":\"Zesp\u00f3\u0142 ds.\u00a0realizacji projektu \u201eR\u00f3\u017cnice motorem zmian\u201d \u2013 Comenius Regio\u201eR\u00f3\u017cnice motorem zmian\u201d - ZSP w Chojnie\",\"isPartOf\":{\"@id\":\"https:\/\/zsp1chojna.pl\/#website\"},\"datePublished\":\"2023-09-11T07:45:59+00:00\",\"dateModified\":\"2023-09-11T07:48:51+00:00\",\"breadcrumb\":{\"@id\":\"https:\/\/zsp1chojna.pl\/?page_id=4835#breadcrumb\"},\"inLanguage\":\"pl-PL\",\"potentialAction\":[{\"@type\":\"ReadAction\",\"target\":[\"https:\/\/zsp1chojna.pl\/?page_id=4835\"]}]},{\"@type\":\"BreadcrumbList\",\"@id\":\"https:\/\/zsp1chojna.pl\/?page_id=4835#breadcrumb\",\"itemListElement\":[{\"@type\":\"ListItem\",\"position\":1,\"name\":\"Home\",\"item\":\"https:\/\/zsp1chojna.pl\/\"},{\"@type\":\"ListItem\",\"position\":2,\"name\":\"Zesp\u00f3\u0142 ds.\u00a0realizacji projektu \u201eR\u00f3\u017cnice motorem zmian\u201d \u2013 Comenius Regio\u201eR\u00f3\u017cnice motorem zmian\u201d\"}]},{\"@type\":\"WebSite\",\"@id\":\"https:\/\/zsp1chojna.pl\/#website\",\"url\":\"https:\/\/zsp1chojna.pl\/\",\"name\":\"ZSP w Chojnie\",\"description\":\"\",\"publisher\":{\"@id\":\"https:\/\/zsp1chojna.pl\/#organization\"},\"potentialAction\":[{\"@type\":\"SearchAction\",\"target\":{\"@type\":\"EntryPoint\",\"urlTemplate\":\"https:\/\/zsp1chojna.pl\/?s={search_term_string}\"},\"query-input\":\"required name=search_term_string\"}],\"inLanguage\":\"pl-PL\"},{\"@type\":\"Organization\",\"@id\":\"https:\/\/zsp1chojna.pl\/#organization\",\"name\":\"ZSP w Chojnie\",\"url\":\"https:\/\/zsp1chojna.pl\/\",\"logo\":{\"@type\":\"ImageObject\",\"inLanguage\":\"pl-PL\",\"@id\":\"https:\/\/zsp1chojna.pl\/#\/schema\/logo\/image\/\",\"url\":\"https:\/\/zsp1chojna.pl\/wp-content\/uploads\/2023\/08\/cropped-cropped-cropped-Logo-biale-napis-na-3-wiersze_504-1.png\",\"contentUrl\":\"https:\/\/zsp1chojna.pl\/wp-content\/uploads\/2023\/08\/cropped-cropped-cropped-Logo-biale-napis-na-3-wiersze_504-1.png\",\"width\":504,\"height\":167,\"caption\":\"ZSP w Chojnie\"},\"image\":{\"@id\":\"https:\/\/zsp1chojna.pl\/#\/schema\/logo\/image\/\"}}]}<\/script>\n<!-- \/ Yoast SEO plugin. -->","yoast_head_json":{"title":"Zesp\u00f3\u0142 ds.\u00a0realizacji projektu \u201eR\u00f3\u017cnice motorem zmian\u201d \u2013 Comenius Regio\u201eR\u00f3\u017cnice motorem zmian\u201d - ZSP w Chojnie","robots":{"index":"index","follow":"follow","max-snippet":"max-snippet:-1","max-image-preview":"max-image-preview:large","max-video-preview":"max-video-preview:-1"},"canonical":"https:\/\/zsp1chojna.pl\/?page_id=4835","og_locale":"pl_PL","og_type":"article","og_title":"Zesp\u00f3\u0142 ds.\u00a0realizacji projektu \u201eR\u00f3\u017cnice motorem zmian\u201d \u2013 Comenius Regio\u201eR\u00f3\u017cnice motorem zmian\u201d - ZSP w Chojnie","og_description":"SK\u0141AD ZESPO\u0141U Janusz Cezary Salamo\u0144czyk \u2013 przewodnicz\u0105cy Agata MotylAnna D\u0142u\u017cakAnna Dubik \u2013 GalickaBarbara No\u017cewnikBarbara OleksyDanuta PerzEdyta DaszkiewiczIwona \u0141ozi\u0144skaSylwia \u0141ozi\u0144skaJustyna SumaraKamila G\u00f3raLeszek LejmanMa\u0142gorzata Liman\u00f3wkaMarek \u0141\u0105giewczykRafa\u0142 Czubik","og_url":"https:\/\/zsp1chojna.pl\/?page_id=4835","og_site_name":"ZSP w Chojnie","article_modified_time":"2023-09-11T07:48:51+00:00","og_image":[{"url":"https:\/\/zsp1chojna.pl\/wp-content\/uploads\/2023\/09\/zespol_regio.jpg"}],"twitter_card":"summary_large_image","twitter_misc":{"Szacowany czas czytania":"1 minuta"},"schema":{"@context":"https:\/\/schema.org","@graph":[{"@type":"WebPage","@id":"https:\/\/zsp1chojna.pl\/?page_id=4835","url":"https:\/\/zsp1chojna.pl\/?page_id=4835","name":"Zesp\u00f3\u0142 ds.\u00a0realizacji projektu \u201eR\u00f3\u017cnice motorem zmian\u201d \u2013 Comenius Regio\u201eR\u00f3\u017cnice motorem zmian\u201d - ZSP w Chojnie","isPartOf":{"@id":"https:\/\/zsp1chojna.pl\/#website"},"datePublished":"2023-09-11T07:45:59+00:00","dateModified":"2023-09-11T07:48:51+00:00","breadcrumb":{"@id":"https:\/\/zsp1chojna.pl\/?page_id=4835#breadcrumb"},"inLanguage":"pl-PL","potentialAction":[{"@type":"ReadAction","target":["https:\/\/zsp1chojna.pl\/?page_id=4835"]}]},{"@type":"BreadcrumbList","@id":"https:\/\/zsp1chojna.pl\/?page_id=4835#breadcrumb","itemListElement":[{"@type":"ListItem","position":1,"name":"Home","item":"https:\/\/zsp1chojna.pl\/"},{"@type":"ListItem","position":2,"name":"Zesp\u00f3\u0142 ds.\u00a0realizacji projektu \u201eR\u00f3\u017cnice motorem zmian\u201d \u2013 Comenius Regio\u201eR\u00f3\u017cnice motorem zmian\u201d"}]},{"@type":"WebSite","@id":"https:\/\/zsp1chojna.pl\/#website","url":"https:\/\/zsp1chojna.pl\/","name":"ZSP w Chojnie","description":"","publisher":{"@id":"https:\/\/zsp1chojna.pl\/#organization"},"potentialAction":[{"@type":"SearchAction","target":{"@type":"EntryPoint","urlTemplate":"https:\/\/zsp1chojna.pl\/?s={search_term_string}"},"query-input":"required name=search_term_string"}],"inLanguage":"pl-PL"},{"@type":"Organization","@id":"https:\/\/zsp1chojna.pl\/#organization","name":"ZSP w Chojnie","url":"https:\/\/zsp1chojna.pl\/","logo":{"@type":"ImageObject","inLanguage":"pl-PL","@id":"https:\/\/zsp1chojna.pl\/#\/schema\/logo\/image\/","url":"https:\/\/zsp1chojna.pl\/wp-content\/uploads\/2023\/08\/cropped-cropped-cropped-Logo-biale-napis-na-3-wiersze_504-1.png","contentUrl":"https:\/\/zsp1chojna.pl\/wp-content\/uploads\/2023\/08\/cropped-cropped-cropped-Logo-biale-napis-na-3-wiersze_504-1.png","width":504,"height":167,"caption":"ZSP w Chojnie"},"image":{"@id":"https:\/\/zsp1chojna.pl\/#\/schema\/logo\/image\/"}}]}},"_links":{"self":[{"href":"https:\/\/zsp1chojna.pl\/index.php?rest_route=\/wp\/v2\/pages\/4835","targetHints":{"allow":["GET"]}}],"collection":[{"href":"https:\/\/zsp1chojna.pl\/index.php?rest_route=\/wp\/v2\/pages"}],"about":[{"href":"https:\/\/zsp1chojna.pl\/index.php?rest_route=\/wp\/v2\/types\/page"}],"author":[{"embeddable":true,"href":"https:\/\/zsp1chojna.pl\/index.php?rest_route=\/wp\/v2\/users\/1"}],"replies":[{"embeddable":true,"href":"https:\/\/zsp1chojna.pl\/index.php?rest_route=%2Fwp%2Fv2%2Fcomments&post=4835"}],"version-history":[{"count":2,"href":"https:\/\/zsp1chojna.pl\/index.php?rest_route=\/wp\/v2\/pages\/4835\/revisions"}],"predecessor-version":[{"id":4840,"href":"https:\/\/zsp1chojna.pl\/index.php?rest_route=\/wp\/v2\/pages\/4835\/revisions\/4840"}],"wp:attachment":[{"href":"https:\/\/zsp1chojna.pl\/index.php?rest_route=%2Fwp%2Fv2%2Fmedia&parent=4835"}],"curies":[{"name":"wp","href":"https:\/\/api.w.org\/{rel}","templated":true}]}}