{"id":4769,"date":"2023-09-10T23:31:42","date_gmt":"2023-09-10T21:31:42","guid":{"rendered":"https:\/\/zsp1chojna.pl\/?page_id=4769"},"modified":"2023-09-10T23:33:45","modified_gmt":"2023-09-10T21:33:45","slug":"staze-w-europejskich-hotelach-2-2","status":"publish","type":"page","link":"https:\/\/zsp1chojna.pl\/?page_id=4769","title":{"rendered":"\u201eSta\u017ce w\u00a0europejskich hotelach 2\u201d"},"content":{"rendered":"\n<p class=\"has-text-align-justify\"><strong>&nbsp;Od 10&nbsp;stycznia 2009&nbsp;r. trwa realizacja projektu \u201eSta\u017ce w&nbsp;europejskich hotelach 2\u201d w&nbsp;ramach programu Leonardo da Vinci. <\/strong>24&nbsp;uczni\u00f3w Technikum Hotelarskiego w&nbsp;ZSP Nr&nbsp;1&nbsp;w&nbsp;Chojnie odb\u0119dzie 4-tygodniowe sta\u017ce w&nbsp;trzech hotelach w&nbsp;Niemczech i&nbsp;w&nbsp;pi\u0119ciu hotelach w&nbsp;Anglii. Ca\u0142kowity bud\u017cet projektu wynosi ponad 68000&nbsp;euro. Uczestnicy sta\u017cy zostali wy\u0142onieni spo\u015br\u00f3d ch\u0119tnych uczni\u00f3w klasy drugiej i&nbsp;trzeciej TH przez&nbsp;komisj\u0119 kierowana przez&nbsp;koordynatora projektu J. Salamo\u0144czyka. W&nbsp;chwili obecnej beneficjenci projektu odbywaj\u0105 32- godzinny kurs j\u0119zyka niemieckiego i&nbsp;angielskiego oraz&nbsp;uczestnicz\u0105 w&nbsp;zaj\u0119ciach z&nbsp;pedagogiem szkolnym.<\/p>\n\n\n\n<p><strong>Harmonogram praktyk<\/strong><\/p>\n\n\n\n<p><strong>Anglia<\/strong><br>Wyjazd 26.07.2009\u00a0r.<br>Powr\u00f3t 24.08.2009\u00a0r.<br><strong>Praktyka odb\u0119dzie si\u0119 w\u00a0terminie od\u00a027.07.2009\u00a0r. do\u00a023.08.2009\u00a0r.<\/strong><\/p>\n\n\n\n<p>Sherborne Hotel: Iwo Siedzieniewski, \u0141ukasz Toczko<br>Half Moon: Monika Jaroszy\u0144ska, Ma\u0142gorzata Pietruszka<br>The Eastbury: Katarzyna Sabat, Aleksandra Jaz<br>Bakehouse: Katarzyna Kowalczyk<br>Crown Inn:&nbsp; Daria Wilczy\u0144ska<\/p>\n\n\n\n<p><strong>Niemcy<\/strong><br><strong>01.06.2009\u00a0r. \u2013 28.06.2009\u00a0r.<\/strong><br>Am Seetor: Agata Madajczyk, Alicja Truszczy\u0144ska<br>Gut Kerkow: Pawe\u0142 Gierke, Rafa\u0142 Buczkowski<\/p>\n\n\n\n<p><strong>29.06.2009&nbsp;r. \u2013 26.07.2009&nbsp;r.<\/strong><br>Am Seetor: Monika Lewandowska, Monika Paranycz<br>Gut Kerkow: Sandra Zi\u00f3\u0142kowska, Sylwia Korba<br>Generator Berlin: Daria Kopczy\u0144ska, Aleksandra Malecka, Ma\u0142gorzata Stec, Paulina Wilk<\/p>\n\n\n\n<p><strong>27.07.2009&nbsp;r. \u2013 23.08.2009&nbsp;r.<\/strong><br>Am Seetor: R\u00f3\u017ca Strzelecka, Edyta Wis\u0142awska<br>Gut Kerkow: Agata Nowak, Anna G\u00f3rli\u0144ska<\/p>\n","protected":false},"excerpt":{"rendered":"<p>&nbsp;Od 10&nbsp;stycznia 2009&nbsp;r. trwa realizacja projektu \u201eSta\u017ce w&nbsp;europejskich hotelach 2\u201d w&nbsp;ramach programu Leonardo da Vinci. 24&nbsp;uczni\u00f3w Technikum Hotelarskiego w&nbsp;ZSP Nr&nbsp;1&nbsp;w&nbsp;Chojnie odb\u0119dzie 4-tygodniowe sta\u017ce w&nbsp;trzech hotelach w&nbsp;Niemczech i&nbsp;w&nbsp;pi\u0119ciu hotelach w&nbsp;Anglii. Ca\u0142kowity [&hellip;]<\/p>\n","protected":false},"author":1,"featured_media":0,"parent":0,"menu_order":0,"comment_status":"closed","ping_status":"closed","template":"","meta":{"footnotes":""},"class_list":["post-4769","page","type-page","status-publish","hentry"],"yoast_head":"<!-- This site is optimized with the Yoast SEO plugin v20.13 - https:\/\/yoast.com\/wordpress\/plugins\/seo\/ -->\n<title>\u201eSta\u017ce w\u00a0europejskich hotelach 2\u201d - ZSP w Chojnie<\/title>\n<meta name=\"robots\" content=\"index, follow, max-snippet:-1, max-image-preview:large, max-video-preview:-1\" \/>\n<link rel=\"canonical\" href=\"https:\/\/zsp1chojna.pl\/?page_id=4769\" \/>\n<meta property=\"og:locale\" content=\"pl_PL\" \/>\n<meta property=\"og:type\" content=\"article\" \/>\n<meta property=\"og:title\" content=\"\u201eSta\u017ce w\u00a0europejskich hotelach 2\u201d - ZSP w Chojnie\" \/>\n<meta property=\"og:description\" content=\"&nbsp;Od 10&nbsp;stycznia 2009&nbsp;r. trwa realizacja projektu \u201eSta\u017ce w&nbsp;europejskich hotelach 2\u201d w&nbsp;ramach programu Leonardo da Vinci. 24&nbsp;uczni\u00f3w Technikum Hotelarskiego w&nbsp;ZSP Nr&nbsp;1&nbsp;w&nbsp;Chojnie odb\u0119dzie 4-tygodniowe sta\u017ce w&nbsp;trzech hotelach w&nbsp;Niemczech i&nbsp;w&nbsp;pi\u0119ciu hotelach w&nbsp;Anglii. Ca\u0142kowity [&hellip;]\" \/>\n<meta property=\"og:url\" content=\"https:\/\/zsp1chojna.pl\/?page_id=4769\" \/>\n<meta property=\"og:site_name\" content=\"ZSP w Chojnie\" \/>\n<meta property=\"article:modified_time\" content=\"2023-09-10T21:33:45+00:00\" \/>\n<meta name=\"twitter:card\" content=\"summary_large_image\" \/>\n<meta name=\"twitter:label1\" content=\"Szacowany czas czytania\" \/>\n\t<meta name=\"twitter:data1\" content=\"2 minuty\" \/>\n<script type=\"application\/ld+json\" class=\"yoast-schema-graph\">{\"@context\":\"https:\/\/schema.org\",\"@graph\":[{\"@type\":\"WebPage\",\"@id\":\"https:\/\/zsp1chojna.pl\/?page_id=4769\",\"url\":\"https:\/\/zsp1chojna.pl\/?page_id=4769\",\"name\":\"\u201eSta\u017ce w\u00a0europejskich hotelach 2\u201d - ZSP w Chojnie\",\"isPartOf\":{\"@id\":\"https:\/\/zsp1chojna.pl\/#website\"},\"datePublished\":\"2023-09-10T21:31:42+00:00\",\"dateModified\":\"2023-09-10T21:33:45+00:00\",\"breadcrumb\":{\"@id\":\"https:\/\/zsp1chojna.pl\/?page_id=4769#breadcrumb\"},\"inLanguage\":\"pl-PL\",\"potentialAction\":[{\"@type\":\"ReadAction\",\"target\":[\"https:\/\/zsp1chojna.pl\/?page_id=4769\"]}]},{\"@type\":\"BreadcrumbList\",\"@id\":\"https:\/\/zsp1chojna.pl\/?page_id=4769#breadcrumb\",\"itemListElement\":[{\"@type\":\"ListItem\",\"position\":1,\"name\":\"Home\",\"item\":\"https:\/\/zsp1chojna.pl\/\"},{\"@type\":\"ListItem\",\"position\":2,\"name\":\"\u201eSta\u017ce w\u00a0europejskich hotelach 2\u201d\"}]},{\"@type\":\"WebSite\",\"@id\":\"https:\/\/zsp1chojna.pl\/#website\",\"url\":\"https:\/\/zsp1chojna.pl\/\",\"name\":\"ZSP w Chojnie\",\"description\":\"\",\"publisher\":{\"@id\":\"https:\/\/zsp1chojna.pl\/#organization\"},\"potentialAction\":[{\"@type\":\"SearchAction\",\"target\":{\"@type\":\"EntryPoint\",\"urlTemplate\":\"https:\/\/zsp1chojna.pl\/?s={search_term_string}\"},\"query-input\":\"required name=search_term_string\"}],\"inLanguage\":\"pl-PL\"},{\"@type\":\"Organization\",\"@id\":\"https:\/\/zsp1chojna.pl\/#organization\",\"name\":\"ZSP w Chojnie\",\"url\":\"https:\/\/zsp1chojna.pl\/\",\"logo\":{\"@type\":\"ImageObject\",\"inLanguage\":\"pl-PL\",\"@id\":\"https:\/\/zsp1chojna.pl\/#\/schema\/logo\/image\/\",\"url\":\"https:\/\/zsp1chojna.pl\/wp-content\/uploads\/2023\/08\/cropped-cropped-cropped-Logo-biale-napis-na-3-wiersze_504-1.png\",\"contentUrl\":\"https:\/\/zsp1chojna.pl\/wp-content\/uploads\/2023\/08\/cropped-cropped-cropped-Logo-biale-napis-na-3-wiersze_504-1.png\",\"width\":504,\"height\":167,\"caption\":\"ZSP w Chojnie\"},\"image\":{\"@id\":\"https:\/\/zsp1chojna.pl\/#\/schema\/logo\/image\/\"}}]}<\/script>\n<!-- \/ Yoast SEO plugin. -->","yoast_head_json":{"title":"\u201eSta\u017ce w\u00a0europejskich hotelach 2\u201d - ZSP w Chojnie","robots":{"index":"index","follow":"follow","max-snippet":"max-snippet:-1","max-image-preview":"max-image-preview:large","max-video-preview":"max-video-preview:-1"},"canonical":"https:\/\/zsp1chojna.pl\/?page_id=4769","og_locale":"pl_PL","og_type":"article","og_title":"\u201eSta\u017ce w\u00a0europejskich hotelach 2\u201d - ZSP w Chojnie","og_description":"&nbsp;Od 10&nbsp;stycznia 2009&nbsp;r. trwa realizacja projektu \u201eSta\u017ce w&nbsp;europejskich hotelach 2\u201d w&nbsp;ramach programu Leonardo da Vinci. 24&nbsp;uczni\u00f3w Technikum Hotelarskiego w&nbsp;ZSP Nr&nbsp;1&nbsp;w&nbsp;Chojnie odb\u0119dzie 4-tygodniowe sta\u017ce w&nbsp;trzech hotelach w&nbsp;Niemczech i&nbsp;w&nbsp;pi\u0119ciu hotelach w&nbsp;Anglii. Ca\u0142kowity [&hellip;]","og_url":"https:\/\/zsp1chojna.pl\/?page_id=4769","og_site_name":"ZSP w Chojnie","article_modified_time":"2023-09-10T21:33:45+00:00","twitter_card":"summary_large_image","twitter_misc":{"Szacowany czas czytania":"2 minuty"},"schema":{"@context":"https:\/\/schema.org","@graph":[{"@type":"WebPage","@id":"https:\/\/zsp1chojna.pl\/?page_id=4769","url":"https:\/\/zsp1chojna.pl\/?page_id=4769","name":"\u201eSta\u017ce w\u00a0europejskich hotelach 2\u201d - ZSP w Chojnie","isPartOf":{"@id":"https:\/\/zsp1chojna.pl\/#website"},"datePublished":"2023-09-10T21:31:42+00:00","dateModified":"2023-09-10T21:33:45+00:00","breadcrumb":{"@id":"https:\/\/zsp1chojna.pl\/?page_id=4769#breadcrumb"},"inLanguage":"pl-PL","potentialAction":[{"@type":"ReadAction","target":["https:\/\/zsp1chojna.pl\/?page_id=4769"]}]},{"@type":"BreadcrumbList","@id":"https:\/\/zsp1chojna.pl\/?page_id=4769#breadcrumb","itemListElement":[{"@type":"ListItem","position":1,"name":"Home","item":"https:\/\/zsp1chojna.pl\/"},{"@type":"ListItem","position":2,"name":"\u201eSta\u017ce w\u00a0europejskich hotelach 2\u201d"}]},{"@type":"WebSite","@id":"https:\/\/zsp1chojna.pl\/#website","url":"https:\/\/zsp1chojna.pl\/","name":"ZSP w Chojnie","description":"","publisher":{"@id":"https:\/\/zsp1chojna.pl\/#organization"},"potentialAction":[{"@type":"SearchAction","target":{"@type":"EntryPoint","urlTemplate":"https:\/\/zsp1chojna.pl\/?s={search_term_string}"},"query-input":"required name=search_term_string"}],"inLanguage":"pl-PL"},{"@type":"Organization","@id":"https:\/\/zsp1chojna.pl\/#organization","name":"ZSP w Chojnie","url":"https:\/\/zsp1chojna.pl\/","logo":{"@type":"ImageObject","inLanguage":"pl-PL","@id":"https:\/\/zsp1chojna.pl\/#\/schema\/logo\/image\/","url":"https:\/\/zsp1chojna.pl\/wp-content\/uploads\/2023\/08\/cropped-cropped-cropped-Logo-biale-napis-na-3-wiersze_504-1.png","contentUrl":"https:\/\/zsp1chojna.pl\/wp-content\/uploads\/2023\/08\/cropped-cropped-cropped-Logo-biale-napis-na-3-wiersze_504-1.png","width":504,"height":167,"caption":"ZSP w Chojnie"},"image":{"@id":"https:\/\/zsp1chojna.pl\/#\/schema\/logo\/image\/"}}]}},"_links":{"self":[{"href":"https:\/\/zsp1chojna.pl\/index.php?rest_route=\/wp\/v2\/pages\/4769","targetHints":{"allow":["GET"]}}],"collection":[{"href":"https:\/\/zsp1chojna.pl\/index.php?rest_route=\/wp\/v2\/pages"}],"about":[{"href":"https:\/\/zsp1chojna.pl\/index.php?rest_route=\/wp\/v2\/types\/page"}],"author":[{"embeddable":true,"href":"https:\/\/zsp1chojna.pl\/index.php?rest_route=\/wp\/v2\/users\/1"}],"replies":[{"embeddable":true,"href":"https:\/\/zsp1chojna.pl\/index.php?rest_route=%2Fwp%2Fv2%2Fcomments&post=4769"}],"version-history":[{"count":2,"href":"https:\/\/zsp1chojna.pl\/index.php?rest_route=\/wp\/v2\/pages\/4769\/revisions"}],"predecessor-version":[{"id":4772,"href":"https:\/\/zsp1chojna.pl\/index.php?rest_route=\/wp\/v2\/pages\/4769\/revisions\/4772"}],"wp:attachment":[{"href":"https:\/\/zsp1chojna.pl\/index.php?rest_route=%2Fwp%2Fv2%2Fmedia&parent=4769"}],"curies":[{"name":"wp","href":"https:\/\/api.w.org\/{rel}","templated":true}]}}