{"id":4725,"date":"2023-09-10T22:45:19","date_gmt":"2023-09-10T20:45:19","guid":{"rendered":"https:\/\/zsp1chojna.pl\/?page_id=4725"},"modified":"2023-09-10T22:45:20","modified_gmt":"2023-09-10T20:45:20","slug":"rozmawiaj-tancz-mysl-realizuj-sie-2","status":"publish","type":"page","link":"https:\/\/zsp1chojna.pl\/?page_id=4725","title":{"rendered":"\u201eRozmawiaj, Ta\u0144cz, My\u015bl \u2013 Realizuj si\u0119 !\u201d"},"content":{"rendered":"\n<p class=\"has-text-align-justify\">Projekt \u201eRozmawiaj, ta\u0144cz, my\u015bl \u2013 realizuj si\u0119!\u201d koordynowany jest przez ZSP Nr 1 w Chojnie, jego autorem jest nauczyciel j. angielskiego mgr J. Cezary Salamo\u0144czyk. Agencja Narodowa programu M\u0142odzie\u017c w dzia\u0142aniu dofinansowa\u0142a projekt kwot\u0105 10 984,00 Euro. B\u0119dzie on realizowany w sierpniu 2012 r. wraz z partnerami z Siret (Rumunia) oraz Koszeg (W\u0119gry). G\u0142\u00f3wnym celem projektu jest integracja m\u0142odzie\u017cy, a tak\u017ce spo\u0142eczno\u015bci lokalnych, z wykorzystaniem aktywno\u015bci fizycznej oraz zdrowego sposobu od\u017cywiania si\u0119. W programie przewidziane s\u0105 codzienne, poranne \u0107wiczenia fizyczne, warsztaty taneczne i technik relaksacyjnych, popularne w danych krajach dawniej i dzi\u015b gry i zabawy ruchowe, jogging, zaj\u0119cia nordic walking, w kt\u00f3re zaanga\u017cowani b\u0119d\u0105 nie tylko uczestnicy projektu, ale r\u00f3wnie\u017c mieszka\u0144c\u00f3w Chojny i okolicznych wsi. Uczestnicy projektu por\u00f3wnaj\u0105 styl \u017cycia mieszka\u0144c\u00f3w Siret, Koszeg oraz Chojny i postaraj\u0105 si\u0119 zach\u0119ci\u0107 ich do aktywnego sp\u0119dzania wolnego czasu. Opr\u00f3cz tego, zorganizuj\u0105 warsztaty kulinarne, podczas kt\u00f3rych zapoznaj\u0105 si\u0119 ze zwyczajami \u017cywieniowymi jakie funkcjonuj\u0105 w krajach partnerskich projektu, spr\u00f3buj\u0105 zmodyfikowa\u0107 je w taki spos\u00f3b, aby by\u0142y mniej kalorycznie i zdrowsze. Jednym z ko\u0144cowych efekt\u00f3w projektu b\u0119dzie opracowanie newslettera dokumentuj\u0105cego jego dzia\u0142ania.<\/p>\n","protected":false},"excerpt":{"rendered":"<p>Projekt \u201eRozmawiaj, ta\u0144cz, my\u015bl \u2013 realizuj si\u0119!\u201d koordynowany jest przez ZSP Nr 1 w Chojnie, jego autorem jest nauczyciel j. angielskiego mgr J. Cezary Salamo\u0144czyk. Agencja Narodowa programu M\u0142odzie\u017c w [&hellip;]<\/p>\n","protected":false},"author":1,"featured_media":0,"parent":0,"menu_order":0,"comment_status":"closed","ping_status":"closed","template":"","meta":{"footnotes":""},"class_list":["post-4725","page","type-page","status-publish","hentry"],"yoast_head":"<!-- This site is optimized with the Yoast SEO plugin v20.13 - https:\/\/yoast.com\/wordpress\/plugins\/seo\/ -->\n<title>\u201eRozmawiaj, Ta\u0144cz, My\u015bl \u2013 Realizuj si\u0119 !\u201d - ZSP w Chojnie<\/title>\n<meta name=\"robots\" content=\"index, follow, max-snippet:-1, max-image-preview:large, max-video-preview:-1\" \/>\n<link rel=\"canonical\" href=\"https:\/\/zsp1chojna.pl\/?page_id=4725\" \/>\n<meta property=\"og:locale\" content=\"pl_PL\" \/>\n<meta property=\"og:type\" content=\"article\" \/>\n<meta property=\"og:title\" content=\"\u201eRozmawiaj, Ta\u0144cz, My\u015bl \u2013 Realizuj si\u0119 !\u201d - ZSP w Chojnie\" \/>\n<meta property=\"og:description\" content=\"Projekt \u201eRozmawiaj, ta\u0144cz, my\u015bl \u2013 realizuj si\u0119!\u201d koordynowany jest przez ZSP Nr 1 w Chojnie, jego autorem jest nauczyciel j. angielskiego mgr J. Cezary Salamo\u0144czyk. Agencja Narodowa programu M\u0142odzie\u017c w [&hellip;]\" \/>\n<meta property=\"og:url\" content=\"https:\/\/zsp1chojna.pl\/?page_id=4725\" \/>\n<meta property=\"og:site_name\" content=\"ZSP w Chojnie\" \/>\n<meta property=\"article:modified_time\" content=\"2023-09-10T20:45:20+00:00\" \/>\n<meta name=\"twitter:card\" content=\"summary_large_image\" \/>\n<meta name=\"twitter:label1\" content=\"Szacowany czas czytania\" \/>\n\t<meta name=\"twitter:data1\" content=\"2 minuty\" \/>\n<script type=\"application\/ld+json\" class=\"yoast-schema-graph\">{\"@context\":\"https:\/\/schema.org\",\"@graph\":[{\"@type\":\"WebPage\",\"@id\":\"https:\/\/zsp1chojna.pl\/?page_id=4725\",\"url\":\"https:\/\/zsp1chojna.pl\/?page_id=4725\",\"name\":\"\u201eRozmawiaj, Ta\u0144cz, My\u015bl \u2013 Realizuj si\u0119 !\u201d - ZSP w Chojnie\",\"isPartOf\":{\"@id\":\"https:\/\/zsp1chojna.pl\/#website\"},\"datePublished\":\"2023-09-10T20:45:19+00:00\",\"dateModified\":\"2023-09-10T20:45:20+00:00\",\"breadcrumb\":{\"@id\":\"https:\/\/zsp1chojna.pl\/?page_id=4725#breadcrumb\"},\"inLanguage\":\"pl-PL\",\"potentialAction\":[{\"@type\":\"ReadAction\",\"target\":[\"https:\/\/zsp1chojna.pl\/?page_id=4725\"]}]},{\"@type\":\"BreadcrumbList\",\"@id\":\"https:\/\/zsp1chojna.pl\/?page_id=4725#breadcrumb\",\"itemListElement\":[{\"@type\":\"ListItem\",\"position\":1,\"name\":\"Home\",\"item\":\"https:\/\/zsp1chojna.pl\/\"},{\"@type\":\"ListItem\",\"position\":2,\"name\":\"\u201eRozmawiaj, Ta\u0144cz, My\u015bl \u2013 Realizuj si\u0119 !\u201d\"}]},{\"@type\":\"WebSite\",\"@id\":\"https:\/\/zsp1chojna.pl\/#website\",\"url\":\"https:\/\/zsp1chojna.pl\/\",\"name\":\"ZSP w Chojnie\",\"description\":\"\",\"publisher\":{\"@id\":\"https:\/\/zsp1chojna.pl\/#organization\"},\"potentialAction\":[{\"@type\":\"SearchAction\",\"target\":{\"@type\":\"EntryPoint\",\"urlTemplate\":\"https:\/\/zsp1chojna.pl\/?s={search_term_string}\"},\"query-input\":\"required name=search_term_string\"}],\"inLanguage\":\"pl-PL\"},{\"@type\":\"Organization\",\"@id\":\"https:\/\/zsp1chojna.pl\/#organization\",\"name\":\"ZSP w Chojnie\",\"url\":\"https:\/\/zsp1chojna.pl\/\",\"logo\":{\"@type\":\"ImageObject\",\"inLanguage\":\"pl-PL\",\"@id\":\"https:\/\/zsp1chojna.pl\/#\/schema\/logo\/image\/\",\"url\":\"https:\/\/zsp1chojna.pl\/wp-content\/uploads\/2023\/08\/cropped-cropped-cropped-Logo-biale-napis-na-3-wiersze_504-1.png\",\"contentUrl\":\"https:\/\/zsp1chojna.pl\/wp-content\/uploads\/2023\/08\/cropped-cropped-cropped-Logo-biale-napis-na-3-wiersze_504-1.png\",\"width\":504,\"height\":167,\"caption\":\"ZSP w Chojnie\"},\"image\":{\"@id\":\"https:\/\/zsp1chojna.pl\/#\/schema\/logo\/image\/\"}}]}<\/script>\n<!-- \/ Yoast SEO plugin. -->","yoast_head_json":{"title":"\u201eRozmawiaj, Ta\u0144cz, My\u015bl \u2013 Realizuj si\u0119 !\u201d - ZSP w Chojnie","robots":{"index":"index","follow":"follow","max-snippet":"max-snippet:-1","max-image-preview":"max-image-preview:large","max-video-preview":"max-video-preview:-1"},"canonical":"https:\/\/zsp1chojna.pl\/?page_id=4725","og_locale":"pl_PL","og_type":"article","og_title":"\u201eRozmawiaj, Ta\u0144cz, My\u015bl \u2013 Realizuj si\u0119 !\u201d - ZSP w Chojnie","og_description":"Projekt \u201eRozmawiaj, ta\u0144cz, my\u015bl \u2013 realizuj si\u0119!\u201d koordynowany jest przez ZSP Nr 1 w Chojnie, jego autorem jest nauczyciel j. angielskiego mgr J. Cezary Salamo\u0144czyk. Agencja Narodowa programu M\u0142odzie\u017c w [&hellip;]","og_url":"https:\/\/zsp1chojna.pl\/?page_id=4725","og_site_name":"ZSP w Chojnie","article_modified_time":"2023-09-10T20:45:20+00:00","twitter_card":"summary_large_image","twitter_misc":{"Szacowany czas czytania":"2 minuty"},"schema":{"@context":"https:\/\/schema.org","@graph":[{"@type":"WebPage","@id":"https:\/\/zsp1chojna.pl\/?page_id=4725","url":"https:\/\/zsp1chojna.pl\/?page_id=4725","name":"\u201eRozmawiaj, Ta\u0144cz, My\u015bl \u2013 Realizuj si\u0119 !\u201d - ZSP w Chojnie","isPartOf":{"@id":"https:\/\/zsp1chojna.pl\/#website"},"datePublished":"2023-09-10T20:45:19+00:00","dateModified":"2023-09-10T20:45:20+00:00","breadcrumb":{"@id":"https:\/\/zsp1chojna.pl\/?page_id=4725#breadcrumb"},"inLanguage":"pl-PL","potentialAction":[{"@type":"ReadAction","target":["https:\/\/zsp1chojna.pl\/?page_id=4725"]}]},{"@type":"BreadcrumbList","@id":"https:\/\/zsp1chojna.pl\/?page_id=4725#breadcrumb","itemListElement":[{"@type":"ListItem","position":1,"name":"Home","item":"https:\/\/zsp1chojna.pl\/"},{"@type":"ListItem","position":2,"name":"\u201eRozmawiaj, Ta\u0144cz, My\u015bl \u2013 Realizuj si\u0119 !\u201d"}]},{"@type":"WebSite","@id":"https:\/\/zsp1chojna.pl\/#website","url":"https:\/\/zsp1chojna.pl\/","name":"ZSP w Chojnie","description":"","publisher":{"@id":"https:\/\/zsp1chojna.pl\/#organization"},"potentialAction":[{"@type":"SearchAction","target":{"@type":"EntryPoint","urlTemplate":"https:\/\/zsp1chojna.pl\/?s={search_term_string}"},"query-input":"required name=search_term_string"}],"inLanguage":"pl-PL"},{"@type":"Organization","@id":"https:\/\/zsp1chojna.pl\/#organization","name":"ZSP w Chojnie","url":"https:\/\/zsp1chojna.pl\/","logo":{"@type":"ImageObject","inLanguage":"pl-PL","@id":"https:\/\/zsp1chojna.pl\/#\/schema\/logo\/image\/","url":"https:\/\/zsp1chojna.pl\/wp-content\/uploads\/2023\/08\/cropped-cropped-cropped-Logo-biale-napis-na-3-wiersze_504-1.png","contentUrl":"https:\/\/zsp1chojna.pl\/wp-content\/uploads\/2023\/08\/cropped-cropped-cropped-Logo-biale-napis-na-3-wiersze_504-1.png","width":504,"height":167,"caption":"ZSP w Chojnie"},"image":{"@id":"https:\/\/zsp1chojna.pl\/#\/schema\/logo\/image\/"}}]}},"_links":{"self":[{"href":"https:\/\/zsp1chojna.pl\/index.php?rest_route=\/wp\/v2\/pages\/4725","targetHints":{"allow":["GET"]}}],"collection":[{"href":"https:\/\/zsp1chojna.pl\/index.php?rest_route=\/wp\/v2\/pages"}],"about":[{"href":"https:\/\/zsp1chojna.pl\/index.php?rest_route=\/wp\/v2\/types\/page"}],"author":[{"embeddable":true,"href":"https:\/\/zsp1chojna.pl\/index.php?rest_route=\/wp\/v2\/users\/1"}],"replies":[{"embeddable":true,"href":"https:\/\/zsp1chojna.pl\/index.php?rest_route=%2Fwp%2Fv2%2Fcomments&post=4725"}],"version-history":[{"count":1,"href":"https:\/\/zsp1chojna.pl\/index.php?rest_route=\/wp\/v2\/pages\/4725\/revisions"}],"predecessor-version":[{"id":4726,"href":"https:\/\/zsp1chojna.pl\/index.php?rest_route=\/wp\/v2\/pages\/4725\/revisions\/4726"}],"wp:attachment":[{"href":"https:\/\/zsp1chojna.pl\/index.php?rest_route=%2Fwp%2Fv2%2Fmedia&parent=4725"}],"curies":[{"name":"wp","href":"https:\/\/api.w.org\/{rel}","templated":true}]}}