{"id":4628,"date":"2023-09-06T23:08:58","date_gmt":"2023-09-06T21:08:58","guid":{"rendered":"https:\/\/zsp1chojna.pl\/?page_id=4628"},"modified":"2023-09-06T23:14:41","modified_gmt":"2023-09-06T21:14:41","slug":"europejska-jakosc-w-szkoleniu-uczniow-hotelarstwa","status":"publish","type":"page","link":"https:\/\/zsp1chojna.pl\/?page_id=4628","title":{"rendered":"\u201eEuropejska jako\u015b\u0107 w szkoleniu uczni\u00f3w hotelarstwa\u201d"},"content":{"rendered":"<style>.wp-block-kadence-iconlist.kt-svg-icon-list-items4628_4589f3-d2 ul.kt-svg-icon-list:not(.this-prevents-issues):not(.this-stops-third-party-issues):not(.tijsloc){margin-top:0px;margin-right:0px;margin-bottom:var(--global-kb-spacing-sm, 1.5rem);margin-left:0px;}.wp-block-kadence-iconlist.kt-svg-icon-list-items4628_4589f3-d2 ul.kt-svg-icon-list{grid-row-gap:5px;}.wp-block-kadence-iconlist.kt-svg-icon-list-items4628_4589f3-d2 ul.kt-svg-icon-list .kt-svg-icon-list-item-wrap .kt-svg-icon-list-single{margin-right:10px;}.kt-svg-icon-list-items4628_4589f3-d2 ul.kt-svg-icon-list .kt-svg-icon-list-level-0 .kt-svg-icon-list-single svg{font-size:20px;}@media all and (max-width: 1024px){.wp-block-kadence-iconlist.kt-svg-icon-list-items4628_4589f3-d2 ul.kt-svg-icon-list{grid-row-gap:5px;}}@media all and (max-width: 767px){.wp-block-kadence-iconlist.kt-svg-icon-list-items4628_4589f3-d2 ul.kt-svg-icon-list{grid-row-gap:5px;}}<\/style>\n<div class=\"wp-block-kadence-iconlist kt-svg-icon-list-items kt-svg-icon-list-items4628_4589f3-d2 kt-svg-icon-list-columns-1 alignnone\"><ul class=\"kt-svg-icon-list\"><style>.kt-svg-icon-list-item-4628_c35e7d-46 .kt-svg-icon-list-single{font-size:6px !important;color:#003b63 !important;}<\/style>\n<li class=\"wp-block-kadence-listitem kt-svg-icon-list-item-wrap kt-svg-icon-list-item-4628_c35e7d-46\"><span class=\"kb-svg-icon-wrap kb-svg-icon-fas_circle kt-svg-icon-list-single\"><svg viewBox=\"0 0 512 512\"  fill=\"currentColor\" xmlns=\"http:\/\/www.w3.org\/2000\/svg\" ><path d=\"M256 8C119 8 8 119 8 256s111 248 248 248 248-111 248-248S393 8 256 8z\"\/><\/svg><\/span><span class=\"kt-svg-icon-list-text\"><a href=\"https:\/\/zsp1chojna.pl\/wp-content\/uploads\/2023\/09\/Wyniki_rekrutacji_staze_zagraniczne2014.pdf\">14.02.2014 r. wyniki rekrutacji \u2013 sta\u017ce w hotelach w Anglii i na Malcie [wi\u0119cej]<\/a><\/span><\/li>\n\n\n<style>.kt-svg-icon-list-item-4628_899a6d-e1 .kt-svg-icon-list-single{font-size:6px !important;color:#003b63 !important;}<\/style>\n<li class=\"wp-block-kadence-listitem kt-svg-icon-list-item-wrap kt-svg-icon-list-item-4628_899a6d-e1\"><span class=\"kb-svg-icon-wrap kb-svg-icon-fas_circle kt-svg-icon-list-single\"><svg viewBox=\"0 0 512 512\"  fill=\"currentColor\" xmlns=\"http:\/\/www.w3.org\/2000\/svg\" ><path d=\"M256 8C119 8 8 119 8 256s111 248 248 248 248-111 248-248S393 8 256 8z\"\/><\/svg><\/span><span class=\"kt-svg-icon-list-text\"><a href=\"https:\/\/zsp1chojna.pl\/?p=4534\">7.07. \u2013 3.08.2013 r. w ramach projektu \u201eEuropejska jako\u015b\u0107 w szkoleniu uczni\u00f3w hotelarstwa\u201d z programu Leonardo da Vinci, uczniowie kszta\u0142c\u0105cy si\u0119 w zawodzie technik hotelarstwa odbywali sta\u017c w Marsaskali na Malcie oraz w Sherborne w Anglii. [wi\u0119cej]<\/a><\/span><\/li>\n\n\n<style>.kt-svg-icon-list-item-4628_44477a-2b .kt-svg-icon-list-single{font-size:6px !important;color:#003b63 !important;}<\/style>\n<li class=\"wp-block-kadence-listitem kt-svg-icon-list-item-wrap kt-svg-icon-list-item-4628_44477a-2b\"><span class=\"kb-svg-icon-wrap kb-svg-icon-fas_circle kt-svg-icon-list-single\"><svg viewBox=\"0 0 512 512\"  fill=\"currentColor\" xmlns=\"http:\/\/www.w3.org\/2000\/svg\" ><path d=\"M256 8C119 8 8 119 8 256s111 248 248 248 248-111 248-248S393 8 256 8z\"\/><\/svg><\/span><span class=\"kt-svg-icon-list-text\"><a href=\"https:\/\/zsp1chojna.pl\/wp-content\/uploads\/2023\/09\/wyniki_rekrutacji_-_europejska_jakosc.pdf\">Wyniki rekrutacji na sta\u017ce w hotelach w Anglii i na Malcie w ramach projektu [wi\u0119cej]<\/a><\/span><\/li>\n\n\n<style>.kt-svg-icon-list-item-4628_7f16b5-4d .kt-svg-icon-list-single{font-size:6px !important;color:#003b63 !important;}<\/style>\n<li class=\"wp-block-kadence-listitem kt-svg-icon-list-item-wrap kt-svg-icon-list-item-4628_7f16b5-4d\"><span class=\"kb-svg-icon-wrap kb-svg-icon-fas_circle kt-svg-icon-list-single\"><svg viewBox=\"0 0 512 512\"  fill=\"currentColor\" xmlns=\"http:\/\/www.w3.org\/2000\/svg\" ><path d=\"M256 8C119 8 8 119 8 256s111 248 248 248 248-111 248-248S393 8 256 8z\"\/><\/svg><\/span><span class=\"kt-svg-icon-list-text\"><a href=\"https:\/\/zsp1chojna.pl\/wp-content\/uploads\/2023\/09\/Zarz-ds-komisji-LdV-TH-2013-1.pdf\">Zarz\u0105dzenie nr 8\/2013 z dnia 11. lutego 2013 r. Dyrektora Zespo\u0142u Szk\u00f3\u0142 Ponadgimnazjalnych Nr 1 w Chojnie w sprawie powo\u0142ania komisji ds. rekrutacji uczestnik\u00f3w projektu \u201eEuropejska jako\u015b\u0107 w szkoleniu uczni\u00f3w hotelarstwa\u201d w ramach programu Leonardo da Vinci 2013 [wi\u0119cej]<\/a><\/span><\/li>\n\n\n<style>.kt-svg-icon-list-item-4628_79cbc3-c0 .kt-svg-icon-list-single{font-size:6px !important;color:#003b63 !important;}<\/style>\n<li class=\"wp-block-kadence-listitem kt-svg-icon-list-item-wrap kt-svg-icon-list-item-4628_79cbc3-c0\"><span class=\"kb-svg-icon-wrap kb-svg-icon-fas_circle kt-svg-icon-list-single\"><svg viewBox=\"0 0 512 512\"  fill=\"currentColor\" xmlns=\"http:\/\/www.w3.org\/2000\/svg\" ><path d=\"M256 8C119 8 8 119 8 256s111 248 248 248 248-111 248-248S393 8 256 8z\"\/><\/svg><\/span><span class=\"kt-svg-icon-list-text\"><a href=\"https:\/\/zsp1chojna.pl\/wp-content\/uploads\/2023\/09\/Punktacja-podczas-rekrutacji-uczestnikow-projektu-LdV-1.pdf\">Punktacja obowi\u0105zuj\u0105ca podczas rekrutacji [wi\u0119cej]<\/a><\/span><\/li>\n<\/ul><\/div>\n","protected":false},"excerpt":{"rendered":"","protected":false},"author":1,"featured_media":0,"parent":0,"menu_order":0,"comment_status":"closed","ping_status":"closed","template":"","meta":{"footnotes":""},"class_list":["post-4628","page","type-page","status-publish","hentry"],"yoast_head":"<!-- This site is optimized with the Yoast SEO plugin v20.13 - https:\/\/yoast.com\/wordpress\/plugins\/seo\/ -->\n<title>\u201eEuropejska jako\u015b\u0107 w szkoleniu uczni\u00f3w hotelarstwa\u201d - ZSP w Chojnie<\/title>\n<meta name=\"robots\" content=\"index, follow, max-snippet:-1, max-image-preview:large, max-video-preview:-1\" \/>\n<link rel=\"canonical\" href=\"https:\/\/zsp1chojna.pl\/?page_id=4628\" \/>\n<meta property=\"og:locale\" content=\"pl_PL\" \/>\n<meta property=\"og:type\" content=\"article\" \/>\n<meta property=\"og:title\" content=\"\u201eEuropejska jako\u015b\u0107 w szkoleniu uczni\u00f3w hotelarstwa\u201d - ZSP w Chojnie\" \/>\n<meta property=\"og:url\" content=\"https:\/\/zsp1chojna.pl\/?page_id=4628\" \/>\n<meta property=\"og:site_name\" content=\"ZSP w Chojnie\" \/>\n<meta property=\"article:modified_time\" content=\"2023-09-06T21:14:41+00:00\" \/>\n<meta name=\"twitter:card\" content=\"summary_large_image\" \/>\n<meta name=\"twitter:label1\" content=\"Szacowany czas czytania\" \/>\n\t<meta name=\"twitter:data1\" content=\"1 minuta\" \/>\n<script type=\"application\/ld+json\" class=\"yoast-schema-graph\">{\"@context\":\"https:\/\/schema.org\",\"@graph\":[{\"@type\":\"WebPage\",\"@id\":\"https:\/\/zsp1chojna.pl\/?page_id=4628\",\"url\":\"https:\/\/zsp1chojna.pl\/?page_id=4628\",\"name\":\"\u201eEuropejska jako\u015b\u0107 w szkoleniu uczni\u00f3w hotelarstwa\u201d - ZSP w Chojnie\",\"isPartOf\":{\"@id\":\"https:\/\/zsp1chojna.pl\/#website\"},\"datePublished\":\"2023-09-06T21:08:58+00:00\",\"dateModified\":\"2023-09-06T21:14:41+00:00\",\"breadcrumb\":{\"@id\":\"https:\/\/zsp1chojna.pl\/?page_id=4628#breadcrumb\"},\"inLanguage\":\"pl-PL\",\"potentialAction\":[{\"@type\":\"ReadAction\",\"target\":[\"https:\/\/zsp1chojna.pl\/?page_id=4628\"]}]},{\"@type\":\"BreadcrumbList\",\"@id\":\"https:\/\/zsp1chojna.pl\/?page_id=4628#breadcrumb\",\"itemListElement\":[{\"@type\":\"ListItem\",\"position\":1,\"name\":\"Home\",\"item\":\"https:\/\/zsp1chojna.pl\/\"},{\"@type\":\"ListItem\",\"position\":2,\"name\":\"\u201eEuropejska jako\u015b\u0107 w&nbsp;szkoleniu uczni\u00f3w hotelarstwa\u201d\"}]},{\"@type\":\"WebSite\",\"@id\":\"https:\/\/zsp1chojna.pl\/#website\",\"url\":\"https:\/\/zsp1chojna.pl\/\",\"name\":\"ZSP w Chojnie\",\"description\":\"\",\"publisher\":{\"@id\":\"https:\/\/zsp1chojna.pl\/#organization\"},\"potentialAction\":[{\"@type\":\"SearchAction\",\"target\":{\"@type\":\"EntryPoint\",\"urlTemplate\":\"https:\/\/zsp1chojna.pl\/?s={search_term_string}\"},\"query-input\":\"required name=search_term_string\"}],\"inLanguage\":\"pl-PL\"},{\"@type\":\"Organization\",\"@id\":\"https:\/\/zsp1chojna.pl\/#organization\",\"name\":\"ZSP w Chojnie\",\"url\":\"https:\/\/zsp1chojna.pl\/\",\"logo\":{\"@type\":\"ImageObject\",\"inLanguage\":\"pl-PL\",\"@id\":\"https:\/\/zsp1chojna.pl\/#\/schema\/logo\/image\/\",\"url\":\"https:\/\/zsp1chojna.pl\/wp-content\/uploads\/2023\/08\/cropped-cropped-cropped-Logo-biale-napis-na-3-wiersze_504-1.png\",\"contentUrl\":\"https:\/\/zsp1chojna.pl\/wp-content\/uploads\/2023\/08\/cropped-cropped-cropped-Logo-biale-napis-na-3-wiersze_504-1.png\",\"width\":504,\"height\":167,\"caption\":\"ZSP w Chojnie\"},\"image\":{\"@id\":\"https:\/\/zsp1chojna.pl\/#\/schema\/logo\/image\/\"}}]}<\/script>\n<!-- \/ Yoast SEO plugin. -->","yoast_head_json":{"title":"\u201eEuropejska jako\u015b\u0107 w szkoleniu uczni\u00f3w hotelarstwa\u201d - ZSP w Chojnie","robots":{"index":"index","follow":"follow","max-snippet":"max-snippet:-1","max-image-preview":"max-image-preview:large","max-video-preview":"max-video-preview:-1"},"canonical":"https:\/\/zsp1chojna.pl\/?page_id=4628","og_locale":"pl_PL","og_type":"article","og_title":"\u201eEuropejska jako\u015b\u0107 w szkoleniu uczni\u00f3w hotelarstwa\u201d - ZSP w Chojnie","og_url":"https:\/\/zsp1chojna.pl\/?page_id=4628","og_site_name":"ZSP w Chojnie","article_modified_time":"2023-09-06T21:14:41+00:00","twitter_card":"summary_large_image","twitter_misc":{"Szacowany czas czytania":"1 minuta"},"schema":{"@context":"https:\/\/schema.org","@graph":[{"@type":"WebPage","@id":"https:\/\/zsp1chojna.pl\/?page_id=4628","url":"https:\/\/zsp1chojna.pl\/?page_id=4628","name":"\u201eEuropejska jako\u015b\u0107 w szkoleniu uczni\u00f3w hotelarstwa\u201d - ZSP w Chojnie","isPartOf":{"@id":"https:\/\/zsp1chojna.pl\/#website"},"datePublished":"2023-09-06T21:08:58+00:00","dateModified":"2023-09-06T21:14:41+00:00","breadcrumb":{"@id":"https:\/\/zsp1chojna.pl\/?page_id=4628#breadcrumb"},"inLanguage":"pl-PL","potentialAction":[{"@type":"ReadAction","target":["https:\/\/zsp1chojna.pl\/?page_id=4628"]}]},{"@type":"BreadcrumbList","@id":"https:\/\/zsp1chojna.pl\/?page_id=4628#breadcrumb","itemListElement":[{"@type":"ListItem","position":1,"name":"Home","item":"https:\/\/zsp1chojna.pl\/"},{"@type":"ListItem","position":2,"name":"\u201eEuropejska jako\u015b\u0107 w&nbsp;szkoleniu uczni\u00f3w hotelarstwa\u201d"}]},{"@type":"WebSite","@id":"https:\/\/zsp1chojna.pl\/#website","url":"https:\/\/zsp1chojna.pl\/","name":"ZSP w Chojnie","description":"","publisher":{"@id":"https:\/\/zsp1chojna.pl\/#organization"},"potentialAction":[{"@type":"SearchAction","target":{"@type":"EntryPoint","urlTemplate":"https:\/\/zsp1chojna.pl\/?s={search_term_string}"},"query-input":"required name=search_term_string"}],"inLanguage":"pl-PL"},{"@type":"Organization","@id":"https:\/\/zsp1chojna.pl\/#organization","name":"ZSP w Chojnie","url":"https:\/\/zsp1chojna.pl\/","logo":{"@type":"ImageObject","inLanguage":"pl-PL","@id":"https:\/\/zsp1chojna.pl\/#\/schema\/logo\/image\/","url":"https:\/\/zsp1chojna.pl\/wp-content\/uploads\/2023\/08\/cropped-cropped-cropped-Logo-biale-napis-na-3-wiersze_504-1.png","contentUrl":"https:\/\/zsp1chojna.pl\/wp-content\/uploads\/2023\/08\/cropped-cropped-cropped-Logo-biale-napis-na-3-wiersze_504-1.png","width":504,"height":167,"caption":"ZSP w Chojnie"},"image":{"@id":"https:\/\/zsp1chojna.pl\/#\/schema\/logo\/image\/"}}]}},"_links":{"self":[{"href":"https:\/\/zsp1chojna.pl\/index.php?rest_route=\/wp\/v2\/pages\/4628","targetHints":{"allow":["GET"]}}],"collection":[{"href":"https:\/\/zsp1chojna.pl\/index.php?rest_route=\/wp\/v2\/pages"}],"about":[{"href":"https:\/\/zsp1chojna.pl\/index.php?rest_route=\/wp\/v2\/types\/page"}],"author":[{"embeddable":true,"href":"https:\/\/zsp1chojna.pl\/index.php?rest_route=\/wp\/v2\/users\/1"}],"replies":[{"embeddable":true,"href":"https:\/\/zsp1chojna.pl\/index.php?rest_route=%2Fwp%2Fv2%2Fcomments&post=4628"}],"version-history":[{"count":5,"href":"https:\/\/zsp1chojna.pl\/index.php?rest_route=\/wp\/v2\/pages\/4628\/revisions"}],"predecessor-version":[{"id":4638,"href":"https:\/\/zsp1chojna.pl\/index.php?rest_route=\/wp\/v2\/pages\/4628\/revisions\/4638"}],"wp:attachment":[{"href":"https:\/\/zsp1chojna.pl\/index.php?rest_route=%2Fwp%2Fv2%2Fmedia&parent=4628"}],"curies":[{"name":"wp","href":"https:\/\/api.w.org\/{rel}","templated":true}]}}