{"id":4602,"date":"2023-09-06T22:48:23","date_gmt":"2023-09-06T20:48:23","guid":{"rendered":"https:\/\/zsp1chojna.pl\/?page_id=4602"},"modified":"2023-09-06T22:48:25","modified_gmt":"2023-09-06T20:48:25","slug":"projekt-postaw-na-mlodziez-europejski-tydzien-mlodziezy","status":"publish","type":"page","link":"https:\/\/zsp1chojna.pl\/?page_id=4602","title":{"rendered":"Projekt \u201ePostaw na\u00a0m\u0142odzie\u017c \u2013 Europejski Tydzie\u0144 M\u0142odzie\u017cy\u201d"},"content":{"rendered":"\n<p class=\"has-text-align-justify\">Nieformalna grupa m\u0142odzie\u017cy <strong>\u201eAktywi\u015bci\u201d<\/strong> przy Zespole Szk\u00f3\u0142 Ponadgimnazjalnych Nr&nbsp;1&nbsp;w&nbsp;Chojnie, realizuje od&nbsp;06.05.2013&nbsp;r. do&nbsp;06.08.2013&nbsp;r. projekt pt.: \u201e<strong>Postaw na&nbsp;m\u0142odzie\u017c \u2013 Europejski Tydzie\u0144 M\u0142odzie\u017cy\u201d<\/strong>.&nbsp;Projekt finansowany jest ze&nbsp;\u015brodk\u00f3w europejskich, z&nbsp;programu M\u0142odzie\u017c w&nbsp;dzia\u0142aniu, Akcja 5.1Dzia\u0142ania rozpoczn\u0105 si\u0119&nbsp;&nbsp;26.05.2013&nbsp;r. i&nbsp;zako\u0144cz\u0105 02.06.2013&nbsp;r. G\u0142\u00f3wne cele naszego projektu to: promowanie aktywno\u015bci obywatelskiej m\u0142odzie\u017cy, rozwijanie poczucia solidarno\u015bci, promowanie tolerancji w\u015br\u00f3d m\u0142odzie\u017cy, promowanie wsp\u00f3\u0142pracy europejskiej w&nbsp;zakresie problematyki i&nbsp;dzia\u0142a\u0144 m\u0142odzie\u017cowych.<br>B\u0119dziemy r\u00f3wnie\u017c realizowa\u0107:<\/p>\n\n\n\n<ol class=\"wp-block-list\">\n<li>Priorytety sta\u0142e, m.in.&nbsp;obywatelstwo europejskie, w\u0142\u0105czanie m\u0142odzie\u017cy z&nbsp;mniejszymi szansami, r\u00f3\u017cnorodno\u015b\u0107 kulturowa, uczestnictwo m\u0142odzie\u017cy.<\/li>\n\n\n\n<li>Priorytety roczne, m.in.&nbsp;aktywne uczestnictwo m\u0142odych ludzi w&nbsp;wyborach&nbsp;do Parlamentu Europejskiego, problemy bezrobocia w\u015br\u00f3d m\u0142odzie\u017cy, walka&nbsp;z ub\u00f3stwem i&nbsp;marginalizacj\u0105, rozbudzanie kreatywno\u015bci i&nbsp;przedsi\u0119biorczo\u015bci, u\u015bwiadamianie praw wynikaj\u0105cych z&nbsp;obywatelstwa europejskiego.<\/li>\n<\/ol>\n\n\n\n<p class=\"has-text-align-justify\">Wy\u017cej wymienione priorytety planujemy zrealizowa\u0107 organizuj\u0105c debat\u0119 z\u00a0pos\u0142em\u00a0do Parlamentu Europejskiego na\u00a0temat wprowadzenia Euro w\u00a0Polsce oraz\u00a0debat\u0119 \u00a0z\u00a0udzia\u0142em lokalnego eksperta do\u00a0spraw m\u0142odzie\u017cy, na\u00a0temat szans m\u0142odych ludzi na\u00a0lokalnym rynku pracy. B\u0119dziemy uczestniczy\u0107 w\u00a0sesji Rady Gminy, jak r\u00f3wnie\u017c zaktywizujemy szersz\u0105 grup\u0119 m\u0142odzie\u017cy poprzez ankietowanie i\u00a0udzia\u0142 w\u00a0akcji happeningowej. Zaprojektujemy ulotki, newsletter oraz\u00a0baner reklamuj\u0105cy cele projektu. Podczas akcji happeningowej i\u00a0podczas Dni Chojny, b\u0119dziemy rozdawa\u0107 czapki, d\u0142ugopisy, ulotki z\u00a0logo projektu oraz\u00a0zaprosimy lokalne media. Materia\u0142y promuj\u0105ce b\u0119d\u0105 dost\u0119pne w\u00a0Bibliotece Miejskiej\u00a0 w\u00a0Chojnie oraz\u00a0innych bibliotekach w\u00a0obr\u0119bie gminy i\u00a0poza ni\u0105. Przez\u00a0ca\u0142y czas trwania projektu aktywny b\u0119dzie profil \u201eAktywist\u00f3w\u201d na\u00a0portalu spo\u0142eczno\u015bciowym Facebook, gdzie b\u0119dziemy promowa\u0107 g\u0142\u00f3wne cele akcji oraz\u00a0kontynuowa\u0107 rozpocz\u0119t\u0105 ju\u017c gr\u0119 w\u00a0\u201epodaj dalej\u201d.<\/p>\n\n\n<div class=\"wp-block-image\">\n<figure class=\"aligncenter size-full\"><img loading=\"lazy\" decoding=\"async\" width=\"600\" height=\"63\" data-attachment-id=\"4603\" data-permalink=\"https:\/\/zsp1chojna.pl\/?attachment_id=4603\" data-orig-file=\"https:\/\/zsp1chojna.pl\/wp-content\/uploads\/2023\/09\/postaw_na_mlodziez00003.png\" data-orig-size=\"600,63\" data-comments-opened=\"1\" data-image-meta=\"{&quot;aperture&quot;:&quot;0&quot;,&quot;credit&quot;:&quot;&quot;,&quot;camera&quot;:&quot;&quot;,&quot;caption&quot;:&quot;&quot;,&quot;created_timestamp&quot;:&quot;0&quot;,&quot;copyright&quot;:&quot;&quot;,&quot;focal_length&quot;:&quot;0&quot;,&quot;iso&quot;:&quot;0&quot;,&quot;shutter_speed&quot;:&quot;0&quot;,&quot;title&quot;:&quot;&quot;,&quot;orientation&quot;:&quot;0&quot;}\" data-image-title=\"postaw_na_mlodziez00003\" data-image-description=\"\" data-image-caption=\"\" data-medium-file=\"https:\/\/zsp1chojna.pl\/wp-content\/uploads\/2023\/09\/postaw_na_mlodziez00003-300x32.png\" data-large-file=\"https:\/\/zsp1chojna.pl\/wp-content\/uploads\/2023\/09\/postaw_na_mlodziez00003.png\" src=\"https:\/\/zsp1chojna.pl\/wp-content\/uploads\/2023\/09\/postaw_na_mlodziez00003.png\" alt=\"\" class=\"wp-image-4603\" srcset=\"https:\/\/zsp1chojna.pl\/wp-content\/uploads\/2023\/09\/postaw_na_mlodziez00003.png 600w, https:\/\/zsp1chojna.pl\/wp-content\/uploads\/2023\/09\/postaw_na_mlodziez00003-300x32.png 300w\" sizes=\"auto, (max-width: 600px) 100vw, 600px\" \/><\/figure>\n<\/div>\n\n<div class=\"wp-block-image\">\n<figure class=\"aligncenter size-full\"><img loading=\"lazy\" decoding=\"async\" width=\"450\" height=\"302\" data-attachment-id=\"4604\" data-permalink=\"https:\/\/zsp1chojna.pl\/?attachment_id=4604\" data-orig-file=\"https:\/\/zsp1chojna.pl\/wp-content\/uploads\/2023\/09\/postaw_na_mlodziez00005.jpg\" data-orig-size=\"450,302\" data-comments-opened=\"1\" data-image-meta=\"{&quot;aperture&quot;:&quot;5&quot;,&quot;credit&quot;:&quot;&quot;,&quot;camera&quot;:&quot;NIKON D80&quot;,&quot;caption&quot;:&quot;????????????????????????????????????&quot;,&quot;created_timestamp&quot;:&quot;1370353727&quot;,&quot;copyright&quot;:&quot;&quot;,&quot;focal_length&quot;:&quot;48&quot;,&quot;iso&quot;:&quot;160&quot;,&quot;shutter_speed&quot;:&quot;0.033333333333333&quot;,&quot;title&quot;:&quot;&quot;,&quot;orientation&quot;:&quot;1&quot;}\" data-image-title=\"postaw_na_mlodziez00005\" data-image-description=\"\" data-image-caption=\"&lt;p&gt;????????????????????????????????????&lt;\/p&gt;\n\" data-medium-file=\"https:\/\/zsp1chojna.pl\/wp-content\/uploads\/2023\/09\/postaw_na_mlodziez00005-300x201.jpg\" data-large-file=\"https:\/\/zsp1chojna.pl\/wp-content\/uploads\/2023\/09\/postaw_na_mlodziez00005.jpg\" src=\"https:\/\/zsp1chojna.pl\/wp-content\/uploads\/2023\/09\/postaw_na_mlodziez00005.jpg\" alt=\"\" class=\"wp-image-4604\" srcset=\"https:\/\/zsp1chojna.pl\/wp-content\/uploads\/2023\/09\/postaw_na_mlodziez00005.jpg 450w, https:\/\/zsp1chojna.pl\/wp-content\/uploads\/2023\/09\/postaw_na_mlodziez00005-300x201.jpg 300w, https:\/\/zsp1chojna.pl\/wp-content\/uploads\/2023\/09\/postaw_na_mlodziez00005-84x56.jpg 84w\" sizes=\"auto, (max-width: 450px) 100vw, 450px\" \/><\/figure>\n<\/div>\n\n<div class=\"wp-block-image\">\n<figure class=\"aligncenter size-full is-resized\"><img loading=\"lazy\" decoding=\"async\" data-attachment-id=\"4605\" data-permalink=\"https:\/\/zsp1chojna.pl\/?attachment_id=4605\" data-orig-file=\"https:\/\/zsp1chojna.pl\/wp-content\/uploads\/2023\/09\/postaw_na_mlodziez00004.jpg\" data-orig-size=\"400,269\" data-comments-opened=\"1\" data-image-meta=\"{&quot;aperture&quot;:&quot;8&quot;,&quot;credit&quot;:&quot;&quot;,&quot;camera&quot;:&quot;NIKON D80&quot;,&quot;caption&quot;:&quot;&quot;,&quot;created_timestamp&quot;:&quot;1370434161&quot;,&quot;copyright&quot;:&quot;&quot;,&quot;focal_length&quot;:&quot;40&quot;,&quot;iso&quot;:&quot;160&quot;,&quot;shutter_speed&quot;:&quot;0.004&quot;,&quot;title&quot;:&quot;&quot;,&quot;orientation&quot;:&quot;1&quot;}\" data-image-title=\"postaw_na_mlodziez00004\" data-image-description=\"\" data-image-caption=\"\" data-medium-file=\"https:\/\/zsp1chojna.pl\/wp-content\/uploads\/2023\/09\/postaw_na_mlodziez00004-300x202.jpg\" data-large-file=\"https:\/\/zsp1chojna.pl\/wp-content\/uploads\/2023\/09\/postaw_na_mlodziez00004.jpg\" src=\"https:\/\/zsp1chojna.pl\/wp-content\/uploads\/2023\/09\/postaw_na_mlodziez00004.jpg\" alt=\"\" class=\"wp-image-4605\" style=\"width:460px;height:309px\" width=\"460\" height=\"309\" srcset=\"https:\/\/zsp1chojna.pl\/wp-content\/uploads\/2023\/09\/postaw_na_mlodziez00004.jpg 400w, https:\/\/zsp1chojna.pl\/wp-content\/uploads\/2023\/09\/postaw_na_mlodziez00004-300x202.jpg 300w, https:\/\/zsp1chojna.pl\/wp-content\/uploads\/2023\/09\/postaw_na_mlodziez00004-84x56.jpg 84w\" sizes=\"auto, (max-width: 460px) 100vw, 460px\" \/><\/figure>\n<\/div>\n\n\n<p class=\"has-text-align-justify\">Jednym ze zrealizowanych ju\u017c dzia\u0142a\u0144 \u201eAktywist\u00f3w\u201d jest utworzenie konta na portalu spo\u0142eczno\u015bciowym Facebook. Strona ma ju\u017c ponad 120 znajomych, s\u0105 cz\u0119stymi go\u015b\u0107mi naszej strony i podj\u0119li ju\u017c gr\u0119 w \u201epodaj dalej\u201d. Propagujemy w ten spos\u00f3b najwa\u017cniejsze cele projektu.<\/p>\n\n\n<div class=\"wp-block-image\">\n<figure class=\"aligncenter size-full\"><img loading=\"lazy\" decoding=\"async\" width=\"450\" height=\"302\" data-attachment-id=\"4606\" data-permalink=\"https:\/\/zsp1chojna.pl\/?attachment_id=4606\" data-orig-file=\"https:\/\/zsp1chojna.pl\/wp-content\/uploads\/2023\/09\/postaw_na_mlodziez00008.jpg\" data-orig-size=\"450,302\" data-comments-opened=\"1\" data-image-meta=\"{&quot;aperture&quot;:&quot;8&quot;,&quot;credit&quot;:&quot;&quot;,&quot;camera&quot;:&quot;NIKON D80&quot;,&quot;caption&quot;:&quot;&quot;,&quot;created_timestamp&quot;:&quot;1370434516&quot;,&quot;copyright&quot;:&quot;&quot;,&quot;focal_length&quot;:&quot;28&quot;,&quot;iso&quot;:&quot;160&quot;,&quot;shutter_speed&quot;:&quot;0.004&quot;,&quot;title&quot;:&quot;&quot;,&quot;orientation&quot;:&quot;1&quot;}\" data-image-title=\"postaw_na_mlodziez00008\" data-image-description=\"\" data-image-caption=\"\" data-medium-file=\"https:\/\/zsp1chojna.pl\/wp-content\/uploads\/2023\/09\/postaw_na_mlodziez00008-300x201.jpg\" data-large-file=\"https:\/\/zsp1chojna.pl\/wp-content\/uploads\/2023\/09\/postaw_na_mlodziez00008.jpg\" src=\"https:\/\/zsp1chojna.pl\/wp-content\/uploads\/2023\/09\/postaw_na_mlodziez00008.jpg\" alt=\"\" class=\"wp-image-4606\" srcset=\"https:\/\/zsp1chojna.pl\/wp-content\/uploads\/2023\/09\/postaw_na_mlodziez00008.jpg 450w, https:\/\/zsp1chojna.pl\/wp-content\/uploads\/2023\/09\/postaw_na_mlodziez00008-300x201.jpg 300w, https:\/\/zsp1chojna.pl\/wp-content\/uploads\/2023\/09\/postaw_na_mlodziez00008-84x56.jpg 84w\" sizes=\"auto, (max-width: 450px) 100vw, 450px\" \/><\/figure>\n<\/div>\n\n<div class=\"wp-block-image\">\n<figure class=\"aligncenter size-full\"><img loading=\"lazy\" decoding=\"async\" width=\"450\" height=\"302\" data-attachment-id=\"4607\" data-permalink=\"https:\/\/zsp1chojna.pl\/?attachment_id=4607\" data-orig-file=\"https:\/\/zsp1chojna.pl\/wp-content\/uploads\/2023\/09\/postaw_na_mlodziez00007.jpg\" data-orig-size=\"450,302\" data-comments-opened=\"1\" data-image-meta=\"{&quot;aperture&quot;:&quot;8&quot;,&quot;credit&quot;:&quot;&quot;,&quot;camera&quot;:&quot;NIKON D80&quot;,&quot;caption&quot;:&quot;&quot;,&quot;created_timestamp&quot;:&quot;1370433854&quot;,&quot;copyright&quot;:&quot;&quot;,&quot;focal_length&quot;:&quot;26&quot;,&quot;iso&quot;:&quot;160&quot;,&quot;shutter_speed&quot;:&quot;0.004&quot;,&quot;title&quot;:&quot;&quot;,&quot;orientation&quot;:&quot;1&quot;}\" data-image-title=\"postaw_na_mlodziez00007\" data-image-description=\"\" data-image-caption=\"\" data-medium-file=\"https:\/\/zsp1chojna.pl\/wp-content\/uploads\/2023\/09\/postaw_na_mlodziez00007-300x201.jpg\" data-large-file=\"https:\/\/zsp1chojna.pl\/wp-content\/uploads\/2023\/09\/postaw_na_mlodziez00007.jpg\" src=\"https:\/\/zsp1chojna.pl\/wp-content\/uploads\/2023\/09\/postaw_na_mlodziez00007.jpg\" alt=\"\" class=\"wp-image-4607\" srcset=\"https:\/\/zsp1chojna.pl\/wp-content\/uploads\/2023\/09\/postaw_na_mlodziez00007.jpg 450w, https:\/\/zsp1chojna.pl\/wp-content\/uploads\/2023\/09\/postaw_na_mlodziez00007-300x201.jpg 300w, https:\/\/zsp1chojna.pl\/wp-content\/uploads\/2023\/09\/postaw_na_mlodziez00007-84x56.jpg 84w\" sizes=\"auto, (max-width: 450px) 100vw, 450px\" \/><\/figure>\n<\/div>","protected":false},"excerpt":{"rendered":"<p>Nieformalna grupa m\u0142odzie\u017cy \u201eAktywi\u015bci\u201d przy Zespole Szk\u00f3\u0142 Ponadgimnazjalnych Nr&nbsp;1&nbsp;w&nbsp;Chojnie, realizuje od&nbsp;06.05.2013&nbsp;r. do&nbsp;06.08.2013&nbsp;r. projekt pt.: \u201ePostaw na&nbsp;m\u0142odzie\u017c \u2013 Europejski Tydzie\u0144 M\u0142odzie\u017cy\u201d.&nbsp;Projekt finansowany jest ze&nbsp;\u015brodk\u00f3w europejskich, z&nbsp;programu M\u0142odzie\u017c w&nbsp;dzia\u0142aniu, Akcja 5.1Dzia\u0142ania rozpoczn\u0105 [&hellip;]<\/p>\n","protected":false},"author":1,"featured_media":0,"parent":0,"menu_order":0,"comment_status":"closed","ping_status":"closed","template":"","meta":{"footnotes":""},"class_list":["post-4602","page","type-page","status-publish","hentry"],"yoast_head":"<!-- This site is optimized with the Yoast SEO plugin v20.13 - https:\/\/yoast.com\/wordpress\/plugins\/seo\/ -->\n<title>Projekt \u201ePostaw na\u00a0m\u0142odzie\u017c \u2013 Europejski Tydzie\u0144 M\u0142odzie\u017cy\u201d - ZSP w Chojnie<\/title>\n<meta name=\"robots\" content=\"index, follow, max-snippet:-1, max-image-preview:large, max-video-preview:-1\" \/>\n<link rel=\"canonical\" href=\"https:\/\/zsp1chojna.pl\/?page_id=4602\" \/>\n<meta property=\"og:locale\" content=\"pl_PL\" \/>\n<meta property=\"og:type\" content=\"article\" \/>\n<meta property=\"og:title\" content=\"Projekt \u201ePostaw na\u00a0m\u0142odzie\u017c \u2013 Europejski Tydzie\u0144 M\u0142odzie\u017cy\u201d - ZSP w Chojnie\" \/>\n<meta property=\"og:description\" content=\"Nieformalna grupa m\u0142odzie\u017cy \u201eAktywi\u015bci\u201d przy Zespole Szk\u00f3\u0142 Ponadgimnazjalnych Nr&nbsp;1&nbsp;w&nbsp;Chojnie, realizuje od&nbsp;06.05.2013&nbsp;r. do&nbsp;06.08.2013&nbsp;r. projekt pt.: \u201ePostaw na&nbsp;m\u0142odzie\u017c \u2013 Europejski Tydzie\u0144 M\u0142odzie\u017cy\u201d.&nbsp;Projekt finansowany jest ze&nbsp;\u015brodk\u00f3w europejskich, z&nbsp;programu M\u0142odzie\u017c w&nbsp;dzia\u0142aniu, Akcja 5.1Dzia\u0142ania rozpoczn\u0105 [&hellip;]\" \/>\n<meta property=\"og:url\" content=\"https:\/\/zsp1chojna.pl\/?page_id=4602\" \/>\n<meta property=\"og:site_name\" content=\"ZSP w Chojnie\" \/>\n<meta property=\"article:modified_time\" content=\"2023-09-06T20:48:25+00:00\" \/>\n<meta property=\"og:image\" content=\"https:\/\/zsp1chojna.pl\/wp-content\/uploads\/2023\/09\/postaw_na_mlodziez00003.png\" \/>\n<meta name=\"twitter:card\" content=\"summary_large_image\" \/>\n<meta name=\"twitter:label1\" content=\"Szacowany czas czytania\" \/>\n\t<meta name=\"twitter:data1\" content=\"3 minuty\" \/>\n<script type=\"application\/ld+json\" class=\"yoast-schema-graph\">{\"@context\":\"https:\/\/schema.org\",\"@graph\":[{\"@type\":\"WebPage\",\"@id\":\"https:\/\/zsp1chojna.pl\/?page_id=4602\",\"url\":\"https:\/\/zsp1chojna.pl\/?page_id=4602\",\"name\":\"Projekt \u201ePostaw na\u00a0m\u0142odzie\u017c \u2013 Europejski Tydzie\u0144 M\u0142odzie\u017cy\u201d - ZSP w Chojnie\",\"isPartOf\":{\"@id\":\"https:\/\/zsp1chojna.pl\/#website\"},\"datePublished\":\"2023-09-06T20:48:23+00:00\",\"dateModified\":\"2023-09-06T20:48:25+00:00\",\"breadcrumb\":{\"@id\":\"https:\/\/zsp1chojna.pl\/?page_id=4602#breadcrumb\"},\"inLanguage\":\"pl-PL\",\"potentialAction\":[{\"@type\":\"ReadAction\",\"target\":[\"https:\/\/zsp1chojna.pl\/?page_id=4602\"]}]},{\"@type\":\"BreadcrumbList\",\"@id\":\"https:\/\/zsp1chojna.pl\/?page_id=4602#breadcrumb\",\"itemListElement\":[{\"@type\":\"ListItem\",\"position\":1,\"name\":\"Home\",\"item\":\"https:\/\/zsp1chojna.pl\/\"},{\"@type\":\"ListItem\",\"position\":2,\"name\":\"Projekt \u201ePostaw na\u00a0m\u0142odzie\u017c \u2013 Europejski Tydzie\u0144 M\u0142odzie\u017cy\u201d\"}]},{\"@type\":\"WebSite\",\"@id\":\"https:\/\/zsp1chojna.pl\/#website\",\"url\":\"https:\/\/zsp1chojna.pl\/\",\"name\":\"ZSP w Chojnie\",\"description\":\"\",\"publisher\":{\"@id\":\"https:\/\/zsp1chojna.pl\/#organization\"},\"potentialAction\":[{\"@type\":\"SearchAction\",\"target\":{\"@type\":\"EntryPoint\",\"urlTemplate\":\"https:\/\/zsp1chojna.pl\/?s={search_term_string}\"},\"query-input\":\"required name=search_term_string\"}],\"inLanguage\":\"pl-PL\"},{\"@type\":\"Organization\",\"@id\":\"https:\/\/zsp1chojna.pl\/#organization\",\"name\":\"ZSP w Chojnie\",\"url\":\"https:\/\/zsp1chojna.pl\/\",\"logo\":{\"@type\":\"ImageObject\",\"inLanguage\":\"pl-PL\",\"@id\":\"https:\/\/zsp1chojna.pl\/#\/schema\/logo\/image\/\",\"url\":\"https:\/\/zsp1chojna.pl\/wp-content\/uploads\/2023\/08\/cropped-cropped-cropped-Logo-biale-napis-na-3-wiersze_504-1.png\",\"contentUrl\":\"https:\/\/zsp1chojna.pl\/wp-content\/uploads\/2023\/08\/cropped-cropped-cropped-Logo-biale-napis-na-3-wiersze_504-1.png\",\"width\":504,\"height\":167,\"caption\":\"ZSP w Chojnie\"},\"image\":{\"@id\":\"https:\/\/zsp1chojna.pl\/#\/schema\/logo\/image\/\"}}]}<\/script>\n<!-- \/ Yoast SEO plugin. -->","yoast_head_json":{"title":"Projekt \u201ePostaw na\u00a0m\u0142odzie\u017c \u2013 Europejski Tydzie\u0144 M\u0142odzie\u017cy\u201d - ZSP w Chojnie","robots":{"index":"index","follow":"follow","max-snippet":"max-snippet:-1","max-image-preview":"max-image-preview:large","max-video-preview":"max-video-preview:-1"},"canonical":"https:\/\/zsp1chojna.pl\/?page_id=4602","og_locale":"pl_PL","og_type":"article","og_title":"Projekt \u201ePostaw na\u00a0m\u0142odzie\u017c \u2013 Europejski Tydzie\u0144 M\u0142odzie\u017cy\u201d - ZSP w Chojnie","og_description":"Nieformalna grupa m\u0142odzie\u017cy \u201eAktywi\u015bci\u201d przy Zespole Szk\u00f3\u0142 Ponadgimnazjalnych Nr&nbsp;1&nbsp;w&nbsp;Chojnie, realizuje od&nbsp;06.05.2013&nbsp;r. do&nbsp;06.08.2013&nbsp;r. projekt pt.: \u201ePostaw na&nbsp;m\u0142odzie\u017c \u2013 Europejski Tydzie\u0144 M\u0142odzie\u017cy\u201d.&nbsp;Projekt finansowany jest ze&nbsp;\u015brodk\u00f3w europejskich, z&nbsp;programu M\u0142odzie\u017c w&nbsp;dzia\u0142aniu, Akcja 5.1Dzia\u0142ania rozpoczn\u0105 [&hellip;]","og_url":"https:\/\/zsp1chojna.pl\/?page_id=4602","og_site_name":"ZSP w Chojnie","article_modified_time":"2023-09-06T20:48:25+00:00","og_image":[{"url":"https:\/\/zsp1chojna.pl\/wp-content\/uploads\/2023\/09\/postaw_na_mlodziez00003.png"}],"twitter_card":"summary_large_image","twitter_misc":{"Szacowany czas czytania":"3 minuty"},"schema":{"@context":"https:\/\/schema.org","@graph":[{"@type":"WebPage","@id":"https:\/\/zsp1chojna.pl\/?page_id=4602","url":"https:\/\/zsp1chojna.pl\/?page_id=4602","name":"Projekt \u201ePostaw na\u00a0m\u0142odzie\u017c \u2013 Europejski Tydzie\u0144 M\u0142odzie\u017cy\u201d - ZSP w Chojnie","isPartOf":{"@id":"https:\/\/zsp1chojna.pl\/#website"},"datePublished":"2023-09-06T20:48:23+00:00","dateModified":"2023-09-06T20:48:25+00:00","breadcrumb":{"@id":"https:\/\/zsp1chojna.pl\/?page_id=4602#breadcrumb"},"inLanguage":"pl-PL","potentialAction":[{"@type":"ReadAction","target":["https:\/\/zsp1chojna.pl\/?page_id=4602"]}]},{"@type":"BreadcrumbList","@id":"https:\/\/zsp1chojna.pl\/?page_id=4602#breadcrumb","itemListElement":[{"@type":"ListItem","position":1,"name":"Home","item":"https:\/\/zsp1chojna.pl\/"},{"@type":"ListItem","position":2,"name":"Projekt \u201ePostaw na\u00a0m\u0142odzie\u017c \u2013 Europejski Tydzie\u0144 M\u0142odzie\u017cy\u201d"}]},{"@type":"WebSite","@id":"https:\/\/zsp1chojna.pl\/#website","url":"https:\/\/zsp1chojna.pl\/","name":"ZSP w Chojnie","description":"","publisher":{"@id":"https:\/\/zsp1chojna.pl\/#organization"},"potentialAction":[{"@type":"SearchAction","target":{"@type":"EntryPoint","urlTemplate":"https:\/\/zsp1chojna.pl\/?s={search_term_string}"},"query-input":"required name=search_term_string"}],"inLanguage":"pl-PL"},{"@type":"Organization","@id":"https:\/\/zsp1chojna.pl\/#organization","name":"ZSP w Chojnie","url":"https:\/\/zsp1chojna.pl\/","logo":{"@type":"ImageObject","inLanguage":"pl-PL","@id":"https:\/\/zsp1chojna.pl\/#\/schema\/logo\/image\/","url":"https:\/\/zsp1chojna.pl\/wp-content\/uploads\/2023\/08\/cropped-cropped-cropped-Logo-biale-napis-na-3-wiersze_504-1.png","contentUrl":"https:\/\/zsp1chojna.pl\/wp-content\/uploads\/2023\/08\/cropped-cropped-cropped-Logo-biale-napis-na-3-wiersze_504-1.png","width":504,"height":167,"caption":"ZSP w Chojnie"},"image":{"@id":"https:\/\/zsp1chojna.pl\/#\/schema\/logo\/image\/"}}]}},"_links":{"self":[{"href":"https:\/\/zsp1chojna.pl\/index.php?rest_route=\/wp\/v2\/pages\/4602","targetHints":{"allow":["GET"]}}],"collection":[{"href":"https:\/\/zsp1chojna.pl\/index.php?rest_route=\/wp\/v2\/pages"}],"about":[{"href":"https:\/\/zsp1chojna.pl\/index.php?rest_route=\/wp\/v2\/types\/page"}],"author":[{"embeddable":true,"href":"https:\/\/zsp1chojna.pl\/index.php?rest_route=\/wp\/v2\/users\/1"}],"replies":[{"embeddable":true,"href":"https:\/\/zsp1chojna.pl\/index.php?rest_route=%2Fwp%2Fv2%2Fcomments&post=4602"}],"version-history":[{"count":1,"href":"https:\/\/zsp1chojna.pl\/index.php?rest_route=\/wp\/v2\/pages\/4602\/revisions"}],"predecessor-version":[{"id":4608,"href":"https:\/\/zsp1chojna.pl\/index.php?rest_route=\/wp\/v2\/pages\/4602\/revisions\/4608"}],"wp:attachment":[{"href":"https:\/\/zsp1chojna.pl\/index.php?rest_route=%2Fwp%2Fv2%2Fmedia&parent=4602"}],"curies":[{"name":"wp","href":"https:\/\/api.w.org\/{rel}","templated":true}]}}