{"id":4592,"date":"2023-09-06T22:38:54","date_gmt":"2023-09-06T20:38:54","guid":{"rendered":"https:\/\/zsp1chojna.pl\/?page_id=4592"},"modified":"2023-09-06T22:38:56","modified_gmt":"2023-09-06T20:38:56","slug":"od-praktyki-do-pracy-4","status":"publish","type":"page","link":"https:\/\/zsp1chojna.pl\/?page_id=4592","title":{"rendered":"\u201eOd praktyki do pracy\u201d"},"content":{"rendered":"\n<p class=\"has-text-align-center\"><strong>Od praktyki do pracy<br>ERASMUS + Kszta\u0142cenie i szkolenie zawodowe<br>KA1 \u2013 Mobilno\u015b\u0107 edukacyjna<br>\u201eOd praktyki do pracy\u201d<br>Nr umowy\/ projektu: 2014-1-PL01-KA102-001030<br>Data rozpocz\u0119cia i zako\u0144czenia projektu: 01.12.2014 r. \u2013 30.11.2015 r.<br>Przyznane dofinansowanie: 35 140,00 EUR<\/strong><\/p>\n\n\n\n<p class=\"has-text-align-justify\">Opis:<br>Projekt &#8220;Od praktyki do pracy&#8221; b\u0119dzie polega\u0142 na odbyciu 4-tygodniowych sta\u017cy przez 12 uczni\u00f3w Technikum Zawodowego w zawodach technik hotelarstwa i technik \u017cywienia i us\u0142ug gastronomicznych, kt\u00f3re wchodzi w sk\u0142ad Zespo\u0142u Szk\u00f3\u0142 Ponadgimnazjalnych w Chojnie. Sta\u017ce odb\u0119d\u0105 si\u0119 w hotelach i restauracjach w Anglii i na Malcie.<br>Celem projektu jest r\u00f3wnie\u017c wzrost kompetencji j\u0119zykowych jego uczestnik\u00f3w, ma r\u00f3wnie\u017c<br>kszta\u0142towa\u0107 to\u017csamo\u015b\u0107 europejsk\u0105 jego uczestnik\u00f3w, rozwija\u0107 kompetencje wielokulturowe i<br>postawy tolerancji. W projekcie opr\u00f3cz partnera wysy\u0142aj\u0105cego uczestnicz\u0105 nast\u0119puj\u0105cy partnerzy przyjmuj\u0105cy: <br>Anglia:<br><strong>Bakehouse Bed &amp; Breakfast,<br>Sherborne Hotel,<br>Eastbury Hotel.<\/strong><br>Malta:<br><strong>Illusions Ltd &#8211; 47 Summer Nights,<br>JDJ Operations Ltd &#8211; Sensi.<\/strong><\/p>\n\n\n\n<p class=\"has-text-align-justify\">Dzia\u0142ania w ramach przygotowania j\u0119zykowego w instytucji wysy\u0142aj\u0105cej: <br>&#8211; dokonanie zakupu s\u0142ownik\u00f3w angielsko-polskich dla sta\u017cyst\u00f3w (luty 2015), koordynator projektu, <br>&#8211; kurs j\u0119zyka angielskiego w wymiarze 32 godzin zegarowych prowadzony przez wykwalifikowanego lektora z instytucji zewn\u0119trznej, ze zwr\u00f3ceniem szczeg\u00f3lnej uwagi na kszta\u0142towanie umiej\u0119tno\u015bci komunikacyjnych sta\u017cyst\u00f3w (kwiecie\u0144, maj, czerwiec 2015),<\/p>\n\n\n\n<p class=\"has-text-align-justify\">Dzia\u0142ania w ramach przygotowania psychologiczno-pedagogicznego, kulturowego, zapobieganie ryzyku przeprowadzone w instytucji wysy\u0142aj\u0105cej: <br>&#8211; warsztaty z psychologiem\/pedagogiem, dwa razy po 3 godziny. Tematyka zaj\u0119\u0107 to: wzmocnienie odporno\u015bci na stres, rozwi\u0105zywanie sytuacji konfliktowych, adaptacja w nowym \u015brodowisku, radzenie sobie z roz\u0142\u0105k\u0105 z rodzin\u0105, stresem zwi\u0105zanym z podr\u00f3\u017c\u0105 lotnicz\u0105, trening asertywno\u015bci i autoprezentacji (maj 2015) <br>&#8211; zapobieganie ryzyku, spotkanie z policjantem i pedagogiem szkolnym na temat sposob\u00f3w post\u0119powania w sytuacjach stwarzaj\u0105cych zagro\u017cenie (2 godziny), (maj 2015), <br>&#8211; prezentacja multimedialna Marsaskali i Malty oraz Sherborne po\u0142\u0105czona ze spotkaniem ze sta\u017cystami, kt\u00f3rzy odbyli praktyki w tych miejscowo\u015bciach w ramach projektu LdV, 2 godziny (czerwiec 2015),<\/p>\n\n\n\n<p>Przygotowanie uczestnik\u00f3w podczas realizacji sta\u017cy: <br>&#8211; &#8220;Prze\u0142amanie lod\u00f3w&#8221; zaj\u0119cia kulturowo-j\u0119zykowe podczas pierwszego tygodnia sta\u017cy na Malcie\/w Anglii. Zostan\u0105 przeprowadzone przez do\u015bwiadczonych pedagog\u00f3w z kt\u00f3rymi instytucja wysy\u0142aj\u0105ca wsp\u00f3\u0142pracowa\u0142a podczas projekt\u00f3w LdV (Ch. Mifsud &#8211; Malta, B. Betts &#8211; Anglia), 3 godziny (lipiec 2015), <br>&#8211; zwiedzanie Malty, grupa gastronom\u00f3w odbywaj\u0105ca sta\u017c w Marsaskali, <br>&#8211; zwiedzanie Sherborne i Londynu, grupa hotelarzy odbywaj\u0105ca sta\u017c w Sherborne.<\/p>\n\n\n\n<p class=\"has-text-align-justify\">Rezultaty: Odbycie przez uczestnik\u00f3w projektu czterotygodniowej, obowi\u0105zkowej praktyki zawodowej w formie sta\u017cy w hotelach w Anglii oraz na Malcie. Wzrost umiej\u0119tno\u015bci zawodowych i j\u0119zykowych uczestnik\u00f3w sta\u017cy oraz pewno\u015bci siebie i predyspozycji do funkcjonowania na europejskim rynku pracy.<\/p>\n\n\n\n<p class=\"has-text-align-justify\">Promocja:<br>Projekt zostanie zaprezentowany podczas organizowanego corocznie przez Zachodniopomorskie Kuratorium O\u015bwiaty festiwalu projekt\u00f3w europejskich. Rezultaty projektu oraz jego dzia\u0142ania zostan\u0105 przedstawione na prowadzonej przez na stronie internetowej projekt\u00f3w LdV realizowanych przez ZSP nr 1 w Chojnie &#8211; www.staze-ldv-chojna.eu. Kierownik szkolenia praktycznego w ZSP nr 1 w Chojnie przedstawi rezultaty projektu podczas spotka\u0144 z pracodawcami z bran\u017cy hotelarskiej i gastronomicznej, z kt\u00f3rymi wsp\u00f3\u0142pracuje szko\u0142a. Takie spotkania odbywaj\u0105 si\u0119 cyklicznie i por\u00f3wnanie sta\u017cy zagranicznych z praktykami odbywaj\u0105cymi si\u0119 w krajowych restauracjach i hotelach przyczyni si\u0119 do podniesienia jako\u015bci procesu kszta\u0142cenia zawodowego realizowanego w szkole. Rezultaty projektu &#8220;Od praktyki do pracy&#8221; zostan\u0105 przedstawione podczas corocznego zgromadzenia przedstawicieli Zwi\u0105zku Miast Partnerskich Douzelage w Tryavnie (Bu\u0142garia). Do organizacji nale\u017cy po jednym mie\u015bcie z 26 pa\u0144stw Unii Europejskiej. Informacje o projekcie, w ramach dzia\u0142a\u0144 promocyjno-upowszechniaj\u0105cych, znajd\u0105 si\u0119 na \u0142amach prasy lokalnej i lokalnych portali internetowych, gdzie grupami docelowymi jest szeroki przekr\u00f3j reprezentant\u00f3w spo\u0142eczno\u015bci lokalnej.<\/p>\n","protected":false},"excerpt":{"rendered":"<p>Od praktyki do pracyERASMUS + Kszta\u0142cenie i szkolenie zawodoweKA1 \u2013 Mobilno\u015b\u0107 edukacyjna\u201eOd praktyki do pracy\u201dNr umowy\/ projektu: 2014-1-PL01-KA102-001030Data rozpocz\u0119cia i zako\u0144czenia projektu: 01.12.2014 r. \u2013 30.11.2015 r.Przyznane dofinansowanie: 35 140,00 [&hellip;]<\/p>\n","protected":false},"author":1,"featured_media":0,"parent":0,"menu_order":0,"comment_status":"closed","ping_status":"closed","template":"","meta":{"footnotes":""},"class_list":["post-4592","page","type-page","status-publish","hentry"],"yoast_head":"<!-- This site is optimized with the Yoast SEO plugin v20.13 - https:\/\/yoast.com\/wordpress\/plugins\/seo\/ -->\n<title>\u201eOd praktyki do pracy\u201d - ZSP w Chojnie<\/title>\n<meta name=\"robots\" content=\"index, follow, max-snippet:-1, max-image-preview:large, max-video-preview:-1\" \/>\n<link rel=\"canonical\" href=\"https:\/\/zsp1chojna.pl\/?page_id=4592\" \/>\n<meta property=\"og:locale\" content=\"pl_PL\" \/>\n<meta property=\"og:type\" content=\"article\" \/>\n<meta property=\"og:title\" content=\"\u201eOd praktyki do pracy\u201d - ZSP w Chojnie\" \/>\n<meta property=\"og:description\" content=\"Od praktyki do pracyERASMUS + Kszta\u0142cenie i szkolenie zawodoweKA1 \u2013 Mobilno\u015b\u0107 edukacyjna\u201eOd praktyki do pracy\u201dNr umowy\/ projektu: 2014-1-PL01-KA102-001030Data rozpocz\u0119cia i zako\u0144czenia projektu: 01.12.2014 r. \u2013 30.11.2015 r.Przyznane dofinansowanie: 35 140,00 [&hellip;]\" \/>\n<meta property=\"og:url\" content=\"https:\/\/zsp1chojna.pl\/?page_id=4592\" \/>\n<meta property=\"og:site_name\" content=\"ZSP w Chojnie\" \/>\n<meta property=\"article:modified_time\" content=\"2023-09-06T20:38:56+00:00\" \/>\n<meta name=\"twitter:card\" content=\"summary_large_image\" \/>\n<meta name=\"twitter:label1\" content=\"Szacowany czas czytania\" \/>\n\t<meta name=\"twitter:data1\" content=\"4 minuty\" \/>\n<script type=\"application\/ld+json\" class=\"yoast-schema-graph\">{\"@context\":\"https:\/\/schema.org\",\"@graph\":[{\"@type\":\"WebPage\",\"@id\":\"https:\/\/zsp1chojna.pl\/?page_id=4592\",\"url\":\"https:\/\/zsp1chojna.pl\/?page_id=4592\",\"name\":\"\u201eOd praktyki do pracy\u201d - ZSP w Chojnie\",\"isPartOf\":{\"@id\":\"https:\/\/zsp1chojna.pl\/#website\"},\"datePublished\":\"2023-09-06T20:38:54+00:00\",\"dateModified\":\"2023-09-06T20:38:56+00:00\",\"breadcrumb\":{\"@id\":\"https:\/\/zsp1chojna.pl\/?page_id=4592#breadcrumb\"},\"inLanguage\":\"pl-PL\",\"potentialAction\":[{\"@type\":\"ReadAction\",\"target\":[\"https:\/\/zsp1chojna.pl\/?page_id=4592\"]}]},{\"@type\":\"BreadcrumbList\",\"@id\":\"https:\/\/zsp1chojna.pl\/?page_id=4592#breadcrumb\",\"itemListElement\":[{\"@type\":\"ListItem\",\"position\":1,\"name\":\"Home\",\"item\":\"https:\/\/zsp1chojna.pl\/\"},{\"@type\":\"ListItem\",\"position\":2,\"name\":\"\u201eOd praktyki do&nbsp;pracy\u201d\"}]},{\"@type\":\"WebSite\",\"@id\":\"https:\/\/zsp1chojna.pl\/#website\",\"url\":\"https:\/\/zsp1chojna.pl\/\",\"name\":\"ZSP w Chojnie\",\"description\":\"\",\"publisher\":{\"@id\":\"https:\/\/zsp1chojna.pl\/#organization\"},\"potentialAction\":[{\"@type\":\"SearchAction\",\"target\":{\"@type\":\"EntryPoint\",\"urlTemplate\":\"https:\/\/zsp1chojna.pl\/?s={search_term_string}\"},\"query-input\":\"required name=search_term_string\"}],\"inLanguage\":\"pl-PL\"},{\"@type\":\"Organization\",\"@id\":\"https:\/\/zsp1chojna.pl\/#organization\",\"name\":\"ZSP w Chojnie\",\"url\":\"https:\/\/zsp1chojna.pl\/\",\"logo\":{\"@type\":\"ImageObject\",\"inLanguage\":\"pl-PL\",\"@id\":\"https:\/\/zsp1chojna.pl\/#\/schema\/logo\/image\/\",\"url\":\"https:\/\/zsp1chojna.pl\/wp-content\/uploads\/2023\/08\/cropped-cropped-cropped-Logo-biale-napis-na-3-wiersze_504-1.png\",\"contentUrl\":\"https:\/\/zsp1chojna.pl\/wp-content\/uploads\/2023\/08\/cropped-cropped-cropped-Logo-biale-napis-na-3-wiersze_504-1.png\",\"width\":504,\"height\":167,\"caption\":\"ZSP w Chojnie\"},\"image\":{\"@id\":\"https:\/\/zsp1chojna.pl\/#\/schema\/logo\/image\/\"}}]}<\/script>\n<!-- \/ Yoast SEO plugin. -->","yoast_head_json":{"title":"\u201eOd praktyki do pracy\u201d - ZSP w Chojnie","robots":{"index":"index","follow":"follow","max-snippet":"max-snippet:-1","max-image-preview":"max-image-preview:large","max-video-preview":"max-video-preview:-1"},"canonical":"https:\/\/zsp1chojna.pl\/?page_id=4592","og_locale":"pl_PL","og_type":"article","og_title":"\u201eOd praktyki do pracy\u201d - ZSP w Chojnie","og_description":"Od praktyki do pracyERASMUS + Kszta\u0142cenie i szkolenie zawodoweKA1 \u2013 Mobilno\u015b\u0107 edukacyjna\u201eOd praktyki do pracy\u201dNr umowy\/ projektu: 2014-1-PL01-KA102-001030Data rozpocz\u0119cia i zako\u0144czenia projektu: 01.12.2014 r. \u2013 30.11.2015 r.Przyznane dofinansowanie: 35 140,00 [&hellip;]","og_url":"https:\/\/zsp1chojna.pl\/?page_id=4592","og_site_name":"ZSP w Chojnie","article_modified_time":"2023-09-06T20:38:56+00:00","twitter_card":"summary_large_image","twitter_misc":{"Szacowany czas czytania":"4 minuty"},"schema":{"@context":"https:\/\/schema.org","@graph":[{"@type":"WebPage","@id":"https:\/\/zsp1chojna.pl\/?page_id=4592","url":"https:\/\/zsp1chojna.pl\/?page_id=4592","name":"\u201eOd praktyki do pracy\u201d - ZSP w Chojnie","isPartOf":{"@id":"https:\/\/zsp1chojna.pl\/#website"},"datePublished":"2023-09-06T20:38:54+00:00","dateModified":"2023-09-06T20:38:56+00:00","breadcrumb":{"@id":"https:\/\/zsp1chojna.pl\/?page_id=4592#breadcrumb"},"inLanguage":"pl-PL","potentialAction":[{"@type":"ReadAction","target":["https:\/\/zsp1chojna.pl\/?page_id=4592"]}]},{"@type":"BreadcrumbList","@id":"https:\/\/zsp1chojna.pl\/?page_id=4592#breadcrumb","itemListElement":[{"@type":"ListItem","position":1,"name":"Home","item":"https:\/\/zsp1chojna.pl\/"},{"@type":"ListItem","position":2,"name":"\u201eOd praktyki do&nbsp;pracy\u201d"}]},{"@type":"WebSite","@id":"https:\/\/zsp1chojna.pl\/#website","url":"https:\/\/zsp1chojna.pl\/","name":"ZSP w Chojnie","description":"","publisher":{"@id":"https:\/\/zsp1chojna.pl\/#organization"},"potentialAction":[{"@type":"SearchAction","target":{"@type":"EntryPoint","urlTemplate":"https:\/\/zsp1chojna.pl\/?s={search_term_string}"},"query-input":"required name=search_term_string"}],"inLanguage":"pl-PL"},{"@type":"Organization","@id":"https:\/\/zsp1chojna.pl\/#organization","name":"ZSP w Chojnie","url":"https:\/\/zsp1chojna.pl\/","logo":{"@type":"ImageObject","inLanguage":"pl-PL","@id":"https:\/\/zsp1chojna.pl\/#\/schema\/logo\/image\/","url":"https:\/\/zsp1chojna.pl\/wp-content\/uploads\/2023\/08\/cropped-cropped-cropped-Logo-biale-napis-na-3-wiersze_504-1.png","contentUrl":"https:\/\/zsp1chojna.pl\/wp-content\/uploads\/2023\/08\/cropped-cropped-cropped-Logo-biale-napis-na-3-wiersze_504-1.png","width":504,"height":167,"caption":"ZSP w Chojnie"},"image":{"@id":"https:\/\/zsp1chojna.pl\/#\/schema\/logo\/image\/"}}]}},"_links":{"self":[{"href":"https:\/\/zsp1chojna.pl\/index.php?rest_route=\/wp\/v2\/pages\/4592","targetHints":{"allow":["GET"]}}],"collection":[{"href":"https:\/\/zsp1chojna.pl\/index.php?rest_route=\/wp\/v2\/pages"}],"about":[{"href":"https:\/\/zsp1chojna.pl\/index.php?rest_route=\/wp\/v2\/types\/page"}],"author":[{"embeddable":true,"href":"https:\/\/zsp1chojna.pl\/index.php?rest_route=\/wp\/v2\/users\/1"}],"replies":[{"embeddable":true,"href":"https:\/\/zsp1chojna.pl\/index.php?rest_route=%2Fwp%2Fv2%2Fcomments&post=4592"}],"version-history":[{"count":1,"href":"https:\/\/zsp1chojna.pl\/index.php?rest_route=\/wp\/v2\/pages\/4592\/revisions"}],"predecessor-version":[{"id":4593,"href":"https:\/\/zsp1chojna.pl\/index.php?rest_route=\/wp\/v2\/pages\/4592\/revisions\/4593"}],"wp:attachment":[{"href":"https:\/\/zsp1chojna.pl\/index.php?rest_route=%2Fwp%2Fv2%2Fmedia&parent=4592"}],"curies":[{"name":"wp","href":"https:\/\/api.w.org\/{rel}","templated":true}]}}