{"id":4408,"date":"2023-09-04T23:07:53","date_gmt":"2023-09-04T21:07:53","guid":{"rendered":"https:\/\/zsp1chojna.pl\/?page_id=4408"},"modified":"2023-09-04T23:33:26","modified_gmt":"2023-09-04T21:33:26","slug":"health-education-for-life-wychowanie-zdrowotne-na-cale-zycie-hefl-dzialania","status":"publish","type":"page","link":"https:\/\/zsp1chojna.pl\/?page_id=4408","title":{"rendered":"\u201cHealth education for life\u201d\/\u201eWychowanie zdrowotne na ca\u0142e \u017cycie&#8221; (HEFL)"},"content":{"rendered":"<style>.wp-block-kadence-iconlist.kt-svg-icon-list-items4408_16bed1-c5 ul.kt-svg-icon-list:not(.this-prevents-issues):not(.this-stops-third-party-issues):not(.tijsloc){margin-top:0px;margin-right:0px;margin-bottom:var(--global-kb-spacing-sm, 1.5rem);margin-left:0px;}.wp-block-kadence-iconlist.kt-svg-icon-list-items4408_16bed1-c5 ul.kt-svg-icon-list{grid-row-gap:5px;}.wp-block-kadence-iconlist.kt-svg-icon-list-items4408_16bed1-c5 ul.kt-svg-icon-list .kt-svg-icon-list-item-wrap .kt-svg-icon-list-single{margin-right:10px;}.kt-svg-icon-list-items4408_16bed1-c5 ul.kt-svg-icon-list .kt-svg-icon-list-level-0 .kt-svg-icon-list-single svg{font-size:20px;}@media all and (max-width: 1024px){.wp-block-kadence-iconlist.kt-svg-icon-list-items4408_16bed1-c5 ul.kt-svg-icon-list{grid-row-gap:5px;}}@media all and (max-width: 767px){.wp-block-kadence-iconlist.kt-svg-icon-list-items4408_16bed1-c5 ul.kt-svg-icon-list{grid-row-gap:5px;}}<\/style>\n<div class=\"wp-block-kadence-iconlist kt-svg-icon-list-items kt-svg-icon-list-items4408_16bed1-c5 kt-svg-icon-list-columns-1 alignnone\"><ul class=\"kt-svg-icon-list\"><style>.kt-svg-icon-list-item-4408_342b25-03 .kt-svg-icon-list-single{font-size:6px !important;color:#003b63 !important;}<\/style>\n<li class=\"wp-block-kadence-listitem kt-svg-icon-list-item-wrap kt-svg-icon-list-item-4408_342b25-03\"><span class=\"kb-svg-icon-wrap kb-svg-icon-fas_circle kt-svg-icon-list-single\"><svg viewBox=\"0 0 512 512\"  fill=\"currentColor\" xmlns=\"http:\/\/www.w3.org\/2000\/svg\" ><path d=\"M256 8C119 8 8 119 8 256s111 248 248 248 248-111 248-248S393 8 256 8z\"\/><\/svg><\/span><span class=\"kt-svg-icon-list-text\"><a href=\"https:\/\/zsp1chojna.pl\/?p=4124\">Konferencja podsumowuj\u0105ca projekt \u201cHealth Education for life\u201d [wi\u0119cej]<\/a><\/span><\/li>\n\n\n<style>.kt-svg-icon-list-item-4408_7312d4-de .kt-svg-icon-list-single{font-size:4px !important;color:#003b63 !important;}<\/style>\n<li class=\"wp-block-kadence-listitem kt-svg-icon-list-item-wrap kt-svg-icon-list-item-4408_7312d4-de kt-svg-icon-list-level-1\"><span class=\"kb-svg-icon-wrap kb-svg-icon-fas_circle kt-svg-icon-list-single\"><svg viewBox=\"0 0 512 512\"  fill=\"currentColor\" xmlns=\"http:\/\/www.w3.org\/2000\/svg\" ><path d=\"M256 8C119 8 8 119 8 256s111 248 248 248 248-111 248-248S393 8 256 8z\"\/><\/svg><\/span><span class=\"kt-svg-icon-list-text\"><a href=\"https:\/\/zsp1chojna.pl\/wp-content\/uploads\/2023\/09\/PODSUMOWANIE-PROJEKTU-HEALTH-EDUCATION-FOR-LIVE1b1.pdf\" target=\"_blank\" rel=\"noreferrer noopener\">Podsumowanie projektu \u201cHealth Education for life\u201d (.pdf)<\/a><\/span><\/li>\n\n\n<style>.kt-svg-icon-list-item-4408_24088d-d7 .kt-svg-icon-list-single{font-size:4px !important;color:#003b63 !important;}<\/style>\n<li class=\"wp-block-kadence-listitem kt-svg-icon-list-item-wrap kt-svg-icon-list-item-4408_24088d-d7 kt-svg-icon-list-level-1\"><span class=\"kb-svg-icon-wrap kb-svg-icon-fas_circle kt-svg-icon-list-single\"><svg viewBox=\"0 0 512 512\"  fill=\"currentColor\" xmlns=\"http:\/\/www.w3.org\/2000\/svg\" ><path d=\"M256 8C119 8 8 119 8 256s111 248 248 248 248-111 248-248S393 8 256 8z\"\/><\/svg><\/span><span class=\"kt-svg-icon-list-text\"><a href=\"https:\/\/zsp1chojna.pl\/wp-content\/uploads\/2023\/09\/Prezentacja-umiedzynarodowienie-szkoly-konferencja-7.06.2016-HEFL.pptx\">Umi\u0119dzynarodowienie szko\u0142y \u2013 konferencja 7.06.2016 HEFL (.ppt)<\/a><\/span><\/li>\n\n\n<style>.kt-svg-icon-list-item-4408_e2d856-ae .kt-svg-icon-list-single{font-size:4px !important;color:#003b63 !important;}<\/style>\n<li class=\"wp-block-kadence-listitem kt-svg-icon-list-item-wrap kt-svg-icon-list-item-4408_e2d856-ae kt-svg-icon-list-level-1\"><span class=\"kb-svg-icon-wrap kb-svg-icon-fas_circle kt-svg-icon-list-single\"><svg viewBox=\"0 0 512 512\"  fill=\"currentColor\" xmlns=\"http:\/\/www.w3.org\/2000\/svg\" ><path d=\"M256 8C119 8 8 119 8 256s111 248 248 248 248-111 248-248S393 8 256 8z\"\/><\/svg><\/span><span class=\"kt-svg-icon-list-text\"><a href=\"https:\/\/zsp1chojna.pl\/wp-content\/uploads\/2023\/09\/Platforma-internetowa1.pdf\" target=\"_blank\" rel=\"noreferrer noopener\">Platforma internetowa (.pdf)<\/a><\/span><\/li>\n\n\n<style>.kt-svg-icon-list-item-4408_488317-be .kt-svg-icon-list-single{font-size:4px !important;color:#003b63 !important;}<\/style>\n<li class=\"wp-block-kadence-listitem kt-svg-icon-list-item-wrap kt-svg-icon-list-item-4408_488317-be kt-svg-icon-list-level-1\"><span class=\"kb-svg-icon-wrap kb-svg-icon-fas_circle kt-svg-icon-list-single\"><svg viewBox=\"0 0 512 512\"  fill=\"currentColor\" xmlns=\"http:\/\/www.w3.org\/2000\/svg\" ><path d=\"M256 8C119 8 8 119 8 256s111 248 248 248 248-111 248-248S393 8 256 8z\"\/><\/svg><\/span><span class=\"kt-svg-icon-list-text\"><a href=\"https:\/\/zsp1chojna.pl\/wp-content\/uploads\/2023\/09\/zeszyt-cwiczen-HEFL1.pdf\" target=\"_blank\" rel=\"noreferrer noopener\">Zeszyt \u0107wicze\u0144 (.pdf)<\/a><\/span><\/li>\n\n\n<style>.kt-svg-icon-list-item-4408_898d00-75 .kt-svg-icon-list-single{font-size:4px !important;color:#003b63 !important;}<\/style>\n<li class=\"wp-block-kadence-listitem kt-svg-icon-list-item-wrap kt-svg-icon-list-item-4408_898d00-75 kt-svg-icon-list-level-1\"><span class=\"kb-svg-icon-wrap kb-svg-icon-fas_circle kt-svg-icon-list-single\"><svg viewBox=\"0 0 512 512\"  fill=\"currentColor\" xmlns=\"http:\/\/www.w3.org\/2000\/svg\" ><path d=\"M256 8C119 8 8 119 8 256s111 248 248 248 248-111 248-248S393 8 256 8z\"\/><\/svg><\/span><span class=\"kt-svg-icon-list-text\"><a href=\"http:\/\/healthedu.pl\/www\/index.php\" target=\"_blank\" rel=\"noreferrer noopener\">Platforma e-learningowa healthedu.pl [link]<\/a><\/span><\/li>\n\n\n<style>.kt-svg-icon-list-item-4408_327a15-1f .kt-svg-icon-list-single{font-size:6px !important;color:#003b63 !important;}<\/style>\n<li class=\"wp-block-kadence-listitem kt-svg-icon-list-item-wrap kt-svg-icon-list-item-4408_327a15-1f\"><span class=\"kb-svg-icon-wrap kb-svg-icon-fas_circle kt-svg-icon-list-single\"><svg viewBox=\"0 0 512 512\"  fill=\"currentColor\" xmlns=\"http:\/\/www.w3.org\/2000\/svg\" ><path d=\"M256 8C119 8 8 119 8 256s111 248 248 248 248-111 248-248S393 8 256 8z\"\/><\/svg><\/span><span class=\"kt-svg-icon-list-text\"><a href=\"https:\/\/zsp1chojna.pl\/?p=4132\">20-27.10.2015 r. odby\u0142o si\u0119 spotkanie partner\u00f3w projektu \u201eHealth education for life\u201d. [wi\u0119cej]<\/a><\/span><\/li>\n\n\n<style>.kt-svg-icon-list-item-4408_3f00bd-ae .kt-svg-icon-list-single{font-size:6px !important;color:#003b63 !important;}<\/style>\n<li class=\"wp-block-kadence-listitem kt-svg-icon-list-item-wrap kt-svg-icon-list-item-4408_3f00bd-ae\"><span class=\"kb-svg-icon-wrap kb-svg-icon-fas_circle kt-svg-icon-list-single\"><svg viewBox=\"0 0 512 512\"  fill=\"currentColor\" xmlns=\"http:\/\/www.w3.org\/2000\/svg\" ><path d=\"M256 8C119 8 8 119 8 256s111 248 248 248 248-111 248-248S393 8 256 8z\"\/><\/svg><\/span><span class=\"kt-svg-icon-list-text\"><a href=\"https:\/\/zsp1chojna.pl\/?p=4143\">29.09.2015 r. odby\u0142y si\u0119 warsztaty pt. \u201cZdrowie psychiczne\u201d w ramach projektu \u201cHealth education for life\u201d [wi\u0119cej]<\/a><\/span><\/li>\n\n\n<style>.kt-svg-icon-list-item-4408_c650bc-92 .kt-svg-icon-list-single{font-size:6px !important;color:#003b63 !important;}<\/style>\n<li class=\"wp-block-kadence-listitem kt-svg-icon-list-item-wrap kt-svg-icon-list-item-4408_c650bc-92\"><span class=\"kb-svg-icon-wrap kb-svg-icon-fas_circle kt-svg-icon-list-single\"><svg viewBox=\"0 0 512 512\"  fill=\"currentColor\" xmlns=\"http:\/\/www.w3.org\/2000\/svg\" ><path d=\"M256 8C119 8 8 119 8 256s111 248 248 248 248-111 248-248S393 8 256 8z\"\/><\/svg><\/span><span class=\"kt-svg-icon-list-text\"><a href=\"https:\/\/zsp1chojna.pl\/?p=4151\">12.06.2015 r. wydarzenie upowszechniaj\u0105ce produkt intelektualny (platform\u0119 internetow\u0105) projektu \u201eHealth Education for Life\u201d Erasmus . [wi\u0119cej]<\/a><\/span><\/li>\n\n\n<style>.kt-svg-icon-list-item-4408_332b37-76 .kt-svg-icon-list-single{font-size:6px !important;color:#003b63 !important;}<\/style>\n<li class=\"wp-block-kadence-listitem kt-svg-icon-list-item-wrap kt-svg-icon-list-item-4408_332b37-76\"><span class=\"kb-svg-icon-wrap kb-svg-icon-fas_circle kt-svg-icon-list-single\"><svg viewBox=\"0 0 512 512\"  fill=\"currentColor\" xmlns=\"http:\/\/www.w3.org\/2000\/svg\" ><path d=\"M256 8C119 8 8 119 8 256s111 248 248 248 248-111 248-248S393 8 256 8z\"\/><\/svg><\/span><span class=\"kt-svg-icon-list-text\"><a href=\"https:\/\/zsp1chojna.pl\/?p=4158\">2-9.05.2015 r. w Turcji odby\u0142o si\u0119 trzecie spotkanie partner\u00f3w projektu \u201cHealth education for life \u2013 Wychowanie zdrowotne na ca\u0142e \u017cycie\u201d, realizowanego w ramach programu Erasmus. [wi\u0119cej]<\/a><\/span><\/li>\n\n\n<style>.kt-svg-icon-list-item-4408_3c35f6-b9 .kt-svg-icon-list-single{font-size:6px !important;color:#003b63 !important;}<\/style>\n<li class=\"wp-block-kadence-listitem kt-svg-icon-list-item-wrap kt-svg-icon-list-item-4408_3c35f6-b9\"><span class=\"kb-svg-icon-wrap kb-svg-icon-fas_circle kt-svg-icon-list-single\"><svg viewBox=\"0 0 512 512\"  fill=\"currentColor\" xmlns=\"http:\/\/www.w3.org\/2000\/svg\" ><path d=\"M256 8C119 8 8 119 8 256s111 248 248 248 248-111 248-248S393 8 256 8z\"\/><\/svg><\/span><span class=\"kt-svg-icon-list-text\"><a href=\"https:\/\/zsp1chojna.pl\/?p=4169\">4-7.03.2015 r. w ramach projektu \u201cHealth education for life\u201d odby\u0142a si\u0119 pierwsza wizyta w Konya w Turcji. [wi\u0119cej]<\/a><\/span><\/li>\n\n\n<style>.kt-svg-icon-list-item-4408_fee8a1-56 .kt-svg-icon-list-single{font-size:6px !important;color:#003b63 !important;}<\/style>\n<li class=\"wp-block-kadence-listitem kt-svg-icon-list-item-wrap kt-svg-icon-list-item-4408_fee8a1-56\"><span class=\"kb-svg-icon-wrap kb-svg-icon-fas_circle kt-svg-icon-list-single\"><svg viewBox=\"0 0 512 512\"  fill=\"currentColor\" xmlns=\"http:\/\/www.w3.org\/2000\/svg\" ><path d=\"M256 8C119 8 8 119 8 256s111 248 248 248 248-111 248-248S393 8 256 8z\"\/><\/svg><\/span><span class=\"kt-svg-icon-list-text\"><a href=\"https:\/\/zsp1chojna.pl\/?p=4188\">2.12.2014 r. w ramach projektu \u201eWychowanie zdrowotne na ca\u0142e \u017bycie\u201d realizowanego z programu Erasmus odby\u0142a si\u0119 konferencja \u201ePromocja edukacji prozdrowotnej w szko\u0142ach\u201d. [wi\u0119cej]<\/a><\/span><\/li>\n\n\n<style>.kt-svg-icon-list-item-4408_3435a8-8f .kt-svg-icon-list-single{font-size:6px !important;color:#003b63 !important;}<\/style>\n<li class=\"wp-block-kadence-listitem kt-svg-icon-list-item-wrap kt-svg-icon-list-item-4408_3435a8-8f\"><span class=\"kb-svg-icon-wrap kb-svg-icon-fas_circle kt-svg-icon-list-single\"><svg viewBox=\"0 0 512 512\"  fill=\"currentColor\" xmlns=\"http:\/\/www.w3.org\/2000\/svg\" ><path d=\"M256 8C119 8 8 119 8 256s111 248 248 248 248-111 248-248S393 8 256 8z\"\/><\/svg><\/span><span class=\"kt-svg-icon-list-text\"><a href=\"https:\/\/zsp1chojna.pl\/?p=4200\">13-16.11.2014 r. w ramach realizowanego projektu \u201eHealth education for life\u201d z programu Erasmus+ go\u015bcili\u015bmy partner\u00f3w z Turcji i W\u0119gier. [wi\u0119cej]<\/a><\/span><\/li>\n<\/ul><\/div>\n","protected":false},"excerpt":{"rendered":"","protected":false},"author":1,"featured_media":0,"parent":0,"menu_order":0,"comment_status":"closed","ping_status":"closed","template":"","meta":{"footnotes":""},"class_list":["post-4408","page","type-page","status-publish","hentry"],"yoast_head":"<!-- This site is optimized with the Yoast SEO plugin v20.13 - https:\/\/yoast.com\/wordpress\/plugins\/seo\/ -->\n<title>\u201cHealth education for life\u201d\/\u201eWychowanie zdrowotne na ca\u0142e \u017cycie&quot; (HEFL) - ZSP w Chojnie<\/title>\n<meta name=\"robots\" content=\"index, follow, max-snippet:-1, max-image-preview:large, max-video-preview:-1\" \/>\n<link rel=\"canonical\" href=\"https:\/\/zsp1chojna.pl\/?page_id=4408\" \/>\n<meta property=\"og:locale\" content=\"pl_PL\" \/>\n<meta property=\"og:type\" content=\"article\" \/>\n<meta property=\"og:title\" content=\"\u201cHealth education for life\u201d\/\u201eWychowanie zdrowotne na ca\u0142e \u017cycie&quot; (HEFL) - ZSP w Chojnie\" \/>\n<meta property=\"og:url\" content=\"https:\/\/zsp1chojna.pl\/?page_id=4408\" \/>\n<meta property=\"og:site_name\" content=\"ZSP w Chojnie\" \/>\n<meta property=\"article:modified_time\" content=\"2023-09-04T21:33:26+00:00\" \/>\n<meta name=\"twitter:card\" content=\"summary_large_image\" \/>\n<meta name=\"twitter:label1\" content=\"Szacowany czas czytania\" \/>\n\t<meta name=\"twitter:data1\" content=\"1 minuta\" \/>\n<script type=\"application\/ld+json\" class=\"yoast-schema-graph\">{\"@context\":\"https:\/\/schema.org\",\"@graph\":[{\"@type\":\"WebPage\",\"@id\":\"https:\/\/zsp1chojna.pl\/?page_id=4408\",\"url\":\"https:\/\/zsp1chojna.pl\/?page_id=4408\",\"name\":\"\u201cHealth education for life\u201d\/\u201eWychowanie zdrowotne na ca\u0142e \u017cycie\\\" (HEFL) - ZSP w Chojnie\",\"isPartOf\":{\"@id\":\"https:\/\/zsp1chojna.pl\/#website\"},\"datePublished\":\"2023-09-04T21:07:53+00:00\",\"dateModified\":\"2023-09-04T21:33:26+00:00\",\"breadcrumb\":{\"@id\":\"https:\/\/zsp1chojna.pl\/?page_id=4408#breadcrumb\"},\"inLanguage\":\"pl-PL\",\"potentialAction\":[{\"@type\":\"ReadAction\",\"target\":[\"https:\/\/zsp1chojna.pl\/?page_id=4408\"]}]},{\"@type\":\"BreadcrumbList\",\"@id\":\"https:\/\/zsp1chojna.pl\/?page_id=4408#breadcrumb\",\"itemListElement\":[{\"@type\":\"ListItem\",\"position\":1,\"name\":\"Home\",\"item\":\"https:\/\/zsp1chojna.pl\/\"},{\"@type\":\"ListItem\",\"position\":2,\"name\":\"\u201cHealth education for life\u201d\/\u201eWychowanie zdrowotne na ca\u0142e \u017cycie&#8221; (HEFL)\"}]},{\"@type\":\"WebSite\",\"@id\":\"https:\/\/zsp1chojna.pl\/#website\",\"url\":\"https:\/\/zsp1chojna.pl\/\",\"name\":\"ZSP w Chojnie\",\"description\":\"\",\"publisher\":{\"@id\":\"https:\/\/zsp1chojna.pl\/#organization\"},\"potentialAction\":[{\"@type\":\"SearchAction\",\"target\":{\"@type\":\"EntryPoint\",\"urlTemplate\":\"https:\/\/zsp1chojna.pl\/?s={search_term_string}\"},\"query-input\":\"required name=search_term_string\"}],\"inLanguage\":\"pl-PL\"},{\"@type\":\"Organization\",\"@id\":\"https:\/\/zsp1chojna.pl\/#organization\",\"name\":\"ZSP w Chojnie\",\"url\":\"https:\/\/zsp1chojna.pl\/\",\"logo\":{\"@type\":\"ImageObject\",\"inLanguage\":\"pl-PL\",\"@id\":\"https:\/\/zsp1chojna.pl\/#\/schema\/logo\/image\/\",\"url\":\"https:\/\/zsp1chojna.pl\/wp-content\/uploads\/2023\/08\/cropped-cropped-cropped-Logo-biale-napis-na-3-wiersze_504-1.png\",\"contentUrl\":\"https:\/\/zsp1chojna.pl\/wp-content\/uploads\/2023\/08\/cropped-cropped-cropped-Logo-biale-napis-na-3-wiersze_504-1.png\",\"width\":504,\"height\":167,\"caption\":\"ZSP w Chojnie\"},\"image\":{\"@id\":\"https:\/\/zsp1chojna.pl\/#\/schema\/logo\/image\/\"}}]}<\/script>\n<!-- \/ Yoast SEO plugin. -->","yoast_head_json":{"title":"\u201cHealth education for life\u201d\/\u201eWychowanie zdrowotne na ca\u0142e \u017cycie\" (HEFL) - ZSP w Chojnie","robots":{"index":"index","follow":"follow","max-snippet":"max-snippet:-1","max-image-preview":"max-image-preview:large","max-video-preview":"max-video-preview:-1"},"canonical":"https:\/\/zsp1chojna.pl\/?page_id=4408","og_locale":"pl_PL","og_type":"article","og_title":"\u201cHealth education for life\u201d\/\u201eWychowanie zdrowotne na ca\u0142e \u017cycie\" (HEFL) - ZSP w Chojnie","og_url":"https:\/\/zsp1chojna.pl\/?page_id=4408","og_site_name":"ZSP w Chojnie","article_modified_time":"2023-09-04T21:33:26+00:00","twitter_card":"summary_large_image","twitter_misc":{"Szacowany czas czytania":"1 minuta"},"schema":{"@context":"https:\/\/schema.org","@graph":[{"@type":"WebPage","@id":"https:\/\/zsp1chojna.pl\/?page_id=4408","url":"https:\/\/zsp1chojna.pl\/?page_id=4408","name":"\u201cHealth education for life\u201d\/\u201eWychowanie zdrowotne na ca\u0142e \u017cycie\" (HEFL) - ZSP w Chojnie","isPartOf":{"@id":"https:\/\/zsp1chojna.pl\/#website"},"datePublished":"2023-09-04T21:07:53+00:00","dateModified":"2023-09-04T21:33:26+00:00","breadcrumb":{"@id":"https:\/\/zsp1chojna.pl\/?page_id=4408#breadcrumb"},"inLanguage":"pl-PL","potentialAction":[{"@type":"ReadAction","target":["https:\/\/zsp1chojna.pl\/?page_id=4408"]}]},{"@type":"BreadcrumbList","@id":"https:\/\/zsp1chojna.pl\/?page_id=4408#breadcrumb","itemListElement":[{"@type":"ListItem","position":1,"name":"Home","item":"https:\/\/zsp1chojna.pl\/"},{"@type":"ListItem","position":2,"name":"\u201cHealth education for life\u201d\/\u201eWychowanie zdrowotne na ca\u0142e \u017cycie&#8221; (HEFL)"}]},{"@type":"WebSite","@id":"https:\/\/zsp1chojna.pl\/#website","url":"https:\/\/zsp1chojna.pl\/","name":"ZSP w Chojnie","description":"","publisher":{"@id":"https:\/\/zsp1chojna.pl\/#organization"},"potentialAction":[{"@type":"SearchAction","target":{"@type":"EntryPoint","urlTemplate":"https:\/\/zsp1chojna.pl\/?s={search_term_string}"},"query-input":"required name=search_term_string"}],"inLanguage":"pl-PL"},{"@type":"Organization","@id":"https:\/\/zsp1chojna.pl\/#organization","name":"ZSP w Chojnie","url":"https:\/\/zsp1chojna.pl\/","logo":{"@type":"ImageObject","inLanguage":"pl-PL","@id":"https:\/\/zsp1chojna.pl\/#\/schema\/logo\/image\/","url":"https:\/\/zsp1chojna.pl\/wp-content\/uploads\/2023\/08\/cropped-cropped-cropped-Logo-biale-napis-na-3-wiersze_504-1.png","contentUrl":"https:\/\/zsp1chojna.pl\/wp-content\/uploads\/2023\/08\/cropped-cropped-cropped-Logo-biale-napis-na-3-wiersze_504-1.png","width":504,"height":167,"caption":"ZSP w Chojnie"},"image":{"@id":"https:\/\/zsp1chojna.pl\/#\/schema\/logo\/image\/"}}]}},"_links":{"self":[{"href":"https:\/\/zsp1chojna.pl\/index.php?rest_route=\/wp\/v2\/pages\/4408","targetHints":{"allow":["GET"]}}],"collection":[{"href":"https:\/\/zsp1chojna.pl\/index.php?rest_route=\/wp\/v2\/pages"}],"about":[{"href":"https:\/\/zsp1chojna.pl\/index.php?rest_route=\/wp\/v2\/types\/page"}],"author":[{"embeddable":true,"href":"https:\/\/zsp1chojna.pl\/index.php?rest_route=\/wp\/v2\/users\/1"}],"replies":[{"embeddable":true,"href":"https:\/\/zsp1chojna.pl\/index.php?rest_route=%2Fwp%2Fv2%2Fcomments&post=4408"}],"version-history":[{"count":11,"href":"https:\/\/zsp1chojna.pl\/index.php?rest_route=\/wp\/v2\/pages\/4408\/revisions"}],"predecessor-version":[{"id":4432,"href":"https:\/\/zsp1chojna.pl\/index.php?rest_route=\/wp\/v2\/pages\/4408\/revisions\/4432"}],"wp:attachment":[{"href":"https:\/\/zsp1chojna.pl\/index.php?rest_route=%2Fwp%2Fv2%2Fmedia&parent=4408"}],"curies":[{"name":"wp","href":"https:\/\/api.w.org\/{rel}","templated":true}]}}