{"id":4402,"date":"2023-09-04T23:04:20","date_gmt":"2023-09-04T21:04:20","guid":{"rendered":"https:\/\/zsp1chojna.pl\/?page_id=4402"},"modified":"2023-09-04T23:05:50","modified_gmt":"2023-09-04T21:05:50","slug":"health-education-for-life-wychowanie-zdrowotne-na-cale-zycie-hefl-opis","status":"publish","type":"page","link":"https:\/\/zsp1chojna.pl\/?page_id=4402","title":{"rendered":"\u201cHealth education for life\u201d\/\u201eWychowanie zdrowotne na ca\u0142e \u017cycie&#8221; (HEFL)"},"content":{"rendered":"\n<p class=\"has-text-align-justify\">Powiat Gryfi\u0144ski, Zesp\u00f3\u0142 Szk\u00f3\u0142 Ponadgimnazjalnych w Chojnie oraz Stowarzyszenie Douzelage w Chojnie rozpoczynaj\u0105 realizacj\u0119 projektu \u201eHealth education for life \u2013 Wychowanie zdrowotne na ca\u0142e \u017cycie\u201d z programu Erasmus + Partnerstwo Strategiczne na rzecz edukacji szkolnej.<\/p>\n\n\n\n<p>Partnerami projektu s\u0105 Koszeg (W\u0119gry) i\u00a0region Konya (Turcja). <br>Projekt jest dofinansowany kwot\u0105 131\u00a0835\u00a0Euro przez\u00a0Komisj\u0119 Europejsk\u0105.<\/p>\n\n\n<div class=\"wp-block-image\">\n<figure class=\"aligncenter size-full\"><img loading=\"lazy\" decoding=\"async\" width=\"223\" height=\"80\" data-attachment-id=\"4403\" data-permalink=\"https:\/\/zsp1chojna.pl\/?attachment_id=4403\" data-orig-file=\"https:\/\/zsp1chojna.pl\/wp-content\/uploads\/2023\/09\/douzelage_2-1.jpg\" data-orig-size=\"223,80\" data-comments-opened=\"1\" data-image-meta=\"{&quot;aperture&quot;:&quot;0&quot;,&quot;credit&quot;:&quot;&quot;,&quot;camera&quot;:&quot;&quot;,&quot;caption&quot;:&quot;&quot;,&quot;created_timestamp&quot;:&quot;0&quot;,&quot;copyright&quot;:&quot;&quot;,&quot;focal_length&quot;:&quot;0&quot;,&quot;iso&quot;:&quot;0&quot;,&quot;shutter_speed&quot;:&quot;0&quot;,&quot;title&quot;:&quot;&quot;,&quot;orientation&quot;:&quot;0&quot;}\" data-image-title=\"douzelage_2-1\" data-image-description=\"\" data-image-caption=\"\" data-medium-file=\"https:\/\/zsp1chojna.pl\/wp-content\/uploads\/2023\/09\/douzelage_2-1.jpg\" data-large-file=\"https:\/\/zsp1chojna.pl\/wp-content\/uploads\/2023\/09\/douzelage_2-1.jpg\" src=\"https:\/\/zsp1chojna.pl\/wp-content\/uploads\/2023\/09\/douzelage_2-1.jpg\" alt=\"\" class=\"wp-image-4403\"\/><\/figure>\n<\/div>\n\n\n<p class=\"has-text-align-justify\"><strong>Przes\u0142anki projektu w&nbsp;kategoriach za\u0142o\u017conych cel\u00f3w i&nbsp;potrzeb<\/strong><br>Edukacja prozdrowotna jest jedn\u0105 z&nbsp;najwa\u017cniejszych kwestii we&nbsp;wsp\u00f3\u0142czesnym \u015bwiecie. Nie&nbsp;jest ona traktowana w&nbsp;odpowiedni spos\u00f3b w&nbsp;szkolnym systemie edukacyjnym, na&nbsp;przedmiotach np.&nbsp;biologia, wf, po\u015bwi\u0119ca si\u0119 na&nbsp;te kwestie zbyt ma\u0142o czasu. W&nbsp;wi\u0119kszo\u015bci kraj\u00f3w europejskich nie&nbsp;istnieje osobny przedmiot zajmuj\u0105cy si\u0119 tym problemem. Wed\u0142ug ameryka\u0144skich bada\u0144 wielu uczni\u00f3w szk\u00f3\u0142 \u015brednich dotyka problem palenia papieros\u00f3w, nieodpowiedniego od\u017cywiania, niechcianych ci\u0105\u017c, nadwagi, oty\u0142o\u015bci. Szko\u0142y mog\u0105 odgrywa\u0107 istotn\u0105 rol\u0119 w&nbsp;ustanowieniu wzoru zdrowego zachowania w\u015br\u00f3d m\u0142odych ludzi, kt\u00f3rzy&nbsp;przenios\u0105 taki styl \u017cycia w&nbsp;doros\u0142o\u015b\u0107. Niezb\u0119dne w&nbsp;tym procesie dla szk\u00f3\u0142 jest posiadanie dobrze przygotowanych nauczycieli r\u00f3\u017cnych przedmiot\u00f3w, kt\u00f3rzy&nbsp;b\u0119d\u0105 w&nbsp;stanie zapewni\u0107 efektywn\u0105 edukacj\u0119 prozdrowotn\u0105 dotycz\u0105c\u0105 kluczowych problem\u00f3w, z&nbsp;kt\u00f3rymi zmagaj\u0105 si\u0119 m\u0142odzi ludzie. Partnerzy projektu s\u0105 z&nbsp;Polski, W\u0119gier i&nbsp;Turcji, gdzie wielu ludzi pr\u00f3buje podnie\u015b\u0107 poziom swojego \u017cycia poprzez wielogodzinn\u0105 prac\u0119, zapominaj\u0105c o&nbsp;ryzykownych zachowaniach takich jak palenie tytoniu, ubogie od\u017cywianie, picie alkoholu i&nbsp;brak aktywno\u015bci fizycznej. Edukacja prozdrowotna w&nbsp;szko\u0142ach, w&nbsp;po\u0142\u0105czeniu ze&nbsp;szkoleniem nauczycieli i&nbsp;edukacj\u0105 rodzic\u00f3w mo\u017ce, zmieni\u0107 sytuacj\u0119 i&nbsp;poprawi\u0107 zachowania dotycz\u0105ce zdrowia w\u015br\u00f3d zaanga\u017cowanych spo\u0142eczno\u015bci.<\/p>\n\n\n\n<p class=\"has-text-align-justify\"><strong>Innowacyjno\u015b\u0107 i&nbsp;komplementarno\u015b\u0107 wobec innych projekt\u00f3w ju\u017c przeprowadzonych<\/strong><br>Niniejszy projekt spr\u00f3buje zmieni\u0107 obecn\u0105 sytuacj\u0119 w&nbsp;rejonach partner\u00f3w a&nbsp;nast\u0119pnie na&nbsp;szerszym poziomie. Partnerzy projektu chc\u0105 zmieni\u0107 nastawienie wobec edukacji prozdrowotnej w&nbsp;szko\u0142ach, pos\u0142uguj\u0105c si\u0119 m.in.&nbsp;nowoczesnymi narz\u0119dziami edukacyjnymi jak platforma internetowa i&nbsp;OZE (otwarte zasoby edukacyjne). Projekt przygotuje nauczycieli r\u00f3\u017cnych przedmiot\u00f3w do&nbsp;tego, jak w\u0142\u0105czy\u0107 tematy takie jak od\u017cywianie i&nbsp;zachowania dietetyczne w&nbsp;lekcj\u0119 historii o&nbsp;Drugiej Wojnie \u015awiatowej, czy&nbsp;prewencj\u0119 u\u017cywania alkoholu i&nbsp;narkotyk\u00f3w w&nbsp;lekcj\u0119 literatury. W\u0142adze szkolne, administracja, rodzice, s\u0142u\u017cba zdrowia s\u0105 cz\u0119\u015bciowo zaanga\u017cowane,&nbsp; ale&nbsp;ich odpowiedzialno\u015b\u0107 jest ograniczona do&nbsp;niekt\u00f3rych aspekt\u00f3w ca\u0142ego procesu. Innym problemem jest brak ci\u0105g\u0142ej pracy, jako \u017ce&nbsp;edukacja prozdrowotna w&nbsp;szko\u0142ach odbywa si\u0119 cz\u0119sto na&nbsp;zasadzie akcji typu prewencja HIV, czy&nbsp;kampanie przeciwko niechcianej ci\u0105\u017cy, kt\u00f3re s\u0105 powi\u0105zane z&nbsp;konkretnymi przypadkami i&nbsp;kr\u00f3tkotrwa\u0142e. Do&nbsp;dzielenia si\u0119 planami lekcji (lub jej cz\u0119\u015bci) w&nbsp;j\u0119zyku angielskim i&nbsp;j\u0119zykach narodowych partner\u00f3w projektu b\u0119dzie wykorzystywana platforma internetowa. Lokalne w\u0142adze o\u015bwiatowe z&nbsp;kraj\u00f3w partnerskich zapewni\u0105 dyrektor\u00f3w szk\u00f3\u0142, \u017ce&nbsp;edukacja prozdrowotna jest tak&nbsp;wa\u017cna, jak wyniki szkolnych egzamin\u00f3w.<\/p>\n\n\n\n<p><strong>Partnerzy projektu<\/strong><br>Konsorcjum polskie: Powiat Gryfi\u0144ski, Zesp\u00f3\u0142 Szk\u00f3\u0142 Ponadgimnazjalnych w\u00a0Chojnie i\u00a0Stowarzyszenie Douzelage w\u00a0Chojnie.<br>Konsorcjum w\u0119gierskie: K\u00f6szeg V\u00e1ros \u00d6nkorm\u00e1nyzata (Urz\u0105d Miasta), Jurisich Miklos Gimnazium es Kollegium (szko\u0142a) i\u00a0Koszegi Testvervarosi Egyesulet (stowarzyszenie).<br>Konsorcjum tureckie:\u00a0 KONYA\u00a0 \u0130L M\u0130LL\u0130 E\u011e\u0130T\u0130M M\u00dcD\u00dcRL\u00dc\u011e\u00dc (region Konya), Selcuklu Ataturk Anadolu Lisesi (szko\u0142a) i\u00a0Hayat Boyu Gelisim Dernegi (stowarzyszenie).<\/p>\n\n\n\n<p class=\"has-text-align-justify\"><strong>Kooperacja i&nbsp;komunikacja mi\u0119dzy partnerami projektu i&nbsp;z&nbsp;innymi organizacjami wsp\u00f3\u0142pracuj\u0105cymi<\/strong><br>G\u0142\u00f3wnym \u015brodkiem komunikacji pomi\u0119dzy partnerami b\u0119dzie e-mail. Koordynatorzy instytucji wyznacz\u0105 zespo\u0142y zajmuj\u0105ce si\u0119 dzia\u0142aniami projektu. Co trzy miesi\u0105ce instytucja koordynuj\u0105ca przygotuje raport o&nbsp;czynno\u015bciach przeprowadzonych przez&nbsp;ka\u017cdy partnerski region z&nbsp;informacjami o&nbsp;przysz\u0142ych wydarzeniach. Strona internetowa projektu b\u0119dzie r\u00f3wnie\u017c u\u017cywana jako narz\u0119dzie komunikacji w\u015br\u00f3d partner\u00f3w projektu.<br>Odb\u0119d\u0105 si\u0119 trzy mi\u0119dzynarodowe spotkania w&nbsp;ramach projektu.<br>Pierwsze spotkanie b\u0119dzie zorganizowane w&nbsp;Polsce, w&nbsp;listopadzie 2014&nbsp;r. Spotkanie uczestnik\u00f3w z&nbsp;ka\u017cdej grupy: 2&nbsp;przedstawicieli lokalnych w\u0142adz szkolnych, 1&nbsp;osoba ze&nbsp;szko\u0142y i&nbsp;1&nbsp;z&nbsp;organizacji pozarz\u0105dowej. Partnerzy oceni\u0105 zadania pierwszego okresu czynno\u015bci projektu, nast\u0105pi podzia\u0142 g\u0142\u00f3wnych obowi\u0105zk\u00f3w pomi\u0119dzy partnerami i&nbsp;w&nbsp;ka\u017cdej z&nbsp;partnerskich grup, przedyskutuj\u0105 finanse projektu, do\u0142o\u017c\u0105 wszelkich stara\u0144, \u017ceby&nbsp;narz\u0119dzia komunikacji dzia\u0142a\u0142y efektywnie.<br>Drugie spotkanie b\u0119dzie zorganizowane w&nbsp;Turcji, w&nbsp;marcu 2015&nbsp;r. Spotkanie uczestnik\u00f3w z&nbsp;ka\u017cdej grupy: 2&nbsp;przedstawicieli lokalnych w\u0142adz szkolnych, 1&nbsp;osoba ze&nbsp;szko\u0142y, 1&nbsp;z&nbsp;organizacji pozarz\u0105dowej oraz&nbsp;1&nbsp;specjalista technologii informacyjno-komunikacyjnych. Jego g\u0142\u00f3wnym celem b\u0119dzie ewaluacja dotychczasowych dzia\u0142a\u0144 projektu i&nbsp;przedyskutowanie wszystkich kwestii zwi\u0105zanych z&nbsp;wdro\u017ceniem platformy internetowej projektu.<br>Trzecie spotkanie b\u0119dzie mia\u0142o miejsce na&nbsp;W\u0119grzech, w&nbsp;styczniu 2016&nbsp;r. Spotkanie uczestnik\u00f3w z&nbsp;ka\u017cdej grupy: 2&nbsp;przedstawicieli lokalnych w\u0142adz szkolnych, 1&nbsp;osoba ze&nbsp;szko\u0142y, 1&nbsp;z&nbsp;organizacji pozarz\u0105dowej oraz&nbsp;1&nbsp;specjalista od&nbsp;metodologii oraz&nbsp;u\u017cycia OZE. W&nbsp;trakcie spotkania partnerzy oceni\u0105 funkcjonowanie platformy internetowej i&nbsp;przedyskutuj\u0105 publikacj\u0119 OZE (otwartych zasob\u00f3w edukacyjnych) dla nauczycieli edukacji prozdrowotnej w&nbsp;szko\u0142ach \u015brednich.<\/p>\n\n\n\n<p class=\"has-text-align-justify\"><strong>Priorytety projektu<\/strong><br>Promocja zdrowego stylu \u017cycia (w\u0142\u0105czaj\u0105c uczestnictwo w&nbsp;zaj\u0119ciach na&nbsp;\u015bwie\u017cym powietrzu oraz&nbsp;amatorski sport). Promocja zawodowego rozwoju kadry i&nbsp;pracownik\u00f3w zajmuj\u0105cych si\u0119 m\u0142odzie\u017c\u0105 w&nbsp;metodologii technologii informacyjno-komunikacyjnych.<\/p>\n\n\n\n<p><strong>Najistotniejsze zagadnienia projektu<\/strong><br>Zdrowie i&nbsp;dobre samopoczucie<br>Nowe innowacyjne programy zaj\u0119\u0107\/metody edukacyjne\/rozw\u00f3j kurs\u00f3w szkoleniowych.<\/p>\n\n\n\n<p class=\"has-text-align-justify\"><strong>Rezultaty w&nbsp;trakcie projektu i&nbsp;po&nbsp;jego uko\u0144czeniu<\/strong><br>1. Platforma internetowa z&nbsp;planami cz\u0119\u015bci lekcji, gdzie edukacja prozdrowotna b\u0119dzie w\u0142\u0105czona w&nbsp;r\u00f3\u017cne przedmioty oraz&nbsp;materia\u0142y nauczyciela, takie jak gry i&nbsp;\u0107wiczenia. Plany lekcji b\u0119d\u0105 w&nbsp;j\u0119zyku angielskim, w\u0119gierskim, polskim i&nbsp;tureckim. Zeszyt \u0107wicze\u0144 z&nbsp;edukacji prozdrowotnej jako OZE (otwarty zas\u00f3b edukacyjny) b\u0119dzie opublikowany po&nbsp;angielsku, w\u0119giersku, polsku i&nbsp;turecku.<br>2. Dwa kr\u00f3tkoterminowe spotkania szkoleniowe kadry. Pierwsze odb\u0119dzie si\u0119 w&nbsp;Turcji i&nbsp;skupi si\u0119 na&nbsp;przygotowaniu do&nbsp;u\u017cytkowania platformy internetowej, drugie odb\u0119dzie si\u0119 na&nbsp;W\u0119grzech i&nbsp;jego g\u0142\u00f3wnym celem b\u0119dzie przygotowanie metodologiczne do&nbsp;u\u017cywania zeszytu \u0107wicze\u0144 z&nbsp;edukacji prozdrowotnej dla uczni\u00f3w szk\u00f3\u0142 ponadgimnazjalnych.<br>3. Pog\u0142\u0119bienie wiedzy nt.&nbsp;kwestii edukacji prozdrowotnej w\u015br\u00f3d uczestnik\u00f3w projektu.<\/p>\n","protected":false},"excerpt":{"rendered":"<p>Powiat Gryfi\u0144ski, Zesp\u00f3\u0142 Szk\u00f3\u0142 Ponadgimnazjalnych w Chojnie oraz Stowarzyszenie Douzelage w Chojnie rozpoczynaj\u0105 realizacj\u0119 projektu \u201eHealth education for life \u2013 Wychowanie zdrowotne na ca\u0142e \u017cycie\u201d z programu Erasmus + Partnerstwo [&hellip;]<\/p>\n","protected":false},"author":1,"featured_media":0,"parent":0,"menu_order":0,"comment_status":"closed","ping_status":"closed","template":"","meta":{"footnotes":""},"class_list":["post-4402","page","type-page","status-publish","hentry"],"yoast_head":"<!-- This site is optimized with the Yoast SEO plugin v20.13 - https:\/\/yoast.com\/wordpress\/plugins\/seo\/ -->\n<title>\u201cHealth education for life\u201d\/\u201eWychowanie zdrowotne na ca\u0142e \u017cycie&quot; (HEFL) - ZSP w Chojnie<\/title>\n<meta name=\"robots\" content=\"index, follow, max-snippet:-1, max-image-preview:large, max-video-preview:-1\" \/>\n<link rel=\"canonical\" href=\"https:\/\/zsp1chojna.pl\/?page_id=4402\" \/>\n<meta property=\"og:locale\" content=\"pl_PL\" \/>\n<meta property=\"og:type\" content=\"article\" \/>\n<meta property=\"og:title\" content=\"\u201cHealth education for life\u201d\/\u201eWychowanie zdrowotne na ca\u0142e \u017cycie&quot; (HEFL) - ZSP w Chojnie\" \/>\n<meta property=\"og:description\" content=\"Powiat Gryfi\u0144ski, Zesp\u00f3\u0142 Szk\u00f3\u0142 Ponadgimnazjalnych w Chojnie oraz Stowarzyszenie Douzelage w Chojnie rozpoczynaj\u0105 realizacj\u0119 projektu \u201eHealth education for life \u2013 Wychowanie zdrowotne na ca\u0142e \u017cycie\u201d z programu Erasmus + Partnerstwo [&hellip;]\" \/>\n<meta property=\"og:url\" content=\"https:\/\/zsp1chojna.pl\/?page_id=4402\" \/>\n<meta property=\"og:site_name\" content=\"ZSP w Chojnie\" \/>\n<meta property=\"article:modified_time\" content=\"2023-09-04T21:05:50+00:00\" \/>\n<meta property=\"og:image\" content=\"https:\/\/zsp1chojna.pl\/wp-content\/uploads\/2023\/09\/douzelage_2-1.jpg\" \/>\n<meta name=\"twitter:card\" content=\"summary_large_image\" \/>\n<meta name=\"twitter:label1\" content=\"Szacowany czas czytania\" \/>\n\t<meta name=\"twitter:data1\" content=\"6 minut\" \/>\n<script type=\"application\/ld+json\" class=\"yoast-schema-graph\">{\"@context\":\"https:\/\/schema.org\",\"@graph\":[{\"@type\":\"WebPage\",\"@id\":\"https:\/\/zsp1chojna.pl\/?page_id=4402\",\"url\":\"https:\/\/zsp1chojna.pl\/?page_id=4402\",\"name\":\"\u201cHealth education for life\u201d\/\u201eWychowanie zdrowotne na ca\u0142e \u017cycie\\\" (HEFL) - ZSP w Chojnie\",\"isPartOf\":{\"@id\":\"https:\/\/zsp1chojna.pl\/#website\"},\"datePublished\":\"2023-09-04T21:04:20+00:00\",\"dateModified\":\"2023-09-04T21:05:50+00:00\",\"breadcrumb\":{\"@id\":\"https:\/\/zsp1chojna.pl\/?page_id=4402#breadcrumb\"},\"inLanguage\":\"pl-PL\",\"potentialAction\":[{\"@type\":\"ReadAction\",\"target\":[\"https:\/\/zsp1chojna.pl\/?page_id=4402\"]}]},{\"@type\":\"BreadcrumbList\",\"@id\":\"https:\/\/zsp1chojna.pl\/?page_id=4402#breadcrumb\",\"itemListElement\":[{\"@type\":\"ListItem\",\"position\":1,\"name\":\"Home\",\"item\":\"https:\/\/zsp1chojna.pl\/\"},{\"@type\":\"ListItem\",\"position\":2,\"name\":\"\u201cHealth education for life\u201d\/\u201eWychowanie zdrowotne na ca\u0142e \u017cycie&#8221; (HEFL)\"}]},{\"@type\":\"WebSite\",\"@id\":\"https:\/\/zsp1chojna.pl\/#website\",\"url\":\"https:\/\/zsp1chojna.pl\/\",\"name\":\"ZSP w Chojnie\",\"description\":\"\",\"publisher\":{\"@id\":\"https:\/\/zsp1chojna.pl\/#organization\"},\"potentialAction\":[{\"@type\":\"SearchAction\",\"target\":{\"@type\":\"EntryPoint\",\"urlTemplate\":\"https:\/\/zsp1chojna.pl\/?s={search_term_string}\"},\"query-input\":\"required name=search_term_string\"}],\"inLanguage\":\"pl-PL\"},{\"@type\":\"Organization\",\"@id\":\"https:\/\/zsp1chojna.pl\/#organization\",\"name\":\"ZSP w Chojnie\",\"url\":\"https:\/\/zsp1chojna.pl\/\",\"logo\":{\"@type\":\"ImageObject\",\"inLanguage\":\"pl-PL\",\"@id\":\"https:\/\/zsp1chojna.pl\/#\/schema\/logo\/image\/\",\"url\":\"https:\/\/zsp1chojna.pl\/wp-content\/uploads\/2023\/08\/cropped-cropped-cropped-Logo-biale-napis-na-3-wiersze_504-1.png\",\"contentUrl\":\"https:\/\/zsp1chojna.pl\/wp-content\/uploads\/2023\/08\/cropped-cropped-cropped-Logo-biale-napis-na-3-wiersze_504-1.png\",\"width\":504,\"height\":167,\"caption\":\"ZSP w Chojnie\"},\"image\":{\"@id\":\"https:\/\/zsp1chojna.pl\/#\/schema\/logo\/image\/\"}}]}<\/script>\n<!-- \/ Yoast SEO plugin. -->","yoast_head_json":{"title":"\u201cHealth education for life\u201d\/\u201eWychowanie zdrowotne na ca\u0142e \u017cycie\" (HEFL) - ZSP w Chojnie","robots":{"index":"index","follow":"follow","max-snippet":"max-snippet:-1","max-image-preview":"max-image-preview:large","max-video-preview":"max-video-preview:-1"},"canonical":"https:\/\/zsp1chojna.pl\/?page_id=4402","og_locale":"pl_PL","og_type":"article","og_title":"\u201cHealth education for life\u201d\/\u201eWychowanie zdrowotne na ca\u0142e \u017cycie\" (HEFL) - ZSP w Chojnie","og_description":"Powiat Gryfi\u0144ski, Zesp\u00f3\u0142 Szk\u00f3\u0142 Ponadgimnazjalnych w Chojnie oraz Stowarzyszenie Douzelage w Chojnie rozpoczynaj\u0105 realizacj\u0119 projektu \u201eHealth education for life \u2013 Wychowanie zdrowotne na ca\u0142e \u017cycie\u201d z programu Erasmus + Partnerstwo [&hellip;]","og_url":"https:\/\/zsp1chojna.pl\/?page_id=4402","og_site_name":"ZSP w Chojnie","article_modified_time":"2023-09-04T21:05:50+00:00","og_image":[{"url":"https:\/\/zsp1chojna.pl\/wp-content\/uploads\/2023\/09\/douzelage_2-1.jpg"}],"twitter_card":"summary_large_image","twitter_misc":{"Szacowany czas czytania":"6 minut"},"schema":{"@context":"https:\/\/schema.org","@graph":[{"@type":"WebPage","@id":"https:\/\/zsp1chojna.pl\/?page_id=4402","url":"https:\/\/zsp1chojna.pl\/?page_id=4402","name":"\u201cHealth education for life\u201d\/\u201eWychowanie zdrowotne na ca\u0142e \u017cycie\" (HEFL) - ZSP w Chojnie","isPartOf":{"@id":"https:\/\/zsp1chojna.pl\/#website"},"datePublished":"2023-09-04T21:04:20+00:00","dateModified":"2023-09-04T21:05:50+00:00","breadcrumb":{"@id":"https:\/\/zsp1chojna.pl\/?page_id=4402#breadcrumb"},"inLanguage":"pl-PL","potentialAction":[{"@type":"ReadAction","target":["https:\/\/zsp1chojna.pl\/?page_id=4402"]}]},{"@type":"BreadcrumbList","@id":"https:\/\/zsp1chojna.pl\/?page_id=4402#breadcrumb","itemListElement":[{"@type":"ListItem","position":1,"name":"Home","item":"https:\/\/zsp1chojna.pl\/"},{"@type":"ListItem","position":2,"name":"\u201cHealth education for life\u201d\/\u201eWychowanie zdrowotne na ca\u0142e \u017cycie&#8221; (HEFL)"}]},{"@type":"WebSite","@id":"https:\/\/zsp1chojna.pl\/#website","url":"https:\/\/zsp1chojna.pl\/","name":"ZSP w Chojnie","description":"","publisher":{"@id":"https:\/\/zsp1chojna.pl\/#organization"},"potentialAction":[{"@type":"SearchAction","target":{"@type":"EntryPoint","urlTemplate":"https:\/\/zsp1chojna.pl\/?s={search_term_string}"},"query-input":"required name=search_term_string"}],"inLanguage":"pl-PL"},{"@type":"Organization","@id":"https:\/\/zsp1chojna.pl\/#organization","name":"ZSP w Chojnie","url":"https:\/\/zsp1chojna.pl\/","logo":{"@type":"ImageObject","inLanguage":"pl-PL","@id":"https:\/\/zsp1chojna.pl\/#\/schema\/logo\/image\/","url":"https:\/\/zsp1chojna.pl\/wp-content\/uploads\/2023\/08\/cropped-cropped-cropped-Logo-biale-napis-na-3-wiersze_504-1.png","contentUrl":"https:\/\/zsp1chojna.pl\/wp-content\/uploads\/2023\/08\/cropped-cropped-cropped-Logo-biale-napis-na-3-wiersze_504-1.png","width":504,"height":167,"caption":"ZSP w Chojnie"},"image":{"@id":"https:\/\/zsp1chojna.pl\/#\/schema\/logo\/image\/"}}]}},"_links":{"self":[{"href":"https:\/\/zsp1chojna.pl\/index.php?rest_route=\/wp\/v2\/pages\/4402","targetHints":{"allow":["GET"]}}],"collection":[{"href":"https:\/\/zsp1chojna.pl\/index.php?rest_route=\/wp\/v2\/pages"}],"about":[{"href":"https:\/\/zsp1chojna.pl\/index.php?rest_route=\/wp\/v2\/types\/page"}],"author":[{"embeddable":true,"href":"https:\/\/zsp1chojna.pl\/index.php?rest_route=\/wp\/v2\/users\/1"}],"replies":[{"embeddable":true,"href":"https:\/\/zsp1chojna.pl\/index.php?rest_route=%2Fwp%2Fv2%2Fcomments&post=4402"}],"version-history":[{"count":3,"href":"https:\/\/zsp1chojna.pl\/index.php?rest_route=\/wp\/v2\/pages\/4402\/revisions"}],"predecessor-version":[{"id":4407,"href":"https:\/\/zsp1chojna.pl\/index.php?rest_route=\/wp\/v2\/pages\/4402\/revisions\/4407"}],"wp:attachment":[{"href":"https:\/\/zsp1chojna.pl\/index.php?rest_route=%2Fwp%2Fv2%2Fmedia&parent=4402"}],"curies":[{"name":"wp","href":"https:\/\/api.w.org\/{rel}","templated":true}]}}