{"id":4389,"date":"2023-09-04T22:51:01","date_gmt":"2023-09-04T20:51:01","guid":{"rendered":"https:\/\/zsp1chojna.pl\/?page_id=4389"},"modified":"2023-09-04T22:51:49","modified_gmt":"2023-09-04T20:51:49","slug":"od-praktyki-do-pracy-2-opis","status":"publish","type":"page","link":"https:\/\/zsp1chojna.pl\/?page_id=4389","title":{"rendered":"\u201eOd praktyki do pracy 2\u201d"},"content":{"rendered":"\n<p class=\"has-text-align-center\"><strong>Od praktyki do pracy<br>ERASMUS + Kszta\u0142cenie i szkolenia zawodowe<br>KA1 \u2013 Mobilno\u015b\u0107 edukacyjna<br>\u201eOd praktyki do pracy 2\u201d<br>Nr umowy\/ projektu: 2015-1-PL01-KA102-014836<br>Data rozpocz\u0119cia i zako\u0144czenia projektu: 01.06.2015 r. \u2013 31.05.2017 r.<br>Przyznane dofinansowanie: 73 468,00 EUR<\/strong><\/p>\n\n\n\n<p class=\"has-text-align-justify\">Opis:<br>Projekt &#8220;Od praktyki do pracy 2&#8221; polega na odbyciu 4-tygodniowych sta\u017cy przez 12 uczni\u00f3w Technikum Zawodowego w zawodach technik hotelarstwa i technik \u017cywienia i us\u0142ug gastronomicznych, kt\u00f3re wchodzi w sk\u0142ad Zespo\u0142u Szk\u00f3\u0142 Ponadgimnazjalnych w Chojnie. Sta\u017ce odb\u0119d\u0105 si\u0119 w hotelach i restauracjach w Anglii i na Malcie. <br>Celem projektu jest r\u00f3wnie\u017c wzrost kompetencji j\u0119zykowych jego uczestnik\u00f3w, ma r\u00f3wnie\u017c kszta\u0142towa\u0107 to\u017csamo\u015b\u0107 europejsk\u0105 jego uczestnik\u00f3w, rozwija\u0107 kompetencje wielokulturowe i postawy tolerancji.<br>W projekcie opr\u00f3cz partnera wysy\u0142aj\u0105cego uczestnicz\u0105 nast\u0119puj\u0105cy partnerzy przyjmuj\u0105cy:<br>Anglia;<\/p>\n\n\n\n<p>Anglia:<\/p>\n\n\n\n<ul class=\"wp-block-list\">\n<li>Bakehouse B&amp;B,<\/li>\n\n\n\n<li>Eastbury Hotel,<\/li>\n\n\n\n<li>Crown at Sherborne,<\/li>\n\n\n\n<li>The Grange at Oborne.<\/li>\n<\/ul>\n\n\n\n<p>Malta:<\/p>\n\n\n\n<ul class=\"wp-block-list\">\n<li>JDJ Operations &#8211; Sensi<\/li>\n\n\n\n<li>Illusions Ltd &#8211; 47 Summer Nights<\/li>\n<\/ul>\n\n\n\n<p>Dzia\u0142ania w ramach przygotowania j\u0119zykowego w instytucji wysy\u0142aj\u0105cej:<\/p>\n\n\n\n<ul class=\"wp-block-list\">\n<li>dokonanie zakupu s\u0142ownik\u00f3w angielsko-polskich dla sta\u017cyst\u00f3w (wrzesie\u0144 2015),<\/li>\n\n\n\n<li>przygotowanie j\u0119zykowe online &#8211; j\u0119zyk angielski za po\u015brednictwem portalu Komisji<br>Europejskiej (grudzie\u0144 2015, stycze\u0144\/luty 2016),<\/li>\n\n\n\n<li>ze wzgl\u0119du na to, \u017ce nie znamy w chwili obecnej zawarto\u015bci kursu online, planujemy<br>dodatkowe zaj\u0119cia j\u0119zykowe prowadzone przez lektora z instytucji zewn\u0119trznej. D\u0142ugo\u015b\u0107<br>kursu z lektorem b\u0119dzie uzale\u017cniona od tre\u015bci kursu online.<\/li>\n<\/ul>\n\n\n\n<p class=\"has-text-align-justify\"><strong>Dzia\u0142ania w ramach przygotowania psychologiczno-pedagogicznego, kulturowego, zapobieganie ryzyku przeprowadzone w instytucji wysy\u0142aj\u0105cej:<\/strong><\/p>\n\n\n\n<ul class=\"wp-block-list\">\n<li>warsztaty z psychologiem\/pedagogiem, dwa razy po 3 godziny. Tematyka zaj\u0119\u0107 to:<br>wzmocnienie odporno\u015bci na stres, rozwi\u0105zywanie sytuacji konfliktowych, adaptacja w nowym \u015brodowisku, radzenie sobie z roz\u0142\u0105k\u0105 z rodzin\u0105, stresem zwi\u0105zanym z podr\u00f3\u017c\u0105 lotnicz\u0105, trening asertywno\u015bci i autoprezentacji (marzec 2016),<\/li>\n\n\n\n<li>zapobieganie ryzyku, spotkanie z policjantem i pedagogiem szkolnym na temat sposob\u00f3w<br>post\u0119powania w sytuacjach stwarzaj\u0105cych zagro\u017cenie (2 godziny), (marzec 2016),<\/li>\n\n\n\n<li>prezentacja multimedialna Marsaskali i Malty oraz Sherborne po\u0142\u0105czona ze spotkaniem ze sta\u017cystami, kt\u00f3rzy odbyli praktyki w tych miejscowo\u015bciach w ramach projektu Erasmus+ &#8220;Od praktyki do pracy&#8221; w roku 2015 , 2 godziny (kwiecie\u0144 2016),<\/li>\n<\/ul>\n\n\n\n<p><strong>Przygotowanie uczestnik\u00f3w podczas realizacji sta\u017cy:<\/strong><\/p>\n\n\n\n<ul class=\"wp-block-list\">\n<li>&#8220;Prze\u0142amanie lod\u00f3w&#8221; zaj\u0119cia kulturowo-j\u0119zykowe podczas pierwszego tygodnia sta\u017cy na<br>Malcie\/w Anglii. Zostan\u0105 przeprowadzone przez do\u015bwiadczonych pedagog\u00f3w z kt\u00f3rymi<br>instytucja wysy\u0142aj\u0105ca wsp\u00f3\u0142pracowa\u0142a podczas projekt\u00f3w LdV (Ch. Mifsud &#8211; Malta, B. Betts &#8211;<br>Anglia), 3 godziny (kwiecie\u0144\/maj 2016),<\/li>\n\n\n\n<li>zwiedzanie Malty, grupa gastronom\u00f3w odbywaj\u0105ca sta\u017c w Marsaskali,<\/li>\n\n\n\n<li>zwiedzanie Sherborne i Exeter, grupa hotelarzy odbywaj\u0105ca sta\u017c w Sherborne. <br><\/li>\n<\/ul>\n\n\n\n<p class=\"has-text-align-justify\">W roku szkolnym 2016\/2017 powy\u017csze dzia\u0142ania przygotowawcze zostan\u0105 powt\u00f3rzenie w odniesieniu do uczni\u00f3w, kt\u00f3rzy b\u0119d\u0105 odbywali sta\u017c w ostatnim tygodniu kwietnia i trzech tygodniach maja 2017 r.<\/p>\n\n\n\n<p class=\"has-text-align-justify\"><strong>Upowszechnianie rezultat\u00f3w projektu:<\/strong><br>Zesp\u00f3\u0142 Szk\u00f3\u0142 Ponadgimnazjalnych w Chojnie zawsze intensywnie promowa\u0142 i upowszechnia\u0142 rezultaty realizowanych w plac\u00f3wce projekt\u00f3w mobilno\u015bci zawodowej. Jesieni\u0105 2014 r. zosta\u0142a wydana broszura w kt\u00f3rej opisane s\u0105 wszystkie projekty LdV zrealizowane w szkole. Korzystaj\u0105c z tych do\u015bwiadcze\u0144 zosta\u0142y zaplanowane i b\u0119d\u0105 przeprowadzone dzia\u0142ania upowszechniaj\u0105ce projektu Erasmus+ &#8220;Od praktyki do pracy 2&#8221;.  Projekt zostanie zaprezentowany podczas organizowanego corocznie przez Zachodniopomorskie Kuratorium O\u015bwiaty festiwalu projekt\u00f3w europejskich. Rezultaty projektu oraz jego dzia\u0142ania zostan\u0105 przedstawione na prowadzonej przez nas stronie internetowej projekt\u00f3w LdV i Erasmus+ realizowanych przez ZSP w Chojnie. Kierownik szkolenia praktycznego w ZSP w Chojnie przedstawi rezultaty projektu podczas spotka\u0144 z pracodawcami z bran\u017cy hotelarskiej i gastronomicznej, z kt\u00f3rymi wsp\u00f3\u0142pracuje szko\u0142a. Takie spotkania odbywaj\u0105 si\u0119 cyklicznie i por\u00f3wnanie sta\u017cy zagranicznych z<br>praktykami odbywaj\u0105cymi si\u0119 w krajowych restauracjach i hotelach przyczyni si\u0119 do podniesienia jako\u015bci procesu kszta\u0142cenia zawodowego realizowanego w szkole. Kierownik szkolenia praktycznego poinformuje o rezultatach projektu przedstawicieli Izby Rzemie\u015blniczej w Szczecinie, z kt\u00f3r\u0105 ZSP w Chojnie wsp\u00f3\u0142pracuje. Rezultaty projektu &#8220;Od praktyki do pracy 2&#8221; zostan\u0105 przedstawione podczas corocznego<br>zgromadzenia przedstawicieli Zwi\u0105zku Miast Partnerskich Douzelage w Bad Koetzting (Niemcy). Do organizacji nale\u017cy po jednym mie\u015bcie z 26 pa\u0144stw Unii Europejskiej. W obradach zgromadzenia bior\u0105 udzia\u0142 m. in. dyrektorzy szk\u00f3\u0142 i przedstawiciele bran\u017cy hotelarskiej i gastronomicznej. Koordynator projektu &#8220;Od praktyki do pracy 2&#8221; jest przewodnicz\u0105cym Douzelage. Opis rezultat\u00f3w projektu znajdzie si\u0119 na stronie www.douzelage.org w j\u0119zyku angielskim. Informacje o projekcie, w ramach dzia\u0142a\u0144 promocyjno-upowszechniaj\u0105cych, znajd\u0105 si\u0119 na \u0142amach prasy lokalnej i lokalnych portali internetowych, gdzie grupami docelowymi jest szeroki przekr\u00f3j reprezentant\u00f3w spo\u0142eczno\u015bci lokalnej.<\/p>\n","protected":false},"excerpt":{"rendered":"<p>Od praktyki do pracyERASMUS + Kszta\u0142cenie i szkolenia zawodoweKA1 \u2013 Mobilno\u015b\u0107 edukacyjna\u201eOd praktyki do pracy 2\u201dNr umowy\/ projektu: 2015-1-PL01-KA102-014836Data rozpocz\u0119cia i zako\u0144czenia projektu: 01.06.2015 r. \u2013 31.05.2017 r.Przyznane dofinansowanie: 73 [&hellip;]<\/p>\n","protected":false},"author":1,"featured_media":0,"parent":0,"menu_order":0,"comment_status":"closed","ping_status":"closed","template":"","meta":{"footnotes":""},"class_list":["post-4389","page","type-page","status-publish","hentry"],"yoast_head":"<!-- This site is optimized with the Yoast SEO plugin v20.13 - https:\/\/yoast.com\/wordpress\/plugins\/seo\/ -->\n<title>\u201eOd praktyki do pracy 2\u201d - ZSP w Chojnie<\/title>\n<meta name=\"robots\" content=\"index, follow, max-snippet:-1, max-image-preview:large, max-video-preview:-1\" \/>\n<link rel=\"canonical\" href=\"https:\/\/zsp1chojna.pl\/?page_id=4389\" \/>\n<meta property=\"og:locale\" content=\"pl_PL\" \/>\n<meta property=\"og:type\" content=\"article\" \/>\n<meta property=\"og:title\" content=\"\u201eOd praktyki do pracy 2\u201d - ZSP w Chojnie\" \/>\n<meta property=\"og:description\" content=\"Od praktyki do pracyERASMUS + Kszta\u0142cenie i szkolenia zawodoweKA1 \u2013 Mobilno\u015b\u0107 edukacyjna\u201eOd praktyki do pracy 2\u201dNr umowy\/ projektu: 2015-1-PL01-KA102-014836Data rozpocz\u0119cia i zako\u0144czenia projektu: 01.06.2015 r. \u2013 31.05.2017 r.Przyznane dofinansowanie: 73 [&hellip;]\" \/>\n<meta property=\"og:url\" content=\"https:\/\/zsp1chojna.pl\/?page_id=4389\" \/>\n<meta property=\"og:site_name\" content=\"ZSP w Chojnie\" \/>\n<meta property=\"article:modified_time\" content=\"2023-09-04T20:51:49+00:00\" \/>\n<meta name=\"twitter:card\" content=\"summary_large_image\" \/>\n<meta name=\"twitter:label1\" content=\"Szacowany czas czytania\" \/>\n\t<meta name=\"twitter:data1\" content=\"4 minuty\" \/>\n<script type=\"application\/ld+json\" class=\"yoast-schema-graph\">{\"@context\":\"https:\/\/schema.org\",\"@graph\":[{\"@type\":\"WebPage\",\"@id\":\"https:\/\/zsp1chojna.pl\/?page_id=4389\",\"url\":\"https:\/\/zsp1chojna.pl\/?page_id=4389\",\"name\":\"\u201eOd praktyki do pracy 2\u201d - ZSP w Chojnie\",\"isPartOf\":{\"@id\":\"https:\/\/zsp1chojna.pl\/#website\"},\"datePublished\":\"2023-09-04T20:51:01+00:00\",\"dateModified\":\"2023-09-04T20:51:49+00:00\",\"breadcrumb\":{\"@id\":\"https:\/\/zsp1chojna.pl\/?page_id=4389#breadcrumb\"},\"inLanguage\":\"pl-PL\",\"potentialAction\":[{\"@type\":\"ReadAction\",\"target\":[\"https:\/\/zsp1chojna.pl\/?page_id=4389\"]}]},{\"@type\":\"BreadcrumbList\",\"@id\":\"https:\/\/zsp1chojna.pl\/?page_id=4389#breadcrumb\",\"itemListElement\":[{\"@type\":\"ListItem\",\"position\":1,\"name\":\"Home\",\"item\":\"https:\/\/zsp1chojna.pl\/\"},{\"@type\":\"ListItem\",\"position\":2,\"name\":\"\u201eOd praktyki do&nbsp;pracy 2\u201d\"}]},{\"@type\":\"WebSite\",\"@id\":\"https:\/\/zsp1chojna.pl\/#website\",\"url\":\"https:\/\/zsp1chojna.pl\/\",\"name\":\"ZSP w Chojnie\",\"description\":\"\",\"publisher\":{\"@id\":\"https:\/\/zsp1chojna.pl\/#organization\"},\"potentialAction\":[{\"@type\":\"SearchAction\",\"target\":{\"@type\":\"EntryPoint\",\"urlTemplate\":\"https:\/\/zsp1chojna.pl\/?s={search_term_string}\"},\"query-input\":\"required name=search_term_string\"}],\"inLanguage\":\"pl-PL\"},{\"@type\":\"Organization\",\"@id\":\"https:\/\/zsp1chojna.pl\/#organization\",\"name\":\"ZSP w Chojnie\",\"url\":\"https:\/\/zsp1chojna.pl\/\",\"logo\":{\"@type\":\"ImageObject\",\"inLanguage\":\"pl-PL\",\"@id\":\"https:\/\/zsp1chojna.pl\/#\/schema\/logo\/image\/\",\"url\":\"https:\/\/zsp1chojna.pl\/wp-content\/uploads\/2023\/08\/cropped-cropped-cropped-Logo-biale-napis-na-3-wiersze_504-1.png\",\"contentUrl\":\"https:\/\/zsp1chojna.pl\/wp-content\/uploads\/2023\/08\/cropped-cropped-cropped-Logo-biale-napis-na-3-wiersze_504-1.png\",\"width\":504,\"height\":167,\"caption\":\"ZSP w Chojnie\"},\"image\":{\"@id\":\"https:\/\/zsp1chojna.pl\/#\/schema\/logo\/image\/\"}}]}<\/script>\n<!-- \/ Yoast SEO plugin. -->","yoast_head_json":{"title":"\u201eOd praktyki do pracy 2\u201d - ZSP w Chojnie","robots":{"index":"index","follow":"follow","max-snippet":"max-snippet:-1","max-image-preview":"max-image-preview:large","max-video-preview":"max-video-preview:-1"},"canonical":"https:\/\/zsp1chojna.pl\/?page_id=4389","og_locale":"pl_PL","og_type":"article","og_title":"\u201eOd praktyki do pracy 2\u201d - ZSP w Chojnie","og_description":"Od praktyki do pracyERASMUS + Kszta\u0142cenie i szkolenia zawodoweKA1 \u2013 Mobilno\u015b\u0107 edukacyjna\u201eOd praktyki do pracy 2\u201dNr umowy\/ projektu: 2015-1-PL01-KA102-014836Data rozpocz\u0119cia i zako\u0144czenia projektu: 01.06.2015 r. \u2013 31.05.2017 r.Przyznane dofinansowanie: 73 [&hellip;]","og_url":"https:\/\/zsp1chojna.pl\/?page_id=4389","og_site_name":"ZSP w Chojnie","article_modified_time":"2023-09-04T20:51:49+00:00","twitter_card":"summary_large_image","twitter_misc":{"Szacowany czas czytania":"4 minuty"},"schema":{"@context":"https:\/\/schema.org","@graph":[{"@type":"WebPage","@id":"https:\/\/zsp1chojna.pl\/?page_id=4389","url":"https:\/\/zsp1chojna.pl\/?page_id=4389","name":"\u201eOd praktyki do pracy 2\u201d - ZSP w Chojnie","isPartOf":{"@id":"https:\/\/zsp1chojna.pl\/#website"},"datePublished":"2023-09-04T20:51:01+00:00","dateModified":"2023-09-04T20:51:49+00:00","breadcrumb":{"@id":"https:\/\/zsp1chojna.pl\/?page_id=4389#breadcrumb"},"inLanguage":"pl-PL","potentialAction":[{"@type":"ReadAction","target":["https:\/\/zsp1chojna.pl\/?page_id=4389"]}]},{"@type":"BreadcrumbList","@id":"https:\/\/zsp1chojna.pl\/?page_id=4389#breadcrumb","itemListElement":[{"@type":"ListItem","position":1,"name":"Home","item":"https:\/\/zsp1chojna.pl\/"},{"@type":"ListItem","position":2,"name":"\u201eOd praktyki do&nbsp;pracy 2\u201d"}]},{"@type":"WebSite","@id":"https:\/\/zsp1chojna.pl\/#website","url":"https:\/\/zsp1chojna.pl\/","name":"ZSP w Chojnie","description":"","publisher":{"@id":"https:\/\/zsp1chojna.pl\/#organization"},"potentialAction":[{"@type":"SearchAction","target":{"@type":"EntryPoint","urlTemplate":"https:\/\/zsp1chojna.pl\/?s={search_term_string}"},"query-input":"required name=search_term_string"}],"inLanguage":"pl-PL"},{"@type":"Organization","@id":"https:\/\/zsp1chojna.pl\/#organization","name":"ZSP w Chojnie","url":"https:\/\/zsp1chojna.pl\/","logo":{"@type":"ImageObject","inLanguage":"pl-PL","@id":"https:\/\/zsp1chojna.pl\/#\/schema\/logo\/image\/","url":"https:\/\/zsp1chojna.pl\/wp-content\/uploads\/2023\/08\/cropped-cropped-cropped-Logo-biale-napis-na-3-wiersze_504-1.png","contentUrl":"https:\/\/zsp1chojna.pl\/wp-content\/uploads\/2023\/08\/cropped-cropped-cropped-Logo-biale-napis-na-3-wiersze_504-1.png","width":504,"height":167,"caption":"ZSP w Chojnie"},"image":{"@id":"https:\/\/zsp1chojna.pl\/#\/schema\/logo\/image\/"}}]}},"_links":{"self":[{"href":"https:\/\/zsp1chojna.pl\/index.php?rest_route=\/wp\/v2\/pages\/4389","targetHints":{"allow":["GET"]}}],"collection":[{"href":"https:\/\/zsp1chojna.pl\/index.php?rest_route=\/wp\/v2\/pages"}],"about":[{"href":"https:\/\/zsp1chojna.pl\/index.php?rest_route=\/wp\/v2\/types\/page"}],"author":[{"embeddable":true,"href":"https:\/\/zsp1chojna.pl\/index.php?rest_route=\/wp\/v2\/users\/1"}],"replies":[{"embeddable":true,"href":"https:\/\/zsp1chojna.pl\/index.php?rest_route=%2Fwp%2Fv2%2Fcomments&post=4389"}],"version-history":[{"count":2,"href":"https:\/\/zsp1chojna.pl\/index.php?rest_route=\/wp\/v2\/pages\/4389\/revisions"}],"predecessor-version":[{"id":4392,"href":"https:\/\/zsp1chojna.pl\/index.php?rest_route=\/wp\/v2\/pages\/4389\/revisions\/4392"}],"wp:attachment":[{"href":"https:\/\/zsp1chojna.pl\/index.php?rest_route=%2Fwp%2Fv2%2Fmedia&parent=4389"}],"curies":[{"name":"wp","href":"https:\/\/api.w.org\/{rel}","templated":true}]}}