{"id":4382,"date":"2023-09-04T22:36:03","date_gmt":"2023-09-04T20:36:03","guid":{"rendered":"https:\/\/zsp1chojna.pl\/?page_id=4382"},"modified":"2023-09-04T22:39:00","modified_gmt":"2023-09-04T20:39:00","slug":"europejskie-staze-4","status":"publish","type":"page","link":"https:\/\/zsp1chojna.pl\/?page_id=4382","title":{"rendered":"\u201eEuropejskie sta\u017ce\u201d"},"content":{"rendered":"\n<p class=\"has-text-align-center\"><strong>Europejskie sta\u017ce <br>ERASMUS + Kszta\u0142cenie i\u00a0szkolenie zawodowe <br>KA1 \u2013 Mobilno\u015b\u0107 edukacyjna <br>\u201eEuropejskie sta\u017ce\u201d <br>Nr\u00a0umowy\/ projektu: 2016-1-PL01-KA116-023742 <br>Data rozpocz\u0119cia i\u00a0zako\u0144czenia projektu: 01.11.2016 \u2013 31.10.2017\u00a0r. <br>Przyznane dofinansowanie: 35\u00a0139,00\u00a0EUR<\/strong><\/p>\n\n\n\n<p class=\"has-text-align-justify\"><strong>Opis:<\/strong><br>Projekt \u201cEuropejskie sta\u017ce\u201d b\u0119dzie polega\u0142 na\u00a0odbyciu 4-tygodniowych sta\u017cy przez\u00a011\u00a0uczni\u00f3w Technikum Zawodowego w\u00a0zawodach technik informatyk oraz\u00a0technik budownictwa, kt\u00f3re wchodzi w\u00a0sk\u0142ad Zespo\u0142u Szk\u00f3\u0142 Ponadgimnazjalnych w\u00a0Chojnie oraz\u00a05-dniowych\u00a0 szkole\u0144 kadry nauczycieli przedmiot\u00f3w zawodowych w\u00a0obszarze hotelarstwa i\u00a0gastronomii. Sta\u017ce odb\u0119d\u0105\u00a0 si\u0119\u00a0 w\u00a0przedsi\u0119biorstwach\u00a0 w\u00a0 Anglii, W\u0119grzech i\u00a0na\u00a0Malcie, natomiast\u00a0 szkolenie nauczycieli b\u0119dzie mia\u0142o miejsce na\u00a0Malcie.<br>Celem projektu jest r\u00f3wnie\u017c wzrost kompetencji j\u0119zykowych jego uczestnik\u00f3w, ma r\u00f3wnie\u017c kszta\u0142towa\u0107 to\u017csamo\u015b\u0107 europejska jego uczestnik\u00f3w, rozwija\u0107 kompetencje wielokulturowe i\u00a0postawy tolerancji. Nauczyciele, kt\u00f3rzy\u00a0odb\u0119d\u0105 szkolenia zagraniczne w\u00a0formie \u2018job shadowing\u2019, b\u0119d\u0105 po\u00a0raz pierwszy uczestniczyli w\u00a0tego rodzaju mobilno\u015bci podnosz\u0105cej ich profesjonalne umiej\u0119tno\u015bci.<br>W projekcie opr\u00f3cz partnera wysy\u0142aj\u0105cego uczestnicz\u0105 nast\u0119puj\u0105cy partnerzy przyjmuj\u0105cy:<br>Anglia:<br>\u2013 <strong>Bill Butters Windows Ltd.<\/strong><br>W\u0119gry:<br>\u2013 <strong>Remicro Kft,<\/strong><br>\u2013 <strong>Koszeg Varos Onkormanyzata (urz\u0105d miejski w\u00a0Koszeg).<\/strong><br>Malta:<br>\u2013 <strong>Bilom Construction Ltd.,<\/strong><br>\u2013 <strong>Institute of Tourism Studies.<\/strong><\/p>\n\n\n\n<p><strong>Dzia\u0142ania w\u00a0ramach przygotowania j\u0119zykowego w\u00a0instytucji wysy\u0142aj\u0105cej:<\/strong><br>\u2013 dokonanie zakupu s\u0142ownik\u00f3w angielsko-polskich dla sta\u017cyst\u00f3w (listopad 2016),<br>\u2013 kurs j\u0119zyka angielskiego prowadzony przez\u00a0wykwalifikowanego lektora z\u00a0instytucji zewn\u0119trznej, ze\u00a0zwr\u00f3ceniem szczeg\u00f3lnej uwagi na\u00a0kszta\u0142towanie umiej\u0119tno\u015bci komunikacyjnych sta\u017cyst\u00f3w (marzec 2017).<\/p>\n\n\n\n<p><strong>Dzia\u0142ania w&nbsp;ramach przygotowania psychologiczno-pedagogicznego, kulturowego, zapobieganie ryzyku przeprowadzone w&nbsp;instytucji wysy\u0142aj\u0105cej:<\/strong><br>\u2013 warsztaty z&nbsp;psychologiem\/pedagogiem, dwa razy po&nbsp;3&nbsp;godziny. Tematyka zaj\u0119\u0107 to: wzmocnienie odporno\u015bci na&nbsp;stres, rozwi\u0105zywanie sytuacji konfliktowych, adaptacja w&nbsp;nowym \u015brodowisku, radzenie sobie z&nbsp;roz\u0142\u0105k\u0105 z&nbsp;rodzin\u0105, stresem zwi\u0105zanym z&nbsp;podr\u00f3\u017c\u0105 lotnicz\u0105, trening asertywno\u015bci i&nbsp;autoprezentacji (marzec\/kwiecie\u0144 2017),<br>\u2013 &nbsp;zapobieganie ryzyku, spotkanie z&nbsp;policjantem i&nbsp;pedagogiem szkolnym na&nbsp;temat sposob\u00f3w post\u0119powania w&nbsp;sytuacjach stwarzaj\u0105cych zagro\u017cenie (2&nbsp;godziny), (marzec\/kwiecie\u0144 2017),<br>\u2013 prezentacja multimedialna K\u0151szeg, Zebbug\/Marsaskala oraz&nbsp;Sherborne po\u0142\u0105czona ze&nbsp;spotkaniem ze&nbsp;sta\u017cystami, kt\u00f3rzy&nbsp;odbyli praktyki w&nbsp;tych miejscowo\u015bciach w&nbsp;ramach projektu Erasmus+ \u201cOd praktyki do&nbsp;pracy 2\u201d w&nbsp;roku 2016 , (2&nbsp;godziny), (kwiecie\u0144 2017).<\/p>\n\n\n\n<p><strong>Przygotowanie uczestnik\u00f3w podczas realizacji sta\u017cy:<\/strong><br>\u2013 \u201cPrze\u0142amanie lod\u00f3w\u201d zaj\u0119cia kulturowo-j\u0119zykowe podczas pierwszego tygodnia sta\u017cy na&nbsp;Malcie, W\u0119grzech i&nbsp;w&nbsp;Anglii. Zostan\u0105 przeprowadzone przez&nbsp;do\u015bwiadczonych pedagog\u00f3w, &nbsp;&nbsp;&nbsp;&nbsp;z kt\u00f3rymi instytucja wysy\u0142aj\u0105ca wsp\u00f3\u0142pracowa\u0142a podczas projekt\u00f3w LdV (Ch. Mifsud \u2013 Malta, B.&nbsp;Betts \u2013 Anglia, I. Matrai \u2013 W\u0119gry), 3&nbsp;godziny, (kwiecie\u0144\/maj 2017),<br>\u2013 zwiedzanie Malty, grupa budowla\u0144c\u00f3w odbywaj\u0105ca sta\u017c w&nbsp;Zebbug\/Marsaskala,<br>\u2013 zwiedzanie Sherborne, budowlaniec odbywaj\u0105cy sta\u017c w&nbsp;Sherborne,<br>\u2013 zwiedzanie K\u0151szeg, grupa informatyk\u00f3w odbywaj\u0105cych sta\u017c w&nbsp;K\u0151szeg.<\/p>\n\n\n\n<p class=\"has-text-align-justify\"><strong>Upowszechnianie rezultat\u00f3w projektu:<\/strong><br>Zesp\u00f3\u0142 Szk\u00f3\u0142 Ponadgimnazjalnych w&nbsp;Chojnie zawsze intensywnie promowa\u0142 &nbsp;i upowszechnia\u0142 rezultaty realizowanych w&nbsp;plac\u00f3wce projekt\u00f3w mobilno\u015bci zawodowej.<br>Jesieni\u0105 2014&nbsp;r. zosta\u0142a wydana broszura w&nbsp;kt\u00f3rej&nbsp;opisane s\u0105 wszystkie projekty LdV zrealizowane w&nbsp;szkole. Korzystaj\u0105c z&nbsp;tych do\u015bwiadcze\u0144 zosta\u0142y zaplanowane i&nbsp;b\u0119d\u0105 przeprowadzone dzia\u0142ania upowszechniaj\u0105ce projektu Erasmus+ \u201cEuropejskie sta\u017ce\u201d.<br>Projekt zostanie zaprezentowany podczas Festiwalu Projekt\u00f3w Europejskich organizowanego corocznie przez&nbsp;Zachodniopomorskie Kuratorium O\u015bwiaty.<br>Rezultaty projektu oraz&nbsp;jego dzia\u0142ania zostan\u0105 przedstawione na&nbsp;prowadzonej przez&nbsp;nas stronie internetowej projekt\u00f3w LdV i&nbsp;Erasmus+ realizowanych przez&nbsp;ZSP w&nbsp;Chojnie.<br>Kierownik szkolenia praktycznego w&nbsp;ZSP w&nbsp;Chojnie przedstawi rezultaty projektu podczas spotka\u0144 z&nbsp;pracodawcami z&nbsp;bran\u017cy informatycznej i&nbsp;budowlanej, z&nbsp;kt\u00f3rymi wsp\u00f3\u0142pracuje szko\u0142a. Takie spotkania odbywaj\u0105 si\u0119 cyklicznie i&nbsp;por\u00f3wnanie sta\u017cy zagranicznych z&nbsp;praktykami odbywaj\u0105cymi si\u0119 w&nbsp;krajowych przedsi\u0119biorstwach i&nbsp;urz\u0119dach przyczyni si\u0119 do&nbsp;podniesienia jako\u015bci procesu kszta\u0142cenia zawodowego realizowanego&nbsp; w&nbsp;szkole. Kierownik szkolenia praktycznego poinformuje o&nbsp;rezultatach projektu przedstawicieli Izby Rzemie\u015blniczej w&nbsp;Szczecinie, z&nbsp;kt\u00f3r\u0105 ZSP w&nbsp;Chojnie wsp\u00f3\u0142pracuje.<br>Rezultaty projektu \u201cEuropejskie sta\u017ce\u201d zostan\u0105 przedstawione podczas corocznego zgromadzenia przedstawicieli Zwi\u0105zku Miast Partnerskich Douzelage w&nbsp;Bad Koetzting (Niemcy). Do&nbsp;organizacji nale\u017cy po&nbsp;jednym mie\u015bcie z&nbsp;26&nbsp;pa\u0144stw Unii Europejskiej. W&nbsp;obradach zgromadzenia bior\u0105 udzia\u0142 m. in. dyrektorzy szk\u00f3\u0142 i&nbsp;przedstawiciele bran\u017cy budowlanej i&nbsp;informatycznej. Koordynator projektu \u201cEuropejskie sta\u017ce\u201d jest przewodnicz\u0105cym Stowarzyszenia Douzelage. Opis rezultat\u00f3w projektu znajdzie si\u0119 na&nbsp;stronie www.douzelage.org w&nbsp;j\u0119zyku angielskim.<br>Informacje o&nbsp;projekcie, w&nbsp;ramach dzia\u0142a\u0144 promocyjno-upowszechniaj\u0105cych, znajd\u0105 si\u0119 na&nbsp;\u0142amach prasy lokalnej i&nbsp;lokalnych portali internetowych, gdzie grupami docelowymi jest szeroki przekr\u00f3j reprezentant\u00f3w spo\u0142eczno\u015bci lokalnej.<\/p>\n","protected":false},"excerpt":{"rendered":"<p>Europejskie sta\u017ce ERASMUS + Kszta\u0142cenie i\u00a0szkolenie zawodowe KA1 \u2013 Mobilno\u015b\u0107 edukacyjna \u201eEuropejskie sta\u017ce\u201d Nr\u00a0umowy\/ projektu: 2016-1-PL01-KA116-023742 Data rozpocz\u0119cia i\u00a0zako\u0144czenia projektu: 01.11.2016 \u2013 31.10.2017\u00a0r. Przyznane dofinansowanie: 35\u00a0139,00\u00a0EUR Opis:Projekt \u201cEuropejskie sta\u017ce\u201d b\u0119dzie [&hellip;]<\/p>\n","protected":false},"author":1,"featured_media":0,"parent":0,"menu_order":0,"comment_status":"closed","ping_status":"closed","template":"","meta":{"footnotes":""},"class_list":["post-4382","page","type-page","status-publish","hentry"],"yoast_head":"<!-- This site is optimized with the Yoast SEO plugin v20.13 - https:\/\/yoast.com\/wordpress\/plugins\/seo\/ -->\n<title>\u201eEuropejskie sta\u017ce\u201d - ZSP w Chojnie<\/title>\n<meta name=\"robots\" content=\"index, follow, max-snippet:-1, max-image-preview:large, max-video-preview:-1\" \/>\n<link rel=\"canonical\" href=\"https:\/\/zsp1chojna.pl\/?page_id=4382\" \/>\n<meta property=\"og:locale\" content=\"pl_PL\" \/>\n<meta property=\"og:type\" content=\"article\" \/>\n<meta property=\"og:title\" content=\"\u201eEuropejskie sta\u017ce\u201d - ZSP w Chojnie\" \/>\n<meta property=\"og:description\" content=\"Europejskie sta\u017ce ERASMUS + Kszta\u0142cenie i\u00a0szkolenie zawodowe KA1 \u2013 Mobilno\u015b\u0107 edukacyjna \u201eEuropejskie sta\u017ce\u201d Nr\u00a0umowy\/ projektu: 2016-1-PL01-KA116-023742 Data rozpocz\u0119cia i\u00a0zako\u0144czenia projektu: 01.11.2016 \u2013 31.10.2017\u00a0r. Przyznane dofinansowanie: 35\u00a0139,00\u00a0EUR Opis:Projekt \u201cEuropejskie sta\u017ce\u201d b\u0119dzie [&hellip;]\" \/>\n<meta property=\"og:url\" content=\"https:\/\/zsp1chojna.pl\/?page_id=4382\" \/>\n<meta property=\"og:site_name\" content=\"ZSP w Chojnie\" \/>\n<meta property=\"article:modified_time\" content=\"2023-09-04T20:39:00+00:00\" \/>\n<meta name=\"twitter:card\" content=\"summary_large_image\" \/>\n<meta name=\"twitter:label1\" content=\"Szacowany czas czytania\" \/>\n\t<meta name=\"twitter:data1\" content=\"4 minuty\" \/>\n<script type=\"application\/ld+json\" class=\"yoast-schema-graph\">{\"@context\":\"https:\/\/schema.org\",\"@graph\":[{\"@type\":\"WebPage\",\"@id\":\"https:\/\/zsp1chojna.pl\/?page_id=4382\",\"url\":\"https:\/\/zsp1chojna.pl\/?page_id=4382\",\"name\":\"\u201eEuropejskie sta\u017ce\u201d - ZSP w Chojnie\",\"isPartOf\":{\"@id\":\"https:\/\/zsp1chojna.pl\/#website\"},\"datePublished\":\"2023-09-04T20:36:03+00:00\",\"dateModified\":\"2023-09-04T20:39:00+00:00\",\"breadcrumb\":{\"@id\":\"https:\/\/zsp1chojna.pl\/?page_id=4382#breadcrumb\"},\"inLanguage\":\"pl-PL\",\"potentialAction\":[{\"@type\":\"ReadAction\",\"target\":[\"https:\/\/zsp1chojna.pl\/?page_id=4382\"]}]},{\"@type\":\"BreadcrumbList\",\"@id\":\"https:\/\/zsp1chojna.pl\/?page_id=4382#breadcrumb\",\"itemListElement\":[{\"@type\":\"ListItem\",\"position\":1,\"name\":\"Home\",\"item\":\"https:\/\/zsp1chojna.pl\/\"},{\"@type\":\"ListItem\",\"position\":2,\"name\":\"\u201eEuropejskie sta\u017ce\u201d\"}]},{\"@type\":\"WebSite\",\"@id\":\"https:\/\/zsp1chojna.pl\/#website\",\"url\":\"https:\/\/zsp1chojna.pl\/\",\"name\":\"ZSP w Chojnie\",\"description\":\"\",\"publisher\":{\"@id\":\"https:\/\/zsp1chojna.pl\/#organization\"},\"potentialAction\":[{\"@type\":\"SearchAction\",\"target\":{\"@type\":\"EntryPoint\",\"urlTemplate\":\"https:\/\/zsp1chojna.pl\/?s={search_term_string}\"},\"query-input\":\"required name=search_term_string\"}],\"inLanguage\":\"pl-PL\"},{\"@type\":\"Organization\",\"@id\":\"https:\/\/zsp1chojna.pl\/#organization\",\"name\":\"ZSP w Chojnie\",\"url\":\"https:\/\/zsp1chojna.pl\/\",\"logo\":{\"@type\":\"ImageObject\",\"inLanguage\":\"pl-PL\",\"@id\":\"https:\/\/zsp1chojna.pl\/#\/schema\/logo\/image\/\",\"url\":\"https:\/\/zsp1chojna.pl\/wp-content\/uploads\/2023\/08\/cropped-cropped-cropped-Logo-biale-napis-na-3-wiersze_504-1.png\",\"contentUrl\":\"https:\/\/zsp1chojna.pl\/wp-content\/uploads\/2023\/08\/cropped-cropped-cropped-Logo-biale-napis-na-3-wiersze_504-1.png\",\"width\":504,\"height\":167,\"caption\":\"ZSP w Chojnie\"},\"image\":{\"@id\":\"https:\/\/zsp1chojna.pl\/#\/schema\/logo\/image\/\"}}]}<\/script>\n<!-- \/ Yoast SEO plugin. -->","yoast_head_json":{"title":"\u201eEuropejskie sta\u017ce\u201d - ZSP w Chojnie","robots":{"index":"index","follow":"follow","max-snippet":"max-snippet:-1","max-image-preview":"max-image-preview:large","max-video-preview":"max-video-preview:-1"},"canonical":"https:\/\/zsp1chojna.pl\/?page_id=4382","og_locale":"pl_PL","og_type":"article","og_title":"\u201eEuropejskie sta\u017ce\u201d - ZSP w Chojnie","og_description":"Europejskie sta\u017ce ERASMUS + Kszta\u0142cenie i\u00a0szkolenie zawodowe KA1 \u2013 Mobilno\u015b\u0107 edukacyjna \u201eEuropejskie sta\u017ce\u201d Nr\u00a0umowy\/ projektu: 2016-1-PL01-KA116-023742 Data rozpocz\u0119cia i\u00a0zako\u0144czenia projektu: 01.11.2016 \u2013 31.10.2017\u00a0r. Przyznane dofinansowanie: 35\u00a0139,00\u00a0EUR Opis:Projekt \u201cEuropejskie sta\u017ce\u201d b\u0119dzie [&hellip;]","og_url":"https:\/\/zsp1chojna.pl\/?page_id=4382","og_site_name":"ZSP w Chojnie","article_modified_time":"2023-09-04T20:39:00+00:00","twitter_card":"summary_large_image","twitter_misc":{"Szacowany czas czytania":"4 minuty"},"schema":{"@context":"https:\/\/schema.org","@graph":[{"@type":"WebPage","@id":"https:\/\/zsp1chojna.pl\/?page_id=4382","url":"https:\/\/zsp1chojna.pl\/?page_id=4382","name":"\u201eEuropejskie sta\u017ce\u201d - ZSP w Chojnie","isPartOf":{"@id":"https:\/\/zsp1chojna.pl\/#website"},"datePublished":"2023-09-04T20:36:03+00:00","dateModified":"2023-09-04T20:39:00+00:00","breadcrumb":{"@id":"https:\/\/zsp1chojna.pl\/?page_id=4382#breadcrumb"},"inLanguage":"pl-PL","potentialAction":[{"@type":"ReadAction","target":["https:\/\/zsp1chojna.pl\/?page_id=4382"]}]},{"@type":"BreadcrumbList","@id":"https:\/\/zsp1chojna.pl\/?page_id=4382#breadcrumb","itemListElement":[{"@type":"ListItem","position":1,"name":"Home","item":"https:\/\/zsp1chojna.pl\/"},{"@type":"ListItem","position":2,"name":"\u201eEuropejskie sta\u017ce\u201d"}]},{"@type":"WebSite","@id":"https:\/\/zsp1chojna.pl\/#website","url":"https:\/\/zsp1chojna.pl\/","name":"ZSP w Chojnie","description":"","publisher":{"@id":"https:\/\/zsp1chojna.pl\/#organization"},"potentialAction":[{"@type":"SearchAction","target":{"@type":"EntryPoint","urlTemplate":"https:\/\/zsp1chojna.pl\/?s={search_term_string}"},"query-input":"required name=search_term_string"}],"inLanguage":"pl-PL"},{"@type":"Organization","@id":"https:\/\/zsp1chojna.pl\/#organization","name":"ZSP w Chojnie","url":"https:\/\/zsp1chojna.pl\/","logo":{"@type":"ImageObject","inLanguage":"pl-PL","@id":"https:\/\/zsp1chojna.pl\/#\/schema\/logo\/image\/","url":"https:\/\/zsp1chojna.pl\/wp-content\/uploads\/2023\/08\/cropped-cropped-cropped-Logo-biale-napis-na-3-wiersze_504-1.png","contentUrl":"https:\/\/zsp1chojna.pl\/wp-content\/uploads\/2023\/08\/cropped-cropped-cropped-Logo-biale-napis-na-3-wiersze_504-1.png","width":504,"height":167,"caption":"ZSP w Chojnie"},"image":{"@id":"https:\/\/zsp1chojna.pl\/#\/schema\/logo\/image\/"}}]}},"_links":{"self":[{"href":"https:\/\/zsp1chojna.pl\/index.php?rest_route=\/wp\/v2\/pages\/4382","targetHints":{"allow":["GET"]}}],"collection":[{"href":"https:\/\/zsp1chojna.pl\/index.php?rest_route=\/wp\/v2\/pages"}],"about":[{"href":"https:\/\/zsp1chojna.pl\/index.php?rest_route=\/wp\/v2\/types\/page"}],"author":[{"embeddable":true,"href":"https:\/\/zsp1chojna.pl\/index.php?rest_route=\/wp\/v2\/users\/1"}],"replies":[{"embeddable":true,"href":"https:\/\/zsp1chojna.pl\/index.php?rest_route=%2Fwp%2Fv2%2Fcomments&post=4382"}],"version-history":[{"count":2,"href":"https:\/\/zsp1chojna.pl\/index.php?rest_route=\/wp\/v2\/pages\/4382\/revisions"}],"predecessor-version":[{"id":4385,"href":"https:\/\/zsp1chojna.pl\/index.php?rest_route=\/wp\/v2\/pages\/4382\/revisions\/4385"}],"wp:attachment":[{"href":"https:\/\/zsp1chojna.pl\/index.php?rest_route=%2Fwp%2Fv2%2Fmedia&parent=4382"}],"curies":[{"name":"wp","href":"https:\/\/api.w.org\/{rel}","templated":true}]}}