{"id":4337,"date":"2023-09-04T17:30:11","date_gmt":"2023-09-04T15:30:11","guid":{"rendered":"https:\/\/zsp1chojna.pl\/?page_id=4337"},"modified":"2023-09-04T17:32:03","modified_gmt":"2023-09-04T15:32:03","slug":"europejska-jakosc-w-ksztalceniu-zawodowym-opis","status":"publish","type":"page","link":"https:\/\/zsp1chojna.pl\/?page_id=4337","title":{"rendered":"\u201eEuropejska jako\u015b\u0107 w kszta\u0142ceniu zawodowym\u201d"},"content":{"rendered":"\n<p class=\"has-text-align-center\"><strong>Europejska jako\u015b\u0107 w&nbsp;kszta\u0142ceniu zawodowym<\/strong><br><strong>ERASMUS + Kszta\u0142cenie i&nbsp;szkolenie zawodowe<\/strong><br><strong>KA1 \u2013 Mobilno\u015b\u0107 edukacyjna<\/strong><br><strong>\u201eEuropejska jako\u015b\u0107 w&nbsp;kszta\u0142ceniu zawodowym\u201d<\/strong><br><strong>Nr&nbsp;umowy\/ projektu: 2017-1-PL01-KA116-036115<\/strong><br><strong>Data rozpocz\u0119cia i&nbsp;zako\u0144czenia projektu: 01.10.2017 \u2013 30.09.2018&nbsp;r.<\/strong><br><strong>Przyznane dofinansowanie: 82&nbsp;195,00&nbsp;EUR<\/strong><\/p>\n\n\n\n<p class=\"has-text-align-justify\">Projekt \u201eEuropejska jako\u015b\u0107 w\u00a0kszta\u0142ceniu zawodowym\u201d b\u0119dzie polega\u0142 na\u00a0odbyciu 4-tygodniowych sta\u017cy przez\u00a026\u00a0uczni\u00f3w Technikum Zawodowego w\u00a0zawodach technik informatyk,\u00a0technik budownictwa, technik \u017cywienia i\u00a0us\u0142ug gastronomicznych oraz\u00a0technik hotelarstwa, kt\u00f3re wchodzi w\u00a0sk\u0142ad Zespo\u0142u Szk\u00f3\u0142 Ponadgimnazjalnych w\u00a0Chojnie, a\u00a0tak\u017ce odbyciu\u00a05-dniowych\u00a0szkole\u0144 kadry nauczycieli przedmiot\u00f3w zawodowych w\u00a0obszarze budownictwa. Sta\u017ce odb\u0119d\u0105\u00a0 si\u0119\u00a0 w\u00a0przedsi\u0119biorstwach\u00a0 w\u00a0 Anglii, Luksemburgu, na\u00a0W\u0119grzech i\u00a0na Malcie, natomiast\u00a0 szkolenie nauczycieli b\u0119dzie mia\u0142o miejsce na\u00a0Malcie. Przedsi\u0119biorcy z\u00a0W\u0119gier i\u00a0Anglii b\u0119d\u0105 prowadzi\u0107 zaj\u0119cia\/szkolenia w\u00a0siedzibie beneficjenta.<br>Celem projektu jest r\u00f3wnie\u017c wzrost kompetencji j\u0119zykowych jego uczestnik\u00f3w, ma r\u00f3wnie\u017c kszta\u0142towa\u0107 to\u017csamo\u015b\u0107 europejska jego uczestnik\u00f3w, rozwija\u0107 kompetencje wielokulturowe i\u00a0postawy tolerancji. Nauczyciele, kt\u00f3rzy\u00a0odb\u0119d\u0105 szkolenia zagraniczne w\u00a0formie \u2018job shadowing\u2019, b\u0119d\u0105 po\u00a0raz pierwszy uczestniczyli w\u00a0tego rodzaju mobilno\u015bci podnosz\u0105cej ich profesjonalne umiej\u0119tno\u015bci. Zaj\u0119cia przeprowadzone przez\u00a0przedsi\u0119biorc\u00f3w bran\u017cy informatycznej i\u00a0hotelarskiej umo\u017cliwi\u0105 zapoznanie si\u0119 uczni\u00f3w i\u00a0nauczycieli, kt\u00f3rzy\u00a0nie\u00a0uczestnicz\u0105 w\u00a0mobilno\u015bciach zagranicznych, z\u00a0wymaganiami obowi\u0105zuj\u0105cymi na\u00a0europejskim rynku pracy.<br>W projekcie opr\u00f3cz partnera wysy\u0142aj\u0105cego uczestnicz\u0105 nast\u0119puj\u0105cy partnerzy przyjmuj\u0105cy:<br>Anglia:<br>\u2013 <strong>The Bakehouse B&amp;B<\/strong>,<br><strong>\u2013 \u00a0The Eastbury Hotel Ltd,<br>\u2013 \u00a0The Grange at Oborne.<\/strong><br>W\u0119gry:<br><strong>\u2013 Remicro Kft,<br>\u2013 Szarnyas Kft.<\/strong><br>Malta:<br><strong>\u2013 Bilom Construction Ltd.,<br>\u2013 JDJ Operations LTD,<\/strong><br><strong>\u2013 \u00a0Illusions Ltd.<\/strong><br>Luksemburg:<br><strong>\u2013 Cloud Managed Data S.A.<\/strong><\/p>\n\n\n\n<p><strong>Dzia\u0142ania w&nbsp;ramach przygotowania j\u0119zykowego w&nbsp;instytucji wysy\u0142aj\u0105cej:<\/strong><br>\u2013 dokonanie zakupu odzie\u017cy ochronnej dla uczestnik\u00f3w sta\u017cu (luty\/kwiecie\u0144 2018)<br>\u2013 kurs j\u0119zyka angielskiego na&nbsp;platformie j\u0119zykowej OLS (od&nbsp;pa\u017adziernika 2017&nbsp;do&nbsp;wyjazdu na&nbsp;sta\u017ce tj.&nbsp;kwiecie\u0144\/maj 2018)<\/p>\n\n\n\n<p class=\"has-text-align-justify\"><strong>Dzia\u0142ania w&nbsp;ramach przygotowania psychologiczno-pedagogicznego, kulturowego, zapobieganie ryzyku przeprowadzone w&nbsp;instytucji wysy\u0142aj\u0105cej:<\/strong><br>\u2013 warsztaty z&nbsp;psychologiem\/pedagogiem. Tematyka zaj\u0119\u0107 to: wzmocnienie odporno\u015bci na&nbsp;stres, rozwi\u0105zywanie sytuacji konfliktowych, adaptacja w&nbsp;nowym \u015brodowisku, radzenie sobie z&nbsp;roz\u0142\u0105k\u0105 z&nbsp;rodzin\u0105, stresem zwi\u0105zanym z&nbsp;podr\u00f3\u017c\u0105 lotnicz\u0105, trening asertywno\u015bci i&nbsp;autoprezentacji (luty\/kwiecie\u0144 2018),<br>\u2013 &nbsp;zapobieganie ryzyku, spotkanie z&nbsp;policjantem i&nbsp;pedagogiem szkolnym na&nbsp;temat sposob\u00f3w post\u0119powania w&nbsp;sytuacjach stwarzaj\u0105cych zagro\u017cenie (luty\/kwiecie\u0144 2018),<br>\u2013 prezentacja multimedialna na&nbsp;temat miast partnerskich po\u0142\u0105czona ze&nbsp;spotkaniem ze&nbsp;sta\u017cystami, kt\u00f3rzy&nbsp;odbyli praktyki w&nbsp;tych miejscowo\u015bciach w&nbsp;ramach projekt\u00f3w Erasmus+ \u201eOd praktyki do&nbsp;pracy 2\u201d oraz&nbsp;&nbsp;\u201eEuropejskie sta\u017ce\u201d w&nbsp;roku 2017 (luty\/kwiecie\u0144 2018).<\/p>\n\n\n\n<p class=\"has-text-align-justify\"><strong>Przygotowanie uczestnik\u00f3w podczas realizacji sta\u017cy:<\/strong><br>\u2013 \u201ePrze\u0142amanie lod\u00f3w\u201d zaj\u0119cia kulturowo-j\u0119zykowe podczas pierwszego tygodnia sta\u017cy na\u00a0Malcie, W\u0119grzech,\u00a0w\u00a0Anglii i\u00a0Luksemburgu. Zostan\u0105 przeprowadzone przez\u00a0do\u015bwiadczonych pedagog\u00f3w, \u00a0\u00a0\u00a0\u00a0\u00a0\u00a0\u00a0\u00a0\u00a0\u00a0\u00a0 z\u00a0kt\u00f3rymi instytucja wysy\u0142aj\u0105ca wsp\u00f3\u0142pracowa\u0142a podczas projekt\u00f3w LdV (Ch. Mifsud \u2013 Malta, B.\u00a0Betts \u2013 Anglia, I. Matrai \u2013 W\u0119gry) oraz\u00a0po\u00a0raz pierwszy przez\u00a0 E. Weber \u2013 Luksemburg (kwiecie\u0144\/maj 2018),<br>\u2013 zwiedzanie Malty, grupa budowla\u0144c\u00f3w i\u00a0gastronom\u00f3w odbywaj\u0105ca sta\u017c w\u00a0Zebbug\/Msida\/Marsaskala,<br>\u2013 zwiedzanie Anglii, grupa hotelarzy odbywaj\u0105cych sta\u017c w\u00a0Sherborne,<br>\u2013 zwiedzanie W\u0119gier, grupa budowla\u0144c\u00f3w i\u00a0informatyk\u00f3w odbywaj\u0105cych sta\u017c w\u00a0Pusztasc\u00f3\/K\u0151szeg,<br>\u2013 zwiedzanie Luksemburga, grupa informatyk\u00f3w odbywaj\u0105cych sta\u017c w\u00a0Luksemburgu.<\/p>\n\n\n\n<p class=\"has-text-align-justify\"><strong>Upowszechnianie rezultat\u00f3w projektu:<\/strong><br>Zesp\u00f3\u0142 Szk\u00f3\u0142 Ponadgimnazjalnych w&nbsp;Chojnie zawsze intensywnie promowa\u0142 &nbsp;i upowszechnia\u0142 rezultaty realizowanych w&nbsp;plac\u00f3wce projekt\u00f3w mobilno\u015bci zawodowej.<br>Jesieni\u0105 2014&nbsp;r. zosta\u0142a wydana broszura w&nbsp;kt\u00f3rej opisane s\u0105 wszystkie projekty LdV zrealizowane w&nbsp;szkole. Korzystaj\u0105c z&nbsp;tych do\u015bwiadcze\u0144 zosta\u0142y zaplanowane i&nbsp;b\u0119d\u0105 przeprowadzone dzia\u0142ania upowszechniaj\u0105ce projekt Erasmus+ \u201eEuropejska jako\u015b\u0107 w&nbsp;kszta\u0142ceniu zawodowym\u201d.<br>Projekt zostanie zaprezentowany podczas Festiwalu Projekt\u00f3w Europejskich organizowanego corocznie przez&nbsp;Zachodniopomorskie Kuratorium O\u015bwiaty.<br>Rezultaty projektu oraz&nbsp;jego dzia\u0142ania zostan\u0105 przedstawione na&nbsp;prowadzonej przez&nbsp;nas stronie internetowej projekt\u00f3w LdV i&nbsp;Erasmus+ realizowanych przez&nbsp;ZSP w&nbsp;Chojnie.<br>Kierownik szkolenia praktycznego w&nbsp;ZSP w&nbsp;Chojnie przedstawi rezultaty projektu podczas spotka\u0144 z&nbsp;pracodawcami z&nbsp;bran\u017cy informatycznej i&nbsp;budowlanej, gastronomicznej i&nbsp;hotelarskiej z&nbsp;kt\u00f3rymi wsp\u00f3\u0142pracuje szko\u0142a. Takie spotkania odbywaj\u0105 si\u0119 cyklicznie i&nbsp;por\u00f3wnanie sta\u017cy zagranicznych z&nbsp;praktykami odbywaj\u0105cymi si\u0119 w&nbsp;krajowych przedsi\u0119biorstwach i&nbsp;urz\u0119dach przyczyni si\u0119 do&nbsp;podniesienia jako\u015bci procesu kszta\u0142cenia zawodowego realizowanego&nbsp; w&nbsp;szkole. Kierownik szkolenia praktycznego poinformuje o&nbsp;rezultatach projektu przedstawicieli Izby Rzemie\u015blniczej w&nbsp;Szczecinie, z&nbsp;kt\u00f3r\u0105 ZSP w&nbsp;Chojnie wsp\u00f3\u0142pracuje.<br>Rezultaty projektu \u201eEuropejska jako\u015b\u0107 w&nbsp;kszta\u0142ceniu zawodowym\u201d zostan\u0105 przedstawione podczas corocznego zgromadzenia przedstawicieli Zwi\u0105zku Miast Partnerskich Douzelage w&nbsp;Bad K\u00f6tzting (Niemcy). Do&nbsp;organizacji nale\u017cy po&nbsp;jednym mie\u015bcie z&nbsp;26&nbsp;pa\u0144stw Unii Europejskiej. W&nbsp;obradach zgromadzenia bior\u0105 udzia\u0142 m. in. dyrektorzy szk\u00f3\u0142 i&nbsp;przedstawiciele bran\u017cy budowlanej i&nbsp;informatycznej, gastronomicznej i&nbsp;hotelarskiej. &nbsp;Koordynator projektu \u201eEuropejska jako\u015b\u0107 w&nbsp;kszta\u0142ceniu zawodowym\u201d jest przewodnicz\u0105cym Stowarzyszenia Douzelage. Opis rezultat\u00f3w projektu znajdzie si\u0119 na&nbsp;stronie www.douzelage.org w&nbsp;j\u0119zyku angielskim.<br>Informacje o&nbsp;projekcie, w&nbsp;ramach dzia\u0142a\u0144 promocyjno-upowszechniaj\u0105cych, znajd\u0105 si\u0119 na&nbsp;\u0142amach prasy lokalnej i&nbsp;lokalnych portali internetowych, gdzie grupami docelowymi jest szeroki przekr\u00f3j reprezentant\u00f3w spo\u0142eczno\u015bci lokalnej.<\/p>\n","protected":false},"excerpt":{"rendered":"<p>Europejska jako\u015b\u0107 w&nbsp;kszta\u0142ceniu zawodowymERASMUS + Kszta\u0142cenie i&nbsp;szkolenie zawodoweKA1 \u2013 Mobilno\u015b\u0107 edukacyjna\u201eEuropejska jako\u015b\u0107 w&nbsp;kszta\u0142ceniu zawodowym\u201dNr&nbsp;umowy\/ projektu: 2017-1-PL01-KA116-036115Data rozpocz\u0119cia i&nbsp;zako\u0144czenia projektu: 01.10.2017 \u2013 30.09.2018&nbsp;r.Przyznane dofinansowanie: 82&nbsp;195,00&nbsp;EUR Projekt \u201eEuropejska jako\u015b\u0107 w\u00a0kszta\u0142ceniu zawodowym\u201d b\u0119dzie [&hellip;]<\/p>\n","protected":false},"author":1,"featured_media":0,"parent":0,"menu_order":0,"comment_status":"closed","ping_status":"closed","template":"","meta":{"footnotes":""},"class_list":["post-4337","page","type-page","status-publish","hentry"],"yoast_head":"<!-- This site is optimized with the Yoast SEO plugin v20.13 - https:\/\/yoast.com\/wordpress\/plugins\/seo\/ -->\n<title>\u201eEuropejska jako\u015b\u0107 w kszta\u0142ceniu zawodowym\u201d - ZSP w Chojnie<\/title>\n<meta name=\"robots\" content=\"index, follow, max-snippet:-1, max-image-preview:large, max-video-preview:-1\" \/>\n<link rel=\"canonical\" href=\"https:\/\/zsp1chojna.pl\/?page_id=4337\" \/>\n<meta property=\"og:locale\" content=\"pl_PL\" \/>\n<meta property=\"og:type\" content=\"article\" \/>\n<meta property=\"og:title\" content=\"\u201eEuropejska jako\u015b\u0107 w kszta\u0142ceniu zawodowym\u201d - ZSP w Chojnie\" \/>\n<meta property=\"og:description\" content=\"Europejska jako\u015b\u0107 w&nbsp;kszta\u0142ceniu zawodowymERASMUS + Kszta\u0142cenie i&nbsp;szkolenie zawodoweKA1 \u2013 Mobilno\u015b\u0107 edukacyjna\u201eEuropejska jako\u015b\u0107 w&nbsp;kszta\u0142ceniu zawodowym\u201dNr&nbsp;umowy\/ projektu: 2017-1-PL01-KA116-036115Data rozpocz\u0119cia i&nbsp;zako\u0144czenia projektu: 01.10.2017 \u2013 30.09.2018&nbsp;r.Przyznane dofinansowanie: 82&nbsp;195,00&nbsp;EUR Projekt \u201eEuropejska jako\u015b\u0107 w\u00a0kszta\u0142ceniu zawodowym\u201d b\u0119dzie [&hellip;]\" \/>\n<meta property=\"og:url\" content=\"https:\/\/zsp1chojna.pl\/?page_id=4337\" \/>\n<meta property=\"og:site_name\" content=\"ZSP w Chojnie\" \/>\n<meta property=\"article:modified_time\" content=\"2023-09-04T15:32:03+00:00\" \/>\n<meta name=\"twitter:card\" content=\"summary_large_image\" \/>\n<meta name=\"twitter:label1\" content=\"Szacowany czas czytania\" \/>\n\t<meta name=\"twitter:data1\" content=\"5 minut\" \/>\n<script type=\"application\/ld+json\" class=\"yoast-schema-graph\">{\"@context\":\"https:\/\/schema.org\",\"@graph\":[{\"@type\":\"WebPage\",\"@id\":\"https:\/\/zsp1chojna.pl\/?page_id=4337\",\"url\":\"https:\/\/zsp1chojna.pl\/?page_id=4337\",\"name\":\"\u201eEuropejska jako\u015b\u0107 w kszta\u0142ceniu zawodowym\u201d - ZSP w Chojnie\",\"isPartOf\":{\"@id\":\"https:\/\/zsp1chojna.pl\/#website\"},\"datePublished\":\"2023-09-04T15:30:11+00:00\",\"dateModified\":\"2023-09-04T15:32:03+00:00\",\"breadcrumb\":{\"@id\":\"https:\/\/zsp1chojna.pl\/?page_id=4337#breadcrumb\"},\"inLanguage\":\"pl-PL\",\"potentialAction\":[{\"@type\":\"ReadAction\",\"target\":[\"https:\/\/zsp1chojna.pl\/?page_id=4337\"]}]},{\"@type\":\"BreadcrumbList\",\"@id\":\"https:\/\/zsp1chojna.pl\/?page_id=4337#breadcrumb\",\"itemListElement\":[{\"@type\":\"ListItem\",\"position\":1,\"name\":\"Home\",\"item\":\"https:\/\/zsp1chojna.pl\/\"},{\"@type\":\"ListItem\",\"position\":2,\"name\":\"\u201eEuropejska jako\u015b\u0107 w kszta\u0142ceniu zawodowym\u201d\"}]},{\"@type\":\"WebSite\",\"@id\":\"https:\/\/zsp1chojna.pl\/#website\",\"url\":\"https:\/\/zsp1chojna.pl\/\",\"name\":\"ZSP w Chojnie\",\"description\":\"\",\"publisher\":{\"@id\":\"https:\/\/zsp1chojna.pl\/#organization\"},\"potentialAction\":[{\"@type\":\"SearchAction\",\"target\":{\"@type\":\"EntryPoint\",\"urlTemplate\":\"https:\/\/zsp1chojna.pl\/?s={search_term_string}\"},\"query-input\":\"required name=search_term_string\"}],\"inLanguage\":\"pl-PL\"},{\"@type\":\"Organization\",\"@id\":\"https:\/\/zsp1chojna.pl\/#organization\",\"name\":\"ZSP w Chojnie\",\"url\":\"https:\/\/zsp1chojna.pl\/\",\"logo\":{\"@type\":\"ImageObject\",\"inLanguage\":\"pl-PL\",\"@id\":\"https:\/\/zsp1chojna.pl\/#\/schema\/logo\/image\/\",\"url\":\"https:\/\/zsp1chojna.pl\/wp-content\/uploads\/2023\/08\/cropped-cropped-cropped-Logo-biale-napis-na-3-wiersze_504-1.png\",\"contentUrl\":\"https:\/\/zsp1chojna.pl\/wp-content\/uploads\/2023\/08\/cropped-cropped-cropped-Logo-biale-napis-na-3-wiersze_504-1.png\",\"width\":504,\"height\":167,\"caption\":\"ZSP w Chojnie\"},\"image\":{\"@id\":\"https:\/\/zsp1chojna.pl\/#\/schema\/logo\/image\/\"}}]}<\/script>\n<!-- \/ Yoast SEO plugin. -->","yoast_head_json":{"title":"\u201eEuropejska jako\u015b\u0107 w kszta\u0142ceniu zawodowym\u201d - ZSP w Chojnie","robots":{"index":"index","follow":"follow","max-snippet":"max-snippet:-1","max-image-preview":"max-image-preview:large","max-video-preview":"max-video-preview:-1"},"canonical":"https:\/\/zsp1chojna.pl\/?page_id=4337","og_locale":"pl_PL","og_type":"article","og_title":"\u201eEuropejska jako\u015b\u0107 w kszta\u0142ceniu zawodowym\u201d - ZSP w Chojnie","og_description":"Europejska jako\u015b\u0107 w&nbsp;kszta\u0142ceniu zawodowymERASMUS + Kszta\u0142cenie i&nbsp;szkolenie zawodoweKA1 \u2013 Mobilno\u015b\u0107 edukacyjna\u201eEuropejska jako\u015b\u0107 w&nbsp;kszta\u0142ceniu zawodowym\u201dNr&nbsp;umowy\/ projektu: 2017-1-PL01-KA116-036115Data rozpocz\u0119cia i&nbsp;zako\u0144czenia projektu: 01.10.2017 \u2013 30.09.2018&nbsp;r.Przyznane dofinansowanie: 82&nbsp;195,00&nbsp;EUR Projekt \u201eEuropejska jako\u015b\u0107 w\u00a0kszta\u0142ceniu zawodowym\u201d b\u0119dzie [&hellip;]","og_url":"https:\/\/zsp1chojna.pl\/?page_id=4337","og_site_name":"ZSP w Chojnie","article_modified_time":"2023-09-04T15:32:03+00:00","twitter_card":"summary_large_image","twitter_misc":{"Szacowany czas czytania":"5 minut"},"schema":{"@context":"https:\/\/schema.org","@graph":[{"@type":"WebPage","@id":"https:\/\/zsp1chojna.pl\/?page_id=4337","url":"https:\/\/zsp1chojna.pl\/?page_id=4337","name":"\u201eEuropejska jako\u015b\u0107 w kszta\u0142ceniu zawodowym\u201d - ZSP w Chojnie","isPartOf":{"@id":"https:\/\/zsp1chojna.pl\/#website"},"datePublished":"2023-09-04T15:30:11+00:00","dateModified":"2023-09-04T15:32:03+00:00","breadcrumb":{"@id":"https:\/\/zsp1chojna.pl\/?page_id=4337#breadcrumb"},"inLanguage":"pl-PL","potentialAction":[{"@type":"ReadAction","target":["https:\/\/zsp1chojna.pl\/?page_id=4337"]}]},{"@type":"BreadcrumbList","@id":"https:\/\/zsp1chojna.pl\/?page_id=4337#breadcrumb","itemListElement":[{"@type":"ListItem","position":1,"name":"Home","item":"https:\/\/zsp1chojna.pl\/"},{"@type":"ListItem","position":2,"name":"\u201eEuropejska jako\u015b\u0107 w kszta\u0142ceniu zawodowym\u201d"}]},{"@type":"WebSite","@id":"https:\/\/zsp1chojna.pl\/#website","url":"https:\/\/zsp1chojna.pl\/","name":"ZSP w Chojnie","description":"","publisher":{"@id":"https:\/\/zsp1chojna.pl\/#organization"},"potentialAction":[{"@type":"SearchAction","target":{"@type":"EntryPoint","urlTemplate":"https:\/\/zsp1chojna.pl\/?s={search_term_string}"},"query-input":"required name=search_term_string"}],"inLanguage":"pl-PL"},{"@type":"Organization","@id":"https:\/\/zsp1chojna.pl\/#organization","name":"ZSP w Chojnie","url":"https:\/\/zsp1chojna.pl\/","logo":{"@type":"ImageObject","inLanguage":"pl-PL","@id":"https:\/\/zsp1chojna.pl\/#\/schema\/logo\/image\/","url":"https:\/\/zsp1chojna.pl\/wp-content\/uploads\/2023\/08\/cropped-cropped-cropped-Logo-biale-napis-na-3-wiersze_504-1.png","contentUrl":"https:\/\/zsp1chojna.pl\/wp-content\/uploads\/2023\/08\/cropped-cropped-cropped-Logo-biale-napis-na-3-wiersze_504-1.png","width":504,"height":167,"caption":"ZSP w Chojnie"},"image":{"@id":"https:\/\/zsp1chojna.pl\/#\/schema\/logo\/image\/"}}]}},"_links":{"self":[{"href":"https:\/\/zsp1chojna.pl\/index.php?rest_route=\/wp\/v2\/pages\/4337","targetHints":{"allow":["GET"]}}],"collection":[{"href":"https:\/\/zsp1chojna.pl\/index.php?rest_route=\/wp\/v2\/pages"}],"about":[{"href":"https:\/\/zsp1chojna.pl\/index.php?rest_route=\/wp\/v2\/types\/page"}],"author":[{"embeddable":true,"href":"https:\/\/zsp1chojna.pl\/index.php?rest_route=\/wp\/v2\/users\/1"}],"replies":[{"embeddable":true,"href":"https:\/\/zsp1chojna.pl\/index.php?rest_route=%2Fwp%2Fv2%2Fcomments&post=4337"}],"version-history":[{"count":2,"href":"https:\/\/zsp1chojna.pl\/index.php?rest_route=\/wp\/v2\/pages\/4337\/revisions"}],"predecessor-version":[{"id":4343,"href":"https:\/\/zsp1chojna.pl\/index.php?rest_route=\/wp\/v2\/pages\/4337\/revisions\/4343"}],"wp:attachment":[{"href":"https:\/\/zsp1chojna.pl\/index.php?rest_route=%2Fwp%2Fv2%2Fmedia&parent=4337"}],"curies":[{"name":"wp","href":"https:\/\/api.w.org\/{rel}","templated":true}]}}