{"id":4316,"date":"2023-09-04T17:09:03","date_gmt":"2023-09-04T15:09:03","guid":{"rendered":"https:\/\/zsp1chojna.pl\/?page_id=4316"},"modified":"2023-09-04T17:10:35","modified_gmt":"2023-09-04T15:10:35","slug":"podnoszenie-jakosci-ksztalcenia-zawodowego-poprzez-realizacje-zagranicznych-stazy-opis","status":"publish","type":"page","link":"https:\/\/zsp1chojna.pl\/?page_id=4316","title":{"rendered":"\u201ePodnoszenie jako\u015bci kszta\u0142cenia zawodowego poprzez realizacj\u0119 zagranicznych sta\u017cy\u201d"},"content":{"rendered":"\n<p class=\"has-text-align-center\"><strong>Podnoszenie jako\u015bci kszta\u0142cenia zawodowego poprzez realizacj\u0119 zagranicznych sta\u017cy<\/strong><br><strong>ERASMUS + Kszta\u0142cenie i szkolenie zawodowe<br>KA1 \u2013 Mobilno\u015b\u0107 edukacyjna<br>\u201ePodnoszenie jako\u015bci w kszta\u0142ceniu zawodowym poprzez realizacj\u0119 zagranicznych sta\u017cy\u201d<br>Nr umowy\/ projektu: 2018-1-PL01-KA116-048197<br>Data rozpocz\u0119cia i zako\u0144czenia projektu: 01.10.2018 \u2013 30.09.2019 r.<br>Przyznane dofinansowanie: 83 034,00 EUR<\/strong><\/p>\n\n\n\n<p class=\"has-text-align-justify\">Projekt pn.: \u201ePodnoszenie jako\u015bci kszta\u0142cenia zawodowego poprzez realizacj\u0119 zagranicznych sta\u017cy\u201d b\u0119dzie polega\u0142 na odbyciu 4-tygodniowych sta\u017cy przez 26 uczni\u00f3w Technikum Zawodowego w zawodach technik informatyk, technik budownictwa, technik \u017cywienia i us\u0142ug gastronomicznych i technik hotelarstwa, kt\u00f3re wchodz\u0105 w sk\u0142ad Zespo\u0142u Szk\u00f3\u0142 Ponadgimnazjalnych w Chojnie, 5-dniowych szkole\u0144 w przedsi\u0119biorstwie informatycznym kadry nauczycieli przedmiot\u00f3w zawodowych w obszarze informatyki oraz prowadzenie dw\u00f3ch 3-dniowych zaj\u0119\u0107\/szkole\u0144 przez przedsi\u0119biorc\u00f3w zagranicznych z bran\u017c gastronomicznej i hotelarskiej. Sta\u017ce odb\u0119d\u0105 si\u0119 w przedsi\u0119biorstwach w Anglii, W\u0119grzech, Luksemburgu i na Malcie, szkolenie nauczycieli b\u0119dzie mia\u0142o miejsce na W\u0119grzech, przedsi\u0119biorcy z Malty i Anglii b\u0119d\u0105 prowadzi\u0107 zaj\u0119cia\/szkolenia w siedzibie organizacji wnioskuj\u0105cej. W projekcie opr\u00f3cz partnera wysy\u0142aj\u0105cego uczestnicz\u0105 nast\u0119puj\u0105cy partnerzy przyjmuj\u0105cy:<br>Anglia: <br>\u2013 <strong>The Bakehouse B&amp;B,<br>\u2013 The Eastbury (Sherborne) Ltd,<br>\u2013 The Grange at Oborne.<\/strong><br>W\u0119gry:<br><strong>\u2013 Remicro Kft,<\/strong><br><strong>\u2013 Szarnyas Kft.<\/strong><br>Malta:<br>\u2013<strong> Bilom Construction Ltd,<br>\u2013 Driegh Ltd<br>\u2013 Illusions Ltd<\/strong><br>Luksemburg:<br><strong>\u2013 Cloud Managed Data S.A.<\/strong><\/p>\n\n\n\n<p class=\"has-text-align-justify\">Projekt jest zgodny z g\u0142\u00f3wnymi za\u0142o\u017ceniami strategii umi\u0119dzynarodowienia Zespo\u0142u Szk\u00f3\u0142 Ponadgimnazjalnych w Chojnie, kt\u00f3re zak\u0142adaj\u0105 mi\u0119dzy innymi rozszerzenie odbywania sta\u017cy zagranicznych o uczni\u00f3w kszta\u0142c\u0105cych si\u0119 w zawodach technik informatyk i technik budownictwa, zwi\u0119kszenie ich liczby, obj\u0119cie szkoleniami w instytucjach zagranicznych nauczycieli przedmiot\u00f3w zawodowych, a tak\u017ce pozyskiwanie nowych partner\u00f3w zagranicznych do realizacji mobilno\u015bci zawodowych. Projekt \u201eEuropejska jako\u015b\u0107 w szkoleniu zawodowym\u201d b\u0119dzie r\u00f3wnie\u017c realizowa\u0142 cel zak\u0142adaj\u0105cy budowanie wizerunku ZSP w Chojnie, jako instytucji podejmuj\u0105cej skuteczn\u0105 wsp\u00f3\u0142prac\u0119 mi\u0119dzynarodow\u0105.<br>Grupa uczni\u00f3w i nauczycieli zostanie wdro\u017cona do edukacyjnej i zawodowej mobilno\u015bci, co mo\u017ce w przysz\u0142o\u015bci u\u0142atwi\u0107 im \u017cycie i karier\u0119 zawodow\u0105. Uczestnicy projektu zostan\u0105 zapoznani z korzy\u015bciami p\u0142yn\u0105cymi z mobilno\u015bci edukacyjnych, zostanie wzmocnione ich poczucie to\u017csamo\u015bci europejskiej. Sta\u017cy\u015bci poprawi\u0105 znajomo\u015b\u0107 j\u0119zyka angielskiego, umiej\u0119tno\u015bci zawodowe, wzmocni si\u0119 ich poczucie w\u0142asnej warto\u015bci, pewno\u015bci siebie i samodzielno\u015bci. Program szkolenia zawodowego realizowany w szkole zostanie zweryfikowany w konfrontacji z wymaganiami stawianymi przez funkcjonuj\u0105ce na rynku europejskim przedsi\u0119biorstwa. Przedsi\u0119biorcy bran\u017cy informatyczne i budowlanej przeprowadz\u0105 zaj\u0119cia i szkolenia w instytucji wysy\u0142aj\u0105cej, co umo\u017cliwi zapoznanie si\u0119 uczni\u00f3w i nauczycieli, kt\u00f3rzy nie uczestnicz\u0105 w mobilno\u015bciach zagranicznych, z wymaganiami obowi\u0105zuj\u0105cymi na europejskim rynku pracy. Podczas mobilno\u015bci os\u00f3b ucz\u0105cych si\u0119 w projekcie \u201ePodnoszenie jako\u015bci kszta\u0142cenia zawodowego poprzez realizacj\u0119 zagranicznych sta\u017cy\u201d zostanie wykorzystany system ECVET.<\/p>\n\n\n\n<p class=\"has-text-align-justify\">Uczniowie uczestnicz\u0105cy w projekcie \u201e\u201ePodnoszenie jako\u015bci kszta\u0142cenia zawodowego poprzez realizacj\u0119 zagranicznych sta\u017cy\u201d zostan\u0105 wy\u0142onieni spo\u015br\u00f3d ucz\u0119szczaj\u0105cych do klas drugich i trzecich Technikum Zawodowego. Do klas, w kt\u00f3rych zostanie przeprowadzona rekrutacja, ucz\u0119szcza m\u0142odzie\u017c mieszkaj\u0105ca na wsi i w ma\u0142ych miasteczkach. Wszystkie sta\u017ce b\u0119d\u0105 jednocze\u015bnie obowi\u0105zkowymi praktykami zawodowymi realizowanymi przez uczni\u00f3w. Nauczyciele budowlanych przedmiot\u00f3w zawodowych , kt\u00f3rzy odb\u0119d\u0105 szkolenia zagraniczne w formie \u201ajob shadowing\u2019, b\u0119d\u0105 po raz pierwszy uczestniczyli w tego rodzaju mobilno\u015bci podnosz\u0105cej ich profesjonalne umiej\u0119tno\u015bci.<br>Ka\u017cdej grupie uczni\u00f3w odbywaj\u0105cych sta\u017ce w jednej miejscowo\u015bci b\u0119dzie towarzyszy\u0142 opiekun z ramienia instytucji wysy\u0142aj\u0105cej, ZSP w Chojnie. Jest to konieczne ze wzgl\u0119du na uwarunkowania prawne obowi\u0105zuj\u0105ce w szkole<\/p>\n","protected":false},"excerpt":{"rendered":"<p>Podnoszenie jako\u015bci kszta\u0142cenia zawodowego poprzez realizacj\u0119 zagranicznych sta\u017cyERASMUS + Kszta\u0142cenie i szkolenie zawodoweKA1 \u2013 Mobilno\u015b\u0107 edukacyjna\u201ePodnoszenie jako\u015bci w kszta\u0142ceniu zawodowym poprzez realizacj\u0119 zagranicznych sta\u017cy\u201dNr umowy\/ projektu: 2018-1-PL01-KA116-048197Data rozpocz\u0119cia i zako\u0144czenia [&hellip;]<\/p>\n","protected":false},"author":1,"featured_media":0,"parent":0,"menu_order":0,"comment_status":"closed","ping_status":"closed","template":"","meta":{"footnotes":""},"class_list":["post-4316","page","type-page","status-publish","hentry"],"yoast_head":"<!-- This site is optimized with the Yoast SEO plugin v20.13 - https:\/\/yoast.com\/wordpress\/plugins\/seo\/ -->\n<title>\u201ePodnoszenie jako\u015bci kszta\u0142cenia zawodowego poprzez realizacj\u0119 zagranicznych sta\u017cy\u201d - ZSP w Chojnie<\/title>\n<meta name=\"robots\" content=\"index, follow, max-snippet:-1, max-image-preview:large, max-video-preview:-1\" \/>\n<link rel=\"canonical\" href=\"https:\/\/zsp1chojna.pl\/?page_id=4316\" \/>\n<meta property=\"og:locale\" content=\"pl_PL\" \/>\n<meta property=\"og:type\" content=\"article\" \/>\n<meta property=\"og:title\" content=\"\u201ePodnoszenie jako\u015bci kszta\u0142cenia zawodowego poprzez realizacj\u0119 zagranicznych sta\u017cy\u201d - ZSP w Chojnie\" \/>\n<meta property=\"og:description\" content=\"Podnoszenie jako\u015bci kszta\u0142cenia zawodowego poprzez realizacj\u0119 zagranicznych sta\u017cyERASMUS + Kszta\u0142cenie i szkolenie zawodoweKA1 \u2013 Mobilno\u015b\u0107 edukacyjna\u201ePodnoszenie jako\u015bci w kszta\u0142ceniu zawodowym poprzez realizacj\u0119 zagranicznych sta\u017cy\u201dNr umowy\/ projektu: 2018-1-PL01-KA116-048197Data rozpocz\u0119cia i zako\u0144czenia [&hellip;]\" \/>\n<meta property=\"og:url\" content=\"https:\/\/zsp1chojna.pl\/?page_id=4316\" \/>\n<meta property=\"og:site_name\" content=\"ZSP w Chojnie\" \/>\n<meta property=\"article:modified_time\" content=\"2023-09-04T15:10:35+00:00\" \/>\n<meta name=\"twitter:card\" content=\"summary_large_image\" \/>\n<meta name=\"twitter:label1\" content=\"Szacowany czas czytania\" \/>\n\t<meta name=\"twitter:data1\" content=\"3 minuty\" \/>\n<script type=\"application\/ld+json\" class=\"yoast-schema-graph\">{\"@context\":\"https:\/\/schema.org\",\"@graph\":[{\"@type\":\"WebPage\",\"@id\":\"https:\/\/zsp1chojna.pl\/?page_id=4316\",\"url\":\"https:\/\/zsp1chojna.pl\/?page_id=4316\",\"name\":\"\u201ePodnoszenie jako\u015bci kszta\u0142cenia zawodowego poprzez realizacj\u0119 zagranicznych sta\u017cy\u201d - ZSP w Chojnie\",\"isPartOf\":{\"@id\":\"https:\/\/zsp1chojna.pl\/#website\"},\"datePublished\":\"2023-09-04T15:09:03+00:00\",\"dateModified\":\"2023-09-04T15:10:35+00:00\",\"breadcrumb\":{\"@id\":\"https:\/\/zsp1chojna.pl\/?page_id=4316#breadcrumb\"},\"inLanguage\":\"pl-PL\",\"potentialAction\":[{\"@type\":\"ReadAction\",\"target\":[\"https:\/\/zsp1chojna.pl\/?page_id=4316\"]}]},{\"@type\":\"BreadcrumbList\",\"@id\":\"https:\/\/zsp1chojna.pl\/?page_id=4316#breadcrumb\",\"itemListElement\":[{\"@type\":\"ListItem\",\"position\":1,\"name\":\"Home\",\"item\":\"https:\/\/zsp1chojna.pl\/\"},{\"@type\":\"ListItem\",\"position\":2,\"name\":\"\u201ePodnoszenie jako\u015bci kszta\u0142cenia zawodowego poprzez realizacj\u0119 zagranicznych sta\u017cy\u201d\"}]},{\"@type\":\"WebSite\",\"@id\":\"https:\/\/zsp1chojna.pl\/#website\",\"url\":\"https:\/\/zsp1chojna.pl\/\",\"name\":\"ZSP w Chojnie\",\"description\":\"\",\"publisher\":{\"@id\":\"https:\/\/zsp1chojna.pl\/#organization\"},\"potentialAction\":[{\"@type\":\"SearchAction\",\"target\":{\"@type\":\"EntryPoint\",\"urlTemplate\":\"https:\/\/zsp1chojna.pl\/?s={search_term_string}\"},\"query-input\":\"required name=search_term_string\"}],\"inLanguage\":\"pl-PL\"},{\"@type\":\"Organization\",\"@id\":\"https:\/\/zsp1chojna.pl\/#organization\",\"name\":\"ZSP w Chojnie\",\"url\":\"https:\/\/zsp1chojna.pl\/\",\"logo\":{\"@type\":\"ImageObject\",\"inLanguage\":\"pl-PL\",\"@id\":\"https:\/\/zsp1chojna.pl\/#\/schema\/logo\/image\/\",\"url\":\"https:\/\/zsp1chojna.pl\/wp-content\/uploads\/2023\/08\/cropped-cropped-cropped-Logo-biale-napis-na-3-wiersze_504-1.png\",\"contentUrl\":\"https:\/\/zsp1chojna.pl\/wp-content\/uploads\/2023\/08\/cropped-cropped-cropped-Logo-biale-napis-na-3-wiersze_504-1.png\",\"width\":504,\"height\":167,\"caption\":\"ZSP w Chojnie\"},\"image\":{\"@id\":\"https:\/\/zsp1chojna.pl\/#\/schema\/logo\/image\/\"}}]}<\/script>\n<!-- \/ Yoast SEO plugin. -->","yoast_head_json":{"title":"\u201ePodnoszenie jako\u015bci kszta\u0142cenia zawodowego poprzez realizacj\u0119 zagranicznych sta\u017cy\u201d - ZSP w Chojnie","robots":{"index":"index","follow":"follow","max-snippet":"max-snippet:-1","max-image-preview":"max-image-preview:large","max-video-preview":"max-video-preview:-1"},"canonical":"https:\/\/zsp1chojna.pl\/?page_id=4316","og_locale":"pl_PL","og_type":"article","og_title":"\u201ePodnoszenie jako\u015bci kszta\u0142cenia zawodowego poprzez realizacj\u0119 zagranicznych sta\u017cy\u201d - ZSP w Chojnie","og_description":"Podnoszenie jako\u015bci kszta\u0142cenia zawodowego poprzez realizacj\u0119 zagranicznych sta\u017cyERASMUS + Kszta\u0142cenie i szkolenie zawodoweKA1 \u2013 Mobilno\u015b\u0107 edukacyjna\u201ePodnoszenie jako\u015bci w kszta\u0142ceniu zawodowym poprzez realizacj\u0119 zagranicznych sta\u017cy\u201dNr umowy\/ projektu: 2018-1-PL01-KA116-048197Data rozpocz\u0119cia i zako\u0144czenia [&hellip;]","og_url":"https:\/\/zsp1chojna.pl\/?page_id=4316","og_site_name":"ZSP w Chojnie","article_modified_time":"2023-09-04T15:10:35+00:00","twitter_card":"summary_large_image","twitter_misc":{"Szacowany czas czytania":"3 minuty"},"schema":{"@context":"https:\/\/schema.org","@graph":[{"@type":"WebPage","@id":"https:\/\/zsp1chojna.pl\/?page_id=4316","url":"https:\/\/zsp1chojna.pl\/?page_id=4316","name":"\u201ePodnoszenie jako\u015bci kszta\u0142cenia zawodowego poprzez realizacj\u0119 zagranicznych sta\u017cy\u201d - ZSP w Chojnie","isPartOf":{"@id":"https:\/\/zsp1chojna.pl\/#website"},"datePublished":"2023-09-04T15:09:03+00:00","dateModified":"2023-09-04T15:10:35+00:00","breadcrumb":{"@id":"https:\/\/zsp1chojna.pl\/?page_id=4316#breadcrumb"},"inLanguage":"pl-PL","potentialAction":[{"@type":"ReadAction","target":["https:\/\/zsp1chojna.pl\/?page_id=4316"]}]},{"@type":"BreadcrumbList","@id":"https:\/\/zsp1chojna.pl\/?page_id=4316#breadcrumb","itemListElement":[{"@type":"ListItem","position":1,"name":"Home","item":"https:\/\/zsp1chojna.pl\/"},{"@type":"ListItem","position":2,"name":"\u201ePodnoszenie jako\u015bci kszta\u0142cenia zawodowego poprzez realizacj\u0119 zagranicznych sta\u017cy\u201d"}]},{"@type":"WebSite","@id":"https:\/\/zsp1chojna.pl\/#website","url":"https:\/\/zsp1chojna.pl\/","name":"ZSP w Chojnie","description":"","publisher":{"@id":"https:\/\/zsp1chojna.pl\/#organization"},"potentialAction":[{"@type":"SearchAction","target":{"@type":"EntryPoint","urlTemplate":"https:\/\/zsp1chojna.pl\/?s={search_term_string}"},"query-input":"required name=search_term_string"}],"inLanguage":"pl-PL"},{"@type":"Organization","@id":"https:\/\/zsp1chojna.pl\/#organization","name":"ZSP w Chojnie","url":"https:\/\/zsp1chojna.pl\/","logo":{"@type":"ImageObject","inLanguage":"pl-PL","@id":"https:\/\/zsp1chojna.pl\/#\/schema\/logo\/image\/","url":"https:\/\/zsp1chojna.pl\/wp-content\/uploads\/2023\/08\/cropped-cropped-cropped-Logo-biale-napis-na-3-wiersze_504-1.png","contentUrl":"https:\/\/zsp1chojna.pl\/wp-content\/uploads\/2023\/08\/cropped-cropped-cropped-Logo-biale-napis-na-3-wiersze_504-1.png","width":504,"height":167,"caption":"ZSP w Chojnie"},"image":{"@id":"https:\/\/zsp1chojna.pl\/#\/schema\/logo\/image\/"}}]}},"_links":{"self":[{"href":"https:\/\/zsp1chojna.pl\/index.php?rest_route=\/wp\/v2\/pages\/4316","targetHints":{"allow":["GET"]}}],"collection":[{"href":"https:\/\/zsp1chojna.pl\/index.php?rest_route=\/wp\/v2\/pages"}],"about":[{"href":"https:\/\/zsp1chojna.pl\/index.php?rest_route=\/wp\/v2\/types\/page"}],"author":[{"embeddable":true,"href":"https:\/\/zsp1chojna.pl\/index.php?rest_route=\/wp\/v2\/users\/1"}],"replies":[{"embeddable":true,"href":"https:\/\/zsp1chojna.pl\/index.php?rest_route=%2Fwp%2Fv2%2Fcomments&post=4316"}],"version-history":[{"count":3,"href":"https:\/\/zsp1chojna.pl\/index.php?rest_route=\/wp\/v2\/pages\/4316\/revisions"}],"predecessor-version":[{"id":4320,"href":"https:\/\/zsp1chojna.pl\/index.php?rest_route=\/wp\/v2\/pages\/4316\/revisions\/4320"}],"wp:attachment":[{"href":"https:\/\/zsp1chojna.pl\/index.php?rest_route=%2Fwp%2Fv2%2Fmedia&parent=4316"}],"curies":[{"name":"wp","href":"https:\/\/api.w.org\/{rel}","templated":true}]}}