{"id":3444,"date":"2023-08-31T09:04:16","date_gmt":"2023-08-31T07:04:16","guid":{"rendered":"https:\/\/zsp1chojna.pl\/?page_id=3444"},"modified":"2023-08-31T09:07:33","modified_gmt":"2023-08-31T07:07:33","slug":"wysokiej-jakosci-staze-klucze-do-dobrej-pracy-opis","status":"publish","type":"page","link":"https:\/\/zsp1chojna.pl\/?page_id=3444","title":{"rendered":"\u201eWysokiej jako\u015bci sta\u017ce klucze do\u00a0dobrej pracy\u201d"},"content":{"rendered":"\n<p class=\"has-text-align-justify\">Projekt \u201cWysokiej jako\u015bci sta\u017ce kluczem do\u00a0dobrej pracy\u201d b\u0119dzie polega\u0142 na\u00a0odbyciu 4-tygodniowych sta\u017cy przez\u00a026\u00a0uczni\u00f3w Technikum Zawodowego w\u00a0zawodach technik informatyk, technik budownictwa, technik \u017cywienia i\u00a0us\u0142ug gastronomicznych, technik hotelarstwa oraz\u00a0Bran\u017cowej Szko\u0142y I\u00a0stopnia w\u00a0zawodzie monter zabudowy i\u00a0rob\u00f3t wyko\u0144czeniowych w\u00a0budownictwie, kt\u00f3re wchodz\u0105 w sk\u0142ad Zespo\u0142u Szk\u00f3\u0142 Ponadpodstawowych w\u00a0Chojnie oraz\u00a05- dniowego sta\u017cu w\u00a0przedsi\u0119biorstwie budowlanym dw\u00f3ch nauczycieli przedmiot\u00f3w zawodowych w\u00a0obszarze budownictwa. Sta\u017ce odb\u0119d\u0105 si\u0119 w\u00a0przedsi\u0119biorstwach na\u00a0W\u0119grzech, w\u00a0Rumunii i\u00a0na\u00a0Malcie, szkolenie nauczycieli b\u0119dzie mia\u0142o miejsce na\u00a0Malcie.<\/p>\n\n\n\n<p>W&nbsp;projekcie opr\u00f3cz partnera wysy\u0142aj\u0105cego uczestnicz\u0105 nast\u0119puj\u0105cy partnerzy przyjmuj\u0105cy:<\/p>\n\n\n\n<p>W\u0119gry:  <strong>Remicro Kft, \u2013 Szarnyas Kft.<\/strong><br>Malta: <strong>Bilom Construction Ltd., \u2013 Driegh Ltd., \u2013 Uncle Matt\u2019s Ltd., \u2013 Ruth Sarah Farrell, \u2013 Cerviola Hotel Ltd., \u2013 MAXI QUARTZ SPL LTD.<\/strong><br>Rumunia: <strong>Orasul Siret.<\/strong><\/p>\n\n\n\n<p class=\"has-text-align-justify\">Projekt jest zgodny z\u00a0g\u0142\u00f3wnymi za\u0142o\u017ceniami strategii umi\u0119dzynarodowienia Zespo\u0142u Szk\u00f3\u0142 Ponadpodstawowych w\u00a0Chojnie, kt\u00f3re zak\u0142adaj\u0105 mi\u0119dzy innymi rozszerzenie odbywania sta\u017cy zagranicznych o\u00a0uczni\u00f3w kszta\u0142c\u0105cych si\u0119 w\u00a0zawodach technik informatyk i\u00a0technik budownictwa, zwi\u0119kszenie ich liczby, obj\u0119cie szkoleniami w\u00a0instytucjach zagranicznych nauczycieli przedmiot\u00f3w zawodowych, a\u00a0tak\u017ce pozyskiwanie nowych partner\u00f3w zagranicznych do\u00a0realizacji mobilno\u015bci zawodowych. Ze\u00a0wzgl\u0119du na\u00a0brexit oraz\u00a0zmiany strategii firmy informatycznej z\u00a0Luksemburga powsta\u0142a konieczno\u015b\u0107 rozszerzenia grupy partnerskiej i\u00a0pozyskania nowych instytucji przyjmuj\u0105cych. Hotel Cerviola w\u00a0Marsaskali oraz\u00a0Urz\u0105d Miejski w\u00a0Siret (Rumunia) b\u0119d\u0105 po\u00a0raz pierwszy uczestniczyli w projekcie mobilno\u015bci zawodowej Erasmus+. Projekt \u201cWysokiej jako\u015bci sta\u017ce kluczem do\u00a0dobrej pracy\u201d b\u0119dzie r\u00f3wnie\u017c realizowa\u0142 cel zak\u0142adaj\u0105cy budowanie wizerunku ZSP w\u00a0Chojnie, jako instytucji podejmuj\u0105cej skuteczn\u0105 wsp\u00f3\u0142prac\u0119 mi\u0119dzynarodow\u0105. Grupa uczni\u00f3w i\u00a0nauczycieli zostanie wdro\u017cona do\u00a0edukacyjnej i\u00a0zawodowej mobilno\u015bci, co mo\u017ce w\u00a0przysz\u0142o\u015bci u\u0142atwi\u0107 im \u017cycie i\u00a0karier\u0119 zawodow\u0105. Wszystkie sta\u017ce b\u0119d\u0105 odbywa\u0142y si\u0119 w\u00a0przedsi\u0119biorstwach i\u00a0zostan\u0105 zorganizowane bez\u00a0udzia\u0142u instytucji po\u015brednicz\u0105cych. Uczestnicy projektu zostan\u0105 zapoznani z\u00a0korzy\u015bciami p\u0142yn\u0105cymi z mobilno\u015bci edukacyjnych, zostanie wzmocnione ich poczucie to\u017csamo\u015bci europejskiej. Sta\u017cy\u015bci poprawi\u0105 znajomo\u015b\u0107 j\u0119zyka angielskiego, umiej\u0119tno\u015bci zawodowe, wzmocni si\u0119 ich poczucie w\u0142asnej warto\u015bci, pewno\u015bci siebie i\u00a0samodzielno\u015bci. Program szkolenia zawodowego realizowany w\u00a0szkole zostanie zweryfikowany w\u00a0konfrontacji z\u00a0wymaganiami stawianymi przez\u00a0funkcjonuj\u0105ce na\u00a0rynku europejskim przedsi\u0119biorstwa. Podczas mobilno\u015bci os\u00f3b ucz\u0105cych si\u0119, w\u00a0projekcie \u201cWysokiej jako\u015bci sta\u017ce kluczem do\u00a0dobrej pracy\u201d zostanie wykorzystany system ECVET. Uczniowie uczestnicz\u0105cy w projekcie \u201cWysokiej jako\u015bci sta\u017ce kluczem do\u00a0dobrej pracy\u201d zostan\u0105 wy\u0142onieni spo\u015br\u00f3d ucz\u0119szczaj\u0105cych do\u00a0klas drugich i\u00a0trzecich Technikum Zawodowego oraz\u00a0klasy trzeciej Bran\u017cowej Szko\u0142y I\u00a0stopnia w\u00a0zawodzie monter zabudowy i\u00a0rob\u00f3t wyko\u0144czeniowych w\u00a0budownictwie. Uczniowie Bran\u017cowej Szko\u0142y I\u00a0stopnia b\u0119d\u0105 po\u00a0raz drugi uczestniczyli w\u00a0zagranicznych mobilno\u015bciach zawodowych. Do\u00a0klas, w\u00a0kt\u00f3rych\u00a0zostanie przeprowadzona rekrutacja, ucz\u0119szcza m\u0142odzie\u017c mieszkaj\u0105ca na\u00a0wsi i\u00a0w\u00a0ma\u0142ych miasteczkach. Wszystkie sta\u017ce uczni\u00f3w technikum zawodowego, b\u0119d\u0105 jednocze\u015bnie obowi\u0105zkowymi praktykami zawodowymi realizowanymi przez\u00a0uczni\u00f3w. Nauczyciele budowlanych przedmiot\u00f3w zawodowych odb\u0119d\u0105 w\u00a0ramach mobilno\u015bci zagranicznych sta\u017ce\u2019 w\u00a0przedsi\u0119biorstwie. B\u0119dzie to\u00a0mia\u0142o wp\u0142yw na\u00a0podniesienie ich profesjonalnych umiej\u0119tno\u015bci zawodowych. Ka\u017cdej grupie uczni\u00f3w odbywaj\u0105cych sta\u017ce w\u00a0jednej miejscowo\u015bci b\u0119dzie towarzyszy\u0142 opiekun z\u00a0ramienia instytucji wysy\u0142aj\u0105cej, ZSP w\u00a0Chojnie. Jest to\u00a0konieczne ze\u00a0wzgl\u0119du na\u00a0uwarunkowania prawne obowi\u0105zuj\u0105ce<br>w szkole.<\/p>\n","protected":false},"excerpt":{"rendered":"<p>Projekt \u201cWysokiej jako\u015bci sta\u017ce kluczem do\u00a0dobrej pracy\u201d b\u0119dzie polega\u0142 na\u00a0odbyciu 4-tygodniowych sta\u017cy przez\u00a026\u00a0uczni\u00f3w Technikum Zawodowego w\u00a0zawodach technik informatyk, technik budownictwa, technik \u017cywienia i\u00a0us\u0142ug gastronomicznych, technik hotelarstwa oraz\u00a0Bran\u017cowej Szko\u0142y I\u00a0stopnia w\u00a0zawodzie [&hellip;]<\/p>\n","protected":false},"author":1,"featured_media":0,"parent":0,"menu_order":0,"comment_status":"closed","ping_status":"closed","template":"","meta":{"footnotes":""},"class_list":["post-3444","page","type-page","status-publish","hentry"],"yoast_head":"<!-- This site is optimized with the Yoast SEO plugin v20.13 - https:\/\/yoast.com\/wordpress\/plugins\/seo\/ -->\n<title>\u201eWysokiej jako\u015bci sta\u017ce klucze do\u00a0dobrej pracy\u201d - ZSP w Chojnie<\/title>\n<meta name=\"robots\" content=\"index, follow, max-snippet:-1, max-image-preview:large, max-video-preview:-1\" \/>\n<link rel=\"canonical\" href=\"https:\/\/zsp1chojna.pl\/?page_id=3444\" \/>\n<meta property=\"og:locale\" content=\"pl_PL\" \/>\n<meta property=\"og:type\" content=\"article\" \/>\n<meta property=\"og:title\" content=\"\u201eWysokiej jako\u015bci sta\u017ce klucze do\u00a0dobrej pracy\u201d - ZSP w Chojnie\" \/>\n<meta property=\"og:description\" content=\"Projekt \u201cWysokiej jako\u015bci sta\u017ce kluczem do\u00a0dobrej pracy\u201d b\u0119dzie polega\u0142 na\u00a0odbyciu 4-tygodniowych sta\u017cy przez\u00a026\u00a0uczni\u00f3w Technikum Zawodowego w\u00a0zawodach technik informatyk, technik budownictwa, technik \u017cywienia i\u00a0us\u0142ug gastronomicznych, technik hotelarstwa oraz\u00a0Bran\u017cowej Szko\u0142y I\u00a0stopnia w\u00a0zawodzie [&hellip;]\" \/>\n<meta property=\"og:url\" content=\"https:\/\/zsp1chojna.pl\/?page_id=3444\" \/>\n<meta property=\"og:site_name\" content=\"ZSP w Chojnie\" \/>\n<meta property=\"article:modified_time\" content=\"2023-08-31T07:07:33+00:00\" \/>\n<meta name=\"twitter:card\" content=\"summary_large_image\" \/>\n<meta name=\"twitter:label1\" content=\"Szacowany czas czytania\" \/>\n\t<meta name=\"twitter:data1\" content=\"3 minuty\" \/>\n<script type=\"application\/ld+json\" class=\"yoast-schema-graph\">{\"@context\":\"https:\/\/schema.org\",\"@graph\":[{\"@type\":\"WebPage\",\"@id\":\"https:\/\/zsp1chojna.pl\/?page_id=3444\",\"url\":\"https:\/\/zsp1chojna.pl\/?page_id=3444\",\"name\":\"\u201eWysokiej jako\u015bci sta\u017ce klucze do\u00a0dobrej pracy\u201d - ZSP w Chojnie\",\"isPartOf\":{\"@id\":\"https:\/\/zsp1chojna.pl\/#website\"},\"datePublished\":\"2023-08-31T07:04:16+00:00\",\"dateModified\":\"2023-08-31T07:07:33+00:00\",\"breadcrumb\":{\"@id\":\"https:\/\/zsp1chojna.pl\/?page_id=3444#breadcrumb\"},\"inLanguage\":\"pl-PL\",\"potentialAction\":[{\"@type\":\"ReadAction\",\"target\":[\"https:\/\/zsp1chojna.pl\/?page_id=3444\"]}]},{\"@type\":\"BreadcrumbList\",\"@id\":\"https:\/\/zsp1chojna.pl\/?page_id=3444#breadcrumb\",\"itemListElement\":[{\"@type\":\"ListItem\",\"position\":1,\"name\":\"Home\",\"item\":\"https:\/\/zsp1chojna.pl\/\"},{\"@type\":\"ListItem\",\"position\":2,\"name\":\"\u201eWysokiej jako\u015bci sta\u017ce klucze do\u00a0dobrej pracy\u201d\"}]},{\"@type\":\"WebSite\",\"@id\":\"https:\/\/zsp1chojna.pl\/#website\",\"url\":\"https:\/\/zsp1chojna.pl\/\",\"name\":\"ZSP w Chojnie\",\"description\":\"\",\"publisher\":{\"@id\":\"https:\/\/zsp1chojna.pl\/#organization\"},\"potentialAction\":[{\"@type\":\"SearchAction\",\"target\":{\"@type\":\"EntryPoint\",\"urlTemplate\":\"https:\/\/zsp1chojna.pl\/?s={search_term_string}\"},\"query-input\":\"required name=search_term_string\"}],\"inLanguage\":\"pl-PL\"},{\"@type\":\"Organization\",\"@id\":\"https:\/\/zsp1chojna.pl\/#organization\",\"name\":\"ZSP w Chojnie\",\"url\":\"https:\/\/zsp1chojna.pl\/\",\"logo\":{\"@type\":\"ImageObject\",\"inLanguage\":\"pl-PL\",\"@id\":\"https:\/\/zsp1chojna.pl\/#\/schema\/logo\/image\/\",\"url\":\"https:\/\/zsp1chojna.pl\/wp-content\/uploads\/2023\/08\/cropped-cropped-cropped-Logo-biale-napis-na-3-wiersze_504-1.png\",\"contentUrl\":\"https:\/\/zsp1chojna.pl\/wp-content\/uploads\/2023\/08\/cropped-cropped-cropped-Logo-biale-napis-na-3-wiersze_504-1.png\",\"width\":504,\"height\":167,\"caption\":\"ZSP w Chojnie\"},\"image\":{\"@id\":\"https:\/\/zsp1chojna.pl\/#\/schema\/logo\/image\/\"}}]}<\/script>\n<!-- \/ Yoast SEO plugin. -->","yoast_head_json":{"title":"\u201eWysokiej jako\u015bci sta\u017ce klucze do\u00a0dobrej pracy\u201d - ZSP w Chojnie","robots":{"index":"index","follow":"follow","max-snippet":"max-snippet:-1","max-image-preview":"max-image-preview:large","max-video-preview":"max-video-preview:-1"},"canonical":"https:\/\/zsp1chojna.pl\/?page_id=3444","og_locale":"pl_PL","og_type":"article","og_title":"\u201eWysokiej jako\u015bci sta\u017ce klucze do\u00a0dobrej pracy\u201d - ZSP w Chojnie","og_description":"Projekt \u201cWysokiej jako\u015bci sta\u017ce kluczem do\u00a0dobrej pracy\u201d b\u0119dzie polega\u0142 na\u00a0odbyciu 4-tygodniowych sta\u017cy przez\u00a026\u00a0uczni\u00f3w Technikum Zawodowego w\u00a0zawodach technik informatyk, technik budownictwa, technik \u017cywienia i\u00a0us\u0142ug gastronomicznych, technik hotelarstwa oraz\u00a0Bran\u017cowej Szko\u0142y I\u00a0stopnia w\u00a0zawodzie [&hellip;]","og_url":"https:\/\/zsp1chojna.pl\/?page_id=3444","og_site_name":"ZSP w Chojnie","article_modified_time":"2023-08-31T07:07:33+00:00","twitter_card":"summary_large_image","twitter_misc":{"Szacowany czas czytania":"3 minuty"},"schema":{"@context":"https:\/\/schema.org","@graph":[{"@type":"WebPage","@id":"https:\/\/zsp1chojna.pl\/?page_id=3444","url":"https:\/\/zsp1chojna.pl\/?page_id=3444","name":"\u201eWysokiej jako\u015bci sta\u017ce klucze do\u00a0dobrej pracy\u201d - ZSP w Chojnie","isPartOf":{"@id":"https:\/\/zsp1chojna.pl\/#website"},"datePublished":"2023-08-31T07:04:16+00:00","dateModified":"2023-08-31T07:07:33+00:00","breadcrumb":{"@id":"https:\/\/zsp1chojna.pl\/?page_id=3444#breadcrumb"},"inLanguage":"pl-PL","potentialAction":[{"@type":"ReadAction","target":["https:\/\/zsp1chojna.pl\/?page_id=3444"]}]},{"@type":"BreadcrumbList","@id":"https:\/\/zsp1chojna.pl\/?page_id=3444#breadcrumb","itemListElement":[{"@type":"ListItem","position":1,"name":"Home","item":"https:\/\/zsp1chojna.pl\/"},{"@type":"ListItem","position":2,"name":"\u201eWysokiej jako\u015bci sta\u017ce klucze do\u00a0dobrej pracy\u201d"}]},{"@type":"WebSite","@id":"https:\/\/zsp1chojna.pl\/#website","url":"https:\/\/zsp1chojna.pl\/","name":"ZSP w Chojnie","description":"","publisher":{"@id":"https:\/\/zsp1chojna.pl\/#organization"},"potentialAction":[{"@type":"SearchAction","target":{"@type":"EntryPoint","urlTemplate":"https:\/\/zsp1chojna.pl\/?s={search_term_string}"},"query-input":"required name=search_term_string"}],"inLanguage":"pl-PL"},{"@type":"Organization","@id":"https:\/\/zsp1chojna.pl\/#organization","name":"ZSP w Chojnie","url":"https:\/\/zsp1chojna.pl\/","logo":{"@type":"ImageObject","inLanguage":"pl-PL","@id":"https:\/\/zsp1chojna.pl\/#\/schema\/logo\/image\/","url":"https:\/\/zsp1chojna.pl\/wp-content\/uploads\/2023\/08\/cropped-cropped-cropped-Logo-biale-napis-na-3-wiersze_504-1.png","contentUrl":"https:\/\/zsp1chojna.pl\/wp-content\/uploads\/2023\/08\/cropped-cropped-cropped-Logo-biale-napis-na-3-wiersze_504-1.png","width":504,"height":167,"caption":"ZSP w Chojnie"},"image":{"@id":"https:\/\/zsp1chojna.pl\/#\/schema\/logo\/image\/"}}]}},"_links":{"self":[{"href":"https:\/\/zsp1chojna.pl\/index.php?rest_route=\/wp\/v2\/pages\/3444","targetHints":{"allow":["GET"]}}],"collection":[{"href":"https:\/\/zsp1chojna.pl\/index.php?rest_route=\/wp\/v2\/pages"}],"about":[{"href":"https:\/\/zsp1chojna.pl\/index.php?rest_route=\/wp\/v2\/types\/page"}],"author":[{"embeddable":true,"href":"https:\/\/zsp1chojna.pl\/index.php?rest_route=\/wp\/v2\/users\/1"}],"replies":[{"embeddable":true,"href":"https:\/\/zsp1chojna.pl\/index.php?rest_route=%2Fwp%2Fv2%2Fcomments&post=3444"}],"version-history":[{"count":4,"href":"https:\/\/zsp1chojna.pl\/index.php?rest_route=\/wp\/v2\/pages\/3444\/revisions"}],"predecessor-version":[{"id":3451,"href":"https:\/\/zsp1chojna.pl\/index.php?rest_route=\/wp\/v2\/pages\/3444\/revisions\/3451"}],"wp:attachment":[{"href":"https:\/\/zsp1chojna.pl\/index.php?rest_route=%2Fwp%2Fv2%2Fmedia&parent=3444"}],"curies":[{"name":"wp","href":"https:\/\/api.w.org\/{rel}","templated":true}]}}