{"id":3074,"date":"2023-08-29T14:10:39","date_gmt":"2023-08-29T12:10:39","guid":{"rendered":"https:\/\/zsp1chojna.pl\/?page_id=3074"},"modified":"2023-08-30T09:27:39","modified_gmt":"2023-08-30T07:27:39","slug":"europejskie-staze-2","status":"publish","type":"page","link":"https:\/\/zsp1chojna.pl\/?page_id=3074","title":{"rendered":"\u201eEuropejskie sta\u017ce\u201d"},"content":{"rendered":"\n<div class=\"wp-block-columns is-layout-flex wp-container-core-columns-is-layout-9d6595d7 wp-block-columns-is-layout-flex\">\n<div class=\"wp-block-column is-layout-flow wp-block-column-is-layout-flow\"><div class=\"wp-block-image\">\n<figure class=\"alignleft size-full is-resized\"><img loading=\"lazy\" decoding=\"async\" data-attachment-id=\"3075\" data-permalink=\"https:\/\/zsp1chojna.pl\/?attachment_id=3075\" data-orig-file=\"https:\/\/zsp1chojna.pl\/wp-content\/uploads\/2023\/08\/erasmus.jpg\" data-orig-size=\"781,132\" data-comments-opened=\"1\" data-image-meta=\"{&quot;aperture&quot;:&quot;0&quot;,&quot;credit&quot;:&quot;&quot;,&quot;camera&quot;:&quot;&quot;,&quot;caption&quot;:&quot;&quot;,&quot;created_timestamp&quot;:&quot;0&quot;,&quot;copyright&quot;:&quot;&quot;,&quot;focal_length&quot;:&quot;0&quot;,&quot;iso&quot;:&quot;0&quot;,&quot;shutter_speed&quot;:&quot;0&quot;,&quot;title&quot;:&quot;&quot;,&quot;orientation&quot;:&quot;0&quot;}\" data-image-title=\"erasmus\" data-image-description=\"\" data-image-caption=\"\" data-medium-file=\"https:\/\/zsp1chojna.pl\/wp-content\/uploads\/2023\/08\/erasmus-300x51.jpg\" data-large-file=\"https:\/\/zsp1chojna.pl\/wp-content\/uploads\/2023\/08\/erasmus.jpg\" src=\"https:\/\/zsp1chojna.pl\/wp-content\/uploads\/2023\/08\/erasmus.jpg\" alt=\"\" class=\"wp-image-3075\" style=\"width:390px;height:66px\" width=\"390\" height=\"66\" srcset=\"https:\/\/zsp1chojna.pl\/wp-content\/uploads\/2023\/08\/erasmus.jpg 781w, https:\/\/zsp1chojna.pl\/wp-content\/uploads\/2023\/08\/erasmus-300x51.jpg 300w, https:\/\/zsp1chojna.pl\/wp-content\/uploads\/2023\/08\/erasmus-768x130.jpg 768w, https:\/\/zsp1chojna.pl\/wp-content\/uploads\/2023\/08\/erasmus-624x105.jpg 624w\" sizes=\"auto, (max-width: 390px) 100vw, 390px\" \/><\/figure>\n<\/div><\/div>\n\n\n\n<div class=\"wp-block-column is-layout-flow wp-block-column-is-layout-flow\"><div class=\"wp-block-image\">\n<figure class=\"alignright size-full is-resized\"><img loading=\"lazy\" decoding=\"async\" data-attachment-id=\"3076\" data-permalink=\"https:\/\/zsp1chojna.pl\/?attachment_id=3076\" data-orig-file=\"https:\/\/zsp1chojna.pl\/wp-content\/uploads\/2023\/08\/zspchojna.png\" data-orig-size=\"627,204\" data-comments-opened=\"1\" data-image-meta=\"{&quot;aperture&quot;:&quot;0&quot;,&quot;credit&quot;:&quot;&quot;,&quot;camera&quot;:&quot;&quot;,&quot;caption&quot;:&quot;&quot;,&quot;created_timestamp&quot;:&quot;0&quot;,&quot;copyright&quot;:&quot;&quot;,&quot;focal_length&quot;:&quot;0&quot;,&quot;iso&quot;:&quot;0&quot;,&quot;shutter_speed&quot;:&quot;0&quot;,&quot;title&quot;:&quot;&quot;,&quot;orientation&quot;:&quot;0&quot;}\" data-image-title=\"zspchojna\" data-image-description=\"\" data-image-caption=\"\" data-medium-file=\"https:\/\/zsp1chojna.pl\/wp-content\/uploads\/2023\/08\/zspchojna-300x98.png\" data-large-file=\"https:\/\/zsp1chojna.pl\/wp-content\/uploads\/2023\/08\/zspchojna.png\" src=\"https:\/\/zsp1chojna.pl\/wp-content\/uploads\/2023\/08\/zspchojna.png\" alt=\"\" class=\"wp-image-3076\" style=\"width:209px;height:68px\" width=\"209\" height=\"68\" srcset=\"https:\/\/zsp1chojna.pl\/wp-content\/uploads\/2023\/08\/zspchojna.png 627w, https:\/\/zsp1chojna.pl\/wp-content\/uploads\/2023\/08\/zspchojna-300x98.png 300w, https:\/\/zsp1chojna.pl\/wp-content\/uploads\/2023\/08\/zspchojna-624x203.png 624w\" sizes=\"auto, (max-width: 209px) 100vw, 209px\" \/><\/figure>\n<\/div><\/div>\n<\/div>\n\n\n\n<p class=\"has-text-align-center\"><strong>&#8220;EUROPEJSKIE STA\u017bE&#8221;<\/strong><br><strong>ERASMUS + Kszta\u0142cenie i szkolenia zawodowe<\/strong><br><strong>Nr projektu: 2022-1-PL01-KA121-000060141<\/strong><br><strong>Czas trwania projektu: 01.06.2022 \u2013 31.08.2023<\/strong><br><strong>Dofinansowanie: 57 864,00 EUR<\/strong><\/p>\n\n\n\n<p class=\"has-text-align-justify\">Projekt &#8220;Europejskie sta\u017ce&#8221; polega na odbyciu 4-tygodniowych sta\u017cy przez&nbsp;20&nbsp;uczni\u00f3w Technikum w zawodach technik informatyk, technik budownictwa, technik \u017cywienia i us\u0142ug gastronomicznych, technik hotelarstwa oraz Bran\u017cowej Szko\u0142y I stopnia w&nbsp;zawodzie monter zabudowy i rob\u00f3t wyko\u0144czeniowych w budownictwie, 5-dniowej obserwacji pracy typu job-shadowing oraz 6-dniowego kursu nauczycieli przedmiot\u00f3w zawodowych informatycznych. Sta\u017ce odb\u0119d\u0105 si\u0119 w&nbsp;przedsi\u0119biorstwach na W\u0119grzech oraz&nbsp;na&nbsp;Malcie, szkolenie nauczycieli odb\u0119dzie si\u0119 na Malcie, kurs odb\u0119dzie si\u0119 we W\u0142oszech. W projekcie uczestnicz\u0105 nast\u0119puj\u0105cy partnerzy przyjmuj\u0105cy:<\/p>\n\n\n\n<p>Hotel na Malcie: <strong>Driegh Ltd<\/strong><br>Restauracja na Malcie: <strong>Taninu Bistro, Angela\u2019s Restaurant<\/strong><br>Przedsi\u0119biorstwo informatyczne na Malcie: <strong>The Computer Training Course Limited<\/strong><br>Przedsi\u0119biorstwo budowlane na W\u0119grzech: <strong>Sz\u00e1rnyas Kft<\/strong><br>Hotel na W\u0119grzech: <strong>Luteran High School<\/strong><br>Przedsi\u0119biorstwo szkol\u0105ce kadr\u0119 we W\u0142oszech: <strong>EUROPASS SRL&nbsp;&nbsp;&nbsp;&nbsp;&nbsp;&nbsp;&nbsp;&nbsp;&nbsp;&nbsp;<\/strong><\/p>\n\n\n\n<p class=\"has-text-align-justify\">Projekt jest zgodny z g\u0142\u00f3wnymi za\u0142o\u017ceniami strategii umi\u0119dzynarodowienia Zespo\u0142u Szk\u00f3\u0142 Ponadpodstawowych w Chojnie, kt\u00f3re zak\u0142adaj\u0105 mi\u0119dzy innymi zwi\u0119kszenie liczby mobilno\u015bci, obj\u0119cie szkoleniami w instytucjach zagranicznych nauczycieli przedmiot\u00f3w zawodowych, a tak\u017ce pozyskiwanie nowych partner\u00f3w zagranicznych do realizacji mobilno\u015bci zawodowych. Uczestnicy projektu zostan\u0105 zapoznani z korzy\u015bciami p\u0142yn\u0105cymi z&nbsp;mobilno\u015bci edukacyjnych, zostanie wzmocnione ich poczucie to\u017csamo\u015bci europejskiej. Sta\u017cy\u015bci poprawi\u0105 znajomo\u015b\u0107 j\u0119zyka angielskiego, umiej\u0119tno\u015bci zawodowe, wzmocni si\u0119 ich poczucie w\u0142asnej warto\u015bci, pewno\u015bci siebie i&nbsp;samodzielno\u015bci. Program szkolenia zawodowego realizowany w szkole zostanie zweryfikowany w konfrontacji z wymaganiami stawianymi przez funkcjonuj\u0105ce na rynku europejskim przedsi\u0119biorstwa. Wszystkie sta\u017ce uczni\u00f3w technikum b\u0119d\u0105 jednocze\u015bnie obowi\u0105zkowymi praktykami zawodowymi realizowanymi przez uczni\u00f3w.<\/p>\n","protected":false},"excerpt":{"rendered":"<p>&#8220;EUROPEJSKIE STA\u017bE&#8221;ERASMUS + Kszta\u0142cenie i szkolenia zawodoweNr projektu: 2022-1-PL01-KA121-000060141Czas trwania projektu: 01.06.2022 \u2013 31.08.2023Dofinansowanie: 57 864,00 EUR Projekt &#8220;Europejskie sta\u017ce&#8221; polega na odbyciu 4-tygodniowych sta\u017cy przez&nbsp;20&nbsp;uczni\u00f3w Technikum w zawodach technik [&hellip;]<\/p>\n","protected":false},"author":1,"featured_media":0,"parent":0,"menu_order":0,"comment_status":"closed","ping_status":"closed","template":"","meta":{"footnotes":""},"class_list":["post-3074","page","type-page","status-publish","hentry"],"yoast_head":"<!-- This site is optimized with the Yoast SEO plugin v20.13 - https:\/\/yoast.com\/wordpress\/plugins\/seo\/ -->\n<title>\u201eEuropejskie sta\u017ce\u201d - ZSP w Chojnie<\/title>\n<meta name=\"robots\" content=\"index, follow, max-snippet:-1, max-image-preview:large, max-video-preview:-1\" \/>\n<link rel=\"canonical\" href=\"https:\/\/zsp1chojna.pl\/?page_id=3074\" \/>\n<meta property=\"og:locale\" content=\"pl_PL\" \/>\n<meta property=\"og:type\" content=\"article\" \/>\n<meta property=\"og:title\" content=\"\u201eEuropejskie sta\u017ce\u201d - ZSP w Chojnie\" \/>\n<meta property=\"og:description\" content=\"&#8220;EUROPEJSKIE STA\u017bE&#8221;ERASMUS + Kszta\u0142cenie i szkolenia zawodoweNr projektu: 2022-1-PL01-KA121-000060141Czas trwania projektu: 01.06.2022 \u2013 31.08.2023Dofinansowanie: 57 864,00 EUR Projekt &#8220;Europejskie sta\u017ce&#8221; polega na odbyciu 4-tygodniowych sta\u017cy przez&nbsp;20&nbsp;uczni\u00f3w Technikum w zawodach technik [&hellip;]\" \/>\n<meta property=\"og:url\" content=\"https:\/\/zsp1chojna.pl\/?page_id=3074\" \/>\n<meta property=\"og:site_name\" content=\"ZSP w Chojnie\" \/>\n<meta property=\"article:modified_time\" content=\"2023-08-30T07:27:39+00:00\" \/>\n<meta property=\"og:image\" content=\"https:\/\/zsp1chojna.pl\/wp-content\/uploads\/2023\/08\/erasmus.jpg\" \/>\n<meta name=\"twitter:card\" content=\"summary_large_image\" \/>\n<meta name=\"twitter:label1\" content=\"Szacowany czas czytania\" \/>\n\t<meta name=\"twitter:data1\" content=\"2 minuty\" \/>\n<script type=\"application\/ld+json\" class=\"yoast-schema-graph\">{\"@context\":\"https:\/\/schema.org\",\"@graph\":[{\"@type\":\"WebPage\",\"@id\":\"https:\/\/zsp1chojna.pl\/?page_id=3074\",\"url\":\"https:\/\/zsp1chojna.pl\/?page_id=3074\",\"name\":\"\u201eEuropejskie sta\u017ce\u201d - ZSP w Chojnie\",\"isPartOf\":{\"@id\":\"https:\/\/zsp1chojna.pl\/#website\"},\"datePublished\":\"2023-08-29T12:10:39+00:00\",\"dateModified\":\"2023-08-30T07:27:39+00:00\",\"breadcrumb\":{\"@id\":\"https:\/\/zsp1chojna.pl\/?page_id=3074#breadcrumb\"},\"inLanguage\":\"pl-PL\",\"potentialAction\":[{\"@type\":\"ReadAction\",\"target\":[\"https:\/\/zsp1chojna.pl\/?page_id=3074\"]}]},{\"@type\":\"BreadcrumbList\",\"@id\":\"https:\/\/zsp1chojna.pl\/?page_id=3074#breadcrumb\",\"itemListElement\":[{\"@type\":\"ListItem\",\"position\":1,\"name\":\"Home\",\"item\":\"https:\/\/zsp1chojna.pl\/\"},{\"@type\":\"ListItem\",\"position\":2,\"name\":\"\u201eEuropejskie sta\u017ce\u201d\"}]},{\"@type\":\"WebSite\",\"@id\":\"https:\/\/zsp1chojna.pl\/#website\",\"url\":\"https:\/\/zsp1chojna.pl\/\",\"name\":\"ZSP w Chojnie\",\"description\":\"\",\"publisher\":{\"@id\":\"https:\/\/zsp1chojna.pl\/#organization\"},\"potentialAction\":[{\"@type\":\"SearchAction\",\"target\":{\"@type\":\"EntryPoint\",\"urlTemplate\":\"https:\/\/zsp1chojna.pl\/?s={search_term_string}\"},\"query-input\":\"required name=search_term_string\"}],\"inLanguage\":\"pl-PL\"},{\"@type\":\"Organization\",\"@id\":\"https:\/\/zsp1chojna.pl\/#organization\",\"name\":\"ZSP w Chojnie\",\"url\":\"https:\/\/zsp1chojna.pl\/\",\"logo\":{\"@type\":\"ImageObject\",\"inLanguage\":\"pl-PL\",\"@id\":\"https:\/\/zsp1chojna.pl\/#\/schema\/logo\/image\/\",\"url\":\"https:\/\/zsp1chojna.pl\/wp-content\/uploads\/2023\/08\/cropped-cropped-cropped-Logo-biale-napis-na-3-wiersze_504-1.png\",\"contentUrl\":\"https:\/\/zsp1chojna.pl\/wp-content\/uploads\/2023\/08\/cropped-cropped-cropped-Logo-biale-napis-na-3-wiersze_504-1.png\",\"width\":504,\"height\":167,\"caption\":\"ZSP w Chojnie\"},\"image\":{\"@id\":\"https:\/\/zsp1chojna.pl\/#\/schema\/logo\/image\/\"}}]}<\/script>\n<!-- \/ Yoast SEO plugin. -->","yoast_head_json":{"title":"\u201eEuropejskie sta\u017ce\u201d - ZSP w Chojnie","robots":{"index":"index","follow":"follow","max-snippet":"max-snippet:-1","max-image-preview":"max-image-preview:large","max-video-preview":"max-video-preview:-1"},"canonical":"https:\/\/zsp1chojna.pl\/?page_id=3074","og_locale":"pl_PL","og_type":"article","og_title":"\u201eEuropejskie sta\u017ce\u201d - ZSP w Chojnie","og_description":"&#8220;EUROPEJSKIE STA\u017bE&#8221;ERASMUS + Kszta\u0142cenie i szkolenia zawodoweNr projektu: 2022-1-PL01-KA121-000060141Czas trwania projektu: 01.06.2022 \u2013 31.08.2023Dofinansowanie: 57 864,00 EUR Projekt &#8220;Europejskie sta\u017ce&#8221; polega na odbyciu 4-tygodniowych sta\u017cy przez&nbsp;20&nbsp;uczni\u00f3w Technikum w zawodach technik [&hellip;]","og_url":"https:\/\/zsp1chojna.pl\/?page_id=3074","og_site_name":"ZSP w Chojnie","article_modified_time":"2023-08-30T07:27:39+00:00","og_image":[{"url":"https:\/\/zsp1chojna.pl\/wp-content\/uploads\/2023\/08\/erasmus.jpg"}],"twitter_card":"summary_large_image","twitter_misc":{"Szacowany czas czytania":"2 minuty"},"schema":{"@context":"https:\/\/schema.org","@graph":[{"@type":"WebPage","@id":"https:\/\/zsp1chojna.pl\/?page_id=3074","url":"https:\/\/zsp1chojna.pl\/?page_id=3074","name":"\u201eEuropejskie sta\u017ce\u201d - ZSP w Chojnie","isPartOf":{"@id":"https:\/\/zsp1chojna.pl\/#website"},"datePublished":"2023-08-29T12:10:39+00:00","dateModified":"2023-08-30T07:27:39+00:00","breadcrumb":{"@id":"https:\/\/zsp1chojna.pl\/?page_id=3074#breadcrumb"},"inLanguage":"pl-PL","potentialAction":[{"@type":"ReadAction","target":["https:\/\/zsp1chojna.pl\/?page_id=3074"]}]},{"@type":"BreadcrumbList","@id":"https:\/\/zsp1chojna.pl\/?page_id=3074#breadcrumb","itemListElement":[{"@type":"ListItem","position":1,"name":"Home","item":"https:\/\/zsp1chojna.pl\/"},{"@type":"ListItem","position":2,"name":"\u201eEuropejskie sta\u017ce\u201d"}]},{"@type":"WebSite","@id":"https:\/\/zsp1chojna.pl\/#website","url":"https:\/\/zsp1chojna.pl\/","name":"ZSP w Chojnie","description":"","publisher":{"@id":"https:\/\/zsp1chojna.pl\/#organization"},"potentialAction":[{"@type":"SearchAction","target":{"@type":"EntryPoint","urlTemplate":"https:\/\/zsp1chojna.pl\/?s={search_term_string}"},"query-input":"required name=search_term_string"}],"inLanguage":"pl-PL"},{"@type":"Organization","@id":"https:\/\/zsp1chojna.pl\/#organization","name":"ZSP w Chojnie","url":"https:\/\/zsp1chojna.pl\/","logo":{"@type":"ImageObject","inLanguage":"pl-PL","@id":"https:\/\/zsp1chojna.pl\/#\/schema\/logo\/image\/","url":"https:\/\/zsp1chojna.pl\/wp-content\/uploads\/2023\/08\/cropped-cropped-cropped-Logo-biale-napis-na-3-wiersze_504-1.png","contentUrl":"https:\/\/zsp1chojna.pl\/wp-content\/uploads\/2023\/08\/cropped-cropped-cropped-Logo-biale-napis-na-3-wiersze_504-1.png","width":504,"height":167,"caption":"ZSP w Chojnie"},"image":{"@id":"https:\/\/zsp1chojna.pl\/#\/schema\/logo\/image\/"}}]}},"_links":{"self":[{"href":"https:\/\/zsp1chojna.pl\/index.php?rest_route=\/wp\/v2\/pages\/3074","targetHints":{"allow":["GET"]}}],"collection":[{"href":"https:\/\/zsp1chojna.pl\/index.php?rest_route=\/wp\/v2\/pages"}],"about":[{"href":"https:\/\/zsp1chojna.pl\/index.php?rest_route=\/wp\/v2\/types\/page"}],"author":[{"embeddable":true,"href":"https:\/\/zsp1chojna.pl\/index.php?rest_route=\/wp\/v2\/users\/1"}],"replies":[{"embeddable":true,"href":"https:\/\/zsp1chojna.pl\/index.php?rest_route=%2Fwp%2Fv2%2Fcomments&post=3074"}],"version-history":[{"count":14,"href":"https:\/\/zsp1chojna.pl\/index.php?rest_route=\/wp\/v2\/pages\/3074\/revisions"}],"predecessor-version":[{"id":3213,"href":"https:\/\/zsp1chojna.pl\/index.php?rest_route=\/wp\/v2\/pages\/3074\/revisions\/3213"}],"wp:attachment":[{"href":"https:\/\/zsp1chojna.pl\/index.php?rest_route=%2Fwp%2Fv2%2Fmedia&parent=3074"}],"curies":[{"name":"wp","href":"https:\/\/api.w.org\/{rel}","templated":true}]}}