{"id":2859,"date":"2023-08-27T18:35:30","date_gmt":"2023-08-27T16:35:30","guid":{"rendered":"https:\/\/zsp1chojna.pl\/?page_id=2859"},"modified":"2026-04-12T19:28:28","modified_gmt":"2026-04-12T17:28:28","slug":"kola-zainteresowan","status":"publish","type":"page","link":"https:\/\/zsp1chojna.pl\/?page_id=2859","title":{"rendered":"Ko\u0142a zainteresowa\u0144"},"content":{"rendered":"<style>.kadence-column2859_59b375-42{max-width:58%;margin-left:auto;margin-right:auto;}.wp-block-kadence-column.kb-section-dir-horizontal:not(.kb-section-md-dir-vertical)>.kt-inside-inner-col>.kadence-column2859_59b375-42{-webkit-flex:0 1 58%;flex:0 1 58%;max-width:unset;margin-left:unset;margin-right:unset;}.kadence-column2859_59b375-42, .kt-inside-inner-col > .kadence-column2859_59b375-42:not(.specificity){margin-left:0px;}.kadence-column2859_59b375-42 > .kt-inside-inner-col,.kadence-column2859_59b375-42 > .kt-inside-inner-col:before{border-top-left-radius:0px;border-top-right-radius:0px;border-bottom-right-radius:0px;border-bottom-left-radius:0px;}.kadence-column2859_59b375-42 > .kt-inside-inner-col:before{opacity:0.3;}.kadence-column2859_59b375-42{text-align:left;}.kadence-column2859_59b375-42{position:relative;}@media all and (min-width: 1025px){.wp-block-kadence-column.kb-section-dir-horizontal>.kt-inside-inner-col>.kadence-column2859_59b375-42{-webkit-flex:0 1 58%;flex:0 1 58%;max-width:unset;margin-left:unset;margin-right:unset;}}@media all and (max-width: 767px){.wp-block-kadence-column.kb-section-sm-dir-vertical:not(.kb-section-sm-dir-horizontal):not(.kb-section-sm-dir-specificity)>.kt-inside-inner-col>.kadence-column2859_59b375-42{max-width:58%;margin-left:auto;margin-right:auto;}}<\/style>\n<div class=\"wp-block-kadence-column kadence-column2859_59b375-42\"><div class=\"kt-inside-inner-col\">\n<figure class=\"wp-block-table\"><table><tbody><tr><td><strong>NAZWA KO\u0141A<\/strong><\/td><td><strong>PROWADZ\u0104CY<\/strong><\/td><\/tr><tr><td>Akademia CISCO<\/td><td>Kamila G\u00f3ra<\/td><\/tr><tr><td>informatyczne<\/td><td>Krzysztof Janik<\/td><\/tr><tr><td>geograficzne<\/td><td>Edyta Daszkiewicz<\/td><\/tr><tr><td>hotelarskie<\/td><td><\/td><\/tr><tr><td>wiedzy o \u017cywieniu i \u017cywno\u015bci<\/td><td><\/td><\/tr><tr><td>budowlane<\/td><td>And\u017celika Szkuciak<\/td><\/tr><tr><td>musztra paradna<\/td><td>Marek Bednarz<\/td><\/tr><tr><td>przygotowuj\u0105ce do konkursu \u201eEkstraKlasa wojskowa\u201d<\/td><td>Marek Bednarz<\/td><\/tr><tr><td>historyczne<\/td><td>Marek Bednarz<\/td><\/tr><tr><td>prawa pracy<\/td><td><\/td><\/tr><tr><td>dziennikarskie<\/td><td>Edyta Krupa-Nadolny, <\/td><\/tr><tr><td>SKS \u2013 koszyk\u00f3wka ch\u0142opc\u00f3w i dziewcz\u0105t<\/td><td>Jacek Liman\u00f3wka<\/td><\/tr><tr><td>SKS \u2013 pi\u0142ka siatkowa dziewcz\u0105t i ch\u0142opc\u00f3w<\/td><td>\u0141ukasz Makowski (I p\u00f3\u0142rocze)<\/td><\/tr><tr><td>SKS \u2013 lekkoatletyka dziewcz\u0105t i ch\u0142opc\u00f3w<\/td><td>Jolanta Wiose\u0144ska<\/td><\/tr><tr><td>SKS \u2013 pi\u0142ka no\u017cna<\/td><td>\u0141ukasz Makowski (II p\u00f3\u0142rocze)<\/td><\/tr><tr><td>SKS \u2013 tenis sto\u0142owy dziewcz\u0105t i ch\u0142opc\u00f3w<\/td><td>Grzegorz Michasiuk<\/td><\/tr><\/tbody><\/table><\/figure>\n<\/div><\/div>\n","protected":false},"excerpt":{"rendered":"<p>NAZWA KO\u0141A PROWADZ\u0104CY Akademia CISCO Kamila G\u00f3ra informatyczne Krzysztof Janik geograficzne Edyta Daszkiewicz hotelarskie wiedzy o \u017cywieniu i \u017cywno\u015bci budowlane And\u017celika Szkuciak musztra paradna Marek Bednarz przygotowuj\u0105ce do konkursu \u201eEkstraKlasa [&hellip;]<\/p>\n","protected":false},"author":1,"featured_media":0,"parent":0,"menu_order":0,"comment_status":"closed","ping_status":"closed","template":"","meta":{"footnotes":""},"class_list":["post-2859","page","type-page","status-publish","hentry"],"yoast_head":"<!-- This site is optimized with the Yoast SEO plugin v20.13 - https:\/\/yoast.com\/wordpress\/plugins\/seo\/ -->\n<title>Ko\u0142a zainteresowa\u0144 - ZSP w Chojnie<\/title>\n<meta name=\"robots\" content=\"index, follow, max-snippet:-1, max-image-preview:large, max-video-preview:-1\" \/>\n<link rel=\"canonical\" href=\"https:\/\/zsp1chojna.pl\/?page_id=2859\" \/>\n<meta property=\"og:locale\" content=\"pl_PL\" \/>\n<meta property=\"og:type\" content=\"article\" \/>\n<meta property=\"og:title\" content=\"Ko\u0142a zainteresowa\u0144 - ZSP w Chojnie\" \/>\n<meta property=\"og:description\" content=\"NAZWA KO\u0141A PROWADZ\u0104CY Akademia CISCO Kamila G\u00f3ra informatyczne Krzysztof Janik geograficzne Edyta Daszkiewicz hotelarskie wiedzy o \u017cywieniu i \u017cywno\u015bci budowlane And\u017celika Szkuciak musztra paradna Marek Bednarz przygotowuj\u0105ce do konkursu \u201eEkstraKlasa [&hellip;]\" \/>\n<meta property=\"og:url\" content=\"https:\/\/zsp1chojna.pl\/?page_id=2859\" \/>\n<meta property=\"og:site_name\" content=\"ZSP w Chojnie\" \/>\n<meta property=\"article:modified_time\" content=\"2026-04-12T17:28:28+00:00\" \/>\n<meta name=\"twitter:card\" content=\"summary_large_image\" \/>\n<meta name=\"twitter:label1\" content=\"Szacowany czas czytania\" \/>\n\t<meta name=\"twitter:data1\" content=\"1 minuta\" \/>\n<script type=\"application\/ld+json\" class=\"yoast-schema-graph\">{\"@context\":\"https:\/\/schema.org\",\"@graph\":[{\"@type\":\"WebPage\",\"@id\":\"https:\/\/zsp1chojna.pl\/?page_id=2859\",\"url\":\"https:\/\/zsp1chojna.pl\/?page_id=2859\",\"name\":\"Ko\u0142a zainteresowa\u0144 - ZSP w Chojnie\",\"isPartOf\":{\"@id\":\"https:\/\/zsp1chojna.pl\/#website\"},\"datePublished\":\"2023-08-27T16:35:30+00:00\",\"dateModified\":\"2026-04-12T17:28:28+00:00\",\"breadcrumb\":{\"@id\":\"https:\/\/zsp1chojna.pl\/?page_id=2859#breadcrumb\"},\"inLanguage\":\"pl-PL\",\"potentialAction\":[{\"@type\":\"ReadAction\",\"target\":[\"https:\/\/zsp1chojna.pl\/?page_id=2859\"]}]},{\"@type\":\"BreadcrumbList\",\"@id\":\"https:\/\/zsp1chojna.pl\/?page_id=2859#breadcrumb\",\"itemListElement\":[{\"@type\":\"ListItem\",\"position\":1,\"name\":\"Home\",\"item\":\"https:\/\/zsp1chojna.pl\/\"},{\"@type\":\"ListItem\",\"position\":2,\"name\":\"Ko\u0142a zainteresowa\u0144\"}]},{\"@type\":\"WebSite\",\"@id\":\"https:\/\/zsp1chojna.pl\/#website\",\"url\":\"https:\/\/zsp1chojna.pl\/\",\"name\":\"ZSP w Chojnie\",\"description\":\"\",\"publisher\":{\"@id\":\"https:\/\/zsp1chojna.pl\/#organization\"},\"potentialAction\":[{\"@type\":\"SearchAction\",\"target\":{\"@type\":\"EntryPoint\",\"urlTemplate\":\"https:\/\/zsp1chojna.pl\/?s={search_term_string}\"},\"query-input\":\"required name=search_term_string\"}],\"inLanguage\":\"pl-PL\"},{\"@type\":\"Organization\",\"@id\":\"https:\/\/zsp1chojna.pl\/#organization\",\"name\":\"ZSP w Chojnie\",\"url\":\"https:\/\/zsp1chojna.pl\/\",\"logo\":{\"@type\":\"ImageObject\",\"inLanguage\":\"pl-PL\",\"@id\":\"https:\/\/zsp1chojna.pl\/#\/schema\/logo\/image\/\",\"url\":\"https:\/\/zsp1chojna.pl\/wp-content\/uploads\/2023\/08\/cropped-cropped-cropped-Logo-biale-napis-na-3-wiersze_504-1.png\",\"contentUrl\":\"https:\/\/zsp1chojna.pl\/wp-content\/uploads\/2023\/08\/cropped-cropped-cropped-Logo-biale-napis-na-3-wiersze_504-1.png\",\"width\":504,\"height\":167,\"caption\":\"ZSP w Chojnie\"},\"image\":{\"@id\":\"https:\/\/zsp1chojna.pl\/#\/schema\/logo\/image\/\"}}]}<\/script>\n<!-- \/ Yoast SEO plugin. -->","yoast_head_json":{"title":"Ko\u0142a zainteresowa\u0144 - ZSP w Chojnie","robots":{"index":"index","follow":"follow","max-snippet":"max-snippet:-1","max-image-preview":"max-image-preview:large","max-video-preview":"max-video-preview:-1"},"canonical":"https:\/\/zsp1chojna.pl\/?page_id=2859","og_locale":"pl_PL","og_type":"article","og_title":"Ko\u0142a zainteresowa\u0144 - ZSP w Chojnie","og_description":"NAZWA KO\u0141A PROWADZ\u0104CY Akademia CISCO Kamila G\u00f3ra informatyczne Krzysztof Janik geograficzne Edyta Daszkiewicz hotelarskie wiedzy o \u017cywieniu i \u017cywno\u015bci budowlane And\u017celika Szkuciak musztra paradna Marek Bednarz przygotowuj\u0105ce do konkursu \u201eEkstraKlasa [&hellip;]","og_url":"https:\/\/zsp1chojna.pl\/?page_id=2859","og_site_name":"ZSP w Chojnie","article_modified_time":"2026-04-12T17:28:28+00:00","twitter_card":"summary_large_image","twitter_misc":{"Szacowany czas czytania":"1 minuta"},"schema":{"@context":"https:\/\/schema.org","@graph":[{"@type":"WebPage","@id":"https:\/\/zsp1chojna.pl\/?page_id=2859","url":"https:\/\/zsp1chojna.pl\/?page_id=2859","name":"Ko\u0142a zainteresowa\u0144 - ZSP w Chojnie","isPartOf":{"@id":"https:\/\/zsp1chojna.pl\/#website"},"datePublished":"2023-08-27T16:35:30+00:00","dateModified":"2026-04-12T17:28:28+00:00","breadcrumb":{"@id":"https:\/\/zsp1chojna.pl\/?page_id=2859#breadcrumb"},"inLanguage":"pl-PL","potentialAction":[{"@type":"ReadAction","target":["https:\/\/zsp1chojna.pl\/?page_id=2859"]}]},{"@type":"BreadcrumbList","@id":"https:\/\/zsp1chojna.pl\/?page_id=2859#breadcrumb","itemListElement":[{"@type":"ListItem","position":1,"name":"Home","item":"https:\/\/zsp1chojna.pl\/"},{"@type":"ListItem","position":2,"name":"Ko\u0142a zainteresowa\u0144"}]},{"@type":"WebSite","@id":"https:\/\/zsp1chojna.pl\/#website","url":"https:\/\/zsp1chojna.pl\/","name":"ZSP w Chojnie","description":"","publisher":{"@id":"https:\/\/zsp1chojna.pl\/#organization"},"potentialAction":[{"@type":"SearchAction","target":{"@type":"EntryPoint","urlTemplate":"https:\/\/zsp1chojna.pl\/?s={search_term_string}"},"query-input":"required name=search_term_string"}],"inLanguage":"pl-PL"},{"@type":"Organization","@id":"https:\/\/zsp1chojna.pl\/#organization","name":"ZSP w Chojnie","url":"https:\/\/zsp1chojna.pl\/","logo":{"@type":"ImageObject","inLanguage":"pl-PL","@id":"https:\/\/zsp1chojna.pl\/#\/schema\/logo\/image\/","url":"https:\/\/zsp1chojna.pl\/wp-content\/uploads\/2023\/08\/cropped-cropped-cropped-Logo-biale-napis-na-3-wiersze_504-1.png","contentUrl":"https:\/\/zsp1chojna.pl\/wp-content\/uploads\/2023\/08\/cropped-cropped-cropped-Logo-biale-napis-na-3-wiersze_504-1.png","width":504,"height":167,"caption":"ZSP w Chojnie"},"image":{"@id":"https:\/\/zsp1chojna.pl\/#\/schema\/logo\/image\/"}}]}},"_links":{"self":[{"href":"https:\/\/zsp1chojna.pl\/index.php?rest_route=\/wp\/v2\/pages\/2859","targetHints":{"allow":["GET"]}}],"collection":[{"href":"https:\/\/zsp1chojna.pl\/index.php?rest_route=\/wp\/v2\/pages"}],"about":[{"href":"https:\/\/zsp1chojna.pl\/index.php?rest_route=\/wp\/v2\/types\/page"}],"author":[{"embeddable":true,"href":"https:\/\/zsp1chojna.pl\/index.php?rest_route=\/wp\/v2\/users\/1"}],"replies":[{"embeddable":true,"href":"https:\/\/zsp1chojna.pl\/index.php?rest_route=%2Fwp%2Fv2%2Fcomments&post=2859"}],"version-history":[{"count":12,"href":"https:\/\/zsp1chojna.pl\/index.php?rest_route=\/wp\/v2\/pages\/2859\/revisions"}],"predecessor-version":[{"id":16098,"href":"https:\/\/zsp1chojna.pl\/index.php?rest_route=\/wp\/v2\/pages\/2859\/revisions\/16098"}],"wp:attachment":[{"href":"https:\/\/zsp1chojna.pl\/index.php?rest_route=%2Fwp%2Fv2%2Fmedia&parent=2859"}],"curies":[{"name":"wp","href":"https:\/\/api.w.org\/{rel}","templated":true}]}}