{"id":2857,"date":"2023-08-27T18:35:12","date_gmt":"2023-08-27T16:35:12","guid":{"rendered":"https:\/\/zsp1chojna.pl\/?page_id=2857"},"modified":"2025-09-16T21:09:40","modified_gmt":"2025-09-16T19:09:40","slug":"kalendarz-imprez-i-uroczystosci","status":"publish","type":"page","link":"https:\/\/zsp1chojna.pl\/?page_id=2857","title":{"rendered":"Kalendarz imprez i uroczysto\u015bci"},"content":{"rendered":"<style>.kadence-column2857_7e6911-b5{max-width:75%;margin-left:auto;margin-right:auto;}.wp-block-kadence-column.kb-section-dir-horizontal:not(.kb-section-md-dir-vertical)>.kt-inside-inner-col>.kadence-column2857_7e6911-b5{-webkit-flex:0 1 75%;flex:0 1 75%;max-width:unset;margin-left:unset;margin-right:unset;}.kadence-column2857_7e6911-b5, .kt-inside-inner-col > .kadence-column2857_7e6911-b5:not(.specificity){margin-left:0px;}.kadence-column2857_7e6911-b5 > .kt-inside-inner-col,.kadence-column2857_7e6911-b5 > .kt-inside-inner-col:before{border-top-left-radius:0px;border-top-right-radius:0px;border-bottom-right-radius:0px;border-bottom-left-radius:0px;}.kadence-column2857_7e6911-b5 > .kt-inside-inner-col:before{opacity:0.3;}.kadence-column2857_7e6911-b5{text-align:left;}.kadence-column2857_7e6911-b5{position:relative;}@media all and (min-width: 1025px){.wp-block-kadence-column.kb-section-dir-horizontal>.kt-inside-inner-col>.kadence-column2857_7e6911-b5{-webkit-flex:0 1 75%;flex:0 1 75%;max-width:unset;margin-left:unset;margin-right:unset;}}@media all and (max-width: 767px){.wp-block-kadence-column.kb-section-sm-dir-vertical:not(.kb-section-sm-dir-horizontal):not(.kb-section-sm-dir-specificity)>.kt-inside-inner-col>.kadence-column2857_7e6911-b5{max-width:75%;margin-left:auto;margin-right:auto;}}<\/style>\n<div class=\"wp-block-kadence-column kadence-column2857_7e6911-b5\"><div class=\"kt-inside-inner-col\">\n<figure class=\"wp-block-table is-style-regular\"><table><tbody><tr><td class=\"has-text-align-left\" data-align=\"left\"><strong>Termin<\/strong><\/td><td class=\"has-text-align-left\" data-align=\"left\"><strong>Tytu\u0142<\/strong><\/td><td><strong>Odpowiedzialny<\/strong><\/td><\/tr><tr><td class=\"has-text-align-left\" data-align=\"left\">1 wrze\u015bnia<\/td><td class=\"has-text-align-left\" data-align=\"left\">Rozpocz\u0119cie roku szkolnego 2025\/2026<\/td><td>Dyrektor wicedyrektorzy E. Daszkiewicz M. Bednarz<\/td><\/tr><tr><td class=\"has-text-align-left\" data-align=\"left\">8-12 wrze\u015bnia<\/td><td class=\"has-text-align-left\" data-align=\"left\">Kiermasz podr\u0119cznik\u00f3w<\/td><td>G. Lasowska<\/td><\/tr><tr><td class=\"has-text-align-left\" data-align=\"left\">9 wrze\u015bnia<\/td><td class=\"has-text-align-left\" data-align=\"left\">Festiwal Zaj\u0119\u0107 Pozalekcyjnych<\/td><td>G. Lasowska A. Szkuciak + zesp\u00f3\u0142 ds. promocji<\/td><\/tr><tr><td class=\"has-text-align-left\" data-align=\"left\">10 pa\u017adziernika<\/td><td class=\"has-text-align-left\" data-align=\"left\">\u015awi\u0119to Drzewa<\/td><td>A. Pawlaczyk<\/td><\/tr><tr><td class=\"has-text-align-left\" data-align=\"left\">14&nbsp; pa\u017adziernika<\/td><td class=\"has-text-align-left\" data-align=\"left\">Dzie\u0144 Edukacji Narodowej<\/td><td>Dyrektor<\/td><\/tr><tr><td class=\"has-text-align-left\" data-align=\"left\">pa\u017adziernik<\/td><td class=\"has-text-align-left\" data-align=\"left\">Tydzie\u0144 Umiej\u0119tno\u015bci Zawodowych i Kariery<\/td><td>A. Lizak B. Zubala + zesp\u00f3\u0142 powo\u0142any przez dyrektora<\/td><\/tr><tr><td class=\"has-text-align-left\" data-align=\"left\">1 listopada<\/td><td class=\"has-text-align-left\" data-align=\"left\">Wszystkich \u015awi\u0119tych<\/td><td>ks. P. Subocz E. Daszkiewicz SU<\/td><\/tr><tr><td class=\"has-text-align-left\" data-align=\"left\">&nbsp; listopad<\/td><td class=\"has-text-align-left\" data-align=\"left\">Gminne obchody \u015awi\u0119ta Niepodleg\u0142o\u015bci<\/td><td>M. Bednarz E. Daszkiewicz<\/td><\/tr><tr><td class=\"has-text-align-left\" data-align=\"left\">17 listopada<\/td><td class=\"has-text-align-left\" data-align=\"left\">Mi\u0119dzynarodowy Dzie\u0144 Tolerancji<\/td><td>A. Lizak G. Magdziak E. P\u0142owik<\/td><\/tr><tr><td class=\"has-text-align-left\" data-align=\"left\">1-5 grudnia<\/td><td class=\"has-text-align-left\" data-align=\"left\">Powiatowy konkurs profilaktyczny Szkolne Dni Profilaktyki<\/td><td>G. Magdziak M. Liman\u00f3wka A. Lizak E. P\u0142owik M. Sosi\u0144ska<\/td><\/tr><tr><td class=\"has-text-align-left\" data-align=\"left\">5 grudnia<\/td><td class=\"has-text-align-left\" data-align=\"left\">Mi\u0119dzynarodowy Dzie\u0144 Wolontariusza<\/td><td>L. Lejman E. Szyma\u0144ska<\/td><\/tr><tr><td class=\"has-text-align-left\" data-align=\"left\">15-19 grudnia<\/td><td class=\"has-text-align-left\" data-align=\"left\">Wigilie klasowe&nbsp; Wigilia dla mieszka\u0144c\u00f3w internatu<\/td><td>M. Liman\u00f3wka Wychowawcy klas A. Lizak Wychowawcy w internacie<\/td><\/tr><tr><td class=\"has-text-align-left\" data-align=\"left\">stycze\u0144<\/td><td class=\"has-text-align-left\" data-align=\"left\">Wielka Orkiestra \u015awi\u0105tecznej Pomocy &nbsp;<\/td><td>E. Daszkiewicz L. Lejman<\/td><\/tr><tr><td class=\"has-text-align-left\" data-align=\"left\">30 stycznia<\/td><td class=\"has-text-align-left\" data-align=\"left\">Studni\u00f3wka<\/td><td>Komitet Organizacyjny Wychowawcy klas<\/td><\/tr><tr><td class=\"has-text-align-left\" data-align=\"left\">luty<\/td><td class=\"has-text-align-left\" data-align=\"left\">XV Noworoczny Turniej Pi\u0142ki Siatkowej<\/td><td>M. Bednarz G. Michasiuk<\/td><\/tr><tr><td class=\"has-text-align-left\" data-align=\"left\">21 marca<\/td><td class=\"has-text-align-left\" data-align=\"left\">Pierwszy Dzie\u0144 Wiosny<\/td><td>E. Daszkiewicz + SU A. Lizak G. Do\u0144czyk<\/td><\/tr><tr><td class=\"has-text-align-left\" data-align=\"left\">marzec<\/td><td class=\"has-text-align-left\" data-align=\"left\">Promocja&nbsp; szko\u0142y w szko\u0142ach podstawowych<\/td><td>A. Szkuciak + zesp\u00f3\u0142 ds. promocji<\/td><\/tr><tr><td class=\"has-text-align-left\" data-align=\"left\">9-13 marca<\/td><td class=\"has-text-align-left\" data-align=\"left\">Dni budowla\u0144ca i informatyka<\/td><td>M. Kowalska + zesp\u00f3\u0142 <br>K. Janik + zesp\u00f3\u0142<\/td><\/tr><tr><td class=\"has-text-align-left\" data-align=\"left\">6-10 kwietnia<\/td><td class=\"has-text-align-left\" data-align=\"left\">Dni hotelarza i gastronoma<\/td><td>B. Ma\u0142ysz-Lewandowska + zesp\u00f3\u0142<\/td><\/tr><tr><td class=\"has-text-align-left\" data-align=\"left\">16 kwietnia <\/td><td class=\"has-text-align-left\" data-align=\"left\">\u015awi\u0119to Szko\u0142y Wyjazd do Siekierek uroczysto\u015bci pa\u0144stwowe \u2013 cd. obchod\u00f3w \u015awi\u0119ta Szko\u0142y<\/td><td>Powo\u0142any zesp\u00f3\u0142 nauczycieli Klasy OPW + Wychowawcy M. Bednarz + poczet sztandarowy E. Daszkiewicz + SU<\/td><\/tr><tr><td class=\"has-text-align-left\" data-align=\"left\">24&nbsp; kwietnia<\/td><td class=\"has-text-align-left\" data-align=\"left\">Uroczysto\u015b\u0107 wr\u0119czenia \u015bwiadectw uko\u0144czenia szko\u0142y &nbsp; &nbsp;<\/td><td>Powo\u0142any zesp\u00f3\u0142 nauczycieli<\/td><\/tr><tr><td class=\"has-text-align-left\" data-align=\"left\">3 maja<\/td><td class=\"has-text-align-left\" data-align=\"left\">\u015awi\u0119to Konstytucji 3 Maja \u2013 obchody gminne<\/td><td>M. Bednarz + poczet E. Daszkiewicz + SU<\/td><\/tr><tr><td class=\"has-text-align-left\" data-align=\"left\">1 czerwca<\/td><td class=\"has-text-align-left\" data-align=\"left\">Dzie\u0144 Dziecka.<\/td><td>E. Daszkiewicz + SU Wychowawcy klas<\/td><\/tr><tr><td class=\"has-text-align-left\" data-align=\"left\">26 czerwca<\/td><td class=\"has-text-align-left\" data-align=\"left\">Zako\u0144czenie roku szkolnego 2025\/2026<\/td><td>Powo\u0142any zesp\u00f3\u0142 nauczycieli<\/td><\/tr><tr><td class=\"has-text-align-left\" data-align=\"left\">1\u00a0 wrze\u015bnia 2026\u00a0 \u00a0<\/td><td class=\"has-text-align-left\" data-align=\"left\">Rozpocz\u0119cie roku szkolnego 2026\/2027 &nbsp; &nbsp;<\/td><td>Powo\u0142any zesp\u00f3\u0142 nauczycieli<\/td><\/tr><\/tbody><\/table><\/figure>\n<\/div><\/div>\n","protected":false},"excerpt":{"rendered":"<p>Termin Tytu\u0142 Odpowiedzialny 1 wrze\u015bnia Rozpocz\u0119cie roku szkolnego 2025\/2026 Dyrektor wicedyrektorzy E. Daszkiewicz M. Bednarz 8-12 wrze\u015bnia Kiermasz podr\u0119cznik\u00f3w G. Lasowska 9 wrze\u015bnia Festiwal Zaj\u0119\u0107 Pozalekcyjnych G. Lasowska A. Szkuciak [&hellip;]<\/p>\n","protected":false},"author":1,"featured_media":0,"parent":0,"menu_order":0,"comment_status":"closed","ping_status":"closed","template":"","meta":{"footnotes":""},"class_list":["post-2857","page","type-page","status-publish","hentry"],"yoast_head":"<!-- This site is optimized with the Yoast SEO plugin v20.13 - https:\/\/yoast.com\/wordpress\/plugins\/seo\/ -->\n<title>Kalendarz imprez i uroczysto\u015bci - ZSP w Chojnie<\/title>\n<meta name=\"robots\" content=\"index, follow, max-snippet:-1, max-image-preview:large, max-video-preview:-1\" \/>\n<link rel=\"canonical\" href=\"https:\/\/zsp1chojna.pl\/?page_id=2857\" \/>\n<meta property=\"og:locale\" content=\"pl_PL\" \/>\n<meta property=\"og:type\" content=\"article\" \/>\n<meta property=\"og:title\" content=\"Kalendarz imprez i uroczysto\u015bci - ZSP w Chojnie\" \/>\n<meta property=\"og:description\" content=\"Termin Tytu\u0142 Odpowiedzialny 1 wrze\u015bnia Rozpocz\u0119cie roku szkolnego 2025\/2026 Dyrektor wicedyrektorzy E. Daszkiewicz M. Bednarz 8-12 wrze\u015bnia Kiermasz podr\u0119cznik\u00f3w G. Lasowska 9 wrze\u015bnia Festiwal Zaj\u0119\u0107 Pozalekcyjnych G. Lasowska A. Szkuciak [&hellip;]\" \/>\n<meta property=\"og:url\" content=\"https:\/\/zsp1chojna.pl\/?page_id=2857\" \/>\n<meta property=\"og:site_name\" content=\"ZSP w Chojnie\" \/>\n<meta property=\"article:modified_time\" content=\"2025-09-16T19:09:40+00:00\" \/>\n<meta name=\"twitter:card\" content=\"summary_large_image\" \/>\n<meta name=\"twitter:label1\" content=\"Szacowany czas czytania\" \/>\n\t<meta name=\"twitter:data1\" content=\"2 minuty\" \/>\n<script type=\"application\/ld+json\" class=\"yoast-schema-graph\">{\"@context\":\"https:\/\/schema.org\",\"@graph\":[{\"@type\":\"WebPage\",\"@id\":\"https:\/\/zsp1chojna.pl\/?page_id=2857\",\"url\":\"https:\/\/zsp1chojna.pl\/?page_id=2857\",\"name\":\"Kalendarz imprez i uroczysto\u015bci - ZSP w Chojnie\",\"isPartOf\":{\"@id\":\"https:\/\/zsp1chojna.pl\/#website\"},\"datePublished\":\"2023-08-27T16:35:12+00:00\",\"dateModified\":\"2025-09-16T19:09:40+00:00\",\"breadcrumb\":{\"@id\":\"https:\/\/zsp1chojna.pl\/?page_id=2857#breadcrumb\"},\"inLanguage\":\"pl-PL\",\"potentialAction\":[{\"@type\":\"ReadAction\",\"target\":[\"https:\/\/zsp1chojna.pl\/?page_id=2857\"]}]},{\"@type\":\"BreadcrumbList\",\"@id\":\"https:\/\/zsp1chojna.pl\/?page_id=2857#breadcrumb\",\"itemListElement\":[{\"@type\":\"ListItem\",\"position\":1,\"name\":\"Home\",\"item\":\"https:\/\/zsp1chojna.pl\/\"},{\"@type\":\"ListItem\",\"position\":2,\"name\":\"Kalendarz imprez i uroczysto\u015bci\"}]},{\"@type\":\"WebSite\",\"@id\":\"https:\/\/zsp1chojna.pl\/#website\",\"url\":\"https:\/\/zsp1chojna.pl\/\",\"name\":\"ZSP w Chojnie\",\"description\":\"\",\"publisher\":{\"@id\":\"https:\/\/zsp1chojna.pl\/#organization\"},\"potentialAction\":[{\"@type\":\"SearchAction\",\"target\":{\"@type\":\"EntryPoint\",\"urlTemplate\":\"https:\/\/zsp1chojna.pl\/?s={search_term_string}\"},\"query-input\":\"required name=search_term_string\"}],\"inLanguage\":\"pl-PL\"},{\"@type\":\"Organization\",\"@id\":\"https:\/\/zsp1chojna.pl\/#organization\",\"name\":\"ZSP w Chojnie\",\"url\":\"https:\/\/zsp1chojna.pl\/\",\"logo\":{\"@type\":\"ImageObject\",\"inLanguage\":\"pl-PL\",\"@id\":\"https:\/\/zsp1chojna.pl\/#\/schema\/logo\/image\/\",\"url\":\"https:\/\/zsp1chojna.pl\/wp-content\/uploads\/2023\/08\/cropped-cropped-cropped-Logo-biale-napis-na-3-wiersze_504-1.png\",\"contentUrl\":\"https:\/\/zsp1chojna.pl\/wp-content\/uploads\/2023\/08\/cropped-cropped-cropped-Logo-biale-napis-na-3-wiersze_504-1.png\",\"width\":504,\"height\":167,\"caption\":\"ZSP w Chojnie\"},\"image\":{\"@id\":\"https:\/\/zsp1chojna.pl\/#\/schema\/logo\/image\/\"}}]}<\/script>\n<!-- \/ Yoast SEO plugin. -->","yoast_head_json":{"title":"Kalendarz imprez i uroczysto\u015bci - ZSP w Chojnie","robots":{"index":"index","follow":"follow","max-snippet":"max-snippet:-1","max-image-preview":"max-image-preview:large","max-video-preview":"max-video-preview:-1"},"canonical":"https:\/\/zsp1chojna.pl\/?page_id=2857","og_locale":"pl_PL","og_type":"article","og_title":"Kalendarz imprez i uroczysto\u015bci - ZSP w Chojnie","og_description":"Termin Tytu\u0142 Odpowiedzialny 1 wrze\u015bnia Rozpocz\u0119cie roku szkolnego 2025\/2026 Dyrektor wicedyrektorzy E. Daszkiewicz M. Bednarz 8-12 wrze\u015bnia Kiermasz podr\u0119cznik\u00f3w G. Lasowska 9 wrze\u015bnia Festiwal Zaj\u0119\u0107 Pozalekcyjnych G. Lasowska A. Szkuciak [&hellip;]","og_url":"https:\/\/zsp1chojna.pl\/?page_id=2857","og_site_name":"ZSP w Chojnie","article_modified_time":"2025-09-16T19:09:40+00:00","twitter_card":"summary_large_image","twitter_misc":{"Szacowany czas czytania":"2 minuty"},"schema":{"@context":"https:\/\/schema.org","@graph":[{"@type":"WebPage","@id":"https:\/\/zsp1chojna.pl\/?page_id=2857","url":"https:\/\/zsp1chojna.pl\/?page_id=2857","name":"Kalendarz imprez i uroczysto\u015bci - ZSP w Chojnie","isPartOf":{"@id":"https:\/\/zsp1chojna.pl\/#website"},"datePublished":"2023-08-27T16:35:12+00:00","dateModified":"2025-09-16T19:09:40+00:00","breadcrumb":{"@id":"https:\/\/zsp1chojna.pl\/?page_id=2857#breadcrumb"},"inLanguage":"pl-PL","potentialAction":[{"@type":"ReadAction","target":["https:\/\/zsp1chojna.pl\/?page_id=2857"]}]},{"@type":"BreadcrumbList","@id":"https:\/\/zsp1chojna.pl\/?page_id=2857#breadcrumb","itemListElement":[{"@type":"ListItem","position":1,"name":"Home","item":"https:\/\/zsp1chojna.pl\/"},{"@type":"ListItem","position":2,"name":"Kalendarz imprez i uroczysto\u015bci"}]},{"@type":"WebSite","@id":"https:\/\/zsp1chojna.pl\/#website","url":"https:\/\/zsp1chojna.pl\/","name":"ZSP w Chojnie","description":"","publisher":{"@id":"https:\/\/zsp1chojna.pl\/#organization"},"potentialAction":[{"@type":"SearchAction","target":{"@type":"EntryPoint","urlTemplate":"https:\/\/zsp1chojna.pl\/?s={search_term_string}"},"query-input":"required name=search_term_string"}],"inLanguage":"pl-PL"},{"@type":"Organization","@id":"https:\/\/zsp1chojna.pl\/#organization","name":"ZSP w Chojnie","url":"https:\/\/zsp1chojna.pl\/","logo":{"@type":"ImageObject","inLanguage":"pl-PL","@id":"https:\/\/zsp1chojna.pl\/#\/schema\/logo\/image\/","url":"https:\/\/zsp1chojna.pl\/wp-content\/uploads\/2023\/08\/cropped-cropped-cropped-Logo-biale-napis-na-3-wiersze_504-1.png","contentUrl":"https:\/\/zsp1chojna.pl\/wp-content\/uploads\/2023\/08\/cropped-cropped-cropped-Logo-biale-napis-na-3-wiersze_504-1.png","width":504,"height":167,"caption":"ZSP w Chojnie"},"image":{"@id":"https:\/\/zsp1chojna.pl\/#\/schema\/logo\/image\/"}}]}},"_links":{"self":[{"href":"https:\/\/zsp1chojna.pl\/index.php?rest_route=\/wp\/v2\/pages\/2857","targetHints":{"allow":["GET"]}}],"collection":[{"href":"https:\/\/zsp1chojna.pl\/index.php?rest_route=\/wp\/v2\/pages"}],"about":[{"href":"https:\/\/zsp1chojna.pl\/index.php?rest_route=\/wp\/v2\/types\/page"}],"author":[{"embeddable":true,"href":"https:\/\/zsp1chojna.pl\/index.php?rest_route=\/wp\/v2\/users\/1"}],"replies":[{"embeddable":true,"href":"https:\/\/zsp1chojna.pl\/index.php?rest_route=%2Fwp%2Fv2%2Fcomments&post=2857"}],"version-history":[{"count":25,"href":"https:\/\/zsp1chojna.pl\/index.php?rest_route=\/wp\/v2\/pages\/2857\/revisions"}],"predecessor-version":[{"id":14424,"href":"https:\/\/zsp1chojna.pl\/index.php?rest_route=\/wp\/v2\/pages\/2857\/revisions\/14424"}],"wp:attachment":[{"href":"https:\/\/zsp1chojna.pl\/index.php?rest_route=%2Fwp%2Fv2%2Fmedia&parent=2857"}],"curies":[{"name":"wp","href":"https:\/\/api.w.org\/{rel}","templated":true}]}}