{"id":2855,"date":"2023-08-27T18:34:52","date_gmt":"2023-08-27T16:34:52","guid":{"rendered":"https:\/\/zsp1chojna.pl\/?page_id=2855"},"modified":"2025-09-09T15:49:39","modified_gmt":"2025-09-09T13:49:39","slug":"kalendarz-roku-szkolnego","status":"publish","type":"page","link":"https:\/\/zsp1chojna.pl\/?page_id=2855","title":{"rendered":"Kalendarz roku szkolnego"},"content":{"rendered":"<style>.kadence-column2855_89f68d-cd{max-width:60%;margin-left:auto;margin-right:auto;}.wp-block-kadence-column.kb-section-dir-horizontal:not(.kb-section-md-dir-vertical)>.kt-inside-inner-col>.kadence-column2855_89f68d-cd{-webkit-flex:0 1 60%;flex:0 1 60%;max-width:unset;margin-left:unset;margin-right:unset;}.kadence-column2855_89f68d-cd, .kt-inside-inner-col > .kadence-column2855_89f68d-cd:not(.specificity){margin-left:0px;}.kadence-column2855_89f68d-cd > .kt-inside-inner-col,.kadence-column2855_89f68d-cd > .kt-inside-inner-col:before{border-top-left-radius:0px;border-top-right-radius:0px;border-bottom-right-radius:0px;border-bottom-left-radius:0px;}.kadence-column2855_89f68d-cd > .kt-inside-inner-col:before{opacity:0.3;}.kadence-column2855_89f68d-cd{text-align:left;}.kadence-column2855_89f68d-cd{position:relative;}@media all and (min-width: 1025px){.wp-block-kadence-column.kb-section-dir-horizontal>.kt-inside-inner-col>.kadence-column2855_89f68d-cd{-webkit-flex:0 1 60%;flex:0 1 60%;max-width:unset;margin-left:unset;margin-right:unset;}}@media all and (max-width: 767px){.wp-block-kadence-column.kb-section-sm-dir-vertical:not(.kb-section-sm-dir-horizontal):not(.kb-section-sm-dir-specificity)>.kt-inside-inner-col>.kadence-column2855_89f68d-cd{max-width:60%;margin-left:auto;margin-right:auto;}}<\/style>\n<div class=\"wp-block-kadence-column kadence-column2855_89f68d-cd\"><div class=\"kt-inside-inner-col\">\n<figure class=\"wp-block-table\"><table><tbody><tr><td>Rozpocz\u0119cie rocznych zaj\u0119\u0107 dydaktyczno-wychowawczych<\/td><td><strong>1 wrze\u015bnia 2025 r.<\/strong><\/td><\/tr><tr><td>Zimowa przerwa \u015bwi\u0105teczna<\/td><td><strong>od 22 grudnia do 31 grudnia 2025 r.<\/strong><\/td><\/tr><tr><td>Zako\u0144czenie pierwszego p\u00f3\u0142rocza<\/td><td><strong>13 stycznia 2026 r.<\/strong><\/td><\/tr><tr><td>Egzamin zawodowy sesja stycze\u0144 &#8211; luty &nbsp;<\/td><td><strong>cz\u0119\u015b\u0107 pisemna:<\/strong> <strong>8 stycznia 2026 r.<\/strong><br><strong>cz\u0119\u015b\u0107 praktyczna:<\/strong> <strong>od 9 stycznia do 22 stycznia 2026 r.<\/strong><\/td><\/tr><tr><td>Ferie zimowe<\/td><td><strong>od 2 lutego do 15 lutego 2026 r.<\/strong><\/td><\/tr><tr><td>Wiosenna przerwa \u015bwi\u0105teczna<\/td><td><strong>od 2 kwietnia do 7 kwietnia 2026 r.<\/strong><\/td><\/tr><tr><td>Zako\u0144czenie zaj\u0119\u0107 w klasach programowo najwy\u017cszych<\/td><td><strong>24 kwietnia 2026 r.<\/strong><\/td><\/tr><tr><td>Egzamin maturalny: &#8211; cz\u0119\u015b\u0107 ustna &#8211; cz\u0119\u015b\u0107 pisemna &nbsp;<\/td><td><strong>cz\u0119\u015b\u0107 ustna:<\/strong> <strong>od 7 maja do 30 maja 2026 r.<\/strong><br><strong>cz\u0119\u015b\u0107 pisemna:<\/strong> <strong>\u00a0od 4 maja do 20 maja 2026 r.<\/strong><\/td><\/tr><tr><td>Egzamin zawodowy sesja czerwiec \u2013 lipiec &nbsp; &nbsp; &nbsp; &nbsp;<\/td><td><strong>cz\u0119\u015b\u0107 pisemna:<\/strong> <strong>3 czerwca 2026 r<\/strong>.<br><strong>cz\u0119\u015b\u0107 praktyczna:<\/strong> <strong>od 1 czerwca do 22 czerwca 2026 r.<\/strong><\/td><\/tr><tr><td>Zako\u0144czenie rocznych zaj\u0119\u0107 dydaktyczno-wychowawczych<\/td><td><strong>26 czerwca 2026 r.<\/strong><\/td><\/tr><tr><td>Ferie letnie<\/td><td><strong>od 27 czerwca do 31 sierpnia 2026 r.<\/strong><\/td><\/tr><tr><td>Praktyki zawodowe uczni\u00f3w technikum<\/td><td><strong>praktyki zawodowe: <\/strong><br><strong>od 27 kwietnia do 24 maja 2026 r. <\/strong><br><strong>od 25 maja do 21 czerwca 2026 r.<\/strong><\/td><\/tr><tr><td>Dni wolne od zaj\u0119\u0107 dydaktyczno-wychowawczych (proponowane)<\/td><td><strong>13 pa\u017adziernika 2025 r. <br>31 pa\u017adziernika 2025 r. <br>10 listopada 2025 r. <br>2 stycznia 2026 r. <br>5 stycznia 2026 r. <br>4 maja 2026 r. <br>5 maja 2026 r. <br>6 maja 2026 r. <br>3 czerwca 2026 r. <br>5 czerwca 2026 r.<\/strong><\/td><\/tr><\/tbody><\/table><\/figure>\n<\/div><\/div>\n","protected":false},"excerpt":{"rendered":"<p>Rozpocz\u0119cie rocznych zaj\u0119\u0107 dydaktyczno-wychowawczych 1 wrze\u015bnia 2025 r. Zimowa przerwa \u015bwi\u0105teczna od 22 grudnia do 31 grudnia 2025 r. Zako\u0144czenie pierwszego p\u00f3\u0142rocza 13 stycznia 2026 r. Egzamin zawodowy sesja stycze\u0144 [&hellip;]<\/p>\n","protected":false},"author":1,"featured_media":0,"parent":0,"menu_order":0,"comment_status":"closed","ping_status":"closed","template":"","meta":{"footnotes":""},"class_list":["post-2855","page","type-page","status-publish","hentry"],"yoast_head":"<!-- This site is optimized with the Yoast SEO plugin v20.13 - https:\/\/yoast.com\/wordpress\/plugins\/seo\/ -->\n<title>Kalendarz roku szkolnego - ZSP w Chojnie<\/title>\n<meta name=\"robots\" content=\"index, follow, max-snippet:-1, max-image-preview:large, max-video-preview:-1\" \/>\n<link rel=\"canonical\" href=\"https:\/\/zsp1chojna.pl\/?page_id=2855\" \/>\n<meta property=\"og:locale\" content=\"pl_PL\" \/>\n<meta property=\"og:type\" content=\"article\" \/>\n<meta property=\"og:title\" content=\"Kalendarz roku szkolnego - ZSP w Chojnie\" \/>\n<meta property=\"og:description\" content=\"Rozpocz\u0119cie rocznych zaj\u0119\u0107 dydaktyczno-wychowawczych 1 wrze\u015bnia 2025 r. Zimowa przerwa \u015bwi\u0105teczna od 22 grudnia do 31 grudnia 2025 r. Zako\u0144czenie pierwszego p\u00f3\u0142rocza 13 stycznia 2026 r. Egzamin zawodowy sesja stycze\u0144 [&hellip;]\" \/>\n<meta property=\"og:url\" content=\"https:\/\/zsp1chojna.pl\/?page_id=2855\" \/>\n<meta property=\"og:site_name\" content=\"ZSP w Chojnie\" \/>\n<meta property=\"article:modified_time\" content=\"2025-09-09T13:49:39+00:00\" \/>\n<meta name=\"twitter:card\" content=\"summary_large_image\" \/>\n<meta name=\"twitter:label1\" content=\"Szacowany czas czytania\" \/>\n\t<meta name=\"twitter:data1\" content=\"2 minuty\" \/>\n<script type=\"application\/ld+json\" class=\"yoast-schema-graph\">{\"@context\":\"https:\/\/schema.org\",\"@graph\":[{\"@type\":\"WebPage\",\"@id\":\"https:\/\/zsp1chojna.pl\/?page_id=2855\",\"url\":\"https:\/\/zsp1chojna.pl\/?page_id=2855\",\"name\":\"Kalendarz roku szkolnego - ZSP w Chojnie\",\"isPartOf\":{\"@id\":\"https:\/\/zsp1chojna.pl\/#website\"},\"datePublished\":\"2023-08-27T16:34:52+00:00\",\"dateModified\":\"2025-09-09T13:49:39+00:00\",\"breadcrumb\":{\"@id\":\"https:\/\/zsp1chojna.pl\/?page_id=2855#breadcrumb\"},\"inLanguage\":\"pl-PL\",\"potentialAction\":[{\"@type\":\"ReadAction\",\"target\":[\"https:\/\/zsp1chojna.pl\/?page_id=2855\"]}]},{\"@type\":\"BreadcrumbList\",\"@id\":\"https:\/\/zsp1chojna.pl\/?page_id=2855#breadcrumb\",\"itemListElement\":[{\"@type\":\"ListItem\",\"position\":1,\"name\":\"Home\",\"item\":\"https:\/\/zsp1chojna.pl\/\"},{\"@type\":\"ListItem\",\"position\":2,\"name\":\"Kalendarz roku szkolnego\"}]},{\"@type\":\"WebSite\",\"@id\":\"https:\/\/zsp1chojna.pl\/#website\",\"url\":\"https:\/\/zsp1chojna.pl\/\",\"name\":\"ZSP w Chojnie\",\"description\":\"\",\"publisher\":{\"@id\":\"https:\/\/zsp1chojna.pl\/#organization\"},\"potentialAction\":[{\"@type\":\"SearchAction\",\"target\":{\"@type\":\"EntryPoint\",\"urlTemplate\":\"https:\/\/zsp1chojna.pl\/?s={search_term_string}\"},\"query-input\":\"required name=search_term_string\"}],\"inLanguage\":\"pl-PL\"},{\"@type\":\"Organization\",\"@id\":\"https:\/\/zsp1chojna.pl\/#organization\",\"name\":\"ZSP w Chojnie\",\"url\":\"https:\/\/zsp1chojna.pl\/\",\"logo\":{\"@type\":\"ImageObject\",\"inLanguage\":\"pl-PL\",\"@id\":\"https:\/\/zsp1chojna.pl\/#\/schema\/logo\/image\/\",\"url\":\"https:\/\/zsp1chojna.pl\/wp-content\/uploads\/2023\/08\/cropped-cropped-cropped-Logo-biale-napis-na-3-wiersze_504-1.png\",\"contentUrl\":\"https:\/\/zsp1chojna.pl\/wp-content\/uploads\/2023\/08\/cropped-cropped-cropped-Logo-biale-napis-na-3-wiersze_504-1.png\",\"width\":504,\"height\":167,\"caption\":\"ZSP w Chojnie\"},\"image\":{\"@id\":\"https:\/\/zsp1chojna.pl\/#\/schema\/logo\/image\/\"}}]}<\/script>\n<!-- \/ Yoast SEO plugin. -->","yoast_head_json":{"title":"Kalendarz roku szkolnego - ZSP w Chojnie","robots":{"index":"index","follow":"follow","max-snippet":"max-snippet:-1","max-image-preview":"max-image-preview:large","max-video-preview":"max-video-preview:-1"},"canonical":"https:\/\/zsp1chojna.pl\/?page_id=2855","og_locale":"pl_PL","og_type":"article","og_title":"Kalendarz roku szkolnego - ZSP w Chojnie","og_description":"Rozpocz\u0119cie rocznych zaj\u0119\u0107 dydaktyczno-wychowawczych 1 wrze\u015bnia 2025 r. Zimowa przerwa \u015bwi\u0105teczna od 22 grudnia do 31 grudnia 2025 r. Zako\u0144czenie pierwszego p\u00f3\u0142rocza 13 stycznia 2026 r. Egzamin zawodowy sesja stycze\u0144 [&hellip;]","og_url":"https:\/\/zsp1chojna.pl\/?page_id=2855","og_site_name":"ZSP w Chojnie","article_modified_time":"2025-09-09T13:49:39+00:00","twitter_card":"summary_large_image","twitter_misc":{"Szacowany czas czytania":"2 minuty"},"schema":{"@context":"https:\/\/schema.org","@graph":[{"@type":"WebPage","@id":"https:\/\/zsp1chojna.pl\/?page_id=2855","url":"https:\/\/zsp1chojna.pl\/?page_id=2855","name":"Kalendarz roku szkolnego - ZSP w Chojnie","isPartOf":{"@id":"https:\/\/zsp1chojna.pl\/#website"},"datePublished":"2023-08-27T16:34:52+00:00","dateModified":"2025-09-09T13:49:39+00:00","breadcrumb":{"@id":"https:\/\/zsp1chojna.pl\/?page_id=2855#breadcrumb"},"inLanguage":"pl-PL","potentialAction":[{"@type":"ReadAction","target":["https:\/\/zsp1chojna.pl\/?page_id=2855"]}]},{"@type":"BreadcrumbList","@id":"https:\/\/zsp1chojna.pl\/?page_id=2855#breadcrumb","itemListElement":[{"@type":"ListItem","position":1,"name":"Home","item":"https:\/\/zsp1chojna.pl\/"},{"@type":"ListItem","position":2,"name":"Kalendarz roku szkolnego"}]},{"@type":"WebSite","@id":"https:\/\/zsp1chojna.pl\/#website","url":"https:\/\/zsp1chojna.pl\/","name":"ZSP w Chojnie","description":"","publisher":{"@id":"https:\/\/zsp1chojna.pl\/#organization"},"potentialAction":[{"@type":"SearchAction","target":{"@type":"EntryPoint","urlTemplate":"https:\/\/zsp1chojna.pl\/?s={search_term_string}"},"query-input":"required name=search_term_string"}],"inLanguage":"pl-PL"},{"@type":"Organization","@id":"https:\/\/zsp1chojna.pl\/#organization","name":"ZSP w Chojnie","url":"https:\/\/zsp1chojna.pl\/","logo":{"@type":"ImageObject","inLanguage":"pl-PL","@id":"https:\/\/zsp1chojna.pl\/#\/schema\/logo\/image\/","url":"https:\/\/zsp1chojna.pl\/wp-content\/uploads\/2023\/08\/cropped-cropped-cropped-Logo-biale-napis-na-3-wiersze_504-1.png","contentUrl":"https:\/\/zsp1chojna.pl\/wp-content\/uploads\/2023\/08\/cropped-cropped-cropped-Logo-biale-napis-na-3-wiersze_504-1.png","width":504,"height":167,"caption":"ZSP w Chojnie"},"image":{"@id":"https:\/\/zsp1chojna.pl\/#\/schema\/logo\/image\/"}}]}},"_links":{"self":[{"href":"https:\/\/zsp1chojna.pl\/index.php?rest_route=\/wp\/v2\/pages\/2855","targetHints":{"allow":["GET"]}}],"collection":[{"href":"https:\/\/zsp1chojna.pl\/index.php?rest_route=\/wp\/v2\/pages"}],"about":[{"href":"https:\/\/zsp1chojna.pl\/index.php?rest_route=\/wp\/v2\/types\/page"}],"author":[{"embeddable":true,"href":"https:\/\/zsp1chojna.pl\/index.php?rest_route=\/wp\/v2\/users\/1"}],"replies":[{"embeddable":true,"href":"https:\/\/zsp1chojna.pl\/index.php?rest_route=%2Fwp%2Fv2%2Fcomments&post=2855"}],"version-history":[{"count":17,"href":"https:\/\/zsp1chojna.pl\/index.php?rest_route=\/wp\/v2\/pages\/2855\/revisions"}],"predecessor-version":[{"id":14392,"href":"https:\/\/zsp1chojna.pl\/index.php?rest_route=\/wp\/v2\/pages\/2855\/revisions\/14392"}],"wp:attachment":[{"href":"https:\/\/zsp1chojna.pl\/index.php?rest_route=%2Fwp%2Fv2%2Fmedia&parent=2855"}],"curies":[{"name":"wp","href":"https:\/\/api.w.org\/{rel}","templated":true}]}}