{"id":221,"date":"2023-08-15T17:06:28","date_gmt":"2023-08-15T15:06:28","guid":{"rendered":"https:\/\/zsp1chojna.pl\/?page_id=221"},"modified":"2023-09-18T22:34:10","modified_gmt":"2023-09-18T20:34:10","slug":"ustawienia-ciasteczek","status":"publish","type":"page","link":"https:\/\/zsp1chojna.pl\/?page_id=221","title":{"rendered":"Ustawienia ciasteczek"},"content":{"rendered":"\n<p class=\"has-text-align-justify\">Gwarantujemy u\u017cytkownikom stron www prawo wyboru w zakresie udost\u0119pniania informacji, kt\u00f3re ich dotycz\u0105. Informujemy, \u017ce u\u017cywamy na stronach www technologii cookies tj. plik\u00f3w tekstowych,do rejestrowania informacji o tym, kt\u00f3re strony u\u017cytkownik odwiedza\u0142 i co na nich robi\u0142.<\/p>\n\n\n\n<p><strong>&#8220;Cookies&#8221; &#8211; co to jest?<\/strong><\/p>\n\n\n\n<p class=\"has-text-align-justify\">Cookies to \u0091porcje\u0092 informacji, zapisywane przez Twoj\u0105 przegl\u0105dark\u0119. Dzi\u0119ki cookies strony internetowe pami\u0119taj\u0105 Twoje preferencje. Cookie nie identyfikuje Twoich danych osobowych. Cookie nie ma \u017cadnego wp\u0142ywu na Twoje oprogramowanie ani sprz\u0119t.<\/p>\n\n\n\n<p><strong>Dlaczego i jak stosujemy pliki Cookie<\/strong><\/p>\n\n\n<style>.wp-block-kadence-iconlist.kt-svg-icon-list-items221_b0835f-01 ul.kt-svg-icon-list:not(.this-prevents-issues):not(.this-stops-third-party-issues):not(.tijsloc){margin-top:0px;margin-right:0px;margin-bottom:var(--global-kb-spacing-sm, 1.5rem);margin-left:0px;}.wp-block-kadence-iconlist.kt-svg-icon-list-items221_b0835f-01 ul.kt-svg-icon-list{grid-row-gap:5px;}.wp-block-kadence-iconlist.kt-svg-icon-list-items221_b0835f-01 ul.kt-svg-icon-list .kt-svg-icon-list-item-wrap .kt-svg-icon-list-single{margin-right:10px;}.kt-svg-icon-list-items221_b0835f-01 ul.kt-svg-icon-list .kt-svg-icon-list-level-0 .kt-svg-icon-list-single svg{font-size:20px;}@media all and (max-width: 1024px){.wp-block-kadence-iconlist.kt-svg-icon-list-items221_b0835f-01 ul.kt-svg-icon-list{grid-row-gap:5px;}}@media all and (max-width: 767px){.wp-block-kadence-iconlist.kt-svg-icon-list-items221_b0835f-01 ul.kt-svg-icon-list{grid-row-gap:5px;}}<\/style>\n<div class=\"wp-block-kadence-iconlist kt-svg-icon-list-items kt-svg-icon-list-items221_b0835f-01 kt-svg-icon-list-columns-1 alignnone\"><ul class=\"kt-svg-icon-list\"><style>.kt-svg-icon-list-item-221_20aaee-1c .kt-svg-icon-list-single{font-size:6px !important;color:#1a283f !important;}<\/style>\n<li class=\"wp-block-kadence-listitem kt-svg-icon-list-item-wrap kt-svg-icon-list-item-221_20aaee-1c\"><span class=\"kb-svg-icon-wrap kb-svg-icon-fas_circle kt-svg-icon-list-single\"><svg viewBox=\"0 0 512 512\"  fill=\"currentColor\" xmlns=\"http:\/\/www.w3.org\/2000\/svg\" ><path d=\"M256 8C119 8 8 119 8 256s111 248 248 248 248-111 248-248S393 8 256 8z\"\/><\/svg><\/span><span class=\"kt-svg-icon-list-text\">uwierzytelnianie<\/span><\/li>\n\n\n<style>.kt-svg-icon-list-item-221_44d7ff-d0 .kt-svg-icon-list-single{font-size:6px !important;color:#1a283f !important;}<\/style>\n<li class=\"wp-block-kadence-listitem kt-svg-icon-list-item-wrap kt-svg-icon-list-item-221_44d7ff-d0\"><span class=\"kb-svg-icon-wrap kb-svg-icon-fas_circle kt-svg-icon-list-single\"><svg viewBox=\"0 0 512 512\"  fill=\"currentColor\" xmlns=\"http:\/\/www.w3.org\/2000\/svg\" ><path d=\"M256 8C119 8 8 119 8 256s111 248 248 248 248-111 248-248S393 8 256 8z\"\/><\/svg><\/span><span class=\"kt-svg-icon-list-text\">bezpiecze\u0144stwo<\/span><\/li>\n\n\n<style>.kt-svg-icon-list-item-221_51d8cb-6f .kt-svg-icon-list-single{font-size:6px !important;color:#1a283f !important;}<\/style>\n<li class=\"wp-block-kadence-listitem kt-svg-icon-list-item-wrap kt-svg-icon-list-item-221_51d8cb-6f\"><span class=\"kb-svg-icon-wrap kb-svg-icon-fas_circle kt-svg-icon-list-single\"><svg viewBox=\"0 0 512 512\"  fill=\"currentColor\" xmlns=\"http:\/\/www.w3.org\/2000\/svg\" ><path d=\"M256 8C119 8 8 119 8 256s111 248 248 248 248-111 248-248S393 8 256 8z\"\/><\/svg><\/span><span class=\"kt-svg-icon-list-text\">preferencje, funkcje i us\u0142ugi<\/span><\/li>\n\n\n<style>.kt-svg-icon-list-item-221_3c1237-25 .kt-svg-icon-list-single{font-size:6px !important;color:#1a283f !important;}<\/style>\n<li class=\"wp-block-kadence-listitem kt-svg-icon-list-item-wrap kt-svg-icon-list-item-221_3c1237-25\"><span class=\"kb-svg-icon-wrap kb-svg-icon-fas_circle kt-svg-icon-list-single\"><svg viewBox=\"0 0 512 512\"  fill=\"currentColor\" xmlns=\"http:\/\/www.w3.org\/2000\/svg\" ><path d=\"M256 8C119 8 8 119 8 256s111 248 248 248 248-111 248-248S393 8 256 8z\"\/><\/svg><\/span><span class=\"kt-svg-icon-list-text\">reklama<\/span><\/li>\n\n\n<style>.kt-svg-icon-list-item-221_13a112-47 .kt-svg-icon-list-single{font-size:6px !important;color:#1a283f !important;}<\/style>\n<li class=\"wp-block-kadence-listitem kt-svg-icon-list-item-wrap kt-svg-icon-list-item-221_13a112-47\"><span class=\"kb-svg-icon-wrap kb-svg-icon-fas_circle kt-svg-icon-list-single\"><svg viewBox=\"0 0 512 512\"  fill=\"currentColor\" xmlns=\"http:\/\/www.w3.org\/2000\/svg\" ><path d=\"M256 8C119 8 8 119 8 256s111 248 248 248 248-111 248-248S393 8 256 8z\"\/><\/svg><\/span><span class=\"kt-svg-icon-list-text\"> wydajno\u015b\u0107, analiza oraz badania<\/span><\/li>\n<\/ul><\/div>\n\n\n\n<p><strong>Jak pliki &#8220;cookies&#8221; dopasowuj\u0105 nasz\u0105 stron\u0119 internetow\u0105 do potrzeb u\u017cytkownika<\/strong><\/p>\n\n\n\n<p class=\"has-text-align-justify\">&#8220;Cookies&#8221; pomagaj\u0105 w dostosowaniu zawarto\u015bci strony internetowej do oczekiwa\u0144 u\u017cytkownik\u00f3w. Z kolei analityczne pliki &#8220;cookies&#8221; wykorzystywane s\u0105 w celu oceny statystyk wej\u015b\u0107 na stron\u0119 internetow\u0105. Pozwalaj\u0105 one nam oceni\u0107, jakie s\u0105 upodobania i oceny u\u017cytkownik\u00f3w, a tak\u017ce jak mo\u017cemy ulepsza\u0107 stron\u0119 internetow\u0105 dla u\u017cytkownika.<\/p>\n\n\n\n<p class=\"has-text-align-justify\">Cookies s\u0142u\u017c\u0105ce do uwierzytelniania, umo\u017cliwiaj\u0105 m.in. \u0142atwe logowanie, uzupe\u0142nianie formularzy, zapami\u0119tywanie ustawie\u0144 stron www wybranych przez u\u017cytkownika.<\/p>\n\n\n\n<p class=\"has-text-align-justify\"><strong>Jak mo\u017cesz zarz\u0105dza\u0107 swoimi plikami &#8220;cookies&#8221;?<\/strong><\/p>\n\n\n\n<p class=\"has-text-align-justify\">Je\u015bli u\u017cytkownik nie chce otrzymywa\u0107 plik\u00f3w cookie, mo\u017ce zmieni\u0107 ustawienia przegl\u0105darki. Zastrzegamy, \u017ce wy\u0142\u0105czenie obs\u0142ugi plik\u00f3w cookies niezb\u0119dnych dla uwierzytelniania, bezpiecze\u0144stwa, utrzymania preferencji u\u017cytkownika, utrudni korzystanie z strony, w skrajnych przypadkach mo\u017ce uniemo\u017cliwi\u0107 korzystanie ze stron www.<\/p>\n\n\n\n<p>W celu zarz\u0105dzania ustawienia cookies wybierz z listy poni\u017cej przegl\u0105dark\u0119 internetow\u0105, kt\u00f3rej u\u017cywasz i post\u0119puj zgodnie z instrukcjami:<\/p>\n\n\n\n<p><a href=\"http:\/\/support.microsoft.com\/kb\/196955\" target=\"_blank\" rel=\"noreferrer noopener\">Internet Explorer<\/a><br><a href=\"http:\/\/support.google.com\/chrome\/bin\/answer.py?hl=pl&amp;answer=95647\" target=\"_blank\" rel=\"noreferrer noopener\">Chrome<\/a><br><a href=\"http:\/\/support.apple.com\/kb\/PH5042\" target=\"_blank\" rel=\"noreferrer noopener\">Safari<\/a><br><a href=\"http:\/\/support.mozilla.org\/pl\/kb\/W%C5%82%C4%85czanie%20i%20wy%C5%82%C4%85czanie%20obs%C5%82ugi%20ciasteczek\" target=\"_blank\" rel=\"noreferrer noopener\">Firefox<\/a><br><a href=\"http:\/\/help.opera.com\/Windows\/12.10\/pl\/cookies.html\" target=\"_blank\" rel=\"noreferrer noopener\">Opera<\/a><\/p>\n\n\n\n<p>Urz\u0105dzenia mobilne:<br><a href=\"http:\/\/support.google.com\/chrome\/bin\/answer.py?hl=pl&amp;answer=95647\" target=\"_blank\" rel=\"noreferrer noopener\">Android<\/a><br><a href=\"http:\/\/support.apple.com\/kb\/HT1677?viewlocale=pl_PL\" target=\"_blank\" rel=\"noreferrer noopener\">Safari<\/a><br><a href=\"http:\/\/www.windowsphone.com\/pl-pl\/how-to\/wp7\/web\/changing-privacy-and-other-browser-settings\" target=\"_blank\" rel=\"noreferrer noopener\">Windows Phone<\/a><br><a href=\"http:\/\/docs.blackberry.com\/en\/smartphone_users\/deliverables\/32004\/Turn_off_cookies_in_the_browser_60_1072866_11.jsp\" target=\"_blank\" rel=\"noreferrer noopener\">Blackberry<\/a><\/p>\n","protected":false},"excerpt":{"rendered":"<p>Gwarantujemy u\u017cytkownikom stron www prawo wyboru w zakresie udost\u0119pniania informacji, kt\u00f3re ich dotycz\u0105. Informujemy, \u017ce u\u017cywamy na stronach www technologii cookies tj. plik\u00f3w tekstowych,do rejestrowania informacji o tym, kt\u00f3re strony [&hellip;]<\/p>\n","protected":false},"author":1,"featured_media":0,"parent":0,"menu_order":0,"comment_status":"closed","ping_status":"closed","template":"","meta":{"footnotes":""},"class_list":["post-221","page","type-page","status-publish","hentry"],"yoast_head":"<!-- This site is optimized with the Yoast SEO plugin v20.13 - https:\/\/yoast.com\/wordpress\/plugins\/seo\/ -->\n<title>Ustawienia ciasteczek - ZSP w Chojnie<\/title>\n<meta name=\"robots\" content=\"index, follow, max-snippet:-1, max-image-preview:large, max-video-preview:-1\" \/>\n<link rel=\"canonical\" href=\"https:\/\/zsp1chojna.pl\/?page_id=221\" \/>\n<meta property=\"og:locale\" content=\"pl_PL\" \/>\n<meta property=\"og:type\" content=\"article\" \/>\n<meta property=\"og:title\" content=\"Ustawienia ciasteczek - ZSP w Chojnie\" \/>\n<meta property=\"og:description\" content=\"Gwarantujemy u\u017cytkownikom stron www prawo wyboru w zakresie udost\u0119pniania informacji, kt\u00f3re ich dotycz\u0105. Informujemy, \u017ce u\u017cywamy na stronach www technologii cookies tj. plik\u00f3w tekstowych,do rejestrowania informacji o tym, kt\u00f3re strony [&hellip;]\" \/>\n<meta property=\"og:url\" content=\"https:\/\/zsp1chojna.pl\/?page_id=221\" \/>\n<meta property=\"og:site_name\" content=\"ZSP w Chojnie\" \/>\n<meta property=\"article:modified_time\" content=\"2023-09-18T20:34:10+00:00\" \/>\n<meta name=\"twitter:card\" content=\"summary_large_image\" \/>\n<meta name=\"twitter:label1\" content=\"Szacowany czas czytania\" \/>\n\t<meta name=\"twitter:data1\" content=\"2 minuty\" \/>\n<script type=\"application\/ld+json\" class=\"yoast-schema-graph\">{\"@context\":\"https:\/\/schema.org\",\"@graph\":[{\"@type\":\"WebPage\",\"@id\":\"https:\/\/zsp1chojna.pl\/?page_id=221\",\"url\":\"https:\/\/zsp1chojna.pl\/?page_id=221\",\"name\":\"Ustawienia ciasteczek - ZSP w Chojnie\",\"isPartOf\":{\"@id\":\"https:\/\/zsp1chojna.pl\/#website\"},\"datePublished\":\"2023-08-15T15:06:28+00:00\",\"dateModified\":\"2023-09-18T20:34:10+00:00\",\"breadcrumb\":{\"@id\":\"https:\/\/zsp1chojna.pl\/?page_id=221#breadcrumb\"},\"inLanguage\":\"pl-PL\",\"potentialAction\":[{\"@type\":\"ReadAction\",\"target\":[\"https:\/\/zsp1chojna.pl\/?page_id=221\"]}]},{\"@type\":\"BreadcrumbList\",\"@id\":\"https:\/\/zsp1chojna.pl\/?page_id=221#breadcrumb\",\"itemListElement\":[{\"@type\":\"ListItem\",\"position\":1,\"name\":\"Home\",\"item\":\"https:\/\/zsp1chojna.pl\/\"},{\"@type\":\"ListItem\",\"position\":2,\"name\":\"Ustawienia ciasteczek\"}]},{\"@type\":\"WebSite\",\"@id\":\"https:\/\/zsp1chojna.pl\/#website\",\"url\":\"https:\/\/zsp1chojna.pl\/\",\"name\":\"ZSP w Chojnie\",\"description\":\"\",\"publisher\":{\"@id\":\"https:\/\/zsp1chojna.pl\/#organization\"},\"potentialAction\":[{\"@type\":\"SearchAction\",\"target\":{\"@type\":\"EntryPoint\",\"urlTemplate\":\"https:\/\/zsp1chojna.pl\/?s={search_term_string}\"},\"query-input\":\"required name=search_term_string\"}],\"inLanguage\":\"pl-PL\"},{\"@type\":\"Organization\",\"@id\":\"https:\/\/zsp1chojna.pl\/#organization\",\"name\":\"ZSP w Chojnie\",\"url\":\"https:\/\/zsp1chojna.pl\/\",\"logo\":{\"@type\":\"ImageObject\",\"inLanguage\":\"pl-PL\",\"@id\":\"https:\/\/zsp1chojna.pl\/#\/schema\/logo\/image\/\",\"url\":\"https:\/\/zsp1chojna.pl\/wp-content\/uploads\/2023\/08\/cropped-cropped-cropped-Logo-biale-napis-na-3-wiersze_504-1.png\",\"contentUrl\":\"https:\/\/zsp1chojna.pl\/wp-content\/uploads\/2023\/08\/cropped-cropped-cropped-Logo-biale-napis-na-3-wiersze_504-1.png\",\"width\":504,\"height\":167,\"caption\":\"ZSP w Chojnie\"},\"image\":{\"@id\":\"https:\/\/zsp1chojna.pl\/#\/schema\/logo\/image\/\"}}]}<\/script>\n<!-- \/ Yoast SEO plugin. -->","yoast_head_json":{"title":"Ustawienia ciasteczek - ZSP w Chojnie","robots":{"index":"index","follow":"follow","max-snippet":"max-snippet:-1","max-image-preview":"max-image-preview:large","max-video-preview":"max-video-preview:-1"},"canonical":"https:\/\/zsp1chojna.pl\/?page_id=221","og_locale":"pl_PL","og_type":"article","og_title":"Ustawienia ciasteczek - ZSP w Chojnie","og_description":"Gwarantujemy u\u017cytkownikom stron www prawo wyboru w zakresie udost\u0119pniania informacji, kt\u00f3re ich dotycz\u0105. Informujemy, \u017ce u\u017cywamy na stronach www technologii cookies tj. plik\u00f3w tekstowych,do rejestrowania informacji o tym, kt\u00f3re strony [&hellip;]","og_url":"https:\/\/zsp1chojna.pl\/?page_id=221","og_site_name":"ZSP w Chojnie","article_modified_time":"2023-09-18T20:34:10+00:00","twitter_card":"summary_large_image","twitter_misc":{"Szacowany czas czytania":"2 minuty"},"schema":{"@context":"https:\/\/schema.org","@graph":[{"@type":"WebPage","@id":"https:\/\/zsp1chojna.pl\/?page_id=221","url":"https:\/\/zsp1chojna.pl\/?page_id=221","name":"Ustawienia ciasteczek - ZSP w Chojnie","isPartOf":{"@id":"https:\/\/zsp1chojna.pl\/#website"},"datePublished":"2023-08-15T15:06:28+00:00","dateModified":"2023-09-18T20:34:10+00:00","breadcrumb":{"@id":"https:\/\/zsp1chojna.pl\/?page_id=221#breadcrumb"},"inLanguage":"pl-PL","potentialAction":[{"@type":"ReadAction","target":["https:\/\/zsp1chojna.pl\/?page_id=221"]}]},{"@type":"BreadcrumbList","@id":"https:\/\/zsp1chojna.pl\/?page_id=221#breadcrumb","itemListElement":[{"@type":"ListItem","position":1,"name":"Home","item":"https:\/\/zsp1chojna.pl\/"},{"@type":"ListItem","position":2,"name":"Ustawienia ciasteczek"}]},{"@type":"WebSite","@id":"https:\/\/zsp1chojna.pl\/#website","url":"https:\/\/zsp1chojna.pl\/","name":"ZSP w Chojnie","description":"","publisher":{"@id":"https:\/\/zsp1chojna.pl\/#organization"},"potentialAction":[{"@type":"SearchAction","target":{"@type":"EntryPoint","urlTemplate":"https:\/\/zsp1chojna.pl\/?s={search_term_string}"},"query-input":"required name=search_term_string"}],"inLanguage":"pl-PL"},{"@type":"Organization","@id":"https:\/\/zsp1chojna.pl\/#organization","name":"ZSP w Chojnie","url":"https:\/\/zsp1chojna.pl\/","logo":{"@type":"ImageObject","inLanguage":"pl-PL","@id":"https:\/\/zsp1chojna.pl\/#\/schema\/logo\/image\/","url":"https:\/\/zsp1chojna.pl\/wp-content\/uploads\/2023\/08\/cropped-cropped-cropped-Logo-biale-napis-na-3-wiersze_504-1.png","contentUrl":"https:\/\/zsp1chojna.pl\/wp-content\/uploads\/2023\/08\/cropped-cropped-cropped-Logo-biale-napis-na-3-wiersze_504-1.png","width":504,"height":167,"caption":"ZSP w Chojnie"},"image":{"@id":"https:\/\/zsp1chojna.pl\/#\/schema\/logo\/image\/"}}]}},"_links":{"self":[{"href":"https:\/\/zsp1chojna.pl\/index.php?rest_route=\/wp\/v2\/pages\/221","targetHints":{"allow":["GET"]}}],"collection":[{"href":"https:\/\/zsp1chojna.pl\/index.php?rest_route=\/wp\/v2\/pages"}],"about":[{"href":"https:\/\/zsp1chojna.pl\/index.php?rest_route=\/wp\/v2\/types\/page"}],"author":[{"embeddable":true,"href":"https:\/\/zsp1chojna.pl\/index.php?rest_route=\/wp\/v2\/users\/1"}],"replies":[{"embeddable":true,"href":"https:\/\/zsp1chojna.pl\/index.php?rest_route=%2Fwp%2Fv2%2Fcomments&post=221"}],"version-history":[{"count":2,"href":"https:\/\/zsp1chojna.pl\/index.php?rest_route=\/wp\/v2\/pages\/221\/revisions"}],"predecessor-version":[{"id":5333,"href":"https:\/\/zsp1chojna.pl\/index.php?rest_route=\/wp\/v2\/pages\/221\/revisions\/5333"}],"wp:attachment":[{"href":"https:\/\/zsp1chojna.pl\/index.php?rest_route=%2Fwp%2Fv2%2Fmedia&parent=221"}],"curies":[{"name":"wp","href":"https:\/\/api.w.org\/{rel}","templated":true}]}}