{"id":215,"date":"2023-08-15T16:58:52","date_gmt":"2023-08-15T14:58:52","guid":{"rendered":"https:\/\/zsp1chojna.pl\/?page_id=215"},"modified":"2023-09-18T22:36:28","modified_gmt":"2023-09-18T20:36:28","slug":"deklaracja-dostepnosci","status":"publish","type":"page","link":"https:\/\/zsp1chojna.pl\/?page_id=215","title":{"rendered":"Deklaracja dost\u0119pno\u015bci"},"content":{"rendered":"\n<p class=\"has-text-align-justify\"><strong>Zesp\u00f3\u0142 Szk\u00f3\u0142 Ponadpodstawowych w Chojnie zobowi\u0105zuje si\u0119 zapewni\u0107 dost\u0119pno\u015b\u0107 swojej strony internetowej <a href=\"http:\/\/www.zsp1chojna.pl\">www.zsp1chojna.pl<\/a> zgodnie z przepisami ustawy z dnia 4 kwietnia 2019 r. o dost\u0119pno\u015bci cyfrowej stron internetowych i aplikacji mobilnych podmiot\u00f3w publicznych.<\/strong><\/p>\n\n\n\n<p><strong>STATUS POD WZGL\u0118DEM ZGODNO\u015aCI<\/strong><\/p>\n\n\n\n<p class=\"has-text-align-justify\">Strona internetowa jest cz\u0119\u015bciowo zgodna z ustaw\u0105 z dnia 4 kwietnia 2019 r. o dost\u0119pno\u015bci cyfrowej stron internetowych i aplikacji mobilnych podmiot\u00f3w publicznych z powodu niezgodno\u015bci lub wy\u0142\u0105cze\u0144 wymienionych poni\u017cej. Pliki do pobrania (np. PDF, DOC) \u2013 administrator strony ZSP w Chojnie stara si\u0119 ograniczy\u0107 do minimum korzystanie z takich plik\u00f3w i osadza\u0107 teksty bezpo\u015brednio w serwisie. Administrator strony ZSP w Chojnie stara si\u0119 poprawne formatowa\u0107 pliki tak, aby by\u0142y one dost\u0119pne (np. powinny posiada\u0107 struktur\u0119 znacznik\u00f3w, czyli tagowanie). Nieczytelne przez czytniki ekranu dokumenty PDF u\u017cytkownicy mog\u0105 rozpozna\u0107 narz\u0119dziem OCR. Niekt\u00f3re zdj\u0119cia w serwisie nie s\u0105 dodatkowo opisane.<\/p>\n\n\n\n<p><strong>TRE\u015aCI NIEDOST\u0118PNE<\/strong><\/p>\n\n\n\n<p class=\"has-text-align-justify\">Strona internetowa nie dostosowuje si\u0119 w pe\u0142ni do urz\u0105dze\u0144 mobilnych, przy powi\u0119kszaniu obrazu zwi\u0119ksza si\u0119 ca\u0142a strona a nie czcionka. Grafiki nie posiadaj\u0105 opisu alternatywnego, w tek\u015bcie wyst\u0119puje justowanie. Nie wszystkie elementy menu s\u0105 dost\u0119pne z klawiatury (menu drugiego poziomu). Wyst\u0119puje brak opisu rozszerzenia pobieranego pliku oraz tzw. fokusa (podczas sterowania klawiszami nie pojawia si\u0119 zaznaczenie, pokazuj\u0105ce na kt\u00f3rym linku jest u\u017cytkownik). Wyst\u0119puje niepoprawne u\u017cycie nag\u0142\u00f3wk\u00f3w H (kolejno\u015b\u0107).<\/p>\n\n\n\n<p><strong>PRZYGOTOWANIE O\u015aWIADCZENIA W SPRAWIE DOST\u0118PNO\u015aCI<\/strong><\/p>\n\n\n\n<p class=\"has-text-align-justify\">O\u015bwiadczenie sporz\u0105dzono 14 kwietnia 2021 r. na podstawie oceny dost\u0119pno\u015bci dokonanej przez pracownik\u00f3w szko\u0142y. O\u015bwiadczenie zosta\u0142o ostatnio poddane przegl\u0105dowi w dniu 8 lutego 2022 r.<\/p>\n\n\n\n<p><strong>INFORMACJE ZWROTNE I DANE KONTAKTOWE <\/strong><\/p>\n\n\n\n<p class=\"has-text-align-justify\">W przypadku problem\u00f3w z dost\u0119pno\u015bci\u0105 strony internetowej prosimy o informacj\u0119 zwrotn\u0105 na adres zsp1@zsp1chojna.pl Preferowany jest kontakt z osob\u0105 odpowiedzialn\u0105 za dost\u0119pno\u015b\u0107 strony. Osob\u0105 kontaktow\u0105 jest Rafa\u0142 Czubik \u2013 kierownik gospodarczy ZSP w Chojnie, tel. 531802852, mail: rafal.czubik@zsp1chojna.pl. Kontaktowa\u0107 mo\u017cna si\u0119 tak\u017ce dzwoni\u0105c na numer telefonu 914142029. T\u0105 sam\u0105 drog\u0105 mo\u017cna sk\u0142ada\u0107 wnioski o udost\u0119pnienie informacji niedost\u0119pnej oraz sk\u0142ada\u0107 skargi na brak zapewnienia dost\u0119pno\u015bci.<\/p>\n\n\n\n<p><strong>POST\u0118POWANIE ODWO\u0141AWCZE<\/strong><\/p>\n\n\n\n<p class=\"has-text-align-justify\">Ka\u017cdy ma prawo do wyst\u0105pienia z \u017c\u0105daniem zapewnienia dost\u0119pno\u015bci cyfrowej strony internetowej lub jakiego\u015b jej elementu. Mo\u017cna tak\u017ce za\u017c\u0105da\u0107 udost\u0119pnienia informacji za pomoc\u0105 alternatywnego sposobu dost\u0119pu, na przyk\u0142ad przez odczytanie niedost\u0119pnego cyfrowo dokumentu, opisanie zawarto\u015bci filmu bez audio deskrypcji, itp. \u017b\u0105danie sk\u0142ada si\u0119 na pi\u015bmie, na adres Zesp\u00f3\u0142 Szk\u00f3\u0142 Ponadpodstawowych w Chojnie, ul. Dworcowa 3, 74-500 Chojna lub elektronicznie na adres zsp1@zsp1chojna.pl lub w sekretariacie szko\u0142y, ul. Dworcowa 3. \u017b\u0105danie powinno zawiera\u0107 dane osoby zg\u0142aszaj\u0105cej, wskazanie, o kt\u00f3r\u0105 stron\u0119  internetow\u0105 chodzi oraz spos\u00f3b kontaktu. Je\u017celi osoba \u017c\u0105daj\u0105ca zg\u0142asza potrzeb\u0119 otrzymania informacji za pomoc\u0105 alternatywnego sposobu dost\u0119pu, powinna tak\u017ce okre\u015bli\u0107 dogodny dla niej spos\u00f3b przedstawienia tej informacji. Podmiot publiczny powinien zrealizowa\u0107 \u017c\u0105danie niezw\u0142ocznie, nie p\u00f3\u017aniej ni\u017c w ci\u0105gu 7 dni od dnia wyst\u0105pienia z \u017c\u0105daniem. Je\u017celi dotrzymanie tego terminu nie jest mo\u017cliwe, podmiot publiczny niezw\u0142ocznie informuje o tym wnosz\u0105cego \u017c\u0105danie, kiedy realizacja \u017c\u0105dania b\u0119dzie mo\u017cliwa, przy czym termin ten nie mo\u017ce by\u0107 d\u0142u\u017cszy ni\u017c 14 dni od dnia wyst\u0105pienia z \u017c\u0105daniem. Je\u017celi zapewnienie dost\u0119pno\u015bci cyfrowej nie jest mo\u017cliwe, podmiot publiczny mo\u017ce zaproponowa\u0107 alternatywny spos\u00f3b dost\u0119pu do informacji. W przypadku, gdy podmiot publiczny odm\u00f3wi realizacji \u017c\u0105dania zapewnienia dost\u0119pno\u015bci lub alternatywnego sposobu dost\u0119pu do informacji, wnosz\u0105cy \u017c\u0105danie mo\u017cne z\u0142o\u017cy\u0107 skarg\u0119 w sprawie zapewnienia dost\u0119pno\u015bci cyfrowej strony internetowej lub elementu strony internetowej do Rzecznika Praw Obywatelskich.<\/p>\n\n\n\n<p><strong>DATA PUBLIKACJI I AKTUALIZACJI STRONY INTERNETOWEJ<\/strong><br>Strona www.zsp1chojna.pl zosta\u0142a opublikowana 16 wrze\u015bnia 2008 r.<br>Ostatnia aktualizacja strony, podczas kt\u00f3rej dokonano istotnych zmian, mia\u0142a miejsce 21 sierpnia 2021 r.. Zosta\u0142y wykonane:<\/p>\n\n\n\n<ul class=\"wp-block-list\">\n<li>instalacja certyfikatu SSL, kt\u00f3ry zapewnia poufno\u015b\u0107 transmisji danych przesy\u0142anych przez<br>Internet,<\/li>\n\n\n\n<li>responsywno\u015b\u0107 galerii zdj\u0119\u0107 &#8211; dostosowanie wy\u015bwietlania galerii do urz\u0105dze\u0144 mobilnych,<\/li>\n\n\n\n<li>dodanie modu\u0142u wyszukuj\u0105cego informacje na stronie,<\/li>\n\n\n\n<li>instalacja modu\u0142u umo\u017cliwiaj\u0105cego t\u0142umaczenie strony w r\u00f3\u017cnych j\u0119zykach .<\/li>\n<\/ul>\n\n\n\n<p><strong>SPOS\u00d3B DOKONANIA OCENY DOST\u0118PNO\u015aCI CYFROWEJ<\/strong><\/p>\n\n\n\n<p class=\"has-text-align-justify\">Dost\u0119pno\u015b\u0107 cyfrowa strony internetowej zosta\u0142a oceniona przez pracownik\u00f3w szko\u0142y, tj.<br>nauczycieli oraz pracownik\u00f3w administracji i obs\u0142ugi.<\/p>\n\n\n\n<p><strong>SKR\u00d3TY KLAWISZOWE<\/strong><\/p>\n\n\n\n<p class=\"has-text-align-justify\">Na stronie internetowej mo\u017cna u\u017cywa\u0107 standardowych skr\u00f3t\u00f3w klawiszowych przegl\u0105darki.Dodane jest tzw. szybkie menu, kt\u00f3re wywo\u0142ywane jest za pomoc\u0105 klawisza Tab (tabulator). Szybkie menu pozwala na bezpo\u015brednie przechodzenie do Menu, Tre\u015bci strony, Wyszukiwarki lub Deklaracji dost\u0119pno\u015bci.<\/p>\n\n\n\n<p><strong>DOST\u0118PNO\u015a\u0106 ARCHITEKTONICZNA<\/strong><\/p>\n\n\n\n<p class=\"has-text-align-justify\"><strong>Opis dost\u0119pno\u015bci wej\u015bcia do budynku i przechodzenia przez obszary kontroli:<\/strong> Do budynk\u00f3w Zespo\u0142u Szk\u00f3\u0142 Ponadpodstawowych w Chojnie prowadz\u0105 og\u00f3lnodost\u0119pne wej\u015bcia przez drzwi g\u0142\u00f3wne. Informacji o rozk\u0142adzie pomieszcze\u0144 w budynku udzielaj\u0105 pracownicy obs\u0142ugi przy wej\u015bciu g\u0142\u00f3wnym od ul. Dworcowej 3 i przy bramie od ul. \u017b\u00f3\u0142kiewskiego, tel. 914142029. Po wej\u015bciu do budynku szko\u0142y wszystkie osoby wpisuj\u0105 si\u0119 do ksi\u0119gi wej\u015b\u0107 i wyj\u015b\u0107.<br><strong>Dost\u0119pno\u015b\u0107 korytarzy, schod\u00f3w i wind:<\/strong><br>W budynkach szko\u0142y znajduj\u0105 si\u0119 klatki schodowe, z kt\u00f3rych mo\u017cna si\u0119 dosta\u0107 do wszystkich  pomieszcze\u0144. Na wszystkie pi\u0119tra prowadz\u0105 schody. Budynki nie s\u0105 przystosowane dla os\u00f3b z niepe\u0142nosprawno\u015bci\u0105 ruchow\u0105. Dla os\u00f3b na w\u00f3zkach dost\u0119pne mog\u0105 by\u0107 korytarze, natomiast pomieszczenia dydaktyczne cz\u0119\u015bciowo nie s\u0105 przystosowane dla os\u00f3b niepe\u0142nosprawnych (drzwi o szeroko\u015bci 80 cm) nie posiadaj\u0105 odpowiednich wymiar\u00f3w. Brak wind.<\/p>\n\n\n\n<p><strong>Opis dostosowa\u0144, na przyk\u0142ad pochylni, platform, informacji g\u0142osowych, p\u0119tli indukcyjnych:<\/strong><\/p>\n\n\n\n<p class=\"has-text-align-justify\">W budynku dost\u0119pna jest wizualna informacja o rozk\u0142adzie pomieszcze\u0144. Brak informacji dotykowej\/g\u0142osowej. Informacji o rozk\u0142adzie pomieszcze\u0144 w budynku udzielaj\u0105 pracownicy obs\u0142ugi przy wej\u015bciu g\u0142\u00f3wnym od ul. Dworcowej 3 i przy bramie od ul. \u017b\u00f3\u0142kiewskiego, tel. 91 414 2029. W budynkach nie zastosowano urz\u0105dze\u0144 i innych \u015brodk\u00f3w technicznych do obs\u0142ugi os\u00f3b s\u0142abos\u0142ysz\u0105cych. Dost\u0119pno\u015b\u0107 zapewniona jest poprzez wsparcie pracownika obs\u0142ugi.<\/p>\n\n\n\n<p class=\"has-text-align-justify\"><strong>Informacje o miejscu i sposobie korzystania z miejsc parkingowych wyznaczonych dla os\u00f3b niepe\u0142nosprawnych:<\/strong><\/p>\n\n\n\n<p>Przed budynkami szko\u0142y nie zapewniono miejsc parkingowych dla os\u00f3b niepe\u0142nosprawnych i rodzin z dzie\u0107mi. Szko\u0142a dysponuje kilkoma parkingami na terenie obiektu.<\/p>\n\n\n\n<p class=\"has-text-align-justify\"><strong>Informacja o prawie wst\u0119pu z psem asystuj\u0105cym i ewentualnych uzasadnionych ograniczeniach:<\/strong><br>Do budynku i wszystkich jego pomieszcze\u0144 jest mo\u017cliwo\u015b\u0107 wej\u015bcia z psem asystuj\u0105cym i psem przewodnikiem.<\/p>\n\n\n\n<p><strong>T\u0141UMACZ J\u0118ZYKA MIGOWEGO<\/strong><\/p>\n\n\n\n<p class=\"has-text-align-justify\">W szkole nie ma mo\u017cliwo\u015bci skorzystania z pomocy t\u0142umacza polskiego j\u0119zyka migowego ani z wykorzystaniem \u015brodk\u00f3w komunikacji elektronicznej. <\/p>\n\n\n\n<p><strong>APLIKACJE MOBILNE<\/strong><\/p>\n\n\n\n<p>Brak aplikacji mobilnych.<\/p>\n\n\n\n<p><strong>LINK DO STRONY INTERNETOWEJ RZECZNIKA PRAW OBYWATELSKICH<\/strong><\/p>\n\n\n\n<p>Po wyczerpaniu wskazanej wy\u017cej procedury odwo\u0142awczej mo\u017cna z\u0142o\u017cy\u0107 wniosek do Rzecznika Praw Obywatelskich<\/p>\n","protected":false},"excerpt":{"rendered":"<p>Zesp\u00f3\u0142 Szk\u00f3\u0142 Ponadpodstawowych w Chojnie zobowi\u0105zuje si\u0119 zapewni\u0107 dost\u0119pno\u015b\u0107 swojej strony internetowej www.zsp1chojna.pl zgodnie z przepisami ustawy z dnia 4 kwietnia 2019 r. o dost\u0119pno\u015bci cyfrowej stron internetowych i aplikacji [&hellip;]<\/p>\n","protected":false},"author":1,"featured_media":0,"parent":0,"menu_order":0,"comment_status":"closed","ping_status":"closed","template":"","meta":{"footnotes":""},"class_list":["post-215","page","type-page","status-publish","hentry"],"yoast_head":"<!-- This site is optimized with the Yoast SEO plugin v20.13 - https:\/\/yoast.com\/wordpress\/plugins\/seo\/ -->\n<title>Deklaracja dost\u0119pno\u015bci - ZSP w Chojnie<\/title>\n<meta name=\"robots\" content=\"index, follow, max-snippet:-1, max-image-preview:large, max-video-preview:-1\" \/>\n<link rel=\"canonical\" href=\"https:\/\/zsp1chojna.pl\/?page_id=215\" \/>\n<meta property=\"og:locale\" content=\"pl_PL\" \/>\n<meta property=\"og:type\" content=\"article\" \/>\n<meta property=\"og:title\" content=\"Deklaracja dost\u0119pno\u015bci - ZSP w Chojnie\" \/>\n<meta property=\"og:description\" content=\"Zesp\u00f3\u0142 Szk\u00f3\u0142 Ponadpodstawowych w Chojnie zobowi\u0105zuje si\u0119 zapewni\u0107 dost\u0119pno\u015b\u0107 swojej strony internetowej www.zsp1chojna.pl zgodnie z przepisami ustawy z dnia 4 kwietnia 2019 r. o dost\u0119pno\u015bci cyfrowej stron internetowych i aplikacji [&hellip;]\" \/>\n<meta property=\"og:url\" content=\"https:\/\/zsp1chojna.pl\/?page_id=215\" \/>\n<meta property=\"og:site_name\" content=\"ZSP w Chojnie\" \/>\n<meta property=\"article:modified_time\" content=\"2023-09-18T20:36:28+00:00\" \/>\n<meta name=\"twitter:card\" content=\"summary_large_image\" \/>\n<meta name=\"twitter:label1\" content=\"Szacowany czas czytania\" \/>\n\t<meta name=\"twitter:data1\" content=\"6 minut\" \/>\n<script type=\"application\/ld+json\" class=\"yoast-schema-graph\">{\"@context\":\"https:\/\/schema.org\",\"@graph\":[{\"@type\":\"WebPage\",\"@id\":\"https:\/\/zsp1chojna.pl\/?page_id=215\",\"url\":\"https:\/\/zsp1chojna.pl\/?page_id=215\",\"name\":\"Deklaracja dost\u0119pno\u015bci - ZSP w Chojnie\",\"isPartOf\":{\"@id\":\"https:\/\/zsp1chojna.pl\/#website\"},\"datePublished\":\"2023-08-15T14:58:52+00:00\",\"dateModified\":\"2023-09-18T20:36:28+00:00\",\"breadcrumb\":{\"@id\":\"https:\/\/zsp1chojna.pl\/?page_id=215#breadcrumb\"},\"inLanguage\":\"pl-PL\",\"potentialAction\":[{\"@type\":\"ReadAction\",\"target\":[\"https:\/\/zsp1chojna.pl\/?page_id=215\"]}]},{\"@type\":\"BreadcrumbList\",\"@id\":\"https:\/\/zsp1chojna.pl\/?page_id=215#breadcrumb\",\"itemListElement\":[{\"@type\":\"ListItem\",\"position\":1,\"name\":\"Home\",\"item\":\"https:\/\/zsp1chojna.pl\/\"},{\"@type\":\"ListItem\",\"position\":2,\"name\":\"Deklaracja dost\u0119pno\u015bci\"}]},{\"@type\":\"WebSite\",\"@id\":\"https:\/\/zsp1chojna.pl\/#website\",\"url\":\"https:\/\/zsp1chojna.pl\/\",\"name\":\"ZSP w Chojnie\",\"description\":\"\",\"publisher\":{\"@id\":\"https:\/\/zsp1chojna.pl\/#organization\"},\"potentialAction\":[{\"@type\":\"SearchAction\",\"target\":{\"@type\":\"EntryPoint\",\"urlTemplate\":\"https:\/\/zsp1chojna.pl\/?s={search_term_string}\"},\"query-input\":\"required name=search_term_string\"}],\"inLanguage\":\"pl-PL\"},{\"@type\":\"Organization\",\"@id\":\"https:\/\/zsp1chojna.pl\/#organization\",\"name\":\"ZSP w Chojnie\",\"url\":\"https:\/\/zsp1chojna.pl\/\",\"logo\":{\"@type\":\"ImageObject\",\"inLanguage\":\"pl-PL\",\"@id\":\"https:\/\/zsp1chojna.pl\/#\/schema\/logo\/image\/\",\"url\":\"https:\/\/zsp1chojna.pl\/wp-content\/uploads\/2023\/08\/cropped-cropped-cropped-Logo-biale-napis-na-3-wiersze_504-1.png\",\"contentUrl\":\"https:\/\/zsp1chojna.pl\/wp-content\/uploads\/2023\/08\/cropped-cropped-cropped-Logo-biale-napis-na-3-wiersze_504-1.png\",\"width\":504,\"height\":167,\"caption\":\"ZSP w Chojnie\"},\"image\":{\"@id\":\"https:\/\/zsp1chojna.pl\/#\/schema\/logo\/image\/\"}}]}<\/script>\n<!-- \/ Yoast SEO plugin. -->","yoast_head_json":{"title":"Deklaracja dost\u0119pno\u015bci - ZSP w Chojnie","robots":{"index":"index","follow":"follow","max-snippet":"max-snippet:-1","max-image-preview":"max-image-preview:large","max-video-preview":"max-video-preview:-1"},"canonical":"https:\/\/zsp1chojna.pl\/?page_id=215","og_locale":"pl_PL","og_type":"article","og_title":"Deklaracja dost\u0119pno\u015bci - ZSP w Chojnie","og_description":"Zesp\u00f3\u0142 Szk\u00f3\u0142 Ponadpodstawowych w Chojnie zobowi\u0105zuje si\u0119 zapewni\u0107 dost\u0119pno\u015b\u0107 swojej strony internetowej www.zsp1chojna.pl zgodnie z przepisami ustawy z dnia 4 kwietnia 2019 r. o dost\u0119pno\u015bci cyfrowej stron internetowych i aplikacji [&hellip;]","og_url":"https:\/\/zsp1chojna.pl\/?page_id=215","og_site_name":"ZSP w Chojnie","article_modified_time":"2023-09-18T20:36:28+00:00","twitter_card":"summary_large_image","twitter_misc":{"Szacowany czas czytania":"6 minut"},"schema":{"@context":"https:\/\/schema.org","@graph":[{"@type":"WebPage","@id":"https:\/\/zsp1chojna.pl\/?page_id=215","url":"https:\/\/zsp1chojna.pl\/?page_id=215","name":"Deklaracja dost\u0119pno\u015bci - ZSP w Chojnie","isPartOf":{"@id":"https:\/\/zsp1chojna.pl\/#website"},"datePublished":"2023-08-15T14:58:52+00:00","dateModified":"2023-09-18T20:36:28+00:00","breadcrumb":{"@id":"https:\/\/zsp1chojna.pl\/?page_id=215#breadcrumb"},"inLanguage":"pl-PL","potentialAction":[{"@type":"ReadAction","target":["https:\/\/zsp1chojna.pl\/?page_id=215"]}]},{"@type":"BreadcrumbList","@id":"https:\/\/zsp1chojna.pl\/?page_id=215#breadcrumb","itemListElement":[{"@type":"ListItem","position":1,"name":"Home","item":"https:\/\/zsp1chojna.pl\/"},{"@type":"ListItem","position":2,"name":"Deklaracja dost\u0119pno\u015bci"}]},{"@type":"WebSite","@id":"https:\/\/zsp1chojna.pl\/#website","url":"https:\/\/zsp1chojna.pl\/","name":"ZSP w Chojnie","description":"","publisher":{"@id":"https:\/\/zsp1chojna.pl\/#organization"},"potentialAction":[{"@type":"SearchAction","target":{"@type":"EntryPoint","urlTemplate":"https:\/\/zsp1chojna.pl\/?s={search_term_string}"},"query-input":"required name=search_term_string"}],"inLanguage":"pl-PL"},{"@type":"Organization","@id":"https:\/\/zsp1chojna.pl\/#organization","name":"ZSP w Chojnie","url":"https:\/\/zsp1chojna.pl\/","logo":{"@type":"ImageObject","inLanguage":"pl-PL","@id":"https:\/\/zsp1chojna.pl\/#\/schema\/logo\/image\/","url":"https:\/\/zsp1chojna.pl\/wp-content\/uploads\/2023\/08\/cropped-cropped-cropped-Logo-biale-napis-na-3-wiersze_504-1.png","contentUrl":"https:\/\/zsp1chojna.pl\/wp-content\/uploads\/2023\/08\/cropped-cropped-cropped-Logo-biale-napis-na-3-wiersze_504-1.png","width":504,"height":167,"caption":"ZSP w Chojnie"},"image":{"@id":"https:\/\/zsp1chojna.pl\/#\/schema\/logo\/image\/"}}]}},"_links":{"self":[{"href":"https:\/\/zsp1chojna.pl\/index.php?rest_route=\/wp\/v2\/pages\/215","targetHints":{"allow":["GET"]}}],"collection":[{"href":"https:\/\/zsp1chojna.pl\/index.php?rest_route=\/wp\/v2\/pages"}],"about":[{"href":"https:\/\/zsp1chojna.pl\/index.php?rest_route=\/wp\/v2\/types\/page"}],"author":[{"embeddable":true,"href":"https:\/\/zsp1chojna.pl\/index.php?rest_route=\/wp\/v2\/users\/1"}],"replies":[{"embeddable":true,"href":"https:\/\/zsp1chojna.pl\/index.php?rest_route=%2Fwp%2Fv2%2Fcomments&post=215"}],"version-history":[{"count":3,"href":"https:\/\/zsp1chojna.pl\/index.php?rest_route=\/wp\/v2\/pages\/215\/revisions"}],"predecessor-version":[{"id":5313,"href":"https:\/\/zsp1chojna.pl\/index.php?rest_route=\/wp\/v2\/pages\/215\/revisions\/5313"}],"wp:attachment":[{"href":"https:\/\/zsp1chojna.pl\/index.php?rest_route=%2Fwp%2Fv2%2Fmedia&parent=215"}],"curies":[{"name":"wp","href":"https:\/\/api.w.org\/{rel}","templated":true}]}}