{"id":20,"date":"2023-08-08T22:17:55","date_gmt":"2023-08-08T20:17:55","guid":{"rendered":"https:\/\/zsp1chojna.pl\/?page_id=20"},"modified":"2025-09-05T07:21:19","modified_gmt":"2025-09-05T05:21:19","slug":"oddzialy","status":"publish","type":"page","link":"https:\/\/zsp1chojna.pl\/?page_id=20","title":{"rendered":"Oddzia\u0142y"},"content":{"rendered":"\n<p><strong>W sk\u0142ad ZSP w Chojnie wchodz\u0105 szko\u0142y:<\/strong><\/p>\n\n\n\n<p><strong>Liceum Og\u00f3lnokszta\u0142c\u0105ce <\/strong>im. Bohater\u00f3w spod Siekierek<br><strong>Technikum<\/strong> im. ppor. Ryszarda Kuleszy<br><strong>Bran\u017cowa Szko\u0142a I stopnia<\/strong>  im. ppor. Ryszarda Kuleszy<\/p>\n\n\n<style>.kadence-column20_b8e758-ff > .kt-inside-inner-col{padding-top:var(--global-kb-spacing-xs, 1rem);padding-right:0px;padding-bottom:0px;padding-left:var(--global-kb-spacing-xxs, 0.5rem);}.kadence-column20_b8e758-ff > .kt-inside-inner-col,.kadence-column20_b8e758-ff > .kt-inside-inner-col:before{border-top-left-radius:0px;border-top-right-radius:0px;border-bottom-right-radius:0px;border-bottom-left-radius:0px;}.kadence-column20_b8e758-ff > .kt-inside-inner-col{justify-content:flex-start;flex-direction:column;display:flex;}.kadence-column20_b8e758-ff > .kt-inside-inner-col > .aligncenter{width:100%;}.kt-row-column-wrap > .kadence-column20_b8e758-ff{align-self:flex-start;}.kt-inner-column-height-full:not(.kt-has-1-columns) > .wp-block-kadence-column.kadence-column20_b8e758-ff{align-self:auto;}.kt-inner-column-height-full:not(.kt-has-1-columns) > .wp-block-kadence-column.kadence-column20_b8e758-ff > .kt-inside-inner-col{display:flex;flex-direction:column;justify-content:flex-start;}.kadence-column20_b8e758-ff > .kt-inside-inner-col{background-color:rgba(171, 184, 195, 0.21);}.kadence-column20_b8e758-ff > .kt-inside-inner-col:before{opacity:0.3;}.kadence-column20_b8e758-ff{position:relative;}<\/style>\n<div class=\"wp-block-kadence-column kadence-column20_b8e758-ff\"><div class=\"kt-inside-inner-col\">\n<p><strong>ODDZIA\u0141Y w LICEUM OG\u00d3LNOKSZTA\u0141C\u0104CYM<\/strong><\/p>\n<\/div><\/div>\n\n\n\n<p>Klasa 1 LO \u2013 kierunek <strong>biologia s\u0105dowa z kryminalistyk\u0105<\/strong> \u2013 wychowawca: mgr Edyta Krupa-Nadolny<\/p>\n\n\n\n<p>Klasa 2ac LO \u2013 kierunek <strong>og\u00f3lny<\/strong>\/<strong>Oddzia\u0142 Przygotowania Wojskowego<\/strong> \u2013 wychowawca: mgr Grzegorz Michasiuk<\/p>\n\n\n\n<p>Klasa 3d LO \u2013 kierunek <strong>biologia s\u0105dowa z kryminalistyk\u0105<\/strong> \u2013 wychowawca: mgr Renata Czubak<br>Klasa 3ac LO  \u2013 kierunek <strong>humanistyczno-prawny<\/strong>\/<strong>Oddzia\u0142 Przygotowania Wojskowego<\/strong> \u2013 wychowawca: mgr Marek Bednarz<\/p>\n\n\n\n<p>Klasa 4a  LO \u2013 kierunek <strong>humanistyczno-prawny<\/strong> \u2013 wychowawca: mgr Emilia P\u0142owik<br>Klasa 4c LO \u2013 kierunek <strong>Oddzia\u0142 Przygotowania Wojskowego<\/strong> \u2013 wychowawca: mgr \u0141ukasz Makowski<br>Klasa 4d LO \u2013 kierunek <strong>biologia s\u0105dowa z kryminalistyk\u0105<\/strong> \u2013 wychowawca: mgr Katarzyna Nowak<br><\/p>\n\n\n\n<p><\/p>\n\n\n<style>.kadence-column20_7e2088-ff > .kt-inside-inner-col{padding-top:var(--global-kb-spacing-xs, 1rem);padding-right:0px;padding-bottom:0px;padding-left:var(--global-kb-spacing-xxs, 0.5rem);}.kadence-column20_7e2088-ff > .kt-inside-inner-col,.kadence-column20_7e2088-ff > .kt-inside-inner-col:before{border-top-left-radius:0px;border-top-right-radius:0px;border-bottom-right-radius:0px;border-bottom-left-radius:0px;}.kadence-column20_7e2088-ff > .kt-inside-inner-col{justify-content:flex-start;flex-direction:column;display:flex;}.kadence-column20_7e2088-ff > .kt-inside-inner-col > .aligncenter{width:100%;}.kt-row-column-wrap > .kadence-column20_7e2088-ff{align-self:flex-start;}.kt-inner-column-height-full:not(.kt-has-1-columns) > .wp-block-kadence-column.kadence-column20_7e2088-ff{align-self:auto;}.kt-inner-column-height-full:not(.kt-has-1-columns) > .wp-block-kadence-column.kadence-column20_7e2088-ff > .kt-inside-inner-col{display:flex;flex-direction:column;justify-content:flex-start;}.kadence-column20_7e2088-ff > .kt-inside-inner-col{background-color:rgba(171, 184, 195, 0.21);}.kadence-column20_7e2088-ff > .kt-inside-inner-col:before{opacity:0.3;}.kadence-column20_7e2088-ff{position:relative;}<\/style>\n<div class=\"wp-block-kadence-column kadence-column20_7e2088-ff\"><div class=\"kt-inside-inner-col\">\n<p><strong>ODDZIA\u0141Y w TECHNIKUM<\/strong><\/p>\n<\/div><\/div>\n\n\n\n<p>Klasa 1 HI \u2013 zawody <strong>technik hotelarstwa\/technik informatyk<\/strong>\u2013&nbsp;wychowawca: mgr Hanna Leszczy\u0144ska<br>Klasa 1 TB \u2013 zaw\u00f3d <strong>technik budownictwa<\/strong>&nbsp;\u2013&nbsp;wychowawca: mgr in\u017c. Martyna Trz\u00f3pek<\/p>\n\n\n\n<p>Klasa 3 PI \u2013 zawody <strong>technik programista<\/strong>\/<strong>technik informatyk<\/strong> \u2013<strong>&nbsp;<\/strong>wychowawca: mgr Anna Wr\u00f3bel<br>Klasa 3 TH \u2013 zaw\u00f3d <strong>technik hotelarstwa <\/strong>\u2013&nbsp;wychowawca: mgr in\u017c. Bianka Ma\u0142ysz-Lewandowska<br>Klasa 3 B\u017b \u2013 zawody <strong>technik budownictwa\/technik \u017cywienia i&nbsp;us\u0142ug gastronomicznych<\/strong>&nbsp;\u2013&nbsp;wychowawca: mgr in\u017c. Monika Kowalska<\/p>\n\n\n\n<p><\/p>\n\n\n\n<p>Klasa 4 PI \u2013 zawody&nbsp;<strong>technik programista\/technik informatyk <\/strong>\u2013<strong>&nbsp;<\/strong>wychowawca: mgr in\u017c. Krzysztof Janik<br>Klasa 4 TB \u2013 zaw\u00f3d <strong>technik budownictwa <\/strong>\u2013<strong>&nbsp;<\/strong>wychowawca: mgr&nbsp;in\u017c. And\u017celika Szkuciak<br>Klasa 4 H\u017b \u2013 zaw\u00f3d <strong>technik hotelarstwa<\/strong>\/<strong>technik&nbsp;\u017cywienia i&nbsp;us\u0142ug gastronomicznych<\/strong>&nbsp;\u2013 wychowawca:&nbsp;mgr&nbsp;Ma\u0142gorzata&nbsp;Kowalska<\/p>\n\n\n\n<p>Klasa 5 TI \u2013<strong>&nbsp;<\/strong>zaw\u00f3d <strong>technik informatyk \u2013&nbsp;<\/strong>wychowawca: mgr&nbsp;Kamila G\u00f3ra<br>Klasa 5 TB \u2013<strong>&nbsp;<\/strong>zaw\u00f3d <strong>technik budownictwa \u2013&nbsp;<\/strong>wychowawca: mgr&nbsp;Joanna Rogacewicz<br>Klasa 5 H\u017b \u2013<strong>&nbsp;<\/strong>zawody <strong>technik hotelarstwa<\/strong>\/<strong>technik&nbsp;\u017cywienia i&nbsp;us\u0142ug gastronomicznych<\/strong>&nbsp;\u2013<strong>&nbsp;<\/strong>wychowawca: mgr in\u017c. Justyna Sumara<\/p>\n\n\n\n<p><\/p>\n\n\n<style>.kadence-column20_7ecdb2-b7 > .kt-inside-inner-col{padding-top:var(--global-kb-spacing-xs, 1rem);padding-right:0px;padding-bottom:0px;padding-left:var(--global-kb-spacing-xxs, 0.5rem);}.kadence-column20_7ecdb2-b7 > .kt-inside-inner-col,.kadence-column20_7ecdb2-b7 > .kt-inside-inner-col:before{border-top-left-radius:0px;border-top-right-radius:0px;border-bottom-right-radius:0px;border-bottom-left-radius:0px;}.kadence-column20_7ecdb2-b7 > .kt-inside-inner-col{justify-content:flex-start;flex-direction:column;display:flex;}.kadence-column20_7ecdb2-b7 > .kt-inside-inner-col > .aligncenter{width:100%;}.kt-row-column-wrap > .kadence-column20_7ecdb2-b7{align-self:flex-start;}.kt-inner-column-height-full:not(.kt-has-1-columns) > .wp-block-kadence-column.kadence-column20_7ecdb2-b7{align-self:auto;}.kt-inner-column-height-full:not(.kt-has-1-columns) > .wp-block-kadence-column.kadence-column20_7ecdb2-b7 > .kt-inside-inner-col{display:flex;flex-direction:column;justify-content:flex-start;}.kadence-column20_7ecdb2-b7 > .kt-inside-inner-col{background-color:rgba(171, 184, 195, 0.21);}.kadence-column20_7ecdb2-b7 > .kt-inside-inner-col:before{opacity:0.3;}.kadence-column20_7ecdb2-b7{position:relative;}<\/style>\n<div class=\"wp-block-kadence-column kadence-column20_7ecdb2-b7\"><div class=\"kt-inside-inner-col\">\n<p><strong>ODDZIA\u0141Y w <strong>BRAN\u017bOWEJ SZKOLE I&nbsp;st<\/strong>.<\/strong><\/p>\n<\/div><\/div>\n\n\n\n<p>Klasa 1 PM zaw\u00f3d <strong>mechanik pojazd\u00f3w samochodowych<\/strong>\/<strong>\u015blusarz<\/strong>\/<strong>\/klasa patronacka POMOT\/PROGRES<\/strong> <strong>\u2013&nbsp;&nbsp;<\/strong>wychowawca: mgr Roksana Sobaczak<br>Klasa 1WZ  \u2013 <strong>wielozawodowa<\/strong> <strong>\u2013&nbsp;&nbsp;<\/strong>wychowawca: mgr Aleksander Lizak<\/p>\n\n\n\n<p>Klasa 2PM &#8211; zaw\u00f3d <strong>monter zabudowy i rob\u00f3t wyko\u0144czeniowych w budownictwie\/klasa patronacka POMOT\/PROGRES<\/strong> &#8211; wychowawca: mgr Aneta \u017burawska <br>Klasa 2 WZ \u2013 <strong>wielozawodowa<\/strong> <strong>\u2013\u00a0\u00a0<\/strong>wychowawca: mgr Bogus\u0142awa Wi\u015bniewska<\/p>\n\n\n\n<p>Klasa 3 MZ \u2013 zaw\u00f3d <strong>monter zabudowy i&nbsp;rob\u00f3t wyko\u0144czeniowych w&nbsp;budownictwie  \u2013&nbsp;&nbsp;<\/strong>wychowawca: mgr in\u017c. Martyna Trz\u00f3pek<br>Klasa 3 PMW \u2013 zawody <strong>\u015blusarz<\/strong>, <strong>operator obrabiarek skrawaj\u0105cych<\/strong>, <strong>mechanik pojazd\u00f3w samochodowych<\/strong>\/<strong>mechanik pojazd\u00f3w samochodowych<\/strong>\/<strong>wielozawodowy<\/strong> <strong>\u2013&nbsp;&nbsp;<\/strong>wychowawca: mgr Gra\u017cyna Magdziak<br>Klasa 3 WZ \u2013 <strong>wielozawodowa<\/strong> <strong>\u2013&nbsp;&nbsp;<\/strong>wychowawca: mgr Aleksander Lizak<\/p>\n\n\n\n<p><\/p>\n\n\n\n<p><\/p>\n\n\n\n<p><\/p>\n\n\n\n<p><\/p>\n","protected":false},"excerpt":{"rendered":"<p>W sk\u0142ad ZSP w Chojnie wchodz\u0105 szko\u0142y: Liceum Og\u00f3lnokszta\u0142c\u0105ce im. Bohater\u00f3w spod SiekierekTechnikum im. ppor. Ryszarda KuleszyBran\u017cowa Szko\u0142a I stopnia im. ppor. Ryszarda Kuleszy ODDZIA\u0141Y w LICEUM OG\u00d3LNOKSZTA\u0141C\u0104CYM Klasa 1 [&hellip;]<\/p>\n","protected":false},"author":1,"featured_media":0,"parent":0,"menu_order":0,"comment_status":"closed","ping_status":"closed","template":"","meta":{"footnotes":""},"class_list":["post-20","page","type-page","status-publish","hentry"],"yoast_head":"<!-- This site is optimized with the Yoast SEO plugin v20.13 - https:\/\/yoast.com\/wordpress\/plugins\/seo\/ -->\n<title>Oddzia\u0142y - ZSP w Chojnie<\/title>\n<meta name=\"robots\" content=\"index, follow, max-snippet:-1, max-image-preview:large, max-video-preview:-1\" \/>\n<link rel=\"canonical\" href=\"https:\/\/zsp1chojna.pl\/?page_id=20\" \/>\n<meta property=\"og:locale\" content=\"pl_PL\" \/>\n<meta property=\"og:type\" content=\"article\" \/>\n<meta property=\"og:title\" content=\"Oddzia\u0142y - ZSP w Chojnie\" \/>\n<meta property=\"og:description\" content=\"W sk\u0142ad ZSP w Chojnie wchodz\u0105 szko\u0142y: Liceum Og\u00f3lnokszta\u0142c\u0105ce im. Bohater\u00f3w spod SiekierekTechnikum im. ppor. Ryszarda KuleszyBran\u017cowa Szko\u0142a I stopnia im. ppor. Ryszarda Kuleszy ODDZIA\u0141Y w LICEUM OG\u00d3LNOKSZTA\u0141C\u0104CYM Klasa 1 [&hellip;]\" \/>\n<meta property=\"og:url\" content=\"https:\/\/zsp1chojna.pl\/?page_id=20\" \/>\n<meta property=\"og:site_name\" content=\"ZSP w Chojnie\" \/>\n<meta property=\"article:modified_time\" content=\"2025-09-05T05:21:19+00:00\" \/>\n<meta name=\"twitter:card\" content=\"summary_large_image\" \/>\n<meta name=\"twitter:label1\" content=\"Szacowany czas czytania\" \/>\n\t<meta name=\"twitter:data1\" content=\"3 minuty\" \/>\n<script type=\"application\/ld+json\" class=\"yoast-schema-graph\">{\"@context\":\"https:\/\/schema.org\",\"@graph\":[{\"@type\":\"WebPage\",\"@id\":\"https:\/\/zsp1chojna.pl\/?page_id=20\",\"url\":\"https:\/\/zsp1chojna.pl\/?page_id=20\",\"name\":\"Oddzia\u0142y - ZSP w Chojnie\",\"isPartOf\":{\"@id\":\"https:\/\/zsp1chojna.pl\/#website\"},\"datePublished\":\"2023-08-08T20:17:55+00:00\",\"dateModified\":\"2025-09-05T05:21:19+00:00\",\"breadcrumb\":{\"@id\":\"https:\/\/zsp1chojna.pl\/?page_id=20#breadcrumb\"},\"inLanguage\":\"pl-PL\",\"potentialAction\":[{\"@type\":\"ReadAction\",\"target\":[\"https:\/\/zsp1chojna.pl\/?page_id=20\"]}]},{\"@type\":\"BreadcrumbList\",\"@id\":\"https:\/\/zsp1chojna.pl\/?page_id=20#breadcrumb\",\"itemListElement\":[{\"@type\":\"ListItem\",\"position\":1,\"name\":\"Home\",\"item\":\"https:\/\/zsp1chojna.pl\/\"},{\"@type\":\"ListItem\",\"position\":2,\"name\":\"Oddzia\u0142y\"}]},{\"@type\":\"WebSite\",\"@id\":\"https:\/\/zsp1chojna.pl\/#website\",\"url\":\"https:\/\/zsp1chojna.pl\/\",\"name\":\"ZSP w Chojnie\",\"description\":\"\",\"publisher\":{\"@id\":\"https:\/\/zsp1chojna.pl\/#organization\"},\"potentialAction\":[{\"@type\":\"SearchAction\",\"target\":{\"@type\":\"EntryPoint\",\"urlTemplate\":\"https:\/\/zsp1chojna.pl\/?s={search_term_string}\"},\"query-input\":\"required name=search_term_string\"}],\"inLanguage\":\"pl-PL\"},{\"@type\":\"Organization\",\"@id\":\"https:\/\/zsp1chojna.pl\/#organization\",\"name\":\"ZSP w Chojnie\",\"url\":\"https:\/\/zsp1chojna.pl\/\",\"logo\":{\"@type\":\"ImageObject\",\"inLanguage\":\"pl-PL\",\"@id\":\"https:\/\/zsp1chojna.pl\/#\/schema\/logo\/image\/\",\"url\":\"https:\/\/zsp1chojna.pl\/wp-content\/uploads\/2023\/08\/cropped-cropped-cropped-Logo-biale-napis-na-3-wiersze_504-1.png\",\"contentUrl\":\"https:\/\/zsp1chojna.pl\/wp-content\/uploads\/2023\/08\/cropped-cropped-cropped-Logo-biale-napis-na-3-wiersze_504-1.png\",\"width\":504,\"height\":167,\"caption\":\"ZSP w Chojnie\"},\"image\":{\"@id\":\"https:\/\/zsp1chojna.pl\/#\/schema\/logo\/image\/\"}}]}<\/script>\n<!-- \/ Yoast SEO plugin. -->","yoast_head_json":{"title":"Oddzia\u0142y - ZSP w Chojnie","robots":{"index":"index","follow":"follow","max-snippet":"max-snippet:-1","max-image-preview":"max-image-preview:large","max-video-preview":"max-video-preview:-1"},"canonical":"https:\/\/zsp1chojna.pl\/?page_id=20","og_locale":"pl_PL","og_type":"article","og_title":"Oddzia\u0142y - ZSP w Chojnie","og_description":"W sk\u0142ad ZSP w Chojnie wchodz\u0105 szko\u0142y: Liceum Og\u00f3lnokszta\u0142c\u0105ce im. Bohater\u00f3w spod SiekierekTechnikum im. ppor. Ryszarda KuleszyBran\u017cowa Szko\u0142a I stopnia im. ppor. Ryszarda Kuleszy ODDZIA\u0141Y w LICEUM OG\u00d3LNOKSZTA\u0141C\u0104CYM Klasa 1 [&hellip;]","og_url":"https:\/\/zsp1chojna.pl\/?page_id=20","og_site_name":"ZSP w Chojnie","article_modified_time":"2025-09-05T05:21:19+00:00","twitter_card":"summary_large_image","twitter_misc":{"Szacowany czas czytania":"3 minuty"},"schema":{"@context":"https:\/\/schema.org","@graph":[{"@type":"WebPage","@id":"https:\/\/zsp1chojna.pl\/?page_id=20","url":"https:\/\/zsp1chojna.pl\/?page_id=20","name":"Oddzia\u0142y - ZSP w Chojnie","isPartOf":{"@id":"https:\/\/zsp1chojna.pl\/#website"},"datePublished":"2023-08-08T20:17:55+00:00","dateModified":"2025-09-05T05:21:19+00:00","breadcrumb":{"@id":"https:\/\/zsp1chojna.pl\/?page_id=20#breadcrumb"},"inLanguage":"pl-PL","potentialAction":[{"@type":"ReadAction","target":["https:\/\/zsp1chojna.pl\/?page_id=20"]}]},{"@type":"BreadcrumbList","@id":"https:\/\/zsp1chojna.pl\/?page_id=20#breadcrumb","itemListElement":[{"@type":"ListItem","position":1,"name":"Home","item":"https:\/\/zsp1chojna.pl\/"},{"@type":"ListItem","position":2,"name":"Oddzia\u0142y"}]},{"@type":"WebSite","@id":"https:\/\/zsp1chojna.pl\/#website","url":"https:\/\/zsp1chojna.pl\/","name":"ZSP w Chojnie","description":"","publisher":{"@id":"https:\/\/zsp1chojna.pl\/#organization"},"potentialAction":[{"@type":"SearchAction","target":{"@type":"EntryPoint","urlTemplate":"https:\/\/zsp1chojna.pl\/?s={search_term_string}"},"query-input":"required name=search_term_string"}],"inLanguage":"pl-PL"},{"@type":"Organization","@id":"https:\/\/zsp1chojna.pl\/#organization","name":"ZSP w Chojnie","url":"https:\/\/zsp1chojna.pl\/","logo":{"@type":"ImageObject","inLanguage":"pl-PL","@id":"https:\/\/zsp1chojna.pl\/#\/schema\/logo\/image\/","url":"https:\/\/zsp1chojna.pl\/wp-content\/uploads\/2023\/08\/cropped-cropped-cropped-Logo-biale-napis-na-3-wiersze_504-1.png","contentUrl":"https:\/\/zsp1chojna.pl\/wp-content\/uploads\/2023\/08\/cropped-cropped-cropped-Logo-biale-napis-na-3-wiersze_504-1.png","width":504,"height":167,"caption":"ZSP w Chojnie"},"image":{"@id":"https:\/\/zsp1chojna.pl\/#\/schema\/logo\/image\/"}}]}},"_links":{"self":[{"href":"https:\/\/zsp1chojna.pl\/index.php?rest_route=\/wp\/v2\/pages\/20","targetHints":{"allow":["GET"]}}],"collection":[{"href":"https:\/\/zsp1chojna.pl\/index.php?rest_route=\/wp\/v2\/pages"}],"about":[{"href":"https:\/\/zsp1chojna.pl\/index.php?rest_route=\/wp\/v2\/types\/page"}],"author":[{"embeddable":true,"href":"https:\/\/zsp1chojna.pl\/index.php?rest_route=\/wp\/v2\/users\/1"}],"replies":[{"embeddable":true,"href":"https:\/\/zsp1chojna.pl\/index.php?rest_route=%2Fwp%2Fv2%2Fcomments&post=20"}],"version-history":[{"count":74,"href":"https:\/\/zsp1chojna.pl\/index.php?rest_route=\/wp\/v2\/pages\/20\/revisions"}],"predecessor-version":[{"id":14370,"href":"https:\/\/zsp1chojna.pl\/index.php?rest_route=\/wp\/v2\/pages\/20\/revisions\/14370"}],"wp:attachment":[{"href":"https:\/\/zsp1chojna.pl\/index.php?rest_route=%2Fwp%2Fv2%2Fmedia&parent=20"}],"curies":[{"name":"wp","href":"https:\/\/api.w.org\/{rel}","templated":true}]}}