{"id":18,"date":"2023-08-08T22:17:23","date_gmt":"2023-08-08T20:17:23","guid":{"rendered":"https:\/\/zsp1chojna.pl\/?page_id=18"},"modified":"2026-04-29T15:20:11","modified_gmt":"2026-04-29T13:20:11","slug":"rekrutacja","status":"publish","type":"page","link":"https:\/\/zsp1chojna.pl\/?page_id=18","title":{"rendered":"Rekrutacja"},"content":{"rendered":"<style>.wp-block-kadence-iconlist.kt-svg-icon-list-items18_a73c0e-39 ul.kt-svg-icon-list:not(.this-prevents-issues):not(.this-stops-third-party-issues):not(.tijsloc){margin-top:0px;margin-right:0px;margin-bottom:var(--global-kb-spacing-sm, 1.5rem);margin-left:0px;}.wp-block-kadence-iconlist.kt-svg-icon-list-items18_a73c0e-39 ul.kt-svg-icon-list{grid-row-gap:5px;}.wp-block-kadence-iconlist.kt-svg-icon-list-items18_a73c0e-39 ul.kt-svg-icon-list .kt-svg-icon-list-item-wrap .kt-svg-icon-list-single{margin-right:10px;}.kt-svg-icon-list-items18_a73c0e-39 ul.kt-svg-icon-list .kt-svg-icon-list-level-0 .kt-svg-icon-list-single svg{font-size:20px;}@media all and (max-width: 1024px){.wp-block-kadence-iconlist.kt-svg-icon-list-items18_a73c0e-39 ul.kt-svg-icon-list{grid-row-gap:5px;}}@media all and (max-width: 767px){.wp-block-kadence-iconlist.kt-svg-icon-list-items18_a73c0e-39 ul.kt-svg-icon-list{grid-row-gap:5px;}}<\/style>\n<div class=\"wp-block-kadence-iconlist kt-svg-icon-list-items kt-svg-icon-list-items18_a73c0e-39 kt-svg-icon-list-columns-1 alignnone\"><ul class=\"kt-svg-icon-list\"><style>.kt-svg-icon-list-item-18_52ac54-25 .kt-svg-icon-list-single{font-size:6px !important;color:#003b63 !important;}<\/style>\n<li class=\"wp-block-kadence-listitem kt-svg-icon-list-item-wrap kt-svg-icon-list-item-18_52ac54-25\"><span class=\"kb-svg-icon-wrap kb-svg-icon-fas_circle kt-svg-icon-list-single\"><svg viewBox=\"0 0 512 512\"  fill=\"currentColor\" xmlns=\"http:\/\/www.w3.org\/2000\/svg\" ><path d=\"M256 8C119 8 8 119 8 256s111 248 248 248 248-111 248-248S393 8 256 8z\"\/><\/svg><\/span><span class=\"kt-svg-icon-list-text\"><a href=\"https:\/\/zsp1chojna.pl\/?page_id=12890\" target=\"_blank\" rel=\"noreferrer noopener\">Komisja rekrutacyjna [wi\u0119cej]<\/a><\/span><\/li>\n\n\n<style>.kt-svg-icon-list-item-18_5cffe1-f3 .kt-svg-icon-list-single{font-size:6px !important;color:#003b63 !important;}<\/style>\n<li class=\"wp-block-kadence-listitem kt-svg-icon-list-item-wrap kt-svg-icon-list-item-18_5cffe1-f3\"><span class=\"kb-svg-icon-wrap kb-svg-icon-fas_circle kt-svg-icon-list-single\"><svg viewBox=\"0 0 512 512\"  fill=\"currentColor\" xmlns=\"http:\/\/www.w3.org\/2000\/svg\" ><path d=\"M256 8C119 8 8 119 8 256s111 248 248 248 248-111 248-248S393 8 256 8z\"\/><\/svg><\/span><span class=\"kt-svg-icon-list-text\">Lista kandydat\u00f3w do Oddzia\u0142u Przygotowania Wojskowego w ZSP w Chojnie, kt\u00f3rzy uzyskali pozytywny wynik pr\u00f3by sprawno\u015bci fizycznej [wi\u0119cej]<\/span><\/li>\n\n\n<style>.kt-svg-icon-list-item-18_361f1b-bb .kt-svg-icon-list-single{font-size:6px !important;color:#003b63 !important;}<\/style>\n<li class=\"wp-block-kadence-listitem kt-svg-icon-list-item-wrap kt-svg-icon-list-item-18_361f1b-bb\"><span class=\"kb-svg-icon-wrap kb-svg-icon-fas_circle kt-svg-icon-list-single\"><svg viewBox=\"0 0 512 512\"  fill=\"currentColor\" xmlns=\"http:\/\/www.w3.org\/2000\/svg\" ><path d=\"M256 8C119 8 8 119 8 256s111 248 248 248 248-111 248-248S393 8 256 8z\"\/><\/svg><\/span><span class=\"kt-svg-icon-list-text\"><a href=\"https:\/\/zsp1chojna.pl\/wp-content\/uploads\/2026\/04\/Regulamin-proba-sprawnosci-fizycznej-do-OPW_2026.pdf\">Regulamin pr\u00f3by sprawno\u015bci fizycznej dla kandydat\u00f3w do Oddzia\u0142u Przygotowania Wojskowego w ZSP w Chojnie w roku szkolnym 2026\/2027 [wi\u0119cej]<\/a><\/span><\/li>\n\n\n<style>.kt-svg-icon-list-item-18_65355b-fb .kt-svg-icon-list-single{font-size:6px !important;color:#003b63 !important;}<\/style>\n<li class=\"wp-block-kadence-listitem kt-svg-icon-list-item-wrap kt-svg-icon-list-item-18_65355b-fb\"><span class=\"kb-svg-icon-wrap kb-svg-icon-fas_circle kt-svg-icon-list-single\"><svg viewBox=\"0 0 512 512\"  fill=\"currentColor\" xmlns=\"http:\/\/www.w3.org\/2000\/svg\" ><path d=\"M256 8C119 8 8 119 8 256s111 248 248 248 248-111 248-248S393 8 256 8z\"\/><\/svg><\/span><span class=\"kt-svg-icon-list-text\"><a href=\"https:\/\/zsp1chojna.pl\/wp-content\/uploads\/2026\/04\/Regulamin-naboru-2026-1-1.pdf\">Regulamin naboru w roku szk. 2026\/2027 [wi\u0119cej]<\/a><\/span><\/li>\n\n\n<style>.kt-svg-icon-list-item-18_328c7c-30 .kt-svg-icon-list-single{font-size:6px !important;color:#003b63 !important;}<\/style>\n<li class=\"wp-block-kadence-listitem kt-svg-icon-list-item-wrap kt-svg-icon-list-item-18_328c7c-30\"><span class=\"kb-svg-icon-wrap kb-svg-icon-fas_circle kt-svg-icon-list-single\"><svg viewBox=\"0 0 512 512\"  fill=\"currentColor\" xmlns=\"http:\/\/www.w3.org\/2000\/svg\" ><path d=\"M256 8C119 8 8 119 8 256s111 248 248 248 248-111 248-248S393 8 256 8z\"\/><\/svg><\/span><span class=\"kt-svg-icon-list-text\"><a href=\"https:\/\/zsp1chojna.pl\/wp-content\/uploads\/2026\/03\/Terminy-rekrutacji-do-ZSP-2026___.pdf\">Terminy post\u0119powania rekrutacyjnego i sk\u0142adania dokument\u00f3w do klas pierwszych szk\u00f3\u0142 ponadpodstawowych w ZSP w Chojnie na rok szkolny 2026\/2027  [wi\u0119cej]<\/a><\/span><\/li>\n\n\n<style>.kt-svg-icon-list-item-18_02b8f0-20 .kt-svg-icon-list-single{font-size:6px !important;color:#003b63 !important;}<\/style>\n<li class=\"wp-block-kadence-listitem kt-svg-icon-list-item-wrap kt-svg-icon-list-item-18_02b8f0-20\"><span class=\"kb-svg-icon-wrap kb-svg-icon-fas_circle kt-svg-icon-list-single\"><svg viewBox=\"0 0 512 512\"  fill=\"currentColor\" xmlns=\"http:\/\/www.w3.org\/2000\/svg\" ><path d=\"M256 8C119 8 8 119 8 256s111 248 248 248 248-111 248-248S393 8 256 8z\"\/><\/svg><\/span><span class=\"kt-svg-icon-list-text\"><a href=\"https:\/\/zsp1chojna.pl\/wp-content\/uploads\/2026\/04\/Wniosek_do_ZSP-2026.pdf\">Wniosek o przyj\u0119cie do szko\u0142y w ZSP w Chojnie [wi\u0119cej]<\/a><\/span><\/li>\n\n\n<style>.kt-svg-icon-list-item-18_886e05-5b .kt-svg-icon-list-single{font-size:6px !important;color:#003b63 !important;}<\/style>\n<li class=\"wp-block-kadence-listitem kt-svg-icon-list-item-wrap kt-svg-icon-list-item-18_886e05-5b\"><span class=\"kb-svg-icon-wrap kb-svg-icon-fas_circle kt-svg-icon-list-single\"><svg viewBox=\"0 0 512 512\"  fill=\"currentColor\" xmlns=\"http:\/\/www.w3.org\/2000\/svg\" ><path d=\"M256 8C119 8 8 119 8 256s111 248 248 248 248-111 248-248S393 8 256 8z\"\/><\/svg><\/span><span class=\"kt-svg-icon-list-text\"><a href=\"https:\/\/zsp1chojna.pl\/?page_id=5100\">Prezentacja ZSP w Chojnie [wi\u0119cej]<\/a><\/span><\/li>\n<\/ul><\/div>\n","protected":false},"excerpt":{"rendered":"","protected":false},"author":1,"featured_media":0,"parent":0,"menu_order":0,"comment_status":"closed","ping_status":"closed","template":"","meta":{"footnotes":""},"class_list":["post-18","page","type-page","status-publish","hentry"],"yoast_head":"<!-- This site is optimized with the Yoast SEO plugin v20.13 - https:\/\/yoast.com\/wordpress\/plugins\/seo\/ -->\n<title>Rekrutacja - ZSP w Chojnie<\/title>\n<meta name=\"robots\" content=\"index, follow, max-snippet:-1, max-image-preview:large, max-video-preview:-1\" \/>\n<link rel=\"canonical\" href=\"https:\/\/zsp1chojna.pl\/?page_id=18\" \/>\n<meta property=\"og:locale\" content=\"pl_PL\" \/>\n<meta property=\"og:type\" content=\"article\" \/>\n<meta property=\"og:title\" content=\"Rekrutacja - ZSP w Chojnie\" \/>\n<meta property=\"og:url\" content=\"https:\/\/zsp1chojna.pl\/?page_id=18\" \/>\n<meta property=\"og:site_name\" content=\"ZSP w Chojnie\" \/>\n<meta property=\"article:modified_time\" content=\"2026-04-29T13:20:11+00:00\" \/>\n<meta name=\"twitter:card\" content=\"summary_large_image\" \/>\n<meta name=\"twitter:label1\" content=\"Szacowany czas czytania\" \/>\n\t<meta name=\"twitter:data1\" content=\"1 minuta\" \/>\n<script type=\"application\/ld+json\" class=\"yoast-schema-graph\">{\"@context\":\"https:\/\/schema.org\",\"@graph\":[{\"@type\":\"WebPage\",\"@id\":\"https:\/\/zsp1chojna.pl\/?page_id=18\",\"url\":\"https:\/\/zsp1chojna.pl\/?page_id=18\",\"name\":\"Rekrutacja - ZSP w Chojnie\",\"isPartOf\":{\"@id\":\"https:\/\/zsp1chojna.pl\/#website\"},\"datePublished\":\"2023-08-08T20:17:23+00:00\",\"dateModified\":\"2026-04-29T13:20:11+00:00\",\"breadcrumb\":{\"@id\":\"https:\/\/zsp1chojna.pl\/?page_id=18#breadcrumb\"},\"inLanguage\":\"pl-PL\",\"potentialAction\":[{\"@type\":\"ReadAction\",\"target\":[\"https:\/\/zsp1chojna.pl\/?page_id=18\"]}]},{\"@type\":\"BreadcrumbList\",\"@id\":\"https:\/\/zsp1chojna.pl\/?page_id=18#breadcrumb\",\"itemListElement\":[{\"@type\":\"ListItem\",\"position\":1,\"name\":\"Home\",\"item\":\"https:\/\/zsp1chojna.pl\/\"},{\"@type\":\"ListItem\",\"position\":2,\"name\":\"Rekrutacja\"}]},{\"@type\":\"WebSite\",\"@id\":\"https:\/\/zsp1chojna.pl\/#website\",\"url\":\"https:\/\/zsp1chojna.pl\/\",\"name\":\"ZSP w Chojnie\",\"description\":\"\",\"publisher\":{\"@id\":\"https:\/\/zsp1chojna.pl\/#organization\"},\"potentialAction\":[{\"@type\":\"SearchAction\",\"target\":{\"@type\":\"EntryPoint\",\"urlTemplate\":\"https:\/\/zsp1chojna.pl\/?s={search_term_string}\"},\"query-input\":\"required name=search_term_string\"}],\"inLanguage\":\"pl-PL\"},{\"@type\":\"Organization\",\"@id\":\"https:\/\/zsp1chojna.pl\/#organization\",\"name\":\"ZSP w Chojnie\",\"url\":\"https:\/\/zsp1chojna.pl\/\",\"logo\":{\"@type\":\"ImageObject\",\"inLanguage\":\"pl-PL\",\"@id\":\"https:\/\/zsp1chojna.pl\/#\/schema\/logo\/image\/\",\"url\":\"https:\/\/zsp1chojna.pl\/wp-content\/uploads\/2023\/08\/cropped-cropped-cropped-Logo-biale-napis-na-3-wiersze_504-1.png\",\"contentUrl\":\"https:\/\/zsp1chojna.pl\/wp-content\/uploads\/2023\/08\/cropped-cropped-cropped-Logo-biale-napis-na-3-wiersze_504-1.png\",\"width\":504,\"height\":167,\"caption\":\"ZSP w Chojnie\"},\"image\":{\"@id\":\"https:\/\/zsp1chojna.pl\/#\/schema\/logo\/image\/\"}}]}<\/script>\n<!-- \/ Yoast SEO plugin. -->","yoast_head_json":{"title":"Rekrutacja - ZSP w Chojnie","robots":{"index":"index","follow":"follow","max-snippet":"max-snippet:-1","max-image-preview":"max-image-preview:large","max-video-preview":"max-video-preview:-1"},"canonical":"https:\/\/zsp1chojna.pl\/?page_id=18","og_locale":"pl_PL","og_type":"article","og_title":"Rekrutacja - ZSP w Chojnie","og_url":"https:\/\/zsp1chojna.pl\/?page_id=18","og_site_name":"ZSP w Chojnie","article_modified_time":"2026-04-29T13:20:11+00:00","twitter_card":"summary_large_image","twitter_misc":{"Szacowany czas czytania":"1 minuta"},"schema":{"@context":"https:\/\/schema.org","@graph":[{"@type":"WebPage","@id":"https:\/\/zsp1chojna.pl\/?page_id=18","url":"https:\/\/zsp1chojna.pl\/?page_id=18","name":"Rekrutacja - ZSP w Chojnie","isPartOf":{"@id":"https:\/\/zsp1chojna.pl\/#website"},"datePublished":"2023-08-08T20:17:23+00:00","dateModified":"2026-04-29T13:20:11+00:00","breadcrumb":{"@id":"https:\/\/zsp1chojna.pl\/?page_id=18#breadcrumb"},"inLanguage":"pl-PL","potentialAction":[{"@type":"ReadAction","target":["https:\/\/zsp1chojna.pl\/?page_id=18"]}]},{"@type":"BreadcrumbList","@id":"https:\/\/zsp1chojna.pl\/?page_id=18#breadcrumb","itemListElement":[{"@type":"ListItem","position":1,"name":"Home","item":"https:\/\/zsp1chojna.pl\/"},{"@type":"ListItem","position":2,"name":"Rekrutacja"}]},{"@type":"WebSite","@id":"https:\/\/zsp1chojna.pl\/#website","url":"https:\/\/zsp1chojna.pl\/","name":"ZSP w Chojnie","description":"","publisher":{"@id":"https:\/\/zsp1chojna.pl\/#organization"},"potentialAction":[{"@type":"SearchAction","target":{"@type":"EntryPoint","urlTemplate":"https:\/\/zsp1chojna.pl\/?s={search_term_string}"},"query-input":"required name=search_term_string"}],"inLanguage":"pl-PL"},{"@type":"Organization","@id":"https:\/\/zsp1chojna.pl\/#organization","name":"ZSP w Chojnie","url":"https:\/\/zsp1chojna.pl\/","logo":{"@type":"ImageObject","inLanguage":"pl-PL","@id":"https:\/\/zsp1chojna.pl\/#\/schema\/logo\/image\/","url":"https:\/\/zsp1chojna.pl\/wp-content\/uploads\/2023\/08\/cropped-cropped-cropped-Logo-biale-napis-na-3-wiersze_504-1.png","contentUrl":"https:\/\/zsp1chojna.pl\/wp-content\/uploads\/2023\/08\/cropped-cropped-cropped-Logo-biale-napis-na-3-wiersze_504-1.png","width":504,"height":167,"caption":"ZSP w Chojnie"},"image":{"@id":"https:\/\/zsp1chojna.pl\/#\/schema\/logo\/image\/"}}]}},"_links":{"self":[{"href":"https:\/\/zsp1chojna.pl\/index.php?rest_route=\/wp\/v2\/pages\/18","targetHints":{"allow":["GET"]}}],"collection":[{"href":"https:\/\/zsp1chojna.pl\/index.php?rest_route=\/wp\/v2\/pages"}],"about":[{"href":"https:\/\/zsp1chojna.pl\/index.php?rest_route=\/wp\/v2\/types\/page"}],"author":[{"embeddable":true,"href":"https:\/\/zsp1chojna.pl\/index.php?rest_route=\/wp\/v2\/users\/1"}],"replies":[{"embeddable":true,"href":"https:\/\/zsp1chojna.pl\/index.php?rest_route=%2Fwp%2Fv2%2Fcomments&post=18"}],"version-history":[{"count":61,"href":"https:\/\/zsp1chojna.pl\/index.php?rest_route=\/wp\/v2\/pages\/18\/revisions"}],"predecessor-version":[{"id":16461,"href":"https:\/\/zsp1chojna.pl\/index.php?rest_route=\/wp\/v2\/pages\/18\/revisions\/16461"}],"wp:attachment":[{"href":"https:\/\/zsp1chojna.pl\/index.php?rest_route=%2Fwp%2Fv2%2Fmedia&parent=18"}],"curies":[{"name":"wp","href":"https:\/\/api.w.org\/{rel}","templated":true}]}}