{"id":15177,"date":"2026-03-02T18:55:27","date_gmt":"2026-03-02T17:55:27","guid":{"rendered":"https:\/\/zsp1chojna.pl\/?page_id=15177"},"modified":"2026-03-02T18:56:26","modified_gmt":"2026-03-02T17:56:26","slug":"moje-kompetencje-moja-przyszlosc-program-erasmus","status":"publish","type":"page","link":"https:\/\/zsp1chojna.pl\/?page_id=15177","title":{"rendered":"Projekt \u201eMoje kompetencje moja przysz\u0142o\u015b\u0107\u201d, program Erasmus+"},"content":{"rendered":"<div class=\"wp-block-image\">\n<figure class=\"aligncenter size-large\"><img loading=\"lazy\" decoding=\"async\" width=\"1024\" height=\"115\" data-attachment-id=\"15174\" data-permalink=\"https:\/\/zsp1chojna.pl\/?attachment_id=15174\" data-orig-file=\"https:\/\/zsp1chojna.pl\/wp-content\/uploads\/2026\/03\/image.png\" data-orig-size=\"1097,123\" data-comments-opened=\"1\" data-image-meta=\"{&quot;aperture&quot;:&quot;0&quot;,&quot;credit&quot;:&quot;&quot;,&quot;camera&quot;:&quot;&quot;,&quot;caption&quot;:&quot;&quot;,&quot;created_timestamp&quot;:&quot;0&quot;,&quot;copyright&quot;:&quot;&quot;,&quot;focal_length&quot;:&quot;0&quot;,&quot;iso&quot;:&quot;0&quot;,&quot;shutter_speed&quot;:&quot;0&quot;,&quot;title&quot;:&quot;&quot;,&quot;orientation&quot;:&quot;0&quot;}\" data-image-title=\"image\" data-image-description=\"\" data-image-caption=\"\" data-medium-file=\"https:\/\/zsp1chojna.pl\/wp-content\/uploads\/2026\/03\/image-300x34.png\" data-large-file=\"https:\/\/zsp1chojna.pl\/wp-content\/uploads\/2026\/03\/image-1024x115.png\" src=\"https:\/\/zsp1chojna.pl\/wp-content\/uploads\/2026\/03\/image-1024x115.png\" alt=\"\" class=\"wp-image-15174\" srcset=\"https:\/\/zsp1chojna.pl\/wp-content\/uploads\/2026\/03\/image-1024x115.png 1024w, https:\/\/zsp1chojna.pl\/wp-content\/uploads\/2026\/03\/image-300x34.png 300w, https:\/\/zsp1chojna.pl\/wp-content\/uploads\/2026\/03\/image-768x86.png 768w, https:\/\/zsp1chojna.pl\/wp-content\/uploads\/2026\/03\/image-947x106.png 947w, https:\/\/zsp1chojna.pl\/wp-content\/uploads\/2026\/03\/image-624x70.png 624w, https:\/\/zsp1chojna.pl\/wp-content\/uploads\/2026\/03\/image.png 1097w\" sizes=\"auto, (max-width: 1024px) 100vw, 1024px\" \/><\/figure>\n<\/div>\n\n\n<p class=\"has-text-align-justify has-text-align-justify\"><strong>Tytu\u0142 projektu: <\/strong>\u201eMoje kompetencje moja przysz\u0142o\u015b\u0107\u201d,<br><strong>Sektor: <\/strong>Edukacja szkolna,<br><strong>Numer projektu:<\/strong> 2025-1-PL01-KA121-SCH-000310915,<br><strong>Czas trwania projektu:<\/strong> 01.06.2025 \u2013 31.08.2026,<br><strong>Finansowanie: <\/strong>47 154,00 EUR,<br><strong>Instytucje przyjmuj\u0105ce:<\/strong><br>Szko\u0142y w Konyi, Turcja: Selcuklu Fen Lisesi, Karatay Fen Lisesi,<br>Szko\u0142a w Altei, Hiszpania: IES Bellaguarda.<strong><br><br><\/strong>Projekt \u201eMoje kompetencje moja przysz\u0142o\u015b\u0107\u201d, to drugi projekt w sektorze Edukacja szkolna, realizowany w ramach akredytacji Erasmusa, przyznanej Zespo\u0142owi Szk\u00f3\u0142 Ponadpodstawowych w Chojnie na lata 2024-2027.<\/p>\n\n\n\n<p class=\"has-text-align-justify has-text-align-justify\">Projekt zak\u0142ada realizacj\u0119 dw\u00f3ch pi\u0119ciodniowych mobilno\u015bci grupowych uczni\u00f3w Zespo\u0142u Szk\u00f3\u0142 Ponadpodstawowych w Chojnie, kursy j\u0119zykowe dla nauczycieli i kadry kierowniczej oraz mobilno\u015b\u0107 indywidualn\u0105 typu Job shadowing, nauczycieli przedmiot\u00f3w og\u00f3lnych.<\/p>\n\n\n\n<p class=\"has-text-align-justify has-text-align-justify\">W listopadzie 2025 roku, dwie dziesi\u0119cioosobowe grupy uczni\u00f3w, wraz z opiekunami odb\u0119d\u0105 mobilno\u015b\u0107 grupow\u0105 w Turcji i w Hiszpanii. G\u0142\u00f3wnym tematem mobilno\u015bci b\u0119d\u0105 zagro\u017cenia ekologiczne na \u015bwiecie, procesy demokratyczne oraz sztuczna inteligencja. Mobilno\u015bci grupowe maj\u0105 na celu kszta\u0142towanie postawy otwarto\u015bci i odpowiedzialno\u015bci za\u00a0 pok\u00f3j w Europie u uczni\u00f3w uczestnicz\u0105cych w mobilno\u015bciach oraz rozw\u00f3j kompetencji kluczowych i kompetencji mi\u0119kkich uczestnik\u00f3w projektu.<\/p>\n\n\n\n<p class=\"has-text-align-justify has-text-align-justify\">Sze\u015bcioro nauczycieli przedmiot\u00f3w og\u00f3lnych w Zespole Szk\u00f3\u0142 Ponadpodstawowych w&nbsp; Chojnie, odb\u0119dzie pi\u0119ciodniow\u0105 obserwacj\u0119 pracy nauczycieli przedmiot\u00f3w pokrewnych w&nbsp; Turcji. Celem mobilno\u015bci jest poznanie proces\u00f3w nauczania w innych pa\u0144stwach oraz obserwacja i przeniesienie zaobserwowanych podczas mobilno\u015bci, tak zwanych \u201edobrych praktyk\u201d.<\/p>\n\n\n\n<p class=\"has-text-align-justify has-text-align-justify\">W ramach doskonalenia kompetencji j\u0119zykowych nauczycieli i kadry Zespo\u0142u Szk\u00f3\u0142 Ponadpodstawowych w Chojnie, sze\u015bcioro pracownik\u00f3w odb\u0119dzie za granic\u0105 oko\u0142o sze\u015bciodniowe kursy j\u0119zyka angielskiego.<\/p>\n\n\n\n<p class=\"has-text-align-justify has-text-align-justify\">Projekt jest zgodny z g\u0142\u00f3wnymi za\u0142o\u017ceniami strategii internacjonalizacji Zespo\u0142u Szk\u00f3\u0142 Ponadpodstawowych w Chojnie oraz <em>Planu Erasmusa<\/em>, kt\u00f3re zak\u0142adaj\u0105 m.in. wprowadzanie nowych rozwi\u0105za\u0144 metodycznych i organizacyjnych, uzyskiwanych w wyniku wymiany do\u015bwiadcze\u0144 w ramach mobilno\u015bci, pozyskanie nowych szk\u00f3\u0142 partnerskich i rozwijanie dwustronnych projekt\u00f3w edukacyjnych, zwi\u0119kszenie mobilno\u015bci nauczycieli i kadry kierowniczej szko\u0142y, zwi\u0119kszenie umiej\u0119tno\u015bci j\u0119zykowych nauczycieli i kadry kierowniczej szko\u0142y oraz usprawnienie procesu pozyskiwania funduszy zewn\u0119trznych.<\/p>\n","protected":false},"excerpt":{"rendered":"<p>Tytu\u0142 projektu: \u201eMoje kompetencje moja przysz\u0142o\u015b\u0107\u201d,Sektor: Edukacja szkolna,Numer projektu: 2025-1-PL01-KA121-SCH-000310915,Czas trwania projektu: 01.06.2025 \u2013 31.08.2026,Finansowanie: 47 154,00 EUR,Instytucje przyjmuj\u0105ce:Szko\u0142y w Konyi, Turcja: Selcuklu Fen Lisesi, Karatay Fen Lisesi,Szko\u0142a w Altei, [&hellip;]<\/p>\n","protected":false},"author":1,"featured_media":0,"parent":0,"menu_order":0,"comment_status":"closed","ping_status":"closed","template":"","meta":{"footnotes":""},"class_list":["post-15177","page","type-page","status-publish","hentry"],"yoast_head":"<!-- This site is optimized with the Yoast SEO plugin v20.13 - https:\/\/yoast.com\/wordpress\/plugins\/seo\/ -->\n<title>Projekt \u201eMoje kompetencje moja przysz\u0142o\u015b\u0107\u201d, program Erasmus+ - ZSP w Chojnie<\/title>\n<meta name=\"robots\" content=\"index, follow, max-snippet:-1, max-image-preview:large, max-video-preview:-1\" \/>\n<link rel=\"canonical\" href=\"https:\/\/zsp1chojna.pl\/?page_id=15177\" \/>\n<meta property=\"og:locale\" content=\"pl_PL\" \/>\n<meta property=\"og:type\" content=\"article\" \/>\n<meta property=\"og:title\" content=\"Projekt \u201eMoje kompetencje moja przysz\u0142o\u015b\u0107\u201d, program Erasmus+ - ZSP w Chojnie\" \/>\n<meta property=\"og:description\" content=\"Tytu\u0142 projektu: \u201eMoje kompetencje moja przysz\u0142o\u015b\u0107\u201d,Sektor: Edukacja szkolna,Numer projektu: 2025-1-PL01-KA121-SCH-000310915,Czas trwania projektu: 01.06.2025 \u2013 31.08.2026,Finansowanie: 47 154,00 EUR,Instytucje przyjmuj\u0105ce:Szko\u0142y w Konyi, Turcja: Selcuklu Fen Lisesi, Karatay Fen Lisesi,Szko\u0142a w Altei, [&hellip;]\" \/>\n<meta property=\"og:url\" content=\"https:\/\/zsp1chojna.pl\/?page_id=15177\" \/>\n<meta property=\"og:site_name\" content=\"ZSP w Chojnie\" \/>\n<meta property=\"article:modified_time\" content=\"2026-03-02T17:56:26+00:00\" \/>\n<meta property=\"og:image\" content=\"https:\/\/zsp1chojna.pl\/wp-content\/uploads\/2026\/03\/image-1024x115.png\" \/>\n<meta name=\"twitter:card\" content=\"summary_large_image\" \/>\n<meta name=\"twitter:label1\" content=\"Szacowany czas czytania\" \/>\n\t<meta name=\"twitter:data1\" content=\"2 minuty\" \/>\n<script type=\"application\/ld+json\" class=\"yoast-schema-graph\">{\"@context\":\"https:\/\/schema.org\",\"@graph\":[{\"@type\":\"WebPage\",\"@id\":\"https:\/\/zsp1chojna.pl\/?page_id=15177\",\"url\":\"https:\/\/zsp1chojna.pl\/?page_id=15177\",\"name\":\"Projekt \u201eMoje kompetencje moja przysz\u0142o\u015b\u0107\u201d, program Erasmus+ - ZSP w Chojnie\",\"isPartOf\":{\"@id\":\"https:\/\/zsp1chojna.pl\/#website\"},\"datePublished\":\"2026-03-02T17:55:27+00:00\",\"dateModified\":\"2026-03-02T17:56:26+00:00\",\"breadcrumb\":{\"@id\":\"https:\/\/zsp1chojna.pl\/?page_id=15177#breadcrumb\"},\"inLanguage\":\"pl-PL\",\"potentialAction\":[{\"@type\":\"ReadAction\",\"target\":[\"https:\/\/zsp1chojna.pl\/?page_id=15177\"]}]},{\"@type\":\"BreadcrumbList\",\"@id\":\"https:\/\/zsp1chojna.pl\/?page_id=15177#breadcrumb\",\"itemListElement\":[{\"@type\":\"ListItem\",\"position\":1,\"name\":\"Home\",\"item\":\"https:\/\/zsp1chojna.pl\/\"},{\"@type\":\"ListItem\",\"position\":2,\"name\":\"Projekt \u201eMoje kompetencje moja przysz\u0142o\u015b\u0107\u201d, program Erasmus+\"}]},{\"@type\":\"WebSite\",\"@id\":\"https:\/\/zsp1chojna.pl\/#website\",\"url\":\"https:\/\/zsp1chojna.pl\/\",\"name\":\"ZSP w Chojnie\",\"description\":\"\",\"publisher\":{\"@id\":\"https:\/\/zsp1chojna.pl\/#organization\"},\"potentialAction\":[{\"@type\":\"SearchAction\",\"target\":{\"@type\":\"EntryPoint\",\"urlTemplate\":\"https:\/\/zsp1chojna.pl\/?s={search_term_string}\"},\"query-input\":\"required name=search_term_string\"}],\"inLanguage\":\"pl-PL\"},{\"@type\":\"Organization\",\"@id\":\"https:\/\/zsp1chojna.pl\/#organization\",\"name\":\"ZSP w Chojnie\",\"url\":\"https:\/\/zsp1chojna.pl\/\",\"logo\":{\"@type\":\"ImageObject\",\"inLanguage\":\"pl-PL\",\"@id\":\"https:\/\/zsp1chojna.pl\/#\/schema\/logo\/image\/\",\"url\":\"https:\/\/zsp1chojna.pl\/wp-content\/uploads\/2023\/08\/cropped-cropped-cropped-Logo-biale-napis-na-3-wiersze_504-1.png\",\"contentUrl\":\"https:\/\/zsp1chojna.pl\/wp-content\/uploads\/2023\/08\/cropped-cropped-cropped-Logo-biale-napis-na-3-wiersze_504-1.png\",\"width\":504,\"height\":167,\"caption\":\"ZSP w Chojnie\"},\"image\":{\"@id\":\"https:\/\/zsp1chojna.pl\/#\/schema\/logo\/image\/\"}}]}<\/script>\n<!-- \/ Yoast SEO plugin. -->","yoast_head_json":{"title":"Projekt \u201eMoje kompetencje moja przysz\u0142o\u015b\u0107\u201d, program Erasmus+ - ZSP w Chojnie","robots":{"index":"index","follow":"follow","max-snippet":"max-snippet:-1","max-image-preview":"max-image-preview:large","max-video-preview":"max-video-preview:-1"},"canonical":"https:\/\/zsp1chojna.pl\/?page_id=15177","og_locale":"pl_PL","og_type":"article","og_title":"Projekt \u201eMoje kompetencje moja przysz\u0142o\u015b\u0107\u201d, program Erasmus+ - ZSP w Chojnie","og_description":"Tytu\u0142 projektu: \u201eMoje kompetencje moja przysz\u0142o\u015b\u0107\u201d,Sektor: Edukacja szkolna,Numer projektu: 2025-1-PL01-KA121-SCH-000310915,Czas trwania projektu: 01.06.2025 \u2013 31.08.2026,Finansowanie: 47 154,00 EUR,Instytucje przyjmuj\u0105ce:Szko\u0142y w Konyi, Turcja: Selcuklu Fen Lisesi, Karatay Fen Lisesi,Szko\u0142a w Altei, [&hellip;]","og_url":"https:\/\/zsp1chojna.pl\/?page_id=15177","og_site_name":"ZSP w Chojnie","article_modified_time":"2026-03-02T17:56:26+00:00","og_image":[{"url":"https:\/\/zsp1chojna.pl\/wp-content\/uploads\/2026\/03\/image-1024x115.png"}],"twitter_card":"summary_large_image","twitter_misc":{"Szacowany czas czytania":"2 minuty"},"schema":{"@context":"https:\/\/schema.org","@graph":[{"@type":"WebPage","@id":"https:\/\/zsp1chojna.pl\/?page_id=15177","url":"https:\/\/zsp1chojna.pl\/?page_id=15177","name":"Projekt \u201eMoje kompetencje moja przysz\u0142o\u015b\u0107\u201d, program Erasmus+ - ZSP w Chojnie","isPartOf":{"@id":"https:\/\/zsp1chojna.pl\/#website"},"datePublished":"2026-03-02T17:55:27+00:00","dateModified":"2026-03-02T17:56:26+00:00","breadcrumb":{"@id":"https:\/\/zsp1chojna.pl\/?page_id=15177#breadcrumb"},"inLanguage":"pl-PL","potentialAction":[{"@type":"ReadAction","target":["https:\/\/zsp1chojna.pl\/?page_id=15177"]}]},{"@type":"BreadcrumbList","@id":"https:\/\/zsp1chojna.pl\/?page_id=15177#breadcrumb","itemListElement":[{"@type":"ListItem","position":1,"name":"Home","item":"https:\/\/zsp1chojna.pl\/"},{"@type":"ListItem","position":2,"name":"Projekt \u201eMoje kompetencje moja przysz\u0142o\u015b\u0107\u201d, program Erasmus+"}]},{"@type":"WebSite","@id":"https:\/\/zsp1chojna.pl\/#website","url":"https:\/\/zsp1chojna.pl\/","name":"ZSP w Chojnie","description":"","publisher":{"@id":"https:\/\/zsp1chojna.pl\/#organization"},"potentialAction":[{"@type":"SearchAction","target":{"@type":"EntryPoint","urlTemplate":"https:\/\/zsp1chojna.pl\/?s={search_term_string}"},"query-input":"required name=search_term_string"}],"inLanguage":"pl-PL"},{"@type":"Organization","@id":"https:\/\/zsp1chojna.pl\/#organization","name":"ZSP w Chojnie","url":"https:\/\/zsp1chojna.pl\/","logo":{"@type":"ImageObject","inLanguage":"pl-PL","@id":"https:\/\/zsp1chojna.pl\/#\/schema\/logo\/image\/","url":"https:\/\/zsp1chojna.pl\/wp-content\/uploads\/2023\/08\/cropped-cropped-cropped-Logo-biale-napis-na-3-wiersze_504-1.png","contentUrl":"https:\/\/zsp1chojna.pl\/wp-content\/uploads\/2023\/08\/cropped-cropped-cropped-Logo-biale-napis-na-3-wiersze_504-1.png","width":504,"height":167,"caption":"ZSP w Chojnie"},"image":{"@id":"https:\/\/zsp1chojna.pl\/#\/schema\/logo\/image\/"}}]}},"_links":{"self":[{"href":"https:\/\/zsp1chojna.pl\/index.php?rest_route=\/wp\/v2\/pages\/15177","targetHints":{"allow":["GET"]}}],"collection":[{"href":"https:\/\/zsp1chojna.pl\/index.php?rest_route=\/wp\/v2\/pages"}],"about":[{"href":"https:\/\/zsp1chojna.pl\/index.php?rest_route=\/wp\/v2\/types\/page"}],"author":[{"embeddable":true,"href":"https:\/\/zsp1chojna.pl\/index.php?rest_route=\/wp\/v2\/users\/1"}],"replies":[{"embeddable":true,"href":"https:\/\/zsp1chojna.pl\/index.php?rest_route=%2Fwp%2Fv2%2Fcomments&post=15177"}],"version-history":[{"count":2,"href":"https:\/\/zsp1chojna.pl\/index.php?rest_route=\/wp\/v2\/pages\/15177\/revisions"}],"predecessor-version":[{"id":15180,"href":"https:\/\/zsp1chojna.pl\/index.php?rest_route=\/wp\/v2\/pages\/15177\/revisions\/15180"}],"wp:attachment":[{"href":"https:\/\/zsp1chojna.pl\/index.php?rest_route=%2Fwp%2Fv2%2Fmedia&parent=15177"}],"curies":[{"name":"wp","href":"https:\/\/api.w.org\/{rel}","templated":true}]}}