{"id":12529,"date":"2025-01-05T16:48:00","date_gmt":"2025-01-05T15:48:00","guid":{"rendered":"https:\/\/zsp1chojna.pl\/?page_id=12529"},"modified":"2025-01-05T17:23:49","modified_gmt":"2025-01-05T16:23:49","slug":"rok-2021-3","status":"publish","type":"page","link":"https:\/\/zsp1chojna.pl\/?page_id=12529","title":{"rendered":"Rok 2021 &#8211; Bran\u017cowa Szko\u0142a I\u00a0stopnia"},"content":{"rendered":"<style>.kadence-column12529_6bb884-fb > .kt-inside-inner-col,.kadence-column12529_6bb884-fb > .kt-inside-inner-col:before{border-top-left-radius:0px;border-top-right-radius:0px;border-bottom-right-radius:0px;border-bottom-left-radius:0px;}.kadence-column12529_6bb884-fb > .kt-inside-inner-col:before{opacity:0.3;}.kadence-column12529_6bb884-fb{position:relative;}<\/style>\n<div class=\"wp-block-kadence-column kadence-column12529_6bb884-fb\"><div class=\"kt-inside-inner-col\">\n<div class=\"wp-block-columns is-layout-flex wp-container-core-columns-is-layout-9d6595d7 wp-block-columns-is-layout-flex\">\n<div class=\"wp-block-column is-layout-flow wp-block-column-is-layout-flow\">\n<p><strong>klasa 3 PM<\/strong><br><strong>\u015blusarz\/mechanik pojazd\u00f3w samochodowych<\/strong><br><strong>wychowawca mgr in\u017c. Monika Kowalska<br><\/strong><\/p>\n\n\n\n<p>Biel Piotr<br>Chor\u0105\u017cy Dawid<br>Dymarkowski Kamil<br>Dzi\u0119cio\u0142 Krystian<br>Fedorowski Hubert<br>Kowalski Kornel<br>Kurpiel Micha\u0142<br>Litra Piotr<br>Mikit\u00f3w Adrian<\/p>\n<\/div>\n\n\n\n<div class=\"wp-block-column is-layout-flow wp-block-column-is-layout-flow\">\n<p><strong>klasa 3 PM<\/strong><br><strong>monter zabudowy i rob\u00f3t wyko\u0144czeniowych w budownictwie<\/strong><br><strong>wychowawca mgr in\u017c. Monika Kowalska<br><\/strong><\/p>\n\n\n\n<p>Bruszniewski Damian<br>Ceglarek Wojciech<br>Czajkowski Pawe\u0142<br>Dopiera\u0142a Adrian<br>Dzia\u0142kowski Adrian<br>Jesi\u00f3\u0142kowski Jan<br>Kalandyk Adrian<br>Krynicki Dominik<br>Mazurkiewicz Jakub<br>Nagaj Bartosz<br>Nowicki Kacper<br>Olsza\u0144ski Mateusz<br>Olszowiak Hubert<br>Strojny Adrian<br>Wermuth Marcin<br>Wiewi\u00f3ra Kacper<\/p>\n<\/div>\n\n\n\n<div class=\"wp-block-column is-layout-flow wp-block-column-is-layout-flow\">\n<p><strong>klasa 3 WZ<\/strong><br><strong>wielozawodowa<\/strong><br><strong>wychowawca mgr Gustaw Cedro<br><\/strong><\/p>\n\n\n\n<p>Cieluch Wiktoria<br>Czarnota Aleksandra<br>Ga\u0142a D\u017cesika<br>Garnczarek Anastazja<br>Hamka\u0142o Piotr<br>Hapczyk Krzysztofa<br>Jasi\u0144ska Wiktoria<br>Ka\u0142achurska Katarzyna<br>Kiel Martyna<br>Ko\u0142oszyc Aleksandra<br>Kornecka Julia<br>Kozak Ilona<br>Krempu\u0142a Aleksandra<br>Kurek Nicola<br>\u0141awryszek Maciej<br>Majdan Jakub<br>Mielczarek Natalia<br>Nowak Dominika<br>Olch\u00f3wka Pawe\u0142<br>Piesik Samanta<br>Piorun Jowita<br>Szot Adriana<br>Szyszka Alicja<br>Wujko Paulina<br>Wi\u015bniewska Aleksandra<\/p>\n<\/div>\n<\/div>\n<\/div><\/div>\n","protected":false},"excerpt":{"rendered":"<p>klasa 3 PM\u015blusarz\/mechanik pojazd\u00f3w samochodowychwychowawca mgr in\u017c. Monika Kowalska Biel PiotrChor\u0105\u017cy DawidDymarkowski KamilDzi\u0119cio\u0142 KrystianFedorowski HubertKowalski KornelKurpiel Micha\u0142Litra PiotrMikit\u00f3w Adrian klasa 3 PMmonter zabudowy i rob\u00f3t wyko\u0144czeniowych w budownictwiewychowawca mgr in\u017c. [&hellip;]<\/p>\n","protected":false},"author":1,"featured_media":0,"parent":0,"menu_order":0,"comment_status":"closed","ping_status":"closed","template":"","meta":{"footnotes":""},"class_list":["post-12529","page","type-page","status-publish","hentry"],"yoast_head":"<!-- This site is optimized with the Yoast SEO plugin v20.13 - https:\/\/yoast.com\/wordpress\/plugins\/seo\/ -->\n<title>Rok 2021 - Bran\u017cowa Szko\u0142a I\u00a0stopnia - ZSP w Chojnie<\/title>\n<meta name=\"robots\" content=\"index, follow, max-snippet:-1, max-image-preview:large, max-video-preview:-1\" \/>\n<link rel=\"canonical\" href=\"https:\/\/zsp1chojna.pl\/?page_id=12529\" \/>\n<meta property=\"og:locale\" content=\"pl_PL\" \/>\n<meta property=\"og:type\" content=\"article\" \/>\n<meta property=\"og:title\" content=\"Rok 2021 - Bran\u017cowa Szko\u0142a I\u00a0stopnia - ZSP w Chojnie\" \/>\n<meta property=\"og:description\" content=\"klasa 3 PM\u015blusarz\/mechanik pojazd\u00f3w samochodowychwychowawca mgr in\u017c. Monika Kowalska Biel PiotrChor\u0105\u017cy DawidDymarkowski KamilDzi\u0119cio\u0142 KrystianFedorowski HubertKowalski KornelKurpiel Micha\u0142Litra PiotrMikit\u00f3w Adrian klasa 3 PMmonter zabudowy i rob\u00f3t wyko\u0144czeniowych w budownictwiewychowawca mgr in\u017c. [&hellip;]\" \/>\n<meta property=\"og:url\" content=\"https:\/\/zsp1chojna.pl\/?page_id=12529\" \/>\n<meta property=\"og:site_name\" content=\"ZSP w Chojnie\" \/>\n<meta property=\"article:modified_time\" content=\"2025-01-05T16:23:49+00:00\" \/>\n<meta name=\"twitter:card\" content=\"summary_large_image\" \/>\n<meta name=\"twitter:label1\" content=\"Szacowany czas czytania\" \/>\n\t<meta name=\"twitter:data1\" content=\"1 minuta\" \/>\n<script type=\"application\/ld+json\" class=\"yoast-schema-graph\">{\"@context\":\"https:\/\/schema.org\",\"@graph\":[{\"@type\":\"WebPage\",\"@id\":\"https:\/\/zsp1chojna.pl\/?page_id=12529\",\"url\":\"https:\/\/zsp1chojna.pl\/?page_id=12529\",\"name\":\"Rok 2021 - Bran\u017cowa Szko\u0142a I\u00a0stopnia - ZSP w Chojnie\",\"isPartOf\":{\"@id\":\"https:\/\/zsp1chojna.pl\/#website\"},\"datePublished\":\"2025-01-05T15:48:00+00:00\",\"dateModified\":\"2025-01-05T16:23:49+00:00\",\"breadcrumb\":{\"@id\":\"https:\/\/zsp1chojna.pl\/?page_id=12529#breadcrumb\"},\"inLanguage\":\"pl-PL\",\"potentialAction\":[{\"@type\":\"ReadAction\",\"target\":[\"https:\/\/zsp1chojna.pl\/?page_id=12529\"]}]},{\"@type\":\"BreadcrumbList\",\"@id\":\"https:\/\/zsp1chojna.pl\/?page_id=12529#breadcrumb\",\"itemListElement\":[{\"@type\":\"ListItem\",\"position\":1,\"name\":\"Home\",\"item\":\"https:\/\/zsp1chojna.pl\/\"},{\"@type\":\"ListItem\",\"position\":2,\"name\":\"Rok 2021 &#8211; Bran\u017cowa Szko\u0142a I\u00a0stopnia\"}]},{\"@type\":\"WebSite\",\"@id\":\"https:\/\/zsp1chojna.pl\/#website\",\"url\":\"https:\/\/zsp1chojna.pl\/\",\"name\":\"ZSP w Chojnie\",\"description\":\"\",\"publisher\":{\"@id\":\"https:\/\/zsp1chojna.pl\/#organization\"},\"potentialAction\":[{\"@type\":\"SearchAction\",\"target\":{\"@type\":\"EntryPoint\",\"urlTemplate\":\"https:\/\/zsp1chojna.pl\/?s={search_term_string}\"},\"query-input\":\"required name=search_term_string\"}],\"inLanguage\":\"pl-PL\"},{\"@type\":\"Organization\",\"@id\":\"https:\/\/zsp1chojna.pl\/#organization\",\"name\":\"ZSP w Chojnie\",\"url\":\"https:\/\/zsp1chojna.pl\/\",\"logo\":{\"@type\":\"ImageObject\",\"inLanguage\":\"pl-PL\",\"@id\":\"https:\/\/zsp1chojna.pl\/#\/schema\/logo\/image\/\",\"url\":\"https:\/\/zsp1chojna.pl\/wp-content\/uploads\/2023\/08\/cropped-cropped-cropped-Logo-biale-napis-na-3-wiersze_504-1.png\",\"contentUrl\":\"https:\/\/zsp1chojna.pl\/wp-content\/uploads\/2023\/08\/cropped-cropped-cropped-Logo-biale-napis-na-3-wiersze_504-1.png\",\"width\":504,\"height\":167,\"caption\":\"ZSP w Chojnie\"},\"image\":{\"@id\":\"https:\/\/zsp1chojna.pl\/#\/schema\/logo\/image\/\"}}]}<\/script>\n<!-- \/ Yoast SEO plugin. -->","yoast_head_json":{"title":"Rok 2021 - Bran\u017cowa Szko\u0142a I\u00a0stopnia - ZSP w Chojnie","robots":{"index":"index","follow":"follow","max-snippet":"max-snippet:-1","max-image-preview":"max-image-preview:large","max-video-preview":"max-video-preview:-1"},"canonical":"https:\/\/zsp1chojna.pl\/?page_id=12529","og_locale":"pl_PL","og_type":"article","og_title":"Rok 2021 - Bran\u017cowa Szko\u0142a I\u00a0stopnia - ZSP w Chojnie","og_description":"klasa 3 PM\u015blusarz\/mechanik pojazd\u00f3w samochodowychwychowawca mgr in\u017c. Monika Kowalska Biel PiotrChor\u0105\u017cy DawidDymarkowski KamilDzi\u0119cio\u0142 KrystianFedorowski HubertKowalski KornelKurpiel Micha\u0142Litra PiotrMikit\u00f3w Adrian klasa 3 PMmonter zabudowy i rob\u00f3t wyko\u0144czeniowych w budownictwiewychowawca mgr in\u017c. [&hellip;]","og_url":"https:\/\/zsp1chojna.pl\/?page_id=12529","og_site_name":"ZSP w Chojnie","article_modified_time":"2025-01-05T16:23:49+00:00","twitter_card":"summary_large_image","twitter_misc":{"Szacowany czas czytania":"1 minuta"},"schema":{"@context":"https:\/\/schema.org","@graph":[{"@type":"WebPage","@id":"https:\/\/zsp1chojna.pl\/?page_id=12529","url":"https:\/\/zsp1chojna.pl\/?page_id=12529","name":"Rok 2021 - Bran\u017cowa Szko\u0142a I\u00a0stopnia - ZSP w Chojnie","isPartOf":{"@id":"https:\/\/zsp1chojna.pl\/#website"},"datePublished":"2025-01-05T15:48:00+00:00","dateModified":"2025-01-05T16:23:49+00:00","breadcrumb":{"@id":"https:\/\/zsp1chojna.pl\/?page_id=12529#breadcrumb"},"inLanguage":"pl-PL","potentialAction":[{"@type":"ReadAction","target":["https:\/\/zsp1chojna.pl\/?page_id=12529"]}]},{"@type":"BreadcrumbList","@id":"https:\/\/zsp1chojna.pl\/?page_id=12529#breadcrumb","itemListElement":[{"@type":"ListItem","position":1,"name":"Home","item":"https:\/\/zsp1chojna.pl\/"},{"@type":"ListItem","position":2,"name":"Rok 2021 &#8211; Bran\u017cowa Szko\u0142a I\u00a0stopnia"}]},{"@type":"WebSite","@id":"https:\/\/zsp1chojna.pl\/#website","url":"https:\/\/zsp1chojna.pl\/","name":"ZSP w Chojnie","description":"","publisher":{"@id":"https:\/\/zsp1chojna.pl\/#organization"},"potentialAction":[{"@type":"SearchAction","target":{"@type":"EntryPoint","urlTemplate":"https:\/\/zsp1chojna.pl\/?s={search_term_string}"},"query-input":"required name=search_term_string"}],"inLanguage":"pl-PL"},{"@type":"Organization","@id":"https:\/\/zsp1chojna.pl\/#organization","name":"ZSP w Chojnie","url":"https:\/\/zsp1chojna.pl\/","logo":{"@type":"ImageObject","inLanguage":"pl-PL","@id":"https:\/\/zsp1chojna.pl\/#\/schema\/logo\/image\/","url":"https:\/\/zsp1chojna.pl\/wp-content\/uploads\/2023\/08\/cropped-cropped-cropped-Logo-biale-napis-na-3-wiersze_504-1.png","contentUrl":"https:\/\/zsp1chojna.pl\/wp-content\/uploads\/2023\/08\/cropped-cropped-cropped-Logo-biale-napis-na-3-wiersze_504-1.png","width":504,"height":167,"caption":"ZSP w Chojnie"},"image":{"@id":"https:\/\/zsp1chojna.pl\/#\/schema\/logo\/image\/"}}]}},"_links":{"self":[{"href":"https:\/\/zsp1chojna.pl\/index.php?rest_route=\/wp\/v2\/pages\/12529","targetHints":{"allow":["GET"]}}],"collection":[{"href":"https:\/\/zsp1chojna.pl\/index.php?rest_route=\/wp\/v2\/pages"}],"about":[{"href":"https:\/\/zsp1chojna.pl\/index.php?rest_route=\/wp\/v2\/types\/page"}],"author":[{"embeddable":true,"href":"https:\/\/zsp1chojna.pl\/index.php?rest_route=\/wp\/v2\/users\/1"}],"replies":[{"embeddable":true,"href":"https:\/\/zsp1chojna.pl\/index.php?rest_route=%2Fwp%2Fv2%2Fcomments&post=12529"}],"version-history":[{"count":3,"href":"https:\/\/zsp1chojna.pl\/index.php?rest_route=\/wp\/v2\/pages\/12529\/revisions"}],"predecessor-version":[{"id":12552,"href":"https:\/\/zsp1chojna.pl\/index.php?rest_route=\/wp\/v2\/pages\/12529\/revisions\/12552"}],"wp:attachment":[{"href":"https:\/\/zsp1chojna.pl\/index.php?rest_route=%2Fwp%2Fv2%2Fmedia&parent=12529"}],"curies":[{"name":"wp","href":"https:\/\/api.w.org\/{rel}","templated":true}]}}