{"id":12502,"date":"2025-01-05T15:22:29","date_gmt":"2025-01-05T14:22:29","guid":{"rendered":"https:\/\/zsp1chojna.pl\/?page_id=12502"},"modified":"2025-01-05T15:23:04","modified_gmt":"2025-01-05T14:23:04","slug":"pierwsze-grono-nauczycielskie","status":"publish","type":"page","link":"https:\/\/zsp1chojna.pl\/?page_id=12502","title":{"rendered":"PIERWSZE GRONO NAUCZYCIELSKIE"},"content":{"rendered":"\n<p><strong>Dyrektor:<\/strong> Pan Waldemar Karpi\u0144ski<br>Pan Artur Ba\u0142a<br>Pan Ludwik Byto\u0144ski<br>Pani Wilhelmina Karpi\u0144ska<br>Pan Jan Kiryk<br>Pani R\u00f3\u017ca Stec<br><strong>Nauczyciele zawodu:<\/strong><br>Pan W\u0142adys\u0142aw Bednarz<br>Pan J\u00f3zef Gaca<br>Pan Stanis\u0142aw Lewczuk<br>Pan Piotr Rzeuski<\/p>\n\n\n\n<p>Wielu nauczycieli by\u0142o dochodz\u0105cych.<\/p>\n","protected":false},"excerpt":{"rendered":"<p>Dyrektor: Pan Waldemar Karpi\u0144skiPan Artur Ba\u0142aPan Ludwik Byto\u0144skiPani Wilhelmina Karpi\u0144skaPan Jan KirykPani R\u00f3\u017ca StecNauczyciele zawodu:Pan W\u0142adys\u0142aw BednarzPan J\u00f3zef GacaPan Stanis\u0142aw LewczukPan Piotr Rzeuski Wielu nauczycieli by\u0142o dochodz\u0105cych.<\/p>\n","protected":false},"author":1,"featured_media":0,"parent":0,"menu_order":0,"comment_status":"closed","ping_status":"closed","template":"","meta":{"footnotes":""},"class_list":["post-12502","page","type-page","status-publish","hentry"],"yoast_head":"<!-- This site is optimized with the Yoast SEO plugin v20.13 - https:\/\/yoast.com\/wordpress\/plugins\/seo\/ -->\n<title>PIERWSZE GRONO NAUCZYCIELSKIE - ZSP w Chojnie<\/title>\n<meta name=\"robots\" content=\"index, follow, max-snippet:-1, max-image-preview:large, max-video-preview:-1\" \/>\n<link rel=\"canonical\" href=\"https:\/\/zsp1chojna.pl\/?page_id=12502\" \/>\n<meta property=\"og:locale\" content=\"pl_PL\" \/>\n<meta property=\"og:type\" content=\"article\" \/>\n<meta property=\"og:title\" content=\"PIERWSZE GRONO NAUCZYCIELSKIE - ZSP w Chojnie\" \/>\n<meta property=\"og:description\" content=\"Dyrektor: Pan Waldemar Karpi\u0144skiPan Artur Ba\u0142aPan Ludwik Byto\u0144skiPani Wilhelmina Karpi\u0144skaPan Jan KirykPani R\u00f3\u017ca StecNauczyciele zawodu:Pan W\u0142adys\u0142aw BednarzPan J\u00f3zef GacaPan Stanis\u0142aw LewczukPan Piotr Rzeuski Wielu nauczycieli by\u0142o dochodz\u0105cych.\" \/>\n<meta property=\"og:url\" content=\"https:\/\/zsp1chojna.pl\/?page_id=12502\" \/>\n<meta property=\"og:site_name\" content=\"ZSP w Chojnie\" \/>\n<meta property=\"article:modified_time\" content=\"2025-01-05T14:23:04+00:00\" \/>\n<meta name=\"twitter:card\" content=\"summary_large_image\" \/>\n<meta name=\"twitter:label1\" content=\"Szacowany czas czytania\" \/>\n\t<meta name=\"twitter:data1\" content=\"1 minuta\" \/>\n<script type=\"application\/ld+json\" class=\"yoast-schema-graph\">{\"@context\":\"https:\/\/schema.org\",\"@graph\":[{\"@type\":\"WebPage\",\"@id\":\"https:\/\/zsp1chojna.pl\/?page_id=12502\",\"url\":\"https:\/\/zsp1chojna.pl\/?page_id=12502\",\"name\":\"PIERWSZE GRONO NAUCZYCIELSKIE - ZSP w Chojnie\",\"isPartOf\":{\"@id\":\"https:\/\/zsp1chojna.pl\/#website\"},\"datePublished\":\"2025-01-05T14:22:29+00:00\",\"dateModified\":\"2025-01-05T14:23:04+00:00\",\"breadcrumb\":{\"@id\":\"https:\/\/zsp1chojna.pl\/?page_id=12502#breadcrumb\"},\"inLanguage\":\"pl-PL\",\"potentialAction\":[{\"@type\":\"ReadAction\",\"target\":[\"https:\/\/zsp1chojna.pl\/?page_id=12502\"]}]},{\"@type\":\"BreadcrumbList\",\"@id\":\"https:\/\/zsp1chojna.pl\/?page_id=12502#breadcrumb\",\"itemListElement\":[{\"@type\":\"ListItem\",\"position\":1,\"name\":\"Home\",\"item\":\"https:\/\/zsp1chojna.pl\/\"},{\"@type\":\"ListItem\",\"position\":2,\"name\":\"PIERWSZE GRONO NAUCZYCIELSKIE\"}]},{\"@type\":\"WebSite\",\"@id\":\"https:\/\/zsp1chojna.pl\/#website\",\"url\":\"https:\/\/zsp1chojna.pl\/\",\"name\":\"ZSP w Chojnie\",\"description\":\"\",\"publisher\":{\"@id\":\"https:\/\/zsp1chojna.pl\/#organization\"},\"potentialAction\":[{\"@type\":\"SearchAction\",\"target\":{\"@type\":\"EntryPoint\",\"urlTemplate\":\"https:\/\/zsp1chojna.pl\/?s={search_term_string}\"},\"query-input\":\"required name=search_term_string\"}],\"inLanguage\":\"pl-PL\"},{\"@type\":\"Organization\",\"@id\":\"https:\/\/zsp1chojna.pl\/#organization\",\"name\":\"ZSP w Chojnie\",\"url\":\"https:\/\/zsp1chojna.pl\/\",\"logo\":{\"@type\":\"ImageObject\",\"inLanguage\":\"pl-PL\",\"@id\":\"https:\/\/zsp1chojna.pl\/#\/schema\/logo\/image\/\",\"url\":\"https:\/\/zsp1chojna.pl\/wp-content\/uploads\/2023\/08\/cropped-cropped-cropped-Logo-biale-napis-na-3-wiersze_504-1.png\",\"contentUrl\":\"https:\/\/zsp1chojna.pl\/wp-content\/uploads\/2023\/08\/cropped-cropped-cropped-Logo-biale-napis-na-3-wiersze_504-1.png\",\"width\":504,\"height\":167,\"caption\":\"ZSP w Chojnie\"},\"image\":{\"@id\":\"https:\/\/zsp1chojna.pl\/#\/schema\/logo\/image\/\"}}]}<\/script>\n<!-- \/ Yoast SEO plugin. -->","yoast_head_json":{"title":"PIERWSZE GRONO NAUCZYCIELSKIE - ZSP w Chojnie","robots":{"index":"index","follow":"follow","max-snippet":"max-snippet:-1","max-image-preview":"max-image-preview:large","max-video-preview":"max-video-preview:-1"},"canonical":"https:\/\/zsp1chojna.pl\/?page_id=12502","og_locale":"pl_PL","og_type":"article","og_title":"PIERWSZE GRONO NAUCZYCIELSKIE - ZSP w Chojnie","og_description":"Dyrektor: Pan Waldemar Karpi\u0144skiPan Artur Ba\u0142aPan Ludwik Byto\u0144skiPani Wilhelmina Karpi\u0144skaPan Jan KirykPani R\u00f3\u017ca StecNauczyciele zawodu:Pan W\u0142adys\u0142aw BednarzPan J\u00f3zef GacaPan Stanis\u0142aw LewczukPan Piotr Rzeuski Wielu nauczycieli by\u0142o dochodz\u0105cych.","og_url":"https:\/\/zsp1chojna.pl\/?page_id=12502","og_site_name":"ZSP w Chojnie","article_modified_time":"2025-01-05T14:23:04+00:00","twitter_card":"summary_large_image","twitter_misc":{"Szacowany czas czytania":"1 minuta"},"schema":{"@context":"https:\/\/schema.org","@graph":[{"@type":"WebPage","@id":"https:\/\/zsp1chojna.pl\/?page_id=12502","url":"https:\/\/zsp1chojna.pl\/?page_id=12502","name":"PIERWSZE GRONO NAUCZYCIELSKIE - ZSP w Chojnie","isPartOf":{"@id":"https:\/\/zsp1chojna.pl\/#website"},"datePublished":"2025-01-05T14:22:29+00:00","dateModified":"2025-01-05T14:23:04+00:00","breadcrumb":{"@id":"https:\/\/zsp1chojna.pl\/?page_id=12502#breadcrumb"},"inLanguage":"pl-PL","potentialAction":[{"@type":"ReadAction","target":["https:\/\/zsp1chojna.pl\/?page_id=12502"]}]},{"@type":"BreadcrumbList","@id":"https:\/\/zsp1chojna.pl\/?page_id=12502#breadcrumb","itemListElement":[{"@type":"ListItem","position":1,"name":"Home","item":"https:\/\/zsp1chojna.pl\/"},{"@type":"ListItem","position":2,"name":"PIERWSZE GRONO NAUCZYCIELSKIE"}]},{"@type":"WebSite","@id":"https:\/\/zsp1chojna.pl\/#website","url":"https:\/\/zsp1chojna.pl\/","name":"ZSP w Chojnie","description":"","publisher":{"@id":"https:\/\/zsp1chojna.pl\/#organization"},"potentialAction":[{"@type":"SearchAction","target":{"@type":"EntryPoint","urlTemplate":"https:\/\/zsp1chojna.pl\/?s={search_term_string}"},"query-input":"required name=search_term_string"}],"inLanguage":"pl-PL"},{"@type":"Organization","@id":"https:\/\/zsp1chojna.pl\/#organization","name":"ZSP w Chojnie","url":"https:\/\/zsp1chojna.pl\/","logo":{"@type":"ImageObject","inLanguage":"pl-PL","@id":"https:\/\/zsp1chojna.pl\/#\/schema\/logo\/image\/","url":"https:\/\/zsp1chojna.pl\/wp-content\/uploads\/2023\/08\/cropped-cropped-cropped-Logo-biale-napis-na-3-wiersze_504-1.png","contentUrl":"https:\/\/zsp1chojna.pl\/wp-content\/uploads\/2023\/08\/cropped-cropped-cropped-Logo-biale-napis-na-3-wiersze_504-1.png","width":504,"height":167,"caption":"ZSP w Chojnie"},"image":{"@id":"https:\/\/zsp1chojna.pl\/#\/schema\/logo\/image\/"}}]}},"_links":{"self":[{"href":"https:\/\/zsp1chojna.pl\/index.php?rest_route=\/wp\/v2\/pages\/12502","targetHints":{"allow":["GET"]}}],"collection":[{"href":"https:\/\/zsp1chojna.pl\/index.php?rest_route=\/wp\/v2\/pages"}],"about":[{"href":"https:\/\/zsp1chojna.pl\/index.php?rest_route=\/wp\/v2\/types\/page"}],"author":[{"embeddable":true,"href":"https:\/\/zsp1chojna.pl\/index.php?rest_route=\/wp\/v2\/users\/1"}],"replies":[{"embeddable":true,"href":"https:\/\/zsp1chojna.pl\/index.php?rest_route=%2Fwp%2Fv2%2Fcomments&post=12502"}],"version-history":[{"count":2,"href":"https:\/\/zsp1chojna.pl\/index.php?rest_route=\/wp\/v2\/pages\/12502\/revisions"}],"predecessor-version":[{"id":12504,"href":"https:\/\/zsp1chojna.pl\/index.php?rest_route=\/wp\/v2\/pages\/12502\/revisions\/12504"}],"wp:attachment":[{"href":"https:\/\/zsp1chojna.pl\/index.php?rest_route=%2Fwp%2Fv2%2Fmedia&parent=12502"}],"curies":[{"name":"wp","href":"https:\/\/api.w.org\/{rel}","templated":true}]}}