{"id":12487,"date":"2025-01-05T14:54:50","date_gmt":"2025-01-05T13:54:50","guid":{"rendered":"https:\/\/zsp1chojna.pl\/?page_id=12487"},"modified":"2025-01-05T14:55:13","modified_gmt":"2025-01-05T13:55:13","slug":"pierwsi-absolwencitechnikum-budowlanego-czerwiec-1969-rok","status":"publish","type":"page","link":"https:\/\/zsp1chojna.pl\/?page_id=12487","title":{"rendered":"PIERWSI ABSOLWENCI TECHNIKUM BUDOWLANEGO (czerwiec 1969 rok)"},"content":{"rendered":"\n<p>Pan Bogdan Badziura<br>Pan Janusz Broda<br>Pan Leszek Czerwi\u0144ski<br>Pan Franciszek \u0106wiek<br>Pan Zbigniew D\u0105browski<br>Pan J\u00f3zef Dobrowolski<br>Pan J\u00f3zef Domeradzki<br>Pan Marian Fiuk<br>Pan Ryszard Jankowski<br>Pan Adam Kalinowski<br>Pan J\u00f3zef Konarzewski<br>Pan Andrzej Manuszewski<br>Pan Jerzy Nojek<br>Pan Zbigniew Prze\u017adziak<br>Pan Stanis\u0142aw Stawiarz<br>Pan Jan St\u0105siek<br>Pan Zdzis\u0142aw Strykowski<br>Pan Stanis\u0142aw Szwal<br>Pan Roman Taborek<br>Pan Kazimierz Trus<br>Pan Zdzis\u0142aw Tymi\u0144ski<br>Pan Antoni Wasiak<br>Pan Kazimierz Winiarski<br>Pan Kazimierz Wybieracki<\/p>\n","protected":false},"excerpt":{"rendered":"<p>Pan Bogdan BadziuraPan Janusz BrodaPan Leszek Czerwi\u0144skiPan Franciszek \u0106wiekPan Zbigniew D\u0105browskiPan J\u00f3zef DobrowolskiPan J\u00f3zef DomeradzkiPan Marian FiukPan Ryszard JankowskiPan Adam KalinowskiPan J\u00f3zef KonarzewskiPan Andrzej ManuszewskiPan Jerzy NojekPan Zbigniew Prze\u017adziakPan Stanis\u0142aw [&hellip;]<\/p>\n","protected":false},"author":1,"featured_media":0,"parent":0,"menu_order":0,"comment_status":"closed","ping_status":"closed","template":"","meta":{"footnotes":""},"class_list":["post-12487","page","type-page","status-publish","hentry"],"yoast_head":"<!-- This site is optimized with the Yoast SEO plugin v20.13 - https:\/\/yoast.com\/wordpress\/plugins\/seo\/ -->\n<title>PIERWSI ABSOLWENCI TECHNIKUM BUDOWLANEGO (czerwiec 1969 rok) - ZSP w Chojnie<\/title>\n<meta name=\"robots\" content=\"index, follow, max-snippet:-1, max-image-preview:large, max-video-preview:-1\" \/>\n<link rel=\"canonical\" href=\"https:\/\/zsp1chojna.pl\/?page_id=12487\" \/>\n<meta property=\"og:locale\" content=\"pl_PL\" \/>\n<meta property=\"og:type\" content=\"article\" \/>\n<meta property=\"og:title\" content=\"PIERWSI ABSOLWENCI TECHNIKUM BUDOWLANEGO (czerwiec 1969 rok) - ZSP w Chojnie\" \/>\n<meta property=\"og:description\" content=\"Pan Bogdan BadziuraPan Janusz BrodaPan Leszek Czerwi\u0144skiPan Franciszek \u0106wiekPan Zbigniew D\u0105browskiPan J\u00f3zef DobrowolskiPan J\u00f3zef DomeradzkiPan Marian FiukPan Ryszard JankowskiPan Adam KalinowskiPan J\u00f3zef KonarzewskiPan Andrzej ManuszewskiPan Jerzy NojekPan Zbigniew Prze\u017adziakPan Stanis\u0142aw [&hellip;]\" \/>\n<meta property=\"og:url\" content=\"https:\/\/zsp1chojna.pl\/?page_id=12487\" \/>\n<meta property=\"og:site_name\" content=\"ZSP w Chojnie\" \/>\n<meta property=\"article:modified_time\" content=\"2025-01-05T13:55:13+00:00\" \/>\n<meta name=\"twitter:card\" content=\"summary_large_image\" \/>\n<meta name=\"twitter:label1\" content=\"Szacowany czas czytania\" \/>\n\t<meta name=\"twitter:data1\" content=\"1 minuta\" \/>\n<script type=\"application\/ld+json\" class=\"yoast-schema-graph\">{\"@context\":\"https:\/\/schema.org\",\"@graph\":[{\"@type\":\"WebPage\",\"@id\":\"https:\/\/zsp1chojna.pl\/?page_id=12487\",\"url\":\"https:\/\/zsp1chojna.pl\/?page_id=12487\",\"name\":\"PIERWSI ABSOLWENCI TECHNIKUM BUDOWLANEGO (czerwiec 1969 rok) - ZSP w Chojnie\",\"isPartOf\":{\"@id\":\"https:\/\/zsp1chojna.pl\/#website\"},\"datePublished\":\"2025-01-05T13:54:50+00:00\",\"dateModified\":\"2025-01-05T13:55:13+00:00\",\"breadcrumb\":{\"@id\":\"https:\/\/zsp1chojna.pl\/?page_id=12487#breadcrumb\"},\"inLanguage\":\"pl-PL\",\"potentialAction\":[{\"@type\":\"ReadAction\",\"target\":[\"https:\/\/zsp1chojna.pl\/?page_id=12487\"]}]},{\"@type\":\"BreadcrumbList\",\"@id\":\"https:\/\/zsp1chojna.pl\/?page_id=12487#breadcrumb\",\"itemListElement\":[{\"@type\":\"ListItem\",\"position\":1,\"name\":\"Home\",\"item\":\"https:\/\/zsp1chojna.pl\/\"},{\"@type\":\"ListItem\",\"position\":2,\"name\":\"PIERWSI ABSOLWENCI TECHNIKUM BUDOWLANEGO (czerwiec 1969 rok)\"}]},{\"@type\":\"WebSite\",\"@id\":\"https:\/\/zsp1chojna.pl\/#website\",\"url\":\"https:\/\/zsp1chojna.pl\/\",\"name\":\"ZSP w Chojnie\",\"description\":\"\",\"publisher\":{\"@id\":\"https:\/\/zsp1chojna.pl\/#organization\"},\"potentialAction\":[{\"@type\":\"SearchAction\",\"target\":{\"@type\":\"EntryPoint\",\"urlTemplate\":\"https:\/\/zsp1chojna.pl\/?s={search_term_string}\"},\"query-input\":\"required name=search_term_string\"}],\"inLanguage\":\"pl-PL\"},{\"@type\":\"Organization\",\"@id\":\"https:\/\/zsp1chojna.pl\/#organization\",\"name\":\"ZSP w Chojnie\",\"url\":\"https:\/\/zsp1chojna.pl\/\",\"logo\":{\"@type\":\"ImageObject\",\"inLanguage\":\"pl-PL\",\"@id\":\"https:\/\/zsp1chojna.pl\/#\/schema\/logo\/image\/\",\"url\":\"https:\/\/zsp1chojna.pl\/wp-content\/uploads\/2023\/08\/cropped-cropped-cropped-Logo-biale-napis-na-3-wiersze_504-1.png\",\"contentUrl\":\"https:\/\/zsp1chojna.pl\/wp-content\/uploads\/2023\/08\/cropped-cropped-cropped-Logo-biale-napis-na-3-wiersze_504-1.png\",\"width\":504,\"height\":167,\"caption\":\"ZSP w Chojnie\"},\"image\":{\"@id\":\"https:\/\/zsp1chojna.pl\/#\/schema\/logo\/image\/\"}}]}<\/script>\n<!-- \/ Yoast SEO plugin. -->","yoast_head_json":{"title":"PIERWSI ABSOLWENCI TECHNIKUM BUDOWLANEGO (czerwiec 1969 rok) - ZSP w Chojnie","robots":{"index":"index","follow":"follow","max-snippet":"max-snippet:-1","max-image-preview":"max-image-preview:large","max-video-preview":"max-video-preview:-1"},"canonical":"https:\/\/zsp1chojna.pl\/?page_id=12487","og_locale":"pl_PL","og_type":"article","og_title":"PIERWSI ABSOLWENCI TECHNIKUM BUDOWLANEGO (czerwiec 1969 rok) - ZSP w Chojnie","og_description":"Pan Bogdan BadziuraPan Janusz BrodaPan Leszek Czerwi\u0144skiPan Franciszek \u0106wiekPan Zbigniew D\u0105browskiPan J\u00f3zef DobrowolskiPan J\u00f3zef DomeradzkiPan Marian FiukPan Ryszard JankowskiPan Adam KalinowskiPan J\u00f3zef KonarzewskiPan Andrzej ManuszewskiPan Jerzy NojekPan Zbigniew Prze\u017adziakPan Stanis\u0142aw [&hellip;]","og_url":"https:\/\/zsp1chojna.pl\/?page_id=12487","og_site_name":"ZSP w Chojnie","article_modified_time":"2025-01-05T13:55:13+00:00","twitter_card":"summary_large_image","twitter_misc":{"Szacowany czas czytania":"1 minuta"},"schema":{"@context":"https:\/\/schema.org","@graph":[{"@type":"WebPage","@id":"https:\/\/zsp1chojna.pl\/?page_id=12487","url":"https:\/\/zsp1chojna.pl\/?page_id=12487","name":"PIERWSI ABSOLWENCI TECHNIKUM BUDOWLANEGO (czerwiec 1969 rok) - ZSP w Chojnie","isPartOf":{"@id":"https:\/\/zsp1chojna.pl\/#website"},"datePublished":"2025-01-05T13:54:50+00:00","dateModified":"2025-01-05T13:55:13+00:00","breadcrumb":{"@id":"https:\/\/zsp1chojna.pl\/?page_id=12487#breadcrumb"},"inLanguage":"pl-PL","potentialAction":[{"@type":"ReadAction","target":["https:\/\/zsp1chojna.pl\/?page_id=12487"]}]},{"@type":"BreadcrumbList","@id":"https:\/\/zsp1chojna.pl\/?page_id=12487#breadcrumb","itemListElement":[{"@type":"ListItem","position":1,"name":"Home","item":"https:\/\/zsp1chojna.pl\/"},{"@type":"ListItem","position":2,"name":"PIERWSI ABSOLWENCI TECHNIKUM BUDOWLANEGO (czerwiec 1969 rok)"}]},{"@type":"WebSite","@id":"https:\/\/zsp1chojna.pl\/#website","url":"https:\/\/zsp1chojna.pl\/","name":"ZSP w Chojnie","description":"","publisher":{"@id":"https:\/\/zsp1chojna.pl\/#organization"},"potentialAction":[{"@type":"SearchAction","target":{"@type":"EntryPoint","urlTemplate":"https:\/\/zsp1chojna.pl\/?s={search_term_string}"},"query-input":"required name=search_term_string"}],"inLanguage":"pl-PL"},{"@type":"Organization","@id":"https:\/\/zsp1chojna.pl\/#organization","name":"ZSP w Chojnie","url":"https:\/\/zsp1chojna.pl\/","logo":{"@type":"ImageObject","inLanguage":"pl-PL","@id":"https:\/\/zsp1chojna.pl\/#\/schema\/logo\/image\/","url":"https:\/\/zsp1chojna.pl\/wp-content\/uploads\/2023\/08\/cropped-cropped-cropped-Logo-biale-napis-na-3-wiersze_504-1.png","contentUrl":"https:\/\/zsp1chojna.pl\/wp-content\/uploads\/2023\/08\/cropped-cropped-cropped-Logo-biale-napis-na-3-wiersze_504-1.png","width":504,"height":167,"caption":"ZSP w Chojnie"},"image":{"@id":"https:\/\/zsp1chojna.pl\/#\/schema\/logo\/image\/"}}]}},"_links":{"self":[{"href":"https:\/\/zsp1chojna.pl\/index.php?rest_route=\/wp\/v2\/pages\/12487","targetHints":{"allow":["GET"]}}],"collection":[{"href":"https:\/\/zsp1chojna.pl\/index.php?rest_route=\/wp\/v2\/pages"}],"about":[{"href":"https:\/\/zsp1chojna.pl\/index.php?rest_route=\/wp\/v2\/types\/page"}],"author":[{"embeddable":true,"href":"https:\/\/zsp1chojna.pl\/index.php?rest_route=\/wp\/v2\/users\/1"}],"replies":[{"embeddable":true,"href":"https:\/\/zsp1chojna.pl\/index.php?rest_route=%2Fwp%2Fv2%2Fcomments&post=12487"}],"version-history":[{"count":2,"href":"https:\/\/zsp1chojna.pl\/index.php?rest_route=\/wp\/v2\/pages\/12487\/revisions"}],"predecessor-version":[{"id":12489,"href":"https:\/\/zsp1chojna.pl\/index.php?rest_route=\/wp\/v2\/pages\/12487\/revisions\/12489"}],"wp:attachment":[{"href":"https:\/\/zsp1chojna.pl\/index.php?rest_route=%2Fwp%2Fv2%2Fmedia&parent=12487"}],"curies":[{"name":"wp","href":"https:\/\/api.w.org\/{rel}","templated":true}]}}