{"id":12478,"date":"2025-01-05T14:53:37","date_gmt":"2025-01-05T13:53:37","guid":{"rendered":"https:\/\/zsp1chojna.pl\/?page_id=12478"},"modified":"2025-01-05T14:53:38","modified_gmt":"2025-01-05T13:53:38","slug":"pamiatki-po-patronie-szkoly-najstarsze-wpisy-w-historii-szkoly","status":"publish","type":"page","link":"https:\/\/zsp1chojna.pl\/?page_id=12478","title":{"rendered":"Pami\u0105tki po patronie szko\u0142y, \u00a0najstarsze wpisy w historii szko\u0142y"},"content":{"rendered":"<div class=\"wp-block-image\">\n<figure class=\"aligncenter size-full is-resized\"><img loading=\"lazy\" decoding=\"async\" width=\"438\" height=\"587\" data-attachment-id=\"12479\" data-permalink=\"https:\/\/zsp1chojna.pl\/?attachment_id=12479\" data-orig-file=\"https:\/\/zsp1chojna.pl\/wp-content\/uploads\/2025\/01\/pamiatki_tz_clip_image002.jpg\" data-orig-size=\"438,587\" data-comments-opened=\"1\" data-image-meta=\"{&quot;aperture&quot;:&quot;0&quot;,&quot;credit&quot;:&quot;&quot;,&quot;camera&quot;:&quot;&quot;,&quot;caption&quot;:&quot;&quot;,&quot;created_timestamp&quot;:&quot;0&quot;,&quot;copyright&quot;:&quot;&quot;,&quot;focal_length&quot;:&quot;0&quot;,&quot;iso&quot;:&quot;0&quot;,&quot;shutter_speed&quot;:&quot;0&quot;,&quot;title&quot;:&quot;&quot;,&quot;orientation&quot;:&quot;0&quot;}\" data-image-title=\"pamiatki_tz_clip_image002\" data-image-description=\"\" data-image-caption=\"\" data-medium-file=\"https:\/\/zsp1chojna.pl\/wp-content\/uploads\/2025\/01\/pamiatki_tz_clip_image002-224x300.jpg\" data-large-file=\"https:\/\/zsp1chojna.pl\/wp-content\/uploads\/2025\/01\/pamiatki_tz_clip_image002.jpg\" src=\"https:\/\/zsp1chojna.pl\/wp-content\/uploads\/2025\/01\/pamiatki_tz_clip_image002.jpg\" alt=\"\" class=\"wp-image-12479\" style=\"width:554px;height:auto\" srcset=\"https:\/\/zsp1chojna.pl\/wp-content\/uploads\/2025\/01\/pamiatki_tz_clip_image002.jpg 438w, https:\/\/zsp1chojna.pl\/wp-content\/uploads\/2025\/01\/pamiatki_tz_clip_image002-224x300.jpg 224w\" sizes=\"auto, (max-width: 438px) 100vw, 438px\" \/><figcaption class=\"wp-element-caption\"><strong>Fotografia R. Kuleszy (w \u015brodku) z okresu nauki w gimnazjum 1939 rok<\/strong><\/figcaption><\/figure>\n<\/div>\n\n<div class=\"wp-block-image\">\n<figure class=\"aligncenter size-full is-resized\"><img loading=\"lazy\" decoding=\"async\" width=\"527\" height=\"764\" data-attachment-id=\"12480\" data-permalink=\"https:\/\/zsp1chojna.pl\/?attachment_id=12480\" data-orig-file=\"https:\/\/zsp1chojna.pl\/wp-content\/uploads\/2025\/01\/pamiatki_tz_clip_image004.jpg\" data-orig-size=\"527,764\" data-comments-opened=\"1\" data-image-meta=\"{&quot;aperture&quot;:&quot;0&quot;,&quot;credit&quot;:&quot;&quot;,&quot;camera&quot;:&quot;&quot;,&quot;caption&quot;:&quot;&quot;,&quot;created_timestamp&quot;:&quot;0&quot;,&quot;copyright&quot;:&quot;&quot;,&quot;focal_length&quot;:&quot;0&quot;,&quot;iso&quot;:&quot;0&quot;,&quot;shutter_speed&quot;:&quot;0&quot;,&quot;title&quot;:&quot;&quot;,&quot;orientation&quot;:&quot;0&quot;}\" data-image-title=\"pamiatki_tz_clip_image004\" data-image-description=\"\" data-image-caption=\"\" data-medium-file=\"https:\/\/zsp1chojna.pl\/wp-content\/uploads\/2025\/01\/pamiatki_tz_clip_image004-207x300.jpg\" data-large-file=\"https:\/\/zsp1chojna.pl\/wp-content\/uploads\/2025\/01\/pamiatki_tz_clip_image004.jpg\" src=\"https:\/\/zsp1chojna.pl\/wp-content\/uploads\/2025\/01\/pamiatki_tz_clip_image004.jpg\" alt=\"\" class=\"wp-image-12480\" style=\"width:645px;height:auto\" srcset=\"https:\/\/zsp1chojna.pl\/wp-content\/uploads\/2025\/01\/pamiatki_tz_clip_image004.jpg 527w, https:\/\/zsp1chojna.pl\/wp-content\/uploads\/2025\/01\/pamiatki_tz_clip_image004-207x300.jpg 207w\" sizes=\"auto, (max-width: 527px) 100vw, 527px\" \/><figcaption class=\"wp-element-caption\"><strong>Prywatna korespondencja R. Kuleszy 1944 rok<\/strong><\/figcaption><\/figure>\n<\/div>\n\n<div class=\"wp-block-image\">\n<figure class=\"aligncenter size-full is-resized\"><img loading=\"lazy\" decoding=\"async\" width=\"496\" height=\"674\" data-attachment-id=\"12481\" data-permalink=\"https:\/\/zsp1chojna.pl\/?attachment_id=12481\" data-orig-file=\"https:\/\/zsp1chojna.pl\/wp-content\/uploads\/2025\/01\/pamiatki_tz_clip_image006.jpg\" data-orig-size=\"496,674\" data-comments-opened=\"1\" data-image-meta=\"{&quot;aperture&quot;:&quot;0&quot;,&quot;credit&quot;:&quot;&quot;,&quot;camera&quot;:&quot;&quot;,&quot;caption&quot;:&quot;&quot;,&quot;created_timestamp&quot;:&quot;0&quot;,&quot;copyright&quot;:&quot;&quot;,&quot;focal_length&quot;:&quot;0&quot;,&quot;iso&quot;:&quot;0&quot;,&quot;shutter_speed&quot;:&quot;0&quot;,&quot;title&quot;:&quot;&quot;,&quot;orientation&quot;:&quot;0&quot;}\" data-image-title=\"pamiatki_tz_clip_image006\" data-image-description=\"\" data-image-caption=\"\" data-medium-file=\"https:\/\/zsp1chojna.pl\/wp-content\/uploads\/2025\/01\/pamiatki_tz_clip_image006-221x300.jpg\" data-large-file=\"https:\/\/zsp1chojna.pl\/wp-content\/uploads\/2025\/01\/pamiatki_tz_clip_image006.jpg\" src=\"https:\/\/zsp1chojna.pl\/wp-content\/uploads\/2025\/01\/pamiatki_tz_clip_image006.jpg\" alt=\"\" class=\"wp-image-12481\" style=\"width:667px;height:auto\" srcset=\"https:\/\/zsp1chojna.pl\/wp-content\/uploads\/2025\/01\/pamiatki_tz_clip_image006.jpg 496w, https:\/\/zsp1chojna.pl\/wp-content\/uploads\/2025\/01\/pamiatki_tz_clip_image006-221x300.jpg 221w\" sizes=\"auto, (max-width: 496px) 100vw, 496px\" \/><figcaption class=\"wp-element-caption\"><strong>Zeszyt zarz\u0105dze\u0144, 18 pa\u017adziernika 1965 roku<\/strong><\/figcaption><\/figure>\n<\/div>\n\n<div class=\"wp-block-image\">\n<figure class=\"aligncenter size-full is-resized\"><img loading=\"lazy\" decoding=\"async\" width=\"552\" height=\"786\" data-attachment-id=\"12482\" data-permalink=\"https:\/\/zsp1chojna.pl\/?attachment_id=12482\" data-orig-file=\"https:\/\/zsp1chojna.pl\/wp-content\/uploads\/2025\/01\/pamiatki_tz_clip_image008.jpg\" data-orig-size=\"552,786\" data-comments-opened=\"1\" data-image-meta=\"{&quot;aperture&quot;:&quot;0&quot;,&quot;credit&quot;:&quot;&quot;,&quot;camera&quot;:&quot;&quot;,&quot;caption&quot;:&quot;&quot;,&quot;created_timestamp&quot;:&quot;0&quot;,&quot;copyright&quot;:&quot;&quot;,&quot;focal_length&quot;:&quot;0&quot;,&quot;iso&quot;:&quot;0&quot;,&quot;shutter_speed&quot;:&quot;0&quot;,&quot;title&quot;:&quot;&quot;,&quot;orientation&quot;:&quot;0&quot;}\" data-image-title=\"pamiatki_tz_clip_image008\" data-image-description=\"\" data-image-caption=\"\" data-medium-file=\"https:\/\/zsp1chojna.pl\/wp-content\/uploads\/2025\/01\/pamiatki_tz_clip_image008-211x300.jpg\" data-large-file=\"https:\/\/zsp1chojna.pl\/wp-content\/uploads\/2025\/01\/pamiatki_tz_clip_image008.jpg\" src=\"https:\/\/zsp1chojna.pl\/wp-content\/uploads\/2025\/01\/pamiatki_tz_clip_image008.jpg\" alt=\"\" class=\"wp-image-12482\" style=\"width:682px;height:auto\" srcset=\"https:\/\/zsp1chojna.pl\/wp-content\/uploads\/2025\/01\/pamiatki_tz_clip_image008.jpg 552w, https:\/\/zsp1chojna.pl\/wp-content\/uploads\/2025\/01\/pamiatki_tz_clip_image008-211x300.jpg 211w\" sizes=\"auto, (max-width: 552px) 100vw, 552px\" \/><figcaption class=\"wp-element-caption\"><strong>Zeszyt zarz\u0105dze\u0144, 24 listopada 1965 roku<\/strong><\/figcaption><\/figure>\n<\/div>\n\n<div class=\"wp-block-image\">\n<figure class=\"aligncenter size-full is-resized\"><img loading=\"lazy\" decoding=\"async\" width=\"399\" height=\"322\" data-attachment-id=\"12483\" data-permalink=\"https:\/\/zsp1chojna.pl\/?attachment_id=12483\" data-orig-file=\"https:\/\/zsp1chojna.pl\/wp-content\/uploads\/2025\/01\/pamiatki_tz_clip_image010.jpg\" data-orig-size=\"399,322\" data-comments-opened=\"1\" data-image-meta=\"{&quot;aperture&quot;:&quot;0&quot;,&quot;credit&quot;:&quot;&quot;,&quot;camera&quot;:&quot;&quot;,&quot;caption&quot;:&quot;&quot;,&quot;created_timestamp&quot;:&quot;0&quot;,&quot;copyright&quot;:&quot;&quot;,&quot;focal_length&quot;:&quot;0&quot;,&quot;iso&quot;:&quot;0&quot;,&quot;shutter_speed&quot;:&quot;0&quot;,&quot;title&quot;:&quot;&quot;,&quot;orientation&quot;:&quot;0&quot;}\" data-image-title=\"pamiatki_tz_clip_image010\" data-image-description=\"\" data-image-caption=\"\" data-medium-file=\"https:\/\/zsp1chojna.pl\/wp-content\/uploads\/2025\/01\/pamiatki_tz_clip_image010-300x242.jpg\" data-large-file=\"https:\/\/zsp1chojna.pl\/wp-content\/uploads\/2025\/01\/pamiatki_tz_clip_image010.jpg\" src=\"https:\/\/zsp1chojna.pl\/wp-content\/uploads\/2025\/01\/pamiatki_tz_clip_image010.jpg\" alt=\"\" class=\"wp-image-12483\" style=\"width:547px;height:auto\" srcset=\"https:\/\/zsp1chojna.pl\/wp-content\/uploads\/2025\/01\/pamiatki_tz_clip_image010.jpg 399w, https:\/\/zsp1chojna.pl\/wp-content\/uploads\/2025\/01\/pamiatki_tz_clip_image010-300x242.jpg 300w\" sizes=\"auto, (max-width: 399px) 100vw, 399px\" \/><figcaption class=\"wp-element-caption\"><strong>Wpis w kronice \u2013 1975 rok<\/strong><\/figcaption><\/figure>\n<\/div>\n\n<div class=\"wp-block-image\">\n<figure class=\"aligncenter size-full is-resized\"><img loading=\"lazy\" decoding=\"async\" width=\"605\" height=\"858\" data-attachment-id=\"12484\" data-permalink=\"https:\/\/zsp1chojna.pl\/?attachment_id=12484\" data-orig-file=\"https:\/\/zsp1chojna.pl\/wp-content\/uploads\/2025\/01\/pamiatki_tz_clip_image012.jpg\" data-orig-size=\"605,858\" data-comments-opened=\"1\" data-image-meta=\"{&quot;aperture&quot;:&quot;0&quot;,&quot;credit&quot;:&quot;&quot;,&quot;camera&quot;:&quot;&quot;,&quot;caption&quot;:&quot;&quot;,&quot;created_timestamp&quot;:&quot;0&quot;,&quot;copyright&quot;:&quot;&quot;,&quot;focal_length&quot;:&quot;0&quot;,&quot;iso&quot;:&quot;0&quot;,&quot;shutter_speed&quot;:&quot;0&quot;,&quot;title&quot;:&quot;&quot;,&quot;orientation&quot;:&quot;0&quot;}\" data-image-title=\"pamiatki_tz_clip_image012\" data-image-description=\"\" data-image-caption=\"\" data-medium-file=\"https:\/\/zsp1chojna.pl\/wp-content\/uploads\/2025\/01\/pamiatki_tz_clip_image012-212x300.jpg\" data-large-file=\"https:\/\/zsp1chojna.pl\/wp-content\/uploads\/2025\/01\/pamiatki_tz_clip_image012.jpg\" src=\"https:\/\/zsp1chojna.pl\/wp-content\/uploads\/2025\/01\/pamiatki_tz_clip_image012.jpg\" alt=\"\" class=\"wp-image-12484\" style=\"width:699px;height:auto\" srcset=\"https:\/\/zsp1chojna.pl\/wp-content\/uploads\/2025\/01\/pamiatki_tz_clip_image012.jpg 605w, https:\/\/zsp1chojna.pl\/wp-content\/uploads\/2025\/01\/pamiatki_tz_clip_image012-212x300.jpg 212w\" sizes=\"auto, (max-width: 605px) 100vw, 605px\" \/><figcaption class=\"wp-element-caption\"><strong>Wpis w Ksi\u0119dze Pami\u0105tkowej 1975 rok<\/strong><\/figcaption><\/figure>\n<\/div>","protected":false},"excerpt":{"rendered":"","protected":false},"author":1,"featured_media":0,"parent":0,"menu_order":0,"comment_status":"closed","ping_status":"closed","template":"","meta":{"footnotes":""},"class_list":["post-12478","page","type-page","status-publish","hentry"],"yoast_head":"<!-- This site is optimized with the Yoast SEO plugin v20.13 - https:\/\/yoast.com\/wordpress\/plugins\/seo\/ -->\n<title>Pami\u0105tki po patronie szko\u0142y, \u00a0najstarsze wpisy w historii szko\u0142y - ZSP w Chojnie<\/title>\n<meta name=\"robots\" content=\"index, follow, max-snippet:-1, max-image-preview:large, max-video-preview:-1\" \/>\n<link rel=\"canonical\" href=\"https:\/\/zsp1chojna.pl\/?page_id=12478\" \/>\n<meta property=\"og:locale\" content=\"pl_PL\" \/>\n<meta property=\"og:type\" content=\"article\" \/>\n<meta property=\"og:title\" content=\"Pami\u0105tki po patronie szko\u0142y, \u00a0najstarsze wpisy w historii szko\u0142y - ZSP w Chojnie\" \/>\n<meta property=\"og:url\" content=\"https:\/\/zsp1chojna.pl\/?page_id=12478\" \/>\n<meta property=\"og:site_name\" content=\"ZSP w Chojnie\" \/>\n<meta property=\"article:modified_time\" content=\"2025-01-05T13:53:38+00:00\" \/>\n<meta property=\"og:image\" content=\"https:\/\/zsp1chojna.pl\/wp-content\/uploads\/2025\/01\/pamiatki_tz_clip_image002.jpg\" \/>\n<meta name=\"twitter:card\" content=\"summary_large_image\" \/>\n<meta name=\"twitter:label1\" content=\"Szacowany czas czytania\" \/>\n\t<meta name=\"twitter:data1\" content=\"2 minuty\" \/>\n<script type=\"application\/ld+json\" class=\"yoast-schema-graph\">{\"@context\":\"https:\/\/schema.org\",\"@graph\":[{\"@type\":\"WebPage\",\"@id\":\"https:\/\/zsp1chojna.pl\/?page_id=12478\",\"url\":\"https:\/\/zsp1chojna.pl\/?page_id=12478\",\"name\":\"Pami\u0105tki po patronie szko\u0142y, \u00a0najstarsze wpisy w historii szko\u0142y - ZSP w Chojnie\",\"isPartOf\":{\"@id\":\"https:\/\/zsp1chojna.pl\/#website\"},\"datePublished\":\"2025-01-05T13:53:37+00:00\",\"dateModified\":\"2025-01-05T13:53:38+00:00\",\"breadcrumb\":{\"@id\":\"https:\/\/zsp1chojna.pl\/?page_id=12478#breadcrumb\"},\"inLanguage\":\"pl-PL\",\"potentialAction\":[{\"@type\":\"ReadAction\",\"target\":[\"https:\/\/zsp1chojna.pl\/?page_id=12478\"]}]},{\"@type\":\"BreadcrumbList\",\"@id\":\"https:\/\/zsp1chojna.pl\/?page_id=12478#breadcrumb\",\"itemListElement\":[{\"@type\":\"ListItem\",\"position\":1,\"name\":\"Home\",\"item\":\"https:\/\/zsp1chojna.pl\/\"},{\"@type\":\"ListItem\",\"position\":2,\"name\":\"Pami\u0105tki po patronie szko\u0142y, \u00a0najstarsze wpisy w historii szko\u0142y\"}]},{\"@type\":\"WebSite\",\"@id\":\"https:\/\/zsp1chojna.pl\/#website\",\"url\":\"https:\/\/zsp1chojna.pl\/\",\"name\":\"ZSP w Chojnie\",\"description\":\"\",\"publisher\":{\"@id\":\"https:\/\/zsp1chojna.pl\/#organization\"},\"potentialAction\":[{\"@type\":\"SearchAction\",\"target\":{\"@type\":\"EntryPoint\",\"urlTemplate\":\"https:\/\/zsp1chojna.pl\/?s={search_term_string}\"},\"query-input\":\"required name=search_term_string\"}],\"inLanguage\":\"pl-PL\"},{\"@type\":\"Organization\",\"@id\":\"https:\/\/zsp1chojna.pl\/#organization\",\"name\":\"ZSP w Chojnie\",\"url\":\"https:\/\/zsp1chojna.pl\/\",\"logo\":{\"@type\":\"ImageObject\",\"inLanguage\":\"pl-PL\",\"@id\":\"https:\/\/zsp1chojna.pl\/#\/schema\/logo\/image\/\",\"url\":\"https:\/\/zsp1chojna.pl\/wp-content\/uploads\/2023\/08\/cropped-cropped-cropped-Logo-biale-napis-na-3-wiersze_504-1.png\",\"contentUrl\":\"https:\/\/zsp1chojna.pl\/wp-content\/uploads\/2023\/08\/cropped-cropped-cropped-Logo-biale-napis-na-3-wiersze_504-1.png\",\"width\":504,\"height\":167,\"caption\":\"ZSP w Chojnie\"},\"image\":{\"@id\":\"https:\/\/zsp1chojna.pl\/#\/schema\/logo\/image\/\"}}]}<\/script>\n<!-- \/ Yoast SEO plugin. -->","yoast_head_json":{"title":"Pami\u0105tki po patronie szko\u0142y, \u00a0najstarsze wpisy w historii szko\u0142y - ZSP w Chojnie","robots":{"index":"index","follow":"follow","max-snippet":"max-snippet:-1","max-image-preview":"max-image-preview:large","max-video-preview":"max-video-preview:-1"},"canonical":"https:\/\/zsp1chojna.pl\/?page_id=12478","og_locale":"pl_PL","og_type":"article","og_title":"Pami\u0105tki po patronie szko\u0142y, \u00a0najstarsze wpisy w historii szko\u0142y - ZSP w Chojnie","og_url":"https:\/\/zsp1chojna.pl\/?page_id=12478","og_site_name":"ZSP w Chojnie","article_modified_time":"2025-01-05T13:53:38+00:00","og_image":[{"url":"https:\/\/zsp1chojna.pl\/wp-content\/uploads\/2025\/01\/pamiatki_tz_clip_image002.jpg"}],"twitter_card":"summary_large_image","twitter_misc":{"Szacowany czas czytania":"2 minuty"},"schema":{"@context":"https:\/\/schema.org","@graph":[{"@type":"WebPage","@id":"https:\/\/zsp1chojna.pl\/?page_id=12478","url":"https:\/\/zsp1chojna.pl\/?page_id=12478","name":"Pami\u0105tki po patronie szko\u0142y, \u00a0najstarsze wpisy w historii szko\u0142y - ZSP w Chojnie","isPartOf":{"@id":"https:\/\/zsp1chojna.pl\/#website"},"datePublished":"2025-01-05T13:53:37+00:00","dateModified":"2025-01-05T13:53:38+00:00","breadcrumb":{"@id":"https:\/\/zsp1chojna.pl\/?page_id=12478#breadcrumb"},"inLanguage":"pl-PL","potentialAction":[{"@type":"ReadAction","target":["https:\/\/zsp1chojna.pl\/?page_id=12478"]}]},{"@type":"BreadcrumbList","@id":"https:\/\/zsp1chojna.pl\/?page_id=12478#breadcrumb","itemListElement":[{"@type":"ListItem","position":1,"name":"Home","item":"https:\/\/zsp1chojna.pl\/"},{"@type":"ListItem","position":2,"name":"Pami\u0105tki po patronie szko\u0142y, \u00a0najstarsze wpisy w historii szko\u0142y"}]},{"@type":"WebSite","@id":"https:\/\/zsp1chojna.pl\/#website","url":"https:\/\/zsp1chojna.pl\/","name":"ZSP w Chojnie","description":"","publisher":{"@id":"https:\/\/zsp1chojna.pl\/#organization"},"potentialAction":[{"@type":"SearchAction","target":{"@type":"EntryPoint","urlTemplate":"https:\/\/zsp1chojna.pl\/?s={search_term_string}"},"query-input":"required name=search_term_string"}],"inLanguage":"pl-PL"},{"@type":"Organization","@id":"https:\/\/zsp1chojna.pl\/#organization","name":"ZSP w Chojnie","url":"https:\/\/zsp1chojna.pl\/","logo":{"@type":"ImageObject","inLanguage":"pl-PL","@id":"https:\/\/zsp1chojna.pl\/#\/schema\/logo\/image\/","url":"https:\/\/zsp1chojna.pl\/wp-content\/uploads\/2023\/08\/cropped-cropped-cropped-Logo-biale-napis-na-3-wiersze_504-1.png","contentUrl":"https:\/\/zsp1chojna.pl\/wp-content\/uploads\/2023\/08\/cropped-cropped-cropped-Logo-biale-napis-na-3-wiersze_504-1.png","width":504,"height":167,"caption":"ZSP w Chojnie"},"image":{"@id":"https:\/\/zsp1chojna.pl\/#\/schema\/logo\/image\/"}}]}},"_links":{"self":[{"href":"https:\/\/zsp1chojna.pl\/index.php?rest_route=\/wp\/v2\/pages\/12478","targetHints":{"allow":["GET"]}}],"collection":[{"href":"https:\/\/zsp1chojna.pl\/index.php?rest_route=\/wp\/v2\/pages"}],"about":[{"href":"https:\/\/zsp1chojna.pl\/index.php?rest_route=\/wp\/v2\/types\/page"}],"author":[{"embeddable":true,"href":"https:\/\/zsp1chojna.pl\/index.php?rest_route=\/wp\/v2\/users\/1"}],"replies":[{"embeddable":true,"href":"https:\/\/zsp1chojna.pl\/index.php?rest_route=%2Fwp%2Fv2%2Fcomments&post=12478"}],"version-history":[{"count":1,"href":"https:\/\/zsp1chojna.pl\/index.php?rest_route=\/wp\/v2\/pages\/12478\/revisions"}],"predecessor-version":[{"id":12485,"href":"https:\/\/zsp1chojna.pl\/index.php?rest_route=\/wp\/v2\/pages\/12478\/revisions\/12485"}],"wp:attachment":[{"href":"https:\/\/zsp1chojna.pl\/index.php?rest_route=%2Fwp%2Fv2%2Fmedia&parent=12478"}],"curies":[{"name":"wp","href":"https:\/\/api.w.org\/{rel}","templated":true}]}}