{"id":11762,"date":"2024-11-27T10:32:50","date_gmt":"2024-11-27T09:32:50","guid":{"rendered":"https:\/\/zsp1chojna.pl\/?page_id=11762"},"modified":"2025-01-22T10:55:47","modified_gmt":"2025-01-22T09:55:47","slug":"projekt-bezpieczenstwo-z-bankowosci-elektronicznej-i-mobilnej-opis","status":"publish","type":"page","link":"https:\/\/zsp1chojna.pl\/?page_id=11762","title":{"rendered":"Projekt \u201eBezpiecze\u0144stwo w\u00a0bankowo\u015bci elektronicznej i\u00a0mobilnej\u201d\u00a0&#8211; opis"},"content":{"rendered":"<div class=\"wp-block-image\">\n<figure class=\"aligncenter size-full\"><img loading=\"lazy\" decoding=\"async\" width=\"695\" height=\"138\" data-attachment-id=\"11763\" data-permalink=\"https:\/\/zsp1chojna.pl\/?attachment_id=11763\" data-orig-file=\"https:\/\/zsp1chojna.pl\/wp-content\/uploads\/2024\/11\/Patronat-ZUT-bank.png\" data-orig-size=\"695,138\" data-comments-opened=\"1\" data-image-meta=\"{&quot;aperture&quot;:&quot;0&quot;,&quot;credit&quot;:&quot;&quot;,&quot;camera&quot;:&quot;&quot;,&quot;caption&quot;:&quot;&quot;,&quot;created_timestamp&quot;:&quot;0&quot;,&quot;copyright&quot;:&quot;&quot;,&quot;focal_length&quot;:&quot;0&quot;,&quot;iso&quot;:&quot;0&quot;,&quot;shutter_speed&quot;:&quot;0&quot;,&quot;title&quot;:&quot;&quot;,&quot;orientation&quot;:&quot;0&quot;}\" data-image-title=\"Patronat-ZUT-bank\" data-image-description=\"\" data-image-caption=\"\" data-medium-file=\"https:\/\/zsp1chojna.pl\/wp-content\/uploads\/2024\/11\/Patronat-ZUT-bank-300x60.png\" data-large-file=\"https:\/\/zsp1chojna.pl\/wp-content\/uploads\/2024\/11\/Patronat-ZUT-bank.png\" src=\"https:\/\/zsp1chojna.pl\/wp-content\/uploads\/2024\/11\/Patronat-ZUT-bank.png\" alt=\"\" class=\"wp-image-11763\" srcset=\"https:\/\/zsp1chojna.pl\/wp-content\/uploads\/2024\/11\/Patronat-ZUT-bank.png 695w, https:\/\/zsp1chojna.pl\/wp-content\/uploads\/2024\/11\/Patronat-ZUT-bank-300x60.png 300w, https:\/\/zsp1chojna.pl\/wp-content\/uploads\/2024\/11\/Patronat-ZUT-bank-624x124.png 624w\" sizes=\"auto, (max-width: 695px) 100vw, 695px\" \/><\/figure>\n<\/div>\n\n\n<p class=\"has-text-align-center\"><strong>Projekt realizowany z Narodowym Bankiem Polskim w ramach programu edukacji ekonomicznej.<\/strong><\/p>\n\n\n\n<p class=\"has-text-align-justify\">Zesp\u00f3\u0142 Szk\u00f3\u0142 Ponadpodstawowych w Chojnie, jako jedna z 8 szk\u00f3\u0142&nbsp; \u015brednich wojew\u00f3dztwa zachodniopomorskiego bierze udzia\u0142 w projekcie edukacyjnym \u201eBezpiecze\u0144stwo w bankowo\u015bci elektronicznej i mobilnej\u201d, realizowanym przez Wydzia\u0142 Ekonomiczny Zachodniopomorskiego Uniwersytetu Technologicznego w Szczecinie, wsp\u00f3\u0142finasowanym ze \u015brodk\u00f3w z Narodowego Banku Polskiego O\/Szczecin. Koordynatorem projektu jest dr Dawid Dawidowicz z Katedry Ekonomii, Finans\u00f3w i Rachunkowo\u015bci Wydzia\u0142u Ekonomicznego&nbsp; ZUT w Szczecinie.<\/p>\n\n\n\n<p class=\"has-text-align-justify\">Celem projektu \u201eBezpiecze\u0144stwo w bankowo\u015bci elektronicznej i mobilnej\u201d jest przeprowadzenie wyk\u0142ad\u00f3w dla 8 szk\u00f3\u0142 \u015brednich z terenu wojew\u00f3dztwa zachodniopomorskiego po\u015bwi\u0119conych zagro\u017ceniom zwi\u0105zanym z korzystaniem z bankowo\u015bci elektronicznej oraz mobilnej, a tak\u017ce tych zwi\u0105zanych z korzystaniem z bankomat\u00f3w. W ramach projektu organizowany jest konkurs &#8211; test wiedzy uczni\u00f3w z zakresu bezpiecze\u0144stwa korzystania z bankowo\u015bci elektronicznej, po\u0142\u0105czony z przedstawieniem w\u0142asnego pomys\u0142u na \u00a0nowe zabezpieczenie w bankowo\u015bci elektronicznej. <\/p>\n\n\n\n<p class=\"has-text-align-justify\">Po ka\u017cdym wyk\u0142adzie planowane jest nagrodzenie osoby, kt\u00f3ra jako pierwsza udzieli prawid\u0142owej odpowiedzi na pytanie zwi\u0105zane z poruszanymi na wyk\u0142adzie zagadnieniami.<\/p>\n\n\n\n<p class=\"has-text-align-justify\">Nagrod\u0105 g\u0142\u00f3wn\u0105 w konkursie jest zaproszenie grupy 30 uczni\u00f3w wraz z nauczycielami na Wydzia\u0142 Ekonomiczny ZUT oraz do oddzia\u0142u NBP w Szczecinie. Na Wydziale Ekonomicznym ZUT w Szczecinie odb\u0119dzie si\u0119 wyk\u0142ad ko\u0144cz\u0105cy projekt oraz og\u0142oszenie zwyci\u0119zcy konkursu na najciekawszy pomys\u0142 na nowe zabezpieczenie w bankowo\u015bci elektronicznej. W oddziale NBP w Szczecinie dla uczni\u00f3w zostan\u0105 przeprowadzone warsztaty z rozpoznawania zabezpiecze\u0144 znak\u00f3w pieni\u0119\u017cnych.<\/p>\n\n\n\n<p>Nagrodzonym uczniom i opiekunom realizatorzy projektu zapewniaj\u0105 transport i catering. Do udzia\u0142u w projekcie w naszej szkole zostali wytypowani uczniowie trzecich klas technikum.<\/p>\n\n\n\n<p class=\"has-text-align-right\">mgr Agnieszka Bylewska<\/p>\n","protected":false},"excerpt":{"rendered":"<p>Projekt realizowany z Narodowym Bankiem Polskim w ramach programu edukacji ekonomicznej. Zesp\u00f3\u0142 Szk\u00f3\u0142 Ponadpodstawowych w Chojnie, jako jedna z 8 szk\u00f3\u0142&nbsp; \u015brednich wojew\u00f3dztwa zachodniopomorskiego bierze udzia\u0142 w projekcie edukacyjnym \u201eBezpiecze\u0144stwo [&hellip;]<\/p>\n","protected":false},"author":1,"featured_media":0,"parent":0,"menu_order":0,"comment_status":"closed","ping_status":"closed","template":"","meta":{"footnotes":""},"class_list":["post-11762","page","type-page","status-publish","hentry"],"yoast_head":"<!-- This site is optimized with the Yoast SEO plugin v20.13 - https:\/\/yoast.com\/wordpress\/plugins\/seo\/ -->\n<title>Projekt \u201eBezpiecze\u0144stwo w\u00a0bankowo\u015bci elektronicznej i\u00a0mobilnej\u201d\u00a0- opis - ZSP w Chojnie<\/title>\n<meta name=\"robots\" content=\"index, follow, max-snippet:-1, max-image-preview:large, max-video-preview:-1\" \/>\n<link rel=\"canonical\" href=\"https:\/\/zsp1chojna.pl\/?page_id=11762\" \/>\n<meta property=\"og:locale\" content=\"pl_PL\" \/>\n<meta property=\"og:type\" content=\"article\" \/>\n<meta property=\"og:title\" content=\"Projekt \u201eBezpiecze\u0144stwo w\u00a0bankowo\u015bci elektronicznej i\u00a0mobilnej\u201d\u00a0- opis - ZSP w Chojnie\" \/>\n<meta property=\"og:description\" content=\"Projekt realizowany z Narodowym Bankiem Polskim w ramach programu edukacji ekonomicznej. Zesp\u00f3\u0142 Szk\u00f3\u0142 Ponadpodstawowych w Chojnie, jako jedna z 8 szk\u00f3\u0142&nbsp; \u015brednich wojew\u00f3dztwa zachodniopomorskiego bierze udzia\u0142 w projekcie edukacyjnym \u201eBezpiecze\u0144stwo [&hellip;]\" \/>\n<meta property=\"og:url\" content=\"https:\/\/zsp1chojna.pl\/?page_id=11762\" \/>\n<meta property=\"og:site_name\" content=\"ZSP w Chojnie\" \/>\n<meta property=\"article:modified_time\" content=\"2025-01-22T09:55:47+00:00\" \/>\n<meta property=\"og:image\" content=\"https:\/\/zsp1chojna.pl\/wp-content\/uploads\/2024\/11\/Patronat-ZUT-bank.png\" \/>\n<meta name=\"twitter:card\" content=\"summary_large_image\" \/>\n<meta name=\"twitter:label1\" content=\"Szacowany czas czytania\" \/>\n\t<meta name=\"twitter:data1\" content=\"2 minuty\" \/>\n<script type=\"application\/ld+json\" class=\"yoast-schema-graph\">{\"@context\":\"https:\/\/schema.org\",\"@graph\":[{\"@type\":\"WebPage\",\"@id\":\"https:\/\/zsp1chojna.pl\/?page_id=11762\",\"url\":\"https:\/\/zsp1chojna.pl\/?page_id=11762\",\"name\":\"Projekt \u201eBezpiecze\u0144stwo w\u00a0bankowo\u015bci elektronicznej i\u00a0mobilnej\u201d\u00a0- opis - ZSP w Chojnie\",\"isPartOf\":{\"@id\":\"https:\/\/zsp1chojna.pl\/#website\"},\"datePublished\":\"2024-11-27T09:32:50+00:00\",\"dateModified\":\"2025-01-22T09:55:47+00:00\",\"breadcrumb\":{\"@id\":\"https:\/\/zsp1chojna.pl\/?page_id=11762#breadcrumb\"},\"inLanguage\":\"pl-PL\",\"potentialAction\":[{\"@type\":\"ReadAction\",\"target\":[\"https:\/\/zsp1chojna.pl\/?page_id=11762\"]}]},{\"@type\":\"BreadcrumbList\",\"@id\":\"https:\/\/zsp1chojna.pl\/?page_id=11762#breadcrumb\",\"itemListElement\":[{\"@type\":\"ListItem\",\"position\":1,\"name\":\"Home\",\"item\":\"https:\/\/zsp1chojna.pl\/\"},{\"@type\":\"ListItem\",\"position\":2,\"name\":\"Projekt \u201eBezpiecze\u0144stwo w\u00a0bankowo\u015bci elektronicznej i\u00a0mobilnej\u201d\u00a0&#8211; opis\"}]},{\"@type\":\"WebSite\",\"@id\":\"https:\/\/zsp1chojna.pl\/#website\",\"url\":\"https:\/\/zsp1chojna.pl\/\",\"name\":\"ZSP w Chojnie\",\"description\":\"\",\"publisher\":{\"@id\":\"https:\/\/zsp1chojna.pl\/#organization\"},\"potentialAction\":[{\"@type\":\"SearchAction\",\"target\":{\"@type\":\"EntryPoint\",\"urlTemplate\":\"https:\/\/zsp1chojna.pl\/?s={search_term_string}\"},\"query-input\":\"required name=search_term_string\"}],\"inLanguage\":\"pl-PL\"},{\"@type\":\"Organization\",\"@id\":\"https:\/\/zsp1chojna.pl\/#organization\",\"name\":\"ZSP w Chojnie\",\"url\":\"https:\/\/zsp1chojna.pl\/\",\"logo\":{\"@type\":\"ImageObject\",\"inLanguage\":\"pl-PL\",\"@id\":\"https:\/\/zsp1chojna.pl\/#\/schema\/logo\/image\/\",\"url\":\"https:\/\/zsp1chojna.pl\/wp-content\/uploads\/2023\/08\/cropped-cropped-cropped-Logo-biale-napis-na-3-wiersze_504-1.png\",\"contentUrl\":\"https:\/\/zsp1chojna.pl\/wp-content\/uploads\/2023\/08\/cropped-cropped-cropped-Logo-biale-napis-na-3-wiersze_504-1.png\",\"width\":504,\"height\":167,\"caption\":\"ZSP w Chojnie\"},\"image\":{\"@id\":\"https:\/\/zsp1chojna.pl\/#\/schema\/logo\/image\/\"}}]}<\/script>\n<!-- \/ Yoast SEO plugin. -->","yoast_head_json":{"title":"Projekt \u201eBezpiecze\u0144stwo w\u00a0bankowo\u015bci elektronicznej i\u00a0mobilnej\u201d\u00a0- opis - ZSP w Chojnie","robots":{"index":"index","follow":"follow","max-snippet":"max-snippet:-1","max-image-preview":"max-image-preview:large","max-video-preview":"max-video-preview:-1"},"canonical":"https:\/\/zsp1chojna.pl\/?page_id=11762","og_locale":"pl_PL","og_type":"article","og_title":"Projekt \u201eBezpiecze\u0144stwo w\u00a0bankowo\u015bci elektronicznej i\u00a0mobilnej\u201d\u00a0- opis - ZSP w Chojnie","og_description":"Projekt realizowany z Narodowym Bankiem Polskim w ramach programu edukacji ekonomicznej. Zesp\u00f3\u0142 Szk\u00f3\u0142 Ponadpodstawowych w Chojnie, jako jedna z 8 szk\u00f3\u0142&nbsp; \u015brednich wojew\u00f3dztwa zachodniopomorskiego bierze udzia\u0142 w projekcie edukacyjnym \u201eBezpiecze\u0144stwo [&hellip;]","og_url":"https:\/\/zsp1chojna.pl\/?page_id=11762","og_site_name":"ZSP w Chojnie","article_modified_time":"2025-01-22T09:55:47+00:00","og_image":[{"url":"https:\/\/zsp1chojna.pl\/wp-content\/uploads\/2024\/11\/Patronat-ZUT-bank.png"}],"twitter_card":"summary_large_image","twitter_misc":{"Szacowany czas czytania":"2 minuty"},"schema":{"@context":"https:\/\/schema.org","@graph":[{"@type":"WebPage","@id":"https:\/\/zsp1chojna.pl\/?page_id=11762","url":"https:\/\/zsp1chojna.pl\/?page_id=11762","name":"Projekt \u201eBezpiecze\u0144stwo w\u00a0bankowo\u015bci elektronicznej i\u00a0mobilnej\u201d\u00a0- opis - ZSP w Chojnie","isPartOf":{"@id":"https:\/\/zsp1chojna.pl\/#website"},"datePublished":"2024-11-27T09:32:50+00:00","dateModified":"2025-01-22T09:55:47+00:00","breadcrumb":{"@id":"https:\/\/zsp1chojna.pl\/?page_id=11762#breadcrumb"},"inLanguage":"pl-PL","potentialAction":[{"@type":"ReadAction","target":["https:\/\/zsp1chojna.pl\/?page_id=11762"]}]},{"@type":"BreadcrumbList","@id":"https:\/\/zsp1chojna.pl\/?page_id=11762#breadcrumb","itemListElement":[{"@type":"ListItem","position":1,"name":"Home","item":"https:\/\/zsp1chojna.pl\/"},{"@type":"ListItem","position":2,"name":"Projekt \u201eBezpiecze\u0144stwo w\u00a0bankowo\u015bci elektronicznej i\u00a0mobilnej\u201d\u00a0&#8211; opis"}]},{"@type":"WebSite","@id":"https:\/\/zsp1chojna.pl\/#website","url":"https:\/\/zsp1chojna.pl\/","name":"ZSP w Chojnie","description":"","publisher":{"@id":"https:\/\/zsp1chojna.pl\/#organization"},"potentialAction":[{"@type":"SearchAction","target":{"@type":"EntryPoint","urlTemplate":"https:\/\/zsp1chojna.pl\/?s={search_term_string}"},"query-input":"required name=search_term_string"}],"inLanguage":"pl-PL"},{"@type":"Organization","@id":"https:\/\/zsp1chojna.pl\/#organization","name":"ZSP w Chojnie","url":"https:\/\/zsp1chojna.pl\/","logo":{"@type":"ImageObject","inLanguage":"pl-PL","@id":"https:\/\/zsp1chojna.pl\/#\/schema\/logo\/image\/","url":"https:\/\/zsp1chojna.pl\/wp-content\/uploads\/2023\/08\/cropped-cropped-cropped-Logo-biale-napis-na-3-wiersze_504-1.png","contentUrl":"https:\/\/zsp1chojna.pl\/wp-content\/uploads\/2023\/08\/cropped-cropped-cropped-Logo-biale-napis-na-3-wiersze_504-1.png","width":504,"height":167,"caption":"ZSP w Chojnie"},"image":{"@id":"https:\/\/zsp1chojna.pl\/#\/schema\/logo\/image\/"}}]}},"_links":{"self":[{"href":"https:\/\/zsp1chojna.pl\/index.php?rest_route=\/wp\/v2\/pages\/11762","targetHints":{"allow":["GET"]}}],"collection":[{"href":"https:\/\/zsp1chojna.pl\/index.php?rest_route=\/wp\/v2\/pages"}],"about":[{"href":"https:\/\/zsp1chojna.pl\/index.php?rest_route=\/wp\/v2\/types\/page"}],"author":[{"embeddable":true,"href":"https:\/\/zsp1chojna.pl\/index.php?rest_route=\/wp\/v2\/users\/1"}],"replies":[{"embeddable":true,"href":"https:\/\/zsp1chojna.pl\/index.php?rest_route=%2Fwp%2Fv2%2Fcomments&post=11762"}],"version-history":[{"count":2,"href":"https:\/\/zsp1chojna.pl\/index.php?rest_route=\/wp\/v2\/pages\/11762\/revisions"}],"predecessor-version":[{"id":12683,"href":"https:\/\/zsp1chojna.pl\/index.php?rest_route=\/wp\/v2\/pages\/11762\/revisions\/12683"}],"wp:attachment":[{"href":"https:\/\/zsp1chojna.pl\/index.php?rest_route=%2Fwp%2Fv2%2Fmedia&parent=11762"}],"curies":[{"name":"wp","href":"https:\/\/api.w.org\/{rel}","templated":true}]}}