{"id":11394,"date":"2024-11-04T08:39:50","date_gmt":"2024-11-04T07:39:50","guid":{"rendered":"https:\/\/zsp1chojna.pl\/?page_id=11394"},"modified":"2024-11-04T08:39:51","modified_gmt":"2024-11-04T07:39:51","slug":"rok-2010-zasadnicza-szkola-zawodowa","status":"publish","type":"page","link":"https:\/\/zsp1chojna.pl\/?page_id=11394","title":{"rendered":"Rok 2010 \u2013 Zasadnicza Szko\u0142a Zawodowa"},"content":{"rendered":"<style>.kadence-column11394_1ef269-4f > .kt-inside-inner-col,.kadence-column11394_1ef269-4f > .kt-inside-inner-col:before{border-top-left-radius:0px;border-top-right-radius:0px;border-bottom-right-radius:0px;border-bottom-left-radius:0px;}.kadence-column11394_1ef269-4f > .kt-inside-inner-col:before{opacity:0.3;}.kadence-column11394_1ef269-4f{position:relative;}<\/style>\n<div class=\"wp-block-kadence-column kadence-column11394_1ef269-4f\"><div class=\"kt-inside-inner-col\">\n<div class=\"wp-block-columns is-layout-flex wp-container-core-columns-is-layout-9d6595d7 wp-block-columns-is-layout-flex\">\n<div class=\"wp-block-column is-layout-flow wp-block-column-is-layout-flow\">\n<p><strong>Klasa III<br>Mechanik pojazd\u00f3w samochodowych<br>Wychowawca mgr\u00a0Krystyna Stasiak<\/strong><\/p>\n\n\n\n<p>Babicki Dawid<br>Borowski Tomasz<br>Dziedzic Arkadiusz<br>Golis Pawe\u0142<br>Jaruszewski Marcin<br>Kad\u0142ubek Mateusz<br>Kantor Leszek<br>Komaszyn Damian<br>Kr\u00f3lik Andrzej<br>Kuta Krzysztof<br>Kwa\u015bniewski \u0141ukasz<br>Lenar Bart\u0142omiej<br>Lisiecki Pawe\u0142<br>Lisiecki Piotr<br>Ma\u0144kowski Krzysztof<br>Nogie\u0107 Aleksander<br>Nowicki Micha\u0142<br>P\u0142otka Dawid<br>Powa\u017ca Micha\u0142<br>Prucnal Maciej<br>Roman Damian<br>Ryszkowski Szymon<br>Soroczy\u0144ski Rafa\u0142<br>Tarnowski Kamil<br>Turek Micha\u0142<br>Waliczek Mateusz<br>Wi\u015bniewski Pawe\u0142<br>Zacharewicz Wojciech<br>Zaracki \u0141ukasz<\/p>\n<\/div>\n\n\n\n<div class=\"wp-block-column is-layout-flow wp-block-column-is-layout-flow\">\n<p><strong>Klasa II a<br>Wielozawodowa<br>Wychowawca mgr\u00a0Anna Rudkiewicz-Surmacz<\/strong><\/p>\n\n\n\n<p>Bronakowski Mariusz<br>Bugalska Barbara<br>Gawi\u0144ski Daniel<br>Grabowicz Joanna<br>Jakubowska Natalia<br>Jaworska Joanna<br>Kabzi\u0144ska Wioleta<br>Kalisz Magdalena<br>Ko\u0144cub Mateusz<br>Kornecka Paulina<br>Kornecki Dawid<br>Korybalska Roksana<br>Kubaj Anna<br>\u0141yczko Krzysztofa<br>Maciaszek Anna<br>Michalczyszyn Ewa<br>Niemiec Danuta<br>Nowaczyk Bo\u017cena<br>R\u00f3\u017calski Damian<br>Senko Marta<br>Stegenda Katarzyna<br>Szumi\u0142o Malwina<br>Szyma\u0144ska Eryka<br>\u015awi\u0119tek Adriana<\/p>\n<\/div>\n<\/div>\n\n\n\n<div class=\"wp-block-columns is-layout-flex wp-container-core-columns-is-layout-9d6595d7 wp-block-columns-is-layout-flex\">\n<div class=\"wp-block-column is-layout-flow wp-block-column-is-layout-flow\">\n<p><strong>Klasa III<br>Wielozawodowa<\/strong><br><strong>Wychowawca mgr\u00a0Barbara No\u017cewnik<\/strong><\/p>\n\n\n\n<p>B\u0105k Aleksandra<br>Bednarczyk Kamila<br>B\u0142awat Marlena<br>Bugaj Mariusz<br>Chimiak Adrian<br>Czuchrowska Paulina<br>Dudek Milena<br>Fidut Jagoda<br>Gabrowski \u0141ukasz<br>G\u0142adkowski Maciej<br>Hrycaj Monika<br>Kaczy\u0144ska Marta<br>Kie\u0142basa Ma\u0142gorzata<br>Kupidura Magdalena<br>Kwa\u015bniewska Emilia<br>Lato Dariusz<br>Lipi\u0144ska Natalia<br>Martys Rados\u0142aw<br>Mirkiewicz Przemys\u0142aw<br>Nowaczyk Gra\u017cyna<br>Serewa Kornelia<br>Skro\u0144ska Justyna<br>\u015awi\u0105tek Patrycja<br>W\u0119gier Paulina<br>Wiktoruk Justyna<br>Zalas Natalia<br>Zawada Barbara<br>Z\u0142otnicka Natalia<\/p>\n<\/div>\n\n\n\n<div class=\"wp-block-column is-layout-flow wp-block-column-is-layout-flow\">\n<p><strong>Klasa III<br>Stolarz<br>Wychowawca mgr\u00a0Grzegorz Michasiuk<\/strong><\/p>\n\n\n\n<p>Bagi\u0144ski Marcin<br>Bakalarczyk Rafa\u0142<br>Bielawski Adam<br>Bociek Marcin<br>Fa\u0142at Przemys\u0142aw<br>Hajda\u015b Pawe\u0142<br>Iskra Daniel<br>Janicki Adam<br>Ko\u0142odziejczyk \u0141ukasz<br>Kr\u0105p Kazimierz<br>Kucharczyk Krzysztof<br>Majewski Andrzej<br>Perzyna Damian<br>Pi\u0105tkowski Mateusz<br>Prysak Andrzej<br>Rados Maciej<br>Rzechaczek Tomasz<br>\u015awierczek Tomasz<br>\u015awi\u0119tek Bart\u0142omiej<br>Wo\u017aniak Krzysztof<br>Zawadzki Piotr<br>Zielas Przemys\u0142aw<\/p>\n<\/div>\n<\/div>\n<\/div><\/div>\n","protected":false},"excerpt":{"rendered":"<p>Klasa IIIMechanik pojazd\u00f3w samochodowychWychowawca mgr\u00a0Krystyna Stasiak Babicki DawidBorowski TomaszDziedzic ArkadiuszGolis Pawe\u0142Jaruszewski MarcinKad\u0142ubek MateuszKantor LeszekKomaszyn DamianKr\u00f3lik AndrzejKuta KrzysztofKwa\u015bniewski \u0141ukaszLenar Bart\u0142omiejLisiecki Pawe\u0142Lisiecki PiotrMa\u0144kowski KrzysztofNogie\u0107 AleksanderNowicki Micha\u0142P\u0142otka DawidPowa\u017ca Micha\u0142Prucnal MaciejRoman DamianRyszkowski SzymonSoroczy\u0144ski Rafa\u0142Tarnowski [&hellip;]<\/p>\n","protected":false},"author":8,"featured_media":0,"parent":0,"menu_order":0,"comment_status":"closed","ping_status":"closed","template":"","meta":{"footnotes":""},"class_list":["post-11394","page","type-page","status-publish","hentry"],"yoast_head":"<!-- This site is optimized with the Yoast SEO plugin v20.13 - https:\/\/yoast.com\/wordpress\/plugins\/seo\/ -->\n<title>Rok 2010 \u2013 Zasadnicza Szko\u0142a Zawodowa - ZSP w Chojnie<\/title>\n<meta name=\"robots\" content=\"index, follow, max-snippet:-1, max-image-preview:large, max-video-preview:-1\" \/>\n<link rel=\"canonical\" href=\"https:\/\/zsp1chojna.pl\/?page_id=11394\" \/>\n<meta property=\"og:locale\" content=\"pl_PL\" \/>\n<meta property=\"og:type\" content=\"article\" \/>\n<meta property=\"og:title\" content=\"Rok 2010 \u2013 Zasadnicza Szko\u0142a Zawodowa - ZSP w Chojnie\" \/>\n<meta property=\"og:description\" content=\"Klasa IIIMechanik pojazd\u00f3w samochodowychWychowawca mgr\u00a0Krystyna Stasiak Babicki DawidBorowski TomaszDziedzic ArkadiuszGolis Pawe\u0142Jaruszewski MarcinKad\u0142ubek MateuszKantor LeszekKomaszyn DamianKr\u00f3lik AndrzejKuta KrzysztofKwa\u015bniewski \u0141ukaszLenar Bart\u0142omiejLisiecki Pawe\u0142Lisiecki PiotrMa\u0144kowski KrzysztofNogie\u0107 AleksanderNowicki Micha\u0142P\u0142otka DawidPowa\u017ca Micha\u0142Prucnal MaciejRoman DamianRyszkowski SzymonSoroczy\u0144ski Rafa\u0142Tarnowski [&hellip;]\" \/>\n<meta property=\"og:url\" content=\"https:\/\/zsp1chojna.pl\/?page_id=11394\" \/>\n<meta property=\"og:site_name\" content=\"ZSP w Chojnie\" \/>\n<meta property=\"article:modified_time\" content=\"2024-11-04T07:39:51+00:00\" \/>\n<meta name=\"twitter:card\" content=\"summary_large_image\" \/>\n<meta name=\"twitter:label1\" content=\"Szacowany czas czytania\" \/>\n\t<meta name=\"twitter:data1\" content=\"2 minuty\" \/>\n<script type=\"application\/ld+json\" class=\"yoast-schema-graph\">{\"@context\":\"https:\/\/schema.org\",\"@graph\":[{\"@type\":\"WebPage\",\"@id\":\"https:\/\/zsp1chojna.pl\/?page_id=11394\",\"url\":\"https:\/\/zsp1chojna.pl\/?page_id=11394\",\"name\":\"Rok 2010 \u2013 Zasadnicza Szko\u0142a Zawodowa - ZSP w Chojnie\",\"isPartOf\":{\"@id\":\"https:\/\/zsp1chojna.pl\/#website\"},\"datePublished\":\"2024-11-04T07:39:50+00:00\",\"dateModified\":\"2024-11-04T07:39:51+00:00\",\"breadcrumb\":{\"@id\":\"https:\/\/zsp1chojna.pl\/?page_id=11394#breadcrumb\"},\"inLanguage\":\"pl-PL\",\"potentialAction\":[{\"@type\":\"ReadAction\",\"target\":[\"https:\/\/zsp1chojna.pl\/?page_id=11394\"]}]},{\"@type\":\"BreadcrumbList\",\"@id\":\"https:\/\/zsp1chojna.pl\/?page_id=11394#breadcrumb\",\"itemListElement\":[{\"@type\":\"ListItem\",\"position\":1,\"name\":\"Home\",\"item\":\"https:\/\/zsp1chojna.pl\/\"},{\"@type\":\"ListItem\",\"position\":2,\"name\":\"Rok 2010 \u2013 Zasadnicza Szko\u0142a Zawodowa\"}]},{\"@type\":\"WebSite\",\"@id\":\"https:\/\/zsp1chojna.pl\/#website\",\"url\":\"https:\/\/zsp1chojna.pl\/\",\"name\":\"ZSP w Chojnie\",\"description\":\"\",\"publisher\":{\"@id\":\"https:\/\/zsp1chojna.pl\/#organization\"},\"potentialAction\":[{\"@type\":\"SearchAction\",\"target\":{\"@type\":\"EntryPoint\",\"urlTemplate\":\"https:\/\/zsp1chojna.pl\/?s={search_term_string}\"},\"query-input\":\"required name=search_term_string\"}],\"inLanguage\":\"pl-PL\"},{\"@type\":\"Organization\",\"@id\":\"https:\/\/zsp1chojna.pl\/#organization\",\"name\":\"ZSP w Chojnie\",\"url\":\"https:\/\/zsp1chojna.pl\/\",\"logo\":{\"@type\":\"ImageObject\",\"inLanguage\":\"pl-PL\",\"@id\":\"https:\/\/zsp1chojna.pl\/#\/schema\/logo\/image\/\",\"url\":\"https:\/\/zsp1chojna.pl\/wp-content\/uploads\/2023\/08\/cropped-cropped-cropped-Logo-biale-napis-na-3-wiersze_504-1.png\",\"contentUrl\":\"https:\/\/zsp1chojna.pl\/wp-content\/uploads\/2023\/08\/cropped-cropped-cropped-Logo-biale-napis-na-3-wiersze_504-1.png\",\"width\":504,\"height\":167,\"caption\":\"ZSP w Chojnie\"},\"image\":{\"@id\":\"https:\/\/zsp1chojna.pl\/#\/schema\/logo\/image\/\"}}]}<\/script>\n<!-- \/ Yoast SEO plugin. -->","yoast_head_json":{"title":"Rok 2010 \u2013 Zasadnicza Szko\u0142a Zawodowa - ZSP w Chojnie","robots":{"index":"index","follow":"follow","max-snippet":"max-snippet:-1","max-image-preview":"max-image-preview:large","max-video-preview":"max-video-preview:-1"},"canonical":"https:\/\/zsp1chojna.pl\/?page_id=11394","og_locale":"pl_PL","og_type":"article","og_title":"Rok 2010 \u2013 Zasadnicza Szko\u0142a Zawodowa - ZSP w Chojnie","og_description":"Klasa IIIMechanik pojazd\u00f3w samochodowychWychowawca mgr\u00a0Krystyna Stasiak Babicki DawidBorowski TomaszDziedzic ArkadiuszGolis Pawe\u0142Jaruszewski MarcinKad\u0142ubek MateuszKantor LeszekKomaszyn DamianKr\u00f3lik AndrzejKuta KrzysztofKwa\u015bniewski \u0141ukaszLenar Bart\u0142omiejLisiecki Pawe\u0142Lisiecki PiotrMa\u0144kowski KrzysztofNogie\u0107 AleksanderNowicki Micha\u0142P\u0142otka DawidPowa\u017ca Micha\u0142Prucnal MaciejRoman DamianRyszkowski SzymonSoroczy\u0144ski Rafa\u0142Tarnowski [&hellip;]","og_url":"https:\/\/zsp1chojna.pl\/?page_id=11394","og_site_name":"ZSP w Chojnie","article_modified_time":"2024-11-04T07:39:51+00:00","twitter_card":"summary_large_image","twitter_misc":{"Szacowany czas czytania":"2 minuty"},"schema":{"@context":"https:\/\/schema.org","@graph":[{"@type":"WebPage","@id":"https:\/\/zsp1chojna.pl\/?page_id=11394","url":"https:\/\/zsp1chojna.pl\/?page_id=11394","name":"Rok 2010 \u2013 Zasadnicza Szko\u0142a Zawodowa - ZSP w Chojnie","isPartOf":{"@id":"https:\/\/zsp1chojna.pl\/#website"},"datePublished":"2024-11-04T07:39:50+00:00","dateModified":"2024-11-04T07:39:51+00:00","breadcrumb":{"@id":"https:\/\/zsp1chojna.pl\/?page_id=11394#breadcrumb"},"inLanguage":"pl-PL","potentialAction":[{"@type":"ReadAction","target":["https:\/\/zsp1chojna.pl\/?page_id=11394"]}]},{"@type":"BreadcrumbList","@id":"https:\/\/zsp1chojna.pl\/?page_id=11394#breadcrumb","itemListElement":[{"@type":"ListItem","position":1,"name":"Home","item":"https:\/\/zsp1chojna.pl\/"},{"@type":"ListItem","position":2,"name":"Rok 2010 \u2013 Zasadnicza Szko\u0142a Zawodowa"}]},{"@type":"WebSite","@id":"https:\/\/zsp1chojna.pl\/#website","url":"https:\/\/zsp1chojna.pl\/","name":"ZSP w Chojnie","description":"","publisher":{"@id":"https:\/\/zsp1chojna.pl\/#organization"},"potentialAction":[{"@type":"SearchAction","target":{"@type":"EntryPoint","urlTemplate":"https:\/\/zsp1chojna.pl\/?s={search_term_string}"},"query-input":"required name=search_term_string"}],"inLanguage":"pl-PL"},{"@type":"Organization","@id":"https:\/\/zsp1chojna.pl\/#organization","name":"ZSP w Chojnie","url":"https:\/\/zsp1chojna.pl\/","logo":{"@type":"ImageObject","inLanguage":"pl-PL","@id":"https:\/\/zsp1chojna.pl\/#\/schema\/logo\/image\/","url":"https:\/\/zsp1chojna.pl\/wp-content\/uploads\/2023\/08\/cropped-cropped-cropped-Logo-biale-napis-na-3-wiersze_504-1.png","contentUrl":"https:\/\/zsp1chojna.pl\/wp-content\/uploads\/2023\/08\/cropped-cropped-cropped-Logo-biale-napis-na-3-wiersze_504-1.png","width":504,"height":167,"caption":"ZSP w Chojnie"},"image":{"@id":"https:\/\/zsp1chojna.pl\/#\/schema\/logo\/image\/"}}]}},"_links":{"self":[{"href":"https:\/\/zsp1chojna.pl\/index.php?rest_route=\/wp\/v2\/pages\/11394","targetHints":{"allow":["GET"]}}],"collection":[{"href":"https:\/\/zsp1chojna.pl\/index.php?rest_route=\/wp\/v2\/pages"}],"about":[{"href":"https:\/\/zsp1chojna.pl\/index.php?rest_route=\/wp\/v2\/types\/page"}],"author":[{"embeddable":true,"href":"https:\/\/zsp1chojna.pl\/index.php?rest_route=\/wp\/v2\/users\/8"}],"replies":[{"embeddable":true,"href":"https:\/\/zsp1chojna.pl\/index.php?rest_route=%2Fwp%2Fv2%2Fcomments&post=11394"}],"version-history":[{"count":1,"href":"https:\/\/zsp1chojna.pl\/index.php?rest_route=\/wp\/v2\/pages\/11394\/revisions"}],"predecessor-version":[{"id":11396,"href":"https:\/\/zsp1chojna.pl\/index.php?rest_route=\/wp\/v2\/pages\/11394\/revisions\/11396"}],"wp:attachment":[{"href":"https:\/\/zsp1chojna.pl\/index.php?rest_route=%2Fwp%2Fv2%2Fmedia&parent=11394"}],"curies":[{"name":"wp","href":"https:\/\/api.w.org\/{rel}","templated":true}]}}