{"id":11389,"date":"2024-11-04T08:40:37","date_gmt":"2024-11-04T07:40:37","guid":{"rendered":"https:\/\/zsp1chojna.pl\/?page_id=11389"},"modified":"2024-11-04T08:41:23","modified_gmt":"2024-11-04T07:41:23","slug":"rok-2009-zasadnicza-szkola-zawodowa","status":"publish","type":"page","link":"https:\/\/zsp1chojna.pl\/?page_id=11389","title":{"rendered":"Rok 2009 &#8211; zasadnicza szko\u0142a zawodowa"},"content":{"rendered":"<style>.kadence-column11389_b310fa-e8 > .kt-inside-inner-col,.kadence-column11389_b310fa-e8 > .kt-inside-inner-col:before{border-top-left-radius:0px;border-top-right-radius:0px;border-bottom-right-radius:0px;border-bottom-left-radius:0px;}.kadence-column11389_b310fa-e8 > .kt-inside-inner-col:before{opacity:0.3;}.kadence-column11389_b310fa-e8{position:relative;}<\/style>\n<div class=\"wp-block-kadence-column kadence-column11389_b310fa-e8\"><div class=\"kt-inside-inner-col\">\n<div class=\"wp-block-columns is-layout-flex wp-container-core-columns-is-layout-9d6595d7 wp-block-columns-is-layout-flex\">\n<div class=\"wp-block-column is-layout-flow wp-block-column-is-layout-flow\">\n<p><strong>Klasa III<br>Mechanik pojazd\u00f3w samochodowych<br>Wychowawca mgr&nbsp;Aneta \u017burawska<\/strong><br><br>Barwiak Krzysztof<br>B\u0119gowski Adam<br>Bronakowski Arkadiusz<br>Chmielnicki Maciej Franciszek<br>Dudek Hubert<br>Dunikowski Krzysztof<br>Fedorowski Wojciech<br>G\u00f3ralski \u0141ukasz<br>Ka\u017amierski \u0141ukasz Jan<br>Konikowski Piotr<br>Pachut Piotr<br>Pawlak Norbert Leszek<br>Podle\u015bny Mateusz<br>Rataj Tomasz Adam<br>Skortek Jaros\u0142aw Dariusz<br>Stanik Micha\u0142 Jakub<br>Sobczyk Mariusz Jan<br>Szel\u0105g Dariusz<br>Tomczak Jerzy Wojciech<br>Wawrzyniak Mateusz W\u0142adys\u0142aw<br>Witko Kamil<br>Ziemia\u0144ski Marcin<\/p>\n<\/div>\n\n\n\n<div class=\"wp-block-column is-layout-flow wp-block-column-is-layout-flow\">\n<p><strong>Klasa III<br>Murarz<br>Wychowawca mgr&nbsp;Edyta Krupa<\/strong><br><br>Arciszewski Ariel<br>B\u0142awat Rafa\u0142<br>Deptu\u0142a Piotr<br>Janiszewski Pawe\u0142<br>Jasnos Norbert<br>Kabzi\u0144ski Krzysztof<br>Kalinowski Remigiusz<br>Karpiak Rados\u0142aw<br>Klimczak Tomasz<br>Kubowicz Wies\u0142aw<br>Majda Mateusz<br>Mewes Adrian<br>Mieszcza\u0144ski Dawid<br>Nagaj \u0141ukasz<br>Pietruszewski Mariusz<br>Skrzyniarz Wojciech<br>Stryczek Pawe\u0142<br>Szel\u0105g \u0141ukasz<br>Tomalak Andrzej<br>Wodzi\u0144ski Krzysztof<br>Wo\u017aniak Grzegorz<br>Wroniecki Rafa\u0142<br>Wrzesie\u0144 Tomasz<br>Nowak Pawe\u0142<\/p>\n<\/div>\n\n\n\n<div class=\"wp-block-column is-layout-flow wp-block-column-is-layout-flow\">\n<p><strong>Klasa III<br>Wielozawodowa<\/strong><br><strong>Wychowawca mgr&nbsp;Anna Jab\u0142o\u0144ska-Wr\u00f3bel<\/strong><br><br>Jakub Augustyniak<br>Weronika B\u0142awat<br>Krystian Chojnacki<br>Micha\u0142 Czerwionka<br>Magdalena D\u0105browska<br>Marta Mak\u00f3wka<br>Kamil Idzi<br>Arkadiusz Jaz<br>Marta Je\u017cyna<br>Ilona Kija\u0144ska<br>S\u0142awomir Kija\u0144ski<br>Ewa Klimczak<br>Magdalena Ko\u017alik<br>Marlena Kusaj<br>Agnieszka Linkiewicz<br>Ma\u0142gorzata Obst<br>Pawe\u0142 Or\u0142owski<br>Olga Pi\u0105tkowska<br>Mateusz Szyma\u0144ski<br>Natalia U\u015bcinowicz<br>Justyna Ziniewicz<\/p>\n<\/div>\n<\/div>\n<\/div><\/div>\n\n\n<style>.kadence-column11389_4be2be-c4 > .kt-inside-inner-col,.kadence-column11389_4be2be-c4 > .kt-inside-inner-col:before{border-top-left-radius:0px;border-top-right-radius:0px;border-bottom-right-radius:0px;border-bottom-left-radius:0px;}.kadence-column11389_4be2be-c4 > .kt-inside-inner-col:before{opacity:0.3;}.kadence-column11389_4be2be-c4{position:relative;}<\/style>\n<div class=\"wp-block-kadence-column kadence-column11389_4be2be-c4\"><div class=\"kt-inside-inner-col\">\n<div class=\"wp-block-columns is-layout-flex wp-container-core-columns-is-layout-9d6595d7 wp-block-columns-is-layout-flex\">\n<div class=\"wp-block-column is-layout-flow wp-block-column-is-layout-flow\">\n<p><strong>Klasa II<br>Betoniarz zbrojarz<br>Wychowawca mgr&nbsp;Monika Kowalska<\/strong><br><br><br>Betkowski Hubert<br>Bielawski Maciej<br>Ceglarek Sebastian<br>Cichewicz Dawid<br>Frosik Mateusz<br>Grzywacz Piotr<br>Grzywacz Pawe\u0142<br>Ha\u0142aj Pawe\u0142<br>Kowalski Damian<br>Kujawa Adam<br>Le\u015bniak Pawe\u0142<br>Nowak Patryk<br>Nu\u017cy\u0144ski Marcin<br>Owsianny \u0141ukasz<br>Panasiuk Marcin<br>Pa\u0144ko Dariusz<br>Skorupski Mariusz<br>Stolarz Mariusz<br>Sypu\u0142a \u0141ukasz<br>Szemiot Mateusz<br>Tarasek Grzegorz<br>Tomaszewski Mateusz<br>Werner Pawe\u0142<br>Wojciechowski Damian<br>Wojnarowski Mariusz<br>Wojtaszewski \u0141ukasz<br>Wojtczak Dawid<br>Zielenkiewicz S\u0142awomir<br>Witkowski Kamil<br>Karpicki Kamil<\/p>\n<\/div>\n\n\n\n<div class=\"wp-block-column is-layout-flow wp-block-column-is-layout-flow\">\n<p><strong>Klasa III<br>Stolarz<br>Wychowawca mgr&nbsp;Janusz Rusak<\/strong><br><br><br>Jakub Berbe\u015b<br>Przemys\u0142aw Chimiak<br>Kamil Czerwi\u0144ski<br>\u0141ukasz Dyoniziak<br>Micha\u0142 Janicki<br>Kamil Kuzio<br>\u0141ukasz Linkiewicz<br>Grzegorz Nawrocki<br>Pawe\u0142 Owczarek<br>Jaros\u0142aw Piesik<br>Rafa\u0142 Piskorek<br>Pawe\u0142 Rumi\u0144ski<br>Jan Socha<br>Dawid Stasi\u0144ski<br>Kamil Suchomski<br>Zbigniew Szafarz<br>Dawid Szurgoci\u0144ski<\/p>\n\n\n\n<p><br><br><\/p>\n<\/div>\n\n\n\n<div class=\"wp-block-column is-layout-flow wp-block-column-is-layout-flow\">\n<p><strong>Klasa IIa<br>Wielozawodowa<br>Wychowawca mgr\u00a0Hanna Leszczy\u0144ska<\/strong><br><br><br>Bartma\u0144ska Dagmara<br>Berna\u015b Natalia<br>Depa Mateusz<br>Felicka Agata<br>Fiejtek Jakub<br>Gajewska Angelika<br>G\u00f3rli\u0144ski Szymon<br>Karpicka Renata<br>Kochanowska Jolanta<br>Ko\u0142odziejczyk Patrycja<br>Kropid\u0142owska Katarzyna<br>Lipi\u0144ski Stanis\u0142aw<br>\u0141ukacz Ewa<br>Michalczyszyn Marta<br>Mr\u00f3z Magdalena<br>Olszak Adam<br>Parzyszek Dagmara<br>Pietroczuk Sara<br>Prusak Iga<br>Rybicka Magdalena<br>Sarota Justyna<br>Snopek Monika<br>Sosnowska Beata<br>Suchomska Adriana<br>Szyma\u0144ska Emila<br>Wandulska Patrycja<br>Wawruszczak Barbara<br>Weymann Karolina<br>Wi\u015bniewska Bernadetta<br>Woronowicz Robert<br>Wrona Magdalena<br>Wujko Natalia<\/p>\n\n\n\n<p><br><br><\/p>\n<\/div>\n<\/div>\n<\/div><\/div>\n","protected":false},"excerpt":{"rendered":"<p>Klasa IIIMechanik pojazd\u00f3w samochodowychWychowawca mgr&nbsp;Aneta \u017burawska Barwiak KrzysztofB\u0119gowski AdamBronakowski ArkadiuszChmielnicki Maciej FranciszekDudek HubertDunikowski KrzysztofFedorowski WojciechG\u00f3ralski \u0141ukaszKa\u017amierski \u0141ukasz JanKonikowski PiotrPachut PiotrPawlak Norbert LeszekPodle\u015bny MateuszRataj Tomasz AdamSkortek Jaros\u0142aw DariuszStanik Micha\u0142 JakubSobczyk Mariusz [&hellip;]<\/p>\n","protected":false},"author":9,"featured_media":0,"parent":0,"menu_order":0,"comment_status":"closed","ping_status":"closed","template":"","meta":{"footnotes":""},"class_list":["post-11389","page","type-page","status-publish","hentry"],"yoast_head":"<!-- This site is optimized with the Yoast SEO plugin v20.13 - https:\/\/yoast.com\/wordpress\/plugins\/seo\/ -->\n<title>Rok 2009 - zasadnicza szko\u0142a zawodowa - ZSP w Chojnie<\/title>\n<meta name=\"robots\" content=\"index, follow, max-snippet:-1, max-image-preview:large, max-video-preview:-1\" \/>\n<link rel=\"canonical\" href=\"https:\/\/zsp1chojna.pl\/?page_id=11389\" \/>\n<meta property=\"og:locale\" content=\"pl_PL\" \/>\n<meta property=\"og:type\" content=\"article\" \/>\n<meta property=\"og:title\" content=\"Rok 2009 - zasadnicza szko\u0142a zawodowa - ZSP w Chojnie\" \/>\n<meta property=\"og:description\" content=\"Klasa IIIMechanik pojazd\u00f3w samochodowychWychowawca mgr&nbsp;Aneta \u017burawska Barwiak KrzysztofB\u0119gowski AdamBronakowski ArkadiuszChmielnicki Maciej FranciszekDudek HubertDunikowski KrzysztofFedorowski WojciechG\u00f3ralski \u0141ukaszKa\u017amierski \u0141ukasz JanKonikowski PiotrPachut PiotrPawlak Norbert LeszekPodle\u015bny MateuszRataj Tomasz AdamSkortek Jaros\u0142aw DariuszStanik Micha\u0142 JakubSobczyk Mariusz [&hellip;]\" \/>\n<meta property=\"og:url\" content=\"https:\/\/zsp1chojna.pl\/?page_id=11389\" \/>\n<meta property=\"og:site_name\" content=\"ZSP w Chojnie\" \/>\n<meta property=\"article:modified_time\" content=\"2024-11-04T07:41:23+00:00\" \/>\n<meta name=\"twitter:card\" content=\"summary_large_image\" \/>\n<meta name=\"twitter:label1\" content=\"Szacowany czas czytania\" \/>\n\t<meta name=\"twitter:data1\" content=\"3 minuty\" \/>\n<script type=\"application\/ld+json\" class=\"yoast-schema-graph\">{\"@context\":\"https:\/\/schema.org\",\"@graph\":[{\"@type\":\"WebPage\",\"@id\":\"https:\/\/zsp1chojna.pl\/?page_id=11389\",\"url\":\"https:\/\/zsp1chojna.pl\/?page_id=11389\",\"name\":\"Rok 2009 - zasadnicza szko\u0142a zawodowa - ZSP w Chojnie\",\"isPartOf\":{\"@id\":\"https:\/\/zsp1chojna.pl\/#website\"},\"datePublished\":\"2024-11-04T07:40:37+00:00\",\"dateModified\":\"2024-11-04T07:41:23+00:00\",\"breadcrumb\":{\"@id\":\"https:\/\/zsp1chojna.pl\/?page_id=11389#breadcrumb\"},\"inLanguage\":\"pl-PL\",\"potentialAction\":[{\"@type\":\"ReadAction\",\"target\":[\"https:\/\/zsp1chojna.pl\/?page_id=11389\"]}]},{\"@type\":\"BreadcrumbList\",\"@id\":\"https:\/\/zsp1chojna.pl\/?page_id=11389#breadcrumb\",\"itemListElement\":[{\"@type\":\"ListItem\",\"position\":1,\"name\":\"Home\",\"item\":\"https:\/\/zsp1chojna.pl\/\"},{\"@type\":\"ListItem\",\"position\":2,\"name\":\"Rok 2009 &#8211; zasadnicza szko\u0142a zawodowa\"}]},{\"@type\":\"WebSite\",\"@id\":\"https:\/\/zsp1chojna.pl\/#website\",\"url\":\"https:\/\/zsp1chojna.pl\/\",\"name\":\"ZSP w Chojnie\",\"description\":\"\",\"publisher\":{\"@id\":\"https:\/\/zsp1chojna.pl\/#organization\"},\"potentialAction\":[{\"@type\":\"SearchAction\",\"target\":{\"@type\":\"EntryPoint\",\"urlTemplate\":\"https:\/\/zsp1chojna.pl\/?s={search_term_string}\"},\"query-input\":\"required name=search_term_string\"}],\"inLanguage\":\"pl-PL\"},{\"@type\":\"Organization\",\"@id\":\"https:\/\/zsp1chojna.pl\/#organization\",\"name\":\"ZSP w Chojnie\",\"url\":\"https:\/\/zsp1chojna.pl\/\",\"logo\":{\"@type\":\"ImageObject\",\"inLanguage\":\"pl-PL\",\"@id\":\"https:\/\/zsp1chojna.pl\/#\/schema\/logo\/image\/\",\"url\":\"https:\/\/zsp1chojna.pl\/wp-content\/uploads\/2023\/08\/cropped-cropped-cropped-Logo-biale-napis-na-3-wiersze_504-1.png\",\"contentUrl\":\"https:\/\/zsp1chojna.pl\/wp-content\/uploads\/2023\/08\/cropped-cropped-cropped-Logo-biale-napis-na-3-wiersze_504-1.png\",\"width\":504,\"height\":167,\"caption\":\"ZSP w Chojnie\"},\"image\":{\"@id\":\"https:\/\/zsp1chojna.pl\/#\/schema\/logo\/image\/\"}}]}<\/script>\n<!-- \/ Yoast SEO plugin. -->","yoast_head_json":{"title":"Rok 2009 - zasadnicza szko\u0142a zawodowa - ZSP w Chojnie","robots":{"index":"index","follow":"follow","max-snippet":"max-snippet:-1","max-image-preview":"max-image-preview:large","max-video-preview":"max-video-preview:-1"},"canonical":"https:\/\/zsp1chojna.pl\/?page_id=11389","og_locale":"pl_PL","og_type":"article","og_title":"Rok 2009 - zasadnicza szko\u0142a zawodowa - ZSP w Chojnie","og_description":"Klasa IIIMechanik pojazd\u00f3w samochodowychWychowawca mgr&nbsp;Aneta \u017burawska Barwiak KrzysztofB\u0119gowski AdamBronakowski ArkadiuszChmielnicki Maciej FranciszekDudek HubertDunikowski KrzysztofFedorowski WojciechG\u00f3ralski \u0141ukaszKa\u017amierski \u0141ukasz JanKonikowski PiotrPachut PiotrPawlak Norbert LeszekPodle\u015bny MateuszRataj Tomasz AdamSkortek Jaros\u0142aw DariuszStanik Micha\u0142 JakubSobczyk Mariusz [&hellip;]","og_url":"https:\/\/zsp1chojna.pl\/?page_id=11389","og_site_name":"ZSP w Chojnie","article_modified_time":"2024-11-04T07:41:23+00:00","twitter_card":"summary_large_image","twitter_misc":{"Szacowany czas czytania":"3 minuty"},"schema":{"@context":"https:\/\/schema.org","@graph":[{"@type":"WebPage","@id":"https:\/\/zsp1chojna.pl\/?page_id=11389","url":"https:\/\/zsp1chojna.pl\/?page_id=11389","name":"Rok 2009 - zasadnicza szko\u0142a zawodowa - ZSP w Chojnie","isPartOf":{"@id":"https:\/\/zsp1chojna.pl\/#website"},"datePublished":"2024-11-04T07:40:37+00:00","dateModified":"2024-11-04T07:41:23+00:00","breadcrumb":{"@id":"https:\/\/zsp1chojna.pl\/?page_id=11389#breadcrumb"},"inLanguage":"pl-PL","potentialAction":[{"@type":"ReadAction","target":["https:\/\/zsp1chojna.pl\/?page_id=11389"]}]},{"@type":"BreadcrumbList","@id":"https:\/\/zsp1chojna.pl\/?page_id=11389#breadcrumb","itemListElement":[{"@type":"ListItem","position":1,"name":"Home","item":"https:\/\/zsp1chojna.pl\/"},{"@type":"ListItem","position":2,"name":"Rok 2009 &#8211; zasadnicza szko\u0142a zawodowa"}]},{"@type":"WebSite","@id":"https:\/\/zsp1chojna.pl\/#website","url":"https:\/\/zsp1chojna.pl\/","name":"ZSP w Chojnie","description":"","publisher":{"@id":"https:\/\/zsp1chojna.pl\/#organization"},"potentialAction":[{"@type":"SearchAction","target":{"@type":"EntryPoint","urlTemplate":"https:\/\/zsp1chojna.pl\/?s={search_term_string}"},"query-input":"required name=search_term_string"}],"inLanguage":"pl-PL"},{"@type":"Organization","@id":"https:\/\/zsp1chojna.pl\/#organization","name":"ZSP w Chojnie","url":"https:\/\/zsp1chojna.pl\/","logo":{"@type":"ImageObject","inLanguage":"pl-PL","@id":"https:\/\/zsp1chojna.pl\/#\/schema\/logo\/image\/","url":"https:\/\/zsp1chojna.pl\/wp-content\/uploads\/2023\/08\/cropped-cropped-cropped-Logo-biale-napis-na-3-wiersze_504-1.png","contentUrl":"https:\/\/zsp1chojna.pl\/wp-content\/uploads\/2023\/08\/cropped-cropped-cropped-Logo-biale-napis-na-3-wiersze_504-1.png","width":504,"height":167,"caption":"ZSP w Chojnie"},"image":{"@id":"https:\/\/zsp1chojna.pl\/#\/schema\/logo\/image\/"}}]}},"_links":{"self":[{"href":"https:\/\/zsp1chojna.pl\/index.php?rest_route=\/wp\/v2\/pages\/11389","targetHints":{"allow":["GET"]}}],"collection":[{"href":"https:\/\/zsp1chojna.pl\/index.php?rest_route=\/wp\/v2\/pages"}],"about":[{"href":"https:\/\/zsp1chojna.pl\/index.php?rest_route=\/wp\/v2\/types\/page"}],"author":[{"embeddable":true,"href":"https:\/\/zsp1chojna.pl\/index.php?rest_route=\/wp\/v2\/users\/9"}],"replies":[{"embeddable":true,"href":"https:\/\/zsp1chojna.pl\/index.php?rest_route=%2Fwp%2Fv2%2Fcomments&post=11389"}],"version-history":[{"count":2,"href":"https:\/\/zsp1chojna.pl\/index.php?rest_route=\/wp\/v2\/pages\/11389\/revisions"}],"predecessor-version":[{"id":11400,"href":"https:\/\/zsp1chojna.pl\/index.php?rest_route=\/wp\/v2\/pages\/11389\/revisions\/11400"}],"wp:attachment":[{"href":"https:\/\/zsp1chojna.pl\/index.php?rest_route=%2Fwp%2Fv2%2Fmedia&parent=11389"}],"curies":[{"name":"wp","href":"https:\/\/api.w.org\/{rel}","templated":true}]}}