{"id":11359,"date":"2024-11-04T08:33:09","date_gmt":"2024-11-04T07:33:09","guid":{"rendered":"https:\/\/zsp1chojna.pl\/?page_id=11359"},"modified":"2024-11-04T08:34:05","modified_gmt":"2024-11-04T07:34:05","slug":"rok-2011-zasadnicza-szkola-zawodowa","status":"publish","type":"page","link":"https:\/\/zsp1chojna.pl\/?page_id=11359","title":{"rendered":"Rok 2011 \u2013 Zasadnicza Szko\u0142a Zawodowa"},"content":{"rendered":"<style>.kadence-column11359_b3724f-3c > .kt-inside-inner-col,.kadence-column11359_b3724f-3c > .kt-inside-inner-col:before{border-top-left-radius:0px;border-top-right-radius:0px;border-bottom-right-radius:0px;border-bottom-left-radius:0px;}.kadence-column11359_b3724f-3c > .kt-inside-inner-col:before{opacity:0.3;}.kadence-column11359_b3724f-3c{position:relative;}<\/style>\n<div class=\"wp-block-kadence-column kadence-column11359_b3724f-3c\"><div class=\"kt-inside-inner-col\">\n<div class=\"wp-block-columns is-layout-flex wp-container-core-columns-is-layout-9d6595d7 wp-block-columns-is-layout-flex\">\n<div class=\"wp-block-column is-layout-flow wp-block-column-is-layout-flow\">\n<p><strong>Klasa III<br>Mechanik pojazd\u00f3w samochodowych<br>Wychowawca mgr\u00a0Edyta Daszkiewicz<\/strong><\/p>\n\n\n\n<p>Bors Krystian<br>D\u0105browski Adam<br>Dza\u0142ba Pawe\u0142<br>Grucha\u0142a Micha\u0142<br>Janik Micha\u0142<br>Kaczorowski Marcin<br>Karkowski Jaros\u0142aw<br>Klag Krzysztof<br>Lipkowski Mateusz<br>Maks Dawid<br>Marcinkowski Dawid<br>Olszewski Marek<br>Pastu\u0142a Dominik<br>Pi\u0119ta Marek<br>Prahl W\u0142adys\u0142aw<br>Skowro\u0144ski Krystian<br>Sta\u015bczak Dominik<br>Stolarski Bart\u0142omiej<br>Strzelecki Adam<br>Szczepa\u0144ski Marek<br>Szwech\u0142owicz Micha\u0142<br>\u015aciuba Daniel<br>Wo\u017aniak Damian<br>Zaj\u0105czkowski Mateusz<\/p>\n<\/div>\n\n\n\n<div class=\"wp-block-column is-layout-flow wp-block-column-is-layout-flow\">\n<p><strong>Klasa III<br>Technolog rob\u00f3t wyko\u0144czeniowych<br>w budownictwie<\/strong><br><strong>Wychowawca\u00a0mgr\u00a0Gustaw Cedro<\/strong><\/p>\n\n\n\n<p>Bilon Sebastian<br>Bobrel Dominik<br>Czerwiec Przemys\u0142aw<br>Fr\u0105tczak Mateusz<br>Gabrowski Dawid<br>G\u0142owacki Bartosz<br>Grabczak Daniel<br>Gumulak Krystian<br>Hrycaj Stanis\u0142aw<br>Kasprzak Jakub<br>Kostkowski Patryk<br>Koziatek Artur<br>Krajewski Kamil<br>Lorenz Wojciech<br>\u0141azowik Marcin<br>\u0141azowik Tomasz<br>Mizgier Przemys\u0142aw<br>Niemiec Pawe\u0142<br>Pelc Patryk<br>Rajfur Micha\u0142<br>Siegie\u0144 Jacek<br>Skrycki Mateusz<br>Stasiak Bartosz<br>Swendrowski Mariusz<br>Tefelski Mateusz<br>T\u0119cza Tomasz<br>Widzi\u0144ski \u0141ukasz<br>Widzi\u0144ski Marek<br>Wo\u017aniak Albert<br>\u017bak Daniel<\/p>\n<\/div>\n\n\n\n<div class=\"wp-block-column is-layout-flow wp-block-column-is-layout-flow\">\n<p><strong>Klasa II<br>Wielozawodowa<br>Wychowawca\u00a0mgr\u00a0Hanna Chmura<\/strong><\/p>\n\n\n\n<p>Bigos Agnieszka<br>Garnczarek Marta<br>G\u00f3ralska Karolina<br>Hrycaj Ewa<br>Korybalska Anna<br>Kowalska Justyna<br>Kuligowska Kamila<br>Kusiak Patrycja<br>Kwa\u015bniewski Ernest<br>Muraszka Pawe\u0142<br>Nowaczyk Ada<br>Panasiuk Daria<br>Pude\u0142ek Ma\u0142gorzata<br>Sypu\u0142a Alicja<br>Werens Milena<br>Wrona Joanna<br>Wujuko Patrycja<br>Zatyracz El\u017cnieta<br>Zawadzki \u0141ukasz<\/p>\n<\/div>\n<\/div>\n<\/div><\/div>\n\n\n<style>.kadence-column11359_366a76-b8 > .kt-inside-inner-col,.kadence-column11359_366a76-b8 > .kt-inside-inner-col:before{border-top-left-radius:0px;border-top-right-radius:0px;border-bottom-right-radius:0px;border-bottom-left-radius:0px;}.kadence-column11359_366a76-b8 > .kt-inside-inner-col:before{opacity:0.3;}.kadence-column11359_366a76-b8{position:relative;}<\/style>\n<div class=\"wp-block-kadence-column kadence-column11359_366a76-b8\"><div class=\"kt-inside-inner-col\">\n<div class=\"wp-block-columns is-layout-flex wp-container-core-columns-is-layout-9d6595d7 wp-block-columns-is-layout-flex\">\n<div class=\"wp-block-column is-layout-flow wp-block-column-is-layout-flow\">\n<p><strong>Klasa III b<\/strong><br><strong>wielozawodowa Wychowawca mgr\u00a0Dorota Szwiec<\/strong><\/p>\n\n\n\n<p>Bielawska Marlena<br>Dzi\u0119cio\u0142 Mariola<br>Gryglewicz Hubert<br>Jasi\u0144ska Dagmara<br>Jaz Karol<br>Koblowska Karolina<br>Kowalska Patrycja<br>Kowalska Justyna<br>Kowalski Micha\u0142<br>Kubisiak Monika<br>Kupniewska Anna<br>Le\u015bniak Bart\u0142omiej<br>\u0141azowik Bogdan<br>Mokrzycka Natalia<br>Mordal And\u017celika<br>Nawrocka Aleksandra<br>Noskowiak Dominika<br>Prodan Dominik<br>Ratajczak Maria<br>Serafin Marta<br>Sta\u0144czyk Katarzyna<br>Strzelczyk Krystyna<br>Sujka Olga<br>\u015aliz Mateusz<br>Twarda Monika<br>Wa\u0144czurowska Karolina<br>Wi\u015bniewska Patrycja<\/p>\n<\/div>\n\n\n\n<div class=\"wp-block-column is-layout-flow wp-block-column-is-layout-flow\">\n<p><strong>Klasa III<\/strong>&nbsp;<strong>c<br>wielozawodowa<br>Wychowawca mgr&nbsp;&nbsp;Edyta Daszkiewicz<\/strong><\/p>\n\n\n\n<p>Kaczor Natalia<br>Kaczy\u0144ska Agnieszka<br>Kopczy\u0144ska Sylwia<br>Krukowska Karolina<br>Kuras Natalia<br>Kuzdak Magdalena<br>\u0141usiak Joanna<br>Malska Magdalena<br>Michalak Dominika<br>Pa\u0142ka Patrycja<br>Serafin Sandra<br>Zarzycka Karolina<br>\u017bak Anna<\/p>\n<\/div>\n\n\n\n<div class=\"wp-block-column is-layout-flow wp-block-column-is-layout-flow\">\n<p><strong>Klasa III<br>Stolarz<\/strong><br><strong>Wychowawca mgr&nbsp;Edyta Daszkiewicz<\/strong><\/p>\n\n\n\n<p>Abramowicz Adam<br>Dru\u017cga Szymon<br>Fidos Karol<br>Gracz Karol<br>Hrycaj Tomasz<br>Jaroszy\u0144ski Tomasz<br>Kowalski Patryk<br>Mo\u0107ko Rados\u0142aw<\/p>\n<\/div>\n<\/div>\n<\/div><\/div>\n","protected":false},"excerpt":{"rendered":"<p>Klasa IIIMechanik pojazd\u00f3w samochodowychWychowawca mgr\u00a0Edyta Daszkiewicz Bors KrystianD\u0105browski AdamDza\u0142ba Pawe\u0142Grucha\u0142a Micha\u0142Janik Micha\u0142Kaczorowski MarcinKarkowski Jaros\u0142awKlag KrzysztofLipkowski MateuszMaks DawidMarcinkowski DawidOlszewski MarekPastu\u0142a DominikPi\u0119ta MarekPrahl W\u0142adys\u0142awSkowro\u0144ski KrystianSta\u015bczak DominikStolarski Bart\u0142omiejStrzelecki AdamSzczepa\u0144ski MarekSzwech\u0142owicz Micha\u0142\u015aciuba DanielWo\u017aniak DamianZaj\u0105czkowski [&hellip;]<\/p>\n","protected":false},"author":8,"featured_media":0,"parent":0,"menu_order":0,"comment_status":"closed","ping_status":"closed","template":"","meta":{"footnotes":""},"class_list":["post-11359","page","type-page","status-publish","hentry"],"yoast_head":"<!-- This site is optimized with the Yoast SEO plugin v20.13 - https:\/\/yoast.com\/wordpress\/plugins\/seo\/ -->\n<title>Rok 2011 \u2013 Zasadnicza Szko\u0142a Zawodowa - ZSP w Chojnie<\/title>\n<meta name=\"robots\" content=\"index, follow, max-snippet:-1, max-image-preview:large, max-video-preview:-1\" \/>\n<link rel=\"canonical\" href=\"https:\/\/zsp1chojna.pl\/?page_id=11359\" \/>\n<meta property=\"og:locale\" content=\"pl_PL\" \/>\n<meta property=\"og:type\" content=\"article\" \/>\n<meta property=\"og:title\" content=\"Rok 2011 \u2013 Zasadnicza Szko\u0142a Zawodowa - ZSP w Chojnie\" \/>\n<meta property=\"og:description\" content=\"Klasa IIIMechanik pojazd\u00f3w samochodowychWychowawca mgr\u00a0Edyta Daszkiewicz Bors KrystianD\u0105browski AdamDza\u0142ba Pawe\u0142Grucha\u0142a Micha\u0142Janik Micha\u0142Kaczorowski MarcinKarkowski Jaros\u0142awKlag KrzysztofLipkowski MateuszMaks DawidMarcinkowski DawidOlszewski MarekPastu\u0142a DominikPi\u0119ta MarekPrahl W\u0142adys\u0142awSkowro\u0144ski KrystianSta\u015bczak DominikStolarski Bart\u0142omiejStrzelecki AdamSzczepa\u0144ski MarekSzwech\u0142owicz Micha\u0142\u015aciuba DanielWo\u017aniak DamianZaj\u0105czkowski [&hellip;]\" \/>\n<meta property=\"og:url\" content=\"https:\/\/zsp1chojna.pl\/?page_id=11359\" \/>\n<meta property=\"og:site_name\" content=\"ZSP w Chojnie\" \/>\n<meta property=\"article:modified_time\" content=\"2024-11-04T07:34:05+00:00\" \/>\n<meta name=\"twitter:card\" content=\"summary_large_image\" \/>\n<meta name=\"twitter:label1\" content=\"Szacowany czas czytania\" \/>\n\t<meta name=\"twitter:data1\" content=\"2 minuty\" \/>\n<script type=\"application\/ld+json\" class=\"yoast-schema-graph\">{\"@context\":\"https:\/\/schema.org\",\"@graph\":[{\"@type\":\"WebPage\",\"@id\":\"https:\/\/zsp1chojna.pl\/?page_id=11359\",\"url\":\"https:\/\/zsp1chojna.pl\/?page_id=11359\",\"name\":\"Rok 2011 \u2013 Zasadnicza Szko\u0142a Zawodowa - ZSP w Chojnie\",\"isPartOf\":{\"@id\":\"https:\/\/zsp1chojna.pl\/#website\"},\"datePublished\":\"2024-11-04T07:33:09+00:00\",\"dateModified\":\"2024-11-04T07:34:05+00:00\",\"breadcrumb\":{\"@id\":\"https:\/\/zsp1chojna.pl\/?page_id=11359#breadcrumb\"},\"inLanguage\":\"pl-PL\",\"potentialAction\":[{\"@type\":\"ReadAction\",\"target\":[\"https:\/\/zsp1chojna.pl\/?page_id=11359\"]}]},{\"@type\":\"BreadcrumbList\",\"@id\":\"https:\/\/zsp1chojna.pl\/?page_id=11359#breadcrumb\",\"itemListElement\":[{\"@type\":\"ListItem\",\"position\":1,\"name\":\"Home\",\"item\":\"https:\/\/zsp1chojna.pl\/\"},{\"@type\":\"ListItem\",\"position\":2,\"name\":\"Rok 2011 \u2013 Zasadnicza Szko\u0142a Zawodowa\"}]},{\"@type\":\"WebSite\",\"@id\":\"https:\/\/zsp1chojna.pl\/#website\",\"url\":\"https:\/\/zsp1chojna.pl\/\",\"name\":\"ZSP w Chojnie\",\"description\":\"\",\"publisher\":{\"@id\":\"https:\/\/zsp1chojna.pl\/#organization\"},\"potentialAction\":[{\"@type\":\"SearchAction\",\"target\":{\"@type\":\"EntryPoint\",\"urlTemplate\":\"https:\/\/zsp1chojna.pl\/?s={search_term_string}\"},\"query-input\":\"required name=search_term_string\"}],\"inLanguage\":\"pl-PL\"},{\"@type\":\"Organization\",\"@id\":\"https:\/\/zsp1chojna.pl\/#organization\",\"name\":\"ZSP w Chojnie\",\"url\":\"https:\/\/zsp1chojna.pl\/\",\"logo\":{\"@type\":\"ImageObject\",\"inLanguage\":\"pl-PL\",\"@id\":\"https:\/\/zsp1chojna.pl\/#\/schema\/logo\/image\/\",\"url\":\"https:\/\/zsp1chojna.pl\/wp-content\/uploads\/2023\/08\/cropped-cropped-cropped-Logo-biale-napis-na-3-wiersze_504-1.png\",\"contentUrl\":\"https:\/\/zsp1chojna.pl\/wp-content\/uploads\/2023\/08\/cropped-cropped-cropped-Logo-biale-napis-na-3-wiersze_504-1.png\",\"width\":504,\"height\":167,\"caption\":\"ZSP w Chojnie\"},\"image\":{\"@id\":\"https:\/\/zsp1chojna.pl\/#\/schema\/logo\/image\/\"}}]}<\/script>\n<!-- \/ Yoast SEO plugin. -->","yoast_head_json":{"title":"Rok 2011 \u2013 Zasadnicza Szko\u0142a Zawodowa - ZSP w Chojnie","robots":{"index":"index","follow":"follow","max-snippet":"max-snippet:-1","max-image-preview":"max-image-preview:large","max-video-preview":"max-video-preview:-1"},"canonical":"https:\/\/zsp1chojna.pl\/?page_id=11359","og_locale":"pl_PL","og_type":"article","og_title":"Rok 2011 \u2013 Zasadnicza Szko\u0142a Zawodowa - ZSP w Chojnie","og_description":"Klasa IIIMechanik pojazd\u00f3w samochodowychWychowawca mgr\u00a0Edyta Daszkiewicz Bors KrystianD\u0105browski AdamDza\u0142ba Pawe\u0142Grucha\u0142a Micha\u0142Janik Micha\u0142Kaczorowski MarcinKarkowski Jaros\u0142awKlag KrzysztofLipkowski MateuszMaks DawidMarcinkowski DawidOlszewski MarekPastu\u0142a DominikPi\u0119ta MarekPrahl W\u0142adys\u0142awSkowro\u0144ski KrystianSta\u015bczak DominikStolarski Bart\u0142omiejStrzelecki AdamSzczepa\u0144ski MarekSzwech\u0142owicz Micha\u0142\u015aciuba DanielWo\u017aniak DamianZaj\u0105czkowski [&hellip;]","og_url":"https:\/\/zsp1chojna.pl\/?page_id=11359","og_site_name":"ZSP w Chojnie","article_modified_time":"2024-11-04T07:34:05+00:00","twitter_card":"summary_large_image","twitter_misc":{"Szacowany czas czytania":"2 minuty"},"schema":{"@context":"https:\/\/schema.org","@graph":[{"@type":"WebPage","@id":"https:\/\/zsp1chojna.pl\/?page_id=11359","url":"https:\/\/zsp1chojna.pl\/?page_id=11359","name":"Rok 2011 \u2013 Zasadnicza Szko\u0142a Zawodowa - ZSP w Chojnie","isPartOf":{"@id":"https:\/\/zsp1chojna.pl\/#website"},"datePublished":"2024-11-04T07:33:09+00:00","dateModified":"2024-11-04T07:34:05+00:00","breadcrumb":{"@id":"https:\/\/zsp1chojna.pl\/?page_id=11359#breadcrumb"},"inLanguage":"pl-PL","potentialAction":[{"@type":"ReadAction","target":["https:\/\/zsp1chojna.pl\/?page_id=11359"]}]},{"@type":"BreadcrumbList","@id":"https:\/\/zsp1chojna.pl\/?page_id=11359#breadcrumb","itemListElement":[{"@type":"ListItem","position":1,"name":"Home","item":"https:\/\/zsp1chojna.pl\/"},{"@type":"ListItem","position":2,"name":"Rok 2011 \u2013 Zasadnicza Szko\u0142a Zawodowa"}]},{"@type":"WebSite","@id":"https:\/\/zsp1chojna.pl\/#website","url":"https:\/\/zsp1chojna.pl\/","name":"ZSP w Chojnie","description":"","publisher":{"@id":"https:\/\/zsp1chojna.pl\/#organization"},"potentialAction":[{"@type":"SearchAction","target":{"@type":"EntryPoint","urlTemplate":"https:\/\/zsp1chojna.pl\/?s={search_term_string}"},"query-input":"required name=search_term_string"}],"inLanguage":"pl-PL"},{"@type":"Organization","@id":"https:\/\/zsp1chojna.pl\/#organization","name":"ZSP w Chojnie","url":"https:\/\/zsp1chojna.pl\/","logo":{"@type":"ImageObject","inLanguage":"pl-PL","@id":"https:\/\/zsp1chojna.pl\/#\/schema\/logo\/image\/","url":"https:\/\/zsp1chojna.pl\/wp-content\/uploads\/2023\/08\/cropped-cropped-cropped-Logo-biale-napis-na-3-wiersze_504-1.png","contentUrl":"https:\/\/zsp1chojna.pl\/wp-content\/uploads\/2023\/08\/cropped-cropped-cropped-Logo-biale-napis-na-3-wiersze_504-1.png","width":504,"height":167,"caption":"ZSP w Chojnie"},"image":{"@id":"https:\/\/zsp1chojna.pl\/#\/schema\/logo\/image\/"}}]}},"_links":{"self":[{"href":"https:\/\/zsp1chojna.pl\/index.php?rest_route=\/wp\/v2\/pages\/11359","targetHints":{"allow":["GET"]}}],"collection":[{"href":"https:\/\/zsp1chojna.pl\/index.php?rest_route=\/wp\/v2\/pages"}],"about":[{"href":"https:\/\/zsp1chojna.pl\/index.php?rest_route=\/wp\/v2\/types\/page"}],"author":[{"embeddable":true,"href":"https:\/\/zsp1chojna.pl\/index.php?rest_route=\/wp\/v2\/users\/8"}],"replies":[{"embeddable":true,"href":"https:\/\/zsp1chojna.pl\/index.php?rest_route=%2Fwp%2Fv2%2Fcomments&post=11359"}],"version-history":[{"count":3,"href":"https:\/\/zsp1chojna.pl\/index.php?rest_route=\/wp\/v2\/pages\/11359\/revisions"}],"predecessor-version":[{"id":11393,"href":"https:\/\/zsp1chojna.pl\/index.php?rest_route=\/wp\/v2\/pages\/11359\/revisions\/11393"}],"wp:attachment":[{"href":"https:\/\/zsp1chojna.pl\/index.php?rest_route=%2Fwp%2Fv2%2Fmedia&parent=11359"}],"curies":[{"name":"wp","href":"https:\/\/api.w.org\/{rel}","templated":true}]}}