{"id":11345,"date":"2024-11-04T08:22:28","date_gmt":"2024-11-04T07:22:28","guid":{"rendered":"https:\/\/zsp1chojna.pl\/?page_id=11345"},"modified":"2024-11-04T08:22:49","modified_gmt":"2024-11-04T07:22:49","slug":"rok-2012-zasadnicza-szkola-zawodowa","status":"publish","type":"page","link":"https:\/\/zsp1chojna.pl\/?page_id=11345","title":{"rendered":"Rok 2012 \u2013 Zasadnicza Szko\u0142a Zawodowa"},"content":{"rendered":"<style>.kadence-column11345_e071a9-b7 > .kt-inside-inner-col,.kadence-column11345_e071a9-b7 > .kt-inside-inner-col:before{border-top-left-radius:0px;border-top-right-radius:0px;border-bottom-right-radius:0px;border-bottom-left-radius:0px;}.kadence-column11345_e071a9-b7 > .kt-inside-inner-col:before{opacity:0.3;}.kadence-column11345_e071a9-b7{position:relative;}<\/style>\n<div class=\"wp-block-kadence-column kadence-column11345_e071a9-b7\"><div class=\"kt-inside-inner-col\">\n<div class=\"wp-block-columns is-layout-flex wp-container-core-columns-is-layout-9d6595d7 wp-block-columns-is-layout-flex\">\n<div class=\"wp-block-column is-layout-flow wp-block-column-is-layout-flow\">\n<p><strong>klasa II a<br>wielozawodowa<br>wychowawca mgr<\/strong>\u00a0<strong>Emilia Skrzypa<\/strong><\/p>\n\n\n\n<p>Bigos Rafa\u0142<br>Bigus Marek Jan<br>Bodek Cezary<br>Czarnecka Daria Magdalena<br>Dudek Aurelia<br>Dudek Laura<br>Dunikowska Danuta<br>Grondalska Magdalena Lucyna<br>Kozak Angelika<br>Krawiec Weronika Monika<br>Kuzior Ilona<br>Lachowicz Mateusz<br>Modras Krystyna<br>Nowak Patrycja Anna<br>Pe\u0142ka Klaudia<br>Pokuci\u0144ska Monika<br>Skar\u017cynska Natalia Anna<br>Snopek Mateusz<br>Sosnowska Agata Patrycja<br>Wo\u017aniak Paulina<br>Zalas Kinga<br>Zdrada Agnieszka<\/p>\n<\/div>\n\n\n\n<div class=\"wp-block-column is-layout-flow wp-block-column-is-layout-flow\">\n<p><strong>Klasa III b<br>Technolog rob\u00f3t wyko\u0144czeniowych<br>w budownictwie<\/strong><br><strong>Wychowawca mgr&nbsp;Norbert Ole\u015bk\u00f3w<\/strong><\/p>\n\n\n\n<p>Bartos Sebastian<br>Bogdanowicz Sebastian<br>G\u0105go\u0142 Mateusz<br>Kapera Kamil<br>Karbowski Marek<br>Komin Adrian<br>Krzak Jacek<br>Kusiak Maciej<br>Kuzio Krystian<br>Mazurkiewicz Krzysztof<br>Nied\u017awiecki Karol<br>Nowicki Jakub<br>Nowak \u0141ukasz<br>Olejarz Jaros\u0142aw<br>Piesik Krystian<br>Przerada Mariusz<br>Rogala Jakub<br>Serafi\u0144ski Pawe\u0142<br>Sowa Mateusz<br>Zator Dominik<\/p>\n<\/div>\n\n\n\n<div class=\"wp-block-column is-layout-flow wp-block-column-is-layout-flow\">\n<p><strong>Klasa III <\/strong><br><strong>wielozawodowa Wychowawca mgr\u00a0Norbert Ole\u015bk\u00f3w<\/strong><\/p>\n\n\n\n<p>Chor\u0105\u017cy Natalia<br>Czuchrowska Marzena<br>G\u0105go\u0142 Aneta<br>G\u0119\u015blowska Milena<br>Idzi Sylwia<br>Kruszewska Zuzanna<br>Markiewicz Adam<br>Skowro\u0144ska Ewelina<br>Szpak Arleta<br>Tokarska Joanna<\/p>\n<\/div>\n<\/div>\n<\/div><\/div>\n\n\n<style>.kadence-column11345_0ac753-51 > .kt-inside-inner-col,.kadence-column11345_0ac753-51 > .kt-inside-inner-col:before{border-top-left-radius:0px;border-top-right-radius:0px;border-bottom-right-radius:0px;border-bottom-left-radius:0px;}.kadence-column11345_0ac753-51 > .kt-inside-inner-col:before{opacity:0.3;}.kadence-column11345_0ac753-51{position:relative;}<\/style>\n<div class=\"wp-block-kadence-column kadence-column11345_0ac753-51\"><div class=\"kt-inside-inner-col\">\n<div class=\"wp-block-columns is-layout-flex wp-container-core-columns-is-layout-9d6595d7 wp-block-columns-is-layout-flex\">\n<div class=\"wp-block-column is-layout-flow wp-block-column-is-layout-flow\">\n<p><strong>Klasa III a<br>Technolog rob\u00f3t wyko\u0144czeniowych <span style=\"font-family: Verdana, Arial, Helvetica, sans-serif; font-size: 13.3333px; text-align: -webkit-center; white-space-collapse: collapse; background-color: rgb(251, 255, 230);\"><\/span>w budownictwie<br>Wychowawca mgr\u00a0Hanna Leszczy\u0144ska<\/strong><\/p>\n\n\n\n<p>Babiarz Andrzej<br>Bociek Mateusz<br>Dziuban Damian<br>Fary\u0144ski \u0141ukasz<br>G\u0119bicki Kamil<br>Gontek Krystian<br>Grabowski Pawe\u0142<br>Gr\u0119da Pawe\u0142<br>Gryglewicz Dariusz<br>Gutowski Grzegorz<br>Kami\u0144ski Pawe\u0142<br>Komosi\u0144ski Pawe\u0142<br>Krumplewski Sebastian<br>Kulczycki Rafa\u0142<br>\u0141\u0119\u017cak Damian<br>Nawrocki Dawid<br>Pitura Pawe\u0142<br>Rz\u0105d Adam<br>Sasin Rados\u0142aw<br>Socha Pawe\u0142<br>Srokowski Mateusz<br>Szczerbi\u0144ski Mateusz<br>Szpilski Mateusz<br>Tarnowski Arkadiusz<br>Toczko Piotr<br>Wolski Marek<br>Zi\u00f3\u0142kowski Mateusz<\/p>\n<\/div>\n\n\n\n<div class=\"wp-block-column is-layout-flow wp-block-column-is-layout-flow\">\n<p><strong>Klasa III\u00a0c <\/strong><br><strong>Mechanik pojazd\u00f3w samochodowych Wychowawca mgr\u00a0Wojciech Krupa<\/strong><\/p>\n\n\n\n<p>Adamiec Krzysztof<br>Biugus Rafa\u0142<br>Czubko Rados\u0142aw<br>Dolatkiewicz Stanis\u0142aw<br>Durka Dariusz<br>Dzi\u0119cio\u0142 Kamil<br>Fiejtek Bart\u0142omiej<br>Giermak Mateusz<br>Hucaluk Adam<br>Karkowski Pawe\u0142<br>Ko\u0142odziejczyk Damian<br>Korepta Przemys\u0142aw<br>Koszuli\u0144ski Daniel<br>Kwa\u015bniewski Artur<br>Lasota Mateusz<br>Le\u015bniak Sebastian<br>Mr\u00f3z Mateusz<br>Najgebauer Sebastian<br>Owczarek Piotr<br>Rogowski Dawid<br>S\u0142awi\u0144ski Piotr<br>S\u0142owik \u0141ukasz<br>Sularz Pawe\u0142<br>Szyma\u0144ski Arkadiusz<br>U\u015bcinowicz Krzysztof<br>Wydra \u0141ukasz<br>Zarzycki Dawid<\/p>\n<\/div>\n<\/div>\n<\/div><\/div>\n","protected":false},"excerpt":{"rendered":"<p>klasa II awielozawodowawychowawca mgr\u00a0Emilia Skrzypa Bigos Rafa\u0142Bigus Marek JanBodek CezaryCzarnecka Daria MagdalenaDudek AureliaDudek LauraDunikowska DanutaGrondalska Magdalena LucynaKozak AngelikaKrawiec Weronika MonikaKuzior IlonaLachowicz MateuszModras KrystynaNowak Patrycja AnnaPe\u0142ka KlaudiaPokuci\u0144ska MonikaSkar\u017cynska Natalia AnnaSnopek MateuszSosnowska [&hellip;]<\/p>\n","protected":false},"author":8,"featured_media":0,"parent":0,"menu_order":0,"comment_status":"closed","ping_status":"closed","template":"","meta":{"footnotes":""},"class_list":["post-11345","page","type-page","status-publish","hentry"],"yoast_head":"<!-- This site is optimized with the Yoast SEO plugin v20.13 - https:\/\/yoast.com\/wordpress\/plugins\/seo\/ -->\n<title>Rok 2012 \u2013 Zasadnicza Szko\u0142a Zawodowa - ZSP w Chojnie<\/title>\n<meta name=\"robots\" content=\"index, follow, max-snippet:-1, max-image-preview:large, max-video-preview:-1\" \/>\n<link rel=\"canonical\" href=\"https:\/\/zsp1chojna.pl\/?page_id=11345\" \/>\n<meta property=\"og:locale\" content=\"pl_PL\" \/>\n<meta property=\"og:type\" content=\"article\" \/>\n<meta property=\"og:title\" content=\"Rok 2012 \u2013 Zasadnicza Szko\u0142a Zawodowa - ZSP w Chojnie\" \/>\n<meta property=\"og:description\" content=\"klasa II awielozawodowawychowawca mgr\u00a0Emilia Skrzypa Bigos Rafa\u0142Bigus Marek JanBodek CezaryCzarnecka Daria MagdalenaDudek AureliaDudek LauraDunikowska DanutaGrondalska Magdalena LucynaKozak AngelikaKrawiec Weronika MonikaKuzior IlonaLachowicz MateuszModras KrystynaNowak Patrycja AnnaPe\u0142ka KlaudiaPokuci\u0144ska MonikaSkar\u017cynska Natalia AnnaSnopek MateuszSosnowska [&hellip;]\" \/>\n<meta property=\"og:url\" content=\"https:\/\/zsp1chojna.pl\/?page_id=11345\" \/>\n<meta property=\"og:site_name\" content=\"ZSP w Chojnie\" \/>\n<meta property=\"article:modified_time\" content=\"2024-11-04T07:22:49+00:00\" \/>\n<meta name=\"twitter:card\" content=\"summary_large_image\" \/>\n<meta name=\"twitter:label1\" content=\"Szacowany czas czytania\" \/>\n\t<meta name=\"twitter:data1\" content=\"2 minuty\" \/>\n<script type=\"application\/ld+json\" class=\"yoast-schema-graph\">{\"@context\":\"https:\/\/schema.org\",\"@graph\":[{\"@type\":\"WebPage\",\"@id\":\"https:\/\/zsp1chojna.pl\/?page_id=11345\",\"url\":\"https:\/\/zsp1chojna.pl\/?page_id=11345\",\"name\":\"Rok 2012 \u2013 Zasadnicza Szko\u0142a Zawodowa - ZSP w Chojnie\",\"isPartOf\":{\"@id\":\"https:\/\/zsp1chojna.pl\/#website\"},\"datePublished\":\"2024-11-04T07:22:28+00:00\",\"dateModified\":\"2024-11-04T07:22:49+00:00\",\"breadcrumb\":{\"@id\":\"https:\/\/zsp1chojna.pl\/?page_id=11345#breadcrumb\"},\"inLanguage\":\"pl-PL\",\"potentialAction\":[{\"@type\":\"ReadAction\",\"target\":[\"https:\/\/zsp1chojna.pl\/?page_id=11345\"]}]},{\"@type\":\"BreadcrumbList\",\"@id\":\"https:\/\/zsp1chojna.pl\/?page_id=11345#breadcrumb\",\"itemListElement\":[{\"@type\":\"ListItem\",\"position\":1,\"name\":\"Home\",\"item\":\"https:\/\/zsp1chojna.pl\/\"},{\"@type\":\"ListItem\",\"position\":2,\"name\":\"Rok 2012 \u2013 Zasadnicza Szko\u0142a Zawodowa\"}]},{\"@type\":\"WebSite\",\"@id\":\"https:\/\/zsp1chojna.pl\/#website\",\"url\":\"https:\/\/zsp1chojna.pl\/\",\"name\":\"ZSP w Chojnie\",\"description\":\"\",\"publisher\":{\"@id\":\"https:\/\/zsp1chojna.pl\/#organization\"},\"potentialAction\":[{\"@type\":\"SearchAction\",\"target\":{\"@type\":\"EntryPoint\",\"urlTemplate\":\"https:\/\/zsp1chojna.pl\/?s={search_term_string}\"},\"query-input\":\"required name=search_term_string\"}],\"inLanguage\":\"pl-PL\"},{\"@type\":\"Organization\",\"@id\":\"https:\/\/zsp1chojna.pl\/#organization\",\"name\":\"ZSP w Chojnie\",\"url\":\"https:\/\/zsp1chojna.pl\/\",\"logo\":{\"@type\":\"ImageObject\",\"inLanguage\":\"pl-PL\",\"@id\":\"https:\/\/zsp1chojna.pl\/#\/schema\/logo\/image\/\",\"url\":\"https:\/\/zsp1chojna.pl\/wp-content\/uploads\/2023\/08\/cropped-cropped-cropped-Logo-biale-napis-na-3-wiersze_504-1.png\",\"contentUrl\":\"https:\/\/zsp1chojna.pl\/wp-content\/uploads\/2023\/08\/cropped-cropped-cropped-Logo-biale-napis-na-3-wiersze_504-1.png\",\"width\":504,\"height\":167,\"caption\":\"ZSP w Chojnie\"},\"image\":{\"@id\":\"https:\/\/zsp1chojna.pl\/#\/schema\/logo\/image\/\"}}]}<\/script>\n<!-- \/ Yoast SEO plugin. -->","yoast_head_json":{"title":"Rok 2012 \u2013 Zasadnicza Szko\u0142a Zawodowa - ZSP w Chojnie","robots":{"index":"index","follow":"follow","max-snippet":"max-snippet:-1","max-image-preview":"max-image-preview:large","max-video-preview":"max-video-preview:-1"},"canonical":"https:\/\/zsp1chojna.pl\/?page_id=11345","og_locale":"pl_PL","og_type":"article","og_title":"Rok 2012 \u2013 Zasadnicza Szko\u0142a Zawodowa - ZSP w Chojnie","og_description":"klasa II awielozawodowawychowawca mgr\u00a0Emilia Skrzypa Bigos Rafa\u0142Bigus Marek JanBodek CezaryCzarnecka Daria MagdalenaDudek AureliaDudek LauraDunikowska DanutaGrondalska Magdalena LucynaKozak AngelikaKrawiec Weronika MonikaKuzior IlonaLachowicz MateuszModras KrystynaNowak Patrycja AnnaPe\u0142ka KlaudiaPokuci\u0144ska MonikaSkar\u017cynska Natalia AnnaSnopek MateuszSosnowska [&hellip;]","og_url":"https:\/\/zsp1chojna.pl\/?page_id=11345","og_site_name":"ZSP w Chojnie","article_modified_time":"2024-11-04T07:22:49+00:00","twitter_card":"summary_large_image","twitter_misc":{"Szacowany czas czytania":"2 minuty"},"schema":{"@context":"https:\/\/schema.org","@graph":[{"@type":"WebPage","@id":"https:\/\/zsp1chojna.pl\/?page_id=11345","url":"https:\/\/zsp1chojna.pl\/?page_id=11345","name":"Rok 2012 \u2013 Zasadnicza Szko\u0142a Zawodowa - ZSP w Chojnie","isPartOf":{"@id":"https:\/\/zsp1chojna.pl\/#website"},"datePublished":"2024-11-04T07:22:28+00:00","dateModified":"2024-11-04T07:22:49+00:00","breadcrumb":{"@id":"https:\/\/zsp1chojna.pl\/?page_id=11345#breadcrumb"},"inLanguage":"pl-PL","potentialAction":[{"@type":"ReadAction","target":["https:\/\/zsp1chojna.pl\/?page_id=11345"]}]},{"@type":"BreadcrumbList","@id":"https:\/\/zsp1chojna.pl\/?page_id=11345#breadcrumb","itemListElement":[{"@type":"ListItem","position":1,"name":"Home","item":"https:\/\/zsp1chojna.pl\/"},{"@type":"ListItem","position":2,"name":"Rok 2012 \u2013 Zasadnicza Szko\u0142a Zawodowa"}]},{"@type":"WebSite","@id":"https:\/\/zsp1chojna.pl\/#website","url":"https:\/\/zsp1chojna.pl\/","name":"ZSP w Chojnie","description":"","publisher":{"@id":"https:\/\/zsp1chojna.pl\/#organization"},"potentialAction":[{"@type":"SearchAction","target":{"@type":"EntryPoint","urlTemplate":"https:\/\/zsp1chojna.pl\/?s={search_term_string}"},"query-input":"required name=search_term_string"}],"inLanguage":"pl-PL"},{"@type":"Organization","@id":"https:\/\/zsp1chojna.pl\/#organization","name":"ZSP w Chojnie","url":"https:\/\/zsp1chojna.pl\/","logo":{"@type":"ImageObject","inLanguage":"pl-PL","@id":"https:\/\/zsp1chojna.pl\/#\/schema\/logo\/image\/","url":"https:\/\/zsp1chojna.pl\/wp-content\/uploads\/2023\/08\/cropped-cropped-cropped-Logo-biale-napis-na-3-wiersze_504-1.png","contentUrl":"https:\/\/zsp1chojna.pl\/wp-content\/uploads\/2023\/08\/cropped-cropped-cropped-Logo-biale-napis-na-3-wiersze_504-1.png","width":504,"height":167,"caption":"ZSP w Chojnie"},"image":{"@id":"https:\/\/zsp1chojna.pl\/#\/schema\/logo\/image\/"}}]}},"_links":{"self":[{"href":"https:\/\/zsp1chojna.pl\/index.php?rest_route=\/wp\/v2\/pages\/11345","targetHints":{"allow":["GET"]}}],"collection":[{"href":"https:\/\/zsp1chojna.pl\/index.php?rest_route=\/wp\/v2\/pages"}],"about":[{"href":"https:\/\/zsp1chojna.pl\/index.php?rest_route=\/wp\/v2\/types\/page"}],"author":[{"embeddable":true,"href":"https:\/\/zsp1chojna.pl\/index.php?rest_route=\/wp\/v2\/users\/8"}],"replies":[{"embeddable":true,"href":"https:\/\/zsp1chojna.pl\/index.php?rest_route=%2Fwp%2Fv2%2Fcomments&post=11345"}],"version-history":[{"count":2,"href":"https:\/\/zsp1chojna.pl\/index.php?rest_route=\/wp\/v2\/pages\/11345\/revisions"}],"predecessor-version":[{"id":11382,"href":"https:\/\/zsp1chojna.pl\/index.php?rest_route=\/wp\/v2\/pages\/11345\/revisions\/11382"}],"wp:attachment":[{"href":"https:\/\/zsp1chojna.pl\/index.php?rest_route=%2Fwp%2Fv2%2Fmedia&parent=11345"}],"curies":[{"name":"wp","href":"https:\/\/api.w.org\/{rel}","templated":true}]}}