{"id":11319,"date":"2024-10-29T13:17:05","date_gmt":"2024-10-29T12:17:05","guid":{"rendered":"https:\/\/zsp1chojna.pl\/?page_id=11319"},"modified":"2024-10-29T13:17:35","modified_gmt":"2024-10-29T12:17:35","slug":"rok-2015-zasadnicza-szkola-zawodowa","status":"publish","type":"page","link":"https:\/\/zsp1chojna.pl\/?page_id=11319","title":{"rendered":"Rok 2015 &#8211; Zasadnicza Szko\u0142a Zawodowa"},"content":{"rendered":"<style>.kadence-column11319_b583a7-8a > .kt-inside-inner-col,.kadence-column11319_b583a7-8a > .kt-inside-inner-col:before{border-top-left-radius:0px;border-top-right-radius:0px;border-bottom-right-radius:0px;border-bottom-left-radius:0px;}.kadence-column11319_b583a7-8a > .kt-inside-inner-col:before{opacity:0.3;}.kadence-column11319_b583a7-8a{position:relative;}<\/style>\n<div class=\"wp-block-kadence-column kadence-column11319_b583a7-8a\"><div class=\"kt-inside-inner-col\">\n<div class=\"wp-block-columns is-layout-flex wp-container-core-columns-is-layout-9d6595d7 wp-block-columns-is-layout-flex\">\n<div class=\"wp-block-column is-layout-flow wp-block-column-is-layout-flow\">\n<p><strong>klasa III\u00a0Wielozawodowa<\/strong><br><strong>wychowawca mgr\u00a0Marek \u0141\u0105giewczyk<\/strong><\/p>\n\n\n\n<p>Bia\u0142ous Agnieszka<br>Dr\u00f3\u017cd\u017c Patrycja<br>Dzi\u0119cio\u0142 Dawid<br>Felszty\u0144ska Ewelina<br>Grabczak Natalia<br>Hamka\u0142o \u017baneta<br>Jeremicz Pola<br>Kowalska Klaudyna<br>Kuku\u0107 Natalia<br>Nazar Artur<br>Nu\u017cy\u0144ska Aleksandra<br>Obst Klaudia<br>Pawlak Piotr<br>Piesik Sandra<br>Pohorecka Izabela<br>Rosiak Patrycja<br>Skarbowska Anna<br>Wojciechowaska Katarzyna<br>Wojtczak Aneta<br>Zakrzewska Adriana<br>Zimnoch Katarzyna<\/p>\n<\/div>\n\n\n\n<div class=\"wp-block-column is-layout-flow wp-block-column-is-layout-flow\">\n<p><strong>klasa\u00a0 III monter zabudowy i\u00a0rob\u00f3t wyko\u0144czeniowych w\u00a0budownictwie<\/strong><br><strong>wychowawca mgr\u00a0Lilla Grabczak<br><\/strong><\/p>\n\n\n\n<p>Bednarz Dawid<br>B\u0142a\u017c Mateusz<br>Choda\u0142a Przemys\u0142aw<br>Cichowski Karol<br>Cie\u015bla Patryk<br>Gontek Maksymilian<br>Grabczak Micha\u0142<br>Gutowski Damian<br>Kamieniecki Jaros\u0142aw<br>Korku\u015b Andrzej<br>Krawiec Mariusz<br>Lis Pawe\u0142<br>\u0141\u0105giewczyk Przemys\u0142aw<br>Omela\u0144ski Maciej<br>Markiewicz Hubert<br>Palczak Hubert<br>Socha Micha\u0142<br>Sprusi\u0144ski Adam<br>Sularz Dawid<br>Szczepa\u0144ski J\u00f3zef<br>Tyto\u0144 Andzrej<br>Urz\u0119dowski Damian<br>Wermuth Dawid<br>Zdybel Konrad<\/p>\n\n\n\n<p><\/p>\n<\/div>\n\n\n\n<div class=\"wp-block-column is-layout-flow wp-block-column-is-layout-flow\">\n<p><strong>klasa III mechanik pojazd\u00f3w samochodowych<\/strong><br>w<strong>ychowawca mgr\u00a0in\u017c.\u00a0Krzysztof Pawlczyk<\/strong><\/p>\n\n\n\n<p>At\u0142as Alan<br>Bia\u0142ek Arkadiusz<br>Dziewi\u0105tka Tomasz<br>Gotfryd Karol<br>Gral Wojciech<br>Grucha\u0142a Damian<br>Kasprzyk Rafa\u0142<br>Kowalski Mateusz<br>Majewski Arkadiusz<br>Masopust Artur<br>Miko\u0142ajczyk Konrad<br>Przybylski Dawid<br>Sta\u0144czyk Karol<br>Szpilski Karol<br>U\u0142anek Przemys\u0142aw<\/p>\n<\/div>\n<\/div>\n<\/div><\/div>\n\n\n\n<p><\/p>\n","protected":false},"excerpt":{"rendered":"<p>klasa III\u00a0Wielozawodowawychowawca mgr\u00a0Marek \u0141\u0105giewczyk Bia\u0142ous AgnieszkaDr\u00f3\u017cd\u017c PatrycjaDzi\u0119cio\u0142 DawidFelszty\u0144ska EwelinaGrabczak NataliaHamka\u0142o \u017banetaJeremicz PolaKowalska KlaudynaKuku\u0107 NataliaNazar ArturNu\u017cy\u0144ska AleksandraObst KlaudiaPawlak PiotrPiesik SandraPohorecka IzabelaRosiak PatrycjaSkarbowska AnnaWojciechowaska KatarzynaWojtczak AnetaZakrzewska AdrianaZimnoch Katarzyna klasa\u00a0 III monter zabudowy [&hellip;]<\/p>\n","protected":false},"author":8,"featured_media":0,"parent":0,"menu_order":0,"comment_status":"closed","ping_status":"closed","template":"","meta":{"footnotes":""},"class_list":["post-11319","page","type-page","status-publish","hentry"],"yoast_head":"<!-- This site is optimized with the Yoast SEO plugin v20.13 - https:\/\/yoast.com\/wordpress\/plugins\/seo\/ -->\n<title>Rok 2015 - Zasadnicza Szko\u0142a Zawodowa - ZSP w Chojnie<\/title>\n<meta name=\"robots\" content=\"index, follow, max-snippet:-1, max-image-preview:large, max-video-preview:-1\" \/>\n<link rel=\"canonical\" href=\"https:\/\/zsp1chojna.pl\/?page_id=11319\" \/>\n<meta property=\"og:locale\" content=\"pl_PL\" \/>\n<meta property=\"og:type\" content=\"article\" \/>\n<meta property=\"og:title\" content=\"Rok 2015 - Zasadnicza Szko\u0142a Zawodowa - ZSP w Chojnie\" \/>\n<meta property=\"og:description\" content=\"klasa III\u00a0Wielozawodowawychowawca mgr\u00a0Marek \u0141\u0105giewczyk Bia\u0142ous AgnieszkaDr\u00f3\u017cd\u017c PatrycjaDzi\u0119cio\u0142 DawidFelszty\u0144ska EwelinaGrabczak NataliaHamka\u0142o \u017banetaJeremicz PolaKowalska KlaudynaKuku\u0107 NataliaNazar ArturNu\u017cy\u0144ska AleksandraObst KlaudiaPawlak PiotrPiesik SandraPohorecka IzabelaRosiak PatrycjaSkarbowska AnnaWojciechowaska KatarzynaWojtczak AnetaZakrzewska AdrianaZimnoch Katarzyna klasa\u00a0 III monter zabudowy [&hellip;]\" \/>\n<meta property=\"og:url\" content=\"https:\/\/zsp1chojna.pl\/?page_id=11319\" \/>\n<meta property=\"og:site_name\" content=\"ZSP w Chojnie\" \/>\n<meta property=\"article:modified_time\" content=\"2024-10-29T12:17:35+00:00\" \/>\n<meta name=\"twitter:card\" content=\"summary_large_image\" \/>\n<meta name=\"twitter:label1\" content=\"Szacowany czas czytania\" \/>\n\t<meta name=\"twitter:data1\" content=\"1 minuta\" \/>\n<script type=\"application\/ld+json\" class=\"yoast-schema-graph\">{\"@context\":\"https:\/\/schema.org\",\"@graph\":[{\"@type\":\"WebPage\",\"@id\":\"https:\/\/zsp1chojna.pl\/?page_id=11319\",\"url\":\"https:\/\/zsp1chojna.pl\/?page_id=11319\",\"name\":\"Rok 2015 - Zasadnicza Szko\u0142a Zawodowa - ZSP w Chojnie\",\"isPartOf\":{\"@id\":\"https:\/\/zsp1chojna.pl\/#website\"},\"datePublished\":\"2024-10-29T12:17:05+00:00\",\"dateModified\":\"2024-10-29T12:17:35+00:00\",\"breadcrumb\":{\"@id\":\"https:\/\/zsp1chojna.pl\/?page_id=11319#breadcrumb\"},\"inLanguage\":\"pl-PL\",\"potentialAction\":[{\"@type\":\"ReadAction\",\"target\":[\"https:\/\/zsp1chojna.pl\/?page_id=11319\"]}]},{\"@type\":\"BreadcrumbList\",\"@id\":\"https:\/\/zsp1chojna.pl\/?page_id=11319#breadcrumb\",\"itemListElement\":[{\"@type\":\"ListItem\",\"position\":1,\"name\":\"Home\",\"item\":\"https:\/\/zsp1chojna.pl\/\"},{\"@type\":\"ListItem\",\"position\":2,\"name\":\"Rok 2015 &#8211; Zasadnicza Szko\u0142a Zawodowa\"}]},{\"@type\":\"WebSite\",\"@id\":\"https:\/\/zsp1chojna.pl\/#website\",\"url\":\"https:\/\/zsp1chojna.pl\/\",\"name\":\"ZSP w Chojnie\",\"description\":\"\",\"publisher\":{\"@id\":\"https:\/\/zsp1chojna.pl\/#organization\"},\"potentialAction\":[{\"@type\":\"SearchAction\",\"target\":{\"@type\":\"EntryPoint\",\"urlTemplate\":\"https:\/\/zsp1chojna.pl\/?s={search_term_string}\"},\"query-input\":\"required name=search_term_string\"}],\"inLanguage\":\"pl-PL\"},{\"@type\":\"Organization\",\"@id\":\"https:\/\/zsp1chojna.pl\/#organization\",\"name\":\"ZSP w Chojnie\",\"url\":\"https:\/\/zsp1chojna.pl\/\",\"logo\":{\"@type\":\"ImageObject\",\"inLanguage\":\"pl-PL\",\"@id\":\"https:\/\/zsp1chojna.pl\/#\/schema\/logo\/image\/\",\"url\":\"https:\/\/zsp1chojna.pl\/wp-content\/uploads\/2023\/08\/cropped-cropped-cropped-Logo-biale-napis-na-3-wiersze_504-1.png\",\"contentUrl\":\"https:\/\/zsp1chojna.pl\/wp-content\/uploads\/2023\/08\/cropped-cropped-cropped-Logo-biale-napis-na-3-wiersze_504-1.png\",\"width\":504,\"height\":167,\"caption\":\"ZSP w Chojnie\"},\"image\":{\"@id\":\"https:\/\/zsp1chojna.pl\/#\/schema\/logo\/image\/\"}}]}<\/script>\n<!-- \/ Yoast SEO plugin. -->","yoast_head_json":{"title":"Rok 2015 - Zasadnicza Szko\u0142a Zawodowa - ZSP w Chojnie","robots":{"index":"index","follow":"follow","max-snippet":"max-snippet:-1","max-image-preview":"max-image-preview:large","max-video-preview":"max-video-preview:-1"},"canonical":"https:\/\/zsp1chojna.pl\/?page_id=11319","og_locale":"pl_PL","og_type":"article","og_title":"Rok 2015 - Zasadnicza Szko\u0142a Zawodowa - ZSP w Chojnie","og_description":"klasa III\u00a0Wielozawodowawychowawca mgr\u00a0Marek \u0141\u0105giewczyk Bia\u0142ous AgnieszkaDr\u00f3\u017cd\u017c PatrycjaDzi\u0119cio\u0142 DawidFelszty\u0144ska EwelinaGrabczak NataliaHamka\u0142o \u017banetaJeremicz PolaKowalska KlaudynaKuku\u0107 NataliaNazar ArturNu\u017cy\u0144ska AleksandraObst KlaudiaPawlak PiotrPiesik SandraPohorecka IzabelaRosiak PatrycjaSkarbowska AnnaWojciechowaska KatarzynaWojtczak AnetaZakrzewska AdrianaZimnoch Katarzyna klasa\u00a0 III monter zabudowy [&hellip;]","og_url":"https:\/\/zsp1chojna.pl\/?page_id=11319","og_site_name":"ZSP w Chojnie","article_modified_time":"2024-10-29T12:17:35+00:00","twitter_card":"summary_large_image","twitter_misc":{"Szacowany czas czytania":"1 minuta"},"schema":{"@context":"https:\/\/schema.org","@graph":[{"@type":"WebPage","@id":"https:\/\/zsp1chojna.pl\/?page_id=11319","url":"https:\/\/zsp1chojna.pl\/?page_id=11319","name":"Rok 2015 - Zasadnicza Szko\u0142a Zawodowa - ZSP w Chojnie","isPartOf":{"@id":"https:\/\/zsp1chojna.pl\/#website"},"datePublished":"2024-10-29T12:17:05+00:00","dateModified":"2024-10-29T12:17:35+00:00","breadcrumb":{"@id":"https:\/\/zsp1chojna.pl\/?page_id=11319#breadcrumb"},"inLanguage":"pl-PL","potentialAction":[{"@type":"ReadAction","target":["https:\/\/zsp1chojna.pl\/?page_id=11319"]}]},{"@type":"BreadcrumbList","@id":"https:\/\/zsp1chojna.pl\/?page_id=11319#breadcrumb","itemListElement":[{"@type":"ListItem","position":1,"name":"Home","item":"https:\/\/zsp1chojna.pl\/"},{"@type":"ListItem","position":2,"name":"Rok 2015 &#8211; Zasadnicza Szko\u0142a Zawodowa"}]},{"@type":"WebSite","@id":"https:\/\/zsp1chojna.pl\/#website","url":"https:\/\/zsp1chojna.pl\/","name":"ZSP w Chojnie","description":"","publisher":{"@id":"https:\/\/zsp1chojna.pl\/#organization"},"potentialAction":[{"@type":"SearchAction","target":{"@type":"EntryPoint","urlTemplate":"https:\/\/zsp1chojna.pl\/?s={search_term_string}"},"query-input":"required name=search_term_string"}],"inLanguage":"pl-PL"},{"@type":"Organization","@id":"https:\/\/zsp1chojna.pl\/#organization","name":"ZSP w Chojnie","url":"https:\/\/zsp1chojna.pl\/","logo":{"@type":"ImageObject","inLanguage":"pl-PL","@id":"https:\/\/zsp1chojna.pl\/#\/schema\/logo\/image\/","url":"https:\/\/zsp1chojna.pl\/wp-content\/uploads\/2023\/08\/cropped-cropped-cropped-Logo-biale-napis-na-3-wiersze_504-1.png","contentUrl":"https:\/\/zsp1chojna.pl\/wp-content\/uploads\/2023\/08\/cropped-cropped-cropped-Logo-biale-napis-na-3-wiersze_504-1.png","width":504,"height":167,"caption":"ZSP w Chojnie"},"image":{"@id":"https:\/\/zsp1chojna.pl\/#\/schema\/logo\/image\/"}}]}},"_links":{"self":[{"href":"https:\/\/zsp1chojna.pl\/index.php?rest_route=\/wp\/v2\/pages\/11319","targetHints":{"allow":["GET"]}}],"collection":[{"href":"https:\/\/zsp1chojna.pl\/index.php?rest_route=\/wp\/v2\/pages"}],"about":[{"href":"https:\/\/zsp1chojna.pl\/index.php?rest_route=\/wp\/v2\/types\/page"}],"author":[{"embeddable":true,"href":"https:\/\/zsp1chojna.pl\/index.php?rest_route=\/wp\/v2\/users\/8"}],"replies":[{"embeddable":true,"href":"https:\/\/zsp1chojna.pl\/index.php?rest_route=%2Fwp%2Fv2%2Fcomments&post=11319"}],"version-history":[{"count":2,"href":"https:\/\/zsp1chojna.pl\/index.php?rest_route=\/wp\/v2\/pages\/11319\/revisions"}],"predecessor-version":[{"id":11329,"href":"https:\/\/zsp1chojna.pl\/index.php?rest_route=\/wp\/v2\/pages\/11319\/revisions\/11329"}],"wp:attachment":[{"href":"https:\/\/zsp1chojna.pl\/index.php?rest_route=%2Fwp%2Fv2%2Fmedia&parent=11319"}],"curies":[{"name":"wp","href":"https:\/\/api.w.org\/{rel}","templated":true}]}}