{"id":11154,"date":"2024-09-09T11:18:41","date_gmt":"2024-09-09T09:18:41","guid":{"rendered":"https:\/\/zsp1chojna.pl\/?page_id=11154"},"modified":"2024-10-28T11:23:54","modified_gmt":"2024-10-28T10:23:54","slug":"kiermasz-uzywanych-podrecznikow-szkolnych","status":"publish","type":"page","link":"https:\/\/zsp1chojna.pl\/?page_id=11154","title":{"rendered":"Kiermasz podr\u0119cznik\u00f3w szkolnych 2024\/2025"},"content":{"rendered":"\n<p class=\"has-text-align-center\"><strong>ORGANIZACJA KIERMASZU PODR\u0118CZNIK\u00d3W SZKOLNYCH<br>&nbsp;2024\/2025<br>&nbsp;w Zespole Szk\u00f3\u0142 Ponadpodstawowych w Chojnie.<\/strong><\/p>\n\n\n\n<ol class=\"wp-block-list\">\n<li>W dniach 9-13 wrze\u015bnia 2024 r. w bibliotece szkolnej odb\u0119dzie si\u0119 kiermasz u\u017cywanych podr\u0119cznik\u00f3w szkolnych.<\/li>\n\n\n\n<li>Organizatorami szkolnego kiermaszu podr\u0119cznik\u00f3w, s\u0105 nauczyciele bibliotekarze, kt\u00f3rzy po\u015brednicz\u0105 mi\u0119dzy sprzedaj\u0105cymi i kupuj\u0105cymi.<\/li>\n\n\n\n<li>Kiermasz przeznaczony jest dla uczni\u00f3w i absolwent\u00f3w ZSP w Chojnie, kt\u00f3rzy chc\u0105 sprzeda\u0107, b\u0105d\u017a kupi\u0107 podr\u0119czniki.<\/li>\n\n\n\n<li><strong>&nbsp;Podr\u0119czniki na kiermasz przyjmowane b\u0119d\u0105 od 3 do 9 wrze\u015bnia w <\/strong><strong>bibliotece szkolnej.<\/strong><\/li>\n\n\n\n<li>Sprzeda\u017c rozpocznie si\u0119 9 wrze\u015bnia i potrwa do 13 wrze\u015bnia w godzinach otwarcia biblioteki, tj. od 7.00-16.00.<\/li>\n\n\n\n<li>Przynosz\u0105cy ksi\u0105\u017cki umieszcza je w jednorazowej torbie lub worku z opisem, zawartym w punkcie 7.<\/li>\n\n\n\n<li>Na&nbsp; kartce&nbsp; A4&nbsp; nale\u017cy zamie\u015bci\u0107:\n<ul class=\"wp-block-list\">\n<li>&nbsp;dane sprzedaj\u0105cego: imi\u0119 i nazwisko, klas\u0119, w przypadku absolwent\u00f3w&nbsp; numer&nbsp; telefonu kontaktowego,<\/li>\n\n\n\n<li>wykaz zawieraj\u0105cy wyszczeg\u00f3lnione w punktach: tytu\u0142 ksi\u0105\u017cki, autora, cen\u0119,<\/li>\n<\/ul>\n<\/li>\n\n\n\n<li>Ponadto obowi\u0105zkowo:\n<ul class=\"wp-block-list\">\n<li>na pierwszej stronie ksi\u0105\u017cki, przyklejona jest karteczka samoprzylepna<br>z danymi: imi\u0119, nazwisko, klasa sprzedaj\u0105cego tytu\u0142 ksi\u0105\u017cki oraz cena, <\/li>\n<\/ul>\n<\/li>\n\n\n\n<li><strong>Karteczki w ksi\u0105\u017ckach jak i r\u00f3wnie\u017c opisy prosz\u0119 przygotowa\u0107 w domu. Na miejscu nie b\u0119dzie takiej mo\u017cliwo\u015bci, a nieopisane podr\u0119czniki lub bez listy nie b\u0119d\u0105 przyjmowane.<\/strong><\/li>\n\n\n\n<li>Podr\u0119czniki powinny by\u0107 w stanie dobrym, nadaj\u0105cym si\u0119 do ponownego korzystania.<\/li>\n\n\n\n<li><strong>Pami\u0119taj o przygotowaniu drobnych&nbsp;pieni\u0119dzy,&nbsp;bibliotekarz przyjmuje TYLKO wyliczone kwoty.<\/strong><\/li>\n\n\n\n<li>Rozliczenie finansowe odb\u0119dzie si\u0119 po zako\u0144czeniu kiermaszu w dniach 24-27 wrze\u015bnia w bibliotece szkolnej.<\/li>\n<\/ol>\n\n\n\n<p class=\"has-text-align-right\"><\/p>\n","protected":false},"excerpt":{"rendered":"<p>ORGANIZACJA KIERMASZU PODR\u0118CZNIK\u00d3W SZKOLNYCH&nbsp;2024\/2025&nbsp;w Zespole Szk\u00f3\u0142 Ponadpodstawowych w Chojnie.<\/p>\n","protected":false},"author":1,"featured_media":0,"parent":0,"menu_order":0,"comment_status":"closed","ping_status":"closed","template":"","meta":{"footnotes":""},"class_list":["post-11154","page","type-page","status-publish","hentry"],"yoast_head":"<!-- This site is optimized with the Yoast SEO plugin v20.13 - https:\/\/yoast.com\/wordpress\/plugins\/seo\/ -->\n<title>Kiermasz podr\u0119cznik\u00f3w szkolnych 2024\/2025 - ZSP w Chojnie<\/title>\n<meta name=\"robots\" content=\"index, follow, max-snippet:-1, max-image-preview:large, max-video-preview:-1\" \/>\n<link rel=\"canonical\" href=\"https:\/\/zsp1chojna.pl\/?page_id=11154\" \/>\n<meta property=\"og:locale\" content=\"pl_PL\" \/>\n<meta property=\"og:type\" content=\"article\" \/>\n<meta property=\"og:title\" content=\"Kiermasz podr\u0119cznik\u00f3w szkolnych 2024\/2025 - ZSP w Chojnie\" \/>\n<meta property=\"og:description\" content=\"ORGANIZACJA KIERMASZU PODR\u0118CZNIK\u00d3W SZKOLNYCH&nbsp;2024\/2025&nbsp;w Zespole Szk\u00f3\u0142 Ponadpodstawowych w Chojnie.\" \/>\n<meta property=\"og:url\" content=\"https:\/\/zsp1chojna.pl\/?page_id=11154\" \/>\n<meta property=\"og:site_name\" content=\"ZSP w Chojnie\" \/>\n<meta property=\"article:modified_time\" content=\"2024-10-28T10:23:54+00:00\" \/>\n<meta name=\"twitter:card\" content=\"summary_large_image\" \/>\n<meta name=\"twitter:label1\" content=\"Szacowany czas czytania\" \/>\n\t<meta name=\"twitter:data1\" content=\"2 minuty\" \/>\n<script type=\"application\/ld+json\" class=\"yoast-schema-graph\">{\"@context\":\"https:\/\/schema.org\",\"@graph\":[{\"@type\":\"WebPage\",\"@id\":\"https:\/\/zsp1chojna.pl\/?page_id=11154\",\"url\":\"https:\/\/zsp1chojna.pl\/?page_id=11154\",\"name\":\"Kiermasz podr\u0119cznik\u00f3w szkolnych 2024\/2025 - ZSP w Chojnie\",\"isPartOf\":{\"@id\":\"https:\/\/zsp1chojna.pl\/#website\"},\"datePublished\":\"2024-09-09T09:18:41+00:00\",\"dateModified\":\"2024-10-28T10:23:54+00:00\",\"breadcrumb\":{\"@id\":\"https:\/\/zsp1chojna.pl\/?page_id=11154#breadcrumb\"},\"inLanguage\":\"pl-PL\",\"potentialAction\":[{\"@type\":\"ReadAction\",\"target\":[\"https:\/\/zsp1chojna.pl\/?page_id=11154\"]}]},{\"@type\":\"BreadcrumbList\",\"@id\":\"https:\/\/zsp1chojna.pl\/?page_id=11154#breadcrumb\",\"itemListElement\":[{\"@type\":\"ListItem\",\"position\":1,\"name\":\"Home\",\"item\":\"https:\/\/zsp1chojna.pl\/\"},{\"@type\":\"ListItem\",\"position\":2,\"name\":\"Kiermasz podr\u0119cznik\u00f3w szkolnych 2024\/2025\"}]},{\"@type\":\"WebSite\",\"@id\":\"https:\/\/zsp1chojna.pl\/#website\",\"url\":\"https:\/\/zsp1chojna.pl\/\",\"name\":\"ZSP w Chojnie\",\"description\":\"\",\"publisher\":{\"@id\":\"https:\/\/zsp1chojna.pl\/#organization\"},\"potentialAction\":[{\"@type\":\"SearchAction\",\"target\":{\"@type\":\"EntryPoint\",\"urlTemplate\":\"https:\/\/zsp1chojna.pl\/?s={search_term_string}\"},\"query-input\":\"required name=search_term_string\"}],\"inLanguage\":\"pl-PL\"},{\"@type\":\"Organization\",\"@id\":\"https:\/\/zsp1chojna.pl\/#organization\",\"name\":\"ZSP w Chojnie\",\"url\":\"https:\/\/zsp1chojna.pl\/\",\"logo\":{\"@type\":\"ImageObject\",\"inLanguage\":\"pl-PL\",\"@id\":\"https:\/\/zsp1chojna.pl\/#\/schema\/logo\/image\/\",\"url\":\"https:\/\/zsp1chojna.pl\/wp-content\/uploads\/2023\/08\/cropped-cropped-cropped-Logo-biale-napis-na-3-wiersze_504-1.png\",\"contentUrl\":\"https:\/\/zsp1chojna.pl\/wp-content\/uploads\/2023\/08\/cropped-cropped-cropped-Logo-biale-napis-na-3-wiersze_504-1.png\",\"width\":504,\"height\":167,\"caption\":\"ZSP w Chojnie\"},\"image\":{\"@id\":\"https:\/\/zsp1chojna.pl\/#\/schema\/logo\/image\/\"}}]}<\/script>\n<!-- \/ Yoast SEO plugin. -->","yoast_head_json":{"title":"Kiermasz podr\u0119cznik\u00f3w szkolnych 2024\/2025 - ZSP w Chojnie","robots":{"index":"index","follow":"follow","max-snippet":"max-snippet:-1","max-image-preview":"max-image-preview:large","max-video-preview":"max-video-preview:-1"},"canonical":"https:\/\/zsp1chojna.pl\/?page_id=11154","og_locale":"pl_PL","og_type":"article","og_title":"Kiermasz podr\u0119cznik\u00f3w szkolnych 2024\/2025 - ZSP w Chojnie","og_description":"ORGANIZACJA KIERMASZU PODR\u0118CZNIK\u00d3W SZKOLNYCH&nbsp;2024\/2025&nbsp;w Zespole Szk\u00f3\u0142 Ponadpodstawowych w Chojnie.","og_url":"https:\/\/zsp1chojna.pl\/?page_id=11154","og_site_name":"ZSP w Chojnie","article_modified_time":"2024-10-28T10:23:54+00:00","twitter_card":"summary_large_image","twitter_misc":{"Szacowany czas czytania":"2 minuty"},"schema":{"@context":"https:\/\/schema.org","@graph":[{"@type":"WebPage","@id":"https:\/\/zsp1chojna.pl\/?page_id=11154","url":"https:\/\/zsp1chojna.pl\/?page_id=11154","name":"Kiermasz podr\u0119cznik\u00f3w szkolnych 2024\/2025 - ZSP w Chojnie","isPartOf":{"@id":"https:\/\/zsp1chojna.pl\/#website"},"datePublished":"2024-09-09T09:18:41+00:00","dateModified":"2024-10-28T10:23:54+00:00","breadcrumb":{"@id":"https:\/\/zsp1chojna.pl\/?page_id=11154#breadcrumb"},"inLanguage":"pl-PL","potentialAction":[{"@type":"ReadAction","target":["https:\/\/zsp1chojna.pl\/?page_id=11154"]}]},{"@type":"BreadcrumbList","@id":"https:\/\/zsp1chojna.pl\/?page_id=11154#breadcrumb","itemListElement":[{"@type":"ListItem","position":1,"name":"Home","item":"https:\/\/zsp1chojna.pl\/"},{"@type":"ListItem","position":2,"name":"Kiermasz podr\u0119cznik\u00f3w szkolnych 2024\/2025"}]},{"@type":"WebSite","@id":"https:\/\/zsp1chojna.pl\/#website","url":"https:\/\/zsp1chojna.pl\/","name":"ZSP w Chojnie","description":"","publisher":{"@id":"https:\/\/zsp1chojna.pl\/#organization"},"potentialAction":[{"@type":"SearchAction","target":{"@type":"EntryPoint","urlTemplate":"https:\/\/zsp1chojna.pl\/?s={search_term_string}"},"query-input":"required name=search_term_string"}],"inLanguage":"pl-PL"},{"@type":"Organization","@id":"https:\/\/zsp1chojna.pl\/#organization","name":"ZSP w Chojnie","url":"https:\/\/zsp1chojna.pl\/","logo":{"@type":"ImageObject","inLanguage":"pl-PL","@id":"https:\/\/zsp1chojna.pl\/#\/schema\/logo\/image\/","url":"https:\/\/zsp1chojna.pl\/wp-content\/uploads\/2023\/08\/cropped-cropped-cropped-Logo-biale-napis-na-3-wiersze_504-1.png","contentUrl":"https:\/\/zsp1chojna.pl\/wp-content\/uploads\/2023\/08\/cropped-cropped-cropped-Logo-biale-napis-na-3-wiersze_504-1.png","width":504,"height":167,"caption":"ZSP w Chojnie"},"image":{"@id":"https:\/\/zsp1chojna.pl\/#\/schema\/logo\/image\/"}}]}},"_links":{"self":[{"href":"https:\/\/zsp1chojna.pl\/index.php?rest_route=\/wp\/v2\/pages\/11154","targetHints":{"allow":["GET"]}}],"collection":[{"href":"https:\/\/zsp1chojna.pl\/index.php?rest_route=\/wp\/v2\/pages"}],"about":[{"href":"https:\/\/zsp1chojna.pl\/index.php?rest_route=\/wp\/v2\/types\/page"}],"author":[{"embeddable":true,"href":"https:\/\/zsp1chojna.pl\/index.php?rest_route=\/wp\/v2\/users\/1"}],"replies":[{"embeddable":true,"href":"https:\/\/zsp1chojna.pl\/index.php?rest_route=%2Fwp%2Fv2%2Fcomments&post=11154"}],"version-history":[{"count":4,"href":"https:\/\/zsp1chojna.pl\/index.php?rest_route=\/wp\/v2\/pages\/11154\/revisions"}],"predecessor-version":[{"id":11160,"href":"https:\/\/zsp1chojna.pl\/index.php?rest_route=\/wp\/v2\/pages\/11154\/revisions\/11160"}],"wp:attachment":[{"href":"https:\/\/zsp1chojna.pl\/index.php?rest_route=%2Fwp%2Fv2%2Fmedia&parent=11154"}],"curies":[{"name":"wp","href":"https:\/\/api.w.org\/{rel}","templated":true}]}}