{"id":11144,"date":"2024-10-28T10:35:42","date_gmt":"2024-10-28T09:35:42","guid":{"rendered":"https:\/\/zsp1chojna.pl\/?page_id=11144"},"modified":"2024-10-28T10:35:43","modified_gmt":"2024-10-28T09:35:43","slug":"rok-2009-technik-organizacji-uslug-gastronomicznych","status":"publish","type":"page","link":"https:\/\/zsp1chojna.pl\/?page_id=11144","title":{"rendered":"Rok 2009 \u2013 technik organizacji us\u0142ug gastronomicznych"},"content":{"rendered":"\n<p><strong>Wychowawca mgr\u00a0Norbert Ole\u015bk\u00f3w<\/strong><br><br>Andrzejewski Mariusz<br>Braszka Natalia<br>Cho\u0142odowski Pawe\u0142<br>Cie\u015blik Agata<br>Drela Mateusz<br>Dymczyk Edyta<br>G\u0105go\u0142 Marek<br>Gutowska Patrycja<br>Jaz Krzysztof<br>Ko\u0142odziej Magdalena<br>Kornecka Magdalena<br>Kuca Marcin<br>Kulik Agata<br>Kulik Jagoda<br>Kurowska Natalia<br>\u0141usia Weronika<br>Maceluch Kamila<br>Maciejewska Marzena<br>Noga Arkadiusz<br>Oleksiak Rados\u0142aw<br>Ostr\u0119ga Patrycja<br>Pawlisiak Tomasz<br>Piasecka Agata<br>Rokicka Justyna<br>Siegie\u0144 Daria<br>Sienkiewicz Krzysztof<br>Siwak Remigiusz<br>S\u0142owik Elwira<br>Starczewska Katarzyna<br>Strzelecki Damian<br>Szel\u0105\u017cek Dominika<br>Tokarski Przemys\u0142aw<br>Trepanowski Piotr<br>Zacharewicz Ewelina<\/p>\n","protected":false},"excerpt":{"rendered":"<p>Wychowawca mgr\u00a0Norbert Ole\u015bk\u00f3w Andrzejewski MariuszBraszka NataliaCho\u0142odowski Pawe\u0142Cie\u015blik AgataDrela MateuszDymczyk EdytaG\u0105go\u0142 MarekGutowska PatrycjaJaz KrzysztofKo\u0142odziej MagdalenaKornecka MagdalenaKuca MarcinKulik AgataKulik JagodaKurowska Natalia\u0141usia WeronikaMaceluch KamilaMaciejewska MarzenaNoga ArkadiuszOleksiak Rados\u0142awOstr\u0119ga PatrycjaPawlisiak TomaszPiasecka AgataRokicka JustynaSiegie\u0144 DariaSienkiewicz KrzysztofSiwak [&hellip;]<\/p>\n","protected":false},"author":9,"featured_media":0,"parent":0,"menu_order":0,"comment_status":"closed","ping_status":"closed","template":"","meta":{"footnotes":""},"class_list":["post-11144","page","type-page","status-publish","hentry"],"yoast_head":"<!-- This site is optimized with the Yoast SEO plugin v20.13 - https:\/\/yoast.com\/wordpress\/plugins\/seo\/ -->\n<title>Rok 2009 \u2013 technik organizacji us\u0142ug gastronomicznych - ZSP w Chojnie<\/title>\n<meta name=\"robots\" content=\"index, follow, max-snippet:-1, max-image-preview:large, max-video-preview:-1\" \/>\n<link rel=\"canonical\" href=\"https:\/\/zsp1chojna.pl\/?page_id=11144\" \/>\n<meta property=\"og:locale\" content=\"pl_PL\" \/>\n<meta property=\"og:type\" content=\"article\" \/>\n<meta property=\"og:title\" content=\"Rok 2009 \u2013 technik organizacji us\u0142ug gastronomicznych - ZSP w Chojnie\" \/>\n<meta property=\"og:description\" content=\"Wychowawca mgr\u00a0Norbert Ole\u015bk\u00f3w Andrzejewski MariuszBraszka NataliaCho\u0142odowski Pawe\u0142Cie\u015blik AgataDrela MateuszDymczyk EdytaG\u0105go\u0142 MarekGutowska PatrycjaJaz KrzysztofKo\u0142odziej MagdalenaKornecka MagdalenaKuca MarcinKulik AgataKulik JagodaKurowska Natalia\u0141usia WeronikaMaceluch KamilaMaciejewska MarzenaNoga ArkadiuszOleksiak Rados\u0142awOstr\u0119ga PatrycjaPawlisiak TomaszPiasecka AgataRokicka JustynaSiegie\u0144 DariaSienkiewicz KrzysztofSiwak [&hellip;]\" \/>\n<meta property=\"og:url\" content=\"https:\/\/zsp1chojna.pl\/?page_id=11144\" \/>\n<meta property=\"og:site_name\" content=\"ZSP w Chojnie\" \/>\n<meta property=\"article:modified_time\" content=\"2024-10-28T09:35:43+00:00\" \/>\n<meta name=\"twitter:card\" content=\"summary_large_image\" \/>\n<meta name=\"twitter:label1\" content=\"Szacowany czas czytania\" \/>\n\t<meta name=\"twitter:data1\" content=\"1 minuta\" \/>\n<script type=\"application\/ld+json\" class=\"yoast-schema-graph\">{\"@context\":\"https:\/\/schema.org\",\"@graph\":[{\"@type\":\"WebPage\",\"@id\":\"https:\/\/zsp1chojna.pl\/?page_id=11144\",\"url\":\"https:\/\/zsp1chojna.pl\/?page_id=11144\",\"name\":\"Rok 2009 \u2013 technik organizacji us\u0142ug gastronomicznych - ZSP w Chojnie\",\"isPartOf\":{\"@id\":\"https:\/\/zsp1chojna.pl\/#website\"},\"datePublished\":\"2024-10-28T09:35:42+00:00\",\"dateModified\":\"2024-10-28T09:35:43+00:00\",\"breadcrumb\":{\"@id\":\"https:\/\/zsp1chojna.pl\/?page_id=11144#breadcrumb\"},\"inLanguage\":\"pl-PL\",\"potentialAction\":[{\"@type\":\"ReadAction\",\"target\":[\"https:\/\/zsp1chojna.pl\/?page_id=11144\"]}]},{\"@type\":\"BreadcrumbList\",\"@id\":\"https:\/\/zsp1chojna.pl\/?page_id=11144#breadcrumb\",\"itemListElement\":[{\"@type\":\"ListItem\",\"position\":1,\"name\":\"Home\",\"item\":\"https:\/\/zsp1chojna.pl\/\"},{\"@type\":\"ListItem\",\"position\":2,\"name\":\"Rok 2009 \u2013 technik organizacji us\u0142ug gastronomicznych\"}]},{\"@type\":\"WebSite\",\"@id\":\"https:\/\/zsp1chojna.pl\/#website\",\"url\":\"https:\/\/zsp1chojna.pl\/\",\"name\":\"ZSP w Chojnie\",\"description\":\"\",\"publisher\":{\"@id\":\"https:\/\/zsp1chojna.pl\/#organization\"},\"potentialAction\":[{\"@type\":\"SearchAction\",\"target\":{\"@type\":\"EntryPoint\",\"urlTemplate\":\"https:\/\/zsp1chojna.pl\/?s={search_term_string}\"},\"query-input\":\"required name=search_term_string\"}],\"inLanguage\":\"pl-PL\"},{\"@type\":\"Organization\",\"@id\":\"https:\/\/zsp1chojna.pl\/#organization\",\"name\":\"ZSP w Chojnie\",\"url\":\"https:\/\/zsp1chojna.pl\/\",\"logo\":{\"@type\":\"ImageObject\",\"inLanguage\":\"pl-PL\",\"@id\":\"https:\/\/zsp1chojna.pl\/#\/schema\/logo\/image\/\",\"url\":\"https:\/\/zsp1chojna.pl\/wp-content\/uploads\/2023\/08\/cropped-cropped-cropped-Logo-biale-napis-na-3-wiersze_504-1.png\",\"contentUrl\":\"https:\/\/zsp1chojna.pl\/wp-content\/uploads\/2023\/08\/cropped-cropped-cropped-Logo-biale-napis-na-3-wiersze_504-1.png\",\"width\":504,\"height\":167,\"caption\":\"ZSP w Chojnie\"},\"image\":{\"@id\":\"https:\/\/zsp1chojna.pl\/#\/schema\/logo\/image\/\"}}]}<\/script>\n<!-- \/ Yoast SEO plugin. -->","yoast_head_json":{"title":"Rok 2009 \u2013 technik organizacji us\u0142ug gastronomicznych - ZSP w Chojnie","robots":{"index":"index","follow":"follow","max-snippet":"max-snippet:-1","max-image-preview":"max-image-preview:large","max-video-preview":"max-video-preview:-1"},"canonical":"https:\/\/zsp1chojna.pl\/?page_id=11144","og_locale":"pl_PL","og_type":"article","og_title":"Rok 2009 \u2013 technik organizacji us\u0142ug gastronomicznych - ZSP w Chojnie","og_description":"Wychowawca mgr\u00a0Norbert Ole\u015bk\u00f3w Andrzejewski MariuszBraszka NataliaCho\u0142odowski Pawe\u0142Cie\u015blik AgataDrela MateuszDymczyk EdytaG\u0105go\u0142 MarekGutowska PatrycjaJaz KrzysztofKo\u0142odziej MagdalenaKornecka MagdalenaKuca MarcinKulik AgataKulik JagodaKurowska Natalia\u0141usia WeronikaMaceluch KamilaMaciejewska MarzenaNoga ArkadiuszOleksiak Rados\u0142awOstr\u0119ga PatrycjaPawlisiak TomaszPiasecka AgataRokicka JustynaSiegie\u0144 DariaSienkiewicz KrzysztofSiwak [&hellip;]","og_url":"https:\/\/zsp1chojna.pl\/?page_id=11144","og_site_name":"ZSP w Chojnie","article_modified_time":"2024-10-28T09:35:43+00:00","twitter_card":"summary_large_image","twitter_misc":{"Szacowany czas czytania":"1 minuta"},"schema":{"@context":"https:\/\/schema.org","@graph":[{"@type":"WebPage","@id":"https:\/\/zsp1chojna.pl\/?page_id=11144","url":"https:\/\/zsp1chojna.pl\/?page_id=11144","name":"Rok 2009 \u2013 technik organizacji us\u0142ug gastronomicznych - ZSP w Chojnie","isPartOf":{"@id":"https:\/\/zsp1chojna.pl\/#website"},"datePublished":"2024-10-28T09:35:42+00:00","dateModified":"2024-10-28T09:35:43+00:00","breadcrumb":{"@id":"https:\/\/zsp1chojna.pl\/?page_id=11144#breadcrumb"},"inLanguage":"pl-PL","potentialAction":[{"@type":"ReadAction","target":["https:\/\/zsp1chojna.pl\/?page_id=11144"]}]},{"@type":"BreadcrumbList","@id":"https:\/\/zsp1chojna.pl\/?page_id=11144#breadcrumb","itemListElement":[{"@type":"ListItem","position":1,"name":"Home","item":"https:\/\/zsp1chojna.pl\/"},{"@type":"ListItem","position":2,"name":"Rok 2009 \u2013 technik organizacji us\u0142ug gastronomicznych"}]},{"@type":"WebSite","@id":"https:\/\/zsp1chojna.pl\/#website","url":"https:\/\/zsp1chojna.pl\/","name":"ZSP w Chojnie","description":"","publisher":{"@id":"https:\/\/zsp1chojna.pl\/#organization"},"potentialAction":[{"@type":"SearchAction","target":{"@type":"EntryPoint","urlTemplate":"https:\/\/zsp1chojna.pl\/?s={search_term_string}"},"query-input":"required name=search_term_string"}],"inLanguage":"pl-PL"},{"@type":"Organization","@id":"https:\/\/zsp1chojna.pl\/#organization","name":"ZSP w Chojnie","url":"https:\/\/zsp1chojna.pl\/","logo":{"@type":"ImageObject","inLanguage":"pl-PL","@id":"https:\/\/zsp1chojna.pl\/#\/schema\/logo\/image\/","url":"https:\/\/zsp1chojna.pl\/wp-content\/uploads\/2023\/08\/cropped-cropped-cropped-Logo-biale-napis-na-3-wiersze_504-1.png","contentUrl":"https:\/\/zsp1chojna.pl\/wp-content\/uploads\/2023\/08\/cropped-cropped-cropped-Logo-biale-napis-na-3-wiersze_504-1.png","width":504,"height":167,"caption":"ZSP w Chojnie"},"image":{"@id":"https:\/\/zsp1chojna.pl\/#\/schema\/logo\/image\/"}}]}},"_links":{"self":[{"href":"https:\/\/zsp1chojna.pl\/index.php?rest_route=\/wp\/v2\/pages\/11144","targetHints":{"allow":["GET"]}}],"collection":[{"href":"https:\/\/zsp1chojna.pl\/index.php?rest_route=\/wp\/v2\/pages"}],"about":[{"href":"https:\/\/zsp1chojna.pl\/index.php?rest_route=\/wp\/v2\/types\/page"}],"author":[{"embeddable":true,"href":"https:\/\/zsp1chojna.pl\/index.php?rest_route=\/wp\/v2\/users\/9"}],"replies":[{"embeddable":true,"href":"https:\/\/zsp1chojna.pl\/index.php?rest_route=%2Fwp%2Fv2%2Fcomments&post=11144"}],"version-history":[{"count":1,"href":"https:\/\/zsp1chojna.pl\/index.php?rest_route=\/wp\/v2\/pages\/11144\/revisions"}],"predecessor-version":[{"id":11149,"href":"https:\/\/zsp1chojna.pl\/index.php?rest_route=\/wp\/v2\/pages\/11144\/revisions\/11149"}],"wp:attachment":[{"href":"https:\/\/zsp1chojna.pl\/index.php?rest_route=%2Fwp%2Fv2%2Fmedia&parent=11144"}],"curies":[{"name":"wp","href":"https:\/\/api.w.org\/{rel}","templated":true}]}}