{"id":11122,"date":"2024-10-28T10:36:39","date_gmt":"2024-10-28T09:36:39","guid":{"rendered":"https:\/\/zsp1chojna.pl\/?page_id=11122"},"modified":"2024-10-28T10:38:11","modified_gmt":"2024-10-28T09:38:11","slug":"rok-2016-zasadnicza-szkola-zawodowa","status":"publish","type":"page","link":"https:\/\/zsp1chojna.pl\/?page_id=11122","title":{"rendered":"Rok 2016 &#8211; Zasadnicza Szko\u0142a Zawodowa"},"content":{"rendered":"<style>.kadence-column11122_b904f4-11 > .kt-inside-inner-col,.kadence-column11122_b904f4-11 > .kt-inside-inner-col:before{border-top-left-radius:0px;border-top-right-radius:0px;border-bottom-right-radius:0px;border-bottom-left-radius:0px;}.kadence-column11122_b904f4-11 > .kt-inside-inner-col:before{opacity:0.3;}.kadence-column11122_b904f4-11{position:relative;}<\/style>\n<div class=\"wp-block-kadence-column kadence-column11122_b904f4-11\"><div class=\"kt-inside-inner-col\">\n<div class=\"wp-block-columns is-layout-flex wp-container-core-columns-is-layout-9d6595d7 wp-block-columns-is-layout-flex\">\n<div class=\"wp-block-column is-layout-flow wp-block-column-is-layout-flow\">\n<p><strong>klasa III\u00a0wielozawodowa<\/strong><br><strong>Wychowawca mgr Aleksander Lizak<\/strong><\/p>\n\n\n\n<p>Cie\u015bla Przemys\u0142aw<br>Domaniecka Kamila<br>Drab Hubert<br>Gajewski Bartosz<br>G\u0142adkowska Barbara<br>G\u00f3ralska Anna<br>Jarocki Jakub<br>Josik Dominika<br>Kalisz Katarzyna<br>Kiemerer Natalia<br>Klag Adrian<br>Kobus Justyna<br>Kopacz Klaudia<br>Liput Przemys\u0142aw<br>Marczak Daria<br>Mazurek Patryk<br>Michalczyszyn Monika<br>Mordyl Olga<br>Paduch Magdalena<br>Pasiud Bartosz<br>Rzechaczek Weronika<br>Szurgoci\u0144ska Ilona<br>Tyrcha Patryk<br>Urba\u0144ska Katarzyna<br>Walczak Katarzyna<br>Wi\u0105cek Monika<br>Wojtasi\u0144ski Tomasz<br>Wr\u00f3blewska Agnieszka<br>\u017bak Karolina<\/p>\n<\/div>\n\n\n\n<div class=\"wp-block-column is-layout-flow wp-block-column-is-layout-flow\">\n<p><strong>klasa III mechanik pojazd\u00f3w samochodowych<\/strong><br><strong>Wychowawca mgr Rafa\u0142 Kaliciak<\/strong><\/p>\n\n\n\n<p>Drela Daniel<br>Dunikowski Bart\u0142omiej<br>Dziewi\u0105tka Patryk<br>Gozdek Mateusz<br>Ka\u017amierski Damian<br>Lak Tomasz<br>Lejmanowicz Jakub<br>M\u0142ynarczak Albert<br>Szatan Szymon<br>Waliczek Sebastian<\/p>\n\n\n\n<p><strong>klasa III monter zabudowy i rob\u00f3t wyko\u0144czeniowych w budownictwie<br>Wychowawca mgr Rafa\u0142 Kaliciak<\/strong><\/p>\n\n\n\n<p>Giecza\u0144ski Andrzej<br>Granda Piotr<br>Idzi Sebastian<br>Jaruszewski Marek<br>Konikowski Grzegorz<br>Miku\u0107 Mateusz<br>Sobala Micha\u0142<br>Sowa Tobiasz<br>Szyszko Mateusz<br>Wi\u0105cek Jakub<br>Zdrada Jakub<\/p>\n\n\n\n<p><strong>klasa III stolarz<\/strong><br><strong>Wychowawca mgr Rafa\u0142 Kaliciak<\/strong><\/p>\n\n\n\n<p>Drab Adam<br>Piechota Mariusz<br>Rzechaczek Kazimierz<br>Sobotnik Krzysztof<br>Tylus Kamil<br>Zienkiewicz Grzegorz<\/p>\n<\/div>\n<\/div>\n<\/div><\/div>\n","protected":false},"excerpt":{"rendered":"<p>klasa III\u00a0wielozawodowaWychowawca mgr Aleksander Lizak Cie\u015bla Przemys\u0142awDomaniecka KamilaDrab HubertGajewski BartoszG\u0142adkowska BarbaraG\u00f3ralska AnnaJarocki JakubJosik DominikaKalisz KatarzynaKiemerer NataliaKlag AdrianKobus JustynaKopacz KlaudiaLiput Przemys\u0142awMarczak DariaMazurek PatrykMichalczyszyn MonikaMordyl OlgaPaduch MagdalenaPasiud BartoszRzechaczek WeronikaSzurgoci\u0144ska IlonaTyrcha PatrykUrba\u0144ska KatarzynaWalczak [&hellip;]<\/p>\n","protected":false},"author":8,"featured_media":0,"parent":0,"menu_order":0,"comment_status":"closed","ping_status":"closed","template":"","meta":{"footnotes":""},"class_list":["post-11122","page","type-page","status-publish","hentry"],"yoast_head":"<!-- This site is optimized with the Yoast SEO plugin v20.13 - https:\/\/yoast.com\/wordpress\/plugins\/seo\/ -->\n<title>Rok 2016 - Zasadnicza Szko\u0142a Zawodowa - ZSP w Chojnie<\/title>\n<meta name=\"robots\" content=\"index, follow, max-snippet:-1, max-image-preview:large, max-video-preview:-1\" \/>\n<link rel=\"canonical\" href=\"https:\/\/zsp1chojna.pl\/?page_id=11122\" \/>\n<meta property=\"og:locale\" content=\"pl_PL\" \/>\n<meta property=\"og:type\" content=\"article\" \/>\n<meta property=\"og:title\" content=\"Rok 2016 - Zasadnicza Szko\u0142a Zawodowa - ZSP w Chojnie\" \/>\n<meta property=\"og:description\" content=\"klasa III\u00a0wielozawodowaWychowawca mgr Aleksander Lizak Cie\u015bla Przemys\u0142awDomaniecka KamilaDrab HubertGajewski BartoszG\u0142adkowska BarbaraG\u00f3ralska AnnaJarocki JakubJosik DominikaKalisz KatarzynaKiemerer NataliaKlag AdrianKobus JustynaKopacz KlaudiaLiput Przemys\u0142awMarczak DariaMazurek PatrykMichalczyszyn MonikaMordyl OlgaPaduch MagdalenaPasiud BartoszRzechaczek WeronikaSzurgoci\u0144ska IlonaTyrcha PatrykUrba\u0144ska KatarzynaWalczak [&hellip;]\" \/>\n<meta property=\"og:url\" content=\"https:\/\/zsp1chojna.pl\/?page_id=11122\" \/>\n<meta property=\"og:site_name\" content=\"ZSP w Chojnie\" \/>\n<meta property=\"article:modified_time\" content=\"2024-10-28T09:38:11+00:00\" \/>\n<meta name=\"twitter:card\" content=\"summary_large_image\" \/>\n<meta name=\"twitter:label1\" content=\"Szacowany czas czytania\" \/>\n\t<meta name=\"twitter:data1\" content=\"1 minuta\" \/>\n<script type=\"application\/ld+json\" class=\"yoast-schema-graph\">{\"@context\":\"https:\/\/schema.org\",\"@graph\":[{\"@type\":\"WebPage\",\"@id\":\"https:\/\/zsp1chojna.pl\/?page_id=11122\",\"url\":\"https:\/\/zsp1chojna.pl\/?page_id=11122\",\"name\":\"Rok 2016 - Zasadnicza Szko\u0142a Zawodowa - ZSP w Chojnie\",\"isPartOf\":{\"@id\":\"https:\/\/zsp1chojna.pl\/#website\"},\"datePublished\":\"2024-10-28T09:36:39+00:00\",\"dateModified\":\"2024-10-28T09:38:11+00:00\",\"breadcrumb\":{\"@id\":\"https:\/\/zsp1chojna.pl\/?page_id=11122#breadcrumb\"},\"inLanguage\":\"pl-PL\",\"potentialAction\":[{\"@type\":\"ReadAction\",\"target\":[\"https:\/\/zsp1chojna.pl\/?page_id=11122\"]}]},{\"@type\":\"BreadcrumbList\",\"@id\":\"https:\/\/zsp1chojna.pl\/?page_id=11122#breadcrumb\",\"itemListElement\":[{\"@type\":\"ListItem\",\"position\":1,\"name\":\"Home\",\"item\":\"https:\/\/zsp1chojna.pl\/\"},{\"@type\":\"ListItem\",\"position\":2,\"name\":\"Rok 2016 &#8211; Zasadnicza Szko\u0142a Zawodowa\"}]},{\"@type\":\"WebSite\",\"@id\":\"https:\/\/zsp1chojna.pl\/#website\",\"url\":\"https:\/\/zsp1chojna.pl\/\",\"name\":\"ZSP w Chojnie\",\"description\":\"\",\"publisher\":{\"@id\":\"https:\/\/zsp1chojna.pl\/#organization\"},\"potentialAction\":[{\"@type\":\"SearchAction\",\"target\":{\"@type\":\"EntryPoint\",\"urlTemplate\":\"https:\/\/zsp1chojna.pl\/?s={search_term_string}\"},\"query-input\":\"required name=search_term_string\"}],\"inLanguage\":\"pl-PL\"},{\"@type\":\"Organization\",\"@id\":\"https:\/\/zsp1chojna.pl\/#organization\",\"name\":\"ZSP w Chojnie\",\"url\":\"https:\/\/zsp1chojna.pl\/\",\"logo\":{\"@type\":\"ImageObject\",\"inLanguage\":\"pl-PL\",\"@id\":\"https:\/\/zsp1chojna.pl\/#\/schema\/logo\/image\/\",\"url\":\"https:\/\/zsp1chojna.pl\/wp-content\/uploads\/2023\/08\/cropped-cropped-cropped-Logo-biale-napis-na-3-wiersze_504-1.png\",\"contentUrl\":\"https:\/\/zsp1chojna.pl\/wp-content\/uploads\/2023\/08\/cropped-cropped-cropped-Logo-biale-napis-na-3-wiersze_504-1.png\",\"width\":504,\"height\":167,\"caption\":\"ZSP w Chojnie\"},\"image\":{\"@id\":\"https:\/\/zsp1chojna.pl\/#\/schema\/logo\/image\/\"}}]}<\/script>\n<!-- \/ Yoast SEO plugin. -->","yoast_head_json":{"title":"Rok 2016 - Zasadnicza Szko\u0142a Zawodowa - ZSP w Chojnie","robots":{"index":"index","follow":"follow","max-snippet":"max-snippet:-1","max-image-preview":"max-image-preview:large","max-video-preview":"max-video-preview:-1"},"canonical":"https:\/\/zsp1chojna.pl\/?page_id=11122","og_locale":"pl_PL","og_type":"article","og_title":"Rok 2016 - Zasadnicza Szko\u0142a Zawodowa - ZSP w Chojnie","og_description":"klasa III\u00a0wielozawodowaWychowawca mgr Aleksander Lizak Cie\u015bla Przemys\u0142awDomaniecka KamilaDrab HubertGajewski BartoszG\u0142adkowska BarbaraG\u00f3ralska AnnaJarocki JakubJosik DominikaKalisz KatarzynaKiemerer NataliaKlag AdrianKobus JustynaKopacz KlaudiaLiput Przemys\u0142awMarczak DariaMazurek PatrykMichalczyszyn MonikaMordyl OlgaPaduch MagdalenaPasiud BartoszRzechaczek WeronikaSzurgoci\u0144ska IlonaTyrcha PatrykUrba\u0144ska KatarzynaWalczak [&hellip;]","og_url":"https:\/\/zsp1chojna.pl\/?page_id=11122","og_site_name":"ZSP w Chojnie","article_modified_time":"2024-10-28T09:38:11+00:00","twitter_card":"summary_large_image","twitter_misc":{"Szacowany czas czytania":"1 minuta"},"schema":{"@context":"https:\/\/schema.org","@graph":[{"@type":"WebPage","@id":"https:\/\/zsp1chojna.pl\/?page_id=11122","url":"https:\/\/zsp1chojna.pl\/?page_id=11122","name":"Rok 2016 - Zasadnicza Szko\u0142a Zawodowa - ZSP w Chojnie","isPartOf":{"@id":"https:\/\/zsp1chojna.pl\/#website"},"datePublished":"2024-10-28T09:36:39+00:00","dateModified":"2024-10-28T09:38:11+00:00","breadcrumb":{"@id":"https:\/\/zsp1chojna.pl\/?page_id=11122#breadcrumb"},"inLanguage":"pl-PL","potentialAction":[{"@type":"ReadAction","target":["https:\/\/zsp1chojna.pl\/?page_id=11122"]}]},{"@type":"BreadcrumbList","@id":"https:\/\/zsp1chojna.pl\/?page_id=11122#breadcrumb","itemListElement":[{"@type":"ListItem","position":1,"name":"Home","item":"https:\/\/zsp1chojna.pl\/"},{"@type":"ListItem","position":2,"name":"Rok 2016 &#8211; Zasadnicza Szko\u0142a Zawodowa"}]},{"@type":"WebSite","@id":"https:\/\/zsp1chojna.pl\/#website","url":"https:\/\/zsp1chojna.pl\/","name":"ZSP w Chojnie","description":"","publisher":{"@id":"https:\/\/zsp1chojna.pl\/#organization"},"potentialAction":[{"@type":"SearchAction","target":{"@type":"EntryPoint","urlTemplate":"https:\/\/zsp1chojna.pl\/?s={search_term_string}"},"query-input":"required name=search_term_string"}],"inLanguage":"pl-PL"},{"@type":"Organization","@id":"https:\/\/zsp1chojna.pl\/#organization","name":"ZSP w Chojnie","url":"https:\/\/zsp1chojna.pl\/","logo":{"@type":"ImageObject","inLanguage":"pl-PL","@id":"https:\/\/zsp1chojna.pl\/#\/schema\/logo\/image\/","url":"https:\/\/zsp1chojna.pl\/wp-content\/uploads\/2023\/08\/cropped-cropped-cropped-Logo-biale-napis-na-3-wiersze_504-1.png","contentUrl":"https:\/\/zsp1chojna.pl\/wp-content\/uploads\/2023\/08\/cropped-cropped-cropped-Logo-biale-napis-na-3-wiersze_504-1.png","width":504,"height":167,"caption":"ZSP w Chojnie"},"image":{"@id":"https:\/\/zsp1chojna.pl\/#\/schema\/logo\/image\/"}}]}},"_links":{"self":[{"href":"https:\/\/zsp1chojna.pl\/index.php?rest_route=\/wp\/v2\/pages\/11122","targetHints":{"allow":["GET"]}}],"collection":[{"href":"https:\/\/zsp1chojna.pl\/index.php?rest_route=\/wp\/v2\/pages"}],"about":[{"href":"https:\/\/zsp1chojna.pl\/index.php?rest_route=\/wp\/v2\/types\/page"}],"author":[{"embeddable":true,"href":"https:\/\/zsp1chojna.pl\/index.php?rest_route=\/wp\/v2\/users\/8"}],"replies":[{"embeddable":true,"href":"https:\/\/zsp1chojna.pl\/index.php?rest_route=%2Fwp%2Fv2%2Fcomments&post=11122"}],"version-history":[{"count":2,"href":"https:\/\/zsp1chojna.pl\/index.php?rest_route=\/wp\/v2\/pages\/11122\/revisions"}],"predecessor-version":[{"id":11152,"href":"https:\/\/zsp1chojna.pl\/index.php?rest_route=\/wp\/v2\/pages\/11122\/revisions\/11152"}],"wp:attachment":[{"href":"https:\/\/zsp1chojna.pl\/index.php?rest_route=%2Fwp%2Fv2%2Fmedia&parent=11122"}],"curies":[{"name":"wp","href":"https:\/\/api.w.org\/{rel}","templated":true}]}}