{"id":11069,"date":"2024-10-28T10:24:14","date_gmt":"2024-10-28T09:24:14","guid":{"rendered":"https:\/\/zsp1chojna.pl\/?page_id=11069"},"modified":"2024-10-28T10:24:15","modified_gmt":"2024-10-28T09:24:15","slug":"rok-2018-technik-hotelarstwa","status":"publish","type":"page","link":"https:\/\/zsp1chojna.pl\/?page_id=11069","title":{"rendered":"Rok 2018 &#8211; technik hotelarstwa"},"content":{"rendered":"\n<p>W<strong>ychowawca mgr\u00a0 Krzysztof Po\u015bniak<\/strong><\/p>\n\n\n\n<p>Babiarz Izabela<br>Chaw\u00f3\u0142a Paulina<br>Cieluch Kamila<br>Dziergas Karolina<br>Gil Klaudia<br>Jeremicz Dorota<br>Janicka Karolina<br>K\u0142aptij Aleksandra<br>Koszuli\u0144ska Eliza<br>Kruszewska Patrycja<br>Lach Katarzyna<br>Matuszak Barbara<br>Numryk Sandra<br>Or\u0142owska Natalia<br>Serafin Oktawia<br>Sowi\u0144ski Dawid<br>Szot Aleksandra<br>Toporek Katarzyna<br>Werwi\u0144ski Patryk<br>\u017bugaj Oskar<\/p>\n","protected":false},"excerpt":{"rendered":"<p>Wychowawca mgr\u00a0 Krzysztof Po\u015bniak Babiarz IzabelaChaw\u00f3\u0142a PaulinaCieluch KamilaDziergas KarolinaGil KlaudiaJeremicz DorotaJanicka KarolinaK\u0142aptij AleksandraKoszuli\u0144ska ElizaKruszewska PatrycjaLach KatarzynaMatuszak BarbaraNumryk SandraOr\u0142owska NataliaSerafin OktawiaSowi\u0144ski DawidSzot AleksandraToporek KatarzynaWerwi\u0144ski Patryk\u017bugaj Oskar<\/p>\n","protected":false},"author":8,"featured_media":0,"parent":0,"menu_order":0,"comment_status":"closed","ping_status":"closed","template":"","meta":{"footnotes":""},"class_list":["post-11069","page","type-page","status-publish","hentry"],"yoast_head":"<!-- This site is optimized with the Yoast SEO plugin v20.13 - https:\/\/yoast.com\/wordpress\/plugins\/seo\/ -->\n<title>Rok 2018 - technik hotelarstwa - ZSP w Chojnie<\/title>\n<meta name=\"robots\" content=\"index, follow, max-snippet:-1, max-image-preview:large, max-video-preview:-1\" \/>\n<link rel=\"canonical\" href=\"https:\/\/zsp1chojna.pl\/?page_id=11069\" \/>\n<meta property=\"og:locale\" content=\"pl_PL\" \/>\n<meta property=\"og:type\" content=\"article\" \/>\n<meta property=\"og:title\" content=\"Rok 2018 - technik hotelarstwa - ZSP w Chojnie\" \/>\n<meta property=\"og:description\" content=\"Wychowawca mgr\u00a0 Krzysztof Po\u015bniak Babiarz IzabelaChaw\u00f3\u0142a PaulinaCieluch KamilaDziergas KarolinaGil KlaudiaJeremicz DorotaJanicka KarolinaK\u0142aptij AleksandraKoszuli\u0144ska ElizaKruszewska PatrycjaLach KatarzynaMatuszak BarbaraNumryk SandraOr\u0142owska NataliaSerafin OktawiaSowi\u0144ski DawidSzot AleksandraToporek KatarzynaWerwi\u0144ski Patryk\u017bugaj Oskar\" \/>\n<meta property=\"og:url\" content=\"https:\/\/zsp1chojna.pl\/?page_id=11069\" \/>\n<meta property=\"og:site_name\" content=\"ZSP w Chojnie\" \/>\n<meta property=\"article:modified_time\" content=\"2024-10-28T09:24:15+00:00\" \/>\n<meta name=\"twitter:card\" content=\"summary_large_image\" \/>\n<meta name=\"twitter:label1\" content=\"Szacowany czas czytania\" \/>\n\t<meta name=\"twitter:data1\" content=\"1 minuta\" \/>\n<script type=\"application\/ld+json\" class=\"yoast-schema-graph\">{\"@context\":\"https:\/\/schema.org\",\"@graph\":[{\"@type\":\"WebPage\",\"@id\":\"https:\/\/zsp1chojna.pl\/?page_id=11069\",\"url\":\"https:\/\/zsp1chojna.pl\/?page_id=11069\",\"name\":\"Rok 2018 - technik hotelarstwa - ZSP w Chojnie\",\"isPartOf\":{\"@id\":\"https:\/\/zsp1chojna.pl\/#website\"},\"datePublished\":\"2024-10-28T09:24:14+00:00\",\"dateModified\":\"2024-10-28T09:24:15+00:00\",\"breadcrumb\":{\"@id\":\"https:\/\/zsp1chojna.pl\/?page_id=11069#breadcrumb\"},\"inLanguage\":\"pl-PL\",\"potentialAction\":[{\"@type\":\"ReadAction\",\"target\":[\"https:\/\/zsp1chojna.pl\/?page_id=11069\"]}]},{\"@type\":\"BreadcrumbList\",\"@id\":\"https:\/\/zsp1chojna.pl\/?page_id=11069#breadcrumb\",\"itemListElement\":[{\"@type\":\"ListItem\",\"position\":1,\"name\":\"Home\",\"item\":\"https:\/\/zsp1chojna.pl\/\"},{\"@type\":\"ListItem\",\"position\":2,\"name\":\"Rok 2018 &#8211; technik hotelarstwa\"}]},{\"@type\":\"WebSite\",\"@id\":\"https:\/\/zsp1chojna.pl\/#website\",\"url\":\"https:\/\/zsp1chojna.pl\/\",\"name\":\"ZSP w Chojnie\",\"description\":\"\",\"publisher\":{\"@id\":\"https:\/\/zsp1chojna.pl\/#organization\"},\"potentialAction\":[{\"@type\":\"SearchAction\",\"target\":{\"@type\":\"EntryPoint\",\"urlTemplate\":\"https:\/\/zsp1chojna.pl\/?s={search_term_string}\"},\"query-input\":\"required name=search_term_string\"}],\"inLanguage\":\"pl-PL\"},{\"@type\":\"Organization\",\"@id\":\"https:\/\/zsp1chojna.pl\/#organization\",\"name\":\"ZSP w Chojnie\",\"url\":\"https:\/\/zsp1chojna.pl\/\",\"logo\":{\"@type\":\"ImageObject\",\"inLanguage\":\"pl-PL\",\"@id\":\"https:\/\/zsp1chojna.pl\/#\/schema\/logo\/image\/\",\"url\":\"https:\/\/zsp1chojna.pl\/wp-content\/uploads\/2023\/08\/cropped-cropped-cropped-Logo-biale-napis-na-3-wiersze_504-1.png\",\"contentUrl\":\"https:\/\/zsp1chojna.pl\/wp-content\/uploads\/2023\/08\/cropped-cropped-cropped-Logo-biale-napis-na-3-wiersze_504-1.png\",\"width\":504,\"height\":167,\"caption\":\"ZSP w Chojnie\"},\"image\":{\"@id\":\"https:\/\/zsp1chojna.pl\/#\/schema\/logo\/image\/\"}}]}<\/script>\n<!-- \/ Yoast SEO plugin. -->","yoast_head_json":{"title":"Rok 2018 - technik hotelarstwa - ZSP w Chojnie","robots":{"index":"index","follow":"follow","max-snippet":"max-snippet:-1","max-image-preview":"max-image-preview:large","max-video-preview":"max-video-preview:-1"},"canonical":"https:\/\/zsp1chojna.pl\/?page_id=11069","og_locale":"pl_PL","og_type":"article","og_title":"Rok 2018 - technik hotelarstwa - ZSP w Chojnie","og_description":"Wychowawca mgr\u00a0 Krzysztof Po\u015bniak Babiarz IzabelaChaw\u00f3\u0142a PaulinaCieluch KamilaDziergas KarolinaGil KlaudiaJeremicz DorotaJanicka KarolinaK\u0142aptij AleksandraKoszuli\u0144ska ElizaKruszewska PatrycjaLach KatarzynaMatuszak BarbaraNumryk SandraOr\u0142owska NataliaSerafin OktawiaSowi\u0144ski DawidSzot AleksandraToporek KatarzynaWerwi\u0144ski Patryk\u017bugaj Oskar","og_url":"https:\/\/zsp1chojna.pl\/?page_id=11069","og_site_name":"ZSP w Chojnie","article_modified_time":"2024-10-28T09:24:15+00:00","twitter_card":"summary_large_image","twitter_misc":{"Szacowany czas czytania":"1 minuta"},"schema":{"@context":"https:\/\/schema.org","@graph":[{"@type":"WebPage","@id":"https:\/\/zsp1chojna.pl\/?page_id=11069","url":"https:\/\/zsp1chojna.pl\/?page_id=11069","name":"Rok 2018 - technik hotelarstwa - ZSP w Chojnie","isPartOf":{"@id":"https:\/\/zsp1chojna.pl\/#website"},"datePublished":"2024-10-28T09:24:14+00:00","dateModified":"2024-10-28T09:24:15+00:00","breadcrumb":{"@id":"https:\/\/zsp1chojna.pl\/?page_id=11069#breadcrumb"},"inLanguage":"pl-PL","potentialAction":[{"@type":"ReadAction","target":["https:\/\/zsp1chojna.pl\/?page_id=11069"]}]},{"@type":"BreadcrumbList","@id":"https:\/\/zsp1chojna.pl\/?page_id=11069#breadcrumb","itemListElement":[{"@type":"ListItem","position":1,"name":"Home","item":"https:\/\/zsp1chojna.pl\/"},{"@type":"ListItem","position":2,"name":"Rok 2018 &#8211; technik hotelarstwa"}]},{"@type":"WebSite","@id":"https:\/\/zsp1chojna.pl\/#website","url":"https:\/\/zsp1chojna.pl\/","name":"ZSP w Chojnie","description":"","publisher":{"@id":"https:\/\/zsp1chojna.pl\/#organization"},"potentialAction":[{"@type":"SearchAction","target":{"@type":"EntryPoint","urlTemplate":"https:\/\/zsp1chojna.pl\/?s={search_term_string}"},"query-input":"required name=search_term_string"}],"inLanguage":"pl-PL"},{"@type":"Organization","@id":"https:\/\/zsp1chojna.pl\/#organization","name":"ZSP w Chojnie","url":"https:\/\/zsp1chojna.pl\/","logo":{"@type":"ImageObject","inLanguage":"pl-PL","@id":"https:\/\/zsp1chojna.pl\/#\/schema\/logo\/image\/","url":"https:\/\/zsp1chojna.pl\/wp-content\/uploads\/2023\/08\/cropped-cropped-cropped-Logo-biale-napis-na-3-wiersze_504-1.png","contentUrl":"https:\/\/zsp1chojna.pl\/wp-content\/uploads\/2023\/08\/cropped-cropped-cropped-Logo-biale-napis-na-3-wiersze_504-1.png","width":504,"height":167,"caption":"ZSP w Chojnie"},"image":{"@id":"https:\/\/zsp1chojna.pl\/#\/schema\/logo\/image\/"}}]}},"_links":{"self":[{"href":"https:\/\/zsp1chojna.pl\/index.php?rest_route=\/wp\/v2\/pages\/11069","targetHints":{"allow":["GET"]}}],"collection":[{"href":"https:\/\/zsp1chojna.pl\/index.php?rest_route=\/wp\/v2\/pages"}],"about":[{"href":"https:\/\/zsp1chojna.pl\/index.php?rest_route=\/wp\/v2\/types\/page"}],"author":[{"embeddable":true,"href":"https:\/\/zsp1chojna.pl\/index.php?rest_route=\/wp\/v2\/users\/8"}],"replies":[{"embeddable":true,"href":"https:\/\/zsp1chojna.pl\/index.php?rest_route=%2Fwp%2Fv2%2Fcomments&post=11069"}],"version-history":[{"count":1,"href":"https:\/\/zsp1chojna.pl\/index.php?rest_route=\/wp\/v2\/pages\/11069\/revisions"}],"predecessor-version":[{"id":11078,"href":"https:\/\/zsp1chojna.pl\/index.php?rest_route=\/wp\/v2\/pages\/11069\/revisions\/11078"}],"wp:attachment":[{"href":"https:\/\/zsp1chojna.pl\/index.php?rest_route=%2Fwp%2Fv2%2Fmedia&parent=11069"}],"curies":[{"name":"wp","href":"https:\/\/api.w.org\/{rel}","templated":true}]}}