{"id":11020,"date":"2024-10-28T10:13:35","date_gmt":"2024-10-28T09:13:35","guid":{"rendered":"https:\/\/zsp1chojna.pl\/?page_id=11020"},"modified":"2024-10-28T10:13:36","modified_gmt":"2024-10-28T09:13:36","slug":"rok-2009-technik-informatyk","status":"publish","type":"page","link":"https:\/\/zsp1chojna.pl\/?page_id=11020","title":{"rendered":"Rok 2009 &#8211; technik informatyk"},"content":{"rendered":"\n<p><strong>Wychowawca mgr\u00a0Barbara Mikos<\/strong><br><br>Bakalarczyk Agata<br>Bednarz Dawid<br>Boruci\u0144ski Pawe\u0142<br>Cwynar Anna<br>Cyli\u0144ski \u0141ukasz<br>Domaradzki Mateusz<br>Du\u017calska Stella<br>Dzedzej Mateusz<br>Dziewi\u0105tka Beata<br>Erdmann Ma\u0142gorzata<br>Go\u0142\u0119biowska Anna<br>Gregorek Joanna<br>Gr\u0119da S\u0142awomir<br>J\u00f3zefacka Anna<br>Kanarkowska Agnieszka<br>K\u0119dzia Patrycja<br>Kowalik Krystian<br>Koziara Adrian<br>Lisowski Marcin<br>Lisowski Piotr<br>\u0141aza\u0144ski Bartosz<br>\u0141\u0105czkowska Monika<br>Mazurkiewicz Tomasz<br>Nowacki Andrzej<br>Nowak Wojciech<br>Przybylski Olaf<br>Rosiak Pawe\u0142<br>S\u0142upska Wioletta<br>Sok\u00f3\u0142 Piotr<br>Stasiak Andrzej<br>Szwiec Kamila<br>Tarasi\u0144ski S\u0142awomir<\/p>\n","protected":false},"excerpt":{"rendered":"<p>Wychowawca mgr\u00a0Barbara Mikos Bakalarczyk AgataBednarz DawidBoruci\u0144ski Pawe\u0142Cwynar AnnaCyli\u0144ski \u0141ukaszDomaradzki MateuszDu\u017calska StellaDzedzej MateuszDziewi\u0105tka BeataErdmann Ma\u0142gorzataGo\u0142\u0119biowska AnnaGregorek JoannaGr\u0119da S\u0142awomirJ\u00f3zefacka AnnaKanarkowska AgnieszkaK\u0119dzia PatrycjaKowalik KrystianKoziara AdrianLisowski MarcinLisowski Piotr\u0141aza\u0144ski Bartosz\u0141\u0105czkowska MonikaMazurkiewicz TomaszNowacki AndrzejNowak WojciechPrzybylski OlafRosiak [&hellip;]<\/p>\n","protected":false},"author":9,"featured_media":0,"parent":0,"menu_order":0,"comment_status":"closed","ping_status":"closed","template":"","meta":{"footnotes":""},"class_list":["post-11020","page","type-page","status-publish","hentry"],"yoast_head":"<!-- This site is optimized with the Yoast SEO plugin v20.13 - https:\/\/yoast.com\/wordpress\/plugins\/seo\/ -->\n<title>Rok 2009 - technik informatyk - ZSP w Chojnie<\/title>\n<meta name=\"robots\" content=\"index, follow, max-snippet:-1, max-image-preview:large, max-video-preview:-1\" \/>\n<link rel=\"canonical\" href=\"https:\/\/zsp1chojna.pl\/?page_id=11020\" \/>\n<meta property=\"og:locale\" content=\"pl_PL\" \/>\n<meta property=\"og:type\" content=\"article\" \/>\n<meta property=\"og:title\" content=\"Rok 2009 - technik informatyk - ZSP w Chojnie\" \/>\n<meta property=\"og:description\" content=\"Wychowawca mgr\u00a0Barbara Mikos Bakalarczyk AgataBednarz DawidBoruci\u0144ski Pawe\u0142Cwynar AnnaCyli\u0144ski \u0141ukaszDomaradzki MateuszDu\u017calska StellaDzedzej MateuszDziewi\u0105tka BeataErdmann Ma\u0142gorzataGo\u0142\u0119biowska AnnaGregorek JoannaGr\u0119da S\u0142awomirJ\u00f3zefacka AnnaKanarkowska AgnieszkaK\u0119dzia PatrycjaKowalik KrystianKoziara AdrianLisowski MarcinLisowski Piotr\u0141aza\u0144ski Bartosz\u0141\u0105czkowska MonikaMazurkiewicz TomaszNowacki AndrzejNowak WojciechPrzybylski OlafRosiak [&hellip;]\" \/>\n<meta property=\"og:url\" content=\"https:\/\/zsp1chojna.pl\/?page_id=11020\" \/>\n<meta property=\"og:site_name\" content=\"ZSP w Chojnie\" \/>\n<meta property=\"article:modified_time\" content=\"2024-10-28T09:13:36+00:00\" \/>\n<meta name=\"twitter:card\" content=\"summary_large_image\" \/>\n<meta name=\"twitter:label1\" content=\"Szacowany czas czytania\" \/>\n\t<meta name=\"twitter:data1\" content=\"1 minuta\" \/>\n<script type=\"application\/ld+json\" class=\"yoast-schema-graph\">{\"@context\":\"https:\/\/schema.org\",\"@graph\":[{\"@type\":\"WebPage\",\"@id\":\"https:\/\/zsp1chojna.pl\/?page_id=11020\",\"url\":\"https:\/\/zsp1chojna.pl\/?page_id=11020\",\"name\":\"Rok 2009 - technik informatyk - ZSP w Chojnie\",\"isPartOf\":{\"@id\":\"https:\/\/zsp1chojna.pl\/#website\"},\"datePublished\":\"2024-10-28T09:13:35+00:00\",\"dateModified\":\"2024-10-28T09:13:36+00:00\",\"breadcrumb\":{\"@id\":\"https:\/\/zsp1chojna.pl\/?page_id=11020#breadcrumb\"},\"inLanguage\":\"pl-PL\",\"potentialAction\":[{\"@type\":\"ReadAction\",\"target\":[\"https:\/\/zsp1chojna.pl\/?page_id=11020\"]}]},{\"@type\":\"BreadcrumbList\",\"@id\":\"https:\/\/zsp1chojna.pl\/?page_id=11020#breadcrumb\",\"itemListElement\":[{\"@type\":\"ListItem\",\"position\":1,\"name\":\"Home\",\"item\":\"https:\/\/zsp1chojna.pl\/\"},{\"@type\":\"ListItem\",\"position\":2,\"name\":\"Rok 2009 &#8211; technik informatyk\"}]},{\"@type\":\"WebSite\",\"@id\":\"https:\/\/zsp1chojna.pl\/#website\",\"url\":\"https:\/\/zsp1chojna.pl\/\",\"name\":\"ZSP w Chojnie\",\"description\":\"\",\"publisher\":{\"@id\":\"https:\/\/zsp1chojna.pl\/#organization\"},\"potentialAction\":[{\"@type\":\"SearchAction\",\"target\":{\"@type\":\"EntryPoint\",\"urlTemplate\":\"https:\/\/zsp1chojna.pl\/?s={search_term_string}\"},\"query-input\":\"required name=search_term_string\"}],\"inLanguage\":\"pl-PL\"},{\"@type\":\"Organization\",\"@id\":\"https:\/\/zsp1chojna.pl\/#organization\",\"name\":\"ZSP w Chojnie\",\"url\":\"https:\/\/zsp1chojna.pl\/\",\"logo\":{\"@type\":\"ImageObject\",\"inLanguage\":\"pl-PL\",\"@id\":\"https:\/\/zsp1chojna.pl\/#\/schema\/logo\/image\/\",\"url\":\"https:\/\/zsp1chojna.pl\/wp-content\/uploads\/2023\/08\/cropped-cropped-cropped-Logo-biale-napis-na-3-wiersze_504-1.png\",\"contentUrl\":\"https:\/\/zsp1chojna.pl\/wp-content\/uploads\/2023\/08\/cropped-cropped-cropped-Logo-biale-napis-na-3-wiersze_504-1.png\",\"width\":504,\"height\":167,\"caption\":\"ZSP w Chojnie\"},\"image\":{\"@id\":\"https:\/\/zsp1chojna.pl\/#\/schema\/logo\/image\/\"}}]}<\/script>\n<!-- \/ Yoast SEO plugin. -->","yoast_head_json":{"title":"Rok 2009 - technik informatyk - ZSP w Chojnie","robots":{"index":"index","follow":"follow","max-snippet":"max-snippet:-1","max-image-preview":"max-image-preview:large","max-video-preview":"max-video-preview:-1"},"canonical":"https:\/\/zsp1chojna.pl\/?page_id=11020","og_locale":"pl_PL","og_type":"article","og_title":"Rok 2009 - technik informatyk - ZSP w Chojnie","og_description":"Wychowawca mgr\u00a0Barbara Mikos Bakalarczyk AgataBednarz DawidBoruci\u0144ski Pawe\u0142Cwynar AnnaCyli\u0144ski \u0141ukaszDomaradzki MateuszDu\u017calska StellaDzedzej MateuszDziewi\u0105tka BeataErdmann Ma\u0142gorzataGo\u0142\u0119biowska AnnaGregorek JoannaGr\u0119da S\u0142awomirJ\u00f3zefacka AnnaKanarkowska AgnieszkaK\u0119dzia PatrycjaKowalik KrystianKoziara AdrianLisowski MarcinLisowski Piotr\u0141aza\u0144ski Bartosz\u0141\u0105czkowska MonikaMazurkiewicz TomaszNowacki AndrzejNowak WojciechPrzybylski OlafRosiak [&hellip;]","og_url":"https:\/\/zsp1chojna.pl\/?page_id=11020","og_site_name":"ZSP w Chojnie","article_modified_time":"2024-10-28T09:13:36+00:00","twitter_card":"summary_large_image","twitter_misc":{"Szacowany czas czytania":"1 minuta"},"schema":{"@context":"https:\/\/schema.org","@graph":[{"@type":"WebPage","@id":"https:\/\/zsp1chojna.pl\/?page_id=11020","url":"https:\/\/zsp1chojna.pl\/?page_id=11020","name":"Rok 2009 - technik informatyk - ZSP w Chojnie","isPartOf":{"@id":"https:\/\/zsp1chojna.pl\/#website"},"datePublished":"2024-10-28T09:13:35+00:00","dateModified":"2024-10-28T09:13:36+00:00","breadcrumb":{"@id":"https:\/\/zsp1chojna.pl\/?page_id=11020#breadcrumb"},"inLanguage":"pl-PL","potentialAction":[{"@type":"ReadAction","target":["https:\/\/zsp1chojna.pl\/?page_id=11020"]}]},{"@type":"BreadcrumbList","@id":"https:\/\/zsp1chojna.pl\/?page_id=11020#breadcrumb","itemListElement":[{"@type":"ListItem","position":1,"name":"Home","item":"https:\/\/zsp1chojna.pl\/"},{"@type":"ListItem","position":2,"name":"Rok 2009 &#8211; technik informatyk"}]},{"@type":"WebSite","@id":"https:\/\/zsp1chojna.pl\/#website","url":"https:\/\/zsp1chojna.pl\/","name":"ZSP w Chojnie","description":"","publisher":{"@id":"https:\/\/zsp1chojna.pl\/#organization"},"potentialAction":[{"@type":"SearchAction","target":{"@type":"EntryPoint","urlTemplate":"https:\/\/zsp1chojna.pl\/?s={search_term_string}"},"query-input":"required name=search_term_string"}],"inLanguage":"pl-PL"},{"@type":"Organization","@id":"https:\/\/zsp1chojna.pl\/#organization","name":"ZSP w Chojnie","url":"https:\/\/zsp1chojna.pl\/","logo":{"@type":"ImageObject","inLanguage":"pl-PL","@id":"https:\/\/zsp1chojna.pl\/#\/schema\/logo\/image\/","url":"https:\/\/zsp1chojna.pl\/wp-content\/uploads\/2023\/08\/cropped-cropped-cropped-Logo-biale-napis-na-3-wiersze_504-1.png","contentUrl":"https:\/\/zsp1chojna.pl\/wp-content\/uploads\/2023\/08\/cropped-cropped-cropped-Logo-biale-napis-na-3-wiersze_504-1.png","width":504,"height":167,"caption":"ZSP w Chojnie"},"image":{"@id":"https:\/\/zsp1chojna.pl\/#\/schema\/logo\/image\/"}}]}},"_links":{"self":[{"href":"https:\/\/zsp1chojna.pl\/index.php?rest_route=\/wp\/v2\/pages\/11020","targetHints":{"allow":["GET"]}}],"collection":[{"href":"https:\/\/zsp1chojna.pl\/index.php?rest_route=\/wp\/v2\/pages"}],"about":[{"href":"https:\/\/zsp1chojna.pl\/index.php?rest_route=\/wp\/v2\/types\/page"}],"author":[{"embeddable":true,"href":"https:\/\/zsp1chojna.pl\/index.php?rest_route=\/wp\/v2\/users\/9"}],"replies":[{"embeddable":true,"href":"https:\/\/zsp1chojna.pl\/index.php?rest_route=%2Fwp%2Fv2%2Fcomments&post=11020"}],"version-history":[{"count":1,"href":"https:\/\/zsp1chojna.pl\/index.php?rest_route=\/wp\/v2\/pages\/11020\/revisions"}],"predecessor-version":[{"id":11024,"href":"https:\/\/zsp1chojna.pl\/index.php?rest_route=\/wp\/v2\/pages\/11020\/revisions\/11024"}],"wp:attachment":[{"href":"https:\/\/zsp1chojna.pl\/index.php?rest_route=%2Fwp%2Fv2%2Fmedia&parent=11020"}],"curies":[{"name":"wp","href":"https:\/\/api.w.org\/{rel}","templated":true}]}}