{"id":11000,"date":"2024-10-28T10:08:05","date_gmt":"2024-10-28T09:08:05","guid":{"rendered":"https:\/\/zsp1chojna.pl\/?page_id=11000"},"modified":"2024-10-28T10:08:06","modified_gmt":"2024-10-28T09:08:06","slug":"rok-2009-technik-budownictwa","status":"publish","type":"page","link":"https:\/\/zsp1chojna.pl\/?page_id=11000","title":{"rendered":"Rok 2009 &#8211; technik budownictwa"},"content":{"rendered":"\n<p><strong>Wychowawca mgr Agata Motyl<\/strong><\/p>\n\n\n\n<p>Anders Rados\u0142aw<br>Baczy\u0144ski Pawe\u0142 Piotr<br>D\u0105browicz Pawe\u0142<br>Grzesik Kamil<br>Halczuk Szymon<br>Jaworski Pawe\u0142<br>Kwatera Irena<br>Malka Dawid Krzysztof<br>Marnysz Micha\u0142<br>Niena\u0142towski Norbert Ryszard<br>Oblicki Damian<br>Przygrodzi Marek<br>Sakowski Micha\u0142<br>Karota Krzysztof<br>Skowro\u0144ski Krzysztof<br>\u015al\u0119zak Pawe\u0142<br>Truszczy\u0144ski \u0141ukasz<br>Wokr\u00f3j B\u0142a\u017cej<br>Zaj\u0105c Patry<\/p>\n","protected":false},"excerpt":{"rendered":"<p>Wychowawca mgr Agata Motyl Anders Rados\u0142awBaczy\u0144ski Pawe\u0142 PiotrD\u0105browicz Pawe\u0142Grzesik KamilHalczuk SzymonJaworski Pawe\u0142Kwatera IrenaMalka Dawid KrzysztofMarnysz Micha\u0142Niena\u0142towski Norbert RyszardOblicki DamianPrzygrodzi MarekSakowski Micha\u0142Karota KrzysztofSkowro\u0144ski Krzysztof\u015al\u0119zak Pawe\u0142Truszczy\u0144ski \u0141ukaszWokr\u00f3j B\u0142a\u017cejZaj\u0105c Patry<\/p>\n","protected":false},"author":10,"featured_media":0,"parent":0,"menu_order":0,"comment_status":"closed","ping_status":"closed","template":"","meta":{"footnotes":""},"class_list":["post-11000","page","type-page","status-publish","hentry"],"yoast_head":"<!-- This site is optimized with the Yoast SEO plugin v20.13 - https:\/\/yoast.com\/wordpress\/plugins\/seo\/ -->\n<title>Rok 2009 - technik budownictwa - ZSP w Chojnie<\/title>\n<meta name=\"robots\" content=\"index, follow, max-snippet:-1, max-image-preview:large, max-video-preview:-1\" \/>\n<link rel=\"canonical\" href=\"https:\/\/zsp1chojna.pl\/?page_id=11000\" \/>\n<meta property=\"og:locale\" content=\"pl_PL\" \/>\n<meta property=\"og:type\" content=\"article\" \/>\n<meta property=\"og:title\" content=\"Rok 2009 - technik budownictwa - ZSP w Chojnie\" \/>\n<meta property=\"og:description\" content=\"Wychowawca mgr Agata Motyl Anders Rados\u0142awBaczy\u0144ski Pawe\u0142 PiotrD\u0105browicz Pawe\u0142Grzesik KamilHalczuk SzymonJaworski Pawe\u0142Kwatera IrenaMalka Dawid KrzysztofMarnysz Micha\u0142Niena\u0142towski Norbert RyszardOblicki DamianPrzygrodzi MarekSakowski Micha\u0142Karota KrzysztofSkowro\u0144ski Krzysztof\u015al\u0119zak Pawe\u0142Truszczy\u0144ski \u0141ukaszWokr\u00f3j B\u0142a\u017cejZaj\u0105c Patry\" \/>\n<meta property=\"og:url\" content=\"https:\/\/zsp1chojna.pl\/?page_id=11000\" \/>\n<meta property=\"og:site_name\" content=\"ZSP w Chojnie\" \/>\n<meta property=\"article:modified_time\" content=\"2024-10-28T09:08:06+00:00\" \/>\n<meta name=\"twitter:card\" content=\"summary_large_image\" \/>\n<meta name=\"twitter:label1\" content=\"Szacowany czas czytania\" \/>\n\t<meta name=\"twitter:data1\" content=\"1 minuta\" \/>\n<script type=\"application\/ld+json\" class=\"yoast-schema-graph\">{\"@context\":\"https:\/\/schema.org\",\"@graph\":[{\"@type\":\"WebPage\",\"@id\":\"https:\/\/zsp1chojna.pl\/?page_id=11000\",\"url\":\"https:\/\/zsp1chojna.pl\/?page_id=11000\",\"name\":\"Rok 2009 - technik budownictwa - ZSP w Chojnie\",\"isPartOf\":{\"@id\":\"https:\/\/zsp1chojna.pl\/#website\"},\"datePublished\":\"2024-10-28T09:08:05+00:00\",\"dateModified\":\"2024-10-28T09:08:06+00:00\",\"breadcrumb\":{\"@id\":\"https:\/\/zsp1chojna.pl\/?page_id=11000#breadcrumb\"},\"inLanguage\":\"pl-PL\",\"potentialAction\":[{\"@type\":\"ReadAction\",\"target\":[\"https:\/\/zsp1chojna.pl\/?page_id=11000\"]}]},{\"@type\":\"BreadcrumbList\",\"@id\":\"https:\/\/zsp1chojna.pl\/?page_id=11000#breadcrumb\",\"itemListElement\":[{\"@type\":\"ListItem\",\"position\":1,\"name\":\"Home\",\"item\":\"https:\/\/zsp1chojna.pl\/\"},{\"@type\":\"ListItem\",\"position\":2,\"name\":\"Rok 2009 &#8211; technik budownictwa\"}]},{\"@type\":\"WebSite\",\"@id\":\"https:\/\/zsp1chojna.pl\/#website\",\"url\":\"https:\/\/zsp1chojna.pl\/\",\"name\":\"ZSP w Chojnie\",\"description\":\"\",\"publisher\":{\"@id\":\"https:\/\/zsp1chojna.pl\/#organization\"},\"potentialAction\":[{\"@type\":\"SearchAction\",\"target\":{\"@type\":\"EntryPoint\",\"urlTemplate\":\"https:\/\/zsp1chojna.pl\/?s={search_term_string}\"},\"query-input\":\"required name=search_term_string\"}],\"inLanguage\":\"pl-PL\"},{\"@type\":\"Organization\",\"@id\":\"https:\/\/zsp1chojna.pl\/#organization\",\"name\":\"ZSP w Chojnie\",\"url\":\"https:\/\/zsp1chojna.pl\/\",\"logo\":{\"@type\":\"ImageObject\",\"inLanguage\":\"pl-PL\",\"@id\":\"https:\/\/zsp1chojna.pl\/#\/schema\/logo\/image\/\",\"url\":\"https:\/\/zsp1chojna.pl\/wp-content\/uploads\/2023\/08\/cropped-cropped-cropped-Logo-biale-napis-na-3-wiersze_504-1.png\",\"contentUrl\":\"https:\/\/zsp1chojna.pl\/wp-content\/uploads\/2023\/08\/cropped-cropped-cropped-Logo-biale-napis-na-3-wiersze_504-1.png\",\"width\":504,\"height\":167,\"caption\":\"ZSP w Chojnie\"},\"image\":{\"@id\":\"https:\/\/zsp1chojna.pl\/#\/schema\/logo\/image\/\"}}]}<\/script>\n<!-- \/ Yoast SEO plugin. -->","yoast_head_json":{"title":"Rok 2009 - technik budownictwa - ZSP w Chojnie","robots":{"index":"index","follow":"follow","max-snippet":"max-snippet:-1","max-image-preview":"max-image-preview:large","max-video-preview":"max-video-preview:-1"},"canonical":"https:\/\/zsp1chojna.pl\/?page_id=11000","og_locale":"pl_PL","og_type":"article","og_title":"Rok 2009 - technik budownictwa - ZSP w Chojnie","og_description":"Wychowawca mgr Agata Motyl Anders Rados\u0142awBaczy\u0144ski Pawe\u0142 PiotrD\u0105browicz Pawe\u0142Grzesik KamilHalczuk SzymonJaworski Pawe\u0142Kwatera IrenaMalka Dawid KrzysztofMarnysz Micha\u0142Niena\u0142towski Norbert RyszardOblicki DamianPrzygrodzi MarekSakowski Micha\u0142Karota KrzysztofSkowro\u0144ski Krzysztof\u015al\u0119zak Pawe\u0142Truszczy\u0144ski \u0141ukaszWokr\u00f3j B\u0142a\u017cejZaj\u0105c Patry","og_url":"https:\/\/zsp1chojna.pl\/?page_id=11000","og_site_name":"ZSP w Chojnie","article_modified_time":"2024-10-28T09:08:06+00:00","twitter_card":"summary_large_image","twitter_misc":{"Szacowany czas czytania":"1 minuta"},"schema":{"@context":"https:\/\/schema.org","@graph":[{"@type":"WebPage","@id":"https:\/\/zsp1chojna.pl\/?page_id=11000","url":"https:\/\/zsp1chojna.pl\/?page_id=11000","name":"Rok 2009 - technik budownictwa - ZSP w Chojnie","isPartOf":{"@id":"https:\/\/zsp1chojna.pl\/#website"},"datePublished":"2024-10-28T09:08:05+00:00","dateModified":"2024-10-28T09:08:06+00:00","breadcrumb":{"@id":"https:\/\/zsp1chojna.pl\/?page_id=11000#breadcrumb"},"inLanguage":"pl-PL","potentialAction":[{"@type":"ReadAction","target":["https:\/\/zsp1chojna.pl\/?page_id=11000"]}]},{"@type":"BreadcrumbList","@id":"https:\/\/zsp1chojna.pl\/?page_id=11000#breadcrumb","itemListElement":[{"@type":"ListItem","position":1,"name":"Home","item":"https:\/\/zsp1chojna.pl\/"},{"@type":"ListItem","position":2,"name":"Rok 2009 &#8211; technik budownictwa"}]},{"@type":"WebSite","@id":"https:\/\/zsp1chojna.pl\/#website","url":"https:\/\/zsp1chojna.pl\/","name":"ZSP w Chojnie","description":"","publisher":{"@id":"https:\/\/zsp1chojna.pl\/#organization"},"potentialAction":[{"@type":"SearchAction","target":{"@type":"EntryPoint","urlTemplate":"https:\/\/zsp1chojna.pl\/?s={search_term_string}"},"query-input":"required name=search_term_string"}],"inLanguage":"pl-PL"},{"@type":"Organization","@id":"https:\/\/zsp1chojna.pl\/#organization","name":"ZSP w Chojnie","url":"https:\/\/zsp1chojna.pl\/","logo":{"@type":"ImageObject","inLanguage":"pl-PL","@id":"https:\/\/zsp1chojna.pl\/#\/schema\/logo\/image\/","url":"https:\/\/zsp1chojna.pl\/wp-content\/uploads\/2023\/08\/cropped-cropped-cropped-Logo-biale-napis-na-3-wiersze_504-1.png","contentUrl":"https:\/\/zsp1chojna.pl\/wp-content\/uploads\/2023\/08\/cropped-cropped-cropped-Logo-biale-napis-na-3-wiersze_504-1.png","width":504,"height":167,"caption":"ZSP w Chojnie"},"image":{"@id":"https:\/\/zsp1chojna.pl\/#\/schema\/logo\/image\/"}}]}},"_links":{"self":[{"href":"https:\/\/zsp1chojna.pl\/index.php?rest_route=\/wp\/v2\/pages\/11000","targetHints":{"allow":["GET"]}}],"collection":[{"href":"https:\/\/zsp1chojna.pl\/index.php?rest_route=\/wp\/v2\/pages"}],"about":[{"href":"https:\/\/zsp1chojna.pl\/index.php?rest_route=\/wp\/v2\/types\/page"}],"author":[{"embeddable":true,"href":"https:\/\/zsp1chojna.pl\/index.php?rest_route=\/wp\/v2\/users\/10"}],"replies":[{"embeddable":true,"href":"https:\/\/zsp1chojna.pl\/index.php?rest_route=%2Fwp%2Fv2%2Fcomments&post=11000"}],"version-history":[{"count":1,"href":"https:\/\/zsp1chojna.pl\/index.php?rest_route=\/wp\/v2\/pages\/11000\/revisions"}],"predecessor-version":[{"id":11004,"href":"https:\/\/zsp1chojna.pl\/index.php?rest_route=\/wp\/v2\/pages\/11000\/revisions\/11004"}],"wp:attachment":[{"href":"https:\/\/zsp1chojna.pl\/index.php?rest_route=%2Fwp%2Fv2%2Fmedia&parent=11000"}],"curies":[{"name":"wp","href":"https:\/\/api.w.org\/{rel}","templated":true}]}}