{"id":10996,"date":"2024-10-28T10:07:59","date_gmt":"2024-10-28T09:07:59","guid":{"rendered":"https:\/\/zsp1chojna.pl\/?page_id=10996"},"modified":"2024-10-28T10:18:57","modified_gmt":"2024-10-28T09:18:57","slug":"2012-technik-hotelarstwa","status":"publish","type":"page","link":"https:\/\/zsp1chojna.pl\/?page_id=10996","title":{"rendered":"Rok 2012 &#8211; technik hotelarstwa"},"content":{"rendered":"\n<p><strong>Wychowawca mgr\u00a0in\u017c.\u00a0Izabela Barylska<\/strong><\/p>\n\n\n\n<p>Bia\u0142ek Ewelina<br>Bodek Karolina<br>Dudek Ma\u0142gorzata<br>Durasiewicz Ewa<br>Dziewi\u0144ska Magdalena<br>Dziewi\u0105tka Katarzyna<br>Ga\u0142adyk Marta<br>Jab\u0142o\u0144ska Sara<br>Janiak Katarzyna<br>Jaworska Marlena<br>Jaz Agnieszka<br>Jeremicz Aleksandra<br>Kowalczuk Dajana<br>KroczaK Milena<br>Mieszcza\u0144ska Kamila<br>Numryk Marzena<br>Olejarz Anna<br>Oma\u0144ska Joanna<br>Piorun Roksana<br>P\u0142otkowska Renata<br>Radecka Alicja<br>R\u0105czkowska Iwona<br>Tyrka Paulina<br>Werner Angelika<br>Wieczorek Paulina<br>Pi\u0105tkowska Katarzyna<\/p>\n","protected":false},"excerpt":{"rendered":"<p>Wychowawca mgr\u00a0in\u017c.\u00a0Izabela Barylska Bia\u0142ek EwelinaBodek KarolinaDudek Ma\u0142gorzataDurasiewicz EwaDziewi\u0144ska MagdalenaDziewi\u0105tka KatarzynaGa\u0142adyk MartaJab\u0142o\u0144ska SaraJaniak KatarzynaJaworska MarlenaJaz AgnieszkaJeremicz AleksandraKowalczuk DajanaKroczaK MilenaMieszcza\u0144ska KamilaNumryk MarzenaOlejarz AnnaOma\u0144ska JoannaPiorun RoksanaP\u0142otkowska RenataRadecka AlicjaR\u0105czkowska IwonaTyrka PaulinaWerner AngelikaWieczorek PaulinaPi\u0105tkowska Katarzyna<\/p>\n","protected":false},"author":8,"featured_media":0,"parent":0,"menu_order":0,"comment_status":"closed","ping_status":"closed","template":"","meta":{"footnotes":""},"class_list":["post-10996","page","type-page","status-publish","hentry"],"yoast_head":"<!-- This site is optimized with the Yoast SEO plugin v20.13 - https:\/\/yoast.com\/wordpress\/plugins\/seo\/ -->\n<title>Rok 2012 - technik hotelarstwa - ZSP w Chojnie<\/title>\n<meta name=\"robots\" content=\"index, follow, max-snippet:-1, max-image-preview:large, max-video-preview:-1\" \/>\n<link rel=\"canonical\" href=\"https:\/\/zsp1chojna.pl\/?page_id=10996\" \/>\n<meta property=\"og:locale\" content=\"pl_PL\" \/>\n<meta property=\"og:type\" content=\"article\" \/>\n<meta property=\"og:title\" content=\"Rok 2012 - technik hotelarstwa - ZSP w Chojnie\" \/>\n<meta property=\"og:description\" content=\"Wychowawca mgr\u00a0in\u017c.\u00a0Izabela Barylska Bia\u0142ek EwelinaBodek KarolinaDudek Ma\u0142gorzataDurasiewicz EwaDziewi\u0144ska MagdalenaDziewi\u0105tka KatarzynaGa\u0142adyk MartaJab\u0142o\u0144ska SaraJaniak KatarzynaJaworska MarlenaJaz AgnieszkaJeremicz AleksandraKowalczuk DajanaKroczaK MilenaMieszcza\u0144ska KamilaNumryk MarzenaOlejarz AnnaOma\u0144ska JoannaPiorun RoksanaP\u0142otkowska RenataRadecka AlicjaR\u0105czkowska IwonaTyrka PaulinaWerner AngelikaWieczorek PaulinaPi\u0105tkowska Katarzyna\" \/>\n<meta property=\"og:url\" content=\"https:\/\/zsp1chojna.pl\/?page_id=10996\" \/>\n<meta property=\"og:site_name\" content=\"ZSP w Chojnie\" \/>\n<meta property=\"article:modified_time\" content=\"2024-10-28T09:18:57+00:00\" \/>\n<meta name=\"twitter:card\" content=\"summary_large_image\" \/>\n<meta name=\"twitter:label1\" content=\"Szacowany czas czytania\" \/>\n\t<meta name=\"twitter:data1\" content=\"1 minuta\" \/>\n<script type=\"application\/ld+json\" class=\"yoast-schema-graph\">{\"@context\":\"https:\/\/schema.org\",\"@graph\":[{\"@type\":\"WebPage\",\"@id\":\"https:\/\/zsp1chojna.pl\/?page_id=10996\",\"url\":\"https:\/\/zsp1chojna.pl\/?page_id=10996\",\"name\":\"Rok 2012 - technik hotelarstwa - ZSP w Chojnie\",\"isPartOf\":{\"@id\":\"https:\/\/zsp1chojna.pl\/#website\"},\"datePublished\":\"2024-10-28T09:07:59+00:00\",\"dateModified\":\"2024-10-28T09:18:57+00:00\",\"breadcrumb\":{\"@id\":\"https:\/\/zsp1chojna.pl\/?page_id=10996#breadcrumb\"},\"inLanguage\":\"pl-PL\",\"potentialAction\":[{\"@type\":\"ReadAction\",\"target\":[\"https:\/\/zsp1chojna.pl\/?page_id=10996\"]}]},{\"@type\":\"BreadcrumbList\",\"@id\":\"https:\/\/zsp1chojna.pl\/?page_id=10996#breadcrumb\",\"itemListElement\":[{\"@type\":\"ListItem\",\"position\":1,\"name\":\"Home\",\"item\":\"https:\/\/zsp1chojna.pl\/\"},{\"@type\":\"ListItem\",\"position\":2,\"name\":\"Rok 2012 &#8211; technik hotelarstwa\"}]},{\"@type\":\"WebSite\",\"@id\":\"https:\/\/zsp1chojna.pl\/#website\",\"url\":\"https:\/\/zsp1chojna.pl\/\",\"name\":\"ZSP w Chojnie\",\"description\":\"\",\"publisher\":{\"@id\":\"https:\/\/zsp1chojna.pl\/#organization\"},\"potentialAction\":[{\"@type\":\"SearchAction\",\"target\":{\"@type\":\"EntryPoint\",\"urlTemplate\":\"https:\/\/zsp1chojna.pl\/?s={search_term_string}\"},\"query-input\":\"required name=search_term_string\"}],\"inLanguage\":\"pl-PL\"},{\"@type\":\"Organization\",\"@id\":\"https:\/\/zsp1chojna.pl\/#organization\",\"name\":\"ZSP w Chojnie\",\"url\":\"https:\/\/zsp1chojna.pl\/\",\"logo\":{\"@type\":\"ImageObject\",\"inLanguage\":\"pl-PL\",\"@id\":\"https:\/\/zsp1chojna.pl\/#\/schema\/logo\/image\/\",\"url\":\"https:\/\/zsp1chojna.pl\/wp-content\/uploads\/2023\/08\/cropped-cropped-cropped-Logo-biale-napis-na-3-wiersze_504-1.png\",\"contentUrl\":\"https:\/\/zsp1chojna.pl\/wp-content\/uploads\/2023\/08\/cropped-cropped-cropped-Logo-biale-napis-na-3-wiersze_504-1.png\",\"width\":504,\"height\":167,\"caption\":\"ZSP w Chojnie\"},\"image\":{\"@id\":\"https:\/\/zsp1chojna.pl\/#\/schema\/logo\/image\/\"}}]}<\/script>\n<!-- \/ Yoast SEO plugin. -->","yoast_head_json":{"title":"Rok 2012 - technik hotelarstwa - ZSP w Chojnie","robots":{"index":"index","follow":"follow","max-snippet":"max-snippet:-1","max-image-preview":"max-image-preview:large","max-video-preview":"max-video-preview:-1"},"canonical":"https:\/\/zsp1chojna.pl\/?page_id=10996","og_locale":"pl_PL","og_type":"article","og_title":"Rok 2012 - technik hotelarstwa - ZSP w Chojnie","og_description":"Wychowawca mgr\u00a0in\u017c.\u00a0Izabela Barylska Bia\u0142ek EwelinaBodek KarolinaDudek Ma\u0142gorzataDurasiewicz EwaDziewi\u0144ska MagdalenaDziewi\u0105tka KatarzynaGa\u0142adyk MartaJab\u0142o\u0144ska SaraJaniak KatarzynaJaworska MarlenaJaz AgnieszkaJeremicz AleksandraKowalczuk DajanaKroczaK MilenaMieszcza\u0144ska KamilaNumryk MarzenaOlejarz AnnaOma\u0144ska JoannaPiorun RoksanaP\u0142otkowska RenataRadecka AlicjaR\u0105czkowska IwonaTyrka PaulinaWerner AngelikaWieczorek PaulinaPi\u0105tkowska Katarzyna","og_url":"https:\/\/zsp1chojna.pl\/?page_id=10996","og_site_name":"ZSP w Chojnie","article_modified_time":"2024-10-28T09:18:57+00:00","twitter_card":"summary_large_image","twitter_misc":{"Szacowany czas czytania":"1 minuta"},"schema":{"@context":"https:\/\/schema.org","@graph":[{"@type":"WebPage","@id":"https:\/\/zsp1chojna.pl\/?page_id=10996","url":"https:\/\/zsp1chojna.pl\/?page_id=10996","name":"Rok 2012 - technik hotelarstwa - ZSP w Chojnie","isPartOf":{"@id":"https:\/\/zsp1chojna.pl\/#website"},"datePublished":"2024-10-28T09:07:59+00:00","dateModified":"2024-10-28T09:18:57+00:00","breadcrumb":{"@id":"https:\/\/zsp1chojna.pl\/?page_id=10996#breadcrumb"},"inLanguage":"pl-PL","potentialAction":[{"@type":"ReadAction","target":["https:\/\/zsp1chojna.pl\/?page_id=10996"]}]},{"@type":"BreadcrumbList","@id":"https:\/\/zsp1chojna.pl\/?page_id=10996#breadcrumb","itemListElement":[{"@type":"ListItem","position":1,"name":"Home","item":"https:\/\/zsp1chojna.pl\/"},{"@type":"ListItem","position":2,"name":"Rok 2012 &#8211; technik hotelarstwa"}]},{"@type":"WebSite","@id":"https:\/\/zsp1chojna.pl\/#website","url":"https:\/\/zsp1chojna.pl\/","name":"ZSP w Chojnie","description":"","publisher":{"@id":"https:\/\/zsp1chojna.pl\/#organization"},"potentialAction":[{"@type":"SearchAction","target":{"@type":"EntryPoint","urlTemplate":"https:\/\/zsp1chojna.pl\/?s={search_term_string}"},"query-input":"required name=search_term_string"}],"inLanguage":"pl-PL"},{"@type":"Organization","@id":"https:\/\/zsp1chojna.pl\/#organization","name":"ZSP w Chojnie","url":"https:\/\/zsp1chojna.pl\/","logo":{"@type":"ImageObject","inLanguage":"pl-PL","@id":"https:\/\/zsp1chojna.pl\/#\/schema\/logo\/image\/","url":"https:\/\/zsp1chojna.pl\/wp-content\/uploads\/2023\/08\/cropped-cropped-cropped-Logo-biale-napis-na-3-wiersze_504-1.png","contentUrl":"https:\/\/zsp1chojna.pl\/wp-content\/uploads\/2023\/08\/cropped-cropped-cropped-Logo-biale-napis-na-3-wiersze_504-1.png","width":504,"height":167,"caption":"ZSP w Chojnie"},"image":{"@id":"https:\/\/zsp1chojna.pl\/#\/schema\/logo\/image\/"}}]}},"_links":{"self":[{"href":"https:\/\/zsp1chojna.pl\/index.php?rest_route=\/wp\/v2\/pages\/10996","targetHints":{"allow":["GET"]}}],"collection":[{"href":"https:\/\/zsp1chojna.pl\/index.php?rest_route=\/wp\/v2\/pages"}],"about":[{"href":"https:\/\/zsp1chojna.pl\/index.php?rest_route=\/wp\/v2\/types\/page"}],"author":[{"embeddable":true,"href":"https:\/\/zsp1chojna.pl\/index.php?rest_route=\/wp\/v2\/users\/8"}],"replies":[{"embeddable":true,"href":"https:\/\/zsp1chojna.pl\/index.php?rest_route=%2Fwp%2Fv2%2Fcomments&post=10996"}],"version-history":[{"count":2,"href":"https:\/\/zsp1chojna.pl\/index.php?rest_route=\/wp\/v2\/pages\/10996\/revisions"}],"predecessor-version":[{"id":11047,"href":"https:\/\/zsp1chojna.pl\/index.php?rest_route=\/wp\/v2\/pages\/10996\/revisions\/11047"}],"wp:attachment":[{"href":"https:\/\/zsp1chojna.pl\/index.php?rest_route=%2Fwp%2Fv2%2Fmedia&parent=10996"}],"curies":[{"name":"wp","href":"https:\/\/api.w.org\/{rel}","templated":true}]}}